{"id":12,"date":"2024-09-29T03:47:11","date_gmt":"2024-09-29T03:47:11","guid":{"rendered":"https:\/\/cncrush.com\/?page_id=12"},"modified":"2024-12-20T13:30:54","modified_gmt":"2024-12-20T13:30:54","slug":"o-nas","status":"publish","type":"page","link":"https:\/\/cncrush.com\/cs\/o-nas\/","title":{"rendered":"O n\u00e1s"},"content":{"rendered":"<section class=\"section\" id=\"section_1647184831\">\n\t\t<div class=\"section-bg fill\" >\n\t\t\t\t\t\t\t\t\t\n\t\t\t\n\n\t\t<\/div>\n\n\t\t\n\n\t\t<div class=\"section-content relative\">\n\t\t\t\n<div class=\"row align-center\"  id=\"row-89110930\">\n\n\t<div id=\"col-54830594\" class=\"col medium-11 small-12 large-10\"  >\n\t\t\t\t<div class=\"col-inner\"  >\n\t\t\t\n\t\t\t\n<div class=\"row row-large align-middle\"  id=\"row-208841340\">\n\n\t<div id=\"col-1841852348\" class=\"col medium-4 small-12 large-6\"  >\n\t\t\t\t<div class=\"col-inner\"  >\n\t\t\t\n\t\t\t\n\n  <div class=\"banner has-hover\" id=\"banner-953098719\">\n          <div class=\"banner-inner fill\">\n        <div class=\"banner-bg fill\" >\n            <img loading=\"lazy\" decoding=\"async\" width=\"1020\" height=\"876\" src=\"https:\/\/cncrush.com\/wp-content\/uploads\/2024\/12\/Machines-1-1024x879.jpg\" class=\"bg attachment-large size-large\" alt=\"\" title=\"\">                                    \n                    <\/div>\n\t\t\n        <div class=\"banner-layers container\">\n            <div class=\"fill banner-link\"><\/div>            \n   <div id=\"text-box-1953075419\" class=\"text-box banner-layer x50 md-x50 lg-x50 y50 md-y50 lg-y50 res-text\">\n                                <div class=\"text-box-content text dark\">\n              \n              <div class=\"text-inner text-center\">\n                  \n              <\/div>\n           <\/div>\n                            \n<style>\n#text-box-1953075419 {\n  width: 60%;\n}\n#text-box-1953075419 .text-box-content {\n  font-size: 100%;\n}\n@media (min-width:550px) {\n  #text-box-1953075419 {\n    width: 60%;\n  }\n}\n<\/style>\n    <\/div>\n \n        <\/div>\n      <\/div>\n\n            \n<style>\n#banner-953098719 {\n  padding-top: 300px;\n}\n@media (min-width:550px) {\n  #banner-953098719 {\n    padding-top: 79.66%;\n  }\n}\n<\/style>\n  <\/div>\n\n\n\t\t<\/div>\n\t\t\t\t\t<\/div>\n\n\t\n\n\t<div id=\"col-729271704\" class=\"col medium-8 small-12 large-6\"  >\n\t\t\t\t<div class=\"col-inner\"  >\n\t\t\t\n\t\t\t\n<h3>Na\u0161e skromn\u00e9 \u200b\u200bza\u010d\u00e1tky <\/h3>\n<p>V roce 2012 Mike, n\u00e1\u0161 zakladatel, za\u010dal s pouh\u00fdmi dv\u011bma CNC stroji a viz\u00ed dod\u00e1vat p\u0159esnost a kvalitu. Tehdy jsme se zab\u00fdvali v\u00fdhradn\u011b dom\u00e1c\u00edm trhem a vyr\u00e1b\u011bli zak\u00e1zkov\u00e9 d\u00edly pro \u0161irokou \u0161k\u00e1lu pr\u016fmyslov\u00fdch odv\u011btv\u00ed. Od mal\u00fdch d\u00edlen a\u017e po velk\u00e9 tov\u00e1rny si Mikeovo odhodl\u00e1n\u00ed a praktick\u00fd p\u0159\u00edstup vybudovaly reputaci spolehlivosti a dokonalosti a polo\u017eily z\u00e1klady toho, \u010d\u00edm dnes jsme.<\/p>\n\t\t<\/div>\n\t\t\t\t\t<\/div>\n\n\t\n<\/div>\n<div class=\"row row-large align-middle\"  id=\"row-1814704012\">\n\n\t<div id=\"col-1446414756\" class=\"col medium-8 small-12 large-6\"  >\n\t\t\t\t<div class=\"col-inner\"  >\n\t\t\t\n\t\t\t\n<h3>Roz\u0161\u00ed\u0159en\u00ed obzor\u016f<\/h3>\n<p>S rostouc\u00ed popt\u00e1vkou rostly i na\u0161e ambice. Do roku 2015 jsme roz\u0161\u00ed\u0159ili na\u0161e p\u016fsoben\u00ed o klienty v Evrop\u011b, Spojen\u00fdch st\u00e1tech a Austr\u00e1lii. B\u011bhem toho jsme zdokonalili na\u0161e odborn\u00e9 znalosti a za\u010dali se zam\u011b\u0159ovat na kl\u00ed\u010dov\u00e1 odv\u011btv\u00ed, jako jsou automobilov\u00e9 sou\u010d\u00e1stky, l\u00e9ka\u0159sk\u00e1 za\u0159\u00edzen\u00ed, elektronick\u00e9 sou\u010d\u00e1stky a automatiza\u010dn\u00ed za\u0159\u00edzen\u00ed. Tyto specializovan\u00e9 sektory se staly z\u00e1kladn\u00edm kamenem na\u0161eho r\u016fstu a inovac\u00ed.<\/p>\n\t\t<\/div>\n\t\t\t\t\t<\/div>\n\n\t\n\n\t<div id=\"col-302049400\" class=\"col medium-4 small-12 large-6 medium-col-first\"  >\n\t\t\t\t<div class=\"col-inner\"  >\n\t\t\t\n\t\t\t\n\n  <div class=\"banner has-hover\" id=\"banner-326361794\">\n          <div class=\"banner-inner fill\">\n        <div class=\"banner-bg fill\" >\n            <img loading=\"lazy\" decoding=\"async\" width=\"507\" height=\"494\" src=\"https:\/\/cncrush.com\/wp-content\/uploads\/2024\/12\/About-us-2.png\" class=\"bg attachment-large size-large\" alt=\"\" title=\"\">                                    \n                    <\/div>\n\t\t\n        <div class=\"banner-layers container\">\n            <div class=\"fill banner-link\"><\/div>            \n   <div id=\"text-box-1256764983\" class=\"text-box banner-layer x50 md-x50 lg-x50 y50 md-y50 lg-y50 res-text\">\n                                <div class=\"text-box-content text dark\">\n              \n              <div class=\"text-inner text-center\">\n                  \n              <\/div>\n           <\/div>\n                            \n<style>\n#text-box-1256764983 {\n  width: 60%;\n}\n#text-box-1256764983 .text-box-content {\n  font-size: 100%;\n}\n@media (min-width:550px) {\n  #text-box-1256764983 {\n    width: 60%;\n  }\n}\n<\/style>\n    <\/div>\n \n        <\/div>\n      <\/div>\n\n            \n<style>\n#banner-326361794 {\n  padding-top: 300px;\n}\n@media (min-width:550px) {\n  #banner-326361794 {\n    padding-top: 61.03%;\n  }\n}\n<\/style>\n  <\/div>\n\n\n\t\t<\/div>\n\t\t\t\t\t<\/div>\n\n\t\n<\/div>\n<div class=\"row row-large align-middle\"  id=\"row-639267760\">\n\n\t<div id=\"col-1917800370\" class=\"col medium-4 small-12 large-6\"  >\n\t\t\t\t<div class=\"col-inner\"  >\n\t\t\t\n\t\t\t\n\n  <div class=\"banner has-hover\" id=\"banner-469929824\">\n          <div class=\"banner-inner fill\">\n        <div class=\"banner-bg fill\" >\n            <img loading=\"lazy\" decoding=\"async\" width=\"1020\" height=\"680\" src=\"https:\/\/cncrush.com\/wp-content\/uploads\/2024\/12\/Machines-2-1024x683.jpg\" class=\"bg attachment-large size-large\" alt=\"cnc milling\" title=\"\">                                    \n                    <\/div>\n\t\t\n        <div class=\"banner-layers container\">\n            <div class=\"fill banner-link\"><\/div>            \n   <div id=\"text-box-1156878142\" class=\"text-box banner-layer x50 md-x50 lg-x50 y50 md-y50 lg-y50 res-text\">\n                                <div class=\"text-box-content text dark\">\n              \n              <div class=\"text-inner text-center\">\n                  \n              <\/div>\n           <\/div>\n                            \n<style>\n#text-box-1156878142 {\n  width: 60%;\n}\n#text-box-1156878142 .text-box-content {\n  font-size: 100%;\n}\n@media (min-width:550px) {\n  #text-box-1156878142 {\n    width: 60%;\n  }\n}\n<\/style>\n    <\/div>\n \n        <\/div>\n      <\/div>\n\n            \n<style>\n#banner-469929824 {\n  padding-top: 300px;\n}\n@media (min-width:550px) {\n  #banner-469929824 {\n    padding-top: 70.63%;\n  }\n}\n<\/style>\n  <\/div>\n\n\n\t\t<\/div>\n\t\t\t\t\t<\/div>\n\n\t\n\n\t<div id=\"col-1719740597\" class=\"col medium-8 small-12 large-6\"  >\n\t\t\t\t<div class=\"col-inner\"  >\n\t\t\t\n\t\t\t\n<h3>Prosperuj\u00edc\u00ed t\u00fdm s glob\u00e1ln\u00ed viz\u00ed<\/h3>\n<p>N\u00e1\u0161 t\u00fdm rostl vedle na\u0161eho podnik\u00e1n\u00ed. Od 8 kvalifikovan\u00fdch profesion\u00e1l\u016f v roce 2018 k v\u00edce ne\u017e 20 talentovan\u00fdm jednotlivc\u016fm v roce 2024 jsme u\u0161li dlouhou cestu. Ka\u017ed\u00fd \u010dlen na\u0161eho t\u00fdmu sd\u00edl\u00ed z\u00e1vazek k preciznosti, kvalit\u011b a spokojenosti klienta. Dnes hrd\u011b dod\u00e1v\u00e1me slu\u017eby CNC obr\u00e1b\u011bn\u00ed sv\u011btov\u00e9 t\u0159\u00eddy na glob\u00e1ln\u00ed trhy, kter\u00e9 jsou podpo\u0159eny v\u00edce ne\u017e desetilet\u00fdmi zku\u0161enostmi a v\u00e1\u0161n\u00ed pro neust\u00e1l\u00e9 zlep\u0161ov\u00e1n\u00ed.<\/p>\n\t\t<\/div>\n\t\t\t\t\t<\/div>\n\n\t\n<\/div>\n<div class=\"row align-center\"  id=\"row-1710219691\">\n\n\t<div id=\"col-414717796\" class=\"col medium-9 small-10 large-12\"  >\n\t\t\t\t<div class=\"col-inner text-center\"  >\n\t\t\t\n\t\t\t\n\t<div id=\"text-2147864984\" class=\"text\">\n\t\t\n<p>V CNCRUSH jsme se zav\u00e1zali <strong>kvalita, p\u0159esnost a inovace<\/strong>. A\u0165 u\u017e pot\u0159ebujete mal\u00e9 s\u00e9rie prototyp\u016f nebo velk\u00e9 v\u00fdrobn\u00ed d\u00e1vky, jsme va\u0161\u00edm d\u016fv\u011bryhodn\u00fdm partnerem pro CNC obr\u00e1b\u011bn\u00ed, kter\u00fd zaji\u0161\u0165uje dokonalost v ka\u017ed\u00e9 f\u00e1zi v\u00fdroby.<\/p>\n<p>Zveme v\u00e1s ke spolupr\u00e1ci s CNCRUSH, kde <strong>p\u0159esnost se snoub\u00ed se spolehlivost\u00ed<\/strong>. Poj\u010fme spole\u010dn\u011b postavit n\u011bco mimo\u0159\u00e1dn\u00e9ho.<br \/>\n\t\t\n<style>\n#text-2147864984 {\n  text-align: left;\n}\n<\/style>\n\t<\/div>\n\t\n<a href=\"https:\/\/cncrush.com\/cs\/poslat-dotaz\/\" class=\"button secondary\"  style=\"border-radius:4px;\">\n\t\t<span>Odeslat dotaz<\/span>\n\t<\/a>\n\n\t\t<\/div>\n\t\t\t\t\n<style>\n#col-414717796 > .col-inner {\n  margin: 20px 0px 20px 0px;\n}\n<\/style>\n\t<\/div>\n\n\t\n<\/div>\n\t\t<\/div>\n\t\t\t\t\t<\/div>\n\n\t\n<\/div>\n\t\t<\/div>\n\n\t\t\n<style>\n#section_1647184831 {\n  padding-top: 80px;\n  padding-bottom: 80px;\n  background-color: rgb(244, 244, 244);\n}\n<\/style>\n\t<\/section>","protected":false},"excerpt":{"rendered":"","protected":false},"author":1,"featured_media":103,"parent":0,"menu_order":0,"comment_status":"closed","ping_status":"closed","template":"page-blank.php","meta":{"footnotes":""},"class_list":["post-12","page","type-page","status-publish","has-post-thumbnail","hentry"],"_links":{"self":[{"href":"https:\/\/cncrush.com\/cs\/wp-json\/wp\/v2\/pages\/12","targetHints":{"allow":["GET"]}}],"collection":[{"href":"https:\/\/cncrush.com\/cs\/wp-json\/wp\/v2\/pages"}],"about":[{"href":"https:\/\/cncrush.com\/cs\/wp-json\/wp\/v2\/types\/page"}],"author":[{"embeddable":true,"href":"https:\/\/cncrush.com\/cs\/wp-json\/wp\/v2\/users\/1"}],"replies":[{"embeddable":true,"href":"https:\/\/cncrush.com\/cs\/wp-json\/wp\/v2\/comments?post=12"}],"version-history":[{"count":0,"href":"https:\/\/cncrush.com\/cs\/wp-json\/wp\/v2\/pages\/12\/revisions"}],"wp:featuredmedia":[{"embeddable":true,"href":"https:\/\/cncrush.com\/cs\/wp-json\/wp\/v2\/media\/103"}],"wp:attachment":[{"href":"https:\/\/cncrush.com\/cs\/wp-json\/wp\/v2\/media?parent=12"}],"curies":[{"name":"wp","href":"https:\/\/api.w.org\/{rel}","templated":true}]}}