{"id":21,"date":"2024-09-29T03:49:06","date_gmt":"2024-09-29T03:49:06","guid":{"rendered":"https:\/\/cncrush.com\/?page_id=21"},"modified":"2024-12-20T12:05:30","modified_gmt":"2024-12-20T12:05:30","slug":"cnc-soustruzene-dily","status":"publish","type":"page","link":"https:\/\/cncrush.com\/cs\/cnc-soustruzene-dily\/","title":{"rendered":"CNC soustru\u017een\u00e9 d\u00edly"},"content":{"rendered":"<section class=\"section dark\" id=\"section_1223152455\">\n\t\t<div class=\"section-bg fill\" >\n\t\t\t<img loading=\"lazy\" decoding=\"async\" width=\"800\" height=\"400\" src=\"https:\/\/cncrush.com\/wp-content\/uploads\/2024\/11\/1-2.webp\" class=\"bg attachment- size-\" alt=\"CNC fr\u00e9zov\u00e1n\u00ed\" title=\"\">\t\t\t\t\t\t<div class=\"section-bg-overlay absolute fill\"><\/div><button class=\"scroll-for-more z-5 icon absolute bottom h-center\" aria-label=\"P\u0159ejd\u011bte dol\u016f pro v\u00edce informac\u00ed\"><i class=\"icon-angle-down\" style=\"font-size:42px;\" ><\/i><\/button>\n\t\t\t\n\n\t\t<\/div>\n\n\t\t\n\n\t\t<div class=\"section-content relative\">\n\t\t\t\n<div class=\"row align-center\"  id=\"row-227973770\">\n\n\t<div id=\"col-435323087\" class=\"col medium-10 small-12 large-10\"  >\n\t\t\t\t<div class=\"col-inner text-center\"  >\n\t\t\t\n\t\t\t\n\t<div id=\"text-2299888381\" class=\"text\">\n\t\t\n<h1>CNC soustru\u017een\u00e9 d\u00edly<\/h1>\n\t\t\n<style>\n#text-2299888381 {\n  font-size: 1.35rem;\n}\n@media (min-width:550px) {\n  #text-2299888381 {\n    font-size: 2rem;\n  }\n}\n<\/style>\n\t<\/div>\n\t\n<div class=\"row\"  id=\"row-339902611\">\n\n\t<div id=\"col-91847152\" class=\"col medium-10 small-12 large-10\"  >\n\t\t\t\t<div class=\"col-inner\"  >\n\t\t\t\n\t\t\t\n<p>N\u00e1\u0161 proces CNC soustru\u017een\u00ed vyr\u00e1b\u00ed zak\u00e1zkov\u00e9 prototypy a kone\u010dn\u00e9 v\u00fdrobn\u00ed d\u00edly ji\u017e za 1 den. Pou\u017e\u00edv\u00e1me CNC soustruh s \u017eiv\u00fdmi n\u00e1stroji, tak\u017ee lze obr\u00e1b\u011bt prvky jako axi\u00e1ln\u00ed a radi\u00e1ln\u00ed otvory, plo\u0161ky, dr\u00e1\u017eky a dr\u00e1\u017eky.<\/p>\n\t\t<\/div>\n\t\t\t\t\t<\/div>\n\n\t\n<\/div>\n\t\t<\/div>\n\t\t\t\t\t<\/div>\n\n\t\n<\/div>\n\t\t<\/div>\n\n\t\t\n<style>\n#section_1223152455 {\n  padding-top: 30px;\n  padding-bottom: 30px;\n  min-height: 100px;\n}\n#section_1223152455 .section-bg-overlay {\n  background-color: rgba(0, 0, 0, 0.384);\n}\n#section_1223152455 .section-bg img {\n  object-position: 53% 58%;\n}\n@media (min-width:550px) {\n  #section_1223152455 {\n    min-height: 200px;\n  }\n}\n<\/style>\n\t<\/section>\n\t\n\n\t<section class=\"section\" id=\"section_283906219\">\n\t\t<div class=\"section-bg fill\" >\n\t\t\t\t\t\t\t\t\t\n\t\t\t\n\n\t\t<\/div>\n\n\t\t\n\n\t\t<div class=\"section-content relative\">\n\t\t\t\n<div class=\"row align-equal row-box-shadow-2-hover\"  id=\"row-485481779\">\n\n\t<div id=\"col-957154369\" class=\"col medium-6 small-12 large-4\"  data-animate=\"bounceInUp\">\n\t\t\t\t<div class=\"col-inner\"  >\n\t\t\t\n\t\t\t\n\n\t<a class=\"plain\" href=\"#\" >\t<div class=\"icon-box featured-box icon-box-center text-center\"  >\n\t\t\t\t<div class=\"icon-box-text last-reset\">\n\t\t\t\t\t\t\t\t\t\n<h3>Automobilov\u00e1 kladka<\/h3>\n\t<div class=\"img has-hover x md-x lg-x y md-y lg-y\" id=\"image_1014498346\">\n\t\t\t\t\t\t\t\t<div class=\"img-inner dark\" >\n\t\t\t<img loading=\"lazy\" decoding=\"async\" width=\"1020\" height=\"829\" src=\"https:\/\/cncrush.com\/wp-content\/uploads\/2024\/12\/234c1419f76b724ab7490d7d935cb0f-1024x832.jpg\" class=\"attachment-large size-large\" alt=\"\" srcset=\"https:\/\/cncrush.com\/wp-content\/uploads\/2024\/12\/234c1419f76b724ab7490d7d935cb0f-1024x832.jpg 1024w, https:\/\/cncrush.com\/wp-content\/uploads\/2024\/12\/234c1419f76b724ab7490d7d935cb0f-300x244.jpg 300w, https:\/\/cncrush.com\/wp-content\/uploads\/2024\/12\/234c1419f76b724ab7490d7d935cb0f-768x624.jpg 768w, https:\/\/cncrush.com\/wp-content\/uploads\/2024\/12\/234c1419f76b724ab7490d7d935cb0f-1536x1248.jpg 1536w, https:\/\/cncrush.com\/wp-content\/uploads\/2024\/12\/234c1419f76b724ab7490d7d935cb0f-2048x1665.jpg 2048w, https:\/\/cncrush.com\/wp-content\/uploads\/2024\/12\/234c1419f76b724ab7490d7d935cb0f-15x12.jpg 15w\" sizes=\"auto, (max-width: 1020px) 100vw, 1020px\" title=\"\">\t\t\t\t\t\t\n\t\t\t\t\t<\/div>\n\t\t\t\t\t\t\t\t\n<style>\n#image_1014498346 {\n  width: 100%;\n}\n<\/style>\n\t<\/div>\n\t\n\t\t<\/div>\n\t<\/div>\n\t<\/a>\n\t\n\t\t<\/div>\n\t\t\t\t\t<\/div>\n\n\t\n\n\t<div id=\"col-499161653\" class=\"col medium-6 small-12 large-4\"  data-animate=\"bounceInUp\">\n\t\t\t\t<div class=\"col-inner\"  >\n\t\t\t\n\t\t\t\n\n\t<a class=\"plain\" href=\"#\" >\t<div class=\"icon-box featured-box icon-box-center text-center\"  >\n\t\t\t\t<div class=\"icon-box-text last-reset\">\n\t\t\t\t\t\t\t\t\t\n<h3>N\u00e1pravy a h\u0159\u00eddele<\/h3>\n\t<div class=\"img has-hover x md-x lg-x y md-y lg-y\" id=\"image_875211705\">\n\t\t\t\t\t\t\t\t<div class=\"img-inner dark\" >\n\t\t\t<img loading=\"lazy\" decoding=\"async\" width=\"1020\" height=\"588\" src=\"https:\/\/cncrush.com\/wp-content\/uploads\/2024\/12\/Nickel-Plating.jpg\" class=\"attachment-large size-large\" alt=\"\" srcset=\"https:\/\/cncrush.com\/wp-content\/uploads\/2024\/12\/Nickel-Plating.jpg 1024w, https:\/\/cncrush.com\/wp-content\/uploads\/2024\/12\/Nickel-Plating-300x173.jpg 300w, https:\/\/cncrush.com\/wp-content\/uploads\/2024\/12\/Nickel-Plating-768x443.jpg 768w, https:\/\/cncrush.com\/wp-content\/uploads\/2024\/12\/Nickel-Plating-18x10.jpg 18w\" sizes=\"auto, (max-width: 1020px) 100vw, 1020px\" title=\"\">\t\t\t\t\t\t\n\t\t\t\t\t<\/div>\n\t\t\t\t\t\t\t\t\n<style>\n#image_875211705 {\n  width: 100%;\n}\n<\/style>\n\t<\/div>\n\t\n\t\t<\/div>\n\t<\/div>\n\t<\/a>\n\t\n\t\t<\/div>\n\t\t\t\t\t<\/div>\n\n\t\n\n\t<div id=\"col-973082339\" class=\"col medium-6 small-12 large-4\"  data-animate=\"bounceInUp\">\n\t\t\t\t<div class=\"col-inner\"  >\n\t\t\t\n\t\t\t\n\n\t<a class=\"plain\" href=\"#\" >\t<div class=\"icon-box featured-box icon-box-center text-center\"  >\n\t\t\t\t<div class=\"icon-box-text last-reset\">\n\t\t\t\t\t\t\t\t\t\n<h3>\u0160rouby a spojovac\u00ed prvky<\/h3>\n\t<div class=\"img has-hover x md-x lg-x y md-y lg-y\" id=\"image_1202987073\">\n\t\t\t\t\t\t\t\t<div class=\"img-inner dark\" >\n\t\t\t<img loading=\"lazy\" decoding=\"async\" width=\"1020\" height=\"741\" src=\"https:\/\/cncrush.com\/wp-content\/uploads\/2024\/12\/1-1024x744.jpg\" class=\"attachment-large size-large\" alt=\"\" srcset=\"https:\/\/cncrush.com\/wp-content\/uploads\/2024\/12\/1-1024x744.jpg 1024w, https:\/\/cncrush.com\/wp-content\/uploads\/2024\/12\/1-300x218.jpg 300w, https:\/\/cncrush.com\/wp-content\/uploads\/2024\/12\/1-768x558.jpg 768w, https:\/\/cncrush.com\/wp-content\/uploads\/2024\/12\/1-1536x1116.jpg 1536w, https:\/\/cncrush.com\/wp-content\/uploads\/2024\/12\/1-2048x1488.jpg 2048w, https:\/\/cncrush.com\/wp-content\/uploads\/2024\/12\/1-18x12.jpg 18w\" sizes=\"auto, (max-width: 1020px) 100vw, 1020px\" title=\"\">\t\t\t\t\t\t\n\t\t\t\t\t<\/div>\n\t\t\t\t\t\t\t\t\n<style>\n#image_1202987073 {\n  width: 100%;\n}\n<\/style>\n\t<\/div>\n\t\n\t\t<\/div>\n\t<\/div>\n\t<\/a>\n\t\n\t\t<\/div>\n\t\t\t\t\t<\/div>\n\n\t\n\n\t<div id=\"col-1051271735\" class=\"col medium-6 small-12 large-4\"  data-animate=\"bounceInUp\">\n\t\t\t\t<div class=\"col-inner\"  >\n\t\t\t\n\t\t\t\n\n\t<a class=\"plain\" href=\"#\" >\t<div class=\"icon-box featured-box icon-box-center text-center\"  >\n\t\t\t\t<div class=\"icon-box-text last-reset\">\n\t\t\t\t\t\t\t\t\t\n<h3>Pouzdra<\/h3>\n\t<div class=\"img has-hover x md-x lg-x y md-y lg-y\" id=\"image_2065259001\">\n\t\t\t\t\t\t\t\t<div class=\"img-inner dark\" >\n\t\t\t<img loading=\"lazy\" decoding=\"async\" width=\"1020\" height=\"709\" src=\"https:\/\/cncrush.com\/wp-content\/uploads\/2024\/12\/4482ae9563252855b301506e337d83d-1024x712.jpg\" class=\"attachment-large size-large\" alt=\"CNC obr\u00e1b\u011bn\u00e9 d\u00edly\" srcset=\"https:\/\/cncrush.com\/wp-content\/uploads\/2024\/12\/4482ae9563252855b301506e337d83d-1024x712.jpg 1024w, https:\/\/cncrush.com\/wp-content\/uploads\/2024\/12\/4482ae9563252855b301506e337d83d-300x209.jpg 300w, https:\/\/cncrush.com\/wp-content\/uploads\/2024\/12\/4482ae9563252855b301506e337d83d-768x534.jpg 768w, https:\/\/cncrush.com\/wp-content\/uploads\/2024\/12\/4482ae9563252855b301506e337d83d-1536x1068.jpg 1536w, https:\/\/cncrush.com\/wp-content\/uploads\/2024\/12\/4482ae9563252855b301506e337d83d-2048x1424.jpg 2048w, https:\/\/cncrush.com\/wp-content\/uploads\/2024\/12\/4482ae9563252855b301506e337d83d-18x12.jpg 18w\" sizes=\"auto, (max-width: 1020px) 100vw, 1020px\" title=\"\">\t\t\t\t\t\t\n\t\t\t\t\t<\/div>\n\t\t\t\t\t\t\t\t\n<style>\n#image_2065259001 {\n  width: 100%;\n}\n<\/style>\n\t<\/div>\n\t\n\t\t<\/div>\n\t<\/div>\n\t<\/a>\n\t\n\t\t<\/div>\n\t\t\t\t\t<\/div>\n\n\t\n\n\t<div id=\"col-107190414\" class=\"col medium-6 small-12 large-4\"  data-animate=\"bounceInUp\">\n\t\t\t\t<div class=\"col-inner\"  >\n\t\t\t\n\t\t\t\n\n\t<a class=\"plain\" href=\"#\" >\t<div class=\"icon-box featured-box icon-box-center text-center\"  >\n\t\t\t\t<div class=\"icon-box-text last-reset\">\n\t\t\t\t\t\t\t\t\t\n<h3>\u0160rouby a matice<\/h3>\n\t<div class=\"img has-hover x md-x lg-x y md-y lg-y\" id=\"image_1795818187\">\n\t\t\t\t\t\t\t\t<div class=\"img-inner dark\" >\n\t\t\t<img loading=\"lazy\" decoding=\"async\" width=\"1020\" height=\"780\" src=\"https:\/\/cncrush.com\/wp-content\/uploads\/2024\/12\/CNC-Turning-Bolts-e1734696175378.png\" class=\"attachment-large size-large\" alt=\"\" srcset=\"https:\/\/cncrush.com\/wp-content\/uploads\/2024\/12\/CNC-Turning-Bolts-e1734696175378.png 1024w, https:\/\/cncrush.com\/wp-content\/uploads\/2024\/12\/CNC-Turning-Bolts-e1734696175378-300x229.png 300w, https:\/\/cncrush.com\/wp-content\/uploads\/2024\/12\/CNC-Turning-Bolts-e1734696175378-768x587.png 768w, https:\/\/cncrush.com\/wp-content\/uploads\/2024\/12\/CNC-Turning-Bolts-e1734696175378-16x12.png 16w\" sizes=\"auto, (max-width: 1020px) 100vw, 1020px\" title=\"\">\t\t\t\t\t\t\n\t\t\t\t\t<\/div>\n\t\t\t\t\t\t\t\t\n<style>\n#image_1795818187 {\n  width: 100%;\n}\n<\/style>\n\t<\/div>\n\t\n\t\t<\/div>\n\t<\/div>\n\t<\/a>\n\t\n\t\t<\/div>\n\t\t\t\t\t<\/div>\n\n\t\n\n\t<div id=\"col-1712202330\" class=\"col medium-6 small-12 large-4\"  data-animate=\"bounceInUp\">\n\t\t\t\t<div class=\"col-inner\"  >\n\t\t\t\n\t\t\t\n\n\t<a class=\"plain\" href=\"#\" >\t<div class=\"icon-box featured-box icon-box-center text-center\"  >\n\t\t\t\t<div class=\"icon-box-text last-reset\">\n\t\t\t\t\t\t\t\t\t\n<h3>Ruk\u00e1vy<\/h3>\n\t<div class=\"img has-hover x md-x lg-x y md-y lg-y\" id=\"image_1514077041\">\n\t\t\t\t\t\t\t\t<div class=\"img-inner dark\" >\n\t\t\t<img loading=\"lazy\" decoding=\"async\" width=\"1020\" height=\"710\" src=\"https:\/\/cncrush.com\/wp-content\/uploads\/2024\/12\/RS-Borning-Bar-Reduction-Sleeves-1600x1600-1-e1734696235319-1024x713.webp\" class=\"attachment-large size-large\" alt=\"\" srcset=\"https:\/\/cncrush.com\/wp-content\/uploads\/2024\/12\/RS-Borning-Bar-Reduction-Sleeves-1600x1600-1-e1734696235319-1024x713.webp 1024w, https:\/\/cncrush.com\/wp-content\/uploads\/2024\/12\/RS-Borning-Bar-Reduction-Sleeves-1600x1600-1-e1734696235319-300x209.webp 300w, https:\/\/cncrush.com\/wp-content\/uploads\/2024\/12\/RS-Borning-Bar-Reduction-Sleeves-1600x1600-1-e1734696235319-768x535.webp 768w, https:\/\/cncrush.com\/wp-content\/uploads\/2024\/12\/RS-Borning-Bar-Reduction-Sleeves-1600x1600-1-e1734696235319-18x12.webp 18w, https:\/\/cncrush.com\/wp-content\/uploads\/2024\/12\/RS-Borning-Bar-Reduction-Sleeves-1600x1600-1-e1734696235319.webp 1200w\" sizes=\"auto, (max-width: 1020px) 100vw, 1020px\" title=\"\">\t\t\t\t\t\t\n\t\t\t\t\t<\/div>\n\t\t\t\t\t\t\t\t\n<style>\n#image_1514077041 {\n  width: 100%;\n}\n<\/style>\n\t<\/div>\n\t\n\t\t<\/div>\n\t<\/div>\n\t<\/a>\n\t\n\t\t<\/div>\n\t\t\t\t\t<\/div>\n\n\t\n\n<style>\n#row-485481779 > .col > .col-inner {\n  padding: 40px 40px 40px 40px;\n  background-color: rgb(255,255,255);\n  border-radius: 20px;\n}\n<\/style>\n<\/div>\n\t\t<\/div>\n\n\t\t\n<style>\n#section_283906219 {\n  padding-top: 60px;\n  padding-bottom: 60px;\n  background-color: rgb(250, 250, 250);\n}\n<\/style>\n\t<\/section>\n\t\n<div class=\"row align-middle\"  id=\"row-299751889\">\n\n\t<div id=\"col-303186134\" class=\"col medium-6 small-12 large-6\"  >\n\t\t\t\t<div class=\"col-inner\"  >\n\t\t\t\n\t\t\t\n\t<div id=\"text-2303747994\" class=\"text\">\n\t\t\n<h3><strong>Nulov\u00e1 m\u00edra odm\u00edtnut\u00ed s robustn\u00edm statistick\u00fdm \u0159\u00edzen\u00edm procesu<\/strong><\/h3>\n<p>Ve spole\u010dnosti CNCRUSH vyu\u017e\u00edv\u00e1me robustn\u00ed statistick\u00e9 \u0159\u00edzen\u00ed procesu k zaji\u0161t\u011bn\u00ed nulov\u00fdch zmetk\u016f p\u0159i v\u00fdrob\u011b CNC soustru\u017een\u00fdch d\u00edl\u016f. N\u00e1\u0161 z\u00e1vazek k p\u0159esnosti a kvalit\u011b je j\u00e1drem na\u0161eho v\u00fdrobn\u00edho procesu.<\/p>\n<h3><strong>Pe\u010dliv\u00fd v\u00fdb\u011br obr\u00e1b\u011bc\u00edch stroj\u016f a kontrola produkt\u016f<\/strong><\/h3>\n<p>Zauj\u00edm\u00e1me profesion\u00e1ln\u00ed p\u0159\u00edstup pe\u010dliv\u00fdm v\u00fdb\u011brem optim\u00e1ln\u00edch obr\u00e1b\u011bc\u00edch stroj\u016f, \u0159ezn\u00fdch n\u00e1stroj\u016f a parametr\u016f obr\u00e1b\u011bn\u00ed. N\u00e1\u0161 komplexn\u00ed pl\u00e1n kontroly v\u00fdrobk\u016f je pln\u011b integrov\u00e1n s pokro\u010dil\u00fdmi m\u011b\u0159ic\u00edmi syst\u00e9my, co\u017e zaji\u0161\u0165uje konzistentn\u00ed p\u0159esnost a \u0161pi\u010dkovou kvalitu v ka\u017ed\u00e9 v\u00fdrobn\u00ed s\u00e9rii.<\/p>\n\t\t\n<style>\n#text-2303747994 {\n  font-size: 1rem;\n  color: rgb(0,0,0);\n}\n#text-2303747994 > * {\n  color: rgb(0,0,0);\n}\n<\/style>\n\t<\/div>\n\t\n\t\t<\/div>\n\t\t\t\t\t<\/div>\n\n\t\n\n\t<div id=\"col-495273519\" class=\"col medium-6 small-12 large-6\"  >\n\t\t\t\t<div class=\"col-inner\"  >\n\t\t\t\n\t\t\t\n\t<div class=\"img has-hover x md-x lg-x y md-y lg-y\" id=\"image_657335020\">\n\t\t\t\t\t\t\t\t<div class=\"img-inner dark\" >\n\t\t\t<img loading=\"lazy\" decoding=\"async\" width=\"1020\" height=\"574\" src=\"https:\/\/cncrush.com\/wp-content\/uploads\/2024\/11\/4-8-1024x576.jpg\" class=\"attachment-large size-large\" alt=\"V\u00fdroba kovov\u00fdch d\u00edl\u016f\" srcset=\"https:\/\/cncrush.com\/wp-content\/uploads\/2024\/11\/4-8-1024x576.jpg 1024w, https:\/\/cncrush.com\/wp-content\/uploads\/2024\/11\/4-8-300x169.jpg 300w, https:\/\/cncrush.com\/wp-content\/uploads\/2024\/11\/4-8-768x432.jpg 768w, https:\/\/cncrush.com\/wp-content\/uploads\/2024\/11\/4-8-18x10.jpg 18w, https:\/\/cncrush.com\/wp-content\/uploads\/2024\/11\/4-8.jpg 1200w\" sizes=\"auto, (max-width: 1020px) 100vw, 1020px\" title=\"\">\t\t\t\t\t\t\n\t\t\t\t\t<\/div>\n\t\t\t\t\t\t\t\t\n<style>\n#image_657335020 {\n  width: 100%;\n}\n<\/style>\n\t<\/div>\n\t\n\t\t<\/div>\n\t\t\t\t\t<\/div>\n\n\t\n<\/div>\n\n\t<section class=\"section\" id=\"section_1887738986\">\n\t\t<div class=\"section-bg fill\" >\n\t\t\t\t\t\t\t\t\t\n\t\t\t\n\n\t\t<\/div>\n\n\t\t\n\n\t\t<div class=\"section-content relative\">\n\t\t\t\n<div class=\"container section-title-container\" ><h3 class=\"section-title section-title-center\"><b><\/b><span class=\"section-title-main\" style=\"color:rgb(0, 0, 0);\">\u010casto kladen\u00e9 ot\u00e1zky (FAQ)<\/span><b><\/b><\/h3><\/div>\n<div class=\"row row-collapse\"  id=\"row-1052936291\">\n\n\t<div id=\"col-561812546\" class=\"col small-12 large-12\"  >\n\t\t\t\t<div class=\"col-inner\"  >\n\t\t\t\n\t\t\t\n<h3 class=\"accordion_title\">Slu\u017eby pro CNC soustru\u017een\u00e9 d\u00edly<\/h3><div class=\"accordion\">\n\t<div id=\"accordion-1316827736\" class=\"accordion-item\">\n\t\t<a id=\"accordion-1316827736-label\" class=\"accordion-title plain\" href=\"#accordion-item-what-accuracy\/tolerance-can-you-guarantee-for-turned-parts?\" aria-expanded=\"false\" aria-controls=\"accordion-1316827736-content\" >\n\t\t\t<button class=\"toggle\" aria-label=\"Zapnout\"><i class=\"icon-angle-down\"><\/i><\/button>\n\t\t\t<span>Jakou p\u0159esnost\/toleranci m\u016f\u017eete zaru\u010dit u soustru\u017een\u00fdch d\u00edl\u016f?<\/span>\n\t\t<\/a>\n\t\t<div id=\"accordion-1316827736-content\" class=\"accordion-inner\" aria-labelledby=\"accordion-1316827736-label\" >\n\t\t\t\n<p>U soustru\u017enick\u00fdch slu\u017eeb garantujeme p\u0159esnost 0,005 mm. T\u00e9to p\u0159esnosti je dosa\u017eeno neust\u00e1l\u00fdmi investicemi do nejnov\u011bj\u0161\u00edch CNC stroj\u016f (nap\u0159. DMG, Okuma, Tsugami) a vysoce kvalitn\u00edch \u0159ezn\u00fdch n\u00e1stroj\u016f.<\/p>\n\t\t<\/div>\n\t<\/div>\n\t\n\t<div id=\"accordion-1878748980\" class=\"accordion-item\">\n\t\t<a id=\"accordion-1878748980-label\" class=\"accordion-title plain\" href=\"#accordion-item-can-you-combine-turning-and-milling-for-parts?\" aria-expanded=\"false\" aria-controls=\"accordion-1878748980-content\" >\n\t\t\t<button class=\"toggle\" aria-label=\"Zapnout\"><i class=\"icon-angle-down\"><\/i><\/button>\n\t\t\t<span>Um\u00edte kombinovat soustru\u017een\u00ed a fr\u00e9zov\u00e1n\u00ed d\u00edl\u016f?<\/span>\n\t\t<\/a>\n\t\t<div id=\"accordion-1878748980-content\" class=\"accordion-inner\" aria-labelledby=\"accordion-1878748980-label\" >\n\t\t\t\n<p>Ano, m\u00e1me v\u00edce ne\u017e 80 CNC stroj\u016f, v\u010detn\u011b:<\/p>\n<p>10 automatick\u00fdch soustruh\u016f s funkc\u00ed fr\u00e9zov\u00e1n\u00ed<br \/>\n8 CNC soustruh\u016f \u0161v\u00fdcarsk\u00e9ho typu s funkc\u00ed fr\u00e9zov\u00e1n\u00ed<br \/>\n4 CNC soustruhy s funkc\u00ed fr\u00e9zov\u00e1n\u00ed<br \/>\nTo n\u00e1m umo\u017e\u0148uje efektivn\u011b soustru\u017eit a fr\u00e9zovat v jedn\u00e9 operaci.<\/p>\n\t\t<\/div>\n\t<\/div>\n\t\n\t<div id=\"accordion-3381002464\" class=\"accordion-item\">\n\t\t<a id=\"accordion-3381002464-label\" class=\"accordion-title plain\" href=\"#accordion-item-what-kind-of-cnc-machines-do-you-use?\" aria-expanded=\"false\" aria-controls=\"accordion-3381002464-content\" >\n\t\t\t<button class=\"toggle\" aria-label=\"Zapnout\"><i class=\"icon-angle-down\"><\/i><\/button>\n\t\t\t<span>Jak\u00e9 CNC stroje pou\u017e\u00edv\u00e1te?<\/span>\n\t\t<\/a>\n\t\t<div id=\"accordion-3381002464-content\" class=\"accordion-inner\" aria-labelledby=\"accordion-3381002464-label\" >\n\t\t\t\n<p>Pou\u017e\u00edv\u00e1me \u0161pi\u010dkov\u00e9 stroje zna\u010dek jako Okuma, DMG, Doosan, Tsugami. Na\u0161e automatick\u00e9 soustruhy \u0161v\u00fdcarsk\u00e9ho typu s fr\u00e9zovac\u00edmi funkcemi nab\u00edzej\u00ed vysokou p\u0159esnost, d\u00edky \u010demu\u017e jsou ide\u00e1ln\u00ed pro v\u00fdrobu slo\u017eit\u00fdch d\u00edl\u016f. \u00dapln\u00fd seznam stroj\u016f si m\u016f\u017eete st\u00e1hnout na na\u0161em webu.<\/p>\n\t\t<\/div>\n\t<\/div>\n\t\n\t<div id=\"accordion-2323613397\" class=\"accordion-item\">\n\t\t<a id=\"accordion-2323613397-label\" class=\"accordion-title plain\" href=\"#accordion-item-how-do-you-prepare-materials-before-turning?\" aria-expanded=\"false\" aria-controls=\"accordion-2323613397-content\" >\n\t\t\t<button class=\"toggle\" aria-label=\"Zapnout\"><i class=\"icon-angle-down\"><\/i><\/button>\n\t\t\t<span>Jak p\u0159ipravujete materi\u00e1ly p\u0159ed soustru\u017een\u00edm?<\/span>\n\t\t<\/a>\n\t\t<div id=\"accordion-2323613397-content\" class=\"accordion-inner\" aria-labelledby=\"accordion-2323613397-label\" >\n\t\t\t\n<p>N\u00e1\u0161 z\u00e1vod je vybaven 3 pln\u011b automatick\u00fdmi p\u00e1sov\u00fdmi pilami, schopn\u00fdmi \u0159ezat materi\u00e1l od fi 5 mm do fi 300 mm. Nab\u00edz\u00edme tak\u00e9 \u0159ez\u00e1n\u00ed ty\u010d\u00ed v bal\u00ed\u010dc\u00edch pro efektivn\u00ed zpracov\u00e1n\u00ed velk\u00fdch zak\u00e1zek.<\/p>\n\t\t<\/div>\n\t<\/div>\n\t\n\t<div id=\"accordion-2182354931\" class=\"accordion-item\">\n\t\t<a id=\"accordion-2182354931-label\" class=\"accordion-title plain\" href=\"#accordion-item-what-factors-influence-the-cost-of-cnc-turned-parts?\" aria-expanded=\"false\" aria-controls=\"accordion-2182354931-content\" >\n\t\t\t<button class=\"toggle\" aria-label=\"Zapnout\"><i class=\"icon-angle-down\"><\/i><\/button>\n\t\t\t<span>Jak\u00e9 faktory ovliv\u0148uj\u00ed cenu CNC soustru\u017een\u00fdch d\u00edl\u016f?<\/span>\n\t\t<\/a>\n\t\t<div id=\"accordion-2182354931-content\" class=\"accordion-inner\" aria-labelledby=\"accordion-2182354931-label\" >\n\t\t\t\n<p>Cenu ovliv\u0148uje n\u011bkolik faktor\u016f, v\u010detn\u011b:<\/p>\n<p>Slo\u017eitost d\u00edlu<br \/>\nN\u00e1klady na n\u00e1stroje<br \/>\nVelikost d\u00e1vky<br \/>\nTolerance a kvalita povrchu<br \/>\nDal\u0161\u00ed slu\u017eby, jako je eloxov\u00e1n\u00ed, kalen\u00ed nebo laserov\u00e9 zna\u010den\u00ed, mohou zv\u00fd\u0161it celkov\u00e9 n\u00e1klady.<\/p>\n\t\t<\/div>\n\t<\/div>\n\t\n\t<div id=\"accordion-1595701983\" class=\"accordion-item\">\n\t\t<a id=\"accordion-1595701983-label\" class=\"accordion-title plain\" href=\"#accordion-item-what-affects-productivity-in-cnc-turning-services?\" aria-expanded=\"false\" aria-controls=\"accordion-1595701983-content\" >\n\t\t\t<button class=\"toggle\" aria-label=\"Zapnout\"><i class=\"icon-angle-down\"><\/i><\/button>\n\t\t\t<span>Co ovliv\u0148uje produktivitu slu\u017eeb CNC soustru\u017een\u00ed?<\/span>\n\t\t<\/a>\n\t\t<div id=\"accordion-1595701983-content\" class=\"accordion-inner\" aria-labelledby=\"accordion-1595701983-label\" >\n\t\t\t\n<p>Produktivita z\u00e1vis\u00ed na \u00fa\u010dinnosti stroje, kvalit\u011b \u0159ezn\u00fdch n\u00e1stroj\u016f a rychl\u00e9m programov\u00e1n\u00ed \u0159ezn\u00fdch operac\u00ed. V CNCRUSh pou\u017e\u00edv\u00e1me automatick\u00e9 nakl\u00e1dac\u00ed\/vykl\u00e1dac\u00ed syst\u00e9my a pokro\u010dil\u00fd CNC software pro maximalizaci efektivity. Dob\u0159e organizovan\u00e9 pracovn\u00ed prostory a zku\u0161en\u00fd person\u00e1l tak\u00e9 hraj\u00ed z\u00e1sadn\u00ed roli p\u0159i optimalizaci v\u00fdroby.<\/p>\n\t\t<\/div>\n\t<\/div>\n\t\n<\/div>\n\t\t<\/div>\n\t\t\t\t\t<\/div>\n\n\t\n<\/div>\n\t\t<\/div>\n\n\t\t\n<style>\n#section_1887738986 {\n  padding-top: 10px;\n  padding-bottom: 10px;\n}\n<\/style>\n\t<\/section>\n\t\n<div class=\"row row-collapse row-full-width\"  id=\"row-475885108\">\n\n\t<div id=\"col-1883672140\" class=\"col small-12 large-12\"  >\n\t\t\t\t<div class=\"col-inner text-center dark\"  >\n\t\t\t\n\t\t\t\n\n  <div class=\"banner has-hover\" id=\"banner-363230196\">\n          <div class=\"banner-inner fill\">\n        <div class=\"banner-bg fill\" >\n            <img loading=\"lazy\" decoding=\"async\" width=\"1020\" height=\"421\" src=\"https:\/\/cncrush.com\/wp-content\/uploads\/2024\/09\/milled-stainless-steel-background-1024x423.webp\" class=\"bg attachment-large size-large\" alt=\"\" title=\"\">                        <div class=\"overlay\"><\/div>            \n                    <\/div>\n\t\t\n        <div class=\"banner-layers container\">\n            <div class=\"fill banner-link\"><\/div>            \n   <div id=\"text-box-1759468902\" class=\"text-box banner-layer x50 md-x50 lg-x50 y50 md-y50 lg-y50 res-text\">\n                                <div class=\"text-box-content text dark\">\n              \n              <div class=\"text-inner text-center\">\n                  \n\t<div id=\"text-2505830886\" class=\"text\">\n\t\t\n<h3 class=\"uppercase\">M\u00e1te z\u00e1jem? Z\u00edskejte bezplatnou cenovou nab\u00eddku na CNC soustru\u017een\u00e9 d\u00edly je\u0161t\u011b dnes!<\/h3>\n<\/p>\n\t\t\n<style>\n#text-2505830886 {\n  font-size: 0.75rem;\n}\n<\/style>\n\t<\/div>\n\t\n<a href=\"https:\/\/cncrush.com\/cs\/poslat-dotaz\/\" class=\"button alert\"  >\n\t\t<span>Po\u0161lete sv\u016fj dotaz<\/span>\n\t<\/a>\n\n              <\/div>\n           <\/div>\n                            \n<style>\n#text-box-1759468902 {\n  width: 100%;\n}\n#text-box-1759468902 .text-box-content {\n  font-size: 100%;\n}\n@media (min-width:550px) {\n  #text-box-1759468902 {\n    width: 98%;\n  }\n}\n<\/style>\n    <\/div>\n \n        <\/div>\n      <\/div>\n\n            \n<style>\n#banner-363230196 {\n  padding-top: 99.99%;\n}\n#banner-363230196 .overlay {\n  background-color: rgba(0, 0, 0, 0.17);\n}\n#banner-363230196 .banner-bg img {\n  object-position: 47% 60%;\n}\n@media (min-width:550px) {\n  #banner-363230196 {\n    padding-top: 136px;\n  }\n}\n<\/style>\n  <\/div>\n\n\n\t\t<\/div>\n\t\t\t\t\t<\/div>\n\n\t\n<\/div>","protected":false},"excerpt":{"rendered":"","protected":false},"author":1,"featured_media":0,"parent":0,"menu_order":0,"comment_status":"closed","ping_status":"closed","template":"page-blank.php","meta":{"footnotes":""},"class_list":["post-21","page","type-page","status-publish","hentry"],"_links":{"self":[{"href":"https:\/\/cncrush.com\/cs\/wp-json\/wp\/v2\/pages\/21","targetHints":{"allow":["GET"]}}],"collection":[{"href":"https:\/\/cncrush.com\/cs\/wp-json\/wp\/v2\/pages"}],"about":[{"href":"https:\/\/cncrush.com\/cs\/wp-json\/wp\/v2\/types\/page"}],"author":[{"embeddable":true,"href":"https:\/\/cncrush.com\/cs\/wp-json\/wp\/v2\/users\/1"}],"replies":[{"embeddable":true,"href":"https:\/\/cncrush.com\/cs\/wp-json\/wp\/v2\/comments?post=21"}],"version-history":[{"count":0,"href":"https:\/\/cncrush.com\/cs\/wp-json\/wp\/v2\/pages\/21\/revisions"}],"wp:attachment":[{"href":"https:\/\/cncrush.com\/cs\/wp-json\/wp\/v2\/media?parent=21"}],"curies":[{"name":"wp","href":"https:\/\/api.w.org\/{rel}","templated":true}]}}