{"id":23,"date":"2024-09-29T03:49:11","date_gmt":"2024-09-29T03:49:11","guid":{"rendered":"https:\/\/cncrush.com\/?page_id=23"},"modified":"2024-12-20T07:45:35","modified_gmt":"2024-12-20T07:45:35","slug":"doplnkove-sluzby","status":"publish","type":"page","link":"https:\/\/cncrush.com\/cs\/doplnkove-sluzby\/","title":{"rendered":"Dopl\u0148kov\u00e9 slu\u017eby"},"content":{"rendered":"<div class=\"container section-title-container\" ><h3 class=\"section-title section-title-normal\"><b><\/b><span class=\"section-title-main\" style=\"font-size:133%;\">Dopl\u0148kov\u00e9 slu\u017eby<\/span><b><\/b><\/h3><\/div>\n\n\t<section class=\"section\" id=\"section_1486534531\">\n\t\t<div class=\"section-bg fill\" >\n\t\t\t\t\t\t\t\t\t\n\t\t\t\n\n\t\t<\/div>\n\n\t\t\n\n\t\t<div class=\"section-content relative\">\n\t\t\t\n<div class=\"row row-collapse\"  id=\"row-1204442191\">\n\n\t<div id=\"col-1978037141\" class=\"col medium-5 small-12 large-5\"  >\n\t\t\t\t<div class=\"col-inner\"  >\n\t\t\t\n\t\t\t\n<div class=\"row\"  id=\"row-37190510\">\n\n\t<div id=\"col-942729271\" class=\"col medium-9 small-12 large-9\"  >\n\t\t\t\t<div class=\"col-inner\"  >\n\t\t\t\n\t\t\t\n\t<div id=\"text-4008386818\" class=\"text\">\n\t\t\n<h3>Technick\u00e1 podpora<\/h3>\n<p>Nab\u00edz\u00edme komplexn\u00ed technickou podporu pro optimalizaci va\u0161ich v\u00fdrobn\u00edch proces\u016f. Na\u0161e odborn\u00e9 znalosti zahrnuj\u00ed hodnocen\u00ed vyrobitelnosti d\u00edl\u016f, doporu\u010dov\u00e1n\u00ed materi\u00e1lov\u00fdch a procesn\u00edch vylep\u0161en\u00ed a poskytov\u00e1n\u00ed konstruk\u010dn\u00edch \u00faprav pro zv\u00fd\u0161en\u00ed efektivity a sn\u00ed\u017een\u00ed n\u00e1klad\u016f.\u00a0<\/p>\n\t\t\n<style>\n#text-4008386818 {\n  text-align: left;\n}\n<\/style>\n\t<\/div>\n\t\n\t<div class=\"img has-hover x md-x lg-x y md-y lg-y\" id=\"image_656275265\">\n\t\t\t\t\t\t\t\t<div class=\"img-inner dark\" >\n\t\t\t<img loading=\"lazy\" decoding=\"async\" width=\"1020\" height=\"536\" src=\"https:\/\/cncrush.com\/wp-content\/uploads\/2024\/12\/technical-support-1024x538.png\" class=\"attachment-large size-large\" alt=\"\" srcset=\"https:\/\/cncrush.com\/wp-content\/uploads\/2024\/12\/technical-support-1024x538.png 1024w, https:\/\/cncrush.com\/wp-content\/uploads\/2024\/12\/technical-support-300x158.png 300w, https:\/\/cncrush.com\/wp-content\/uploads\/2024\/12\/technical-support-768x403.png 768w, https:\/\/cncrush.com\/wp-content\/uploads\/2024\/12\/technical-support-18x9.png 18w, https:\/\/cncrush.com\/wp-content\/uploads\/2024\/12\/technical-support.png 1200w\" sizes=\"auto, (max-width: 1020px) 100vw, 1020px\" title=\"\">\t\t\t\t\t\t\n\t\t\t\t\t<\/div>\n\t\t\t\t\t\t\t\t\n<style>\n#image_656275265 {\n  width: 100%;\n}\n<\/style>\n\t<\/div>\n\t\n\t\t<\/div>\n\t\t\t\t\t<\/div>\n\n\t\n\n\t<div id=\"col-1764109715\" class=\"col medium-9 small-12 large-9\"  >\n\t\t\t\t<div class=\"col-inner\"  >\n\t\t\t\n\t\t\t\n<h3>Shrom\u00e1\u017ed\u011bn\u00ed<\/h3>\n<p>Na\u0161im z\u00e1kazn\u00edk\u016fm nab\u00edz\u00edme komplexn\u00ed v\u00fdrobu podsestav s n\u00e1slednou mont\u00e1\u017e\u00ed za \u00fa\u010dasti zku\u0161en\u00e9ho person\u00e1lu<\/p>\n\t\t<\/div>\n\t\t\t\t\t<\/div>\n\n\t\n\n\t<div id=\"col-78905072\" class=\"col medium-7 small-12 large-7\"  >\n\t\t\t\t<div class=\"col-inner\"  >\n\t\t\t\n\t\t\t\n\t<div class=\"img has-hover x md-x lg-x y md-y lg-y\" id=\"image_641026552\">\n\t\t\t\t\t\t\t\t<div class=\"img-inner dark\" >\n\t\t\t<img loading=\"lazy\" decoding=\"async\" width=\"1020\" height=\"765\" src=\"https:\/\/cncrush.com\/wp-content\/uploads\/2024\/12\/Assembly-1024x768.jpg\" class=\"attachment-large size-large\" alt=\"\" srcset=\"https:\/\/cncrush.com\/wp-content\/uploads\/2024\/12\/Assembly-1024x768.jpg 1024w, https:\/\/cncrush.com\/wp-content\/uploads\/2024\/12\/Assembly-300x225.jpg 300w, https:\/\/cncrush.com\/wp-content\/uploads\/2024\/12\/Assembly-768x576.jpg 768w, https:\/\/cncrush.com\/wp-content\/uploads\/2024\/12\/Assembly-16x12.jpg 16w, https:\/\/cncrush.com\/wp-content\/uploads\/2024\/12\/Assembly.jpg 1440w\" sizes=\"auto, (max-width: 1020px) 100vw, 1020px\" title=\"\">\t\t\t\t\t\t\n\t\t\t\t\t<\/div>\n\t\t\t\t\t\t\t\t\n<style>\n#image_641026552 {\n  width: 100%;\n}\n<\/style>\n\t<\/div>\n\t\n\t\t<\/div>\n\t\t\t\t\t<\/div>\n\n\t\n<\/div>\n\t\t<\/div>\n\t\t\t\t\t<\/div>\n\n\t\n\n\t<div id=\"col-388819586\" class=\"col medium-6 small-12 large-6\"  >\n\t\t\t\t<div class=\"col-inner\"  >\n\t\t\t\n\t\t\t\n<div class=\"row\"  id=\"row-1060460784\">\n\n\t<div id=\"col-1609870793\" class=\"col medium-7 small-12 large-7\"  >\n\t\t\t\t<div class=\"col-inner\"  >\n\t\t\t\n\t\t\t\n<h3>Myt\u00ed<\/h3>\n<p>Vlastn\u00edme n\u011bkolik ultrazvukov\u00fdch my\u010dek, d\u00edky kter\u00fdm jsme schopni zajistit, \u017ee n\u00e1mi vyroben\u00e9 d\u00edly jsou \u010dist\u00e9, bez ot\u0159ep\u016f, hoblin nebo zbytk\u016f oleje.<\/p>\n\t<div class=\"img has-hover x md-x lg-x y md-y lg-y\" id=\"image_1938612095\">\n\t\t\t\t\t\t\t\t<div class=\"img-inner dark\" >\n\t\t\t<img loading=\"lazy\" decoding=\"async\" width=\"538\" height=\"306\" src=\"https:\/\/cncrush.com\/wp-content\/uploads\/2024\/12\/ultrasonics.png\" class=\"attachment-large size-large\" alt=\"\" srcset=\"https:\/\/cncrush.com\/wp-content\/uploads\/2024\/12\/ultrasonics.png 538w, https:\/\/cncrush.com\/wp-content\/uploads\/2024\/12\/ultrasonics-300x171.png 300w, https:\/\/cncrush.com\/wp-content\/uploads\/2024\/12\/ultrasonics-18x10.png 18w\" sizes=\"auto, (max-width: 538px) 100vw, 538px\" title=\"\">\t\t\t\t\t\t\n\t\t\t\t\t<\/div>\n\t\t\t\t\t\t\t\t\n<style>\n#image_1938612095 {\n  width: 100%;\n}\n<\/style>\n\t<\/div>\n\t\n\t\t<\/div>\n\t\t\t\t\t<\/div>\n\n\t\n\n\t<div id=\"col-1853747370\" class=\"col medium-8 small-12 large-8\"  >\n\t\t\t\t<div class=\"col-inner\"  >\n\t\t\t\n\t\t\t\n<h3>Mo\u017enosti dopravy<\/h3>\n<p>Poskytujeme r\u016fzn\u00e9 mo\u017enosti p\u0159epravy, jako je DHL, FedEx, UPS, n\u00e1mo\u0159n\u00ed p\u0159eprava, \u017eelezni\u010dn\u00ed p\u0159eprava a dal\u0161\u00ed.<\/p>\n\t<div class=\"img has-hover x md-x lg-x y md-y lg-y\" id=\"image_1601740107\">\n\t\t\t\t\t\t\t\t<div class=\"img-inner dark\" >\n\t\t\t<img loading=\"lazy\" decoding=\"async\" width=\"833\" height=\"468\" src=\"https:\/\/cncrush.com\/wp-content\/uploads\/2024\/12\/fedex-ups-dhl-usps.jpg\" class=\"attachment-large size-large\" alt=\"\" srcset=\"https:\/\/cncrush.com\/wp-content\/uploads\/2024\/12\/fedex-ups-dhl-usps.jpg 833w, https:\/\/cncrush.com\/wp-content\/uploads\/2024\/12\/fedex-ups-dhl-usps-300x169.jpg 300w, https:\/\/cncrush.com\/wp-content\/uploads\/2024\/12\/fedex-ups-dhl-usps-768x431.jpg 768w, https:\/\/cncrush.com\/wp-content\/uploads\/2024\/12\/fedex-ups-dhl-usps-18x10.jpg 18w\" sizes=\"auto, (max-width: 833px) 100vw, 833px\" title=\"\">\t\t\t\t\t\t\n\t\t\t\t\t<\/div>\n\t\t\t\t\t\t\t\t\n<style>\n#image_1601740107 {\n  width: 100%;\n}\n<\/style>\n\t<\/div>\n\t\n\t\t<\/div>\n\t\t\t\t\t<\/div>\n\n\t\n<\/div>\n\t\t<\/div>\n\t\t\t\t\t<\/div>\n\n\t\n<\/div>\n\t\t<\/div>\n\n\t\t\n<style>\n#section_1486534531 {\n  padding-top: 0px;\n  padding-bottom: 0px;\n}\n@media (min-width:550px) {\n  #section_1486534531 {\n    padding-top: 10px;\n    padding-bottom: 10px;\n  }\n}\n<\/style>\n\t<\/section>","protected":false},"excerpt":{"rendered":"","protected":false},"author":1,"featured_media":0,"parent":0,"menu_order":0,"comment_status":"closed","ping_status":"closed","template":"page-blank.php","meta":{"footnotes":""},"class_list":["post-23","page","type-page","status-publish","hentry"],"_links":{"self":[{"href":"https:\/\/cncrush.com\/cs\/wp-json\/wp\/v2\/pages\/23","targetHints":{"allow":["GET"]}}],"collection":[{"href":"https:\/\/cncrush.com\/cs\/wp-json\/wp\/v2\/pages"}],"about":[{"href":"https:\/\/cncrush.com\/cs\/wp-json\/wp\/v2\/types\/page"}],"author":[{"embeddable":true,"href":"https:\/\/cncrush.com\/cs\/wp-json\/wp\/v2\/users\/1"}],"replies":[{"embeddable":true,"href":"https:\/\/cncrush.com\/cs\/wp-json\/wp\/v2\/comments?post=23"}],"version-history":[{"count":0,"href":"https:\/\/cncrush.com\/cs\/wp-json\/wp\/v2\/pages\/23\/revisions"}],"wp:attachment":[{"href":"https:\/\/cncrush.com\/cs\/wp-json\/wp\/v2\/media?parent=23"}],"curies":[{"name":"wp","href":"https:\/\/api.w.org\/{rel}","templated":true}]}}