{"id":25,"date":"2024-09-29T03:49:21","date_gmt":"2024-09-29T03:49:21","guid":{"rendered":"https:\/\/cncrush.com\/?page_id=25"},"modified":"2025-06-04T05:03:07","modified_gmt":"2025-06-04T05:03:07","slug":"eloxovani-dilu","status":"publish","type":"page","link":"https:\/\/cncrush.com\/cs\/eloxovani-dilu\/","title":{"rendered":"Eloxov\u00e1n\u00ed d\u00edl\u016f"},"content":{"rendered":"<section class=\"section\" id=\"section_539569430\">\n\t\t<div class=\"section-bg fill\" >\n\t\t\t\t\t\t\t\t\t\n\t\t\t\n\n\t\t<\/div>\n\n\t\t\n\n\t\t<div class=\"section-content relative\">\n\t\t\t\n<div class=\"row align-equal row-box-shadow-2-hover\"  id=\"row-427647753\">\n\n\t<div id=\"col-443327856\" class=\"col medium-6 small-12 large-4\"  data-animate=\"bounceInUp\">\n\t\t\t\t<div class=\"col-inner\"  >\n\t\t\t\n\t\t\t\n\t<div class=\"box has-hover   has-hover box-text-bottom\" >\n\n\t\t<div class=\"box-image\" >\n\t\t\t\t\t\t<div class=\"\" >\n\t\t\t\t<img loading=\"lazy\" decoding=\"async\" width=\"2560\" height=\"2081\" src=\"https:\/\/cncrush.com\/wp-content\/uploads\/2024\/12\/234c1419f76b724ab7490d7d935cb0f-scaled.jpg\" class=\"attachment- size-\" alt=\"\" srcset=\"https:\/\/cncrush.com\/wp-content\/uploads\/2024\/12\/234c1419f76b724ab7490d7d935cb0f-scaled.jpg 2560w, https:\/\/cncrush.com\/wp-content\/uploads\/2024\/12\/234c1419f76b724ab7490d7d935cb0f-300x244.jpg 300w, https:\/\/cncrush.com\/wp-content\/uploads\/2024\/12\/234c1419f76b724ab7490d7d935cb0f-1024x832.jpg 1024w, https:\/\/cncrush.com\/wp-content\/uploads\/2024\/12\/234c1419f76b724ab7490d7d935cb0f-768x624.jpg 768w, https:\/\/cncrush.com\/wp-content\/uploads\/2024\/12\/234c1419f76b724ab7490d7d935cb0f-1536x1248.jpg 1536w, https:\/\/cncrush.com\/wp-content\/uploads\/2024\/12\/234c1419f76b724ab7490d7d935cb0f-2048x1665.jpg 2048w, https:\/\/cncrush.com\/wp-content\/uploads\/2024\/12\/234c1419f76b724ab7490d7d935cb0f-15x12.jpg 15w\" sizes=\"auto, (max-width: 2560px) 100vw, 2560px\" title=\"\">\t\t\t\t\t\t\t\t\t\t\t<\/div>\n\t\t\t\t\t<\/div>\n\n\t\t<div class=\"box-text text-center\" >\n\t\t\t<div class=\"box-text-inner\">\n\t\t\t\t\n<h4>Oby\u010dejn\u00e9 eloxov\u00e1n\u00ed<\/h4>\n<p>Oby\u010dejn\u00e9 eloxov\u00e1n\u00ed zvy\u0161uje odolnost proti korozi a nab\u00edz\u00ed dekorativn\u00ed povrchov\u00e9 \u00fapravy. Tlou\u0161\u0165ka je 5-20\u03bcm. <\/p>\n\t\t\t<\/div>\n\t\t<\/div>\n\t<\/div>\n\t\n\t\t<\/div>\n\t\t\t\t\t<\/div>\n\n\t\n\n\t<div id=\"col-740051653\" class=\"col medium-6 small-12 large-4\"  data-animate=\"bounceInUp\">\n\t\t\t\t<div class=\"col-inner\"  >\n\t\t\t\n\t\t\t\n\n\t<a class=\"plain\" href=\"#\" >\t<div class=\"icon-box featured-box icon-box-center text-center\"  >\n\t\t\t\t<div class=\"icon-box-text last-reset\">\n\t\t\t\t\t\t\t\t\t\n\t<div class=\"box has-hover   has-hover box-text-bottom\" >\n\n\t\t<div class=\"box-image\" >\n\t\t\t\t\t\t<div class=\"\" >\n\t\t\t\t<img loading=\"lazy\" decoding=\"async\" width=\"2109\" height=\"2560\" src=\"https:\/\/cncrush.com\/wp-content\/uploads\/2024\/12\/437ffd92eead4650cf71d439fb915d7-scaled.jpg\" class=\"attachment- size-\" alt=\"Eloxovan\u00fd hlin\u00edk\" srcset=\"https:\/\/cncrush.com\/wp-content\/uploads\/2024\/12\/437ffd92eead4650cf71d439fb915d7-scaled.jpg 2109w, https:\/\/cncrush.com\/wp-content\/uploads\/2024\/12\/437ffd92eead4650cf71d439fb915d7-247x300.jpg 247w, https:\/\/cncrush.com\/wp-content\/uploads\/2024\/12\/437ffd92eead4650cf71d439fb915d7-843x1024.jpg 843w, https:\/\/cncrush.com\/wp-content\/uploads\/2024\/12\/437ffd92eead4650cf71d439fb915d7-768x932.jpg 768w, https:\/\/cncrush.com\/wp-content\/uploads\/2024\/12\/437ffd92eead4650cf71d439fb915d7-1265x1536.jpg 1265w, https:\/\/cncrush.com\/wp-content\/uploads\/2024\/12\/437ffd92eead4650cf71d439fb915d7-1687x2048.jpg 1687w, https:\/\/cncrush.com\/wp-content\/uploads\/2024\/12\/437ffd92eead4650cf71d439fb915d7-10x12.jpg 10w\" sizes=\"auto, (max-width: 2109px) 100vw, 2109px\" title=\"\">\t\t\t\t\t\t\t\t\t\t\t<\/div>\n\t\t\t\t\t<\/div>\n\n\t\t<div class=\"box-text text-center\" >\n\t\t\t<div class=\"box-text-inner\">\n\t\t\t\t\n<h4>Tvrd\u00e9 eloxov\u00e1n\u00ed<\/h4>\n<p>Tvrd\u00e9 eloxov\u00e1n\u00ed vytv\u00e1\u0159\u00ed trvanliv\u00fd povrch odoln\u00fd proti opot\u0159eben\u00ed pro hlin\u00edkov\u00e9 d\u00edly. Tlou\u0161\u0165ka je 25-70 \u03bcm.<\/p>\n\t\t\t<\/div>\n\t\t<\/div>\n\t<\/div>\n\t\n\t\t<\/div>\n\t<\/div>\n\t<\/a>\n\t\n\t\t<\/div>\n\t\t\t\t\t<\/div>\n\n\t\n\n\t<div id=\"col-1053660111\" class=\"col medium-6 small-12 large-4\"  data-animate=\"bounceInUp\">\n\t\t\t\t<div class=\"col-inner\"  >\n\t\t\t\n\t\t\t\n\n\t<a class=\"plain\" href=\"#\" >\t<div class=\"icon-box featured-box icon-box-center text-center\"  >\n\t\t\t\t<div class=\"icon-box-text last-reset\">\n\t\t\t\t\t\t\t\t\t\n\t<div class=\"box has-hover   has-hover box-text-bottom\" >\n\n\t\t<div class=\"box-image\" >\n\t\t\t\t\t\t<div class=\"\" >\n\t\t\t\t<img loading=\"lazy\" decoding=\"async\" width=\"2560\" height=\"1780\" src=\"https:\/\/cncrush.com\/wp-content\/uploads\/2024\/12\/4482ae9563252855b301506e337d83d-scaled.jpg\" class=\"attachment- size-\" alt=\"CNC obr\u00e1b\u011bn\u00e9 d\u00edly\" srcset=\"https:\/\/cncrush.com\/wp-content\/uploads\/2024\/12\/4482ae9563252855b301506e337d83d-scaled.jpg 2560w, https:\/\/cncrush.com\/wp-content\/uploads\/2024\/12\/4482ae9563252855b301506e337d83d-300x209.jpg 300w, https:\/\/cncrush.com\/wp-content\/uploads\/2024\/12\/4482ae9563252855b301506e337d83d-1024x712.jpg 1024w, https:\/\/cncrush.com\/wp-content\/uploads\/2024\/12\/4482ae9563252855b301506e337d83d-768x534.jpg 768w, https:\/\/cncrush.com\/wp-content\/uploads\/2024\/12\/4482ae9563252855b301506e337d83d-1536x1068.jpg 1536w, https:\/\/cncrush.com\/wp-content\/uploads\/2024\/12\/4482ae9563252855b301506e337d83d-2048x1424.jpg 2048w, https:\/\/cncrush.com\/wp-content\/uploads\/2024\/12\/4482ae9563252855b301506e337d83d-18x12.jpg 18w\" sizes=\"auto, (max-width: 2560px) 100vw, 2560px\" title=\"\">\t\t\t\t\t\t\t\t\t\t\t<\/div>\n\t\t\t\t\t<\/div>\n\n\t\t<div class=\"box-text text-center\" >\n\t\t\t<div class=\"box-text-inner\">\n\t\t\t\t\n<h4>Barevn\u00e9 eloxov\u00e1n\u00ed<\/h4>\n<p>Barevn\u00e9 eloxov\u00e1n\u00ed dod\u00e1v\u00e1 z\u00e1\u0159iv\u00e9 a odoln\u00e9 povrchov\u00e9 \u00fapravy a z\u00e1rove\u0148 chr\u00e1n\u00ed hlin\u00edkov\u00e9 povrchy.<\/p>\n\t\t\t<\/div>\n\t\t<\/div>\n\t<\/div>\n\t\n\t\t<\/div>\n\t<\/div>\n\t<\/a>\n\t\n\t\t<\/div>\n\t\t\t\t\t<\/div>\n\n\t\n\n\t<div id=\"col-861517778\" class=\"col medium-4 small-12 large-4\"  >\n\t\t\t\t<div class=\"col-inner\"  >\n\t\t\t\n\t\t\t\n\t<div class=\"box has-hover   has-hover box-text-bottom\" >\n\n\t\t<div class=\"box-image\" >\n\t\t\t\t\t\t<div class=\"\" >\n\t\t\t\t<img loading=\"lazy\" decoding=\"async\" width=\"2560\" height=\"2251\" src=\"https:\/\/cncrush.com\/wp-content\/uploads\/2024\/12\/edd09d5920df704c041b5b2d202f671-scaled.jpg\" class=\"attachment- size-\" alt=\"\" srcset=\"https:\/\/cncrush.com\/wp-content\/uploads\/2024\/12\/edd09d5920df704c041b5b2d202f671-scaled.jpg 2560w, https:\/\/cncrush.com\/wp-content\/uploads\/2024\/12\/edd09d5920df704c041b5b2d202f671-300x264.jpg 300w, https:\/\/cncrush.com\/wp-content\/uploads\/2024\/12\/edd09d5920df704c041b5b2d202f671-1024x900.jpg 1024w, https:\/\/cncrush.com\/wp-content\/uploads\/2024\/12\/edd09d5920df704c041b5b2d202f671-768x675.jpg 768w, https:\/\/cncrush.com\/wp-content\/uploads\/2024\/12\/edd09d5920df704c041b5b2d202f671-1536x1350.jpg 1536w, https:\/\/cncrush.com\/wp-content\/uploads\/2024\/12\/edd09d5920df704c041b5b2d202f671-2048x1800.jpg 2048w, https:\/\/cncrush.com\/wp-content\/uploads\/2024\/12\/edd09d5920df704c041b5b2d202f671-14x12.jpg 14w\" sizes=\"auto, (max-width: 2560px) 100vw, 2560px\" title=\"\">\t\t\t\t\t\t\t\t\t\t\t<\/div>\n\t\t\t\t\t<\/div>\n\n\t\t<div class=\"box-text text-center\" >\n\t\t\t<div class=\"box-text-inner\">\n\t\t\t\t\n<h4>Zinkov\u00e1n\u00ed<\/h4>\n<p>Zinkov\u00e1n\u00ed zaji\u0161\u0165uje odolnost proti korozi a hladk\u00fd, leskl\u00fd povrch kovov\u00fdch d\u00edl\u016f.<\/p>\n\t\t\t<\/div>\n\t\t<\/div>\n\t<\/div>\n\t\n\t\t<\/div>\n\t\t\t\t\t<\/div>\n\n\t\n\n\t<div id=\"col-1468007683\" class=\"col medium-4 small-12 large-4\"  >\n\t\t\t\t<div class=\"col-inner\"  >\n\t\t\t\n\t\t\t\n\t<div class=\"box has-hover   has-hover box-text-bottom\" >\n\n\t\t<div class=\"box-image\" >\n\t\t\t\t\t\t<div class=\"\" >\n\t\t\t\t<img loading=\"lazy\" decoding=\"async\" width=\"1024\" height=\"590\" src=\"https:\/\/cncrush.com\/wp-content\/uploads\/2024\/12\/Nickel-Plating.jpg\" class=\"attachment- size-\" alt=\"\" srcset=\"https:\/\/cncrush.com\/wp-content\/uploads\/2024\/12\/Nickel-Plating.jpg 1024w, https:\/\/cncrush.com\/wp-content\/uploads\/2024\/12\/Nickel-Plating-300x173.jpg 300w, https:\/\/cncrush.com\/wp-content\/uploads\/2024\/12\/Nickel-Plating-768x443.jpg 768w, https:\/\/cncrush.com\/wp-content\/uploads\/2024\/12\/Nickel-Plating-18x10.jpg 18w\" sizes=\"auto, (max-width: 1024px) 100vw, 1024px\" title=\"\">\t\t\t\t\t\t\t\t\t\t\t<\/div>\n\t\t\t\t\t<\/div>\n\n\t\t<div class=\"box-text text-center\" >\n\t\t\t<div class=\"box-text-inner\">\n\t\t\t\t\n<h4>Niklov\u00e1n\u00ed<\/h4>\n<p>Niklov\u00e1n\u00ed nab\u00edz\u00ed odolnost proti korozi a hladk\u00fd povrch.<\/p>\n\t\t\t<\/div>\n\t\t<\/div>\n\t<\/div>\n\t\n\t\t<\/div>\n\t\t\t\t\t<\/div>\n\n\t\n\n\t<div id=\"col-770809765\" class=\"col medium-4 small-12 large-4\"  >\n\t\t\t\t<div class=\"col-inner\"  >\n\t\t\t\n\t\t\t\n\t<div class=\"box has-hover   has-hover box-text-bottom\" >\n\n\t\t<div class=\"box-image\" >\n\t\t\t\t\t\t<div class=\"\" >\n\t\t\t\t<img loading=\"lazy\" decoding=\"async\" width=\"560\" height=\"400\" src=\"https:\/\/cncrush.com\/wp-content\/uploads\/2024\/12\/Chrome-Plating.jpg\" class=\"attachment- size-\" alt=\"\" srcset=\"https:\/\/cncrush.com\/wp-content\/uploads\/2024\/12\/Chrome-Plating.jpg 560w, https:\/\/cncrush.com\/wp-content\/uploads\/2024\/12\/Chrome-Plating-300x214.jpg 300w, https:\/\/cncrush.com\/wp-content\/uploads\/2024\/12\/Chrome-Plating-18x12.jpg 18w\" sizes=\"auto, (max-width: 560px) 100vw, 560px\" title=\"\">\t\t\t\t\t\t\t\t\t\t\t<\/div>\n\t\t\t\t\t<\/div>\n\n\t\t<div class=\"box-text text-center\" >\n\t\t\t<div class=\"box-text-inner\">\n\t\t\t\t\n<h4>Chromov\u00e1n\u00ed<\/h4>\n<p>Chromov\u00e1n\u00ed poskytuje lesklou, trvanlivou vrstvu odolnou proti opot\u0159eben\u00ed.<\/p>\n\t\t\t<\/div>\n\t\t<\/div>\n\t<\/div>\n\t\n\t\t<\/div>\n\t\t\t\t\t<\/div>\n\n\t\n\n\t<div id=\"col-1930953786\" class=\"col medium-4 small-12 large-4\"  >\n\t\t\t\t<div class=\"col-inner\"  >\n\t\t\t\n\t\t\t\n\t<div class=\"box has-hover   has-hover box-text-bottom\" >\n\n\t\t<div class=\"box-image\" >\n\t\t\t\t\t\t<div class=\"\" >\n\t\t\t\t<img loading=\"lazy\" decoding=\"async\" width=\"1770\" height=\"1152\" src=\"https:\/\/cncrush.com\/wp-content\/uploads\/2024\/12\/powder-coating-scaled-e1734677075851.jpg\" class=\"attachment- size-\" alt=\"\" srcset=\"https:\/\/cncrush.com\/wp-content\/uploads\/2024\/12\/powder-coating-scaled-e1734677075851.jpg 1770w, https:\/\/cncrush.com\/wp-content\/uploads\/2024\/12\/powder-coating-scaled-e1734677075851-300x195.jpg 300w, https:\/\/cncrush.com\/wp-content\/uploads\/2024\/12\/powder-coating-scaled-e1734677075851-1024x666.jpg 1024w, https:\/\/cncrush.com\/wp-content\/uploads\/2024\/12\/powder-coating-scaled-e1734677075851-768x500.jpg 768w, https:\/\/cncrush.com\/wp-content\/uploads\/2024\/12\/powder-coating-scaled-e1734677075851-1536x1000.jpg 1536w, https:\/\/cncrush.com\/wp-content\/uploads\/2024\/12\/powder-coating-scaled-e1734677075851-18x12.jpg 18w\" sizes=\"auto, (max-width: 1770px) 100vw, 1770px\" title=\"\">\t\t\t\t\t\t\t\t\t\t\t<\/div>\n\t\t\t\t\t<\/div>\n\n\t\t<div class=\"box-text text-center\" >\n\t\t\t<div class=\"box-text-inner\">\n\t\t\t\t\n<h4>Pr\u00e1\u0161kov\u00e9 lakov\u00e1n\u00ed<\/h4>\n<p>Pr\u00e1\u0161kov\u00e9 lakov\u00e1n\u00ed nab\u00edz\u00ed trvanlivost, hladkost a odolnost proti korozi.<\/p>\n\t\t\t<\/div>\n\t\t<\/div>\n\t<\/div>\n\t\n\t\t<\/div>\n\t\t\t\t\t<\/div>\n\n\t\n\n\t<div id=\"col-1582828594\" class=\"col medium-4 small-12 large-4\"  >\n\t\t\t\t<div class=\"col-inner\"  >\n\t\t\t\n\t\t\t\n\t<div class=\"box has-hover   has-hover box-text-bottom\" >\n\n\t\t<div class=\"box-image\" >\n\t\t\t\t\t\t<div class=\"\" >\n\t\t\t\t<img loading=\"lazy\" decoding=\"async\" width=\"1693\" height=\"1260\" src=\"https:\/\/cncrush.com\/wp-content\/uploads\/2024\/12\/Brushing.jpg\" class=\"attachment- size-\" alt=\"\" srcset=\"https:\/\/cncrush.com\/wp-content\/uploads\/2024\/12\/Brushing.jpg 1693w, https:\/\/cncrush.com\/wp-content\/uploads\/2024\/12\/Brushing-300x223.jpg 300w, https:\/\/cncrush.com\/wp-content\/uploads\/2024\/12\/Brushing-1024x762.jpg 1024w, https:\/\/cncrush.com\/wp-content\/uploads\/2024\/12\/Brushing-768x572.jpg 768w, https:\/\/cncrush.com\/wp-content\/uploads\/2024\/12\/Brushing-1536x1143.jpg 1536w, https:\/\/cncrush.com\/wp-content\/uploads\/2024\/12\/Brushing-16x12.jpg 16w\" sizes=\"auto, (max-width: 1693px) 100vw, 1693px\" title=\"\">\t\t\t\t\t\t\t\t\t\t\t<\/div>\n\t\t\t\t\t<\/div>\n\n\t\t<div class=\"box-text text-center\" >\n\t\t\t<div class=\"box-text-inner\">\n\t\t\t\t\n<h4>Kart\u00e1\u010dov\u00e1n\u00ed<\/h4>\n<p>Kart\u00e1\u010dov\u00e1n\u00ed vytv\u00e1\u0159\u00ed texturovan\u00fd, matn\u00fd povrch pro elegantn\u00ed vzhled.<\/p>\n\t\t\t<\/div>\n\t\t<\/div>\n\t<\/div>\n\t\n\t\t<\/div>\n\t\t\t\t\t<\/div>\n\n\t\n\n\t<div id=\"col-1270607202\" class=\"col medium-4 small-12 large-4\"  >\n\t\t\t\t<div class=\"col-inner\"  >\n\t\t\t\n\t\t\t\n\t<div class=\"box has-hover   has-hover box-text-bottom\" >\n\n\t\t<div class=\"box-image\" >\n\t\t\t\t\t\t<div class=\"\" >\n\t\t\t\t<img loading=\"lazy\" decoding=\"async\" width=\"1600\" height=\"1068\" src=\"https:\/\/cncrush.com\/wp-content\/uploads\/2024\/12\/Polished.jpg\" class=\"attachment- size-\" alt=\"\" srcset=\"https:\/\/cncrush.com\/wp-content\/uploads\/2024\/12\/Polished.jpg 1600w, https:\/\/cncrush.com\/wp-content\/uploads\/2024\/12\/Polished-300x200.jpg 300w, https:\/\/cncrush.com\/wp-content\/uploads\/2024\/12\/Polished-1024x684.jpg 1024w, https:\/\/cncrush.com\/wp-content\/uploads\/2024\/12\/Polished-768x513.jpg 768w, https:\/\/cncrush.com\/wp-content\/uploads\/2024\/12\/Polished-1536x1025.jpg 1536w, https:\/\/cncrush.com\/wp-content\/uploads\/2024\/12\/Polished-18x12.jpg 18w\" sizes=\"auto, (max-width: 1600px) 100vw, 1600px\" title=\"\">\t\t\t\t\t\t\t\t\t\t\t<\/div>\n\t\t\t\t\t<\/div>\n\n\t\t<div class=\"box-text text-center\" >\n\t\t\t<div class=\"box-text-inner\">\n\t\t\t\t\n<h4>Le\u0161t\u011bn\u00ed<\/h4>\n<p>Le\u0161t\u011bn\u00edm se dos\u00e1hne leskl\u00e9ho, hladk\u00e9ho, reflexn\u00edho povrchu.<\/p>\n\t\t\t<\/div>\n\t\t<\/div>\n\t<\/div>\n\t\n\t\t<\/div>\n\t\t\t\t\t<\/div>\n\n\t\n\n\t<div id=\"col-271348197\" class=\"col medium-4 small-12 large-4\"  >\n\t\t\t\t<div class=\"col-inner\"  >\n\t\t\t\n\t\t\t\n\t<div class=\"box has-hover   has-hover box-text-bottom\" >\n\n\t\t<div class=\"box-image\" >\n\t\t\t\t\t\t<div class=\"\" >\n\t\t\t\t<img loading=\"lazy\" decoding=\"async\" width=\"660\" height=\"440\" src=\"https:\/\/cncrush.com\/wp-content\/uploads\/2024\/12\/Hardening.jpeg\" class=\"attachment- size-\" alt=\"\" srcset=\"https:\/\/cncrush.com\/wp-content\/uploads\/2024\/12\/Hardening.jpeg 660w, https:\/\/cncrush.com\/wp-content\/uploads\/2024\/12\/Hardening-300x200.jpeg 300w, https:\/\/cncrush.com\/wp-content\/uploads\/2024\/12\/Hardening-18x12.jpeg 18w\" sizes=\"auto, (max-width: 660px) 100vw, 660px\" title=\"\">\t\t\t\t\t\t\t\t\t\t\t<\/div>\n\t\t\t\t\t<\/div>\n\n\t\t<div class=\"box-text text-center\" >\n\t\t\t<div class=\"box-text-inner\">\n\t\t\t\t\n<h4>Kalen\u00ed<\/h4>\n<p>Kalen\u00ed zvy\u0161uje pevnost, odolnost proti opot\u0159eben\u00ed a trvanlivost.<\/p>\n\t\t\t<\/div>\n\t\t<\/div>\n\t<\/div>\n\t\n\t\t<\/div>\n\t\t\t\t\t<\/div>\n\n\t\n\n\t<div id=\"col-1719973466\" class=\"col medium-4 small-12 large-4\"  >\n\t\t\t\t<div class=\"col-inner\"  >\n\t\t\t\n\t\t\t\n\t<div class=\"box has-hover   has-hover box-text-bottom\" >\n\n\t\t<div class=\"box-image\" >\n\t\t\t\t\t\t<div class=\"\" >\n\t\t\t\t<img loading=\"lazy\" decoding=\"async\" width=\"565\" height=\"334\" src=\"https:\/\/cncrush.com\/wp-content\/uploads\/2024\/12\/HVOF.jpg\" class=\"attachment- size-\" alt=\"\" srcset=\"https:\/\/cncrush.com\/wp-content\/uploads\/2024\/12\/HVOF.jpg 565w, https:\/\/cncrush.com\/wp-content\/uploads\/2024\/12\/HVOF-300x177.jpg 300w, https:\/\/cncrush.com\/wp-content\/uploads\/2024\/12\/HVOF-18x12.jpg 18w\" sizes=\"auto, (max-width: 565px) 100vw, 565px\" title=\"\">\t\t\t\t\t\t\t\t\t\t\t<\/div>\n\t\t\t\t\t<\/div>\n\n\t\t<div class=\"box-text text-center\" >\n\t\t\t<div class=\"box-text-inner\">\n\t\t\t\t\n<h4>Povlak HVOF<\/h4>\n<p>HVOF je povlak s vysokou hustotou pro extr\u00e9mn\u00ed odolnost a opot\u0159eben\u00ed<\/p>\n\t\t\t<\/div>\n\t\t<\/div>\n\t<\/div>\n\t\n\t\t<\/div>\n\t\t\t\t\t<\/div>\n\n\t\n\n\t<div id=\"col-1243803069\" class=\"col medium-4 small-12 large-4\"  >\n\t\t\t\t<div class=\"col-inner\"  >\n\t\t\t\n\t\t\t\n\t<div class=\"box has-hover   has-hover box-text-bottom\" >\n\n\t\t<div class=\"box-image\" >\n\t\t\t\t\t\t<div class=\"\" >\n\t\t\t\t<img loading=\"lazy\" decoding=\"async\" width=\"1227\" height=\"792\" src=\"https:\/\/cncrush.com\/wp-content\/uploads\/2025\/06\/PVD.jpg\" class=\"attachment- size-\" alt=\"\" srcset=\"https:\/\/cncrush.com\/wp-content\/uploads\/2025\/06\/PVD.jpg 1227w, https:\/\/cncrush.com\/wp-content\/uploads\/2025\/06\/PVD-300x194.jpg 300w, https:\/\/cncrush.com\/wp-content\/uploads\/2025\/06\/PVD-1024x661.jpg 1024w, https:\/\/cncrush.com\/wp-content\/uploads\/2025\/06\/PVD-768x496.jpg 768w, https:\/\/cncrush.com\/wp-content\/uploads\/2025\/06\/PVD-18x12.jpg 18w\" sizes=\"auto, (max-width: 1227px) 100vw, 1227px\" title=\"\">\t\t\t\t\t\t\t\t\t\t\t<\/div>\n\t\t\t\t\t<\/div>\n\n\t\t<div class=\"box-text text-center\" >\n\t\t\t<div class=\"box-text-inner\">\n\t\t\t\t\n<h4>Povlak PVD-DLC<\/h4>\n<p>PVD-DLC je tenk\u00fd, hou\u017eevnat\u00fd povlak s vysokou tvrdost\u00ed a n\u00edzk\u00fdm t\u0159en\u00edm.<\/p>\n\t\t\t<\/div>\n\t\t<\/div>\n\t<\/div>\n\t\n\t\t<\/div>\n\t\t\t\t\t<\/div>\n\n\t\n\n<style>\n#row-427647753 > .col > .col-inner {\n  padding: 40px 40px 40px 40px;\n  background-color: rgb(255,255,255);\n  border-radius: 20px;\n}\n<\/style>\n<\/div>\n\t\t<\/div>\n\n\t\t\n<style>\n#section_539569430 {\n  padding-top: 60px;\n  padding-bottom: 60px;\n  background-color: rgb(250, 250, 250);\n}\n<\/style>\n\t<\/section>\n\t\n<div class=\"row align-middle\"  id=\"row-1081160337\">\n\n\t<div id=\"col-2112655396\" class=\"col medium-6 small-12 large-6\"  >\n\t\t\t\t<div class=\"col-inner\"  >\n\t\t\t\n\t\t\t\n\t<div id=\"text-3936102136\" class=\"text\">\n\t\t\n<p><strong>Pro\u010d zvolit CNCRUSH pro povrchovou \u00fapravu?<\/strong><\/p>\n<p>Zav\u00e1zali jsme se poskytovat v\u00fdjime\u010dn\u00e9 v\u00fdsledky t\u00edm, \u017ee nab\u00edz\u00edme:<\/p>\n<ul>\n<li>\n<p><strong>P\u0159\u00edsn\u00e1 kontrola tolerance:<\/strong> Zaji\u0161\u0165ujeme p\u0159esn\u00e9 dodr\u017eov\u00e1n\u00ed p\u0159\u00edsn\u00fdch toleranc\u00ed a zachov\u00e1n\u00ed p\u0159esn\u00fdch specifikac\u00ed po\u017eadovan\u00fdch pro va\u0161e d\u00edly.<\/p>\n<\/li>\n<li>\n<p><strong>\u0160pi\u010dkov\u00e1 estetika:<\/strong> N\u00e1\u0161 proces povrchov\u00e9 \u00fapravy zaru\u010duje konzistentn\u00ed barvu a jednotnou tlou\u0161\u0165ku ve v\u0161ech vrstv\u00e1ch, co\u017e zaji\u0161\u0165uje bezchybn\u00fd povrch.<\/p>\n<\/li>\n<li>\n<p><strong>Bezpe\u010dn\u00e1 manipulace a logistika:<\/strong> Pe\u010dlivou intern\u00ed logistikou chr\u00e1n\u00edme va\u0161e d\u00edly p\u0159ed otlaky, \u0161kr\u00e1banci nebo po\u0161kozen\u00edm b\u011bhem v\u00fdrobn\u00edho procesu.<\/p>\n<\/li>\n<li>\n<p><strong>Rychl\u00e9 a v\u010dasn\u00e9 dod\u00e1n\u00ed:<\/strong> Jsme hrd\u00ed na to, \u017ee poskytujeme kr\u00e1tk\u00e9 dodac\u00ed lh\u016fty a d\u016fsledn\u011b dodr\u017eujeme dodac\u00ed lh\u016fty, abychom zajistili, \u017ee v\u00e1\u0161 projekt z\u016fstane podle pl\u00e1nu.<\/p>\n<\/li>\n<\/ul>\n\t\t\n<style>\n#text-3936102136 {\n  font-size: 1rem;\n  color: rgb(0,0,0);\n}\n#text-3936102136 > * {\n  color: rgb(0,0,0);\n}\n<\/style>\n\t<\/div>\n\t\n\t\t<\/div>\n\t\t\t\t\t<\/div>\n\n\t\n\n\t<div id=\"col-207056397\" class=\"col medium-6 small-12 large-6\"  >\n\t\t\t\t<div class=\"col-inner\"  >\n\t\t\t\n\t\t\t\n\t<div class=\"img has-hover x md-x lg-x y md-y lg-y\" id=\"image_2083507222\">\n\t\t\t\t\t\t\t\t<div class=\"img-inner dark\" >\n\t\t\t<img loading=\"lazy\" decoding=\"async\" width=\"800\" height=\"600\" src=\"https:\/\/cncrush.com\/wp-content\/uploads\/2024\/11\/4.png\" class=\"attachment-large size-large\" alt=\"Eloxovan\u00fd hlin\u00edk\" srcset=\"https:\/\/cncrush.com\/wp-content\/uploads\/2024\/11\/4.png 800w, https:\/\/cncrush.com\/wp-content\/uploads\/2024\/11\/4-300x225.png 300w, https:\/\/cncrush.com\/wp-content\/uploads\/2024\/11\/4-768x576.png 768w, https:\/\/cncrush.com\/wp-content\/uploads\/2024\/11\/4-16x12.png 16w\" sizes=\"auto, (max-width: 800px) 100vw, 800px\" title=\"\">\t\t\t\t\t\t\n\t\t\t\t\t<\/div>\n\t\t\t\t\t\t\t\t\n<style>\n#image_2083507222 {\n  width: 100%;\n}\n<\/style>\n\t<\/div>\n\t\n\t\t<\/div>\n\t\t\t\t\t<\/div>\n\n\t\n<\/div>\n<div class=\"row row-collapse row-full-width\"  id=\"row-737693905\">\n\n\t<div id=\"col-1712662727\" class=\"col small-12 large-12\"  >\n\t\t\t\t<div class=\"col-inner text-center dark\"  >\n\t\t\t\n\t\t\t\n\n  <div class=\"banner has-hover\" id=\"banner-1918946741\">\n          <div class=\"banner-inner fill\">\n        <div class=\"banner-bg fill\" >\n            <img loading=\"lazy\" decoding=\"async\" width=\"1020\" height=\"421\" src=\"https:\/\/cncrush.com\/wp-content\/uploads\/2024\/09\/milled-stainless-steel-background-1024x423.webp\" class=\"bg attachment-large size-large\" alt=\"\" title=\"\">                        <div class=\"overlay\"><\/div>            \n                    <\/div>\n\t\t\n        <div class=\"banner-layers container\">\n            <div class=\"fill banner-link\"><\/div>            \n   <div id=\"text-box-1238606895\" class=\"text-box banner-layer x50 md-x50 lg-x50 y50 md-y50 lg-y50 res-text\">\n                                <div class=\"text-box-content text dark\">\n              \n              <div class=\"text-inner text-center\">\n                  \n\t<div id=\"text-1385278234\" class=\"text\">\n\t\t\n<h2>M\u00e1te z\u00e1jem? Z\u00edskejte bezplatnou cenovou nab\u00eddku CNC slu\u017eeb je\u0161t\u011b dnes!<\/h2>\n\t\t\n<style>\n#text-1385278234 {\n  font-size: 1rem;\n}\n<\/style>\n\t<\/div>\n\t\n<a href=\"https:\/\/cncrush.com\/cs\/poslat-dotaz\/\" class=\"button alert\"  >\n\t\t<span>Po\u0161lete sv\u016fj dotaz<\/span>\n\t<\/a>\n\n              <\/div>\n           <\/div>\n                            \n<style>\n#text-box-1238606895 {\n  width: 100%;\n}\n#text-box-1238606895 .text-box-content {\n  font-size: 100%;\n}\n@media (min-width:550px) {\n  #text-box-1238606895 {\n    width: 98%;\n  }\n}\n<\/style>\n    <\/div>\n \n        <\/div>\n      <\/div>\n\n            \n<style>\n#banner-1918946741 {\n  padding-top: 99.99%;\n}\n#banner-1918946741 .overlay {\n  background-color: rgba(0, 0, 0, 0.17);\n}\n#banner-1918946741 .banner-bg img {\n  object-position: 47% 60%;\n}\n@media (min-width:550px) {\n  #banner-1918946741 {\n    padding-top: 128px;\n  }\n}\n<\/style>\n  <\/div>\n\n\n\t\t<\/div>\n\t\t\t\t\t<\/div>\n\n\t\n<\/div>","protected":false},"excerpt":{"rendered":"","protected":false},"author":1,"featured_media":0,"parent":0,"menu_order":0,"comment_status":"closed","ping_status":"closed","template":"page-blank.php","meta":{"footnotes":""},"class_list":["post-25","page","type-page","status-publish","hentry"],"_links":{"self":[{"href":"https:\/\/cncrush.com\/cs\/wp-json\/wp\/v2\/pages\/25","targetHints":{"allow":["GET"]}}],"collection":[{"href":"https:\/\/cncrush.com\/cs\/wp-json\/wp\/v2\/pages"}],"about":[{"href":"https:\/\/cncrush.com\/cs\/wp-json\/wp\/v2\/types\/page"}],"author":[{"embeddable":true,"href":"https:\/\/cncrush.com\/cs\/wp-json\/wp\/v2\/users\/1"}],"replies":[{"embeddable":true,"href":"https:\/\/cncrush.com\/cs\/wp-json\/wp\/v2\/comments?post=25"}],"version-history":[{"count":0,"href":"https:\/\/cncrush.com\/cs\/wp-json\/wp\/v2\/pages\/25\/revisions"}],"wp:attachment":[{"href":"https:\/\/cncrush.com\/cs\/wp-json\/wp\/v2\/media?parent=25"}],"curies":[{"name":"wp","href":"https:\/\/api.w.org\/{rel}","templated":true}]}}