{"id":29,"date":"2024-09-29T03:50:01","date_gmt":"2024-09-29T03:50:01","guid":{"rendered":"https:\/\/cncrush.com\/?page_id=29"},"modified":"2024-12-20T14:06:29","modified_gmt":"2024-12-20T14:06:29","slug":"elektrotechnika","status":"publish","type":"page","link":"https:\/\/cncrush.com\/cs\/elektrotechnika\/","title":{"rendered":"Elektrotechnika"},"content":{"rendered":"<section class=\"section dark\" id=\"section_144451247\">\n\t\t<div class=\"section-bg fill\" >\n\t\t\t<img loading=\"lazy\" decoding=\"async\" width=\"2100\" height=\"700\" src=\"https:\/\/cncrush.com\/wp-content\/uploads\/2024\/10\/electrical-engineering.webp\" class=\"bg attachment- size-\" alt=\"\" title=\"\">\t\t\t\t\t\t<div class=\"section-bg-overlay absolute fill\"><\/div><button class=\"scroll-for-more z-5 icon absolute bottom h-center\" aria-label=\"P\u0159ejd\u011bte dol\u016f pro v\u00edce informac\u00ed\"><i class=\"icon-angle-down\" style=\"font-size:42px;\" ><\/i><\/button>\n\t\t\t\n\n\t\t<\/div>\n\n\t\t\n\n\t\t<div class=\"section-content relative\">\n\t\t\t\n<div class=\"row align-center\"  id=\"row-1603436162\">\n\n\t<div id=\"col-932751425\" class=\"col medium-10 small-12 large-10\"  >\n\t\t\t\t<div class=\"col-inner text-center\"  >\n\t\t\t\n\t\t\t\n\t<div id=\"text-4200951143\" class=\"text\">\n\t\t\n<h1>Elektrotechnika CNC \u0159e\u0161en\u00ed<\/h1>\n\t\t\n<style>\n#text-4200951143 {\n  font-size: 1.35rem;\n}\n@media (min-width:550px) {\n  #text-4200951143 {\n    font-size: 2rem;\n  }\n}\n<\/style>\n\t<\/div>\n\t\n<div class=\"row\"  id=\"row-1174751020\">\n\n\t<div id=\"col-1398048414\" class=\"col medium-9 small-12 large-9\"  >\n\t\t\t\t<div class=\"col-inner\"  >\n\t\t\t\n\t\t\t\n<p>V CNCRUSH se specializujeme na v\u00fdrobu vysoce p\u0159esn\u00fdch soustru\u017een\u00fdch fr\u00e9zovan\u00fdch d\u00edl\u016f pot\u0159ebn\u00fdch pro stavbu va\u0161ich pokro\u010dil\u00fdch elektrick\u00fdch produkt\u016f. Nab\u00edz\u00edme flexibiln\u00ed v\u00fdrobu na zak\u00e1zku nebo zak\u00e1zku, zaji\u0161\u0165uj\u00edc\u00ed v\u010dasn\u00e9 dod\u00e1vky na z\u00e1klad\u011b princip\u016f Just-In-Time (JIT).<\/p>\n\t\t<\/div>\n\t\t\t\t\t<\/div>\n\n\t\n<\/div>\n\t\t<\/div>\n\t\t\t\t\t<\/div>\n\n\t\n<\/div>\n\t\t<\/div>\n\n\t\t\n<style>\n#section_144451247 {\n  padding-top: 30px;\n  padding-bottom: 30px;\n  min-height: 100px;\n}\n#section_144451247 .section-bg-overlay {\n  background-color: rgba(0, 0, 0, 0.384);\n}\n#section_144451247 .section-bg img {\n  object-position: 53% 58%;\n}\n@media (min-width:550px) {\n  #section_144451247 {\n    min-height: 600px;\n  }\n}\n<\/style>\n\t<\/section>\n\t\n\n\t<section class=\"section\" id=\"section_1775446607\">\n\t\t<div class=\"section-bg fill\" >\n\t\t\t\t\t\t\t\t\t\n\t\t\t\n\n\t\t<\/div>\n\n\t\t\n\n\t\t<div class=\"section-content relative\">\n\t\t\t\n<div class=\"row row-large steps-simple-headline\"  id=\"row-742751074\">\n\n\t<div id=\"col-1107547269\" class=\"col medium-8 small-12 large-12\"  >\n\t\t\t\t<div class=\"col-inner\"  >\n\t\t\t\n\t\t\t\n<div class=\"row row-collapse\"  id=\"row-314400920\">\n\n\t<div id=\"col-1345016485\" class=\"col medium-1 small-2 large-1\"  >\n\t\t\t\t<div class=\"col-inner\"  >\n\t\t\t\n\t\t\t\n<h2>01<\/h2>\n\t\t<\/div>\n\t\t\t\t\t<\/div>\n\n\t\n\n\t<div id=\"col-875820120\" class=\"col medium-11 small-10 large-11\"  >\n\t\t\t\t<div class=\"col-inner\"  >\n\t\t\t\n\t\t\t\n<h3>D\u00edly, kter\u00e9 vyr\u00e1b\u00edme<\/h3>\n<ul>\n<li><strong>Hlin\u00edkov\u00e1 pouzdra<\/strong> pro elektronick\u00e9 obvody a elektrooptick\u00e9 moduly<\/li>\n<li><strong>Komponenty pro laserov\u00e9 zdroje<\/strong> vyroben\u00e9 z hlin\u00edku a m\u011bdi<\/li>\n<li><strong>D\u00edly pro polovodi\u010dov\u00fd pr\u016fmysl<\/strong><\/li>\n<\/ul>\n\t\t<\/div>\n\t\t\t\t\t<\/div>\n\n\t\n<\/div>\n<div class=\"is-divider divider clearfix\" style=\"margin-top:10px;margin-bottom:10px;max-width:100%;height:1px;\"><\/div>\n<div class=\"row row-collapse\"  id=\"row-900413190\">\n\n\t<div id=\"col-275480842\" class=\"col medium-1 small-2 large-1\"  >\n\t\t\t\t<div class=\"col-inner\"  >\n\t\t\t\n\t\t\t\n<h2>02<\/h2>\n\t\t<\/div>\n\t\t\t\t\t<\/div>\n\n\t\n\n\t<div id=\"col-2104206561\" class=\"col medium-11 small-10 large-11\"  >\n\t\t\t\t<div class=\"col-inner\"  >\n\t\t\t\n\t\t\t\n<h3>N\u00e1\u0161 proces<\/h3>\n<ul>\n<li><strong>P\u0159esnost:<\/strong> Soustruhujeme a fr\u00e9zujeme d\u00edly s v\u00fdjime\u010dnou p\u0159esnost\u00ed a dodr\u017eujeme tolerance 0,01 mm nebo ni\u017e\u0161\u00ed.<\/li>\n<li><strong>Estetika a kvalita:<\/strong> 100% na\u0161ich d\u00edl\u016f proch\u00e1z\u00ed p\u0159\u00edsnou kontrolou kvality povrchu, ostrosti hran, k\u0159\u00ed\u017een\u00ed otvor\u016f a nep\u0159\u00edtomnosti ot\u0159ep\u016f.<\/li>\n<li><strong>\u010cistota:<\/strong> V\u0161echny komponenty jsou pr\u016fmyslov\u011b omyty a chr\u00e1n\u011bny proti korozi a po\u0161kozen\u00ed b\u011bhem p\u0159epravy.<\/li>\n<li><strong>Eloxov\u00e1n\u00ed:<\/strong> Prov\u00e1d\u00edme dekorativn\u00ed i technick\u00e9 eloxov\u00e1n\u00ed pro zv\u00fd\u0161en\u00ed funk\u010dnosti a vzhledu va\u0161ich d\u00edl\u016f.<\/li>\n<\/ul>\n\t\t<\/div>\n\t\t\t\t\t<\/div>\n\n\t\n<\/div>\n<div class=\"is-divider divider clearfix\" style=\"margin-top:10px;margin-bottom:10px;max-width:100%;height:1px;\"><\/div>\n<div class=\"row row-collapse align-middle\"  id=\"row-914622601\">\n\n\t<div id=\"col-1498135975\" class=\"col medium-1 small-2 large-1\"  >\n\t\t\t\t<div class=\"col-inner\"  >\n\t\t\t\n\t\t\t\n<h2>03<\/h2>\n\t\t<\/div>\n\t\t\t\t\t<\/div>\n\n\t\n\n\t<div id=\"col-1571902250\" class=\"col medium-11 small-10 large-11\"  >\n\t\t\t\t<div class=\"col-inner\"  >\n\t\t\t\n\t\t\t\n<h3>Zaji\u0161t\u011bn\u00ed kvality<\/h3>\n<p>P\u0159esnost na\u0161ich d\u00edl\u016f s vysokou toleranc\u00ed zaji\u0161\u0165ujeme pomoc\u00ed <strong>Hexagon X-METRO sou\u0159adnicov\u00fd m\u011b\u0159ic\u00ed stroj<\/strong>, kter\u00fd zaru\u010duje p\u0159esnost m\u011b\u0159en\u00ed a\u017e 0,002 mm.<\/p>\n<p>Ve spolupr\u00e1ci s na\u0161imi z\u00e1kazn\u00edky p\u0159edem definujeme strategie \u0159\u00edzen\u00ed a m\u011b\u0159en\u00ed tak, aby spl\u0148ovaly p\u0159esn\u00e9 specifikace. Ka\u017ed\u00fd d\u00edl je pravideln\u011b kontrolov\u00e1n na z\u00e1klad\u011b na\u0161eho kontroln\u00edho pl\u00e1nu a statistick\u00e1 kontrola kritick\u00fdch rozm\u011br\u016f je prov\u00e1d\u011bna, kdykoli je to mo\u017en\u00e9.<\/p>\n\t\t<\/div>\n\t\t\t\t\t<\/div>\n\n\t\n<\/div>\n<div class=\"is-divider divider clearfix\" style=\"margin-top:10px;margin-bottom:10px;max-width:100%;height:1px;\"><\/div>\n\t\t<\/div>\n\t\t\t\t\t<\/div>\n\n\t\n<\/div>\n\t\t<\/div>\n\n\t\t\n<style>\n#section_1775446607 {\n  padding-top: 60px;\n  padding-bottom: 60px;\n}\n<\/style>\n\t<\/section>\n\t\n<div class=\"row row-collapse row-full-width\"  id=\"row-2089539574\">\n\n\t<div id=\"col-1427770815\" class=\"col small-12 large-12\"  >\n\t\t\t\t<div class=\"col-inner text-center dark\"  >\n\t\t\t\n\t\t\t\n\n  <div class=\"banner has-hover\" id=\"banner-1367577468\">\n          <div class=\"banner-inner fill\">\n        <div class=\"banner-bg fill\" >\n            <img loading=\"lazy\" decoding=\"async\" width=\"1020\" height=\"421\" src=\"https:\/\/cncrush.com\/wp-content\/uploads\/2024\/09\/milled-stainless-steel-background-1024x423.webp\" class=\"bg attachment-large size-large\" alt=\"\" title=\"\">                        <div class=\"overlay\"><\/div>            \n                    <\/div>\n\t\t\n        <div class=\"banner-layers container\">\n            <div class=\"fill banner-link\"><\/div>            \n   <div id=\"text-box-65923175\" class=\"text-box banner-layer x50 md-x50 lg-x50 y50 md-y50 lg-y50 res-text\">\n                                <div class=\"text-box-content text dark\">\n              \n              <div class=\"text-inner text-center\">\n                  \n\t<div id=\"text-2553591378\" class=\"text\">\n\t\t\n<h3>Zn\u00ed to zaj\u00edmav\u011b? Z\u00edskejte bezplatnou cenovou nab\u00eddku je\u0161t\u011b dnes!<\/h3>\n\t\t\n<style>\n#text-2553591378 {\n  font-size: 0.75rem;\n  text-align: center;\n}\n<\/style>\n\t<\/div>\n\t\n<a href=\"https:\/\/cncrush.com\/cs\/poslat-dotaz\/\" class=\"button alert\"  >\n\t\t<span>Po\u0161lete sv\u016fj dotaz<\/span>\n\t<\/a>\n\n              <\/div>\n           <\/div>\n                            \n<style>\n#text-box-65923175 {\n  width: 100%;\n}\n#text-box-65923175 .text-box-content {\n  font-size: 100%;\n}\n@media (min-width:550px) {\n  #text-box-65923175 {\n    width: 94%;\n  }\n}\n<\/style>\n    <\/div>\n \n        <\/div>\n      <\/div>\n\n            \n<style>\n#banner-1367577468 {\n  padding-top: 99.99%;\n}\n#banner-1367577468 .overlay {\n  background-color: rgba(0, 0, 0, 0.17);\n}\n#banner-1367577468 .banner-bg img {\n  object-position: 47% 60%;\n}\n@media (min-width:550px) {\n  #banner-1367577468 {\n    padding-top: 118px;\n  }\n}\n<\/style>\n  <\/div>\n\n\n\t\t<\/div>\n\t\t\t\t\t<\/div>\n\n\t\n<\/div>","protected":false},"excerpt":{"rendered":"","protected":false},"author":1,"featured_media":0,"parent":0,"menu_order":0,"comment_status":"closed","ping_status":"closed","template":"page-blank.php","meta":{"footnotes":""},"class_list":["post-29","page","type-page","status-publish","hentry"],"_links":{"self":[{"href":"https:\/\/cncrush.com\/cs\/wp-json\/wp\/v2\/pages\/29","targetHints":{"allow":["GET"]}}],"collection":[{"href":"https:\/\/cncrush.com\/cs\/wp-json\/wp\/v2\/pages"}],"about":[{"href":"https:\/\/cncrush.com\/cs\/wp-json\/wp\/v2\/types\/page"}],"author":[{"embeddable":true,"href":"https:\/\/cncrush.com\/cs\/wp-json\/wp\/v2\/users\/1"}],"replies":[{"embeddable":true,"href":"https:\/\/cncrush.com\/cs\/wp-json\/wp\/v2\/comments?post=29"}],"version-history":[{"count":0,"href":"https:\/\/cncrush.com\/cs\/wp-json\/wp\/v2\/pages\/29\/revisions"}],"wp:attachment":[{"href":"https:\/\/cncrush.com\/cs\/wp-json\/wp\/v2\/media?parent=29"}],"curies":[{"name":"wp","href":"https:\/\/api.w.org\/{rel}","templated":true}]}}