{"id":31,"date":"2024-09-29T03:50:09","date_gmt":"2024-09-29T03:50:09","guid":{"rendered":"https:\/\/cncrush.com\/?page_id=31"},"modified":"2024-12-20T14:11:01","modified_gmt":"2024-12-20T14:11:01","slug":"strojirenstvi-a-automatizace","status":"publish","type":"page","link":"https:\/\/cncrush.com\/cs\/strojirenstvi-a-automatizace\/","title":{"rendered":"Stroj\u00edrenstv\u00ed a automatizace"},"content":{"rendered":"<section class=\"section dark\" id=\"section_1458045876\">\n\t\t<div class=\"section-bg fill\" >\n\t\t\t<img loading=\"lazy\" decoding=\"async\" width=\"2100\" height=\"700\" src=\"https:\/\/cncrush.com\/wp-content\/uploads\/2024\/10\/machine-building-automation.webp\" class=\"bg attachment- size-\" alt=\"\" title=\"\">\t\t\t\t\t\t<div class=\"section-bg-overlay absolute fill\"><\/div><button class=\"scroll-for-more z-5 icon absolute bottom h-center\" aria-label=\"P\u0159ejd\u011bte dol\u016f pro v\u00edce informac\u00ed\"><i class=\"icon-angle-down\" style=\"font-size:42px;\" ><\/i><\/button>\n\t\t\t\n\n\t\t<\/div>\n\n\t\t\n\n\t\t<div class=\"section-content relative\">\n\t\t\t\n<div class=\"row align-center\"  id=\"row-1845163601\">\n\n\t<div id=\"col-392627113\" class=\"col medium-10 small-12 large-10\"  >\n\t\t\t\t<div class=\"col-inner text-center\"  >\n\t\t\t\n\t\t\t\n\t<div id=\"text-441017339\" class=\"text\">\n\t\t\n<h1>V\u00fdroba stroj\u016f a automatizace CNC slu\u017eby<\/h1>\n\t\t\n<style>\n#text-441017339 {\n  font-size: 1.35rem;\n}\n@media (min-width:550px) {\n  #text-441017339 {\n    font-size: 2rem;\n  }\n}\n<\/style>\n\t<\/div>\n\t\n<div class=\"row\"  id=\"row-2116289208\">\n\n\t<div id=\"col-1377268699\" class=\"col medium-9 small-12 large-9\"  >\n\t\t\t\t<div class=\"col-inner\"  >\n\t\t\t\n\t\t\t\n<p>V CNCRUSH vyr\u00e1b\u00edme ka\u017ed\u00fd d\u00edl pro va\u0161e stroje nebo za\u0159\u00edzen\u00ed se spolehlivost\u00ed, hospod\u00e1rnost\u00ed a nejvy\u0161\u0161\u00ed kvalitou. D\u00edky certifikaci ISO 9001:2015 a ISO 14001 zaji\u0161\u0165ujeme v\u010dasn\u00e9 dod\u00e1n\u00ed a v\u00fdjime\u010dn\u00e9 standardy pro v\u0161echny komponenty.<\/p>\n\t\t<\/div>\n\t\t\t\t\t<\/div>\n\n\t\n<\/div>\n\t\t<\/div>\n\t\t\t\t\t<\/div>\n\n\t\n<\/div>\n\t\t<\/div>\n\n\t\t\n<style>\n#section_1458045876 {\n  padding-top: 30px;\n  padding-bottom: 30px;\n  min-height: 100px;\n}\n#section_1458045876 .section-bg-overlay {\n  background-color: rgba(0, 0, 0, 0.384);\n}\n#section_1458045876 .section-bg img {\n  object-position: 53% 58%;\n}\n@media (min-width:550px) {\n  #section_1458045876 {\n    min-height: 600px;\n  }\n}\n<\/style>\n\t<\/section>\n\t\n\n\t<section class=\"section\" id=\"section_1362608418\">\n\t\t<div class=\"section-bg fill\" >\n\t\t\t\t\t\t\t\t\t\n\t\t\t\n\n\t\t<\/div>\n\n\t\t\n\n\t\t<div class=\"section-content relative\">\n\t\t\t\n<div class=\"row row-large steps-simple-headline\"  id=\"row-1378910278\">\n\n\t<div id=\"col-1103755485\" class=\"col medium-8 small-12 large-12\"  >\n\t\t\t\t<div class=\"col-inner\"  >\n\t\t\t\n\t\t\t\n<div class=\"row row-collapse\"  id=\"row-1369731312\">\n\n\t<div id=\"col-2034263688\" class=\"col medium-1 small-2 large-1\"  >\n\t\t\t\t<div class=\"col-inner\"  >\n\t\t\t\n\t\t\t\n<h2>01<\/h2>\n\t\t<\/div>\n\t\t\t\t\t<\/div>\n\n\t\n\n\t<div id=\"col-1148076344\" class=\"col medium-11 small-10 large-11\"  >\n\t\t\t\t<div class=\"col-inner\"  >\n\t\t\t\n\t\t\t\n<h3>D\u00edly, kter\u00e9 vyr\u00e1b\u00edme<\/h3>\n<p>Na\u0161e odborn\u00e9 znalosti zahrnuj\u00ed r\u016fzn\u00e9 materi\u00e1ly, v\u010detn\u011b hlin\u00edku, oceli, m\u011bdi a plast\u016f, pro d\u00edly, jako jsou:<\/p>\n<ul>\n<li>T\u011blesa, pouzdra, bloky<\/li>\n<li>Upev\u0148ovac\u00ed, se\u0159izovac\u00ed a spojovac\u00ed prvky<\/li>\n<li>Lamely a profily<\/li>\n<li>Obj\u00edmky, krou\u017eky, matice, n\u00e1pravy a h\u0159\u00eddele<\/li>\n<li>Dr\u017e\u00e1ky<\/li>\n<li>Tal\u00ed\u0159e<\/li>\n<\/ul>\n\t\t<\/div>\n\t\t\t\t\t<\/div>\n\n\t\n<\/div>\n<div class=\"is-divider divider clearfix\" style=\"margin-top:10px;margin-bottom:10px;max-width:100%;height:1px;\"><\/div>\n<div class=\"row row-collapse\"  id=\"row-297802860\">\n\n\t<div id=\"col-256884967\" class=\"col medium-1 small-2 large-1\"  >\n\t\t\t\t<div class=\"col-inner\"  >\n\t\t\t\n\t\t\t\n<h2>02<\/h2>\n\t\t<\/div>\n\t\t\t\t\t<\/div>\n\n\t\n\n\t<div id=\"col-1195652634\" class=\"col medium-11 small-10 large-11\"  >\n\t\t\t\t<div class=\"col-inner\"  >\n\t\t\t\n\t\t\t\n<h3>N\u00e1\u0161 proces<\/h3>\n<p>U CNCRUSH je kvalita na\u0161\u00ed nejvy\u0161\u0161\u00ed prioritou.<\/p>\n<ul>\n<li><strong>Kontrola kvality 100%:<\/strong> Ka\u017ed\u00fd d\u00edl je schv\u00e1len pro v\u00fdrobu na\u0161\u00edm t\u00fdmem kontroly kvality s nep\u0159etr\u017eit\u00fdm monitorov\u00e1n\u00edm procesu na z\u00e1klad\u011b podrobn\u00e9ho pl\u00e1nu kontroly.<\/li>\n<li><strong>Hl\u00e1\u0161en\u00ed:<\/strong> Na po\u017e\u00e1d\u00e1n\u00ed zajist\u00edme <strong>PPAP<\/strong> a <strong>8D zpr\u00e1vy<\/strong> abyste zajistili shodu s va\u0161imi specifikacemi.<\/li>\n<\/ul>\n\t\t<\/div>\n\t\t\t\t\t<\/div>\n\n\t\n<\/div>\n<div class=\"is-divider divider clearfix\" style=\"margin-top:10px;margin-bottom:10px;max-width:100%;height:1px;\"><\/div>\n<div class=\"row row-collapse align-middle\"  id=\"row-1541574516\">\n\n\t<div id=\"col-252253522\" class=\"col medium-1 small-2 large-1\"  >\n\t\t\t\t<div class=\"col-inner\"  >\n\t\t\t\n\t\t\t\n<h2>03<\/h2>\n\t\t<\/div>\n\t\t\t\t\t<\/div>\n\n\t\n\n\t<div id=\"col-499945852\" class=\"col medium-11 small-10 large-11\"  >\n\t\t\t\t<div class=\"col-inner\"  >\n\t\t\t\n\t\t\t\n<h3>Zaji\u0161t\u011bn\u00ed kvality<\/h3>\n<p>U CNCRUSH je kvalita na\u0161\u00ed nejvy\u0161\u0161\u00ed prioritou.<\/p>\n<ul>\n<li><strong>Kontrola kvality 100%:<\/strong> Ka\u017ed\u00fd d\u00edl je schv\u00e1len pro v\u00fdrobu na\u0161\u00edm t\u00fdmem kontroly kvality s nep\u0159etr\u017eit\u00fdm monitorov\u00e1n\u00edm procesu na z\u00e1klad\u011b podrobn\u00e9ho pl\u00e1nu kontroly.<\/li>\n<li><strong>Hl\u00e1\u0161en\u00ed:<\/strong> Na po\u017e\u00e1d\u00e1n\u00ed zajist\u00edme <strong>Zpr\u00e1vy o kontrole prvn\u00edho \u010dl\u00e1nku (FAI) a<\/strong> <strong>8D zpr\u00e1vy<\/strong> abyste zajistili shodu s va\u0161imi specifikacemi.<\/li>\n<\/ul>\n\t\t<\/div>\n\t\t\t\t\t<\/div>\n\n\t\n<\/div>\n\t\t<\/div>\n\t\t\t\t\t<\/div>\n\n\t\n<\/div>\n\t\t<\/div>\n\n\t\t\n<style>\n#section_1362608418 {\n  padding-top: 60px;\n  padding-bottom: 60px;\n}\n<\/style>\n\t<\/section>\n\t\n<div class=\"row row-collapse row-full-width\"  id=\"row-978948179\">\n\n\t<div id=\"col-1783414863\" class=\"col small-12 large-12\"  >\n\t\t\t\t<div class=\"col-inner text-center dark\"  >\n\t\t\t\n\t\t\t\n\n  <div class=\"banner has-hover\" id=\"banner-1882844098\">\n          <div class=\"banner-inner fill\">\n        <div class=\"banner-bg fill\" >\n            <img loading=\"lazy\" decoding=\"async\" width=\"1020\" height=\"421\" src=\"https:\/\/cncrush.com\/wp-content\/uploads\/2024\/09\/milled-stainless-steel-background-1024x423.webp\" class=\"bg attachment-large size-large\" alt=\"\" title=\"\">                        <div class=\"overlay\"><\/div>            \n                    <\/div>\n\t\t\n        <div class=\"banner-layers container\">\n            <div class=\"fill banner-link\"><\/div>            \n   <div id=\"text-box-1054255241\" class=\"text-box banner-layer x50 md-x50 lg-x50 y50 md-y50 lg-y50 res-text\">\n                                <div class=\"text-box-content text dark\">\n              \n              <div class=\"text-inner text-center\">\n                  \n\t<div id=\"text-3959375519\" class=\"text\">\n\t\t\n<h3>M\u00e1te z\u00e1jem? Z\u00edskejte bezplatnou cenovou nab\u00eddku je\u0161t\u011b dnes!<\/h3>\n\t\t\n<style>\n#text-3959375519 {\n  font-size: 0.75rem;\n  text-align: center;\n}\n<\/style>\n\t<\/div>\n\t\n<a href=\"https:\/\/cncrush.com\/cs\/poslat-dotaz\/\" class=\"button alert\"  >\n\t\t<span>Po\u0161lete sv\u016fj dotaz<\/span>\n\t<\/a>\n\n              <\/div>\n           <\/div>\n                            \n<style>\n#text-box-1054255241 {\n  width: 100%;\n}\n#text-box-1054255241 .text-box-content {\n  font-size: 100%;\n}\n@media (min-width:550px) {\n  #text-box-1054255241 {\n    width: 94%;\n  }\n}\n<\/style>\n    <\/div>\n \n        <\/div>\n      <\/div>\n\n            \n<style>\n#banner-1882844098 {\n  padding-top: 99.99%;\n}\n#banner-1882844098 .overlay {\n  background-color: rgba(0, 0, 0, 0.17);\n}\n#banner-1882844098 .banner-bg img {\n  object-position: 47% 60%;\n}\n@media (min-width:550px) {\n  #banner-1882844098 {\n    padding-top: 105px;\n  }\n}\n<\/style>\n  <\/div>\n\n\n\t\t<\/div>\n\t\t\t\t\t<\/div>\n\n\t\n<\/div>","protected":false},"excerpt":{"rendered":"","protected":false},"author":1,"featured_media":0,"parent":0,"menu_order":0,"comment_status":"closed","ping_status":"closed","template":"page-blank.php","meta":{"footnotes":""},"class_list":["post-31","page","type-page","status-publish","hentry"],"_links":{"self":[{"href":"https:\/\/cncrush.com\/cs\/wp-json\/wp\/v2\/pages\/31","targetHints":{"allow":["GET"]}}],"collection":[{"href":"https:\/\/cncrush.com\/cs\/wp-json\/wp\/v2\/pages"}],"about":[{"href":"https:\/\/cncrush.com\/cs\/wp-json\/wp\/v2\/types\/page"}],"author":[{"embeddable":true,"href":"https:\/\/cncrush.com\/cs\/wp-json\/wp\/v2\/users\/1"}],"replies":[{"embeddable":true,"href":"https:\/\/cncrush.com\/cs\/wp-json\/wp\/v2\/comments?post=31"}],"version-history":[{"count":0,"href":"https:\/\/cncrush.com\/cs\/wp-json\/wp\/v2\/pages\/31\/revisions"}],"wp:attachment":[{"href":"https:\/\/cncrush.com\/cs\/wp-json\/wp\/v2\/media?parent=31"}],"curies":[{"name":"wp","href":"https:\/\/api.w.org\/{rel}","templated":true}]}}