{"id":33,"date":"2024-09-29T03:50:17","date_gmt":"2024-09-29T03:50:17","guid":{"rendered":"https:\/\/cncrush.com\/?page_id=33"},"modified":"2024-12-20T14:14:01","modified_gmt":"2024-12-20T14:14:01","slug":"spotrebni-zbozi","status":"publish","type":"page","link":"https:\/\/cncrush.com\/cs\/spotrebni-zbozi\/","title":{"rendered":"Spot\u0159ebn\u00ed produkty"},"content":{"rendered":"<section class=\"section dark\" id=\"section_563342685\">\n\t\t<div class=\"section-bg fill\" >\n\t\t\t<img loading=\"lazy\" decoding=\"async\" width=\"2100\" height=\"700\" src=\"https:\/\/cncrush.com\/wp-content\/uploads\/2024\/10\/consumer-products.webp\" class=\"bg attachment- size-\" alt=\"\" title=\"\">\t\t\t\t\t\t<div class=\"section-bg-overlay absolute fill\"><\/div><button class=\"scroll-for-more z-5 icon absolute bottom h-center\" aria-label=\"P\u0159ejd\u011bte dol\u016f pro v\u00edce informac\u00ed\"><i class=\"icon-angle-down\" style=\"font-size:42px;\" ><\/i><\/button>\n\t\t\t\n\n\t\t<\/div>\n\n\t\t\n\n\t\t<div class=\"section-content relative\">\n\t\t\t\n<div class=\"row align-center\"  id=\"row-141795082\">\n\n\t<div id=\"col-1232608453\" class=\"col medium-10 small-12 large-10\"  >\n\t\t\t\t<div class=\"col-inner text-center\"  >\n\t\t\t\n\t\t\t\n\t<div id=\"text-1540413876\" class=\"text\">\n\t\t\n<h1>V\u00fdroba spot\u0159ebn\u00edho zbo\u017e\u00ed<\/h1>\n\t\t\n<style>\n#text-1540413876 {\n  font-size: 1.35rem;\n}\n@media (min-width:550px) {\n  #text-1540413876 {\n    font-size: 2rem;\n  }\n}\n<\/style>\n\t<\/div>\n\t\n<div class=\"row\"  id=\"row-1534758775\">\n\n\t<div id=\"col-498777499\" class=\"col medium-9 small-12 large-9\"  >\n\t\t\t\t<div class=\"col-inner\"  >\n\t\t\t\n\t\t\t\n<p>V CNCRUSH p\u0159ivedeme va\u0161e n\u00e1pady na produkty k \u017eivotu a pom\u016f\u017eeme v\u00e1m optimalizovat n\u00e1klady na design i v\u00fdrobu. Zajist\u00edme, \u017ee v\u00e1\u0161 produkt bude zabalen podle va\u0161ich specifikac\u00ed a bude poskytovat kvalitu i hodnotu.<\/p>\n\t\t<\/div>\n\t\t\t\t\t<\/div>\n\n\t\n<\/div>\n\t\t<\/div>\n\t\t\t\t\t<\/div>\n\n\t\n<\/div>\n\t\t<\/div>\n\n\t\t\n<style>\n#section_563342685 {\n  padding-top: 30px;\n  padding-bottom: 30px;\n  min-height: 100px;\n}\n#section_563342685 .section-bg-overlay {\n  background-color: rgba(0, 0, 0, 0.384);\n}\n#section_563342685 .section-bg img {\n  object-position: 53% 58%;\n}\n@media (min-width:550px) {\n  #section_563342685 {\n    min-height: 600px;\n  }\n}\n<\/style>\n\t<\/section>\n\t\n\n\t<section class=\"section\" id=\"section_193026404\">\n\t\t<div class=\"section-bg fill\" >\n\t\t\t\t\t\t\t\t\t\n\t\t\t\n\n\t\t<\/div>\n\n\t\t\n\n\t\t<div class=\"section-content relative\">\n\t\t\t\n<div class=\"row row-large steps-simple-headline\"  id=\"row-2025241586\">\n\n\t<div id=\"col-457746503\" class=\"col medium-8 small-12 large-12\"  >\n\t\t\t\t<div class=\"col-inner\"  >\n\t\t\t\n\t\t\t\n<div class=\"row row-collapse\"  id=\"row-1329938883\">\n\n\t<div id=\"col-166368498\" class=\"col medium-1 small-2 large-1\"  >\n\t\t\t\t<div class=\"col-inner\"  >\n\t\t\t\n\t\t\t\n<h2>01<\/h2>\n\t\t<\/div>\n\t\t\t\t\t<\/div>\n\n\t\n\n\t<div id=\"col-1056552341\" class=\"col medium-11 small-10 large-11\"  >\n\t\t\t\t<div class=\"col-inner\"  >\n\t\t\t\n\t\t\t\n<h3>P\u0159\u00edklady produkt\u016f, kter\u00e9 vyr\u00e1b\u00edme<\/h3>\n<ul>\n<li>Pouzdra pro tla\u010d\u00edtka \u0159\u00eddic\u00edho syst\u00e9mu budovy<\/li>\n<li>Pouzdra na tablety<\/li>\n<li>\u010c\u00e1sti j\u00edzdn\u00edch kol<\/li>\n<li>Komponenty pro vodn\u00ed d\u00fdmky<\/li>\n<li>Dr\u017e\u00e1ky a knofl\u00edky pro dom\u00e1c\u00ed spot\u0159ebi\u010de a elektronick\u00e1 za\u0159\u00edzen\u00ed<\/li>\n<\/ul>\n\t\t<\/div>\n\t\t\t\t\t<\/div>\n\n\t\n<\/div>\n<div class=\"is-divider divider clearfix\" style=\"margin-top:10px;margin-bottom:10px;max-width:100%;height:1px;\"><\/div>\n<div class=\"row row-collapse\"  id=\"row-1317047593\">\n\n\t<div id=\"col-107011453\" class=\"col medium-1 small-2 large-1\"  >\n\t\t\t\t<div class=\"col-inner\"  >\n\t\t\t\n\t\t\t\n<h2>02<\/h2>\n\t\t<\/div>\n\t\t\t\t\t<\/div>\n\n\t\n\n\t<div id=\"col-925252623\" class=\"col medium-11 small-10 large-11\"  >\n\t\t\t\t<div class=\"col-inner\"  >\n\t\t\t\n\t\t\t\n<h3>Komplexn\u00ed podpora<\/h3>\n<p>M\u00e1te n\u00e1pad, ale nejste si jisti dal\u0161\u00edmi kroky? V CNCRUSH prom\u011bn\u00edme va\u0161e p\u0159edstavy ve skute\u010dnost. N\u00e1\u0161 t\u00fdm v\u00e1m pom\u016f\u017ee:<\/p>\n<ul>\n<li><strong>Navrhov\u00e1n\u00ed va\u0161eho produktu<\/strong> abyste zajistili, \u017ee spl\u0148uje va\u0161i p\u0159edstavu<\/li>\n<li>Zaji\u0161t\u011bn\u00ed <strong>optim\u00e1ln\u00ed v\u00fdkon<\/strong> se spr\u00e1vn\u00fdmi specifikacemi<\/li>\n<li><strong>V\u00fdb\u011br nejlep\u0161\u00edch materi\u00e1l\u016f<\/strong> pro odolnost a funk\u010dnost<\/li>\n<li>Vytv\u00e1\u0159en\u00ed nejv\u00edce <strong>efektivn\u00ed v\u00fdrobn\u00ed proces<\/strong><\/li>\n<li><strong>V\u00fdb\u011br perfektn\u00edho balen\u00ed<\/strong> aby odpov\u00eddaly va\u0161\u00ed zna\u010dce<\/li>\n<\/ul>\n\t\t<\/div>\n\t\t\t\t\t<\/div>\n\n\t\n<\/div>\n<div class=\"is-divider divider clearfix\" style=\"margin-top:10px;margin-bottom:10px;max-width:100%;height:1px;\"><\/div>\n<div class=\"row row-collapse align-middle\"  id=\"row-1662809031\">\n\n\t<div id=\"col-2138855191\" class=\"col medium-1 small-2 large-1\"  >\n\t\t\t\t<div class=\"col-inner\"  >\n\t\t\t\n\t\t\t\n<h2>03<\/h2>\n\t\t<\/div>\n\t\t\t\t\t<\/div>\n\n\t\n\n\t<div id=\"col-1230898969\" class=\"col medium-11 small-10 large-11\"  >\n\t\t\t\t<div class=\"col-inner\"  >\n\t\t\t\n\t\t\t\n<h3>V\u00fdrobn\u00ed proces na m\u00edru<\/h3>\n<p>V CNCRUSH nab\u00edz\u00edme komplexn\u00ed v\u00fdrobn\u00ed \u0159e\u0161en\u00ed p\u0159izp\u016fsoben\u00e1 specifick\u00fdm pot\u0159eb\u00e1m va\u0161eho produktu:<\/p>\n<ul>\n<li><strong>Design a p\u0159esnost:<\/strong> Detailn\u00ed konstrukce a optimalizace parametr\u016f<\/li>\n<li><strong>V\u00fdvoj a testov\u00e1n\u00ed:<\/strong> Identifikace spr\u00e1vn\u00e9 technologie a dal\u0161\u00edch \u00faprav<\/li>\n<li><strong>Vizu\u00e1ln\u00ed a obalov\u00e1 \u0159e\u0161en\u00ed:<\/strong> Zaji\u0161t\u011bn\u00ed, \u017ee kone\u010dn\u00fd produkt vypad\u00e1 skv\u011ble a je n\u00e1le\u017eit\u011b chr\u00e1n\u011bn<\/li>\n<li><strong>Kontrola kvality:<\/strong> Komplexn\u00ed kontroly pro zaji\u0161t\u011bn\u00ed nejvy\u0161\u0161\u00ed kvality<\/li>\n<li><strong>Flexibilita:<\/strong> Snadno se p\u0159izp\u016fsobte modifikac\u00edm produktu a vylep\u0161en\u00edm designu<\/li>\n<li><strong>P\u0159\u00edm\u00e1 komunikace:<\/strong> \u00dazk\u00e1 spolupr\u00e1ce s va\u0161\u00edm projektov\u00fdm mana\u017eerem a pr\u016fb\u011b\u017en\u00e9 monitorov\u00e1n\u00ed v\u00fdrobn\u00ed linky<\/li>\n<li><strong>Trvanlivost a testov\u00e1n\u00ed:<\/strong> V\u00fdb\u011br spr\u00e1vn\u00fdch materi\u00e1l\u016f pro dlouhou \u017eivotnost produktu<\/li>\n<\/ul>\n\t\t<\/div>\n\t\t\t\t\t<\/div>\n\n\t\n<\/div>\n<div class=\"is-divider divider clearfix\" style=\"margin-top:10px;margin-bottom:10px;max-width:100%;height:1px;\"><\/div>\n\t\t<\/div>\n\t\t\t\t\t<\/div>\n\n\t\n<\/div>\n\t\t<\/div>\n\n\t\t\n<style>\n#section_193026404 {\n  padding-top: 60px;\n  padding-bottom: 60px;\n}\n<\/style>\n\t<\/section>\n\t\n<div class=\"row row-collapse row-full-width\"  id=\"row-841281720\">\n\n\t<div id=\"col-164452651\" class=\"col small-12 large-12\"  >\n\t\t\t\t<div class=\"col-inner text-center dark\"  >\n\t\t\t\n\t\t\t\n\n  <div class=\"banner has-hover\" id=\"banner-623088992\">\n          <div class=\"banner-inner fill\">\n        <div class=\"banner-bg fill\" >\n            <img loading=\"lazy\" decoding=\"async\" width=\"1020\" height=\"421\" src=\"https:\/\/cncrush.com\/wp-content\/uploads\/2024\/09\/milled-stainless-steel-background-1024x423.webp\" class=\"bg attachment-large size-large\" alt=\"\" title=\"\">                        <div class=\"overlay\"><\/div>            \n                    <\/div>\n\t\t\n        <div class=\"banner-layers container\">\n            <div class=\"fill banner-link\"><\/div>            \n   <div id=\"text-box-328942733\" class=\"text-box banner-layer x50 md-x50 lg-x50 y50 md-y50 lg-y50 res-text\">\n                                <div class=\"text-box-content text dark\">\n              \n              <div class=\"text-inner text-center\">\n                  \n\t<div id=\"text-15003173\" class=\"text\">\n\t\t\n<h3>M\u00e1te z\u00e1jem? Z\u00edskejte bezplatnou cenovou nab\u00eddku je\u0161t\u011b dnes!<\/h3>\n\t\t\n<style>\n#text-15003173 {\n  font-size: 0.75rem;\n  text-align: center;\n}\n<\/style>\n\t<\/div>\n\t\n<a href=\"https:\/\/cncrush.com\/cs\/poslat-dotaz\/\" class=\"button alert\"  >\n\t\t<span>Po\u0161lete sv\u016fj dotaz<\/span>\n\t<\/a>\n\n              <\/div>\n           <\/div>\n                            \n<style>\n#text-box-328942733 {\n  width: 100%;\n}\n#text-box-328942733 .text-box-content {\n  font-size: 100%;\n}\n@media (min-width:550px) {\n  #text-box-328942733 {\n    width: 94%;\n  }\n}\n<\/style>\n    <\/div>\n \n        <\/div>\n      <\/div>\n\n            \n<style>\n#banner-623088992 {\n  padding-top: 99.99%;\n}\n#banner-623088992 .overlay {\n  background-color: rgba(0, 0, 0, 0.17);\n}\n#banner-623088992 .banner-bg img {\n  object-position: 47% 60%;\n}\n@media (min-width:550px) {\n  #banner-623088992 {\n    padding-top: 119px;\n  }\n}\n<\/style>\n  <\/div>\n\n\n\t\t<\/div>\n\t\t\t\t\t<\/div>\n\n\t\n<\/div>","protected":false},"excerpt":{"rendered":"","protected":false},"author":1,"featured_media":0,"parent":0,"menu_order":0,"comment_status":"closed","ping_status":"closed","template":"page-blank.php","meta":{"footnotes":""},"class_list":["post-33","page","type-page","status-publish","hentry"],"_links":{"self":[{"href":"https:\/\/cncrush.com\/cs\/wp-json\/wp\/v2\/pages\/33","targetHints":{"allow":["GET"]}}],"collection":[{"href":"https:\/\/cncrush.com\/cs\/wp-json\/wp\/v2\/pages"}],"about":[{"href":"https:\/\/cncrush.com\/cs\/wp-json\/wp\/v2\/types\/page"}],"author":[{"embeddable":true,"href":"https:\/\/cncrush.com\/cs\/wp-json\/wp\/v2\/users\/1"}],"replies":[{"embeddable":true,"href":"https:\/\/cncrush.com\/cs\/wp-json\/wp\/v2\/comments?post=33"}],"version-history":[{"count":0,"href":"https:\/\/cncrush.com\/cs\/wp-json\/wp\/v2\/pages\/33\/revisions"}],"wp:attachment":[{"href":"https:\/\/cncrush.com\/cs\/wp-json\/wp\/v2\/media?parent=33"}],"curies":[{"name":"wp","href":"https:\/\/api.w.org\/{rel}","templated":true}]}}