{"id":37,"date":"2024-09-29T03:50:30","date_gmt":"2024-09-29T03:50:30","guid":{"rendered":"https:\/\/cncrush.com\/?page_id=37"},"modified":"2024-12-20T13:53:35","modified_gmt":"2024-12-20T13:53:35","slug":"lekarsky-prumysl","status":"publish","type":"page","link":"https:\/\/cncrush.com\/cs\/lekarsky-prumysl\/","title":{"rendered":"L\u00e9ka\u0159sk\u00fd pr\u016fmysl"},"content":{"rendered":"<section class=\"section dark\" id=\"section_537101143\">\n\t\t<div class=\"section-bg fill\" >\n\t\t\t<img loading=\"lazy\" decoding=\"async\" width=\"2100\" height=\"700\" src=\"https:\/\/cncrush.com\/wp-content\/uploads\/2024\/10\/medical-industry.webp\" class=\"bg attachment- size-\" alt=\"\" title=\"\">\t\t\t\t\t\t<div class=\"section-bg-overlay absolute fill\"><\/div><button class=\"scroll-for-more z-5 icon absolute bottom h-center\" aria-label=\"P\u0159ejd\u011bte dol\u016f pro v\u00edce informac\u00ed\"><i class=\"icon-angle-down\" style=\"font-size:42px;\" ><\/i><\/button>\n\t\t\t\n\n\t\t<\/div>\n\n\t\t\n\n\t\t<div class=\"section-content relative\">\n\t\t\t\n<div class=\"row align-center\"  id=\"row-1404254375\">\n\n\t<div id=\"col-1335107177\" class=\"col medium-10 small-12 large-10\"  >\n\t\t\t\t<div class=\"col-inner text-center\"  >\n\t\t\t\n\t\t\t\n\t<div id=\"text-3336738096\" class=\"text\">\n\t\t\n<h1>P\u0159esn\u00e9 CNC d\u00edly pro l\u00e9ka\u0159sk\u00fd pr\u016fmysl<\/h1>\n\t\t\n<style>\n#text-3336738096 {\n  font-size: 1.35rem;\n}\n@media (min-width:550px) {\n  #text-3336738096 {\n    font-size: 2rem;\n  }\n}\n<\/style>\n\t<\/div>\n\t\n<div class=\"row\"  id=\"row-1709669673\">\n\n\t<div id=\"col-1902092372\" class=\"col medium-9 small-12 large-9\"  >\n\t\t\t\t<div class=\"col-inner\"  >\n\t\t\t\n\t\t\t\n<p>V CNCRUSH vyr\u00e1b\u00edme p\u0159esn\u00e9 komponenty pro specializovan\u00e9 l\u00e9ka\u0159sk\u00e9 vybaven\u00ed, co\u017e zaji\u0161\u0165uje nejvy\u0161\u0161\u00ed kvalitu a spolehlivost pro l\u00e9ka\u0159sk\u00fd sektor.<\/p>\n\t\t<\/div>\n\t\t\t\t\t<\/div>\n\n\t\n<\/div>\n\t\t<\/div>\n\t\t\t\t\t<\/div>\n\n\t\n<\/div>\n\t\t<\/div>\n\n\t\t\n<style>\n#section_537101143 {\n  padding-top: 30px;\n  padding-bottom: 30px;\n  min-height: 100px;\n}\n#section_537101143 .section-bg-overlay {\n  background-color: rgba(0, 0, 0, 0.384);\n}\n#section_537101143 .section-bg img {\n  object-position: 53% 58%;\n}\n@media (min-width:550px) {\n  #section_537101143 {\n    min-height: 600px;\n  }\n}\n<\/style>\n\t<\/section>\n\t\n\n\t<section class=\"section\" id=\"section_1734934137\">\n\t\t<div class=\"section-bg fill\" >\n\t\t\t\t\t\t\t\t\t\n\t\t\t\n\n\t\t<\/div>\n\n\t\t\n\n\t\t<div class=\"section-content relative\">\n\t\t\t\n<div class=\"row row-large steps-simple-headline\"  id=\"row-554650714\">\n\n\t<div id=\"col-1863817433\" class=\"col medium-8 small-12 large-12\"  >\n\t\t\t\t<div class=\"col-inner\"  >\n\t\t\t\n\t\t\t\n<div class=\"row row-collapse\"  id=\"row-815572822\">\n\n\t<div id=\"col-493407308\" class=\"col medium-1 small-2 large-1\"  >\n\t\t\t\t<div class=\"col-inner\"  >\n\t\t\t\n\t\t\t\n<h2>01<\/h2>\n\t\t<\/div>\n\t\t\t\t\t<\/div>\n\n\t\n\n\t<div id=\"col-846240328\" class=\"col medium-11 small-10 large-11\"  >\n\t\t\t\t<div class=\"col-inner\"  >\n\t\t\t\n\t\t\t\n<h3>D\u00edly, kter\u00e9 vyr\u00e1b\u00edme<\/h3>\n<p>Specializujeme se na v\u00fdrobu kritick\u00fdch d\u00edl\u016f pro zdravotnick\u00e1 za\u0159\u00edzen\u00ed, v\u010detn\u011b:<\/p>\n<ul>\n<li><strong>Hlin\u00edkov\u00e1 pouzdra<\/strong><\/li>\n<li><strong>Mechanick\u00e9 d\u00edly<\/strong> pro l\u00e9ka\u0159sk\u00e9 vybaven\u00ed vyroben\u00e9 z hlin\u00edku a nerezov\u00e9 oceli, pou\u017e\u00edvan\u00e9 v radioterapii, endoskopii, laparoskopii a zubn\u00edch skenerech<\/li>\n<li><strong>Elektrody<\/strong><\/li>\n<\/ul>\n\t\t<\/div>\n\t\t\t\t\t<\/div>\n\n\t\n<\/div>\n<div class=\"is-divider divider clearfix\" style=\"margin-top:10px;margin-bottom:10px;max-width:100%;height:1px;\"><\/div>\n<div class=\"row row-collapse\"  id=\"row-1853362569\">\n\n\t<div id=\"col-2030983233\" class=\"col medium-1 small-2 large-1\"  >\n\t\t\t\t<div class=\"col-inner\"  >\n\t\t\t\n\t\t\t\n<h2>02<\/h2>\n\t\t<\/div>\n\t\t\t\t\t<\/div>\n\n\t\n\n\t<div id=\"col-1770856888\" class=\"col medium-11 small-10 large-11\"  >\n\t\t\t\t<div class=\"col-inner\"  >\n\t\t\t\n\t\t\t\n<h3>N\u00e1\u0161 v\u00fdrobn\u00ed proces<\/h3>\n<ul>\n<li><strong>P\u0159esnost:<\/strong> Vyr\u00e1b\u00edme mal\u00e9, vysoce p\u0159esn\u00e9 d\u00edly s tolerancemi a\u017e 0,02 mm.<\/li>\n<li><strong>\u010cistota:<\/strong> Ka\u017ed\u00fd d\u00edl je pe\u010dliv\u011b kontrolov\u00e1n, aby bylo zaji\u0161t\u011bno, \u017ee neobsahuje ot\u0159epy, hobliny nebo zbytky oleje.<\/li>\n<li><strong>Spolehlivost:<\/strong> Pe\u010dliv\u011b vyb\u00edr\u00e1me v\u00fdrobn\u00ed procesy, kter\u00e9 zaji\u0161\u0165uj\u00ed vysokou opakovatelnost, funk\u010dnost a shodu d\u00edl\u016f.<\/li>\n<li><strong>Zapojen\u00ed z\u00e1kazn\u00edk\u016f:<\/strong> \u00dazce spolupracujeme se z\u00e1kazn\u00edky, abychom analyzovali po\u017eadavky na design a p\u0159izp\u016fsobili na\u0161e procesy tak, aby vyhovovaly jejich specifick\u00fdm pot\u0159eb\u00e1m.<\/li>\n<\/ul>\n\t\t<\/div>\n\t\t\t\t\t<\/div>\n\n\t\n<\/div>\n<div class=\"is-divider divider clearfix\" style=\"margin-top:10px;margin-bottom:10px;max-width:100%;height:1px;\"><\/div>\n<div class=\"row row-collapse align-middle\"  id=\"row-1443834094\">\n\n\t<div id=\"col-1936293266\" class=\"col medium-1 small-2 large-1\"  >\n\t\t\t\t<div class=\"col-inner\"  >\n\t\t\t\n\t\t\t\n<h2>03<\/h2>\n\t\t<\/div>\n\t\t\t\t\t<\/div>\n\n\t\n\n\t<div id=\"col-1239168786\" class=\"col medium-11 small-10 large-11\"  >\n\t\t\t\t<div class=\"col-inner\"  >\n\t\t\t\n\t\t\t\n<h3>Zaji\u0161t\u011bn\u00ed kvality<\/h3>\n<p>P\u0159esnost je v l\u00e9ka\u0159sk\u00e9 oblasti kritick\u00e1 a my spl\u0148ujeme ty nejvy\u0161\u0161\u00ed standardy pou\u017e\u00edv\u00e1n\u00edm modern\u00edch m\u011b\u0159ic\u00edch za\u0159\u00edzen\u00ed, jako je nap\u0159 <strong>Hexagon Global S<\/strong>s p\u0159esnost\u00ed 0,005 mm. U slo\u017eit\u00fdch d\u00edl\u016f mal\u00fdch rozm\u011br\u016f prov\u00e1d\u00edme tak\u00e9 vizu\u00e1ln\u00ed kontroly pomoc\u00ed zv\u011bt\u0161en\u00fdch pohled\u016f, abychom zajistili kvalitu.<\/p>\n\t\t<\/div>\n\t\t\t\t\t<\/div>\n\n\t\n<\/div>\n<div class=\"is-divider divider clearfix\" style=\"margin-top:10px;margin-bottom:10px;max-width:100%;height:1px;\"><\/div>\n\t\t<\/div>\n\t\t\t\t\t<\/div>\n\n\t\n<\/div>\n\t\t<\/div>\n\n\t\t\n<style>\n#section_1734934137 {\n  padding-top: 60px;\n  padding-bottom: 60px;\n}\n<\/style>\n\t<\/section>\n\t\n<div class=\"row row-collapse row-full-width\"  id=\"row-477088369\">\n\n\t<div id=\"col-1357454952\" class=\"col small-12 large-12\"  >\n\t\t\t\t<div class=\"col-inner text-center dark\"  >\n\t\t\t\n\t\t\t\n\n  <div class=\"banner has-hover\" id=\"banner-1022939059\">\n          <div class=\"banner-inner fill\">\n        <div class=\"banner-bg fill\" >\n            <img loading=\"lazy\" decoding=\"async\" width=\"1020\" height=\"421\" src=\"https:\/\/cncrush.com\/wp-content\/uploads\/2024\/09\/milled-stainless-steel-background-1024x423.webp\" class=\"bg attachment-large size-large\" alt=\"\" title=\"\">                        <div class=\"overlay\"><\/div>            \n                    <\/div>\n\t\t\n        <div class=\"banner-layers container\">\n            <div class=\"fill banner-link\"><\/div>            \n   <div id=\"text-box-1171010630\" class=\"text-box banner-layer x50 md-x50 lg-x50 y50 md-y50 lg-y50 res-text\">\n                                <div class=\"text-box-content text dark\">\n              \n              <div class=\"text-inner text-center\">\n                  \n\t<div id=\"text-3462053081\" class=\"text\">\n\t\t\n<h3>M\u00e1te z\u00e1jem? Z\u00edskejte bezplatnou cenovou nab\u00eddku je\u0161t\u011b dnes!<\/h3>\n\t\t\n<style>\n#text-3462053081 {\n  font-size: 0.75rem;\n  text-align: center;\n}\n<\/style>\n\t<\/div>\n\t\n<a href=\"https:\/\/cncrush.com\/cs\/poslat-dotaz\/\" class=\"button alert\"  >\n\t\t<span>Po\u0161lete sv\u016fj dotaz<\/span>\n\t<\/a>\n\n              <\/div>\n           <\/div>\n                            \n<style>\n#text-box-1171010630 {\n  width: 100%;\n}\n#text-box-1171010630 .text-box-content {\n  font-size: 100%;\n}\n@media (min-width:550px) {\n  #text-box-1171010630 {\n    width: 94%;\n  }\n}\n<\/style>\n    <\/div>\n \n        <\/div>\n      <\/div>\n\n            \n<style>\n#banner-1022939059 {\n  padding-top: 99.99%;\n}\n#banner-1022939059 .overlay {\n  background-color: rgba(0, 0, 0, 0.17);\n}\n#banner-1022939059 .banner-bg img {\n  object-position: 47% 60%;\n}\n@media (min-width:550px) {\n  #banner-1022939059 {\n    padding-top: 97px;\n  }\n}\n<\/style>\n  <\/div>\n\n\n\t\t<\/div>\n\t\t\t\t\t<\/div>\n\n\t\n<\/div>","protected":false},"excerpt":{"rendered":"","protected":false},"author":1,"featured_media":0,"parent":0,"menu_order":0,"comment_status":"closed","ping_status":"closed","template":"page-blank.php","meta":{"footnotes":""},"class_list":["post-37","page","type-page","status-publish","hentry"],"_links":{"self":[{"href":"https:\/\/cncrush.com\/cs\/wp-json\/wp\/v2\/pages\/37","targetHints":{"allow":["GET"]}}],"collection":[{"href":"https:\/\/cncrush.com\/cs\/wp-json\/wp\/v2\/pages"}],"about":[{"href":"https:\/\/cncrush.com\/cs\/wp-json\/wp\/v2\/types\/page"}],"author":[{"embeddable":true,"href":"https:\/\/cncrush.com\/cs\/wp-json\/wp\/v2\/users\/1"}],"replies":[{"embeddable":true,"href":"https:\/\/cncrush.com\/cs\/wp-json\/wp\/v2\/comments?post=37"}],"version-history":[{"count":0,"href":"https:\/\/cncrush.com\/cs\/wp-json\/wp\/v2\/pages\/37\/revisions"}],"wp:attachment":[{"href":"https:\/\/cncrush.com\/cs\/wp-json\/wp\/v2\/media?parent=37"}],"curies":[{"name":"wp","href":"https:\/\/api.w.org\/{rel}","templated":true}]}}