{"id":43,"date":"2024-09-29T03:52:14","date_gmt":"2024-09-29T03:52:14","guid":{"rendered":"https:\/\/cncrush.com\/?page_id=43"},"modified":"2024-10-03T15:34:47","modified_gmt":"2024-10-03T15:34:47","slug":"zasady-cookies","status":"publish","type":"page","link":"https:\/\/cncrush.com\/cs\/zasady-cookies\/","title":{"rendered":"Z\u00e1sady pou\u017e\u00edv\u00e1n\u00ed soubor\u016f cookie"},"content":{"rendered":"<p>Na <strong><a href=\"https:\/\/cncrush.com\/cs\/\">CNCRUSH<\/a><\/strong>, jsme odhodl\u00e1ni chr\u00e1nit va\u0161e soukrom\u00ed a zajistit transparentnost v tom, jak nakl\u00e1d\u00e1me s va\u0161imi osobn\u00edmi \u00fadaji. Tyto Z\u00e1sady soubor\u016f cookie vysv\u011btluj\u00ed, jak na na\u0161ich webov\u00fdch str\u00e1nk\u00e1ch pou\u017e\u00edv\u00e1me soubory cookie a podobn\u00e9 technologie, <a href=\"https:\/\/cncrush.com\/cs\/\" target=\"_new\" rel=\"noopener\">https:\/\/cncrush.com\/<\/a> (\u201eWebov\u00e9 str\u00e1nky\u201c). Pokra\u010dov\u00e1n\u00edm v pou\u017e\u00edv\u00e1n\u00ed na\u0161ich webov\u00fdch str\u00e1nek souhlas\u00edte s pou\u017e\u00edv\u00e1n\u00edm soubor\u016f cookie, jak je uvedeno v t\u011bchto z\u00e1sad\u00e1ch.<\/p>\n<h4><strong>Co jsou soubory cookie?<\/strong><\/h4>\n<p>Cookies jsou mal\u00e9 textov\u00e9 soubory, kter\u00e9 se ukl\u00e1daj\u00ed do va\u0161eho za\u0159\u00edzen\u00ed (po\u010d\u00edta\u010d, chytr\u00fd telefon nebo tablet), kdy\u017e nav\u0161t\u00edv\u00edte webovou str\u00e1nku. Obsahuj\u00ed informace, kter\u00e9 pom\u00e1haj\u00ed webu rozpoznat va\u0161e za\u0159\u00edzen\u00ed a mohou zlep\u0161it v\u00e1\u0161 z\u00e1\u017eitek t\u00edm, \u017ee si pamatuj\u00ed preference, umo\u017e\u0148uj\u00ed rychlej\u0161\u00ed na\u010d\u00edt\u00e1n\u00ed a vylep\u0161uj\u00ed celkovou funk\u010dnost.<\/p>\n<h4><strong>Typy soubor\u016f cookie, kter\u00e9 pou\u017e\u00edv\u00e1me<\/strong><\/h4>\n<ol>\n<li><strong>Nezbytn\u011b nutn\u00e9 soubory cookie:<\/strong> Tyto soubory cookie jsou nezbytn\u00e9 pro spr\u00e1vn\u00e9 fungov\u00e1n\u00ed webov\u00fdch str\u00e1nek. Umo\u017e\u0148uj\u00ed z\u00e1kladn\u00ed funkce, jako je navigace na str\u00e1nce a zabezpe\u010den\u00e9 oblasti webu. Bez t\u011bchto soubor\u016f cookie nelze poskytovat ur\u010dit\u00e9 slu\u017eby, kter\u00e9 po\u017eadujete. P\u0159\u00edklady nezbytn\u011b nutn\u00fdch soubor\u016f cookie zahrnuj\u00ed:\n<ul>\n<li>Spr\u00e1va relace<\/li>\n<li>Bezpe\u010dnostn\u00ed ov\u011b\u0159ov\u00e1n\u00ed<\/li>\n<li>Odesl\u00e1n\u00ed formul\u00e1\u0159e<\/li>\n<\/ul>\n<\/li>\n<li><strong>V\u00fdkonnostn\u00ed a analytick\u00e9 soubory cookie:<\/strong> Tyto soubory cookie shroma\u017e\u010fuj\u00ed informace o tom, jak n\u00e1v\u0161t\u011bvn\u00edci pou\u017e\u00edvaj\u00ed na\u0161e webov\u00e9 str\u00e1nky, jako jsou str\u00e1nky, kter\u00e9 nej\u010dast\u011bji nav\u0161t\u011bvuj\u00ed, a jak\u00e9koli chybov\u00e9 zpr\u00e1vy, kter\u00e9 dost\u00e1vaj\u00ed. Informace jsou agregovan\u00e9 a anonymn\u00ed a pom\u00e1haj\u00ed n\u00e1m zlep\u0161ovat v\u00fdkon na\u0161ich webov\u00fdch str\u00e1nek. Ke sledov\u00e1n\u00ed n\u00e1v\u0161t\u011bvnosti webov\u00fdch str\u00e1nek a vzorc\u016f pou\u017e\u00edv\u00e1n\u00ed pou\u017e\u00edv\u00e1me analytick\u00e9 n\u00e1stroje t\u0159et\u00edch stran, jako je Google Analytics. To n\u00e1m pom\u00e1h\u00e1 \u010dinit rozhodnut\u00ed na z\u00e1klad\u011b dat za \u00fa\u010delem optimalizace u\u017eivatelsk\u00e9ho dojmu.<\/li>\n<li><strong>Funk\u010dn\u00ed soubory cookie:<\/strong> Tyto soubory cookie umo\u017e\u0148uj\u00ed webu zapamatovat si va\u0161e volby, jako jsou va\u0161e jazykov\u00e9 preference nebo region. Vylep\u0161uj\u00ed va\u0161i u\u017eivatelskou zku\u0161enost t\u00edm, \u017ee poskytuj\u00ed personalizovan\u00e9 funkce.<\/li>\n<li><strong>Soubory cookie pro c\u00edlen\u00ed a reklamy:<\/strong> Tyto soubory cookie m\u016f\u017eeme pou\u017e\u00edvat k tomu, abychom v\u00e1m doru\u010dovali relevantn\u011bj\u0161\u00ed reklamy. Sleduj\u00ed va\u0161i online aktivitu a umo\u017e\u0148uj\u00ed n\u00e1m zobrazovat reklamy na z\u00e1klad\u011b va\u0161ich z\u00e1jm\u016f. Tyto soubory cookie n\u00e1m tak\u00e9 pom\u00e1haj\u00ed m\u011b\u0159it efektivitu na\u0161ich marketingov\u00fdch kampan\u00ed. Spolupracujeme s inzerenty t\u0159et\u00edch stran, kte\u0159\u00ed mohou um\u00edstit soubory cookie do va\u0161eho za\u0159\u00edzen\u00ed, kdy\u017e nav\u0161t\u00edv\u00edte na\u0161e webov\u00e9 str\u00e1nky. Vezm\u011bte pros\u00edm na v\u011bdom\u00ed, \u017ee tyto t\u0159et\u00ed strany maj\u00ed sv\u00e9 vlastn\u00ed z\u00e1sady ochrany osobn\u00edch \u00fadaj\u016f a soubor\u016f cookie.<\/li>\n<\/ol>\n<h4><strong>Jak pou\u017e\u00edv\u00e1me soubory cookie<\/strong><\/h4>\n<p>Soubory cookie pou\u017e\u00edv\u00e1me k:<\/p>\n<ul>\n<li>Vylep\u0161ete funk\u010dnost a v\u00fdkon na\u0161ich webov\u00fdch str\u00e1nek.<\/li>\n<li>Poskytn\u011bte v\u00e1m osobn\u00ed z\u00e1\u017eitek.<\/li>\n<li>Analyzujte provoz a zlep\u0161ujte pou\u017eitelnost webu.<\/li>\n<li>Podpo\u0159te na\u0161e marketingov\u00e9 a reklamn\u00ed \u00fasil\u00ed.<\/li>\n<\/ul>\n<p>Soubory cookie n\u00e1m tak\u00e9 pom\u00e1haj\u00ed zlep\u0161ovat kvalitu na\u0161ich slu\u017eeb identifikac\u00ed technick\u00fdch probl\u00e9m\u016f nebo oblast\u00ed pro vylep\u0161en\u00ed.<\/p>\n<h4><strong>Spr\u00e1va soubor\u016f cookie<\/strong><\/h4>\n<p>M\u00e1te pr\u00e1vo kontrolovat a spravovat soubory cookie n\u011bkolika zp\u016fsoby:<\/p>\n<ol>\n<li><strong>Nastaven\u00ed prohl\u00ed\u017ee\u010de:<\/strong> V\u011bt\u0161ina webov\u00fdch prohl\u00ed\u017ee\u010d\u016f v\u00e1m umo\u017e\u0148uje spravovat va\u0161e preference t\u00fdkaj\u00edc\u00ed se soubor\u016f cookie prost\u0159ednictv\u00edm jejich nastaven\u00ed. Soubory cookie m\u016f\u017eete zablokovat nebo smazat. Upozor\u0148ujeme v\u0161ak, \u017ee pokud zak\u00e1\u017eete ur\u010dit\u00e9 soubory cookie, \u010d\u00e1sti na\u0161ich webov\u00fdch str\u00e1nek nemus\u00ed fungovat spr\u00e1vn\u011b.<\/li>\n<li><strong>Odkazy na odhl\u00e1\u0161en\u00ed:<\/strong> Pro v\u00fdkon a c\u00edlen\u00ed cookies se m\u016f\u017eete odhl\u00e1sit p\u0159\u00edmo prost\u0159ednictv\u00edm p\u0159\u00edslu\u0161n\u00fdch slu\u017eeb t\u0159et\u00edch stran:\n<ul>\n<li><a target=\"_new\" rel=\"noopener\">Odhl\u00e1\u0161en\u00ed z Google Analytics<\/a><\/li>\n<li>P\u0159edvolby inzerce pro Google<\/li>\n<li>Va\u0161e online volby pro u\u017eivatele z EU<\/li>\n<\/ul>\n<\/li>\n<li><strong>Nastaven\u00ed Do Not Track (DNT):<\/strong> N\u011bkter\u00e9 webov\u00e9 prohl\u00ed\u017ee\u010de nab\u00edzej\u00ed funkci \u201eDo Not Track\u201c, kter\u00e1 v\u00e1m umo\u017e\u0148uje signalizovat, \u017ee preferujete soukrom\u00ed, a po\u017eadovat, aby webov\u00e9 str\u00e1nky nesledovaly va\u0161e online aktivity. Pro sign\u00e1ly DNT v\u0161ak neexistuje jednotn\u00fd standard a na\u0161e webov\u00e9 str\u00e1nky nemus\u00ed na tyto sign\u00e1ly reagovat.<\/li>\n<\/ol>\n<h4><strong>Soubory cookie t\u0159et\u00edch stran<\/strong><\/h4>\n<p>M\u016f\u017eeme pou\u017e\u00edvat slu\u017eby t\u0159et\u00edch stran, kter\u00e9 na va\u0161em za\u0159\u00edzen\u00ed nastavuj\u00ed soubory cookie, abychom zlep\u0161ili v\u00e1\u0161 z\u00e1\u017eitek z prohl\u00ed\u017een\u00ed nebo zobrazili personalizovan\u00fd obsah. Tyto soubory cookie t\u0159et\u00edch stran se \u0159\u00edd\u00ed z\u00e1sadami ochrany osobn\u00edch \u00fadaj\u016f p\u0159\u00edslu\u0161n\u00fdch t\u0159et\u00edch stran a doporu\u010dujeme prostudovat si jejich z\u00e1sady pro v\u00edce informac\u00ed.<\/p>\n<h4><strong>Zm\u011bny t\u011bchto z\u00e1sad pou\u017e\u00edv\u00e1n\u00ed soubor\u016f cookie<\/strong><\/h4>\n<p>Tyto Z\u00e1sady pou\u017e\u00edv\u00e1n\u00ed soubor\u016f cookie m\u016f\u017eeme \u010das od \u010dasu aktualizovat, aby odr\u00e1\u017eely zm\u011bny v technologii, pr\u00e1vn\u00edch po\u017eadavc\u00edch nebo funk\u010dnosti na\u0161eho webu. Ve\u0161ker\u00e9 aktualizace budou zve\u0159ejn\u011bny na t\u00e9to str\u00e1nce a \u201eDatum \u00fa\u010dinnosti\u201c bude odpov\u00eddaj\u00edc\u00edm zp\u016fsobem upraveno. Doporu\u010dujeme v\u00e1m pravideln\u011b kontrolovat tyto z\u00e1sady, abyste byli informov\u00e1ni o na\u0161em pou\u017e\u00edv\u00e1n\u00ed soubor\u016f cookie.<\/p>\n<h4><strong>Kontaktujte n\u00e1s<\/strong><\/h4>\n<p>M\u00e1te-li jak\u00e9koli dotazy t\u00fdkaj\u00edc\u00ed se na\u0161eho pou\u017e\u00edv\u00e1n\u00ed soubor\u016f cookie nebo t\u011bchto Z\u00e1sad pou\u017e\u00edv\u00e1n\u00ed soubor\u016f cookie, kontaktujte n\u00e1s na adrese:<\/p>\n<p><strong>E-mail:<\/strong> <a rel=\"noopener\"><span \n                data-original-string='eSLnzuX1wl9FMtIg\/W9m3Q==2502pgcBCUl9LFhkB\/vCeGotDpMdx7HUz7pcISd9FakMfE='\n                class='apbct-email-encoder'\n                title='Tento kontakt byl zak\u00f3dov\u00e1n pomoc\u00ed Anti-Spam od CleanTalk. Klikn\u011bte pro dek\u00f3dov\u00e1n\u00ed. Chcete-li dokon\u010dit dek\u00f3dov\u00e1n\u00ed, ujist\u011bte se, \u017ee m\u00e1te v prohl\u00ed\u017ee\u010di povolen\u00fd JavaScript.'>v<span class=\"apbct-blur\">**<\/span>@<span class=\"apbct-blur\">*****<\/span>sh.com<\/span><\/a><\/p>","protected":false},"excerpt":{"rendered":"<p>Ve spole\u010dnosti CNCRUSH jsme odhodl\u00e1ni chr\u00e1nit va\u0161e soukrom\u00ed a zajistit transparentnost toho, jak nakl\u00e1d\u00e1me s va\u0161imi osobn\u00edmi \u00fadaji. Tyto Z\u00e1sady pou\u017e\u00edv\u00e1n\u00ed soubor\u016f cookie vysv\u011btluj\u00ed, jak pou\u017e\u00edv\u00e1me soubory cookie a podobn\u00e9 technologie na na\u0161ich webov\u00fdch str\u00e1nk\u00e1ch https:\/\/cncrush.com\/ (\u201eWebov\u00e9 str\u00e1nky\u201c). Pokra\u010dov\u00e1n\u00edm v pou\u017e\u00edv\u00e1n\u00ed na\u0161ich webov\u00fdch str\u00e1nek souhlas\u00edte s pou\u017e\u00edv\u00e1n\u00edm soubor\u016f cookie, jak je uvedeno v t\u011bchto z\u00e1sad\u00e1ch. co [\u2026]","protected":false},"author":1,"featured_media":0,"parent":0,"menu_order":0,"comment_status":"closed","ping_status":"closed","template":"page-blank-title-center.php","meta":{"footnotes":""},"class_list":["post-43","page","type-page","status-publish","hentry"],"_links":{"self":[{"href":"https:\/\/cncrush.com\/cs\/wp-json\/wp\/v2\/pages\/43","targetHints":{"allow":["GET"]}}],"collection":[{"href":"https:\/\/cncrush.com\/cs\/wp-json\/wp\/v2\/pages"}],"about":[{"href":"https:\/\/cncrush.com\/cs\/wp-json\/wp\/v2\/types\/page"}],"author":[{"embeddable":true,"href":"https:\/\/cncrush.com\/cs\/wp-json\/wp\/v2\/users\/1"}],"replies":[{"embeddable":true,"href":"https:\/\/cncrush.com\/cs\/wp-json\/wp\/v2\/comments?post=43"}],"version-history":[{"count":0,"href":"https:\/\/cncrush.com\/cs\/wp-json\/wp\/v2\/pages\/43\/revisions"}],"wp:attachment":[{"href":"https:\/\/cncrush.com\/cs\/wp-json\/wp\/v2\/media?parent=43"}],"curies":[{"name":"wp","href":"https:\/\/api.w.org\/{rel}","templated":true}]}}