{"id":12,"date":"2024-09-29T03:47:11","date_gmt":"2024-09-29T03:47:11","guid":{"rendered":"https:\/\/cncrush.com\/?page_id=12"},"modified":"2024-12-20T13:30:54","modified_gmt":"2024-12-20T13:30:54","slug":"om-os","status":"publish","type":"page","link":"https:\/\/cncrush.com\/da\/om-os\/","title":{"rendered":"Om os"},"content":{"rendered":"<section class=\"section\" id=\"section_389634741\">\n\t\t<div class=\"section-bg fill\" >\n\t\t\t\t\t\t\t\t\t\n\t\t\t\n\n\t\t<\/div>\n\n\t\t\n\n\t\t<div class=\"section-content relative\">\n\t\t\t\n<div class=\"row align-center\"  id=\"row-694139701\">\n\n\t<div id=\"col-958519546\" class=\"col medium-11 small-12 large-10\"  >\n\t\t\t\t<div class=\"col-inner\"  >\n\t\t\t\n\t\t\t\n<div class=\"row row-large align-middle\"  id=\"row-62962105\">\n\n\t<div id=\"col-535444147\" class=\"col medium-4 small-12 large-6\"  >\n\t\t\t\t<div class=\"col-inner\"  >\n\t\t\t\n\t\t\t\n\n  <div class=\"banner has-hover\" id=\"banner-636841153\">\n          <div class=\"banner-inner fill\">\n        <div class=\"banner-bg fill\" >\n            <img loading=\"lazy\" decoding=\"async\" width=\"1020\" height=\"876\" src=\"https:\/\/cncrush.com\/wp-content\/uploads\/2024\/12\/Machines-1-1024x879.jpg\" class=\"bg attachment-large size-large\" alt=\"\" title=\"\">                                    \n                    <\/div>\n\t\t\n        <div class=\"banner-layers container\">\n            <div class=\"fill banner-link\"><\/div>            \n   <div id=\"text-box-492983626\" class=\"text-box banner-layer x50 md-x50 lg-x50 y50 md-y50 lg-y50 res-text\">\n                                <div class=\"text-box-content text dark\">\n              \n              <div class=\"text-inner text-center\">\n                  \n              <\/div>\n           <\/div>\n                            \n<style>\n#text-box-492983626 {\n  width: 60%;\n}\n#text-box-492983626 .text-box-content {\n  font-size: 100%;\n}\n@media (min-width:550px) {\n  #text-box-492983626 {\n    width: 60%;\n  }\n}\n<\/style>\n    <\/div>\n \n        <\/div>\n      <\/div>\n\n            \n<style>\n#banner-636841153 {\n  padding-top: 300px;\n}\n@media (min-width:550px) {\n  #banner-636841153 {\n    padding-top: 79.66%;\n  }\n}\n<\/style>\n  <\/div>\n\n\n\t\t<\/div>\n\t\t\t\t\t<\/div>\n\n\t\n\n\t<div id=\"col-803522951\" class=\"col medium-8 small-12 large-6\"  >\n\t\t\t\t<div class=\"col-inner\"  >\n\t\t\t\n\t\t\t\n<h3>Vores ydmyge begyndelse <\/h3>\n<p>I 2012 startede Mike, vores grundl\u00e6gger, med kun to CNC-maskiner og en vision om at levere pr\u00e6cision og kvalitet. Dengang henvendte vi os udelukkende til hjemmemarkedet og fremstillede specialdele til en bred vifte af industrier. Fra sm\u00e5 v\u00e6rksteder til store fabrikker opbyggede Mikes dedikation og praktiske tilgang et ry for p\u00e5lidelighed og ekspertise, hvilket satte grundlaget for det, vi er i dag.<\/p>\n\t\t<\/div>\n\t\t\t\t\t<\/div>\n\n\t\n<\/div>\n<div class=\"row row-large align-middle\"  id=\"row-172250655\">\n\n\t<div id=\"col-226868720\" class=\"col medium-8 small-12 large-6\"  >\n\t\t\t\t<div class=\"col-inner\"  >\n\t\t\t\n\t\t\t\n<h3>Udvidende horisonter<\/h3>\n<p>Efterh\u00e5nden som eftersp\u00f8rgslen voksede, voksede vores ambition ogs\u00e5. I 2015 udvidede vi vores aktiviteter til at betjene kunder i Europa, USA og Australien. Undervejs forfinede vi vores ekspertise og begyndte at fokusere p\u00e5 n\u00f8gleindustrier som bilkomponenter, medicinsk udstyr, elektroniske dele og automationsudstyr. Disse specialiserede sektorer blev hj\u00f8rnestenen i vores v\u00e6kst og innovation.<\/p>\n\t\t<\/div>\n\t\t\t\t\t<\/div>\n\n\t\n\n\t<div id=\"col-2004516198\" class=\"col medium-4 small-12 large-6 medium-col-first\"  >\n\t\t\t\t<div class=\"col-inner\"  >\n\t\t\t\n\t\t\t\n\n  <div class=\"banner has-hover\" id=\"banner-401247399\">\n          <div class=\"banner-inner fill\">\n        <div class=\"banner-bg fill\" >\n            <img loading=\"lazy\" decoding=\"async\" width=\"507\" height=\"494\" src=\"https:\/\/cncrush.com\/wp-content\/uploads\/2024\/12\/About-us-2.png\" class=\"bg attachment-large size-large\" alt=\"\" title=\"\">                                    \n                    <\/div>\n\t\t\n        <div class=\"banner-layers container\">\n            <div class=\"fill banner-link\"><\/div>            \n   <div id=\"text-box-768173854\" class=\"text-box banner-layer x50 md-x50 lg-x50 y50 md-y50 lg-y50 res-text\">\n                                <div class=\"text-box-content text dark\">\n              \n              <div class=\"text-inner text-center\">\n                  \n              <\/div>\n           <\/div>\n                            \n<style>\n#text-box-768173854 {\n  width: 60%;\n}\n#text-box-768173854 .text-box-content {\n  font-size: 100%;\n}\n@media (min-width:550px) {\n  #text-box-768173854 {\n    width: 60%;\n  }\n}\n<\/style>\n    <\/div>\n \n        <\/div>\n      <\/div>\n\n            \n<style>\n#banner-401247399 {\n  padding-top: 300px;\n}\n@media (min-width:550px) {\n  #banner-401247399 {\n    padding-top: 61.03%;\n  }\n}\n<\/style>\n  <\/div>\n\n\n\t\t<\/div>\n\t\t\t\t\t<\/div>\n\n\t\n<\/div>\n<div class=\"row row-large align-middle\"  id=\"row-776072451\">\n\n\t<div id=\"col-222905499\" class=\"col medium-4 small-12 large-6\"  >\n\t\t\t\t<div class=\"col-inner\"  >\n\t\t\t\n\t\t\t\n\n  <div class=\"banner has-hover\" id=\"banner-896321555\">\n          <div class=\"banner-inner fill\">\n        <div class=\"banner-bg fill\" >\n            <img loading=\"lazy\" decoding=\"async\" width=\"1020\" height=\"680\" src=\"https:\/\/cncrush.com\/wp-content\/uploads\/2024\/12\/Machines-2-1024x683.jpg\" class=\"bg attachment-large size-large\" alt=\"cnc milling\" title=\"\">                                    \n                    <\/div>\n\t\t\n        <div class=\"banner-layers container\">\n            <div class=\"fill banner-link\"><\/div>            \n   <div id=\"text-box-680288000\" class=\"text-box banner-layer x50 md-x50 lg-x50 y50 md-y50 lg-y50 res-text\">\n                                <div class=\"text-box-content text dark\">\n              \n              <div class=\"text-inner text-center\">\n                  \n              <\/div>\n           <\/div>\n                            \n<style>\n#text-box-680288000 {\n  width: 60%;\n}\n#text-box-680288000 .text-box-content {\n  font-size: 100%;\n}\n@media (min-width:550px) {\n  #text-box-680288000 {\n    width: 60%;\n  }\n}\n<\/style>\n    <\/div>\n \n        <\/div>\n      <\/div>\n\n            \n<style>\n#banner-896321555 {\n  padding-top: 300px;\n}\n@media (min-width:550px) {\n  #banner-896321555 {\n    padding-top: 70.63%;\n  }\n}\n<\/style>\n  <\/div>\n\n\n\t\t<\/div>\n\t\t\t\t\t<\/div>\n\n\t\n\n\t<div id=\"col-1475850332\" class=\"col medium-8 small-12 large-6\"  >\n\t\t\t\t<div class=\"col-inner\"  >\n\t\t\t\n\t\t\t\n<h3>Et blomstrende team med en global vision<\/h3>\n<p>Vores team voksede sammen med vores forretning. Fra 8 dygtige fagfolk i 2018 til over 20 dygtige personer i 2024, vi er n\u00e5et langt. Hvert medlem af vores team deler en forpligtelse til pr\u00e6cision, kvalitet og kundetilfredshed. I dag leverer vi stolt CNC-bearbejdningstjenester i verdensklasse til globale markeder, bakket op af mere end ti \u00e5rs erfaring og en passion for l\u00f8bende forbedringer.<\/p>\n\t\t<\/div>\n\t\t\t\t\t<\/div>\n\n\t\n<\/div>\n<div class=\"row align-center\"  id=\"row-1986753649\">\n\n\t<div id=\"col-1932928024\" class=\"col medium-9 small-10 large-12\"  >\n\t\t\t\t<div class=\"col-inner text-center\"  >\n\t\t\t\n\t\t\t\n\t<div id=\"text-2551169778\" class=\"text\">\n\t\t\n<p>Hos CNCRUSH er vi forpligtet til <strong>kvalitet, pr\u00e6cision og innovation<\/strong>. Uanset om du har brug for sm\u00e5 prototype-k\u00f8rsler eller store produktionspartier, er vi din betroede partner til CNC-bearbejdning, hvilket sikrer ekspertise p\u00e5 alle stadier af produktionen.<\/p>\n<p>Vi inviterer dig til at samarbejde med CNCRUSH, hvor <strong>pr\u00e6cision m\u00f8der p\u00e5lidelighed<\/strong>. Lad os bygge noget ekstraordin\u00e6rt sammen.<br \/>\n\t\t\n<style>\n#text-2551169778 {\n  text-align: left;\n}\n<\/style>\n\t<\/div>\n\t\n<a href=\"https:\/\/cncrush.com\/da\/send-foresporgsel\/\" class=\"button secondary\"  style=\"border-radius:4px;\">\n\t\t<span>Send foresp\u00f8rgsel<\/span>\n\t<\/a>\n\n\t\t<\/div>\n\t\t\t\t\n<style>\n#col-1932928024 > .col-inner {\n  margin: 20px 0px 20px 0px;\n}\n<\/style>\n\t<\/div>\n\n\t\n<\/div>\n\t\t<\/div>\n\t\t\t\t\t<\/div>\n\n\t\n<\/div>\n\t\t<\/div>\n\n\t\t\n<style>\n#section_389634741 {\n  padding-top: 80px;\n  padding-bottom: 80px;\n  background-color: rgb(244, 244, 244);\n}\n<\/style>\n\t<\/section>","protected":false},"excerpt":{"rendered":"","protected":false},"author":1,"featured_media":103,"parent":0,"menu_order":0,"comment_status":"closed","ping_status":"closed","template":"page-blank.php","meta":{"footnotes":""},"class_list":["post-12","page","type-page","status-publish","has-post-thumbnail","hentry"],"_links":{"self":[{"href":"https:\/\/cncrush.com\/da\/wp-json\/wp\/v2\/pages\/12","targetHints":{"allow":["GET"]}}],"collection":[{"href":"https:\/\/cncrush.com\/da\/wp-json\/wp\/v2\/pages"}],"about":[{"href":"https:\/\/cncrush.com\/da\/wp-json\/wp\/v2\/types\/page"}],"author":[{"embeddable":true,"href":"https:\/\/cncrush.com\/da\/wp-json\/wp\/v2\/users\/1"}],"replies":[{"embeddable":true,"href":"https:\/\/cncrush.com\/da\/wp-json\/wp\/v2\/comments?post=12"}],"version-history":[{"count":0,"href":"https:\/\/cncrush.com\/da\/wp-json\/wp\/v2\/pages\/12\/revisions"}],"wp:featuredmedia":[{"embeddable":true,"href":"https:\/\/cncrush.com\/da\/wp-json\/wp\/v2\/media\/103"}],"wp:attachment":[{"href":"https:\/\/cncrush.com\/da\/wp-json\/wp\/v2\/media?parent=12"}],"curies":[{"name":"wp","href":"https:\/\/api.w.org\/{rel}","templated":true}]}}