{"id":29,"date":"2024-09-29T03:50:01","date_gmt":"2024-09-29T03:50:01","guid":{"rendered":"https:\/\/cncrush.com\/?page_id=29"},"modified":"2024-12-20T14:06:29","modified_gmt":"2024-12-20T14:06:29","slug":"elektroteknik","status":"publish","type":"page","link":"https:\/\/cncrush.com\/da\/elektroteknik\/","title":{"rendered":"Elektroteknik"},"content":{"rendered":"<section class=\"section dark\" id=\"section_1644339962\">\n\t\t<div class=\"section-bg fill\" >\n\t\t\t<img loading=\"lazy\" decoding=\"async\" width=\"2100\" height=\"700\" src=\"https:\/\/cncrush.com\/wp-content\/uploads\/2024\/10\/electrical-engineering.webp\" class=\"bg attachment- size-\" alt=\"\" title=\"\">\t\t\t\t\t\t<div class=\"section-bg-overlay absolute fill\"><\/div><button class=\"scroll-for-more z-5 icon absolute bottom h-center\" aria-label=\"Regler for blot\"><i class=\"icon-angle-down\" style=\"font-size:42px;\" ><\/i><\/button>\n\t\t\t\n\n\t\t<\/div>\n\n\t\t\n\n\t\t<div class=\"section-content relative\">\n\t\t\t\n<div class=\"row align-center\"  id=\"row-341426494\">\n\n\t<div id=\"col-607265749\" class=\"col medium-10 small-12 large-10\"  >\n\t\t\t\t<div class=\"col-inner text-center\"  >\n\t\t\t\n\t\t\t\n\t<div id=\"text-181006900\" class=\"text\">\n\t\t\n<h1>Elektroteknik CNC-l\u00f8sninger<\/h1>\n\t\t\n<style>\n#text-181006900 {\n  font-size: 1.35rem;\n}\n@media (min-width:550px) {\n  #text-181006900 {\n    font-size: 2rem;\n  }\n}\n<\/style>\n\t<\/div>\n\t\n<div class=\"row\"  id=\"row-1775167572\">\n\n\t<div id=\"col-1676236884\" class=\"col medium-9 small-12 large-9\"  >\n\t\t\t\t<div class=\"col-inner\"  >\n\t\t\t\n\t\t\t\n<p>Hos CNCRUSH er vi specialiseret i produktion af h\u00f8jpr\u00e6cisionsdrejede fr\u00e6sede dele, der er n\u00f8dvendige for at bygge dine avancerede elektriske produkter. Vi tilbyder fleksibel produktion p\u00e5 foresp\u00f8rgsel eller kontrakt, hvilket sikrer rettidig levering baseret p\u00e5 Just-In-Time (JIT) principper.<\/p>\n\t\t<\/div>\n\t\t\t\t\t<\/div>\n\n\t\n<\/div>\n\t\t<\/div>\n\t\t\t\t\t<\/div>\n\n\t\n<\/div>\n\t\t<\/div>\n\n\t\t\n<style>\n#section_1644339962 {\n  padding-top: 30px;\n  padding-bottom: 30px;\n  min-height: 100px;\n}\n#section_1644339962 .section-bg-overlay {\n  background-color: rgba(0, 0, 0, 0.384);\n}\n#section_1644339962 .section-bg img {\n  object-position: 53% 58%;\n}\n@media (min-width:550px) {\n  #section_1644339962 {\n    min-height: 600px;\n  }\n}\n<\/style>\n\t<\/section>\n\t\n\n\t<section class=\"section\" id=\"section_1144963573\">\n\t\t<div class=\"section-bg fill\" >\n\t\t\t\t\t\t\t\t\t\n\t\t\t\n\n\t\t<\/div>\n\n\t\t\n\n\t\t<div class=\"section-content relative\">\n\t\t\t\n<div class=\"row row-large steps-simple-headline\"  id=\"row-410060155\">\n\n\t<div id=\"col-905173680\" class=\"col medium-8 small-12 large-12\"  >\n\t\t\t\t<div class=\"col-inner\"  >\n\t\t\t\n\t\t\t\n<div class=\"row row-collapse\"  id=\"row-1547535116\">\n\n\t<div id=\"col-1427023558\" class=\"col medium-1 small-2 large-1\"  >\n\t\t\t\t<div class=\"col-inner\"  >\n\t\t\t\n\t\t\t\n<h2>01<\/h2>\n\t\t<\/div>\n\t\t\t\t\t<\/div>\n\n\t\n\n\t<div id=\"col-1521906266\" class=\"col medium-11 small-10 large-11\"  >\n\t\t\t\t<div class=\"col-inner\"  >\n\t\t\t\n\t\t\t\n<h3>Dele vi fremstiller<\/h3>\n<ul>\n<li><strong>Aluminiums kabinetter<\/strong> til elektroniske kredsl\u00f8b og elektro-optiske moduler<\/li>\n<li><strong>Komponenter til laserkilder<\/strong> lavet af aluminium og kobber<\/li>\n<li><strong>Dele til halvlederindustrien<\/strong><\/li>\n<\/ul>\n\t\t<\/div>\n\t\t\t\t\t<\/div>\n\n\t\n<\/div>\n<div class=\"is-divider divider clearfix\" style=\"margin-top:10px;margin-bottom:10px;max-width:100%;height:1px;\"><\/div>\n<div class=\"row row-collapse\"  id=\"row-1556733003\">\n\n\t<div id=\"col-1899443693\" class=\"col medium-1 small-2 large-1\"  >\n\t\t\t\t<div class=\"col-inner\"  >\n\t\t\t\n\t\t\t\n<h2>02<\/h2>\n\t\t<\/div>\n\t\t\t\t\t<\/div>\n\n\t\n\n\t<div id=\"col-2023092846\" class=\"col medium-11 small-10 large-11\"  >\n\t\t\t\t<div class=\"col-inner\"  >\n\t\t\t\n\t\t\t\n<h3>Vores proces<\/h3>\n<ul>\n<li><strong>Pr\u00e6cision:<\/strong> Vi drejer og fr\u00e6ser dele med enest\u00e5ende pr\u00e6cision og opfylder tolerancer s\u00e5 sn\u00e6vre som 0,01 mm eller lavere.<\/li>\n<li><strong>\u00c6stetik og kvalitet:<\/strong> 100% af vores dele gennemg\u00e5r en streng inspektion for overfladekvalitet, kantskarphed, hulsk\u00e6ringer og frav\u00e6r af grater.<\/li>\n<li><strong>Renhed:<\/strong> Alle komponenter er industrivasket og beskyttet mod korrosion og transportskader.<\/li>\n<li><strong>Anodisering:<\/strong> Vi leverer b\u00e5de dekorativ og teknisk anodisering for at forbedre funktionaliteten og udseendet af dine dele.<\/li>\n<\/ul>\n\t\t<\/div>\n\t\t\t\t\t<\/div>\n\n\t\n<\/div>\n<div class=\"is-divider divider clearfix\" style=\"margin-top:10px;margin-bottom:10px;max-width:100%;height:1px;\"><\/div>\n<div class=\"row row-collapse align-middle\"  id=\"row-1425515018\">\n\n\t<div id=\"col-1740726547\" class=\"col medium-1 small-2 large-1\"  >\n\t\t\t\t<div class=\"col-inner\"  >\n\t\t\t\n\t\t\t\n<h2>03<\/h2>\n\t\t<\/div>\n\t\t\t\t\t<\/div>\n\n\t\n\n\t<div id=\"col-840263321\" class=\"col medium-11 small-10 large-11\"  >\n\t\t\t\t<div class=\"col-inner\"  >\n\t\t\t\n\t\t\t\n<h3>Kvalitetssikring<\/h3>\n<p>Vi sikrer n\u00f8jagtigheden af \u200b\u200bvores sn\u00e6vre tolerancedele ved hj\u00e6lp af <strong>Hexagon X-METRO koordinatm\u00e5ler<\/strong>, som garanterer m\u00e5len\u00f8jagtighed op til 0,002 mm.<\/p>\n<p>I samarbejde med vores kunder foruddefinerer vi kontrol- og m\u00e5lestrategier for at opfylde n\u00f8jagtige specifikationer. Hver del kontrolleres regelm\u00e6ssigt baseret p\u00e5 vores kontrolplan, og statistisk kontrol af kritiske dimensioner udf\u00f8res, n\u00e5r det er muligt.<\/p>\n\t\t<\/div>\n\t\t\t\t\t<\/div>\n\n\t\n<\/div>\n<div class=\"is-divider divider clearfix\" style=\"margin-top:10px;margin-bottom:10px;max-width:100%;height:1px;\"><\/div>\n\t\t<\/div>\n\t\t\t\t\t<\/div>\n\n\t\n<\/div>\n\t\t<\/div>\n\n\t\t\n<style>\n#section_1144963573 {\n  padding-top: 60px;\n  padding-bottom: 60px;\n}\n<\/style>\n\t<\/section>\n\t\n<div class=\"row row-collapse row-full-width\"  id=\"row-46131229\">\n\n\t<div id=\"col-125964898\" class=\"col small-12 large-12\"  >\n\t\t\t\t<div class=\"col-inner text-center dark\"  >\n\t\t\t\n\t\t\t\n\n  <div class=\"banner has-hover\" id=\"banner-1430328984\">\n          <div class=\"banner-inner fill\">\n        <div class=\"banner-bg fill\" >\n            <img loading=\"lazy\" decoding=\"async\" width=\"1020\" height=\"421\" src=\"https:\/\/cncrush.com\/wp-content\/uploads\/2024\/09\/milled-stainless-steel-background-1024x423.webp\" class=\"bg attachment-large size-large\" alt=\"\" title=\"\">                        <div class=\"overlay\"><\/div>            \n                    <\/div>\n\t\t\n        <div class=\"banner-layers container\">\n            <div class=\"fill banner-link\"><\/div>            \n   <div id=\"text-box-1619017619\" class=\"text-box banner-layer x50 md-x50 lg-x50 y50 md-y50 lg-y50 res-text\">\n                                <div class=\"text-box-content text dark\">\n              \n              <div class=\"text-inner text-center\">\n                  \n\t<div id=\"text-3093112184\" class=\"text\">\n\t\t\n<h3>Lyder det interessant? F\u00e5 et gratis tilbud i dag!<\/h3>\n\t\t\n<style>\n#text-3093112184 {\n  font-size: 0.75rem;\n  text-align: center;\n}\n<\/style>\n\t<\/div>\n\t\n<a href=\"https:\/\/cncrush.com\/da\/send-foresporgsel\/\" class=\"button alert\"  >\n\t\t<span>Send din foresp\u00f8rgsel<\/span>\n\t<\/a>\n\n              <\/div>\n           <\/div>\n                            \n<style>\n#text-box-1619017619 {\n  width: 100%;\n}\n#text-box-1619017619 .text-box-content {\n  font-size: 100%;\n}\n@media (min-width:550px) {\n  #text-box-1619017619 {\n    width: 94%;\n  }\n}\n<\/style>\n    <\/div>\n \n        <\/div>\n      <\/div>\n\n            \n<style>\n#banner-1430328984 {\n  padding-top: 99.99%;\n}\n#banner-1430328984 .overlay {\n  background-color: rgba(0, 0, 0, 0.17);\n}\n#banner-1430328984 .banner-bg img {\n  object-position: 47% 60%;\n}\n@media (min-width:550px) {\n  #banner-1430328984 {\n    padding-top: 118px;\n  }\n}\n<\/style>\n  <\/div>\n\n\n\t\t<\/div>\n\t\t\t\t\t<\/div>\n\n\t\n<\/div>","protected":false},"excerpt":{"rendered":"","protected":false},"author":1,"featured_media":0,"parent":0,"menu_order":0,"comment_status":"closed","ping_status":"closed","template":"page-blank.php","meta":{"footnotes":""},"class_list":["post-29","page","type-page","status-publish","hentry"],"_links":{"self":[{"href":"https:\/\/cncrush.com\/da\/wp-json\/wp\/v2\/pages\/29","targetHints":{"allow":["GET"]}}],"collection":[{"href":"https:\/\/cncrush.com\/da\/wp-json\/wp\/v2\/pages"}],"about":[{"href":"https:\/\/cncrush.com\/da\/wp-json\/wp\/v2\/types\/page"}],"author":[{"embeddable":true,"href":"https:\/\/cncrush.com\/da\/wp-json\/wp\/v2\/users\/1"}],"replies":[{"embeddable":true,"href":"https:\/\/cncrush.com\/da\/wp-json\/wp\/v2\/comments?post=29"}],"version-history":[{"count":0,"href":"https:\/\/cncrush.com\/da\/wp-json\/wp\/v2\/pages\/29\/revisions"}],"wp:attachment":[{"href":"https:\/\/cncrush.com\/da\/wp-json\/wp\/v2\/media?parent=29"}],"curies":[{"name":"wp","href":"https:\/\/api.w.org\/{rel}","templated":true}]}}