{"id":3,"date":"2024-09-29T03:41:52","date_gmt":"2024-09-29T03:41:52","guid":{"rendered":"http:\/\/cncrush.com\/?page_id=3"},"modified":"2024-10-03T15:38:15","modified_gmt":"2024-10-03T15:38:15","slug":"privatlivspolitik","status":"publish","type":"page","link":"https:\/\/cncrush.com\/da\/privatlivspolitik\/","title":{"rendered":"Privatlivspolitik"},"content":{"rendered":"<p>P\u00e5 <strong><a href=\"https:\/\/cncrush.com\/da\/\">CCRRUSH<\/a><\/strong>, dit privatliv er af st\u00f8rste vigtighed for os. Denne privatlivspolitik beskriver, hvordan vi indsamler, bruger, videregiver og beskytter dine personlige oplysninger, n\u00e5r du bes\u00f8ger vores hjemmeside, <a href=\"https:\/\/cncrush.com\/da\/\" target=\"_new\" rel=\"noopener\">https:\/\/cncrush.com\/<\/a> (\"hjemmesiden\"), eller n\u00e5r du interagerer med os p\u00e5 nogen m\u00e5de. Ved at bruge vores websted eller engagere dig i vores tjenester, accepterer du den praksis, der er beskrevet i denne politik.<\/p>\r\n<h4 class=\"wp-block-heading\"><strong>1. Oplysninger, vi indsamler<\/strong><\/h4>\r\n<p>Vi indsamler flere typer oplysninger fra og om brugere af vores hjemmeside, herunder:<\/p>\r\n<ul>\r\n<li>\r\n<p><strong>Personlige identifikationsoplysninger (PII):<\/strong> Dette kan omfatte dit navn, e-mailadresse, telefonnummer, firmanavn og andre personlige oplysninger, du angiver, n\u00e5r du:<\/p>\r\n<ul>\r\n<li>Anmod om et tilbud<\/li>\r\n<li>Kontakt os via e-mail eller formularindsendelser<\/li>\r\n<li>Abonner p\u00e5 nyhedsbreve eller marketingkommunikation<\/li>\r\n<li>Interager med os p\u00e5 sociale medier eller gennem vores kundeservicekanaler<\/li>\r\n<\/ul>\r\n<\/li>\r\n<li>\r\n<p><strong>Ikke-personlige oplysninger:<\/strong> Vi kan ogs\u00e5 indsamle ikke-personlige data, der ikke afsl\u00f8rer din specifikke identitet, s\u00e5som browsertype, enhedsoplysninger, geografisk placering, og hvordan du bruger vores websted (f.eks. viste sider, tid brugt p\u00e5 webstedet).<\/p>\r\n<\/li>\r\n<li>\r\n<p><strong>Cookies og sporingsteknologier:<\/strong> Vi bruger cookies og andre sporingsteknologier til at forbedre din oplevelse p\u00e5 vores hjemmeside og indsamle data om din browseradf\u00e6rd. For mere information om, hvordan vi bruger cookies, henvises til vores <a target=\"_new\" rel=\"noopener\">Cookies politik<\/a>.<\/p>\r\n<\/li>\r\n<\/ul>\r\n<h4><strong>2. Hvordan vi bruger dine oplysninger<\/strong><\/h4>\r\n<p>Vi bruger de oplysninger, vi indsamler til:<\/p>\r\n<ul>\r\n<li>Levere og forbedre vores CNC-bearbejdningstjenester<\/li>\r\n<li>Besvar dine foresp\u00f8rgsler, anmodninger eller giv tilbud<\/li>\r\n<li>Tilpas din oplevelse p\u00e5 vores hjemmeside<\/li>\r\n<li>Kommuniker med dig om opdateringer, kampagner eller andre relevante oplysninger<\/li>\r\n<li>Analyser og forbedre ydeevnen af \u200b\u200bvores hjemmeside<\/li>\r\n<li>Overhold juridiske forpligtelser og beskytte vores rettigheder<\/li>\r\n<\/ul>\r\n<p>Dine oplysninger hj\u00e6lper os med bedre at forst\u00e5 dine behov og forbedre vores tjenester. Vi indsamler kun de oplysninger, der er n\u00f8dvendige til disse form\u00e5l, og vi respekterer dit privatliv ved at sikre, at dine data h\u00e5ndteres sikkert.<\/p>\r\n<h4><strong>3. Retsgrundlag for behandling<\/strong><\/h4>\r\n<p>Vi behandler personoplysninger baseret p\u00e5 f\u00f8lgende juridiske grunde:<\/p>\r\n<ul>\r\n<li><strong>Kontraktlig forpligtelse:<\/strong> N\u00e5r du anmoder om vores tjenester (f.eks. anmoder om et tilbud eller foretager et k\u00f8b), behandler vi dine personoplysninger for at opfylde vores kontrakt med dig.<\/li>\r\n<li><strong>Legitime interesser:<\/strong> Vi kan behandle dine personlige data til legitime forretningsform\u00e5l, s\u00e5som at forbedre vores tjenester, marketingkommunikation eller forbedre din oplevelse.<\/li>\r\n<li><strong>Samtykke:<\/strong> Hvor det er p\u00e5kr\u00e6vet ved lov, vil vi indhente dit samtykke, f\u00f8r vi indsamler eller behandler dine data, s\u00e5som til at sende marketing-e-mails.<\/li>\r\n<li><strong>Overholdelse af juridiske forpligtelser:<\/strong> Vi kan ogs\u00e5 behandle dine personoplysninger for at overholde g\u00e6ldende love og regler.<\/li>\r\n<\/ul>\r\n<h4><strong>4. Deling og videregivelse af dine oplysninger<\/strong><\/h4>\r\n<p>Vi s\u00e6lger, bytter eller udlejer ikke dine personlige data til tredjeparter. Vi kan dog dele dine oplysninger under f\u00f8lgende omst\u00e6ndigheder:<\/p>\r\n<ul>\r\n<li>\r\n<p><strong>Tjenesteudbydere:<\/strong> Vi deler muligvis dine data med betroede tredjepartsleverand\u00f8rer, der leverer tjenester p\u00e5 vores vegne, s\u00e5som hosting af websteder, dataanalyse, e-maillevering eller betalingsbehandling. Disse tredjeparter er bundet af fortrolighedsaftaler og bruger kun dine data til de specifikke tjenester, vi anmoder om.<\/p>\r\n<\/li>\r\n<li>\r\n<p><strong>Lovlig overholdelse:<\/strong> Vi kan videregive dine oplysninger, hvis loven kr\u00e6ver det, s\u00e5som som svar p\u00e5 en retskendelse eller regeringsanmodning, eller for at beskytte vores juridiske rettigheder, forhindre svindel eller sikre vores brugeres sikkerhed.<\/p>\r\n<\/li>\r\n<li>\r\n<p><strong>Virksomhedsoverdragelser:<\/strong> I tilf\u00e6lde af en fusion, opk\u00f8b eller salg af aktiver kan dine personoplysninger blive overf\u00f8rt som en del af forretningstransaktionen.<\/p>\r\n<\/li>\r\n<\/ul>\r\n<h4><strong>5. Datasikkerhed<\/strong><\/h4>\r\n<p>Vi tager sikkerheden af \u200b\u200bdine personlige oplysninger alvorligt og anvender en r\u00e6kke foranstaltninger for at beskytte dem mod uautoriseret adgang, offentligg\u00f8relse, \u00e6ndring eller \u00f8del\u00e6ggelse. Disse foranstaltninger omfatter:<\/p>\r\n<ul>\r\n<li>Sikker serverhosting og firewalls<\/li>\r\n<li>Kryptering af f\u00f8lsomme data under transmission (f.eks. SSL)<\/li>\r\n<li>Begr\u00e6nset adgang til personlige data til kun autoriseret personale<\/li>\r\n<\/ul>\r\n<p>Ingen transmissions- eller lagringsmetode er dog 100% sikker, og selvom vi str\u00e6ber efter at beskytte dine personlige oplysninger, kan vi ikke garantere deres absolutte sikkerhed.<\/p>\r\n<h4><strong>6. Dine datarettigheder<\/strong><\/h4>\r\n<p>Du har f\u00f8lgende rettigheder vedr\u00f8rende dine personlige data:<\/p>\r\n<ul>\r\n<li><strong>Adgang:<\/strong> Du har ret til at anmode om en kopi af de personoplysninger, vi har om dig.<\/li>\r\n<li><strong>Rettelse:<\/strong> Du kan anmode om, at vi retter eventuelle un\u00f8jagtigheder i dine personlige oplysninger.<\/li>\r\n<li><strong>Sletning:<\/strong> Du kan anmode om, at vi sletter dine personoplysninger under visse betingelser.<\/li>\r\n<li><strong>Begr\u00e6nsning af behandling:<\/strong> Du kan anmode om, at vi begr\u00e6nser behandlingen af \u200b\u200bdine data under s\u00e6rlige omst\u00e6ndigheder.<\/li>\r\n<li><strong>Dataportabilitet:<\/strong> Du har ret til at modtage dine personoplysninger i et struktureret, almindeligt anvendt og maskinl\u00e6sbart format.<\/li>\r\n<li><strong>Indvending:<\/strong> Du kan til enhver tid g\u00f8re indsigelse mod behandlingen af \u200b\u200bdine data til markedsf\u00f8ringsform\u00e5l.<\/li>\r\n<\/ul>\r\n<p>For at ud\u00f8ve nogen af \u200b\u200bdisse rettigheder, bedes du kontakte os p\u00e5 <a rel=\"noopener\"><span \n                data-original-string='2gwUlN5IOQ9n+BNInklDew==250yset1oVQhCk+qnpEyyjvih1qzCb90G2hq3kesxwOXyE='\n                class='apbct-email-encoder'\n                title='Denne kontakt er blevet kodet af Anti-Spam af CleanTalk. Klik for at dekode. For at fuldf\u00f8re dekodningen skal du sikre, at JavaScript er aktiveret i din browser.'>i<span class=\"apbct-blur\">**<\/span>@<span class=\"apbct-blur\">*****<\/span>sh.com<\/span><\/a>. Vi vil svare p\u00e5 din anmodning inden for den tidsramme, der kr\u00e6ves af g\u00e6ldende lovgivning.<\/p>\r\n<h4><strong>7. Internationale dataoverf\u00f8rsler<\/strong><\/h4>\r\n<p>Som en Kina-baseret virksomhed kan dine personoplysninger blive overf\u00f8rt til og behandlet i lande uden for dit bop\u00e6lsland. Hvis du befinder dig i Det Europ\u00e6iske \u00d8konomiske Samarbejdsomr\u00e5de (E\u00d8S), kan dette omfatte overf\u00f8rsler til lande, der ikke har samme databeskyttelseslovgivning som dit land. Vi vil dog tage alle rimelige skridt for at sikre, at dine data behandles sikkert og i overensstemmelse med denne fortrolighedspolitik.<\/p>\r\n<h4><strong>8. Dataopbevaring<\/strong><\/h4>\r\n<p>Vi opbevarer kun dine personlige oplysninger, s\u00e5 l\u00e6nge det er n\u00f8dvendigt for at opfylde de form\u00e5l, som de blev indsamlet til, eller som kr\u00e6vet ved lov. N\u00e5r vi ikke l\u00e6ngere har brug for dine data, vil vi sikkert slette eller anonymisere dem.<\/p>\r\n<h4><strong>9. Tredjepartslinks<\/strong><\/h4>\r\n<p>Vores websted kan indeholde links til tredjeparts websteder. Vi er ikke ansvarlige for privatlivspraksis eller indholdet af disse eksterne websteder. Vi opfordrer dig til at gennemg\u00e5 privatlivspolitikkerne for alle tredjepartswebsteder, du bes\u00f8ger.<\/p>\r\n<h4><strong>10. \u00c6ndringer af denne fortrolighedspolitik<\/strong><\/h4>\r\n<p>Vi kan opdatere denne fortrolighedspolitik fra tid til anden for at afspejle \u00e6ndringer i vores praksis eller af juridiske og regulatoriske \u00e5rsager. Eventuelle \u00e6ndringer vil blive offentliggjort p\u00e5 denne side med en opdateret \"Ikrafttr\u00e6delsesdato\". Vi opfordrer dig til at gennemg\u00e5 denne politik med j\u00e6vne mellemrum for at holde dig informeret om, hvordan vi beskytter dine data.<\/p>\r\n<h4><strong>Kontakt os<\/strong><\/h4>\r\n<p>Hvis du har sp\u00f8rgsm\u00e5l eller bekymringer om denne privatlivspolitik eller hvordan vi h\u00e5ndterer dine personlige oplysninger, bedes du kontakte os p\u00e5:<\/p>\r\n<p><strong>E-mail:<\/strong> <a rel=\"noopener\"><span \n                data-original-string='Y9q4oOwL+ON31iOD0Tt6kg==250Sz5NFiM4D06RBkppCiVU8EiSmrZRN78\/6ThUt3GbLPg='\n                class='apbct-email-encoder'\n                title='Denne kontakt er blevet kodet af Anti-Spam af CleanTalk. Klik for at dekode. For at fuldf\u00f8re dekodningen skal du sikre, at JavaScript er aktiveret i din browser.'>i<span class=\"apbct-blur\">**<\/span>@<span class=\"apbct-blur\">*****<\/span>sh.com<\/span><\/a><\/p>","protected":false},"excerpt":{"rendered":"<p>Hos CNCRUSH er dit privatliv af st\u00f8rste vigtighed for os. Denne privatlivspolitik beskriver, hvordan vi indsamler, bruger, afsl\u00f8rer og beskytter dine personlige oplysninger, n\u00e5r du bes\u00f8ger vores hjemmeside, https:\/\/cncrush.com\/ (\"hjemmesiden\"), eller n\u00e5r du interagerer med os p\u00e5 nogen m\u00e5de. Ved at bruge vores hjemmeside eller engagere dig i vores tjenester, giver du dit samtykke til [\u2026]","protected":false},"author":1,"featured_media":0,"parent":0,"menu_order":0,"comment_status":"closed","ping_status":"closed","template":"page-blank-title-center.php","meta":{"footnotes":""},"class_list":["post-3","page","type-page","status-publish","hentry"],"_links":{"self":[{"href":"https:\/\/cncrush.com\/da\/wp-json\/wp\/v2\/pages\/3","targetHints":{"allow":["GET"]}}],"collection":[{"href":"https:\/\/cncrush.com\/da\/wp-json\/wp\/v2\/pages"}],"about":[{"href":"https:\/\/cncrush.com\/da\/wp-json\/wp\/v2\/types\/page"}],"author":[{"embeddable":true,"href":"https:\/\/cncrush.com\/da\/wp-json\/wp\/v2\/users\/1"}],"replies":[{"embeddable":true,"href":"https:\/\/cncrush.com\/da\/wp-json\/wp\/v2\/comments?post=3"}],"version-history":[{"count":0,"href":"https:\/\/cncrush.com\/da\/wp-json\/wp\/v2\/pages\/3\/revisions"}],"wp:attachment":[{"href":"https:\/\/cncrush.com\/da\/wp-json\/wp\/v2\/media?parent=3"}],"curies":[{"name":"wp","href":"https:\/\/api.w.org\/{rel}","templated":true}]}}