{"id":31,"date":"2024-09-29T03:50:09","date_gmt":"2024-09-29T03:50:09","guid":{"rendered":"https:\/\/cncrush.com\/?page_id=31"},"modified":"2024-12-20T14:11:01","modified_gmt":"2024-12-20T14:11:01","slug":"maskinbygning-og-automatisering","status":"publish","type":"page","link":"https:\/\/cncrush.com\/da\/maskinbygning-og-automatisering\/","title":{"rendered":"Maskinbygning og automatisering"},"content":{"rendered":"<section class=\"section dark\" id=\"section_2001189360\">\n\t\t<div class=\"section-bg fill\" >\n\t\t\t<img loading=\"lazy\" decoding=\"async\" width=\"2100\" height=\"700\" src=\"https:\/\/cncrush.com\/wp-content\/uploads\/2024\/10\/machine-building-automation.webp\" class=\"bg attachment- size-\" alt=\"\" title=\"\">\t\t\t\t\t\t<div class=\"section-bg-overlay absolute fill\"><\/div><button class=\"scroll-for-more z-5 icon absolute bottom h-center\" aria-label=\"Regler for blot\"><i class=\"icon-angle-down\" style=\"font-size:42px;\" ><\/i><\/button>\n\t\t\t\n\n\t\t<\/div>\n\n\t\t\n\n\t\t<div class=\"section-content relative\">\n\t\t\t\n<div class=\"row align-center\"  id=\"row-1122870094\">\n\n\t<div id=\"col-1061779007\" class=\"col medium-10 small-12 large-10\"  >\n\t\t\t\t<div class=\"col-inner text-center\"  >\n\t\t\t\n\t\t\t\n\t<div id=\"text-757060962\" class=\"text\">\n\t\t\n<h1>Maskinbygning og Automation CNC Services<\/h1>\n\t\t\n<style>\n#text-757060962 {\n  font-size: 1.35rem;\n}\n@media (min-width:550px) {\n  #text-757060962 {\n    font-size: 2rem;\n  }\n}\n<\/style>\n\t<\/div>\n\t\n<div class=\"row\"  id=\"row-607316865\">\n\n\t<div id=\"col-529330318\" class=\"col medium-9 small-12 large-9\"  >\n\t\t\t\t<div class=\"col-inner\"  >\n\t\t\t\n\t\t\t\n<p>Hos CNCRUSH producerer vi alle dele til dine maskiner eller enheder med p\u00e5lidelighed, omkostningseffektivitet og h\u00f8jeste kvalitet. Certificeret efter ISO 9001:2015 og ISO 14001 sikrer vi levering til tiden og exceptionelle standarder for alle komponenter.<\/p>\n\t\t<\/div>\n\t\t\t\t\t<\/div>\n\n\t\n<\/div>\n\t\t<\/div>\n\t\t\t\t\t<\/div>\n\n\t\n<\/div>\n\t\t<\/div>\n\n\t\t\n<style>\n#section_2001189360 {\n  padding-top: 30px;\n  padding-bottom: 30px;\n  min-height: 100px;\n}\n#section_2001189360 .section-bg-overlay {\n  background-color: rgba(0, 0, 0, 0.384);\n}\n#section_2001189360 .section-bg img {\n  object-position: 53% 58%;\n}\n@media (min-width:550px) {\n  #section_2001189360 {\n    min-height: 600px;\n  }\n}\n<\/style>\n\t<\/section>\n\t\n\n\t<section class=\"section\" id=\"section_729159504\">\n\t\t<div class=\"section-bg fill\" >\n\t\t\t\t\t\t\t\t\t\n\t\t\t\n\n\t\t<\/div>\n\n\t\t\n\n\t\t<div class=\"section-content relative\">\n\t\t\t\n<div class=\"row row-large steps-simple-headline\"  id=\"row-1764926065\">\n\n\t<div id=\"col-125883691\" class=\"col medium-8 small-12 large-12\"  >\n\t\t\t\t<div class=\"col-inner\"  >\n\t\t\t\n\t\t\t\n<div class=\"row row-collapse\"  id=\"row-1671837911\">\n\n\t<div id=\"col-1037046177\" class=\"col medium-1 small-2 large-1\"  >\n\t\t\t\t<div class=\"col-inner\"  >\n\t\t\t\n\t\t\t\n<h2>01<\/h2>\n\t\t<\/div>\n\t\t\t\t\t<\/div>\n\n\t\n\n\t<div id=\"col-1122225934\" class=\"col medium-11 small-10 large-11\"  >\n\t\t\t\t<div class=\"col-inner\"  >\n\t\t\t\n\t\t\t\n<h3>Dele vi fremstiller<\/h3>\n<p>Vores ekspertise sp\u00e6nder over en r\u00e6kke forskellige materialer, herunder aluminium, st\u00e5l, kobber og plast, til dele som:<\/p>\n<ul>\n<li>Legeme, tarme, blokke<\/li>\n<li>Fastg\u00f8relse, justering og tilslutning af elementer<\/li>\n<li>Lameller og profiler<\/li>\n<li>Manchetter, ringe, m\u00f8trikker, aksler og aksler<\/li>\n<li>Holdere<\/li>\n<li>Plader<\/li>\n<\/ul>\n\t\t<\/div>\n\t\t\t\t\t<\/div>\n\n\t\n<\/div>\n<div class=\"is-divider divider clearfix\" style=\"margin-top:10px;margin-bottom:10px;max-width:100%;height:1px;\"><\/div>\n<div class=\"row row-collapse\"  id=\"row-263081158\">\n\n\t<div id=\"col-1342022299\" class=\"col medium-1 small-2 large-1\"  >\n\t\t\t\t<div class=\"col-inner\"  >\n\t\t\t\n\t\t\t\n<h2>02<\/h2>\n\t\t<\/div>\n\t\t\t\t\t<\/div>\n\n\t\n\n\t<div id=\"col-1076685062\" class=\"col medium-11 small-10 large-11\"  >\n\t\t\t\t<div class=\"col-inner\"  >\n\t\t\t\n\t\t\t\n<h3>Vores proces<\/h3>\n<p>Hos CNCRUSH er kvalitet vores topprioritet.<\/p>\n<ul>\n<li><strong>100% Kvalitetskontrol:<\/strong> Hver del er godkendt til produktion af vores kvalitetskontrolteam med kontinuerlig procesoverv\u00e5gning baseret p\u00e5 en detaljeret kontrolplan.<\/li>\n<li><strong>Rapportering:<\/strong> Efter anmodning leverer vi <strong>PPAP<\/strong> og <strong>8D rapporterer<\/strong> for at sikre overholdelse af dine specifikationer.<\/li>\n<\/ul>\n\t\t<\/div>\n\t\t\t\t\t<\/div>\n\n\t\n<\/div>\n<div class=\"is-divider divider clearfix\" style=\"margin-top:10px;margin-bottom:10px;max-width:100%;height:1px;\"><\/div>\n<div class=\"row row-collapse align-middle\"  id=\"row-333385178\">\n\n\t<div id=\"col-428594705\" class=\"col medium-1 small-2 large-1\"  >\n\t\t\t\t<div class=\"col-inner\"  >\n\t\t\t\n\t\t\t\n<h2>03<\/h2>\n\t\t<\/div>\n\t\t\t\t\t<\/div>\n\n\t\n\n\t<div id=\"col-1061006413\" class=\"col medium-11 small-10 large-11\"  >\n\t\t\t\t<div class=\"col-inner\"  >\n\t\t\t\n\t\t\t\n<h3>Kvalitetssikring<\/h3>\n<p>Hos CNCRUSH er kvalitet vores topprioritet.<\/p>\n<ul>\n<li><strong>100% Kvalitetskontrol:<\/strong> Hver del er godkendt til produktion af vores kvalitetskontrolteam med kontinuerlig procesoverv\u00e5gning baseret p\u00e5 en detaljeret kontrolplan.<\/li>\n<li><strong>Rapportering:<\/strong> Efter anmodning leverer vi <strong>F\u00f8rste artikelinspektion (FAI) rapporterer og<\/strong> <strong>8D rapporterer<\/strong> for at sikre overholdelse af dine specifikationer.<\/li>\n<\/ul>\n\t\t<\/div>\n\t\t\t\t\t<\/div>\n\n\t\n<\/div>\n\t\t<\/div>\n\t\t\t\t\t<\/div>\n\n\t\n<\/div>\n\t\t<\/div>\n\n\t\t\n<style>\n#section_729159504 {\n  padding-top: 60px;\n  padding-bottom: 60px;\n}\n<\/style>\n\t<\/section>\n\t\n<div class=\"row row-collapse row-full-width\"  id=\"row-636802808\">\n\n\t<div id=\"col-330804127\" class=\"col small-12 large-12\"  >\n\t\t\t\t<div class=\"col-inner text-center dark\"  >\n\t\t\t\n\t\t\t\n\n  <div class=\"banner has-hover\" id=\"banner-521364486\">\n          <div class=\"banner-inner fill\">\n        <div class=\"banner-bg fill\" >\n            <img loading=\"lazy\" decoding=\"async\" width=\"1020\" height=\"421\" src=\"https:\/\/cncrush.com\/wp-content\/uploads\/2024\/09\/milled-stainless-steel-background-1024x423.webp\" class=\"bg attachment-large size-large\" alt=\"\" title=\"\">                        <div class=\"overlay\"><\/div>            \n                    <\/div>\n\t\t\n        <div class=\"banner-layers container\">\n            <div class=\"fill banner-link\"><\/div>            \n   <div id=\"text-box-2133866072\" class=\"text-box banner-layer x50 md-x50 lg-x50 y50 md-y50 lg-y50 res-text\">\n                                <div class=\"text-box-content text dark\">\n              \n              <div class=\"text-inner text-center\">\n                  \n\t<div id=\"text-4158190692\" class=\"text\">\n\t\t\n<h3>Interesseret? F\u00e5 et gratis tilbud i dag!<\/h3>\n\t\t\n<style>\n#text-4158190692 {\n  font-size: 0.75rem;\n  text-align: center;\n}\n<\/style>\n\t<\/div>\n\t\n<a href=\"https:\/\/cncrush.com\/da\/send-foresporgsel\/\" class=\"button alert\"  >\n\t\t<span>Send din foresp\u00f8rgsel<\/span>\n\t<\/a>\n\n              <\/div>\n           <\/div>\n                            \n<style>\n#text-box-2133866072 {\n  width: 100%;\n}\n#text-box-2133866072 .text-box-content {\n  font-size: 100%;\n}\n@media (min-width:550px) {\n  #text-box-2133866072 {\n    width: 94%;\n  }\n}\n<\/style>\n    <\/div>\n \n        <\/div>\n      <\/div>\n\n            \n<style>\n#banner-521364486 {\n  padding-top: 99.99%;\n}\n#banner-521364486 .overlay {\n  background-color: rgba(0, 0, 0, 0.17);\n}\n#banner-521364486 .banner-bg img {\n  object-position: 47% 60%;\n}\n@media (min-width:550px) {\n  #banner-521364486 {\n    padding-top: 105px;\n  }\n}\n<\/style>\n  <\/div>\n\n\n\t\t<\/div>\n\t\t\t\t\t<\/div>\n\n\t\n<\/div>","protected":false},"excerpt":{"rendered":"","protected":false},"author":1,"featured_media":0,"parent":0,"menu_order":0,"comment_status":"closed","ping_status":"closed","template":"page-blank.php","meta":{"footnotes":""},"class_list":["post-31","page","type-page","status-publish","hentry"],"_links":{"self":[{"href":"https:\/\/cncrush.com\/da\/wp-json\/wp\/v2\/pages\/31","targetHints":{"allow":["GET"]}}],"collection":[{"href":"https:\/\/cncrush.com\/da\/wp-json\/wp\/v2\/pages"}],"about":[{"href":"https:\/\/cncrush.com\/da\/wp-json\/wp\/v2\/types\/page"}],"author":[{"embeddable":true,"href":"https:\/\/cncrush.com\/da\/wp-json\/wp\/v2\/users\/1"}],"replies":[{"embeddable":true,"href":"https:\/\/cncrush.com\/da\/wp-json\/wp\/v2\/comments?post=31"}],"version-history":[{"count":0,"href":"https:\/\/cncrush.com\/da\/wp-json\/wp\/v2\/pages\/31\/revisions"}],"wp:attachment":[{"href":"https:\/\/cncrush.com\/da\/wp-json\/wp\/v2\/media?parent=31"}],"curies":[{"name":"wp","href":"https:\/\/api.w.org\/{rel}","templated":true}]}}