{"id":33,"date":"2024-09-29T03:50:17","date_gmt":"2024-09-29T03:50:17","guid":{"rendered":"https:\/\/cncrush.com\/?page_id=33"},"modified":"2024-12-20T14:14:01","modified_gmt":"2024-12-20T14:14:01","slug":"forbrugerprodukter","status":"publish","type":"page","link":"https:\/\/cncrush.com\/da\/forbrugerprodukter\/","title":{"rendered":"Forbrugerprodukter"},"content":{"rendered":"<section class=\"section dark\" id=\"section_32915483\">\n\t\t<div class=\"section-bg fill\" >\n\t\t\t<img loading=\"lazy\" decoding=\"async\" width=\"2100\" height=\"700\" src=\"https:\/\/cncrush.com\/wp-content\/uploads\/2024\/10\/consumer-products.webp\" class=\"bg attachment- size-\" alt=\"\" title=\"\">\t\t\t\t\t\t<div class=\"section-bg-overlay absolute fill\"><\/div><button class=\"scroll-for-more z-5 icon absolute bottom h-center\" aria-label=\"Regler for blot\"><i class=\"icon-angle-down\" style=\"font-size:42px;\" ><\/i><\/button>\n\t\t\t\n\n\t\t<\/div>\n\n\t\t\n\n\t\t<div class=\"section-content relative\">\n\t\t\t\n<div class=\"row align-center\"  id=\"row-1935269275\">\n\n\t<div id=\"col-910872271\" class=\"col medium-10 small-12 large-10\"  >\n\t\t\t\t<div class=\"col-inner text-center\"  >\n\t\t\t\n\t\t\t\n\t<div id=\"text-1771537122\" class=\"text\">\n\t\t\n<h1>Fremstilling af forbrugerprodukter<\/h1>\n\t\t\n<style>\n#text-1771537122 {\n  font-size: 1.35rem;\n}\n@media (min-width:550px) {\n  #text-1771537122 {\n    font-size: 2rem;\n  }\n}\n<\/style>\n\t<\/div>\n\t\n<div class=\"row\"  id=\"row-724933662\">\n\n\t<div id=\"col-49097865\" class=\"col medium-9 small-12 large-9\"  >\n\t\t\t\t<div class=\"col-inner\"  >\n\t\t\t\n\t\t\t\n<p>Hos CNCRUSH vil vi bringe dine produktid\u00e9er ud i livet og hj\u00e6lpe dig med at optimere b\u00e5de design- og fremstillingsomkostninger. Vi sikrer, at dit produkt er pakket til dine specifikationer og leverer b\u00e5de kvalitet og v\u00e6rdi.<\/p>\n\t\t<\/div>\n\t\t\t\t\t<\/div>\n\n\t\n<\/div>\n\t\t<\/div>\n\t\t\t\t\t<\/div>\n\n\t\n<\/div>\n\t\t<\/div>\n\n\t\t\n<style>\n#section_32915483 {\n  padding-top: 30px;\n  padding-bottom: 30px;\n  min-height: 100px;\n}\n#section_32915483 .section-bg-overlay {\n  background-color: rgba(0, 0, 0, 0.384);\n}\n#section_32915483 .section-bg img {\n  object-position: 53% 58%;\n}\n@media (min-width:550px) {\n  #section_32915483 {\n    min-height: 600px;\n  }\n}\n<\/style>\n\t<\/section>\n\t\n\n\t<section class=\"section\" id=\"section_1318958831\">\n\t\t<div class=\"section-bg fill\" >\n\t\t\t\t\t\t\t\t\t\n\t\t\t\n\n\t\t<\/div>\n\n\t\t\n\n\t\t<div class=\"section-content relative\">\n\t\t\t\n<div class=\"row row-large steps-simple-headline\"  id=\"row-270194634\">\n\n\t<div id=\"col-1547399716\" class=\"col medium-8 small-12 large-12\"  >\n\t\t\t\t<div class=\"col-inner\"  >\n\t\t\t\n\t\t\t\n<div class=\"row row-collapse\"  id=\"row-1688741009\">\n\n\t<div id=\"col-1553645210\" class=\"col medium-1 small-2 large-1\"  >\n\t\t\t\t<div class=\"col-inner\"  >\n\t\t\t\n\t\t\t\n<h2>01<\/h2>\n\t\t<\/div>\n\t\t\t\t\t<\/div>\n\n\t\n\n\t<div id=\"col-2071377554\" class=\"col medium-11 small-10 large-11\"  >\n\t\t\t\t<div class=\"col-inner\"  >\n\t\t\t\n\t\t\t\n<h3>Eksempler p\u00e5 produkter, vi fremstiller<\/h3>\n<ul>\n<li>Huse til bygningskontrolsystem-trykknapper<\/li>\n<li>Tablet\u00e6sker<\/li>\n<li>Cykeldele<\/li>\n<li>Komponenter til vandpiber<\/li>\n<li>Holdere og knapper til husholdningsapparater og elektronisk udstyr<\/li>\n<\/ul>\n\t\t<\/div>\n\t\t\t\t\t<\/div>\n\n\t\n<\/div>\n<div class=\"is-divider divider clearfix\" style=\"margin-top:10px;margin-bottom:10px;max-width:100%;height:1px;\"><\/div>\n<div class=\"row row-collapse\"  id=\"row-1946701582\">\n\n\t<div id=\"col-2043075163\" class=\"col medium-1 small-2 large-1\"  >\n\t\t\t\t<div class=\"col-inner\"  >\n\t\t\t\n\t\t\t\n<h2>02<\/h2>\n\t\t<\/div>\n\t\t\t\t\t<\/div>\n\n\t\n\n\t<div id=\"col-1271673075\" class=\"col medium-11 small-10 large-11\"  >\n\t\t\t\t<div class=\"col-inner\"  >\n\t\t\t\n\t\t\t\n<h3>Omfattende Supportt<\/h3>\n<p>Har du en id\u00e9, men usikker p\u00e5 de n\u00e6ste skridt? Hos CNRUSH g\u00f8r vi dine koncepter til virkelighed. Vores team vil hj\u00e6lpe dig med:<\/p>\n<ul>\n<li><strong>Design af dit produkt<\/strong> for at sikre, at den opfylder din vision<\/li>\n<li>Sikrer <strong>optimal ydeevne<\/strong> med de rigtige specifikationer<\/li>\n<li><strong>Udv\u00e6lgelse af de bedste materialer<\/strong> for holdbarhed og funktionalitet<\/li>\n<li>Skaber mest <strong>effektiv produktionsproces<\/strong><\/li>\n<li><strong>Valg af den perfekte emballage<\/strong> at matche dit brand<\/li>\n<\/ul>\n\t\t<\/div>\n\t\t\t\t\t<\/div>\n\n\t\n<\/div>\n<div class=\"is-divider divider clearfix\" style=\"margin-top:10px;margin-bottom:10px;max-width:100%;height:1px;\"><\/div>\n<div class=\"row row-collapse align-middle\"  id=\"row-275053106\">\n\n\t<div id=\"col-1417438985\" class=\"col medium-1 small-2 large-1\"  >\n\t\t\t\t<div class=\"col-inner\"  >\n\t\t\t\n\t\t\t\n<h2>03<\/h2>\n\t\t<\/div>\n\t\t\t\t\t<\/div>\n\n\t\n\n\t<div id=\"col-1468593060\" class=\"col medium-11 small-10 large-11\"  >\n\t\t\t\t<div class=\"col-inner\"  >\n\t\t\t\n\t\t\t\n<h3>Skr\u00e6ddersyet fremstillingsproces<\/h3>\n<p>Hos CNCRUSH tilbyder vi end-to-end produktionsl\u00f8sninger, der er skr\u00e6ddersyet til at opfylde de specifikke behov for dit produkt:<\/p>\n<ul>\n<li><strong>Design og pr\u00e6cision:<\/strong> Detaljeret konstruktion og parameteroptimering<\/li>\n<li><strong>Udvikling og test:<\/strong> Identifikation af den rigtige teknologi og yderligere behandlinger<\/li>\n<li><strong>Visuelle og pakkel\u00f8sninger:<\/strong> At sikre, at det endelige produkt ser godt ud og er ordentligt beskyttet<\/li>\n<li><strong>Kvalitetskontrol:<\/strong> Omfattende inspektioner for at sikre topkvalitet<\/li>\n<li><strong>Fleksibilitet:<\/strong> Tilpas nemt produkt\u00e6ndringer og designforbedringer<\/li>\n<li><strong>Direkte kommunikation:<\/strong> T\u00e6t samarbejde med din projektleder og l\u00f8bende produktionslinjeoverv\u00e5gning<\/li>\n<li><strong>Holdbarhed og test:<\/strong> Valg af de rigtige materialer til produktets levetid<\/li>\n<\/ul>\n\t\t<\/div>\n\t\t\t\t\t<\/div>\n\n\t\n<\/div>\n<div class=\"is-divider divider clearfix\" style=\"margin-top:10px;margin-bottom:10px;max-width:100%;height:1px;\"><\/div>\n\t\t<\/div>\n\t\t\t\t\t<\/div>\n\n\t\n<\/div>\n\t\t<\/div>\n\n\t\t\n<style>\n#section_1318958831 {\n  padding-top: 60px;\n  padding-bottom: 60px;\n}\n<\/style>\n\t<\/section>\n\t\n<div class=\"row row-collapse row-full-width\"  id=\"row-1190511717\">\n\n\t<div id=\"col-325947826\" class=\"col small-12 large-12\"  >\n\t\t\t\t<div class=\"col-inner text-center dark\"  >\n\t\t\t\n\t\t\t\n\n  <div class=\"banner has-hover\" id=\"banner-1508937935\">\n          <div class=\"banner-inner fill\">\n        <div class=\"banner-bg fill\" >\n            <img loading=\"lazy\" decoding=\"async\" width=\"1020\" height=\"421\" src=\"https:\/\/cncrush.com\/wp-content\/uploads\/2024\/09\/milled-stainless-steel-background-1024x423.webp\" class=\"bg attachment-large size-large\" alt=\"\" title=\"\">                        <div class=\"overlay\"><\/div>            \n                    <\/div>\n\t\t\n        <div class=\"banner-layers container\">\n            <div class=\"fill banner-link\"><\/div>            \n   <div id=\"text-box-408588821\" class=\"text-box banner-layer x50 md-x50 lg-x50 y50 md-y50 lg-y50 res-text\">\n                                <div class=\"text-box-content text dark\">\n              \n              <div class=\"text-inner text-center\">\n                  \n\t<div id=\"text-3654875341\" class=\"text\">\n\t\t\n<h3>Interesseret? F\u00e5 et gratis tilbud i dag!<\/h3>\n\t\t\n<style>\n#text-3654875341 {\n  font-size: 0.75rem;\n  text-align: center;\n}\n<\/style>\n\t<\/div>\n\t\n<a href=\"https:\/\/cncrush.com\/da\/send-foresporgsel\/\" class=\"button alert\"  >\n\t\t<span>Send din foresp\u00f8rgsel<\/span>\n\t<\/a>\n\n              <\/div>\n           <\/div>\n                            \n<style>\n#text-box-408588821 {\n  width: 100%;\n}\n#text-box-408588821 .text-box-content {\n  font-size: 100%;\n}\n@media (min-width:550px) {\n  #text-box-408588821 {\n    width: 94%;\n  }\n}\n<\/style>\n    <\/div>\n \n        <\/div>\n      <\/div>\n\n            \n<style>\n#banner-1508937935 {\n  padding-top: 99.99%;\n}\n#banner-1508937935 .overlay {\n  background-color: rgba(0, 0, 0, 0.17);\n}\n#banner-1508937935 .banner-bg img {\n  object-position: 47% 60%;\n}\n@media (min-width:550px) {\n  #banner-1508937935 {\n    padding-top: 119px;\n  }\n}\n<\/style>\n  <\/div>\n\n\n\t\t<\/div>\n\t\t\t\t\t<\/div>\n\n\t\n<\/div>","protected":false},"excerpt":{"rendered":"","protected":false},"author":1,"featured_media":0,"parent":0,"menu_order":0,"comment_status":"closed","ping_status":"closed","template":"page-blank.php","meta":{"footnotes":""},"class_list":["post-33","page","type-page","status-publish","hentry"],"_links":{"self":[{"href":"https:\/\/cncrush.com\/da\/wp-json\/wp\/v2\/pages\/33","targetHints":{"allow":["GET"]}}],"collection":[{"href":"https:\/\/cncrush.com\/da\/wp-json\/wp\/v2\/pages"}],"about":[{"href":"https:\/\/cncrush.com\/da\/wp-json\/wp\/v2\/types\/page"}],"author":[{"embeddable":true,"href":"https:\/\/cncrush.com\/da\/wp-json\/wp\/v2\/users\/1"}],"replies":[{"embeddable":true,"href":"https:\/\/cncrush.com\/da\/wp-json\/wp\/v2\/comments?post=33"}],"version-history":[{"count":0,"href":"https:\/\/cncrush.com\/da\/wp-json\/wp\/v2\/pages\/33\/revisions"}],"wp:attachment":[{"href":"https:\/\/cncrush.com\/da\/wp-json\/wp\/v2\/media?parent=33"}],"curies":[{"name":"wp","href":"https:\/\/api.w.org\/{rel}","templated":true}]}}