{"id":37,"date":"2024-09-29T03:50:30","date_gmt":"2024-09-29T03:50:30","guid":{"rendered":"https:\/\/cncrush.com\/?page_id=37"},"modified":"2024-12-20T13:53:35","modified_gmt":"2024-12-20T13:53:35","slug":"medicinsk-industri","status":"publish","type":"page","link":"https:\/\/cncrush.com\/da\/medicinsk-industri\/","title":{"rendered":"Medicinsk industri"},"content":{"rendered":"<section class=\"section dark\" id=\"section_550678885\">\n\t\t<div class=\"section-bg fill\" >\n\t\t\t<img loading=\"lazy\" decoding=\"async\" width=\"2100\" height=\"700\" src=\"https:\/\/cncrush.com\/wp-content\/uploads\/2024\/10\/medical-industry.webp\" class=\"bg attachment- size-\" alt=\"\" title=\"\">\t\t\t\t\t\t<div class=\"section-bg-overlay absolute fill\"><\/div><button class=\"scroll-for-more z-5 icon absolute bottom h-center\" aria-label=\"Regler for blot\"><i class=\"icon-angle-down\" style=\"font-size:42px;\" ><\/i><\/button>\n\t\t\t\n\n\t\t<\/div>\n\n\t\t\n\n\t\t<div class=\"section-content relative\">\n\t\t\t\n<div class=\"row align-center\"  id=\"row-1094710404\">\n\n\t<div id=\"col-415006370\" class=\"col medium-10 small-12 large-10\"  >\n\t\t\t\t<div class=\"col-inner text-center\"  >\n\t\t\t\n\t\t\t\n\t<div id=\"text-4254728824\" class=\"text\">\n\t\t\n<h1>CNC pr\u00e6cisionsdele til den medicinske industri<\/h1>\n\t\t\n<style>\n#text-4254728824 {\n  font-size: 1.35rem;\n}\n@media (min-width:550px) {\n  #text-4254728824 {\n    font-size: 2rem;\n  }\n}\n<\/style>\n\t<\/div>\n\t\n<div class=\"row\"  id=\"row-1396717296\">\n\n\t<div id=\"col-486217706\" class=\"col medium-9 small-12 large-9\"  >\n\t\t\t\t<div class=\"col-inner\"  >\n\t\t\t\n\t\t\t\n<p>Hos CNCRUSH fremstiller vi pr\u00e6cisionskomponenter til specialiseret medicinsk udstyr, hvilket sikrer den h\u00f8jeste kvalitet og p\u00e5lidelighed for den medicinske sektor.<\/p>\n\t\t<\/div>\n\t\t\t\t\t<\/div>\n\n\t\n<\/div>\n\t\t<\/div>\n\t\t\t\t\t<\/div>\n\n\t\n<\/div>\n\t\t<\/div>\n\n\t\t\n<style>\n#section_550678885 {\n  padding-top: 30px;\n  padding-bottom: 30px;\n  min-height: 100px;\n}\n#section_550678885 .section-bg-overlay {\n  background-color: rgba(0, 0, 0, 0.384);\n}\n#section_550678885 .section-bg img {\n  object-position: 53% 58%;\n}\n@media (min-width:550px) {\n  #section_550678885 {\n    min-height: 600px;\n  }\n}\n<\/style>\n\t<\/section>\n\t\n\n\t<section class=\"section\" id=\"section_2129389067\">\n\t\t<div class=\"section-bg fill\" >\n\t\t\t\t\t\t\t\t\t\n\t\t\t\n\n\t\t<\/div>\n\n\t\t\n\n\t\t<div class=\"section-content relative\">\n\t\t\t\n<div class=\"row row-large steps-simple-headline\"  id=\"row-250024096\">\n\n\t<div id=\"col-1729878230\" class=\"col medium-8 small-12 large-12\"  >\n\t\t\t\t<div class=\"col-inner\"  >\n\t\t\t\n\t\t\t\n<div class=\"row row-collapse\"  id=\"row-2131485138\">\n\n\t<div id=\"col-166148745\" class=\"col medium-1 small-2 large-1\"  >\n\t\t\t\t<div class=\"col-inner\"  >\n\t\t\t\n\t\t\t\n<h2>01<\/h2>\n\t\t<\/div>\n\t\t\t\t\t<\/div>\n\n\t\n\n\t<div id=\"col-1240963621\" class=\"col medium-11 small-10 large-11\"  >\n\t\t\t\t<div class=\"col-inner\"  >\n\t\t\t\n\t\t\t\n<h3>Dele vi fremstiller<\/h3>\n<p>Vi er specialiserede i at producere kritiske dele til medicinsk udstyr, herunder:<\/p>\n<ul>\n<li><strong>Aluminiums kabinetter<\/strong><\/li>\n<li><strong>Mekaniske dele<\/strong> til medicinsk udstyr fremstillet af aluminium og rustfrit st\u00e5l, brugt i str\u00e5lebehandling, endoskopi, laparoskopi og tandscannere<\/li>\n<li><strong>Elektroder<\/strong><\/li>\n<\/ul>\n\t\t<\/div>\n\t\t\t\t\t<\/div>\n\n\t\n<\/div>\n<div class=\"is-divider divider clearfix\" style=\"margin-top:10px;margin-bottom:10px;max-width:100%;height:1px;\"><\/div>\n<div class=\"row row-collapse\"  id=\"row-705423688\">\n\n\t<div id=\"col-1454530939\" class=\"col medium-1 small-2 large-1\"  >\n\t\t\t\t<div class=\"col-inner\"  >\n\t\t\t\n\t\t\t\n<h2>02<\/h2>\n\t\t<\/div>\n\t\t\t\t\t<\/div>\n\n\t\n\n\t<div id=\"col-1594859962\" class=\"col medium-11 small-10 large-11\"  >\n\t\t\t\t<div class=\"col-inner\"  >\n\t\t\t\n\t\t\t\n<h3>Vores fremstillingsproces<\/h3>\n<ul>\n<li><strong>Pr\u00e6cision:<\/strong> Vi fremstiller sm\u00e5, h\u00f8jpr\u00e6cisionsdele med tolerancer helt ned til 0,02 mm.<\/li>\n<li><strong>Renhed:<\/strong> Hver del kontrolleres omhyggeligt for at sikre, at den er fri for grater, sp\u00e5ner eller olierester.<\/li>\n<li><strong>P\u00e5lidelighed:<\/strong> Vi udv\u00e6lger omhyggeligt fremstillingsprocesser, der sikrer h\u00f8j repeterbarhed, funktionalitet og overensstemmelse af delene.<\/li>\n<li><strong>Kundeinddragelse:<\/strong> Vi arbejder t\u00e6t sammen med kunderne for at analysere designkrav og tilpasse vores processer, s\u00e5 de opfylder deres specifikke behov.<\/li>\n<\/ul>\n\t\t<\/div>\n\t\t\t\t\t<\/div>\n\n\t\n<\/div>\n<div class=\"is-divider divider clearfix\" style=\"margin-top:10px;margin-bottom:10px;max-width:100%;height:1px;\"><\/div>\n<div class=\"row row-collapse align-middle\"  id=\"row-711410794\">\n\n\t<div id=\"col-1877611811\" class=\"col medium-1 small-2 large-1\"  >\n\t\t\t\t<div class=\"col-inner\"  >\n\t\t\t\n\t\t\t\n<h2>03<\/h2>\n\t\t<\/div>\n\t\t\t\t\t<\/div>\n\n\t\n\n\t<div id=\"col-1394209847\" class=\"col medium-11 small-10 large-11\"  >\n\t\t\t\t<div class=\"col-inner\"  >\n\t\t\t\n\t\t\t\n<h3>Kvalitetssikring<\/h3>\n<p>Pr\u00e6cision er afg\u00f8rende p\u00e5 det medicinske omr\u00e5de, og vi opfylder de h\u00f8jeste standarder ved at bruge avanceret m\u00e5leudstyr som f.eks <strong>Hexagon Global S<\/strong>, hvilket giver en n\u00f8jagtighed p\u00e5 0,005 mm. For komplekse, sm\u00e5 dele udf\u00f8rer vi ogs\u00e5 visuelle inspektioner ved hj\u00e6lp af forst\u00f8rrede visninger for at sikre kvalitet.<\/p>\n\t\t<\/div>\n\t\t\t\t\t<\/div>\n\n\t\n<\/div>\n<div class=\"is-divider divider clearfix\" style=\"margin-top:10px;margin-bottom:10px;max-width:100%;height:1px;\"><\/div>\n\t\t<\/div>\n\t\t\t\t\t<\/div>\n\n\t\n<\/div>\n\t\t<\/div>\n\n\t\t\n<style>\n#section_2129389067 {\n  padding-top: 60px;\n  padding-bottom: 60px;\n}\n<\/style>\n\t<\/section>\n\t\n<div class=\"row row-collapse row-full-width\"  id=\"row-1654136847\">\n\n\t<div id=\"col-641753423\" class=\"col small-12 large-12\"  >\n\t\t\t\t<div class=\"col-inner text-center dark\"  >\n\t\t\t\n\t\t\t\n\n  <div class=\"banner has-hover\" id=\"banner-50150400\">\n          <div class=\"banner-inner fill\">\n        <div class=\"banner-bg fill\" >\n            <img loading=\"lazy\" decoding=\"async\" width=\"1020\" height=\"421\" src=\"https:\/\/cncrush.com\/wp-content\/uploads\/2024\/09\/milled-stainless-steel-background-1024x423.webp\" class=\"bg attachment-large size-large\" alt=\"\" title=\"\">                        <div class=\"overlay\"><\/div>            \n                    <\/div>\n\t\t\n        <div class=\"banner-layers container\">\n            <div class=\"fill banner-link\"><\/div>            \n   <div id=\"text-box-1596517575\" class=\"text-box banner-layer x50 md-x50 lg-x50 y50 md-y50 lg-y50 res-text\">\n                                <div class=\"text-box-content text dark\">\n              \n              <div class=\"text-inner text-center\">\n                  \n\t<div id=\"text-19135455\" class=\"text\">\n\t\t\n<h3>Interesseret? F\u00e5 et gratis tilbud i dag!<\/h3>\n\t\t\n<style>\n#text-19135455 {\n  font-size: 0.75rem;\n  text-align: center;\n}\n<\/style>\n\t<\/div>\n\t\n<a href=\"https:\/\/cncrush.com\/da\/send-foresporgsel\/\" class=\"button alert\"  >\n\t\t<span>Send din foresp\u00f8rgsel<\/span>\n\t<\/a>\n\n              <\/div>\n           <\/div>\n                            \n<style>\n#text-box-1596517575 {\n  width: 100%;\n}\n#text-box-1596517575 .text-box-content {\n  font-size: 100%;\n}\n@media (min-width:550px) {\n  #text-box-1596517575 {\n    width: 94%;\n  }\n}\n<\/style>\n    <\/div>\n \n        <\/div>\n      <\/div>\n\n            \n<style>\n#banner-50150400 {\n  padding-top: 99.99%;\n}\n#banner-50150400 .overlay {\n  background-color: rgba(0, 0, 0, 0.17);\n}\n#banner-50150400 .banner-bg img {\n  object-position: 47% 60%;\n}\n@media (min-width:550px) {\n  #banner-50150400 {\n    padding-top: 97px;\n  }\n}\n<\/style>\n  <\/div>\n\n\n\t\t<\/div>\n\t\t\t\t\t<\/div>\n\n\t\n<\/div>","protected":false},"excerpt":{"rendered":"","protected":false},"author":1,"featured_media":0,"parent":0,"menu_order":0,"comment_status":"closed","ping_status":"closed","template":"page-blank.php","meta":{"footnotes":""},"class_list":["post-37","page","type-page","status-publish","hentry"],"_links":{"self":[{"href":"https:\/\/cncrush.com\/da\/wp-json\/wp\/v2\/pages\/37","targetHints":{"allow":["GET"]}}],"collection":[{"href":"https:\/\/cncrush.com\/da\/wp-json\/wp\/v2\/pages"}],"about":[{"href":"https:\/\/cncrush.com\/da\/wp-json\/wp\/v2\/types\/page"}],"author":[{"embeddable":true,"href":"https:\/\/cncrush.com\/da\/wp-json\/wp\/v2\/users\/1"}],"replies":[{"embeddable":true,"href":"https:\/\/cncrush.com\/da\/wp-json\/wp\/v2\/comments?post=37"}],"version-history":[{"count":0,"href":"https:\/\/cncrush.com\/da\/wp-json\/wp\/v2\/pages\/37\/revisions"}],"wp:attachment":[{"href":"https:\/\/cncrush.com\/da\/wp-json\/wp\/v2\/media?parent=37"}],"curies":[{"name":"wp","href":"https:\/\/api.w.org\/{rel}","templated":true}]}}