{"id":43,"date":"2024-09-29T03:52:14","date_gmt":"2024-09-29T03:52:14","guid":{"rendered":"https:\/\/cncrush.com\/?page_id=43"},"modified":"2024-10-03T15:34:47","modified_gmt":"2024-10-03T15:34:47","slug":"cookies-politik","status":"publish","type":"page","link":"https:\/\/cncrush.com\/da\/cookies-politik\/","title":{"rendered":"Cookies politik"},"content":{"rendered":"<p>P\u00e5 <strong><a href=\"https:\/\/cncrush.com\/da\/\">CCRRUSH<\/a><\/strong>, vi er forpligtet til at beskytte dit privatliv og sikre gennemsigtighed i, hvordan vi h\u00e5ndterer dine personlige data. Denne cookiepolitik forklarer, hvordan vi bruger cookies og lignende teknologier p\u00e5 vores hjemmeside, <a href=\"https:\/\/cncrush.com\/da\/\" target=\"_new\" rel=\"noopener\">https:\/\/cncrush.com\/<\/a> (\"hjemmesiden\"). Ved at forts\u00e6tte med at bruge vores hjemmeside accepterer du brugen af \u200b\u200bcookies som beskrevet i denne politik.<\/p>\n<h4><strong>Hvad er cookies?<\/strong><\/h4>\n<p>Cookies er sm\u00e5 tekstfiler, der gemmes p\u00e5 din enhed (computer, smartphone eller tablet), n\u00e5r du bes\u00f8ger en hjemmeside. De indeholder oplysninger, der hj\u00e6lper webstedet med at genkende din enhed og kan forbedre din oplevelse ved at huske pr\u00e6ferencer, muligg\u00f8re hurtigere indl\u00e6sning og forbedre den overordnede funktionalitet.<\/p>\n<h4><strong>Typer af cookies, vi bruger<\/strong><\/h4>\n<ol>\n<li><strong>Strengt n\u00f8dvendige cookies:<\/strong> Disse cookies er afg\u00f8rende for, at hjemmesiden fungerer korrekt. De aktiverer grundl\u00e6ggende funktioner som sidenavigation og sikre omr\u00e5der p\u00e5 webstedet. Uden disse cookies kan visse tjenester, du anmoder om, ikke leveres. Eksempler p\u00e5 strengt n\u00f8dvendige cookies omfatter:\n<ul>\n<li>Sessionsledelse<\/li>\n<li>Sikkerhedsgodkendelse<\/li>\n<li>Formularindsendelser<\/li>\n<\/ul>\n<\/li>\n<li><strong>Ydelses- og analysecookies:<\/strong> Disse cookies indsamler information om, hvordan bes\u00f8gende bruger vores hjemmeside, s\u00e5som de sider, de bes\u00f8ger oftest, og eventuelle fejlmeddelelser, de modtager. Oplysningerne er aggregerede og anonyme, og de hj\u00e6lper os med at forbedre ydeevnen af \u200b\u200bvores websted. Vi bruger tredjeparts analysev\u00e6rkt\u00f8jer, s\u00e5som Google Analytics, til at overv\u00e5ge webstedets trafik og brugsm\u00f8nstre. Dette hj\u00e6lper os med at tr\u00e6ffe datadrevne beslutninger for at optimere brugeroplevelsen.<\/li>\n<li><strong>Funktionscookies:<\/strong> Disse cookies giver webstedet mulighed for at huske dine valg, s\u00e5som dine sprogpr\u00e6ferencer eller region. De forbedrer din brugeroplevelse ved at tilbyde personlige funktioner.<\/li>\n<li><strong>M\u00e5lretnings- og annonceringscookies:<\/strong> Vi kan bruge disse cookies til at levere mere relevante annoncer til dig. De sporer din online aktivitet og giver os mulighed for at vise annoncer baseret p\u00e5 dine interesser. Disse cookies hj\u00e6lper os ogs\u00e5 med at m\u00e5le effektiviteten af \u200b\u200bvores marketingkampagner. Vi samarbejder med tredjepartsannonc\u00f8rer, som kan placere cookies p\u00e5 din enhed, n\u00e5r du bes\u00f8ger vores websted. Bem\u00e6rk venligst, at disse tredjeparter har deres egne privatlivs- og cookiespolitikker.<\/li>\n<\/ol>\n<h4><strong>Hvordan vi bruger cookies<\/strong><\/h4>\n<p>Vi bruger cookies til at:<\/p>\n<ul>\n<li>Forbedre funktionaliteten og ydeevnen af \u200b\u200bvores hjemmeside.<\/li>\n<li>Giv dig en personlig oplevelse.<\/li>\n<li>Analyser trafikken og forbedre hjemmesidens brugervenlighed.<\/li>\n<li>St\u00f8t vores markedsf\u00f8rings- og reklameindsats.<\/li>\n<\/ul>\n<p>Cookies hj\u00e6lper os ogs\u00e5 med at forbedre kvaliteten af \u200b\u200bvores tjenester ved at identificere eventuelle tekniske problemer eller omr\u00e5der for forbedring.<\/p>\n<h4><strong>H\u00e5ndtering af cookies<\/strong><\/h4>\n<p>Du har ret til at kontrollere og administrere cookies p\u00e5 flere m\u00e5der:<\/p>\n<ol>\n<li><strong>Browserindstillinger:<\/strong> De fleste webbrowsere giver dig mulighed for at administrere dine cookie-pr\u00e6ferencer gennem deres indstillinger. Du kan v\u00e6lge at blokere eller slette cookies. Bem\u00e6rk dog, at hvis du deaktiverer visse cookies, vil dele af vores hjemmeside muligvis ikke fungere korrekt.<\/li>\n<li><strong>Fravalgslinks:<\/strong> For ydeevne- og m\u00e5lretningscookies kan du frav\u00e6lge direkte via de respektive tredjepartstjenester:\n<ul>\n<li><a target=\"_new\" rel=\"noopener\">Google Analytics opt-out<\/a><\/li>\n<li>Annoncepr\u00e6ferencer for Google<\/li>\n<li>Dine onlinevalg for EU-brugere<\/li>\n<\/ul>\n<\/li>\n<li><strong>Indstillinger for Do Not Track (DNT):<\/strong> Nogle webbrowsere tilbyder en \"Do Not Track\"-funktion, som giver dig mulighed for at signalere din pr\u00e6ference for privatliv og anmode om, at websteder ikke sporer dine onlineaktiviteter. Der er dog ingen ensartet standard for DNT-signaler, og vores hjemmeside reagerer muligvis ikke p\u00e5 disse signaler.<\/li>\n<\/ol>\n<h4><strong>Tredjepartscookies<\/strong><\/h4>\n<p>Vi kan bruge tredjepartstjenester, der s\u00e6tter cookies p\u00e5 din enhed for at forbedre din browseroplevelse eller for at vise personligt indhold. Disse tredjepartscookies er styret af de respektive tredjeparters privatlivspolitikker, og vi anbefaler, at du gennemg\u00e5r deres politikker for at f\u00e5 flere oplysninger.<\/p>\n<h4><strong>\u00c6ndringer af denne cookiepolitik<\/strong><\/h4>\n<p>Vi kan opdatere denne cookiepolitik fra tid til anden for at afspejle \u00e6ndringer i teknologi, juridiske krav eller vores hjemmesides funktionalitet. Eventuelle opdateringer vil blive offentliggjort p\u00e5 denne side, og \"Ikrafttr\u00e6delsesdatoen\" vil blive revideret i overensstemmelse hermed. Vi opfordrer dig til at gennemg\u00e5 denne politik med j\u00e6vne mellemrum for at holde dig orienteret om vores brug af cookies.<\/p>\n<h4><strong>Kontakt os<\/strong><\/h4>\n<p>Hvis du har sp\u00f8rgsm\u00e5l om vores brug af cookies eller denne cookiepolitik, bedes du kontakte os p\u00e5:<\/p>\n<p><strong>E-mail:<\/strong> <a rel=\"noopener\"><span \n                data-original-string='8U363wI3PBKIy97DbCxvTA==250njN9dnHzyGGDj05w7hiHCG+vsIc7ksiFIVMsDX6ryEo='\n                class='apbct-email-encoder'\n                title='Denne kontakt er blevet kodet af Anti-Spam af CleanTalk. Klik for at dekode. For at fuldf\u00f8re dekodningen skal du sikre, at JavaScript er aktiveret i din browser.'>i<span class=\"apbct-blur\">**<\/span>@<span class=\"apbct-blur\">*****<\/span>sh.com<\/span><\/a><\/p>","protected":false},"excerpt":{"rendered":"<p>Hos CNCRUSH er vi forpligtet til at beskytte dit privatliv og sikre gennemsigtighed i, hvordan vi h\u00e5ndterer dine personlige data. Denne cookiepolitik forklarer, hvordan vi bruger cookies og lignende teknologier p\u00e5 vores hjemmeside, https:\/\/cncrush.com\/ (\"hjemmesiden\"). Ved at forts\u00e6tte med at bruge vores hjemmeside accepterer du brugen af \u200b\u200bcookies som beskrevet i denne politik. Hvad [\u2026]","protected":false},"author":1,"featured_media":0,"parent":0,"menu_order":0,"comment_status":"closed","ping_status":"closed","template":"page-blank-title-center.php","meta":{"footnotes":""},"class_list":["post-43","page","type-page","status-publish","hentry"],"_links":{"self":[{"href":"https:\/\/cncrush.com\/da\/wp-json\/wp\/v2\/pages\/43","targetHints":{"allow":["GET"]}}],"collection":[{"href":"https:\/\/cncrush.com\/da\/wp-json\/wp\/v2\/pages"}],"about":[{"href":"https:\/\/cncrush.com\/da\/wp-json\/wp\/v2\/types\/page"}],"author":[{"embeddable":true,"href":"https:\/\/cncrush.com\/da\/wp-json\/wp\/v2\/users\/1"}],"replies":[{"embeddable":true,"href":"https:\/\/cncrush.com\/da\/wp-json\/wp\/v2\/comments?post=43"}],"version-history":[{"count":0,"href":"https:\/\/cncrush.com\/da\/wp-json\/wp\/v2\/pages\/43\/revisions"}],"wp:attachment":[{"href":"https:\/\/cncrush.com\/da\/wp-json\/wp\/v2\/media?parent=43"}],"curies":[{"name":"wp","href":"https:\/\/api.w.org\/{rel}","templated":true}]}}