{"id":12,"date":"2024-09-29T03:47:11","date_gmt":"2024-09-29T03:47:11","guid":{"rendered":"https:\/\/cncrush.com\/?page_id=12"},"modified":"2024-12-20T13:30:54","modified_gmt":"2024-12-20T13:30:54","slug":"uber-uns","status":"publish","type":"page","link":"https:\/\/cncrush.com\/de\/uber-uns\/","title":{"rendered":"\u00dcber uns"},"content":{"rendered":"<section class=\"section\" id=\"section_1789982205\">\n\t\t<div class=\"section-bg fill\" >\n\t\t\t\t\t\t\t\t\t\n\t\t\t\n\n\t\t<\/div>\n\n\t\t\n\n\t\t<div class=\"section-content relative\">\n\t\t\t\n<div class=\"row align-center\"  id=\"row-1302545916\">\n\n\t<div id=\"col-1862472558\" class=\"col medium-11 small-12 large-10\"  >\n\t\t\t\t<div class=\"col-inner\"  >\n\t\t\t\n\t\t\t\n<div class=\"row row-large align-middle\"  id=\"row-285707147\">\n\n\t<div id=\"col-1978817511\" class=\"col medium-4 small-12 large-6\"  >\n\t\t\t\t<div class=\"col-inner\"  >\n\t\t\t\n\t\t\t\n\n  <div class=\"banner has-hover\" id=\"banner-124712559\">\n          <div class=\"banner-inner fill\">\n        <div class=\"banner-bg fill\" >\n            <img loading=\"lazy\" decoding=\"async\" width=\"1020\" height=\"876\" src=\"https:\/\/cncrush.com\/wp-content\/uploads\/2024\/12\/Machines-1-1024x879.jpg\" class=\"bg attachment-large size-large\" alt=\"\" title=\"\">                                    \n                    <\/div>\n\t\t\n        <div class=\"banner-layers container\">\n            <div class=\"fill banner-link\"><\/div>            \n   <div id=\"text-box-1370950845\" class=\"text-box banner-layer x50 md-x50 lg-x50 y50 md-y50 lg-y50 res-text\">\n                                <div class=\"text-box-content text dark\">\n              \n              <div class=\"text-inner text-center\">\n                  \n              <\/div>\n           <\/div>\n                            \n<style>\n#text-box-1370950845 {\n  width: 60%;\n}\n#text-box-1370950845 .text-box-content {\n  font-size: 100%;\n}\n@media (min-width:550px) {\n  #text-box-1370950845 {\n    width: 60%;\n  }\n}\n<\/style>\n    <\/div>\n \n        <\/div>\n      <\/div>\n\n            \n<style>\n#banner-124712559 {\n  padding-top: 300px;\n}\n@media (min-width:550px) {\n  #banner-124712559 {\n    padding-top: 79.66%;\n  }\n}\n<\/style>\n  <\/div>\n\n\n\t\t<\/div>\n\t\t\t\t\t<\/div>\n\n\t\n\n\t<div id=\"col-1044929769\" class=\"col medium-8 small-12 large-6\"  >\n\t\t\t\t<div class=\"col-inner\"  >\n\t\t\t\n\t\t\t\n<h3>Unsere bescheidenen Anf\u00e4nge <\/h3>\n<p>Im Jahr 2012 startete Mike, unser Gr\u00fcnder, mit nur zwei CNC-Maschinen und der Vision, Pr\u00e4zision und Qualit\u00e4t zu liefern. Damals belieferten wir ausschlie\u00dflich den heimischen Markt und fertigten ma\u00dfgeschneiderte Teile f\u00fcr eine Vielzahl von Branchen. Von kleinen Werkst\u00e4tten bis hin zu gro\u00dfen Fabriken hat Mike mit seinem Engagement und seiner praktischen Herangehensweise einen Ruf f\u00fcr Zuverl\u00e4ssigkeit und Exzellenz aufgebaut und den Grundstein f\u00fcr das gelegt, was wir heute sind.<\/p>\n\t\t<\/div>\n\t\t\t\t\t<\/div>\n\n\t\n<\/div>\n<div class=\"row row-large align-middle\"  id=\"row-80635730\">\n\n\t<div id=\"col-902734763\" class=\"col medium-8 small-12 large-6\"  >\n\t\t\t\t<div class=\"col-inner\"  >\n\t\t\t\n\t\t\t\n<h3>Horizonte erweitern<\/h3>\n<p>Mit der steigenden Nachfrage wuchsen auch unsere Ambitionen. Bis 2015 haben wir unsere Gesch\u00e4ftst\u00e4tigkeit ausgeweitet, um Kunden in Europa, den Vereinigten Staaten und Australien zu bedienen. Im Laufe der Zeit verfeinerten wir unser Fachwissen und begannen, uns auf Schl\u00fcsselindustrien wie Automobilkomponenten, medizinische Ger\u00e4te, elektronische Teile und Automatisierungsger\u00e4te zu konzentrieren. Diese spezialisierten Sektoren wurden zum Grundstein unseres Wachstums und unserer Innovation.<\/p>\n\t\t<\/div>\n\t\t\t\t\t<\/div>\n\n\t\n\n\t<div id=\"col-1039966139\" class=\"col medium-4 small-12 large-6 medium-col-first\"  >\n\t\t\t\t<div class=\"col-inner\"  >\n\t\t\t\n\t\t\t\n\n  <div class=\"banner has-hover\" id=\"banner-2037049944\">\n          <div class=\"banner-inner fill\">\n        <div class=\"banner-bg fill\" >\n            <img loading=\"lazy\" decoding=\"async\" width=\"507\" height=\"494\" src=\"https:\/\/cncrush.com\/wp-content\/uploads\/2024\/12\/About-us-2.png\" class=\"bg attachment-large size-large\" alt=\"\" title=\"\">                                    \n                    <\/div>\n\t\t\n        <div class=\"banner-layers container\">\n            <div class=\"fill banner-link\"><\/div>            \n   <div id=\"text-box-2053497381\" class=\"text-box banner-layer x50 md-x50 lg-x50 y50 md-y50 lg-y50 res-text\">\n                                <div class=\"text-box-content text dark\">\n              \n              <div class=\"text-inner text-center\">\n                  \n              <\/div>\n           <\/div>\n                            \n<style>\n#text-box-2053497381 {\n  width: 60%;\n}\n#text-box-2053497381 .text-box-content {\n  font-size: 100%;\n}\n@media (min-width:550px) {\n  #text-box-2053497381 {\n    width: 60%;\n  }\n}\n<\/style>\n    <\/div>\n \n        <\/div>\n      <\/div>\n\n            \n<style>\n#banner-2037049944 {\n  padding-top: 300px;\n}\n@media (min-width:550px) {\n  #banner-2037049944 {\n    padding-top: 61.03%;\n  }\n}\n<\/style>\n  <\/div>\n\n\n\t\t<\/div>\n\t\t\t\t\t<\/div>\n\n\t\n<\/div>\n<div class=\"row row-large align-middle\"  id=\"row-1992947385\">\n\n\t<div id=\"col-1290565156\" class=\"col medium-4 small-12 large-6\"  >\n\t\t\t\t<div class=\"col-inner\"  >\n\t\t\t\n\t\t\t\n\n  <div class=\"banner has-hover\" id=\"banner-1830557081\">\n          <div class=\"banner-inner fill\">\n        <div class=\"banner-bg fill\" >\n            <img loading=\"lazy\" decoding=\"async\" width=\"1020\" height=\"680\" src=\"https:\/\/cncrush.com\/wp-content\/uploads\/2024\/12\/Machines-2-1024x683.jpg\" class=\"bg attachment-large size-large\" alt=\"cnc milling\" title=\"\">                                    \n                    <\/div>\n\t\t\n        <div class=\"banner-layers container\">\n            <div class=\"fill banner-link\"><\/div>            \n   <div id=\"text-box-54318205\" class=\"text-box banner-layer x50 md-x50 lg-x50 y50 md-y50 lg-y50 res-text\">\n                                <div class=\"text-box-content text dark\">\n              \n              <div class=\"text-inner text-center\">\n                  \n              <\/div>\n           <\/div>\n                            \n<style>\n#text-box-54318205 {\n  width: 60%;\n}\n#text-box-54318205 .text-box-content {\n  font-size: 100%;\n}\n@media (min-width:550px) {\n  #text-box-54318205 {\n    width: 60%;\n  }\n}\n<\/style>\n    <\/div>\n \n        <\/div>\n      <\/div>\n\n            \n<style>\n#banner-1830557081 {\n  padding-top: 300px;\n}\n@media (min-width:550px) {\n  #banner-1830557081 {\n    padding-top: 70.63%;\n  }\n}\n<\/style>\n  <\/div>\n\n\n\t\t<\/div>\n\t\t\t\t\t<\/div>\n\n\t\n\n\t<div id=\"col-524241994\" class=\"col medium-8 small-12 large-6\"  >\n\t\t\t\t<div class=\"col-inner\"  >\n\t\t\t\n\t\t\t\n<h3>Ein florierendes Team mit einer globalen Vision<\/h3>\n<p>Unser Team wuchs parallel zu unserem Gesch\u00e4ft. Von 8 qualifizierten Fachkr\u00e4ften im Jahr 2018 auf \u00fcber 20 talentierte Personen im Jahr 2024 haben wir einen langen Weg zur\u00fcckgelegt. Jedes Mitglied unseres Teams teilt die Verpflichtung zu Pr\u00e4zision, Qualit\u00e4t und Kundenzufriedenheit. Heute sind wir stolz darauf, erstklassige CNC-Bearbeitungsdienstleistungen f\u00fcr globale M\u00e4rkte anzubieten, gest\u00fctzt auf \u00fcber ein Jahrzehnt Erfahrung und eine Leidenschaft f\u00fcr kontinuierliche Verbesserung.<\/p>\n\t\t<\/div>\n\t\t\t\t\t<\/div>\n\n\t\n<\/div>\n<div class=\"row align-center\"  id=\"row-83738731\">\n\n\t<div id=\"col-2055239540\" class=\"col medium-9 small-10 large-12\"  >\n\t\t\t\t<div class=\"col-inner text-center\"  >\n\t\t\t\n\t\t\t\n\t<div id=\"text-2858131913\" class=\"text\">\n\t\t\n<p>Bei CNCRUSH f\u00fchlen wir uns dazu verpflichtet <strong>Qualit\u00e4t, Pr\u00e4zision und Innovation<\/strong>. Ganz gleich, ob Sie kleine Prototypenl\u00e4ufe oder gro\u00dfe Produktionsserien ben\u00f6tigen, wir sind Ihr vertrauensw\u00fcrdiger Partner f\u00fcr die CNC-Bearbeitung und sorgen f\u00fcr Spitzenleistungen in jeder Produktionsphase.<\/p>\n<p>Wir laden Sie ein, mit CNCRUSH zusammenzuarbeiten <strong>Pr\u00e4zision trifft auf Zuverl\u00e4ssigkeit<\/strong>. Lassen Sie uns gemeinsam etwas Au\u00dfergew\u00f6hnliches aufbauen.<br \/>\n\t\t\n<style>\n#text-2858131913 {\n  text-align: left;\n}\n<\/style>\n\t<\/div>\n\t\n<a href=\"https:\/\/cncrush.com\/de\/anfrage-senden\/\" class=\"button secondary\"  style=\"border-radius:4px;\">\n\t\t<span>Anfrage senden<\/span>\n\t<\/a>\n\n\t\t<\/div>\n\t\t\t\t\n<style>\n#col-2055239540 > .col-inner {\n  margin: 20px 0px 20px 0px;\n}\n<\/style>\n\t<\/div>\n\n\t\n<\/div>\n\t\t<\/div>\n\t\t\t\t\t<\/div>\n\n\t\n<\/div>\n\t\t<\/div>\n\n\t\t\n<style>\n#section_1789982205 {\n  padding-top: 80px;\n  padding-bottom: 80px;\n  background-color: rgb(244, 244, 244);\n}\n<\/style>\n\t<\/section>","protected":false},"excerpt":{"rendered":"","protected":false},"author":1,"featured_media":103,"parent":0,"menu_order":0,"comment_status":"closed","ping_status":"closed","template":"page-blank.php","meta":{"footnotes":""},"class_list":["post-12","page","type-page","status-publish","has-post-thumbnail","hentry"],"_links":{"self":[{"href":"https:\/\/cncrush.com\/de\/wp-json\/wp\/v2\/pages\/12","targetHints":{"allow":["GET"]}}],"collection":[{"href":"https:\/\/cncrush.com\/de\/wp-json\/wp\/v2\/pages"}],"about":[{"href":"https:\/\/cncrush.com\/de\/wp-json\/wp\/v2\/types\/page"}],"author":[{"embeddable":true,"href":"https:\/\/cncrush.com\/de\/wp-json\/wp\/v2\/users\/1"}],"replies":[{"embeddable":true,"href":"https:\/\/cncrush.com\/de\/wp-json\/wp\/v2\/comments?post=12"}],"version-history":[{"count":0,"href":"https:\/\/cncrush.com\/de\/wp-json\/wp\/v2\/pages\/12\/revisions"}],"wp:featuredmedia":[{"embeddable":true,"href":"https:\/\/cncrush.com\/de\/wp-json\/wp\/v2\/media\/103"}],"wp:attachment":[{"href":"https:\/\/cncrush.com\/de\/wp-json\/wp\/v2\/media?parent=12"}],"curies":[{"name":"wp","href":"https:\/\/api.w.org\/{rel}","templated":true}]}}