{"id":25,"date":"2024-09-29T03:49:21","date_gmt":"2024-09-29T03:49:21","guid":{"rendered":"https:\/\/cncrush.com\/?page_id=25"},"modified":"2025-06-04T05:03:07","modified_gmt":"2025-06-04T05:03:07","slug":"teile-eloxieren","status":"publish","type":"page","link":"https:\/\/cncrush.com\/de\/teile-eloxieren\/","title":{"rendered":"Teile eloxieren"},"content":{"rendered":"<section class=\"section\" id=\"section_259893109\">\n\t\t<div class=\"section-bg fill\" >\n\t\t\t\t\t\t\t\t\t\n\t\t\t\n\n\t\t<\/div>\n\n\t\t\n\n\t\t<div class=\"section-content relative\">\n\t\t\t\n<div class=\"row align-equal row-box-shadow-2-hover\"  id=\"row-580314155\">\n\n\t<div id=\"col-776627011\" class=\"col medium-6 small-12 large-4\"  data-animate=\"bounceInUp\">\n\t\t\t\t<div class=\"col-inner\"  >\n\t\t\t\n\t\t\t\n\t<div class=\"box has-hover   has-hover box-text-bottom\" >\n\n\t\t<div class=\"box-image\" >\n\t\t\t\t\t\t<div class=\"\" >\n\t\t\t\t<img loading=\"lazy\" decoding=\"async\" width=\"2560\" height=\"2081\" src=\"https:\/\/cncrush.com\/wp-content\/uploads\/2024\/12\/234c1419f76b724ab7490d7d935cb0f-scaled.jpg\" class=\"attachment- size-\" alt=\"\" srcset=\"https:\/\/cncrush.com\/wp-content\/uploads\/2024\/12\/234c1419f76b724ab7490d7d935cb0f-scaled.jpg 2560w, https:\/\/cncrush.com\/wp-content\/uploads\/2024\/12\/234c1419f76b724ab7490d7d935cb0f-300x244.jpg 300w, https:\/\/cncrush.com\/wp-content\/uploads\/2024\/12\/234c1419f76b724ab7490d7d935cb0f-1024x832.jpg 1024w, https:\/\/cncrush.com\/wp-content\/uploads\/2024\/12\/234c1419f76b724ab7490d7d935cb0f-768x624.jpg 768w, https:\/\/cncrush.com\/wp-content\/uploads\/2024\/12\/234c1419f76b724ab7490d7d935cb0f-1536x1248.jpg 1536w, https:\/\/cncrush.com\/wp-content\/uploads\/2024\/12\/234c1419f76b724ab7490d7d935cb0f-2048x1665.jpg 2048w, https:\/\/cncrush.com\/wp-content\/uploads\/2024\/12\/234c1419f76b724ab7490d7d935cb0f-15x12.jpg 15w\" sizes=\"auto, (max-width: 2560px) 100vw, 2560px\" title=\"\">\t\t\t\t\t\t\t\t\t\t\t<\/div>\n\t\t\t\t\t<\/div>\n\n\t\t<div class=\"box-text text-center\" >\n\t\t\t<div class=\"box-text-inner\">\n\t\t\t\t\n<h4>Gew\u00f6hnliches Eloxieren<\/h4>\n<p>Gew\u00f6hnliches Eloxieren erh\u00f6ht die Korrosionsbest\u00e4ndigkeit und bietet dekorative Oberfl\u00e4chen. Die Dicke betr\u00e4gt 5\u201320 \u03bcm. <\/p>\n\t\t\t<\/div>\n\t\t<\/div>\n\t<\/div>\n\t\n\t\t<\/div>\n\t\t\t\t\t<\/div>\n\n\t\n\n\t<div id=\"col-1173768017\" class=\"col medium-6 small-12 large-4\"  data-animate=\"bounceInUp\">\n\t\t\t\t<div class=\"col-inner\"  >\n\t\t\t\n\t\t\t\n\n\t<a class=\"plain\" href=\"#\" >\t<div class=\"icon-box featured-box icon-box-center text-center\"  >\n\t\t\t\t<div class=\"icon-box-text last-reset\">\n\t\t\t\t\t\t\t\t\t\n\t<div class=\"box has-hover   has-hover box-text-bottom\" >\n\n\t\t<div class=\"box-image\" >\n\t\t\t\t\t\t<div class=\"\" >\n\t\t\t\t<img loading=\"lazy\" decoding=\"async\" width=\"2109\" height=\"2560\" src=\"https:\/\/cncrush.com\/wp-content\/uploads\/2024\/12\/437ffd92eead4650cf71d439fb915d7-scaled.jpg\" class=\"attachment- size-\" alt=\"Eloxiertes Aluminium\" srcset=\"https:\/\/cncrush.com\/wp-content\/uploads\/2024\/12\/437ffd92eead4650cf71d439fb915d7-scaled.jpg 2109w, https:\/\/cncrush.com\/wp-content\/uploads\/2024\/12\/437ffd92eead4650cf71d439fb915d7-247x300.jpg 247w, https:\/\/cncrush.com\/wp-content\/uploads\/2024\/12\/437ffd92eead4650cf71d439fb915d7-843x1024.jpg 843w, https:\/\/cncrush.com\/wp-content\/uploads\/2024\/12\/437ffd92eead4650cf71d439fb915d7-768x932.jpg 768w, https:\/\/cncrush.com\/wp-content\/uploads\/2024\/12\/437ffd92eead4650cf71d439fb915d7-1265x1536.jpg 1265w, https:\/\/cncrush.com\/wp-content\/uploads\/2024\/12\/437ffd92eead4650cf71d439fb915d7-1687x2048.jpg 1687w, https:\/\/cncrush.com\/wp-content\/uploads\/2024\/12\/437ffd92eead4650cf71d439fb915d7-10x12.jpg 10w\" sizes=\"auto, (max-width: 2109px) 100vw, 2109px\" title=\"\">\t\t\t\t\t\t\t\t\t\t\t<\/div>\n\t\t\t\t\t<\/div>\n\n\t\t<div class=\"box-text text-center\" >\n\t\t\t<div class=\"box-text-inner\">\n\t\t\t\t\n<h4>Hartanodisieren<\/h4>\n<p>Durch hartes Eloxieren entsteht eine haltbare, verschlei\u00dffeste Oberfl\u00e4che f\u00fcr Aluminiumteile. Die Dicke betr\u00e4gt 25\u201370 \u03bcm.<\/p>\n\t\t\t<\/div>\n\t\t<\/div>\n\t<\/div>\n\t\n\t\t<\/div>\n\t<\/div>\n\t<\/a>\n\t\n\t\t<\/div>\n\t\t\t\t\t<\/div>\n\n\t\n\n\t<div id=\"col-1116894029\" class=\"col medium-6 small-12 large-4\"  data-animate=\"bounceInUp\">\n\t\t\t\t<div class=\"col-inner\"  >\n\t\t\t\n\t\t\t\n\n\t<a class=\"plain\" href=\"#\" >\t<div class=\"icon-box featured-box icon-box-center text-center\"  >\n\t\t\t\t<div class=\"icon-box-text last-reset\">\n\t\t\t\t\t\t\t\t\t\n\t<div class=\"box has-hover   has-hover box-text-bottom\" >\n\n\t\t<div class=\"box-image\" >\n\t\t\t\t\t\t<div class=\"\" >\n\t\t\t\t<img loading=\"lazy\" decoding=\"async\" width=\"2560\" height=\"1780\" src=\"https:\/\/cncrush.com\/wp-content\/uploads\/2024\/12\/4482ae9563252855b301506e337d83d-scaled.jpg\" class=\"attachment- size-\" alt=\"CNC-bearbeitete Teile\" srcset=\"https:\/\/cncrush.com\/wp-content\/uploads\/2024\/12\/4482ae9563252855b301506e337d83d-scaled.jpg 2560w, https:\/\/cncrush.com\/wp-content\/uploads\/2024\/12\/4482ae9563252855b301506e337d83d-300x209.jpg 300w, https:\/\/cncrush.com\/wp-content\/uploads\/2024\/12\/4482ae9563252855b301506e337d83d-1024x712.jpg 1024w, https:\/\/cncrush.com\/wp-content\/uploads\/2024\/12\/4482ae9563252855b301506e337d83d-768x534.jpg 768w, https:\/\/cncrush.com\/wp-content\/uploads\/2024\/12\/4482ae9563252855b301506e337d83d-1536x1068.jpg 1536w, https:\/\/cncrush.com\/wp-content\/uploads\/2024\/12\/4482ae9563252855b301506e337d83d-2048x1424.jpg 2048w, https:\/\/cncrush.com\/wp-content\/uploads\/2024\/12\/4482ae9563252855b301506e337d83d-18x12.jpg 18w\" sizes=\"auto, (max-width: 2560px) 100vw, 2560px\" title=\"\">\t\t\t\t\t\t\t\t\t\t\t<\/div>\n\t\t\t\t\t<\/div>\n\n\t\t<div class=\"box-text text-center\" >\n\t\t\t<div class=\"box-text-inner\">\n\t\t\t\t\n<h4>Farbige Eloxierung<\/h4>\n<p>Farbiges Eloxieren sorgt f\u00fcr lebendige, langlebige Oberfl\u00e4chen und sch\u00fctzt gleichzeitig Aluminiumoberfl\u00e4chen.<\/p>\n\t\t\t<\/div>\n\t\t<\/div>\n\t<\/div>\n\t\n\t\t<\/div>\n\t<\/div>\n\t<\/a>\n\t\n\t\t<\/div>\n\t\t\t\t\t<\/div>\n\n\t\n\n\t<div id=\"col-1036551756\" class=\"col medium-4 small-12 large-4\"  >\n\t\t\t\t<div class=\"col-inner\"  >\n\t\t\t\n\t\t\t\n\t<div class=\"box has-hover   has-hover box-text-bottom\" >\n\n\t\t<div class=\"box-image\" >\n\t\t\t\t\t\t<div class=\"\" >\n\t\t\t\t<img loading=\"lazy\" decoding=\"async\" width=\"2560\" height=\"2251\" src=\"https:\/\/cncrush.com\/wp-content\/uploads\/2024\/12\/edd09d5920df704c041b5b2d202f671-scaled.jpg\" class=\"attachment- size-\" alt=\"\" srcset=\"https:\/\/cncrush.com\/wp-content\/uploads\/2024\/12\/edd09d5920df704c041b5b2d202f671-scaled.jpg 2560w, https:\/\/cncrush.com\/wp-content\/uploads\/2024\/12\/edd09d5920df704c041b5b2d202f671-300x264.jpg 300w, https:\/\/cncrush.com\/wp-content\/uploads\/2024\/12\/edd09d5920df704c041b5b2d202f671-1024x900.jpg 1024w, https:\/\/cncrush.com\/wp-content\/uploads\/2024\/12\/edd09d5920df704c041b5b2d202f671-768x675.jpg 768w, https:\/\/cncrush.com\/wp-content\/uploads\/2024\/12\/edd09d5920df704c041b5b2d202f671-1536x1350.jpg 1536w, https:\/\/cncrush.com\/wp-content\/uploads\/2024\/12\/edd09d5920df704c041b5b2d202f671-2048x1800.jpg 2048w, https:\/\/cncrush.com\/wp-content\/uploads\/2024\/12\/edd09d5920df704c041b5b2d202f671-14x12.jpg 14w\" sizes=\"auto, (max-width: 2560px) 100vw, 2560px\" title=\"\">\t\t\t\t\t\t\t\t\t\t\t<\/div>\n\t\t\t\t\t<\/div>\n\n\t\t<div class=\"box-text text-center\" >\n\t\t\t<div class=\"box-text-inner\">\n\t\t\t\t\n<h4>Verzinkung<\/h4>\n<p>Die Verzinkung sorgt f\u00fcr Korrosionsbest\u00e4ndigkeit und eine glatte, gl\u00e4nzende Oberfl\u00e4che f\u00fcr Metallteile.<\/p>\n\t\t\t<\/div>\n\t\t<\/div>\n\t<\/div>\n\t\n\t\t<\/div>\n\t\t\t\t\t<\/div>\n\n\t\n\n\t<div id=\"col-1834432223\" class=\"col medium-4 small-12 large-4\"  >\n\t\t\t\t<div class=\"col-inner\"  >\n\t\t\t\n\t\t\t\n\t<div class=\"box has-hover   has-hover box-text-bottom\" >\n\n\t\t<div class=\"box-image\" >\n\t\t\t\t\t\t<div class=\"\" >\n\t\t\t\t<img loading=\"lazy\" decoding=\"async\" width=\"1024\" height=\"590\" src=\"https:\/\/cncrush.com\/wp-content\/uploads\/2024\/12\/Nickel-Plating.jpg\" class=\"attachment- size-\" alt=\"\" srcset=\"https:\/\/cncrush.com\/wp-content\/uploads\/2024\/12\/Nickel-Plating.jpg 1024w, https:\/\/cncrush.com\/wp-content\/uploads\/2024\/12\/Nickel-Plating-300x173.jpg 300w, https:\/\/cncrush.com\/wp-content\/uploads\/2024\/12\/Nickel-Plating-768x443.jpg 768w, https:\/\/cncrush.com\/wp-content\/uploads\/2024\/12\/Nickel-Plating-18x10.jpg 18w\" sizes=\"auto, (max-width: 1024px) 100vw, 1024px\" title=\"\">\t\t\t\t\t\t\t\t\t\t\t<\/div>\n\t\t\t\t\t<\/div>\n\n\t\t<div class=\"box-text text-center\" >\n\t\t\t<div class=\"box-text-inner\">\n\t\t\t\t\n<h4>Vernickelung<\/h4>\n<p>Die Vernickelung bietet Korrosionsbest\u00e4ndigkeit und eine glatte Oberfl\u00e4che.<\/p>\n\t\t\t<\/div>\n\t\t<\/div>\n\t<\/div>\n\t\n\t\t<\/div>\n\t\t\t\t\t<\/div>\n\n\t\n\n\t<div id=\"col-1404968447\" class=\"col medium-4 small-12 large-4\"  >\n\t\t\t\t<div class=\"col-inner\"  >\n\t\t\t\n\t\t\t\n\t<div class=\"box has-hover   has-hover box-text-bottom\" >\n\n\t\t<div class=\"box-image\" >\n\t\t\t\t\t\t<div class=\"\" >\n\t\t\t\t<img loading=\"lazy\" decoding=\"async\" width=\"560\" height=\"400\" src=\"https:\/\/cncrush.com\/wp-content\/uploads\/2024\/12\/Chrome-Plating.jpg\" class=\"attachment- size-\" alt=\"\" srcset=\"https:\/\/cncrush.com\/wp-content\/uploads\/2024\/12\/Chrome-Plating.jpg 560w, https:\/\/cncrush.com\/wp-content\/uploads\/2024\/12\/Chrome-Plating-300x214.jpg 300w, https:\/\/cncrush.com\/wp-content\/uploads\/2024\/12\/Chrome-Plating-18x12.jpg 18w\" sizes=\"auto, (max-width: 560px) 100vw, 560px\" title=\"\">\t\t\t\t\t\t\t\t\t\t\t<\/div>\n\t\t\t\t\t<\/div>\n\n\t\t<div class=\"box-text text-center\" >\n\t\t\t<div class=\"box-text-inner\">\n\t\t\t\t\n<h4>Verchromt<\/h4>\n<p>Die Verchromung sorgt f\u00fcr eine gl\u00e4nzende, haltbare und verschlei\u00dffeste Schicht.<\/p>\n\t\t\t<\/div>\n\t\t<\/div>\n\t<\/div>\n\t\n\t\t<\/div>\n\t\t\t\t\t<\/div>\n\n\t\n\n\t<div id=\"col-1829815378\" class=\"col medium-4 small-12 large-4\"  >\n\t\t\t\t<div class=\"col-inner\"  >\n\t\t\t\n\t\t\t\n\t<div class=\"box has-hover   has-hover box-text-bottom\" >\n\n\t\t<div class=\"box-image\" >\n\t\t\t\t\t\t<div class=\"\" >\n\t\t\t\t<img loading=\"lazy\" decoding=\"async\" width=\"1770\" height=\"1152\" src=\"https:\/\/cncrush.com\/wp-content\/uploads\/2024\/12\/powder-coating-scaled-e1734677075851.jpg\" class=\"attachment- size-\" alt=\"\" srcset=\"https:\/\/cncrush.com\/wp-content\/uploads\/2024\/12\/powder-coating-scaled-e1734677075851.jpg 1770w, https:\/\/cncrush.com\/wp-content\/uploads\/2024\/12\/powder-coating-scaled-e1734677075851-300x195.jpg 300w, https:\/\/cncrush.com\/wp-content\/uploads\/2024\/12\/powder-coating-scaled-e1734677075851-1024x666.jpg 1024w, https:\/\/cncrush.com\/wp-content\/uploads\/2024\/12\/powder-coating-scaled-e1734677075851-768x500.jpg 768w, https:\/\/cncrush.com\/wp-content\/uploads\/2024\/12\/powder-coating-scaled-e1734677075851-1536x1000.jpg 1536w, https:\/\/cncrush.com\/wp-content\/uploads\/2024\/12\/powder-coating-scaled-e1734677075851-18x12.jpg 18w\" sizes=\"auto, (max-width: 1770px) 100vw, 1770px\" title=\"\">\t\t\t\t\t\t\t\t\t\t\t<\/div>\n\t\t\t\t\t<\/div>\n\n\t\t<div class=\"box-text text-center\" >\n\t\t\t<div class=\"box-text-inner\">\n\t\t\t\t\n<h4>Pulverbeschichtung<\/h4>\n<p>Pulverbeschichtung bietet Haltbarkeit, Gl\u00e4tte und Korrosionsbest\u00e4ndigkeit.<\/p>\n\t\t\t<\/div>\n\t\t<\/div>\n\t<\/div>\n\t\n\t\t<\/div>\n\t\t\t\t\t<\/div>\n\n\t\n\n\t<div id=\"col-289318500\" class=\"col medium-4 small-12 large-4\"  >\n\t\t\t\t<div class=\"col-inner\"  >\n\t\t\t\n\t\t\t\n\t<div class=\"box has-hover   has-hover box-text-bottom\" >\n\n\t\t<div class=\"box-image\" >\n\t\t\t\t\t\t<div class=\"\" >\n\t\t\t\t<img loading=\"lazy\" decoding=\"async\" width=\"1693\" height=\"1260\" src=\"https:\/\/cncrush.com\/wp-content\/uploads\/2024\/12\/Brushing.jpg\" class=\"attachment- size-\" alt=\"\" srcset=\"https:\/\/cncrush.com\/wp-content\/uploads\/2024\/12\/Brushing.jpg 1693w, https:\/\/cncrush.com\/wp-content\/uploads\/2024\/12\/Brushing-300x223.jpg 300w, https:\/\/cncrush.com\/wp-content\/uploads\/2024\/12\/Brushing-1024x762.jpg 1024w, https:\/\/cncrush.com\/wp-content\/uploads\/2024\/12\/Brushing-768x572.jpg 768w, https:\/\/cncrush.com\/wp-content\/uploads\/2024\/12\/Brushing-1536x1143.jpg 1536w, https:\/\/cncrush.com\/wp-content\/uploads\/2024\/12\/Brushing-16x12.jpg 16w\" sizes=\"auto, (max-width: 1693px) 100vw, 1693px\" title=\"\">\t\t\t\t\t\t\t\t\t\t\t<\/div>\n\t\t\t\t\t<\/div>\n\n\t\t<div class=\"box-text text-center\" >\n\t\t\t<div class=\"box-text-inner\">\n\t\t\t\t\n<h4>B\u00fcrsten<\/h4>\n<p>Durch das B\u00fcrsten entsteht ein strukturiertes, mattes Finish f\u00fcr einen eleganten Look.<\/p>\n\t\t\t<\/div>\n\t\t<\/div>\n\t<\/div>\n\t\n\t\t<\/div>\n\t\t\t\t\t<\/div>\n\n\t\n\n\t<div id=\"col-1975324599\" class=\"col medium-4 small-12 large-4\"  >\n\t\t\t\t<div class=\"col-inner\"  >\n\t\t\t\n\t\t\t\n\t<div class=\"box has-hover   has-hover box-text-bottom\" >\n\n\t\t<div class=\"box-image\" >\n\t\t\t\t\t\t<div class=\"\" >\n\t\t\t\t<img loading=\"lazy\" decoding=\"async\" width=\"1600\" height=\"1068\" src=\"https:\/\/cncrush.com\/wp-content\/uploads\/2024\/12\/Polished.jpg\" class=\"attachment- size-\" alt=\"\" srcset=\"https:\/\/cncrush.com\/wp-content\/uploads\/2024\/12\/Polished.jpg 1600w, https:\/\/cncrush.com\/wp-content\/uploads\/2024\/12\/Polished-300x200.jpg 300w, https:\/\/cncrush.com\/wp-content\/uploads\/2024\/12\/Polished-1024x684.jpg 1024w, https:\/\/cncrush.com\/wp-content\/uploads\/2024\/12\/Polished-768x513.jpg 768w, https:\/\/cncrush.com\/wp-content\/uploads\/2024\/12\/Polished-1536x1025.jpg 1536w, https:\/\/cncrush.com\/wp-content\/uploads\/2024\/12\/Polished-18x12.jpg 18w\" sizes=\"auto, (max-width: 1600px) 100vw, 1600px\" title=\"\">\t\t\t\t\t\t\t\t\t\t\t<\/div>\n\t\t\t\t\t<\/div>\n\n\t\t<div class=\"box-text text-center\" >\n\t\t\t<div class=\"box-text-inner\">\n\t\t\t\t\n<h4>Polieren<\/h4>\n<p>Durch Polieren wird eine gl\u00e4nzende, glatte und spiegelnde Oberfl\u00e4che erreicht.<\/p>\n\t\t\t<\/div>\n\t\t<\/div>\n\t<\/div>\n\t\n\t\t<\/div>\n\t\t\t\t\t<\/div>\n\n\t\n\n\t<div id=\"col-1135246320\" class=\"col medium-4 small-12 large-4\"  >\n\t\t\t\t<div class=\"col-inner\"  >\n\t\t\t\n\t\t\t\n\t<div class=\"box has-hover   has-hover box-text-bottom\" >\n\n\t\t<div class=\"box-image\" >\n\t\t\t\t\t\t<div class=\"\" >\n\t\t\t\t<img loading=\"lazy\" decoding=\"async\" width=\"660\" height=\"440\" src=\"https:\/\/cncrush.com\/wp-content\/uploads\/2024\/12\/Hardening.jpeg\" class=\"attachment- size-\" alt=\"\" srcset=\"https:\/\/cncrush.com\/wp-content\/uploads\/2024\/12\/Hardening.jpeg 660w, https:\/\/cncrush.com\/wp-content\/uploads\/2024\/12\/Hardening-300x200.jpeg 300w, https:\/\/cncrush.com\/wp-content\/uploads\/2024\/12\/Hardening-18x12.jpeg 18w\" sizes=\"auto, (max-width: 660px) 100vw, 660px\" title=\"\">\t\t\t\t\t\t\t\t\t\t\t<\/div>\n\t\t\t\t\t<\/div>\n\n\t\t<div class=\"box-text text-center\" >\n\t\t\t<div class=\"box-text-inner\">\n\t\t\t\t\n<h4>H\u00e4rten<\/h4>\n<p>Durch das H\u00e4rten werden Festigkeit, Verschlei\u00dffestigkeit und Haltbarkeit erh\u00f6ht.<\/p>\n\t\t\t<\/div>\n\t\t<\/div>\n\t<\/div>\n\t\n\t\t<\/div>\n\t\t\t\t\t<\/div>\n\n\t\n\n\t<div id=\"col-720683279\" class=\"col medium-4 small-12 large-4\"  >\n\t\t\t\t<div class=\"col-inner\"  >\n\t\t\t\n\t\t\t\n\t<div class=\"box has-hover   has-hover box-text-bottom\" >\n\n\t\t<div class=\"box-image\" >\n\t\t\t\t\t\t<div class=\"\" >\n\t\t\t\t<img loading=\"lazy\" decoding=\"async\" width=\"565\" height=\"334\" src=\"https:\/\/cncrush.com\/wp-content\/uploads\/2024\/12\/HVOF.jpg\" class=\"attachment- size-\" alt=\"\" srcset=\"https:\/\/cncrush.com\/wp-content\/uploads\/2024\/12\/HVOF.jpg 565w, https:\/\/cncrush.com\/wp-content\/uploads\/2024\/12\/HVOF-300x177.jpg 300w, https:\/\/cncrush.com\/wp-content\/uploads\/2024\/12\/HVOF-18x12.jpg 18w\" sizes=\"auto, (max-width: 565px) 100vw, 565px\" title=\"\">\t\t\t\t\t\t\t\t\t\t\t<\/div>\n\t\t\t\t\t<\/div>\n\n\t\t<div class=\"box-text text-center\" >\n\t\t\t<div class=\"box-text-inner\">\n\t\t\t\t\n<h4>HVOF-Beschichtung<\/h4>\n<p>HVOF ist eine hochdichte Beschichtung f\u00fcr extreme Haltbarkeit und Verschlei\u00df<\/p>\n\t\t\t<\/div>\n\t\t<\/div>\n\t<\/div>\n\t\n\t\t<\/div>\n\t\t\t\t\t<\/div>\n\n\t\n\n\t<div id=\"col-1772002506\" class=\"col medium-4 small-12 large-4\"  >\n\t\t\t\t<div class=\"col-inner\"  >\n\t\t\t\n\t\t\t\n\t<div class=\"box has-hover   has-hover box-text-bottom\" >\n\n\t\t<div class=\"box-image\" >\n\t\t\t\t\t\t<div class=\"\" >\n\t\t\t\t<img loading=\"lazy\" decoding=\"async\" width=\"1227\" height=\"792\" src=\"https:\/\/cncrush.com\/wp-content\/uploads\/2025\/06\/PVD.jpg\" class=\"attachment- size-\" alt=\"\" srcset=\"https:\/\/cncrush.com\/wp-content\/uploads\/2025\/06\/PVD.jpg 1227w, https:\/\/cncrush.com\/wp-content\/uploads\/2025\/06\/PVD-300x194.jpg 300w, https:\/\/cncrush.com\/wp-content\/uploads\/2025\/06\/PVD-1024x661.jpg 1024w, https:\/\/cncrush.com\/wp-content\/uploads\/2025\/06\/PVD-768x496.jpg 768w, https:\/\/cncrush.com\/wp-content\/uploads\/2025\/06\/PVD-18x12.jpg 18w\" sizes=\"auto, (max-width: 1227px) 100vw, 1227px\" title=\"\">\t\t\t\t\t\t\t\t\t\t\t<\/div>\n\t\t\t\t\t<\/div>\n\n\t\t<div class=\"box-text text-center\" >\n\t\t\t<div class=\"box-text-inner\">\n\t\t\t\t\n<h4>PVD-DLC-Beschichtung<\/h4>\n<p>PVD-DLC ist eine d\u00fcnne, z\u00e4he Beschichtung mit hoher H\u00e4rte und geringer Reibung.<\/p>\n\t\t\t<\/div>\n\t\t<\/div>\n\t<\/div>\n\t\n\t\t<\/div>\n\t\t\t\t\t<\/div>\n\n\t\n\n<style>\n#row-580314155 > .col > .col-inner {\n  padding: 40px 40px 40px 40px;\n  background-color: rgb(255,255,255);\n  border-radius: 20px;\n}\n<\/style>\n<\/div>\n\t\t<\/div>\n\n\t\t\n<style>\n#section_259893109 {\n  padding-top: 60px;\n  padding-bottom: 60px;\n  background-color: rgb(250, 250, 250);\n}\n<\/style>\n\t<\/section>\n\t\n<div class=\"row align-middle\"  id=\"row-1256813736\">\n\n\t<div id=\"col-1624389941\" class=\"col medium-6 small-12 large-6\"  >\n\t\t\t\t<div class=\"col-inner\"  >\n\t\t\t\n\t\t\t\n\t<div id=\"text-4193913761\" class=\"text\">\n\t\t\n<p><strong>Warum CNCRUSH f\u00fcr die Oberfl\u00e4chenbehandlung w\u00e4hlen?<\/strong><\/p>\n<p>Wir sind bestrebt, au\u00dfergew\u00f6hnliche Ergebnisse zu liefern, indem wir Folgendes anbieten:<\/p>\n<ul>\n<li>\n<p><strong>Enge Toleranzkontrolle:<\/strong> Wir sorgen f\u00fcr die genaue Einhaltung enger Toleranzen und halten die genauen Spezifikationen ein, die f\u00fcr Ihre Teile erforderlich sind.<\/p>\n<\/li>\n<li>\n<p><strong>\u00dcberlegene \u00c4sthetik:<\/strong> Unser Oberfl\u00e4chenbehandlungsprozess garantiert eine gleichm\u00e4\u00dfige Farbe und gleichm\u00e4\u00dfige Dicke \u00fcber alle Schichten hinweg und sorgt so f\u00fcr ein makelloses Finish.<\/p>\n<\/li>\n<li>\n<p><strong>Sichere Handhabung und Logistik:<\/strong> Mit einer sorgf\u00e4ltigen internen Logistik sch\u00fctzen wir Ihre Teile w\u00e4hrend des Produktionsprozesses vor Druckstellen, Kratzern oder Besch\u00e4digungen.<\/p>\n<\/li>\n<li>\n<p><strong>Schnelle Abwicklung und p\u00fcnktliche Lieferung:<\/strong> Wir sind stolz darauf, kurze Vorlaufzeiten zu bieten und Lieferfristen konsequent einzuhalten, um sicherzustellen, dass Ihr Projekt im Zeitplan bleibt.<\/p>\n<\/li>\n<\/ul>\n\t\t\n<style>\n#text-4193913761 {\n  font-size: 1rem;\n  color: rgb(0,0,0);\n}\n#text-4193913761 > * {\n  color: rgb(0,0,0);\n}\n<\/style>\n\t<\/div>\n\t\n\t\t<\/div>\n\t\t\t\t\t<\/div>\n\n\t\n\n\t<div id=\"col-663763155\" class=\"col medium-6 small-12 large-6\"  >\n\t\t\t\t<div class=\"col-inner\"  >\n\t\t\t\n\t\t\t\n\t<div class=\"img has-hover x md-x lg-x y md-y lg-y\" id=\"image_201973499\">\n\t\t\t\t\t\t\t\t<div class=\"img-inner dark\" >\n\t\t\t<img loading=\"lazy\" decoding=\"async\" width=\"800\" height=\"600\" src=\"https:\/\/cncrush.com\/wp-content\/uploads\/2024\/11\/4.png\" class=\"attachment-large size-large\" alt=\"Eloxiertes Aluminium\" srcset=\"https:\/\/cncrush.com\/wp-content\/uploads\/2024\/11\/4.png 800w, https:\/\/cncrush.com\/wp-content\/uploads\/2024\/11\/4-300x225.png 300w, https:\/\/cncrush.com\/wp-content\/uploads\/2024\/11\/4-768x576.png 768w, https:\/\/cncrush.com\/wp-content\/uploads\/2024\/11\/4-16x12.png 16w\" sizes=\"auto, (max-width: 800px) 100vw, 800px\" title=\"\">\t\t\t\t\t\t\n\t\t\t\t\t<\/div>\n\t\t\t\t\t\t\t\t\n<style>\n#image_201973499 {\n  width: 100%;\n}\n<\/style>\n\t<\/div>\n\t\n\t\t<\/div>\n\t\t\t\t\t<\/div>\n\n\t\n<\/div>\n<div class=\"row row-collapse row-full-width\"  id=\"row-1642590220\">\n\n\t<div id=\"col-1040701948\" class=\"col small-12 large-12\"  >\n\t\t\t\t<div class=\"col-inner text-center dark\"  >\n\t\t\t\n\t\t\t\n\n  <div class=\"banner has-hover\" id=\"banner-817987457\">\n          <div class=\"banner-inner fill\">\n        <div class=\"banner-bg fill\" >\n            <img loading=\"lazy\" decoding=\"async\" width=\"1020\" height=\"421\" src=\"https:\/\/cncrush.com\/wp-content\/uploads\/2024\/09\/milled-stainless-steel-background-1024x423.webp\" class=\"bg attachment-large size-large\" alt=\"\" title=\"\">                        <div class=\"overlay\"><\/div>            \n                    <\/div>\n\t\t\n        <div class=\"banner-layers container\">\n            <div class=\"fill banner-link\"><\/div>            \n   <div id=\"text-box-1922283246\" class=\"text-box banner-layer x50 md-x50 lg-x50 y50 md-y50 lg-y50 res-text\">\n                                <div class=\"text-box-content text dark\">\n              \n              <div class=\"text-inner text-center\">\n                  \n\t<div id=\"text-1385375860\" class=\"text\">\n\t\t\n<h2>Interessiert? Holen Sie sich noch heute ein kostenloses Angebot f\u00fcr CNC-Dienstleistungen!<\/h2>\n\t\t\n<style>\n#text-1385375860 {\n  font-size: 1rem;\n}\n<\/style>\n\t<\/div>\n\t\n<a href=\"https:\/\/cncrush.com\/de\/anfrage-senden\/\" class=\"button alert\"  >\n\t\t<span>Senden Sie Ihre Anfrage<\/span>\n\t<\/a>\n\n              <\/div>\n           <\/div>\n                            \n<style>\n#text-box-1922283246 {\n  width: 100%;\n}\n#text-box-1922283246 .text-box-content {\n  font-size: 100%;\n}\n@media (min-width:550px) {\n  #text-box-1922283246 {\n    width: 98%;\n  }\n}\n<\/style>\n    <\/div>\n \n        <\/div>\n      <\/div>\n\n            \n<style>\n#banner-817987457 {\n  padding-top: 99.99%;\n}\n#banner-817987457 .overlay {\n  background-color: rgba(0, 0, 0, 0.17);\n}\n#banner-817987457 .banner-bg img {\n  object-position: 47% 60%;\n}\n@media (min-width:550px) {\n  #banner-817987457 {\n    padding-top: 128px;\n  }\n}\n<\/style>\n  <\/div>\n\n\n\t\t<\/div>\n\t\t\t\t\t<\/div>\n\n\t\n<\/div>","protected":false},"excerpt":{"rendered":"","protected":false},"author":1,"featured_media":0,"parent":0,"menu_order":0,"comment_status":"closed","ping_status":"closed","template":"page-blank.php","meta":{"footnotes":""},"class_list":["post-25","page","type-page","status-publish","hentry"],"_links":{"self":[{"href":"https:\/\/cncrush.com\/de\/wp-json\/wp\/v2\/pages\/25","targetHints":{"allow":["GET"]}}],"collection":[{"href":"https:\/\/cncrush.com\/de\/wp-json\/wp\/v2\/pages"}],"about":[{"href":"https:\/\/cncrush.com\/de\/wp-json\/wp\/v2\/types\/page"}],"author":[{"embeddable":true,"href":"https:\/\/cncrush.com\/de\/wp-json\/wp\/v2\/users\/1"}],"replies":[{"embeddable":true,"href":"https:\/\/cncrush.com\/de\/wp-json\/wp\/v2\/comments?post=25"}],"version-history":[{"count":0,"href":"https:\/\/cncrush.com\/de\/wp-json\/wp\/v2\/pages\/25\/revisions"}],"wp:attachment":[{"href":"https:\/\/cncrush.com\/de\/wp-json\/wp\/v2\/media?parent=25"}],"curies":[{"name":"wp","href":"https:\/\/api.w.org\/{rel}","templated":true}]}}