{"id":29,"date":"2024-09-29T03:50:01","date_gmt":"2024-09-29T03:50:01","guid":{"rendered":"https:\/\/cncrush.com\/?page_id=29"},"modified":"2024-12-20T14:06:29","modified_gmt":"2024-12-20T14:06:29","slug":"elektrotechnik","status":"publish","type":"page","link":"https:\/\/cncrush.com\/de\/elektrotechnik\/","title":{"rendered":"Elektrotechnik"},"content":{"rendered":"<section class=\"section dark\" id=\"section_1658801586\">\n\t\t<div class=\"section-bg fill\" >\n\t\t\t<img loading=\"lazy\" decoding=\"async\" width=\"2100\" height=\"700\" src=\"https:\/\/cncrush.com\/wp-content\/uploads\/2024\/10\/electrical-engineering.webp\" class=\"bg attachment- size-\" alt=\"\" title=\"\">\t\t\t\t\t\t<div class=\"section-bg-overlay absolute fill\"><\/div><button class=\"scroll-for-more z-5 icon absolute bottom h-center\" aria-label=\"Scrollen f\u00fcr mehr\"><i class=\"icon-angle-down\" style=\"font-size:42px;\" ><\/i><\/button>\n\t\t\t\n\n\t\t<\/div>\n\n\t\t\n\n\t\t<div class=\"section-content relative\">\n\t\t\t\n<div class=\"row align-center\"  id=\"row-1120570889\">\n\n\t<div id=\"col-999946997\" class=\"col medium-10 small-12 large-10\"  >\n\t\t\t\t<div class=\"col-inner text-center\"  >\n\t\t\t\n\t\t\t\n\t<div id=\"text-3761999128\" class=\"text\">\n\t\t\n<h1>CNC-L\u00f6sungen f\u00fcr die Elektrotechnik<\/h1>\n\t\t\n<style>\n#text-3761999128 {\n  font-size: 1.35rem;\n}\n@media (min-width:550px) {\n  #text-3761999128 {\n    font-size: 2rem;\n  }\n}\n<\/style>\n\t<\/div>\n\t\n<div class=\"row\"  id=\"row-91049569\">\n\n\t<div id=\"col-2066586492\" class=\"col medium-9 small-12 large-9\"  >\n\t\t\t\t<div class=\"col-inner\"  >\n\t\t\t\n\t\t\t\n<p>Bei CNCRUSH sind wir auf die Herstellung hochpr\u00e4ziser Dreh-Fr\u00e4steile spezialisiert, die f\u00fcr den Bau Ihrer fortschrittlichen Elektroprodukte erforderlich sind. Wir bieten eine flexible Produktion auf Anfrage oder im Auftrag und gew\u00e4hrleisten p\u00fcnktliche Lieferungen nach Just-In-Time-Prinzipien (JIT).<\/p>\n\t\t<\/div>\n\t\t\t\t\t<\/div>\n\n\t\n<\/div>\n\t\t<\/div>\n\t\t\t\t\t<\/div>\n\n\t\n<\/div>\n\t\t<\/div>\n\n\t\t\n<style>\n#section_1658801586 {\n  padding-top: 30px;\n  padding-bottom: 30px;\n  min-height: 100px;\n}\n#section_1658801586 .section-bg-overlay {\n  background-color: rgba(0, 0, 0, 0.384);\n}\n#section_1658801586 .section-bg img {\n  object-position: 53% 58%;\n}\n@media (min-width:550px) {\n  #section_1658801586 {\n    min-height: 600px;\n  }\n}\n<\/style>\n\t<\/section>\n\t\n\n\t<section class=\"section\" id=\"section_322914290\">\n\t\t<div class=\"section-bg fill\" >\n\t\t\t\t\t\t\t\t\t\n\t\t\t\n\n\t\t<\/div>\n\n\t\t\n\n\t\t<div class=\"section-content relative\">\n\t\t\t\n<div class=\"row row-large steps-simple-headline\"  id=\"row-924454214\">\n\n\t<div id=\"col-1570535858\" class=\"col medium-8 small-12 large-12\"  >\n\t\t\t\t<div class=\"col-inner\"  >\n\t\t\t\n\t\t\t\n<div class=\"row row-collapse\"  id=\"row-605455859\">\n\n\t<div id=\"col-1884133308\" class=\"col medium-1 small-2 large-1\"  >\n\t\t\t\t<div class=\"col-inner\"  >\n\t\t\t\n\t\t\t\n<h2>01<\/h2>\n\t\t<\/div>\n\t\t\t\t\t<\/div>\n\n\t\n\n\t<div id=\"col-922482492\" class=\"col medium-11 small-10 large-11\"  >\n\t\t\t\t<div class=\"col-inner\"  >\n\t\t\t\n\t\t\t\n<h3>Teile, die wir herstellen<\/h3>\n<ul>\n<li><strong>Aluminiumgeh\u00e4use<\/strong> f\u00fcr elektronische Schaltungen und elektrooptische Module<\/li>\n<li><strong>Komponenten f\u00fcr Laserquellen<\/strong> Hergestellt aus Aluminium und Kupfer<\/li>\n<li><strong>Teile f\u00fcr die Halbleiterindustrie<\/strong><\/li>\n<\/ul>\n\t\t<\/div>\n\t\t\t\t\t<\/div>\n\n\t\n<\/div>\n<div class=\"is-divider divider clearfix\" style=\"margin-top:10px;margin-bottom:10px;max-width:100%;height:1px;\"><\/div>\n<div class=\"row row-collapse\"  id=\"row-2004543532\">\n\n\t<div id=\"col-1514254002\" class=\"col medium-1 small-2 large-1\"  >\n\t\t\t\t<div class=\"col-inner\"  >\n\t\t\t\n\t\t\t\n<h2>02<\/h2>\n\t\t<\/div>\n\t\t\t\t\t<\/div>\n\n\t\n\n\t<div id=\"col-1217141830\" class=\"col medium-11 small-10 large-11\"  >\n\t\t\t\t<div class=\"col-inner\"  >\n\t\t\t\n\t\t\t\n<h3>Unser Prozess<\/h3>\n<ul>\n<li><strong>Pr\u00e4zision:<\/strong> Wir drehen und fr\u00e4sen Teile mit au\u00dfergew\u00f6hnlicher Pr\u00e4zision und halten dabei Toleranzen von nur 0,01 mm oder weniger ein.<\/li>\n<li><strong>\u00c4sthetik &amp; Qualit\u00e4t:<\/strong> 100% unserer Teile werden einer strengen Pr\u00fcfung auf Oberfl\u00e4chenqualit\u00e4t, Kantensch\u00e4rfe, Lochkreuzungen und Gratfreiheit unterzogen.<\/li>\n<li><strong>Sauberkeit:<\/strong> Alle Komponenten werden industriell gewaschen und vor Korrosion und Transportsch\u00e4den gesch\u00fctzt.<\/li>\n<li><strong>Eloxieren:<\/strong> Wir bieten sowohl dekoratives als auch technisches Eloxieren an, um die Funktionalit\u00e4t und das Aussehen Ihrer Teile zu verbessern.<\/li>\n<\/ul>\n\t\t<\/div>\n\t\t\t\t\t<\/div>\n\n\t\n<\/div>\n<div class=\"is-divider divider clearfix\" style=\"margin-top:10px;margin-bottom:10px;max-width:100%;height:1px;\"><\/div>\n<div class=\"row row-collapse align-middle\"  id=\"row-856726499\">\n\n\t<div id=\"col-10341805\" class=\"col medium-1 small-2 large-1\"  >\n\t\t\t\t<div class=\"col-inner\"  >\n\t\t\t\n\t\t\t\n<h2>03<\/h2>\n\t\t<\/div>\n\t\t\t\t\t<\/div>\n\n\t\n\n\t<div id=\"col-1493596426\" class=\"col medium-11 small-10 large-11\"  >\n\t\t\t\t<div class=\"col-inner\"  >\n\t\t\t\n\t\t\t\n<h3>Qualit\u00e4tssicherung<\/h3>\n<p>Wir stellen die Genauigkeit unserer Teile mit engen Toleranzen sicher <strong>Hexagon X-METRO Koordinatenmessger\u00e4t<\/strong>, was eine Messgenauigkeit bis zu 0,002 mm garantiert.<\/p>\n<p>In Zusammenarbeit mit unseren Kunden definieren wir vorab Steuerungs- und Messstrategien, um genaue Spezifikationen zu erf\u00fcllen. Jedes Teil wird regelm\u00e4\u00dfig auf der Grundlage unseres Kontrollplans \u00fcberpr\u00fcft, und wann immer m\u00f6glich wird eine statistische Kontrolle kritischer Abmessungen durchgef\u00fchrt.<\/p>\n\t\t<\/div>\n\t\t\t\t\t<\/div>\n\n\t\n<\/div>\n<div class=\"is-divider divider clearfix\" style=\"margin-top:10px;margin-bottom:10px;max-width:100%;height:1px;\"><\/div>\n\t\t<\/div>\n\t\t\t\t\t<\/div>\n\n\t\n<\/div>\n\t\t<\/div>\n\n\t\t\n<style>\n#section_322914290 {\n  padding-top: 60px;\n  padding-bottom: 60px;\n}\n<\/style>\n\t<\/section>\n\t\n<div class=\"row row-collapse row-full-width\"  id=\"row-1477136652\">\n\n\t<div id=\"col-1927589899\" class=\"col small-12 large-12\"  >\n\t\t\t\t<div class=\"col-inner text-center dark\"  >\n\t\t\t\n\t\t\t\n\n  <div class=\"banner has-hover\" id=\"banner-450139358\">\n          <div class=\"banner-inner fill\">\n        <div class=\"banner-bg fill\" >\n            <img loading=\"lazy\" decoding=\"async\" width=\"1020\" height=\"421\" src=\"https:\/\/cncrush.com\/wp-content\/uploads\/2024\/09\/milled-stainless-steel-background-1024x423.webp\" class=\"bg attachment-large size-large\" alt=\"\" title=\"\">                        <div class=\"overlay\"><\/div>            \n                    <\/div>\n\t\t\n        <div class=\"banner-layers container\">\n            <div class=\"fill banner-link\"><\/div>            \n   <div id=\"text-box-1438996957\" class=\"text-box banner-layer x50 md-x50 lg-x50 y50 md-y50 lg-y50 res-text\">\n                                <div class=\"text-box-content text dark\">\n              \n              <div class=\"text-inner text-center\">\n                  \n\t<div id=\"text-542658988\" class=\"text\">\n\t\t\n<h3>Klingt interessant? Holen Sie sich noch heute ein kostenloses Angebot!<\/h3>\n\t\t\n<style>\n#text-542658988 {\n  font-size: 0.75rem;\n  text-align: center;\n}\n<\/style>\n\t<\/div>\n\t\n<a href=\"https:\/\/cncrush.com\/de\/anfrage-senden\/\" class=\"button alert\"  >\n\t\t<span>Senden Sie Ihre Anfrage<\/span>\n\t<\/a>\n\n              <\/div>\n           <\/div>\n                            \n<style>\n#text-box-1438996957 {\n  width: 100%;\n}\n#text-box-1438996957 .text-box-content {\n  font-size: 100%;\n}\n@media (min-width:550px) {\n  #text-box-1438996957 {\n    width: 94%;\n  }\n}\n<\/style>\n    <\/div>\n \n        <\/div>\n      <\/div>\n\n            \n<style>\n#banner-450139358 {\n  padding-top: 99.99%;\n}\n#banner-450139358 .overlay {\n  background-color: rgba(0, 0, 0, 0.17);\n}\n#banner-450139358 .banner-bg img {\n  object-position: 47% 60%;\n}\n@media (min-width:550px) {\n  #banner-450139358 {\n    padding-top: 118px;\n  }\n}\n<\/style>\n  <\/div>\n\n\n\t\t<\/div>\n\t\t\t\t\t<\/div>\n\n\t\n<\/div>","protected":false},"excerpt":{"rendered":"","protected":false},"author":1,"featured_media":0,"parent":0,"menu_order":0,"comment_status":"closed","ping_status":"closed","template":"page-blank.php","meta":{"footnotes":""},"class_list":["post-29","page","type-page","status-publish","hentry"],"_links":{"self":[{"href":"https:\/\/cncrush.com\/de\/wp-json\/wp\/v2\/pages\/29","targetHints":{"allow":["GET"]}}],"collection":[{"href":"https:\/\/cncrush.com\/de\/wp-json\/wp\/v2\/pages"}],"about":[{"href":"https:\/\/cncrush.com\/de\/wp-json\/wp\/v2\/types\/page"}],"author":[{"embeddable":true,"href":"https:\/\/cncrush.com\/de\/wp-json\/wp\/v2\/users\/1"}],"replies":[{"embeddable":true,"href":"https:\/\/cncrush.com\/de\/wp-json\/wp\/v2\/comments?post=29"}],"version-history":[{"count":0,"href":"https:\/\/cncrush.com\/de\/wp-json\/wp\/v2\/pages\/29\/revisions"}],"wp:attachment":[{"href":"https:\/\/cncrush.com\/de\/wp-json\/wp\/v2\/media?parent=29"}],"curies":[{"name":"wp","href":"https:\/\/api.w.org\/{rel}","templated":true}]}}