{"id":3,"date":"2024-09-29T03:41:52","date_gmt":"2024-09-29T03:41:52","guid":{"rendered":"http:\/\/cncrush.com\/?page_id=3"},"modified":"2024-10-03T15:38:15","modified_gmt":"2024-10-03T15:38:15","slug":"datenschutzrichtlinie","status":"publish","type":"page","link":"https:\/\/cncrush.com\/de\/datenschutzrichtlinie\/","title":{"rendered":"Datenschutzrichtlinie"},"content":{"rendered":"<p>Bei <strong><a href=\"https:\/\/cncrush.com\/de\/\">CNCRUSH<\/a><\/strong>, Ihre Privatsph\u00e4re ist f\u00fcr uns von gr\u00f6\u00dfter Bedeutung. Diese Datenschutzrichtlinie beschreibt, wie wir Ihre pers\u00f6nlichen Daten sammeln, verwenden, offenlegen und sch\u00fctzen, wenn Sie unsere Website besuchen. <a href=\"https:\/\/cncrush.com\/de\/\" target=\"_new\" rel=\"noopener\">https:\/\/cncrush.com\/<\/a> (\u201edie Website\u201c) oder wenn Sie in irgendeiner Weise mit uns interagieren. Durch die Nutzung unserer Website oder die Nutzung unserer Dienste stimmen Sie den in dieser Richtlinie beschriebenen Praktiken zu.<\/p>\r\n<h4 class=\"wp-block-heading\"><strong>1. Informationen, die wir sammeln<\/strong><\/h4>\r\n<p>Wir erfassen verschiedene Arten von Informationen von und \u00fcber Benutzer unserer Website, darunter:<\/p>\r\n<ul>\r\n<li>\r\n<p><strong>Pers\u00f6nliche Identifikationsinformationen (PII):<\/strong> Dazu k\u00f6nnen Ihr Name, Ihre E-Mail-Adresse, Ihre Telefonnummer, Ihr Firmenname und alle anderen pers\u00f6nlichen Daten geh\u00f6ren, die Sie angeben, wenn Sie:<\/p>\r\n<ul>\r\n<li>Fordern Sie ein Angebot an<\/li>\r\n<li>Kontaktieren Sie uns per E-Mail oder \u00fcber ein Formular<\/li>\r\n<li>Abonnieren Sie Newsletter oder Marketingmitteilungen<\/li>\r\n<li>Interagieren Sie mit uns in den sozialen Medien oder \u00fcber unsere Kundendienstkan\u00e4le<\/li>\r\n<\/ul>\r\n<\/li>\r\n<li>\r\n<p><strong>Nicht personenbezogene Daten:<\/strong> Wir erfassen m\u00f6glicherweise auch nicht personenbezogene Daten, die Ihre spezifische Identit\u00e4t nicht preisgeben, wie z. B. Browsertyp, Ger\u00e4teinformationen, geografischer Standort und die Art und Weise, wie Sie unsere Website nutzen (z. B. aufgerufene Seiten, auf der Website verbrachte Zeit).<\/p>\r\n<\/li>\r\n<li>\r\n<p><strong>Cookies und Tracking-Technologien:<\/strong> Wir verwenden Cookies und andere Tracking-Technologien, um Ihr Erlebnis auf unserer Website zu verbessern und Daten \u00fcber Ihr Surfverhalten zu sammeln. Weitere Informationen dar\u00fcber, wie wir Cookies verwenden, finden Sie in unserer <a target=\"_new\" rel=\"noopener\">Cookie-Richtlinie<\/a>.<\/p>\r\n<\/li>\r\n<\/ul>\r\n<h4><strong>2. Wie wir Ihre Daten verwenden<\/strong><\/h4>\r\n<p>Wir verwenden die von uns gesammelten Informationen, um:<\/p>\r\n<ul>\r\n<li>Bereitstellung und Verbesserung unserer CNC-Bearbeitungsdienstleistungen<\/li>\r\n<li>Reagieren Sie auf Ihre Anfragen, W\u00fcnsche oder unterbreiten Sie Angebote<\/li>\r\n<li>Personalisieren Sie Ihr Erlebnis auf unserer Website<\/li>\r\n<li>Kommunizieren Sie mit Ihnen \u00fcber Updates, Werbeaktionen oder andere relevante Informationen<\/li>\r\n<li>Analysieren und verbessern Sie die Leistung unserer Website<\/li>\r\n<li>Halten Sie gesetzliche Verpflichtungen ein und sch\u00fctzen Sie unsere Rechte<\/li>\r\n<\/ul>\r\n<p>Ihre Informationen helfen uns, Ihre Bed\u00fcrfnisse besser zu verstehen und unsere Dienstleistungen zu verbessern. Wir erfassen nur die f\u00fcr diese Zwecke erforderlichen Informationen und respektieren Ihre Privatsph\u00e4re, indem wir sicherstellen, dass Ihre Daten sicher behandelt werden.<\/p>\r\n<h4><strong>3. Rechtsgrundlage f\u00fcr die Verarbeitung<\/strong><\/h4>\r\n<p>Wir verarbeiten personenbezogene Daten auf Grundlage folgender Rechtsgrundlagen:<\/p>\r\n<ul>\r\n<li><strong>Vertragliche Verpflichtung:<\/strong> Wenn Sie unsere Dienstleistungen anfordern (z. B. ein Angebot anfordern oder einen Kauf t\u00e4tigen), verarbeiten wir Ihre personenbezogenen Daten zur Erf\u00fcllung unseres Vertrags mit Ihnen.<\/li>\r\n<li><strong>Berechtigte Interessen:<\/strong> Wir k\u00f6nnen Ihre personenbezogenen Daten f\u00fcr legitime Gesch\u00e4ftszwecke verarbeiten, beispielsweise zur Verbesserung unserer Dienstleistungen, zur Marketingkommunikation oder zur Verbesserung Ihres Erlebnisses.<\/li>\r\n<li><strong>Zustimmung:<\/strong> Soweit gesetzlich vorgeschrieben, holen wir vor der Erhebung oder Verarbeitung Ihrer Daten, etwa f\u00fcr den Versand von Marketing-E-Mails, Ihre Einwilligung ein.<\/li>\r\n<li><strong>Einhaltung gesetzlicher Verpflichtungen:<\/strong> Wir k\u00f6nnen Ihre personenbezogenen Daten auch verarbeiten, um geltende Gesetze und Vorschriften einzuhalten.<\/li>\r\n<\/ul>\r\n<h4><strong>4. Weitergabe und Offenlegung Ihrer Informationen<\/strong><\/h4>\r\n<p>Wir verkaufen, handeln oder vermieten Ihre personenbezogenen Daten nicht an Dritte. Allerdings k\u00f6nnen wir Ihre Daten unter folgenden Umst\u00e4nden weitergeben:<\/p>\r\n<ul>\r\n<li>\r\n<p><strong>Dienstleister:<\/strong> Wir geben Ihre Daten m\u00f6glicherweise an vertrauensw\u00fcrdige Drittanbieter weiter, die in unserem Namen Dienstleistungen wie Website-Hosting, Datenanalyse, E-Mail-Zustellung oder Zahlungsabwicklung erbringen. Diese Dritten sind an Vertraulichkeitsvereinbarungen gebunden und verwenden Ihre Daten nur f\u00fcr die spezifischen von uns angeforderten Dienstleistungen.<\/p>\r\n<\/li>\r\n<li>\r\n<p><strong>Rechtskonformit\u00e4t:<\/strong> Wir k\u00f6nnen Ihre Daten offenlegen, wenn dies gesetzlich vorgeschrieben ist, beispielsweise als Reaktion auf einen Gerichtsbeschluss oder eine beh\u00f6rdliche Anfrage, oder um unsere gesetzlichen Rechte zu sch\u00fctzen, Betrug zu verhindern oder die Sicherheit unserer Benutzer zu gew\u00e4hrleisten.<\/p>\r\n<\/li>\r\n<li>\r\n<p><strong>Gesch\u00e4fts\u00fcbertragungen:<\/strong> Im Falle einer Fusion, eines Erwerbs oder einer Ver\u00e4u\u00dferung von Verm\u00f6genswerten kann es im Rahmen der Gesch\u00e4ftsabwicklung zu einer \u00dcbermittlung Ihrer personenbezogenen Daten kommen.<\/p>\r\n<\/li>\r\n<\/ul>\r\n<h4><strong>5. Datensicherheit<\/strong><\/h4>\r\n<p>Wir nehmen die Sicherheit Ihrer pers\u00f6nlichen Daten ernst und ergreifen verschiedene Ma\u00dfnahmen, um sie vor unbefugtem Zugriff, Offenlegung, \u00c4nderung oder Zerst\u00f6rung zu sch\u00fctzen. Zu diesen Ma\u00dfnahmen geh\u00f6ren:<\/p>\r\n<ul>\r\n<li>Sicheres Server-Hosting und Firewalls<\/li>\r\n<li>Verschl\u00fcsselung sensibler Daten bei der \u00dcbertragung (z. B. SSL)<\/li>\r\n<li>Beschr\u00e4nkter Zugriff auf personenbezogene Daten nur f\u00fcr autorisiertes Personal<\/li>\r\n<\/ul>\r\n<p>Allerdings ist keine \u00dcbertragungs- oder Speichermethode 100% sicher, und obwohl wir uns bem\u00fchen, Ihre pers\u00f6nlichen Daten zu sch\u00fctzen, k\u00f6nnen wir deren absolute Sicherheit nicht garantieren.<\/p>\r\n<h4><strong>6. Ihre Datenrechte<\/strong><\/h4>\r\n<p>Sie haben hinsichtlich Ihrer personenbezogenen Daten folgende Rechte:<\/p>\r\n<ul>\r\n<li><strong>Zugang:<\/strong> Sie haben das Recht, eine Kopie der von uns \u00fcber Sie gespeicherten personenbezogenen Daten anzufordern.<\/li>\r\n<li><strong>Korrektur:<\/strong> Sie k\u00f6nnen verlangen, dass wir etwaige Ungenauigkeiten in Ihren personenbezogenen Daten korrigieren.<\/li>\r\n<li><strong>Streichung:<\/strong> Unter bestimmten Voraussetzungen k\u00f6nnen Sie verlangen, dass wir Ihre personenbezogenen Daten l\u00f6schen.<\/li>\r\n<li><strong>Einschr\u00e4nkung der Verarbeitung:<\/strong> Sie k\u00f6nnen verlangen, dass wir die Verarbeitung Ihrer Daten in bestimmten F\u00e4llen einschr\u00e4nken.<\/li>\r\n<li><strong>Datenportabilit\u00e4t:<\/strong> Sie haben das Recht, Ihre personenbezogenen Daten in einem strukturierten, g\u00e4ngigen und maschinenlesbaren Format zu erhalten.<\/li>\r\n<li><strong>Einspruch:<\/strong> Sie k\u00f6nnen der Verarbeitung Ihrer Daten zu Marketingzwecken jederzeit widersprechen.<\/li>\r\n<\/ul>\r\n<p>Um eines dieser Rechte auszu\u00fcben, kontaktieren Sie uns bitte unter <a rel=\"noopener\"><span \n                data-original-string='xWzKkTu96Io0oQFTbBp+zQ==2508JXKVciTdTqvrfUFtccA8\/C1j07reGyy9PI+iRb02fY='\n                class='apbct-email-encoder'\n                title='Dieser Kontakt wurde von Anti-Spam by CleanTalk verschl\u00fcsselt. Klicken Sie hier, um ihn zu entschl\u00fcsseln. Um die Entschl\u00fcsselung abzuschlie\u00dfen, stellen Sie sicher, dass JavaScript in Ihrem Browser aktiviert ist.'>In<span class=\"apbct-blur\">**<\/span>@<span class=\"apbct-blur\">*****<\/span>sh.com<\/span><\/a>. Wir werden Ihre Anfrage innerhalb der gesetzlich vorgeschriebenen Frist beantworten.<\/p>\r\n<h4><strong>7. Internationale Daten\u00fcbertragungen<\/strong><\/h4>\r\n<p>Als in China ans\u00e4ssiges Unternehmen k\u00f6nnen Ihre personenbezogenen Daten in L\u00e4nder au\u00dferhalb Ihres Wohnsitzlandes \u00fcbertragen und dort verarbeitet werden. Wenn Sie sich im Europ\u00e4ischen Wirtschaftsraum (EWR) befinden, kann dies \u00dcbertragungen in L\u00e4nder umfassen, in denen nicht die gleichen Datenschutzgesetze gelten wie in Ihrem Land. Wir werden jedoch alle angemessenen Ma\u00dfnahmen ergreifen, um sicherzustellen, dass Ihre Daten sicher und in \u00dcbereinstimmung mit dieser Datenschutzrichtlinie behandelt werden.<\/p>\r\n<h4><strong>8. Datenaufbewahrung<\/strong><\/h4>\r\n<p>Wir bewahren Ihre personenbezogenen Daten nur so lange auf, wie es zur Erf\u00fcllung der Zwecke, f\u00fcr die sie erhoben wurden, erforderlich oder gesetzlich vorgeschrieben ist. Wenn wir Ihre Daten nicht mehr ben\u00f6tigen, werden wir sie sicher l\u00f6schen oder anonymisieren.<\/p>\r\n<h4><strong>9. Links Dritter<\/strong><\/h4>\r\n<p>Unsere Website kann Links zu Websites Dritter enthalten. Wir sind nicht verantwortlich f\u00fcr die Datenschutzpraktiken oder den Inhalt dieser externen Websites. Wir empfehlen Ihnen, die Datenschutzrichtlinien aller von Ihnen besuchten Websites Dritter zu lesen.<\/p>\r\n<h4><strong>10. \u00c4nderungen dieser Datenschutzrichtlinie<\/strong><\/h4>\r\n<p>Wir k\u00f6nnen diese Datenschutzrichtlinie von Zeit zu Zeit aktualisieren, um \u00c4nderungen in unseren Praktiken Rechnung zu tragen oder aus rechtlichen und regulatorischen Gr\u00fcnden. Alle \u00c4nderungen werden auf dieser Seite mit einem aktualisierten \u201eDatum des Inkrafttretens\u201c ver\u00f6ffentlicht. Wir empfehlen Ihnen, diese Richtlinie regelm\u00e4\u00dfig durchzulesen, um dar\u00fcber informiert zu bleiben, wie wir Ihre Daten sch\u00fctzen.<\/p>\r\n<h4><strong>Kontaktieren Sie uns<\/strong><\/h4>\r\n<p>Wenn Sie Fragen oder Bedenken zu dieser Datenschutzrichtlinie oder unserem Umgang mit Ihren pers\u00f6nlichen Daten haben, kontaktieren Sie uns bitte unter:<\/p>\r\n<p><strong>E-Mail:<\/strong> <a rel=\"noopener\"><span \n                data-original-string='AoFrjJ6WjlGIGq5xJqBbGA==250d3js0dipw9JnJ1KnMyXBgg0L+xGAR\/W1kLtwPfYHsxY='\n                class='apbct-email-encoder'\n                title='Dieser Kontakt wurde von Anti-Spam by CleanTalk verschl\u00fcsselt. Klicken Sie hier, um ihn zu entschl\u00fcsseln. Um die Entschl\u00fcsselung abzuschlie\u00dfen, stellen Sie sicher, dass JavaScript in Ihrem Browser aktiviert ist.'>In<span class=\"apbct-blur\">**<\/span>@<span class=\"apbct-blur\">*****<\/span>sh.com<\/span><\/a><\/p>","protected":false},"excerpt":{"rendered":"<p>At CNCRUSH, your privacy is of the utmost importance to us. This Privacy Policy outlines how we collect, use, disclose, and protect your personal information when you visit our website, https:\/\/cncrush.com\/ (&#8220;the Website&#8221;), or when you interact with us in any way. By using our Website or engaging with our services, you consent to the [&#8230;]\n","protected":false},"author":1,"featured_media":0,"parent":0,"menu_order":0,"comment_status":"closed","ping_status":"closed","template":"page-blank-title-center.php","meta":{"footnotes":""},"class_list":["post-3","page","type-page","status-publish","hentry"],"_links":{"self":[{"href":"https:\/\/cncrush.com\/de\/wp-json\/wp\/v2\/pages\/3","targetHints":{"allow":["GET"]}}],"collection":[{"href":"https:\/\/cncrush.com\/de\/wp-json\/wp\/v2\/pages"}],"about":[{"href":"https:\/\/cncrush.com\/de\/wp-json\/wp\/v2\/types\/page"}],"author":[{"embeddable":true,"href":"https:\/\/cncrush.com\/de\/wp-json\/wp\/v2\/users\/1"}],"replies":[{"embeddable":true,"href":"https:\/\/cncrush.com\/de\/wp-json\/wp\/v2\/comments?post=3"}],"version-history":[{"count":0,"href":"https:\/\/cncrush.com\/de\/wp-json\/wp\/v2\/pages\/3\/revisions"}],"wp:attachment":[{"href":"https:\/\/cncrush.com\/de\/wp-json\/wp\/v2\/media?parent=3"}],"curies":[{"name":"wp","href":"https:\/\/api.w.org\/{rel}","templated":true}]}}