{"id":31,"date":"2024-09-29T03:50:09","date_gmt":"2024-09-29T03:50:09","guid":{"rendered":"https:\/\/cncrush.com\/?page_id=31"},"modified":"2024-12-20T14:11:01","modified_gmt":"2024-12-20T14:11:01","slug":"maschinenbau-und-automatisierung","status":"publish","type":"page","link":"https:\/\/cncrush.com\/de\/maschinenbau-und-automatisierung\/","title":{"rendered":"Maschinenbau und Automatisierung"},"content":{"rendered":"<section class=\"section dark\" id=\"section_678811310\">\n\t\t<div class=\"section-bg fill\" >\n\t\t\t<img loading=\"lazy\" decoding=\"async\" width=\"2100\" height=\"700\" src=\"https:\/\/cncrush.com\/wp-content\/uploads\/2024\/10\/machine-building-automation.webp\" class=\"bg attachment- size-\" alt=\"\" title=\"\">\t\t\t\t\t\t<div class=\"section-bg-overlay absolute fill\"><\/div><button class=\"scroll-for-more z-5 icon absolute bottom h-center\" aria-label=\"Scrollen f\u00fcr mehr\"><i class=\"icon-angle-down\" style=\"font-size:42px;\" ><\/i><\/button>\n\t\t\t\n\n\t\t<\/div>\n\n\t\t\n\n\t\t<div class=\"section-content relative\">\n\t\t\t\n<div class=\"row align-center\"  id=\"row-1111742529\">\n\n\t<div id=\"col-1834324414\" class=\"col medium-10 small-12 large-10\"  >\n\t\t\t\t<div class=\"col-inner text-center\"  >\n\t\t\t\n\t\t\t\n\t<div id=\"text-1907872159\" class=\"text\">\n\t\t\n<h1>CNC-Dienstleistungen f\u00fcr Maschinenbau und Automatisierung<\/h1>\n\t\t\n<style>\n#text-1907872159 {\n  font-size: 1.35rem;\n}\n@media (min-width:550px) {\n  #text-1907872159 {\n    font-size: 2rem;\n  }\n}\n<\/style>\n\t<\/div>\n\t\n<div class=\"row\"  id=\"row-1433296545\">\n\n\t<div id=\"col-51308263\" class=\"col medium-9 small-12 large-9\"  >\n\t\t\t\t<div class=\"col-inner\"  >\n\t\t\t\n\t\t\t\n<p>Bei CNCRUSH produzieren wir jedes Teil f\u00fcr Ihre Maschinen oder Ger\u00e4te zuverl\u00e4ssig, kosteng\u00fcnstig und in h\u00f6chster Qualit\u00e4t. Wir sind nach ISO 9001:2015 und ISO 14001 zertifiziert und gew\u00e4hrleisten eine p\u00fcnktliche Lieferung und au\u00dfergew\u00f6hnliche Standards f\u00fcr alle Komponenten.<\/p>\n\t\t<\/div>\n\t\t\t\t\t<\/div>\n\n\t\n<\/div>\n\t\t<\/div>\n\t\t\t\t\t<\/div>\n\n\t\n<\/div>\n\t\t<\/div>\n\n\t\t\n<style>\n#section_678811310 {\n  padding-top: 30px;\n  padding-bottom: 30px;\n  min-height: 100px;\n}\n#section_678811310 .section-bg-overlay {\n  background-color: rgba(0, 0, 0, 0.384);\n}\n#section_678811310 .section-bg img {\n  object-position: 53% 58%;\n}\n@media (min-width:550px) {\n  #section_678811310 {\n    min-height: 600px;\n  }\n}\n<\/style>\n\t<\/section>\n\t\n\n\t<section class=\"section\" id=\"section_945646884\">\n\t\t<div class=\"section-bg fill\" >\n\t\t\t\t\t\t\t\t\t\n\t\t\t\n\n\t\t<\/div>\n\n\t\t\n\n\t\t<div class=\"section-content relative\">\n\t\t\t\n<div class=\"row row-large steps-simple-headline\"  id=\"row-1852884841\">\n\n\t<div id=\"col-1504203599\" class=\"col medium-8 small-12 large-12\"  >\n\t\t\t\t<div class=\"col-inner\"  >\n\t\t\t\n\t\t\t\n<div class=\"row row-collapse\"  id=\"row-1463190059\">\n\n\t<div id=\"col-949709564\" class=\"col medium-1 small-2 large-1\"  >\n\t\t\t\t<div class=\"col-inner\"  >\n\t\t\t\n\t\t\t\n<h2>01<\/h2>\n\t\t<\/div>\n\t\t\t\t\t<\/div>\n\n\t\n\n\t<div id=\"col-654513478\" class=\"col medium-11 small-10 large-11\"  >\n\t\t\t\t<div class=\"col-inner\"  >\n\t\t\t\n\t\t\t\n<h3>Teile, die wir herstellen<\/h3>\n<p>Unser Fachwissen umfasst eine Vielzahl von Materialien, darunter Aluminium, Stahl, Kupfer und Kunststoffe, f\u00fcr Teile wie:<\/p>\n<ul>\n<li>K\u00f6rper, Geh\u00e4use, Bl\u00f6cke<\/li>\n<li>Befestigungs-, Justier- und Verbindungselemente<\/li>\n<li>Lamellen und Profile<\/li>\n<li>H\u00fclsen, Ringe, Muttern, Achsen und Wellen<\/li>\n<li>Inhaber<\/li>\n<li>Teller<\/li>\n<\/ul>\n\t\t<\/div>\n\t\t\t\t\t<\/div>\n\n\t\n<\/div>\n<div class=\"is-divider divider clearfix\" style=\"margin-top:10px;margin-bottom:10px;max-width:100%;height:1px;\"><\/div>\n<div class=\"row row-collapse\"  id=\"row-249596935\">\n\n\t<div id=\"col-1843941288\" class=\"col medium-1 small-2 large-1\"  >\n\t\t\t\t<div class=\"col-inner\"  >\n\t\t\t\n\t\t\t\n<h2>02<\/h2>\n\t\t<\/div>\n\t\t\t\t\t<\/div>\n\n\t\n\n\t<div id=\"col-449621900\" class=\"col medium-11 small-10 large-11\"  >\n\t\t\t\t<div class=\"col-inner\"  >\n\t\t\t\n\t\t\t\n<h3>Unser Prozess<\/h3>\n<p>Bei CNCRUSH steht Qualit\u00e4t an erster Stelle.<\/p>\n<ul>\n<li><strong>100% Qualit\u00e4tskontrolle:<\/strong> Jedes Teil wird von unserem Qualit\u00e4tskontrollteam f\u00fcr die Produktion freigegeben, mit kontinuierlicher Prozess\u00fcberwachung auf der Grundlage eines detaillierten Kontrollplans.<\/li>\n<li><strong>Berichterstattung:<\/strong> Auf Wunsch stellen wir zur Verf\u00fcgung <strong>PPAP<\/strong> Und <strong>8D-Berichte<\/strong> um die Einhaltung Ihrer Vorgaben sicherzustellen.<\/li>\n<\/ul>\n\t\t<\/div>\n\t\t\t\t\t<\/div>\n\n\t\n<\/div>\n<div class=\"is-divider divider clearfix\" style=\"margin-top:10px;margin-bottom:10px;max-width:100%;height:1px;\"><\/div>\n<div class=\"row row-collapse align-middle\"  id=\"row-1271102873\">\n\n\t<div id=\"col-682308806\" class=\"col medium-1 small-2 large-1\"  >\n\t\t\t\t<div class=\"col-inner\"  >\n\t\t\t\n\t\t\t\n<h2>03<\/h2>\n\t\t<\/div>\n\t\t\t\t\t<\/div>\n\n\t\n\n\t<div id=\"col-587218594\" class=\"col medium-11 small-10 large-11\"  >\n\t\t\t\t<div class=\"col-inner\"  >\n\t\t\t\n\t\t\t\n<h3>Qualit\u00e4tssicherung<\/h3>\n<p>Bei CNCRUSH steht Qualit\u00e4t an erster Stelle.<\/p>\n<ul>\n<li><strong>100% Qualit\u00e4tskontrolle:<\/strong> Jedes Teil wird von unserem Qualit\u00e4tskontrollteam f\u00fcr die Produktion freigegeben, mit kontinuierlicher Prozess\u00fcberwachung auf der Grundlage eines detaillierten Kontrollplans.<\/li>\n<li><strong>Berichterstattung:<\/strong> Auf Wunsch stellen wir zur Verf\u00fcgung <strong>Erstmusterpr\u00fcfung (FAI)-Berichte und<\/strong> <strong>8D-Berichte<\/strong> um die Einhaltung Ihrer Vorgaben sicherzustellen.<\/li>\n<\/ul>\n\t\t<\/div>\n\t\t\t\t\t<\/div>\n\n\t\n<\/div>\n\t\t<\/div>\n\t\t\t\t\t<\/div>\n\n\t\n<\/div>\n\t\t<\/div>\n\n\t\t\n<style>\n#section_945646884 {\n  padding-top: 60px;\n  padding-bottom: 60px;\n}\n<\/style>\n\t<\/section>\n\t\n<div class=\"row row-collapse row-full-width\"  id=\"row-300290193\">\n\n\t<div id=\"col-1793312809\" class=\"col small-12 large-12\"  >\n\t\t\t\t<div class=\"col-inner text-center dark\"  >\n\t\t\t\n\t\t\t\n\n  <div class=\"banner has-hover\" id=\"banner-609419442\">\n          <div class=\"banner-inner fill\">\n        <div class=\"banner-bg fill\" >\n            <img loading=\"lazy\" decoding=\"async\" width=\"1020\" height=\"421\" src=\"https:\/\/cncrush.com\/wp-content\/uploads\/2024\/09\/milled-stainless-steel-background-1024x423.webp\" class=\"bg attachment-large size-large\" alt=\"\" title=\"\">                        <div class=\"overlay\"><\/div>            \n                    <\/div>\n\t\t\n        <div class=\"banner-layers container\">\n            <div class=\"fill banner-link\"><\/div>            \n   <div id=\"text-box-115367331\" class=\"text-box banner-layer x50 md-x50 lg-x50 y50 md-y50 lg-y50 res-text\">\n                                <div class=\"text-box-content text dark\">\n              \n              <div class=\"text-inner text-center\">\n                  \n\t<div id=\"text-5207291\" class=\"text\">\n\t\t\n<h3>Interessiert? Holen Sie sich noch heute ein kostenloses Angebot!<\/h3>\n\t\t\n<style>\n#text-5207291 {\n  font-size: 0.75rem;\n  text-align: center;\n}\n<\/style>\n\t<\/div>\n\t\n<a href=\"https:\/\/cncrush.com\/de\/anfrage-senden\/\" class=\"button alert\"  >\n\t\t<span>Senden Sie Ihre Anfrage<\/span>\n\t<\/a>\n\n              <\/div>\n           <\/div>\n                            \n<style>\n#text-box-115367331 {\n  width: 100%;\n}\n#text-box-115367331 .text-box-content {\n  font-size: 100%;\n}\n@media (min-width:550px) {\n  #text-box-115367331 {\n    width: 94%;\n  }\n}\n<\/style>\n    <\/div>\n \n        <\/div>\n      <\/div>\n\n            \n<style>\n#banner-609419442 {\n  padding-top: 99.99%;\n}\n#banner-609419442 .overlay {\n  background-color: rgba(0, 0, 0, 0.17);\n}\n#banner-609419442 .banner-bg img {\n  object-position: 47% 60%;\n}\n@media (min-width:550px) {\n  #banner-609419442 {\n    padding-top: 105px;\n  }\n}\n<\/style>\n  <\/div>\n\n\n\t\t<\/div>\n\t\t\t\t\t<\/div>\n\n\t\n<\/div>","protected":false},"excerpt":{"rendered":"","protected":false},"author":1,"featured_media":0,"parent":0,"menu_order":0,"comment_status":"closed","ping_status":"closed","template":"page-blank.php","meta":{"footnotes":""},"class_list":["post-31","page","type-page","status-publish","hentry"],"_links":{"self":[{"href":"https:\/\/cncrush.com\/de\/wp-json\/wp\/v2\/pages\/31","targetHints":{"allow":["GET"]}}],"collection":[{"href":"https:\/\/cncrush.com\/de\/wp-json\/wp\/v2\/pages"}],"about":[{"href":"https:\/\/cncrush.com\/de\/wp-json\/wp\/v2\/types\/page"}],"author":[{"embeddable":true,"href":"https:\/\/cncrush.com\/de\/wp-json\/wp\/v2\/users\/1"}],"replies":[{"embeddable":true,"href":"https:\/\/cncrush.com\/de\/wp-json\/wp\/v2\/comments?post=31"}],"version-history":[{"count":0,"href":"https:\/\/cncrush.com\/de\/wp-json\/wp\/v2\/pages\/31\/revisions"}],"wp:attachment":[{"href":"https:\/\/cncrush.com\/de\/wp-json\/wp\/v2\/media?parent=31"}],"curies":[{"name":"wp","href":"https:\/\/api.w.org\/{rel}","templated":true}]}}