{"id":33,"date":"2024-09-29T03:50:17","date_gmt":"2024-09-29T03:50:17","guid":{"rendered":"https:\/\/cncrush.com\/?page_id=33"},"modified":"2024-12-20T14:14:01","modified_gmt":"2024-12-20T14:14:01","slug":"konsumguter","status":"publish","type":"page","link":"https:\/\/cncrush.com\/de\/konsumguter\/","title":{"rendered":"Konsumg\u00fcter"},"content":{"rendered":"<section class=\"section dark\" id=\"section_1869586620\">\n\t\t<div class=\"section-bg fill\" >\n\t\t\t<img loading=\"lazy\" decoding=\"async\" width=\"2100\" height=\"700\" src=\"https:\/\/cncrush.com\/wp-content\/uploads\/2024\/10\/consumer-products.webp\" class=\"bg attachment- size-\" alt=\"\" title=\"\">\t\t\t\t\t\t<div class=\"section-bg-overlay absolute fill\"><\/div><button class=\"scroll-for-more z-5 icon absolute bottom h-center\" aria-label=\"Scrollen f\u00fcr mehr\"><i class=\"icon-angle-down\" style=\"font-size:42px;\" ><\/i><\/button>\n\t\t\t\n\n\t\t<\/div>\n\n\t\t\n\n\t\t<div class=\"section-content relative\">\n\t\t\t\n<div class=\"row align-center\"  id=\"row-50197594\">\n\n\t<div id=\"col-1823366918\" class=\"col medium-10 small-12 large-10\"  >\n\t\t\t\t<div class=\"col-inner text-center\"  >\n\t\t\t\n\t\t\t\n\t<div id=\"text-3070852448\" class=\"text\">\n\t\t\n<h1>Herstellung von Konsumg\u00fctern<\/h1>\n\t\t\n<style>\n#text-3070852448 {\n  font-size: 1.35rem;\n}\n@media (min-width:550px) {\n  #text-3070852448 {\n    font-size: 2rem;\n  }\n}\n<\/style>\n\t<\/div>\n\t\n<div class=\"row\"  id=\"row-1772734414\">\n\n\t<div id=\"col-241118234\" class=\"col medium-9 small-12 large-9\"  >\n\t\t\t\t<div class=\"col-inner\"  >\n\t\t\t\n\t\t\t\n<p>Bei CNCRUSH erwecken wir Ihre Produktideen zum Leben und helfen Ihnen, sowohl Design- als auch Herstellungskosten zu optimieren. Wir stellen sicher, dass Ihr Produkt gem\u00e4\u00df Ihren Spezifikationen verpackt wird und sowohl Qualit\u00e4t als auch Wert liefert.<\/p>\n\t\t<\/div>\n\t\t\t\t\t<\/div>\n\n\t\n<\/div>\n\t\t<\/div>\n\t\t\t\t\t<\/div>\n\n\t\n<\/div>\n\t\t<\/div>\n\n\t\t\n<style>\n#section_1869586620 {\n  padding-top: 30px;\n  padding-bottom: 30px;\n  min-height: 100px;\n}\n#section_1869586620 .section-bg-overlay {\n  background-color: rgba(0, 0, 0, 0.384);\n}\n#section_1869586620 .section-bg img {\n  object-position: 53% 58%;\n}\n@media (min-width:550px) {\n  #section_1869586620 {\n    min-height: 600px;\n  }\n}\n<\/style>\n\t<\/section>\n\t\n\n\t<section class=\"section\" id=\"section_88245811\">\n\t\t<div class=\"section-bg fill\" >\n\t\t\t\t\t\t\t\t\t\n\t\t\t\n\n\t\t<\/div>\n\n\t\t\n\n\t\t<div class=\"section-content relative\">\n\t\t\t\n<div class=\"row row-large steps-simple-headline\"  id=\"row-723403084\">\n\n\t<div id=\"col-410094997\" class=\"col medium-8 small-12 large-12\"  >\n\t\t\t\t<div class=\"col-inner\"  >\n\t\t\t\n\t\t\t\n<div class=\"row row-collapse\"  id=\"row-1723423800\">\n\n\t<div id=\"col-1365649643\" class=\"col medium-1 small-2 large-1\"  >\n\t\t\t\t<div class=\"col-inner\"  >\n\t\t\t\n\t\t\t\n<h2>01<\/h2>\n\t\t<\/div>\n\t\t\t\t\t<\/div>\n\n\t\n\n\t<div id=\"col-970193402\" class=\"col medium-11 small-10 large-11\"  >\n\t\t\t\t<div class=\"col-inner\"  >\n\t\t\t\n\t\t\t\n<h3>Beispiele f\u00fcr Produkte, die wir herstellen<\/h3>\n<ul>\n<li>Geh\u00e4use f\u00fcr Taster der Geb\u00e4udeleittechnik<\/li>\n<li>Tablet-H\u00fcllen<\/li>\n<li>Fahrradteile<\/li>\n<li>Komponenten f\u00fcr Shishas<\/li>\n<li>Halterungen und Kn\u00f6pfe f\u00fcr Haushaltsger\u00e4te und elektronische Ger\u00e4te<\/li>\n<\/ul>\n\t\t<\/div>\n\t\t\t\t\t<\/div>\n\n\t\n<\/div>\n<div class=\"is-divider divider clearfix\" style=\"margin-top:10px;margin-bottom:10px;max-width:100%;height:1px;\"><\/div>\n<div class=\"row row-collapse\"  id=\"row-105395412\">\n\n\t<div id=\"col-1306898518\" class=\"col medium-1 small-2 large-1\"  >\n\t\t\t\t<div class=\"col-inner\"  >\n\t\t\t\n\t\t\t\n<h2>02<\/h2>\n\t\t<\/div>\n\t\t\t\t\t<\/div>\n\n\t\n\n\t<div id=\"col-324765946\" class=\"col medium-11 small-10 large-11\"  >\n\t\t\t\t<div class=\"col-inner\"  >\n\t\t\t\n\t\t\t\n<h3>Umfassender Support<\/h3>\n<p>Sie haben eine Idee, sind sich aber \u00fcber die n\u00e4chsten Schritte nicht sicher? Bei CNCRUSH setzen wir Ihre Konzepte in die Realit\u00e4t um. Unser Team unterst\u00fctzt Sie bei:<\/p>\n<ul>\n<li><strong>Gestaltung Ihres Produkts<\/strong> um sicherzustellen, dass es Ihrer Vision entspricht<\/li>\n<li>Sicherstellen <strong>optimale Leistung<\/strong> mit den richtigen Spezifikationen<\/li>\n<li><strong>Auswahl der besten Materialien<\/strong> f\u00fcr Haltbarkeit und Funktionalit\u00e4t<\/li>\n<li>Am meisten schaffen <strong>effizienter Produktionsprozess<\/strong><\/li>\n<li><strong>Die perfekte Verpackung ausw\u00e4hlen<\/strong> passend zu Ihrer Marke<\/li>\n<\/ul>\n\t\t<\/div>\n\t\t\t\t\t<\/div>\n\n\t\n<\/div>\n<div class=\"is-divider divider clearfix\" style=\"margin-top:10px;margin-bottom:10px;max-width:100%;height:1px;\"><\/div>\n<div class=\"row row-collapse align-middle\"  id=\"row-1884357016\">\n\n\t<div id=\"col-986908239\" class=\"col medium-1 small-2 large-1\"  >\n\t\t\t\t<div class=\"col-inner\"  >\n\t\t\t\n\t\t\t\n<h2>03<\/h2>\n\t\t<\/div>\n\t\t\t\t\t<\/div>\n\n\t\n\n\t<div id=\"col-173230931\" class=\"col medium-11 small-10 large-11\"  >\n\t\t\t\t<div class=\"col-inner\"  >\n\t\t\t\n\t\t\t\n<h3>Ma\u00dfgeschneiderter Herstellungsprozess<\/h3>\n<p>Bei CNCRUSH bieten wir End-to-End-Produktionsl\u00f6sungen an, die auf die spezifischen Anforderungen Ihres Produkts zugeschnitten sind:<\/p>\n<ul>\n<li><strong>Design &amp; Pr\u00e4zision:<\/strong> Detaillierte Konstruktion und Parameteroptimierung<\/li>\n<li><strong>Entwicklung &amp; Tests:<\/strong> Identifizieren der richtigen Technologie und zus\u00e4tzlicher Behandlungen<\/li>\n<li><strong>Visuelle und Verpackungsl\u00f6sungen:<\/strong> Sicherstellen, dass das Endprodukt gut aussieht und ordnungsgem\u00e4\u00df gesch\u00fctzt ist<\/li>\n<li><strong>Qualit\u00e4tskontrolle:<\/strong> Umfangreiche Kontrollen zur Sicherstellung h\u00f6chster Qualit\u00e4t<\/li>\n<li><strong>Flexibilit\u00e4t:<\/strong> Einfache Anpassung an Produkt\u00e4nderungen und Designverbesserungen<\/li>\n<li><strong>Direkte Kommunikation:<\/strong> Enge Zusammenarbeit mit Ihrem Projektmanager und laufende \u00dcberwachung der Produktionslinie<\/li>\n<li><strong>Haltbarkeit und Tests:<\/strong> Auswahl der richtigen Materialien f\u00fcr eine lange Produktlebensdauer<\/li>\n<\/ul>\n\t\t<\/div>\n\t\t\t\t\t<\/div>\n\n\t\n<\/div>\n<div class=\"is-divider divider clearfix\" style=\"margin-top:10px;margin-bottom:10px;max-width:100%;height:1px;\"><\/div>\n\t\t<\/div>\n\t\t\t\t\t<\/div>\n\n\t\n<\/div>\n\t\t<\/div>\n\n\t\t\n<style>\n#section_88245811 {\n  padding-top: 60px;\n  padding-bottom: 60px;\n}\n<\/style>\n\t<\/section>\n\t\n<div class=\"row row-collapse row-full-width\"  id=\"row-1041960960\">\n\n\t<div id=\"col-1717708080\" class=\"col small-12 large-12\"  >\n\t\t\t\t<div class=\"col-inner text-center dark\"  >\n\t\t\t\n\t\t\t\n\n  <div class=\"banner has-hover\" id=\"banner-869455334\">\n          <div class=\"banner-inner fill\">\n        <div class=\"banner-bg fill\" >\n            <img loading=\"lazy\" decoding=\"async\" width=\"1020\" height=\"421\" src=\"https:\/\/cncrush.com\/wp-content\/uploads\/2024\/09\/milled-stainless-steel-background-1024x423.webp\" class=\"bg attachment-large size-large\" alt=\"\" title=\"\">                        <div class=\"overlay\"><\/div>            \n                    <\/div>\n\t\t\n        <div class=\"banner-layers container\">\n            <div class=\"fill banner-link\"><\/div>            \n   <div id=\"text-box-1727320473\" class=\"text-box banner-layer x50 md-x50 lg-x50 y50 md-y50 lg-y50 res-text\">\n                                <div class=\"text-box-content text dark\">\n              \n              <div class=\"text-inner text-center\">\n                  \n\t<div id=\"text-4125671502\" class=\"text\">\n\t\t\n<h3>Interessiert? Holen Sie sich noch heute ein kostenloses Angebot!<\/h3>\n\t\t\n<style>\n#text-4125671502 {\n  font-size: 0.75rem;\n  text-align: center;\n}\n<\/style>\n\t<\/div>\n\t\n<a href=\"https:\/\/cncrush.com\/de\/anfrage-senden\/\" class=\"button alert\"  >\n\t\t<span>Senden Sie Ihre Anfrage<\/span>\n\t<\/a>\n\n              <\/div>\n           <\/div>\n                            \n<style>\n#text-box-1727320473 {\n  width: 100%;\n}\n#text-box-1727320473 .text-box-content {\n  font-size: 100%;\n}\n@media (min-width:550px) {\n  #text-box-1727320473 {\n    width: 94%;\n  }\n}\n<\/style>\n    <\/div>\n \n        <\/div>\n      <\/div>\n\n            \n<style>\n#banner-869455334 {\n  padding-top: 99.99%;\n}\n#banner-869455334 .overlay {\n  background-color: rgba(0, 0, 0, 0.17);\n}\n#banner-869455334 .banner-bg img {\n  object-position: 47% 60%;\n}\n@media (min-width:550px) {\n  #banner-869455334 {\n    padding-top: 119px;\n  }\n}\n<\/style>\n  <\/div>\n\n\n\t\t<\/div>\n\t\t\t\t\t<\/div>\n\n\t\n<\/div>","protected":false},"excerpt":{"rendered":"","protected":false},"author":1,"featured_media":0,"parent":0,"menu_order":0,"comment_status":"closed","ping_status":"closed","template":"page-blank.php","meta":{"footnotes":""},"class_list":["post-33","page","type-page","status-publish","hentry"],"_links":{"self":[{"href":"https:\/\/cncrush.com\/de\/wp-json\/wp\/v2\/pages\/33","targetHints":{"allow":["GET"]}}],"collection":[{"href":"https:\/\/cncrush.com\/de\/wp-json\/wp\/v2\/pages"}],"about":[{"href":"https:\/\/cncrush.com\/de\/wp-json\/wp\/v2\/types\/page"}],"author":[{"embeddable":true,"href":"https:\/\/cncrush.com\/de\/wp-json\/wp\/v2\/users\/1"}],"replies":[{"embeddable":true,"href":"https:\/\/cncrush.com\/de\/wp-json\/wp\/v2\/comments?post=33"}],"version-history":[{"count":0,"href":"https:\/\/cncrush.com\/de\/wp-json\/wp\/v2\/pages\/33\/revisions"}],"wp:attachment":[{"href":"https:\/\/cncrush.com\/de\/wp-json\/wp\/v2\/media?parent=33"}],"curies":[{"name":"wp","href":"https:\/\/api.w.org\/{rel}","templated":true}]}}