{"id":37,"date":"2024-09-29T03:50:30","date_gmt":"2024-09-29T03:50:30","guid":{"rendered":"https:\/\/cncrush.com\/?page_id=37"},"modified":"2024-12-20T13:53:35","modified_gmt":"2024-12-20T13:53:35","slug":"medizinische-industrie","status":"publish","type":"page","link":"https:\/\/cncrush.com\/de\/medizinische-industrie\/","title":{"rendered":"Medizinische Industrie"},"content":{"rendered":"<section class=\"section dark\" id=\"section_1700104524\">\n\t\t<div class=\"section-bg fill\" >\n\t\t\t<img loading=\"lazy\" decoding=\"async\" width=\"2100\" height=\"700\" src=\"https:\/\/cncrush.com\/wp-content\/uploads\/2024\/10\/medical-industry.webp\" class=\"bg attachment- size-\" alt=\"\" title=\"\">\t\t\t\t\t\t<div class=\"section-bg-overlay absolute fill\"><\/div><button class=\"scroll-for-more z-5 icon absolute bottom h-center\" aria-label=\"Scrollen f\u00fcr mehr\"><i class=\"icon-angle-down\" style=\"font-size:42px;\" ><\/i><\/button>\n\t\t\t\n\n\t\t<\/div>\n\n\t\t\n\n\t\t<div class=\"section-content relative\">\n\t\t\t\n<div class=\"row align-center\"  id=\"row-1565308759\">\n\n\t<div id=\"col-1466904816\" class=\"col medium-10 small-12 large-10\"  >\n\t\t\t\t<div class=\"col-inner text-center\"  >\n\t\t\t\n\t\t\t\n\t<div id=\"text-3400129866\" class=\"text\">\n\t\t\n<h1>CNC-Pr\u00e4zisionsteile f\u00fcr die medizinische Industrie<\/h1>\n\t\t\n<style>\n#text-3400129866 {\n  font-size: 1.35rem;\n}\n@media (min-width:550px) {\n  #text-3400129866 {\n    font-size: 2rem;\n  }\n}\n<\/style>\n\t<\/div>\n\t\n<div class=\"row\"  id=\"row-2110094140\">\n\n\t<div id=\"col-1571880967\" class=\"col medium-9 small-12 large-9\"  >\n\t\t\t\t<div class=\"col-inner\"  >\n\t\t\t\n\t\t\t\n<p>Bei CNCRUSH fertigen wir Pr\u00e4zisionskomponenten f\u00fcr spezielle medizinische Ger\u00e4te und gew\u00e4hrleisten so h\u00f6chste Qualit\u00e4t und Zuverl\u00e4ssigkeit f\u00fcr den medizinischen Sektor.<\/p>\n\t\t<\/div>\n\t\t\t\t\t<\/div>\n\n\t\n<\/div>\n\t\t<\/div>\n\t\t\t\t\t<\/div>\n\n\t\n<\/div>\n\t\t<\/div>\n\n\t\t\n<style>\n#section_1700104524 {\n  padding-top: 30px;\n  padding-bottom: 30px;\n  min-height: 100px;\n}\n#section_1700104524 .section-bg-overlay {\n  background-color: rgba(0, 0, 0, 0.384);\n}\n#section_1700104524 .section-bg img {\n  object-position: 53% 58%;\n}\n@media (min-width:550px) {\n  #section_1700104524 {\n    min-height: 600px;\n  }\n}\n<\/style>\n\t<\/section>\n\t\n\n\t<section class=\"section\" id=\"section_505691628\">\n\t\t<div class=\"section-bg fill\" >\n\t\t\t\t\t\t\t\t\t\n\t\t\t\n\n\t\t<\/div>\n\n\t\t\n\n\t\t<div class=\"section-content relative\">\n\t\t\t\n<div class=\"row row-large steps-simple-headline\"  id=\"row-787182062\">\n\n\t<div id=\"col-378676715\" class=\"col medium-8 small-12 large-12\"  >\n\t\t\t\t<div class=\"col-inner\"  >\n\t\t\t\n\t\t\t\n<div class=\"row row-collapse\"  id=\"row-1514734064\">\n\n\t<div id=\"col-956472225\" class=\"col medium-1 small-2 large-1\"  >\n\t\t\t\t<div class=\"col-inner\"  >\n\t\t\t\n\t\t\t\n<h2>01<\/h2>\n\t\t<\/div>\n\t\t\t\t\t<\/div>\n\n\t\n\n\t<div id=\"col-389232506\" class=\"col medium-11 small-10 large-11\"  >\n\t\t\t\t<div class=\"col-inner\"  >\n\t\t\t\n\t\t\t\n<h3>Teile, die wir herstellen<\/h3>\n<p>Wir sind auf die Herstellung kritischer Teile f\u00fcr medizinische Ger\u00e4te spezialisiert, darunter:<\/p>\n<ul>\n<li><strong>Aluminiumgeh\u00e4use<\/strong><\/li>\n<li><strong>Mechanische Teile<\/strong> f\u00fcr medizinische Ger\u00e4te aus Aluminium und Edelstahl, die in der Strahlentherapie, Endoskopie, Laparoskopie und bei Dentalscannern eingesetzt werden<\/li>\n<li><strong>Elektroden<\/strong><\/li>\n<\/ul>\n\t\t<\/div>\n\t\t\t\t\t<\/div>\n\n\t\n<\/div>\n<div class=\"is-divider divider clearfix\" style=\"margin-top:10px;margin-bottom:10px;max-width:100%;height:1px;\"><\/div>\n<div class=\"row row-collapse\"  id=\"row-1280451018\">\n\n\t<div id=\"col-1015446551\" class=\"col medium-1 small-2 large-1\"  >\n\t\t\t\t<div class=\"col-inner\"  >\n\t\t\t\n\t\t\t\n<h2>02<\/h2>\n\t\t<\/div>\n\t\t\t\t\t<\/div>\n\n\t\n\n\t<div id=\"col-690496340\" class=\"col medium-11 small-10 large-11\"  >\n\t\t\t\t<div class=\"col-inner\"  >\n\t\t\t\n\t\t\t\n<h3>Unser Herstellungsprozess<\/h3>\n<ul>\n<li><strong>Pr\u00e4zision:<\/strong> Wir fertigen kleine, hochpr\u00e4zise Teile mit Toleranzen von bis zu 0,02 mm.<\/li>\n<li><strong>Sauberkeit:<\/strong> Jedes Teil wird sorgf\u00e4ltig gepr\u00fcft, um sicherzustellen, dass es frei von Graten, Sp\u00e4nen oder \u00d6lr\u00fcckst\u00e4nden ist.<\/li>\n<li><strong>Zuverl\u00e4ssigkeit:<\/strong> Wir w\u00e4hlen sorgf\u00e4ltig Herstellungsprozesse aus, die eine hohe Wiederholbarkeit, Funktionalit\u00e4t und Konformit\u00e4t der Teile gew\u00e4hrleisten.<\/li>\n<li><strong>Kundenbeteiligung:<\/strong> Wir arbeiten eng mit Kunden zusammen, um Designanforderungen zu analysieren und unsere Prozesse an ihre spezifischen Bed\u00fcrfnisse anzupassen.<\/li>\n<\/ul>\n\t\t<\/div>\n\t\t\t\t\t<\/div>\n\n\t\n<\/div>\n<div class=\"is-divider divider clearfix\" style=\"margin-top:10px;margin-bottom:10px;max-width:100%;height:1px;\"><\/div>\n<div class=\"row row-collapse align-middle\"  id=\"row-1792620237\">\n\n\t<div id=\"col-28837903\" class=\"col medium-1 small-2 large-1\"  >\n\t\t\t\t<div class=\"col-inner\"  >\n\t\t\t\n\t\t\t\n<h2>03<\/h2>\n\t\t<\/div>\n\t\t\t\t\t<\/div>\n\n\t\n\n\t<div id=\"col-827109279\" class=\"col medium-11 small-10 large-11\"  >\n\t\t\t\t<div class=\"col-inner\"  >\n\t\t\t\n\t\t\t\n<h3>Qualit\u00e4tssicherung<\/h3>\n<p>Pr\u00e4zision ist im medizinischen Bereich von entscheidender Bedeutung, und wir erf\u00fcllen die h\u00f6chsten Standards durch den Einsatz fortschrittlicher Messger\u00e4te wie der <strong>Hexagon Global S<\/strong>, was eine Genauigkeit von 0,005 mm ergibt. Bei komplexen, kleinformatigen Teilen f\u00fchren wir zur Qualit\u00e4tssicherung auch Sichtpr\u00fcfungen mit vergr\u00f6\u00dferten Ansichten durch.<\/p>\n\t\t<\/div>\n\t\t\t\t\t<\/div>\n\n\t\n<\/div>\n<div class=\"is-divider divider clearfix\" style=\"margin-top:10px;margin-bottom:10px;max-width:100%;height:1px;\"><\/div>\n\t\t<\/div>\n\t\t\t\t\t<\/div>\n\n\t\n<\/div>\n\t\t<\/div>\n\n\t\t\n<style>\n#section_505691628 {\n  padding-top: 60px;\n  padding-bottom: 60px;\n}\n<\/style>\n\t<\/section>\n\t\n<div class=\"row row-collapse row-full-width\"  id=\"row-2047830140\">\n\n\t<div id=\"col-318695126\" class=\"col small-12 large-12\"  >\n\t\t\t\t<div class=\"col-inner text-center dark\"  >\n\t\t\t\n\t\t\t\n\n  <div class=\"banner has-hover\" id=\"banner-1639467355\">\n          <div class=\"banner-inner fill\">\n        <div class=\"banner-bg fill\" >\n            <img loading=\"lazy\" decoding=\"async\" width=\"1020\" height=\"421\" src=\"https:\/\/cncrush.com\/wp-content\/uploads\/2024\/09\/milled-stainless-steel-background-1024x423.webp\" class=\"bg attachment-large size-large\" alt=\"\" title=\"\">                        <div class=\"overlay\"><\/div>            \n                    <\/div>\n\t\t\n        <div class=\"banner-layers container\">\n            <div class=\"fill banner-link\"><\/div>            \n   <div id=\"text-box-297726400\" class=\"text-box banner-layer x50 md-x50 lg-x50 y50 md-y50 lg-y50 res-text\">\n                                <div class=\"text-box-content text dark\">\n              \n              <div class=\"text-inner text-center\">\n                  \n\t<div id=\"text-2329333935\" class=\"text\">\n\t\t\n<h3>Interessiert? Holen Sie sich noch heute ein kostenloses Angebot!<\/h3>\n\t\t\n<style>\n#text-2329333935 {\n  font-size: 0.75rem;\n  text-align: center;\n}\n<\/style>\n\t<\/div>\n\t\n<a href=\"https:\/\/cncrush.com\/de\/anfrage-senden\/\" class=\"button alert\"  >\n\t\t<span>Senden Sie Ihre Anfrage<\/span>\n\t<\/a>\n\n              <\/div>\n           <\/div>\n                            \n<style>\n#text-box-297726400 {\n  width: 100%;\n}\n#text-box-297726400 .text-box-content {\n  font-size: 100%;\n}\n@media (min-width:550px) {\n  #text-box-297726400 {\n    width: 94%;\n  }\n}\n<\/style>\n    <\/div>\n \n        <\/div>\n      <\/div>\n\n            \n<style>\n#banner-1639467355 {\n  padding-top: 99.99%;\n}\n#banner-1639467355 .overlay {\n  background-color: rgba(0, 0, 0, 0.17);\n}\n#banner-1639467355 .banner-bg img {\n  object-position: 47% 60%;\n}\n@media (min-width:550px) {\n  #banner-1639467355 {\n    padding-top: 97px;\n  }\n}\n<\/style>\n  <\/div>\n\n\n\t\t<\/div>\n\t\t\t\t\t<\/div>\n\n\t\n<\/div>","protected":false},"excerpt":{"rendered":"","protected":false},"author":1,"featured_media":0,"parent":0,"menu_order":0,"comment_status":"closed","ping_status":"closed","template":"page-blank.php","meta":{"footnotes":""},"class_list":["post-37","page","type-page","status-publish","hentry"],"_links":{"self":[{"href":"https:\/\/cncrush.com\/de\/wp-json\/wp\/v2\/pages\/37","targetHints":{"allow":["GET"]}}],"collection":[{"href":"https:\/\/cncrush.com\/de\/wp-json\/wp\/v2\/pages"}],"about":[{"href":"https:\/\/cncrush.com\/de\/wp-json\/wp\/v2\/types\/page"}],"author":[{"embeddable":true,"href":"https:\/\/cncrush.com\/de\/wp-json\/wp\/v2\/users\/1"}],"replies":[{"embeddable":true,"href":"https:\/\/cncrush.com\/de\/wp-json\/wp\/v2\/comments?post=37"}],"version-history":[{"count":0,"href":"https:\/\/cncrush.com\/de\/wp-json\/wp\/v2\/pages\/37\/revisions"}],"wp:attachment":[{"href":"https:\/\/cncrush.com\/de\/wp-json\/wp\/v2\/media?parent=37"}],"curies":[{"name":"wp","href":"https:\/\/api.w.org\/{rel}","templated":true}]}}