{"id":43,"date":"2024-09-29T03:52:14","date_gmt":"2024-09-29T03:52:14","guid":{"rendered":"https:\/\/cncrush.com\/?page_id=43"},"modified":"2024-10-03T15:34:47","modified_gmt":"2024-10-03T15:34:47","slug":"cookie-richtlinie","status":"publish","type":"page","link":"https:\/\/cncrush.com\/de\/cookie-richtlinie\/","title":{"rendered":"Cookie-Richtlinie"},"content":{"rendered":"<p>Bei <strong><a href=\"https:\/\/cncrush.com\/de\/\">CNCRUSH<\/a><\/strong>Wir verpflichten uns, Ihre Privatsph\u00e4re zu sch\u00fctzen und Transparenz im Umgang mit Ihren personenbezogenen Daten zu gew\u00e4hrleisten. In dieser Cookie-Richtlinie wird erl\u00e4utert, wie wir Cookies und \u00e4hnliche Technologien auf unserer Website verwenden. <a href=\"https:\/\/cncrush.com\/de\/\" target=\"_new\" rel=\"noopener\">https:\/\/cncrush.com\/<\/a> (\u201edie Website\u201c). Durch die weitere Nutzung unserer Website stimmen Sie der Verwendung von Cookies gem\u00e4\u00df dieser Richtlinie zu.<\/p>\n<h4><strong>Was sind Cookies?<\/strong><\/h4>\n<p>Cookies sind kleine Textdateien, die auf Ihrem Ger\u00e4t (Computer, Smartphone oder Tablet) gespeichert werden, wenn Sie eine Website besuchen. Sie enthalten Informationen, die der Website helfen, Ihr Ger\u00e4t zu erkennen, und k\u00f6nnen Ihr Erlebnis verbessern, indem sie sich Pr\u00e4ferenzen merken, ein schnelleres Laden erm\u00f6glichen und die Gesamtfunktionalit\u00e4t verbessern.<\/p>\n<h4><strong>Arten von Cookies, die wir verwenden<\/strong><\/h4>\n<ol>\n<li><strong>Unbedingt notwendige Cookies:<\/strong> Diese Cookies sind f\u00fcr die ordnungsgem\u00e4\u00dfe Funktion der Website unerl\u00e4sslich. Sie erm\u00f6glichen grundlegende Funktionen wie Seitennavigation und sichere Bereiche der Website. Ohne diese Cookies k\u00f6nnen bestimmte von Ihnen angeforderte Dienste nicht bereitgestellt werden. Beispiele f\u00fcr unbedingt notwendige Cookies sind:\n<ul>\n<li>Sitzungsverwaltung<\/li>\n<li>Sicherheitsauthentifizierung<\/li>\n<li>Formulareinreichungen<\/li>\n<\/ul>\n<\/li>\n<li><strong>Leistungs- und Analyse-Cookies:<\/strong> Diese Cookies sammeln Informationen dar\u00fcber, wie Besucher unsere Website nutzen, z. B. welche Seiten sie am h\u00e4ufigsten besuchen und welche Fehlermeldungen sie erhalten. Die Informationen werden aggregiert und anonymisiert und helfen uns, die Leistung unserer Website zu verbessern. Wir verwenden Analysetools von Drittanbietern wie Google Analytics, um den Website-Verkehr und die Nutzungsmuster zu \u00fcberwachen. Dies hilft uns, datengesteuerte Entscheidungen zu treffen, um die Benutzererfahrung zu optimieren.<\/li>\n<li><strong>Funktionalit\u00e4ts-Cookies:<\/strong> Mithilfe dieser Cookies kann sich die Website die von Ihnen getroffenen Entscheidungen merken, beispielsweise Ihre Spracheinstellungen oder Ihre Region. Sie verbessern Ihr Benutzererlebnis, indem sie personalisierte Funktionen bereitstellen.<\/li>\n<li><strong>Targeting- und Werbe-Cookies:<\/strong> Wir k\u00f6nnen diese Cookies verwenden, um Ihnen relevantere Anzeigen zu liefern. Sie verfolgen Ihre Online-Aktivit\u00e4ten und erm\u00f6glichen es uns, Werbung basierend auf Ihren Interessen anzuzeigen. Diese Cookies helfen uns auch dabei, die Wirksamkeit unserer Marketingkampagnen zu messen. Wir arbeiten mit Drittanbietern zusammen, die m\u00f6glicherweise Cookies auf Ihrem Ger\u00e4t platzieren, wenn Sie unsere Website besuchen. Bitte beachten Sie, dass diese Drittanbieter ihre eigenen Datenschutz- und Cookie-Richtlinien haben.<\/li>\n<\/ol>\n<h4><strong>Wie wir Cookies verwenden<\/strong><\/h4>\n<p>Wir verwenden Cookies, um:<\/p>\n<ul>\n<li>Verbessern Sie die Funktionalit\u00e4t und Leistung unserer Website.<\/li>\n<li>Bieten Sie ein personalisiertes Erlebnis.<\/li>\n<li>Analysieren Sie den Datenverkehr und verbessern Sie die Benutzerfreundlichkeit der Website.<\/li>\n<li>Unterst\u00fctzen Sie unsere Marketing- und Werbebem\u00fchungen.<\/li>\n<\/ul>\n<p>Cookies helfen uns auch dabei, die Qualit\u00e4t unserer Dienste zu verbessern, indem sie technische Probleme oder Bereiche mit Verbesserungsbedarf identifizieren.<\/p>\n<h4><strong>Cookies verwalten<\/strong><\/h4>\n<p>Sie haben das Recht, Cookies auf verschiedene Weise zu kontrollieren und zu verwalten:<\/p>\n<ol>\n<li><strong>Browsereinstellungen:<\/strong> Bei den meisten Webbrowsern k\u00f6nnen Sie Ihre Cookie-Einstellungen \u00fcber die Einstellungen verwalten. Sie k\u00f6nnen Cookies blockieren oder l\u00f6schen. Bitte beachten Sie jedoch, dass Teile unserer Website m\u00f6glicherweise nicht ordnungsgem\u00e4\u00df funktionieren, wenn Sie bestimmte Cookies deaktivieren.<\/li>\n<li><strong>Opt-out-Links:<\/strong> F\u00fcr Leistungs- und Targeting-Cookies k\u00f6nnen Sie sich direkt \u00fcber die jeweiligen Drittanbieterdienste abmelden:\n<ul>\n<li><a target=\"_new\" rel=\"noopener\">Deaktivierung von Google Analytics<\/a><\/li>\n<li>Werbeeinstellungen f\u00fcr Google<\/li>\n<li>Ihre Online-Auswahl f\u00fcr EU-Benutzer<\/li>\n<\/ul>\n<\/li>\n<li><strong>Einstellungen f\u00fcr \u201eNicht verfolgen\u201c (DNT):<\/strong> Einige Webbrowser bieten eine \u201eDo Not Track\u201c-Funktion, mit der Sie Ihre Pr\u00e4ferenz f\u00fcr den Datenschutz signalisieren und anfordern k\u00f6nnen, dass Websites Ihre Online-Aktivit\u00e4ten nicht verfolgen. Es gibt jedoch keinen einheitlichen Standard f\u00fcr DNT-Signale und unsere Website reagiert m\u00f6glicherweise nicht auf diese Signale.<\/li>\n<\/ol>\n<h4><strong>Cookies von Drittanbietern<\/strong><\/h4>\n<p>Wir nutzen m\u00f6glicherweise Dienste von Drittanbietern, die Cookies auf Ihrem Ger\u00e4t setzen, um Ihr Surferlebnis zu verbessern oder personalisierte Inhalte anzuzeigen. F\u00fcr diese Drittanbieter-Cookies gelten die Datenschutzrichtlinien der jeweiligen Drittanbieter. Wir empfehlen Ihnen, deren Richtlinien f\u00fcr weitere Informationen durchzulesen.<\/p>\n<h4><strong>\u00c4nderungen an dieser Cookie-Richtlinie<\/strong><\/h4>\n<p>Wir k\u00f6nnen diese Cookie-Richtlinie von Zeit zu Zeit aktualisieren, um \u00c4nderungen in der Technologie, den gesetzlichen Anforderungen oder der Funktionalit\u00e4t unserer Website Rechnung zu tragen. Alle Aktualisierungen werden auf dieser Seite ver\u00f6ffentlicht und das \u201eDatum des Inkrafttretens\u201c wird entsprechend ge\u00e4ndert. Wir empfehlen Ihnen, diese Richtlinie regelm\u00e4\u00dfig zu lesen, um \u00fcber unsere Verwendung von Cookies informiert zu bleiben.<\/p>\n<h4><strong>Kontaktieren Sie uns<\/strong><\/h4>\n<p>Wenn Sie Fragen zu unserer Verwendung von Cookies oder dieser Cookie-Richtlinie haben, kontaktieren Sie uns bitte unter:<\/p>\n<p><strong>E-Mail:<\/strong> <a rel=\"noopener\"><span \n                data-original-string='qcum\/o9A14rBHTyGHm4aPw==250VoXZxNU4d1rLtnxnA7pom9xMqZTlZya9GHwrq6YZYQA='\n                class='apbct-email-encoder'\n                title='Dieser Kontakt wurde von Anti-Spam by CleanTalk verschl\u00fcsselt. Klicken Sie hier, um ihn zu entschl\u00fcsseln. Um die Entschl\u00fcsselung abzuschlie\u00dfen, stellen Sie sicher, dass JavaScript in Ihrem Browser aktiviert ist.'>In<span class=\"apbct-blur\">**<\/span>@<span class=\"apbct-blur\">*****<\/span>sh.com<\/span><\/a><\/p>","protected":false},"excerpt":{"rendered":"<p>At CNCRUSH, we are committed to protecting your privacy and ensuring transparency in how we handle your personal data. This Cookies Policy explains how we use cookies and similar technologies on our website, https:\/\/cncrush.com\/ (&#8220;the Website&#8221;). By continuing to use our Website, you agree to the use of cookies as outlined in this policy. What [&#8230;]\n","protected":false},"author":1,"featured_media":0,"parent":0,"menu_order":0,"comment_status":"closed","ping_status":"closed","template":"page-blank-title-center.php","meta":{"footnotes":""},"class_list":["post-43","page","type-page","status-publish","hentry"],"_links":{"self":[{"href":"https:\/\/cncrush.com\/de\/wp-json\/wp\/v2\/pages\/43","targetHints":{"allow":["GET"]}}],"collection":[{"href":"https:\/\/cncrush.com\/de\/wp-json\/wp\/v2\/pages"}],"about":[{"href":"https:\/\/cncrush.com\/de\/wp-json\/wp\/v2\/types\/page"}],"author":[{"embeddable":true,"href":"https:\/\/cncrush.com\/de\/wp-json\/wp\/v2\/users\/1"}],"replies":[{"embeddable":true,"href":"https:\/\/cncrush.com\/de\/wp-json\/wp\/v2\/comments?post=43"}],"version-history":[{"count":0,"href":"https:\/\/cncrush.com\/de\/wp-json\/wp\/v2\/pages\/43\/revisions"}],"wp:attachment":[{"href":"https:\/\/cncrush.com\/de\/wp-json\/wp\/v2\/media?parent=43"}],"curies":[{"name":"wp","href":"https:\/\/api.w.org\/{rel}","templated":true}]}}