{"id":12,"date":"2024-09-29T03:47:11","date_gmt":"2024-09-29T03:47:11","guid":{"rendered":"https:\/\/cncrush.com\/?page_id=12"},"modified":"2024-12-20T13:30:54","modified_gmt":"2024-12-20T13:30:54","slug":"sobre-nosotros","status":"publish","type":"page","link":"https:\/\/cncrush.com\/es\/sobre-nosotros\/","title":{"rendered":"Sobre nosotros"},"content":{"rendered":"<section class=\"section\" id=\"section_672191639\">\n\t\t<div class=\"section-bg fill\" >\n\t\t\t\t\t\t\t\t\t\n\t\t\t\n\n\t\t<\/div>\n\n\t\t\n\n\t\t<div class=\"section-content relative\">\n\t\t\t\n<div class=\"row align-center\"  id=\"row-605447749\">\n\n\t<div id=\"col-664805493\" class=\"col medium-11 small-12 large-10\"  >\n\t\t\t\t<div class=\"col-inner\"  >\n\t\t\t\n\t\t\t\n<div class=\"row row-large align-middle\"  id=\"row-433603495\">\n\n\t<div id=\"col-1650471957\" class=\"col medium-4 small-12 large-6\"  >\n\t\t\t\t<div class=\"col-inner\"  >\n\t\t\t\n\t\t\t\n\n  <div class=\"banner has-hover\" id=\"banner-738715079\">\n          <div class=\"banner-inner fill\">\n        <div class=\"banner-bg fill\" >\n            <img loading=\"lazy\" decoding=\"async\" width=\"1020\" height=\"876\" src=\"https:\/\/cncrush.com\/wp-content\/uploads\/2024\/12\/Machines-1-1024x879.jpg\" class=\"bg attachment-large size-large\" alt=\"\" title=\"\">                                    \n                    <\/div>\n\t\t\n        <div class=\"banner-layers container\">\n            <div class=\"fill banner-link\"><\/div>            \n   <div id=\"text-box-2135960263\" class=\"text-box banner-layer x50 md-x50 lg-x50 y50 md-y50 lg-y50 res-text\">\n                                <div class=\"text-box-content text dark\">\n              \n              <div class=\"text-inner text-center\">\n                  \n              <\/div>\n           <\/div>\n                            \n<style>\n#text-box-2135960263 {\n  width: 60%;\n}\n#text-box-2135960263 .text-box-content {\n  font-size: 100%;\n}\n@media (min-width:550px) {\n  #text-box-2135960263 {\n    width: 60%;\n  }\n}\n<\/style>\n    <\/div>\n \n        <\/div>\n      <\/div>\n\n            \n<style>\n#banner-738715079 {\n  padding-top: 300px;\n}\n@media (min-width:550px) {\n  #banner-738715079 {\n    padding-top: 79.66%;\n  }\n}\n<\/style>\n  <\/div>\n\n\n\t\t<\/div>\n\t\t\t\t\t<\/div>\n\n\t\n\n\t<div id=\"col-346861004\" class=\"col medium-8 small-12 large-6\"  >\n\t\t\t\t<div class=\"col-inner\"  >\n\t\t\t\n\t\t\t\n<h3>Nuestros humildes comienzos <\/h3>\n<p>En 2012, Mike, nuestro fundador, comenz\u00f3 con solo dos m\u00e1quinas CNC y la visi\u00f3n de ofrecer precisi\u00f3n y calidad. En aquel entonces, atend\u00edamos \u00fanicamente al mercado nacional, fabricando piezas personalizadas para una amplia gama de industrias. Desde peque\u00f1os talleres hasta grandes f\u00e1bricas, la dedicaci\u00f3n y el enfoque pr\u00e1ctico de Mike construyeron una reputaci\u00f3n de confiabilidad y excelencia, sentando las bases de lo que somos hoy.<\/p>\n\t\t<\/div>\n\t\t\t\t\t<\/div>\n\n\t\n<\/div>\n<div class=\"row row-large align-middle\"  id=\"row-101124731\">\n\n\t<div id=\"col-1701421931\" class=\"col medium-8 small-12 large-6\"  >\n\t\t\t\t<div class=\"col-inner\"  >\n\t\t\t\n\t\t\t\n<h3>Ampliando horizontes<\/h3>\n<p>A medida que crec\u00eda la demanda, tambi\u00e9n crec\u00eda nuestra ambici\u00f3n. En 2015, ampliamos nuestras operaciones para atender a clientes en Europa, Estados Unidos y Australia. En el camino, refinamos nuestra experiencia y comenzamos a centrarnos en industrias clave como componentes automotrices, dispositivos m\u00e9dicos, piezas electr\u00f3nicas y equipos de automatizaci\u00f3n. Estos sectores especializados se convirtieron en la piedra angular de nuestro crecimiento e innovaci\u00f3n.<\/p>\n\t\t<\/div>\n\t\t\t\t\t<\/div>\n\n\t\n\n\t<div id=\"col-1585498719\" class=\"col medium-4 small-12 large-6 medium-col-first\"  >\n\t\t\t\t<div class=\"col-inner\"  >\n\t\t\t\n\t\t\t\n\n  <div class=\"banner has-hover\" id=\"banner-829187797\">\n          <div class=\"banner-inner fill\">\n        <div class=\"banner-bg fill\" >\n            <img loading=\"lazy\" decoding=\"async\" width=\"507\" height=\"494\" src=\"https:\/\/cncrush.com\/wp-content\/uploads\/2024\/12\/About-us-2.png\" class=\"bg attachment-large size-large\" alt=\"\" title=\"\">                                    \n                    <\/div>\n\t\t\n        <div class=\"banner-layers container\">\n            <div class=\"fill banner-link\"><\/div>            \n   <div id=\"text-box-1942231884\" class=\"text-box banner-layer x50 md-x50 lg-x50 y50 md-y50 lg-y50 res-text\">\n                                <div class=\"text-box-content text dark\">\n              \n              <div class=\"text-inner text-center\">\n                  \n              <\/div>\n           <\/div>\n                            \n<style>\n#text-box-1942231884 {\n  width: 60%;\n}\n#text-box-1942231884 .text-box-content {\n  font-size: 100%;\n}\n@media (min-width:550px) {\n  #text-box-1942231884 {\n    width: 60%;\n  }\n}\n<\/style>\n    <\/div>\n \n        <\/div>\n      <\/div>\n\n            \n<style>\n#banner-829187797 {\n  padding-top: 300px;\n}\n@media (min-width:550px) {\n  #banner-829187797 {\n    padding-top: 61.03%;\n  }\n}\n<\/style>\n  <\/div>\n\n\n\t\t<\/div>\n\t\t\t\t\t<\/div>\n\n\t\n<\/div>\n<div class=\"row row-large align-middle\"  id=\"row-1443886183\">\n\n\t<div id=\"col-1308526157\" class=\"col medium-4 small-12 large-6\"  >\n\t\t\t\t<div class=\"col-inner\"  >\n\t\t\t\n\t\t\t\n\n  <div class=\"banner has-hover\" id=\"banner-670540253\">\n          <div class=\"banner-inner fill\">\n        <div class=\"banner-bg fill\" >\n            <img loading=\"lazy\" decoding=\"async\" width=\"1020\" height=\"680\" src=\"https:\/\/cncrush.com\/wp-content\/uploads\/2024\/12\/Machines-2-1024x683.jpg\" class=\"bg attachment-large size-large\" alt=\"cnc milling\" title=\"\">                                    \n                    <\/div>\n\t\t\n        <div class=\"banner-layers container\">\n            <div class=\"fill banner-link\"><\/div>            \n   <div id=\"text-box-1825258418\" class=\"text-box banner-layer x50 md-x50 lg-x50 y50 md-y50 lg-y50 res-text\">\n                                <div class=\"text-box-content text dark\">\n              \n              <div class=\"text-inner text-center\">\n                  \n              <\/div>\n           <\/div>\n                            \n<style>\n#text-box-1825258418 {\n  width: 60%;\n}\n#text-box-1825258418 .text-box-content {\n  font-size: 100%;\n}\n@media (min-width:550px) {\n  #text-box-1825258418 {\n    width: 60%;\n  }\n}\n<\/style>\n    <\/div>\n \n        <\/div>\n      <\/div>\n\n            \n<style>\n#banner-670540253 {\n  padding-top: 300px;\n}\n@media (min-width:550px) {\n  #banner-670540253 {\n    padding-top: 70.63%;\n  }\n}\n<\/style>\n  <\/div>\n\n\n\t\t<\/div>\n\t\t\t\t\t<\/div>\n\n\t\n\n\t<div id=\"col-1535197799\" class=\"col medium-8 small-12 large-6\"  >\n\t\t\t\t<div class=\"col-inner\"  >\n\t\t\t\n\t\t\t\n<h3>Un equipo pr\u00f3spero con una visi\u00f3n global<\/h3>\n<p>Nuestro equipo creci\u00f3 junto con nuestro negocio. De 8 profesionales capacitados en 2018 a m\u00e1s de 20 personas talentosas en 2024, hemos recorrido un largo camino. Cada miembro de nuestro equipo comparte un compromiso con la precisi\u00f3n, la calidad y la satisfacci\u00f3n del cliente. Hoy, estamos orgullosos de brindar servicios de mecanizado CNC de clase mundial a los mercados globales, respaldados por m\u00e1s de una d\u00e9cada de experiencia y una pasi\u00f3n por la mejora continua.<\/p>\n\t\t<\/div>\n\t\t\t\t\t<\/div>\n\n\t\n<\/div>\n<div class=\"row align-center\"  id=\"row-248013236\">\n\n\t<div id=\"col-1908099485\" class=\"col medium-9 small-10 large-12\"  >\n\t\t\t\t<div class=\"col-inner text-center\"  >\n\t\t\t\n\t\t\t\n\t<div id=\"text-2528655124\" class=\"text\">\n\t\t\n<p>En CNCRUSH, estamos comprometidos con <strong>Calidad, precisi\u00f3n e innovaci\u00f3n.<\/strong>. Ya sea que necesite peque\u00f1as tiradas de prototipos o grandes lotes de producci\u00f3n, somos su socio de confianza para el mecanizado CNC, garantizando la excelencia en cada etapa de la producci\u00f3n.<\/p>\n<p>Te invitamos a colaborar con CNCRUSH, donde <strong>la precisi\u00f3n se une a la confiabilidad<\/strong>. Construyamos juntos algo extraordinario.<br \/>\n\t\t\n<style>\n#text-2528655124 {\n  text-align: left;\n}\n<\/style>\n\t<\/div>\n\t\n<a href=\"https:\/\/cncrush.com\/es\/enviar-consulta\/\" class=\"button secondary\"  style=\"border-radius:4px;\">\n\t\t<span>Enviar consulta<\/span>\n\t<\/a>\n\n\t\t<\/div>\n\t\t\t\t\n<style>\n#col-1908099485 > .col-inner {\n  margin: 20px 0px 20px 0px;\n}\n<\/style>\n\t<\/div>\n\n\t\n<\/div>\n\t\t<\/div>\n\t\t\t\t\t<\/div>\n\n\t\n<\/div>\n\t\t<\/div>\n\n\t\t\n<style>\n#section_672191639 {\n  padding-top: 80px;\n  padding-bottom: 80px;\n  background-color: rgb(244, 244, 244);\n}\n<\/style>\n\t<\/section>","protected":false},"excerpt":{"rendered":"","protected":false},"author":1,"featured_media":103,"parent":0,"menu_order":0,"comment_status":"closed","ping_status":"closed","template":"page-blank.php","meta":{"footnotes":""},"class_list":["post-12","page","type-page","status-publish","has-post-thumbnail","hentry"],"_links":{"self":[{"href":"https:\/\/cncrush.com\/es\/wp-json\/wp\/v2\/pages\/12","targetHints":{"allow":["GET"]}}],"collection":[{"href":"https:\/\/cncrush.com\/es\/wp-json\/wp\/v2\/pages"}],"about":[{"href":"https:\/\/cncrush.com\/es\/wp-json\/wp\/v2\/types\/page"}],"author":[{"embeddable":true,"href":"https:\/\/cncrush.com\/es\/wp-json\/wp\/v2\/users\/1"}],"replies":[{"embeddable":true,"href":"https:\/\/cncrush.com\/es\/wp-json\/wp\/v2\/comments?post=12"}],"version-history":[{"count":0,"href":"https:\/\/cncrush.com\/es\/wp-json\/wp\/v2\/pages\/12\/revisions"}],"wp:featuredmedia":[{"embeddable":true,"href":"https:\/\/cncrush.com\/es\/wp-json\/wp\/v2\/media\/103"}],"wp:attachment":[{"href":"https:\/\/cncrush.com\/es\/wp-json\/wp\/v2\/media?parent=12"}],"curies":[{"name":"wp","href":"https:\/\/api.w.org\/{rel}","templated":true}]}}