{"id":12,"date":"2024-09-29T03:47:11","date_gmt":"2024-09-29T03:47:11","guid":{"rendered":"https:\/\/cncrush.com\/?page_id=12"},"modified":"2024-12-20T13:30:54","modified_gmt":"2024-12-20T13:30:54","slug":"meista","status":"publish","type":"page","link":"https:\/\/cncrush.com\/fi\/meista\/","title":{"rendered":"Tietoja meist\u00e4"},"content":{"rendered":"<section class=\"section\" id=\"section_103423253\">\n\t\t<div class=\"section-bg fill\" >\n\t\t\t\t\t\t\t\t\t\n\t\t\t\n\n\t\t<\/div>\n\n\t\t\n\n\t\t<div class=\"section-content relative\">\n\t\t\t\n<div class=\"row align-center\"  id=\"row-1018917536\">\n\n\t<div id=\"col-1255785561\" class=\"col medium-11 small-12 large-10\"  >\n\t\t\t\t<div class=\"col-inner\"  >\n\t\t\t\n\t\t\t\n<div class=\"row row-large align-middle\"  id=\"row-773023290\">\n\n\t<div id=\"col-704340995\" class=\"col medium-4 small-12 large-6\"  >\n\t\t\t\t<div class=\"col-inner\"  >\n\t\t\t\n\t\t\t\n\n  <div class=\"banner has-hover\" id=\"banner-336443650\">\n          <div class=\"banner-inner fill\">\n        <div class=\"banner-bg fill\" >\n            <img loading=\"lazy\" decoding=\"async\" width=\"1020\" height=\"876\" src=\"https:\/\/cncrush.com\/wp-content\/uploads\/2024\/12\/Machines-1-1024x879.jpg\" class=\"bg attachment-large size-large\" alt=\"\" title=\"\">                                    \n                    <\/div>\n\t\t\n        <div class=\"banner-layers container\">\n            <div class=\"fill banner-link\"><\/div>            \n   <div id=\"text-box-1473071396\" class=\"text-box banner-layer x50 md-x50 lg-x50 y50 md-y50 lg-y50 res-text\">\n                                <div class=\"text-box-content text dark\">\n              \n              <div class=\"text-inner text-center\">\n                  \n              <\/div>\n           <\/div>\n                            \n<style>\n#text-box-1473071396 {\n  width: 60%;\n}\n#text-box-1473071396 .text-box-content {\n  font-size: 100%;\n}\n@media (min-width:550px) {\n  #text-box-1473071396 {\n    width: 60%;\n  }\n}\n<\/style>\n    <\/div>\n \n        <\/div>\n      <\/div>\n\n            \n<style>\n#banner-336443650 {\n  padding-top: 300px;\n}\n@media (min-width:550px) {\n  #banner-336443650 {\n    padding-top: 79.66%;\n  }\n}\n<\/style>\n  <\/div>\n\n\n\t\t<\/div>\n\t\t\t\t\t<\/div>\n\n\t\n\n\t<div id=\"col-1595542911\" class=\"col medium-8 small-12 large-6\"  >\n\t\t\t\t<div class=\"col-inner\"  >\n\t\t\t\n\t\t\t\n<h3>Meid\u00e4n n\u00f6yr\u00e4 alku <\/h3>\n<p>Vuonna 2012 perustajamme Mike aloitti vain kahdella CNC-koneella ja visiolla tuottaa tarkkuutta ja laatua. Tuolloin palvelimme vain kotimarkkinoita ja valmistimme r\u00e4\u00e4t\u00e4l\u00f6ityj\u00e4 osia useille eri toimialoille. Pienist\u00e4 ty\u00f6pajoista suuriin tehtaisiin Miken omistautuminen ja k\u00e4yt\u00e4nn\u00f6nl\u00e4heinen l\u00e4hestymistapa loivat mainetta luotettavuudesta ja erinomaisuudesta, mik\u00e4 loi perustan nykyisellemme.<\/p>\n\t\t<\/div>\n\t\t\t\t\t<\/div>\n\n\t\n<\/div>\n<div class=\"row row-large align-middle\"  id=\"row-381231224\">\n\n\t<div id=\"col-2010429920\" class=\"col medium-8 small-12 large-6\"  >\n\t\t\t\t<div class=\"col-inner\"  >\n\t\t\t\n\t\t\t\n<h3>Horisonttien laajentaminen<\/h3>\n<p>Kun kysynt\u00e4 kasvoi, my\u00f6s kunnianhimomme kasvoi. Vuoteen 2015 menness\u00e4 laajensimme toimintaamme palvelemaan asiakkaita Euroopassa, Yhdysvalloissa ja Australiassa. Matkan varrella hioimme osaamistamme ja aloimme keskitty\u00e4 avaintoimialoihin, kuten autokomponentteihin, l\u00e4\u00e4ketieteellisiin laitteisiin, elektronisiin osiin ja automaatiolaitteisiin. N\u00e4ist\u00e4 erikoisaloista tuli kasvumme ja innovaatiomme kulmakivi.<\/p>\n\t\t<\/div>\n\t\t\t\t\t<\/div>\n\n\t\n\n\t<div id=\"col-548308495\" class=\"col medium-4 small-12 large-6 medium-col-first\"  >\n\t\t\t\t<div class=\"col-inner\"  >\n\t\t\t\n\t\t\t\n\n  <div class=\"banner has-hover\" id=\"banner-1322431240\">\n          <div class=\"banner-inner fill\">\n        <div class=\"banner-bg fill\" >\n            <img loading=\"lazy\" decoding=\"async\" width=\"507\" height=\"494\" src=\"https:\/\/cncrush.com\/wp-content\/uploads\/2024\/12\/About-us-2.png\" class=\"bg attachment-large size-large\" alt=\"\" title=\"\">                                    \n                    <\/div>\n\t\t\n        <div class=\"banner-layers container\">\n            <div class=\"fill banner-link\"><\/div>            \n   <div id=\"text-box-1890457868\" class=\"text-box banner-layer x50 md-x50 lg-x50 y50 md-y50 lg-y50 res-text\">\n                                <div class=\"text-box-content text dark\">\n              \n              <div class=\"text-inner text-center\">\n                  \n              <\/div>\n           <\/div>\n                            \n<style>\n#text-box-1890457868 {\n  width: 60%;\n}\n#text-box-1890457868 .text-box-content {\n  font-size: 100%;\n}\n@media (min-width:550px) {\n  #text-box-1890457868 {\n    width: 60%;\n  }\n}\n<\/style>\n    <\/div>\n \n        <\/div>\n      <\/div>\n\n            \n<style>\n#banner-1322431240 {\n  padding-top: 300px;\n}\n@media (min-width:550px) {\n  #banner-1322431240 {\n    padding-top: 61.03%;\n  }\n}\n<\/style>\n  <\/div>\n\n\n\t\t<\/div>\n\t\t\t\t\t<\/div>\n\n\t\n<\/div>\n<div class=\"row row-large align-middle\"  id=\"row-162248197\">\n\n\t<div id=\"col-780284518\" class=\"col medium-4 small-12 large-6\"  >\n\t\t\t\t<div class=\"col-inner\"  >\n\t\t\t\n\t\t\t\n\n  <div class=\"banner has-hover\" id=\"banner-1146405002\">\n          <div class=\"banner-inner fill\">\n        <div class=\"banner-bg fill\" >\n            <img loading=\"lazy\" decoding=\"async\" width=\"1020\" height=\"680\" src=\"https:\/\/cncrush.com\/wp-content\/uploads\/2024\/12\/Machines-2-1024x683.jpg\" class=\"bg attachment-large size-large\" alt=\"cnc milling\" title=\"\">                                    \n                    <\/div>\n\t\t\n        <div class=\"banner-layers container\">\n            <div class=\"fill banner-link\"><\/div>            \n   <div id=\"text-box-503758660\" class=\"text-box banner-layer x50 md-x50 lg-x50 y50 md-y50 lg-y50 res-text\">\n                                <div class=\"text-box-content text dark\">\n              \n              <div class=\"text-inner text-center\">\n                  \n              <\/div>\n           <\/div>\n                            \n<style>\n#text-box-503758660 {\n  width: 60%;\n}\n#text-box-503758660 .text-box-content {\n  font-size: 100%;\n}\n@media (min-width:550px) {\n  #text-box-503758660 {\n    width: 60%;\n  }\n}\n<\/style>\n    <\/div>\n \n        <\/div>\n      <\/div>\n\n            \n<style>\n#banner-1146405002 {\n  padding-top: 300px;\n}\n@media (min-width:550px) {\n  #banner-1146405002 {\n    padding-top: 70.63%;\n  }\n}\n<\/style>\n  <\/div>\n\n\n\t\t<\/div>\n\t\t\t\t\t<\/div>\n\n\t\n\n\t<div id=\"col-2012100271\" class=\"col medium-8 small-12 large-6\"  >\n\t\t\t\t<div class=\"col-inner\"  >\n\t\t\t\n\t\t\t\n<h3>Kukoistava tiimi globaalilla visiolla<\/h3>\n<p>Tiimimme kasvoi liiketoimintamme rinnalla. Kahdeksasta ammattitaitoisesta ammattilaisesta vuonna 2018 yli 20 lahjakkaaseen henkil\u00f6\u00f6n vuonna 2024, olemme p\u00e4\u00e4sseet pitk\u00e4lle. Jokainen tiimimme j\u00e4sen on sitoutunut tarkkuuteen, laatuun ja asiakastyytyv\u00e4isyyteen. Nyky\u00e4\u00e4n tarjoamme ylpe\u00e4n\u00e4 maailmanluokan CNC-ty\u00f6st\u00f6palveluita globaaleille markkinoille, ja sen takana on yli vuosikymmenen kokemus ja intohimo jatkuvaan parantamiseen.<\/p>\n\t\t<\/div>\n\t\t\t\t\t<\/div>\n\n\t\n<\/div>\n<div class=\"row align-center\"  id=\"row-254076660\">\n\n\t<div id=\"col-1965349105\" class=\"col medium-9 small-10 large-12\"  >\n\t\t\t\t<div class=\"col-inner text-center\"  >\n\t\t\t\n\t\t\t\n\t<div id=\"text-3232836906\" class=\"text\">\n\t\t\n<p>CNCRUSHilla olemme sitoutuneet <strong>laatu, tarkkuus ja innovaatiot<\/strong>. Tarvitsetpa pieni\u00e4 prototyyppisarjoja tai suuria tuotantoeri\u00e4, olemme luotettu kumppanisi CNC-koneistuksessa ja varmistamme huippuosaamisen kaikissa tuotannon vaiheissa.<\/p>\n<p>Kutsumme sinut tekem\u00e4\u00e4n yhteisty\u00f6t\u00e4 CNCRUSHin kanssa, miss\u00e4 <strong>tarkkuus kohtaa luotettavuuden<\/strong>. Rakennetaan yhdess\u00e4 jotain ainutlaatuista.<br \/>\n\t\t\n<style>\n#text-3232836906 {\n  text-align: left;\n}\n<\/style>\n\t<\/div>\n\t\n<a href=\"https:\/\/cncrush.com\/fi\/laheta-tiedustelu\/\" class=\"button secondary\"  style=\"border-radius:4px;\">\n\t\t<span>L\u00e4het\u00e4 kysely<\/span>\n\t<\/a>\n\n\t\t<\/div>\n\t\t\t\t\n<style>\n#col-1965349105 > .col-inner {\n  margin: 20px 0px 20px 0px;\n}\n<\/style>\n\t<\/div>\n\n\t\n<\/div>\n\t\t<\/div>\n\t\t\t\t\t<\/div>\n\n\t\n<\/div>\n\t\t<\/div>\n\n\t\t\n<style>\n#section_103423253 {\n  padding-top: 80px;\n  padding-bottom: 80px;\n  background-color: rgb(244, 244, 244);\n}\n<\/style>\n\t<\/section>","protected":false},"excerpt":{"rendered":"","protected":false},"author":1,"featured_media":103,"parent":0,"menu_order":0,"comment_status":"closed","ping_status":"closed","template":"page-blank.php","meta":{"footnotes":""},"class_list":["post-12","page","type-page","status-publish","has-post-thumbnail","hentry"],"_links":{"self":[{"href":"https:\/\/cncrush.com\/fi\/wp-json\/wp\/v2\/pages\/12","targetHints":{"allow":["GET"]}}],"collection":[{"href":"https:\/\/cncrush.com\/fi\/wp-json\/wp\/v2\/pages"}],"about":[{"href":"https:\/\/cncrush.com\/fi\/wp-json\/wp\/v2\/types\/page"}],"author":[{"embeddable":true,"href":"https:\/\/cncrush.com\/fi\/wp-json\/wp\/v2\/users\/1"}],"replies":[{"embeddable":true,"href":"https:\/\/cncrush.com\/fi\/wp-json\/wp\/v2\/comments?post=12"}],"version-history":[{"count":0,"href":"https:\/\/cncrush.com\/fi\/wp-json\/wp\/v2\/pages\/12\/revisions"}],"wp:featuredmedia":[{"embeddable":true,"href":"https:\/\/cncrush.com\/fi\/wp-json\/wp\/v2\/media\/103"}],"wp:attachment":[{"href":"https:\/\/cncrush.com\/fi\/wp-json\/wp\/v2\/media?parent=12"}],"curies":[{"name":"wp","href":"https:\/\/api.w.org\/{rel}","templated":true}]}}