{"id":31,"date":"2024-09-29T03:50:09","date_gmt":"2024-09-29T03:50:09","guid":{"rendered":"https:\/\/cncrush.com\/?page_id=31"},"modified":"2024-12-20T14:11:01","modified_gmt":"2024-12-20T14:11:01","slug":"koneenrakennus-ja-automaatio","status":"publish","type":"page","link":"https:\/\/cncrush.com\/fi\/koneenrakennus-ja-automaatio\/","title":{"rendered":"Koneenrakennus ja automaatio"},"content":{"rendered":"<section class=\"section dark\" id=\"section_668554825\">\n\t\t<div class=\"section-bg fill\" >\n\t\t\t<img loading=\"lazy\" decoding=\"async\" width=\"2100\" height=\"700\" src=\"https:\/\/cncrush.com\/wp-content\/uploads\/2024\/10\/machine-building-automation.webp\" class=\"bg attachment- size-\" alt=\"\" title=\"\">\t\t\t\t\t\t<div class=\"section-bg-overlay absolute fill\"><\/div><button class=\"scroll-for-more z-5 icon absolute bottom h-center\" aria-label=\"Vierit\u00e4 n\u00e4hd\u00e4ksesi lis\u00e4\u00e4\"><i class=\"icon-angle-down\" style=\"font-size:42px;\" ><\/i><\/button>\n\t\t\t\n\n\t\t<\/div>\n\n\t\t\n\n\t\t<div class=\"section-content relative\">\n\t\t\t\n<div class=\"row align-center\"  id=\"row-435058756\">\n\n\t<div id=\"col-280453105\" class=\"col medium-10 small-12 large-10\"  >\n\t\t\t\t<div class=\"col-inner text-center\"  >\n\t\t\t\n\t\t\t\n\t<div id=\"text-3827603182\" class=\"text\">\n\t\t\n<h1>Koneenrakennus- ja automaatio-CNC-palvelut<\/h1>\n\t\t\n<style>\n#text-3827603182 {\n  font-size: 1.35rem;\n}\n@media (min-width:550px) {\n  #text-3827603182 {\n    font-size: 2rem;\n  }\n}\n<\/style>\n\t<\/div>\n\t\n<div class=\"row\"  id=\"row-2059629039\">\n\n\t<div id=\"col-1472486096\" class=\"col medium-9 small-12 large-9\"  >\n\t\t\t\t<div class=\"col-inner\"  >\n\t\t\t\n\t\t\t\n<p>CNCRUSHilla valmistamme kaikki osat koneisiisi tai laitteihisi luotettavasti, kustannustehokkaasti ja korkeimmalla laadulla. Sertifioitu ISO 9001:2015 ja ISO 14001, takaamme oikea-aikaiset toimitukset ja poikkeukselliset standardit kaikille komponenteille.<\/p>\n\t\t<\/div>\n\t\t\t\t\t<\/div>\n\n\t\n<\/div>\n\t\t<\/div>\n\t\t\t\t\t<\/div>\n\n\t\n<\/div>\n\t\t<\/div>\n\n\t\t\n<style>\n#section_668554825 {\n  padding-top: 30px;\n  padding-bottom: 30px;\n  min-height: 100px;\n}\n#section_668554825 .section-bg-overlay {\n  background-color: rgba(0, 0, 0, 0.384);\n}\n#section_668554825 .section-bg img {\n  object-position: 53% 58%;\n}\n@media (min-width:550px) {\n  #section_668554825 {\n    min-height: 600px;\n  }\n}\n<\/style>\n\t<\/section>\n\t\n\n\t<section class=\"section\" id=\"section_1994438347\">\n\t\t<div class=\"section-bg fill\" >\n\t\t\t\t\t\t\t\t\t\n\t\t\t\n\n\t\t<\/div>\n\n\t\t\n\n\t\t<div class=\"section-content relative\">\n\t\t\t\n<div class=\"row row-large steps-simple-headline\"  id=\"row-1570349838\">\n\n\t<div id=\"col-1119825779\" class=\"col medium-8 small-12 large-12\"  >\n\t\t\t\t<div class=\"col-inner\"  >\n\t\t\t\n\t\t\t\n<div class=\"row row-collapse\"  id=\"row-1310846412\">\n\n\t<div id=\"col-1694340285\" class=\"col medium-1 small-2 large-1\"  >\n\t\t\t\t<div class=\"col-inner\"  >\n\t\t\t\n\t\t\t\n<h2>01<\/h2>\n\t\t<\/div>\n\t\t\t\t\t<\/div>\n\n\t\n\n\t<div id=\"col-909983097\" class=\"col medium-11 small-10 large-11\"  >\n\t\t\t\t<div class=\"col-inner\"  >\n\t\t\t\n\t\t\t\n<h3>Valmistamamme osat<\/h3>\n<p>Asiantuntemuksemme kattaa erilaisia \u200b\u200bmateriaaleja, mukaan lukien alumiinin, ter\u00e4ksen, kuparin ja muovit, esimerkiksi:<\/p>\n<ul>\n<li>Rungot, kotelot, lohkot<\/li>\n<li>Kiinnitys-, s\u00e4\u00e4t\u00f6- ja liitoselementit<\/li>\n<li>Listat ja profiilit<\/li>\n<li>Hihat, renkaat, mutterit, akselit ja akselit<\/li>\n<li>Pitimet<\/li>\n<li>Levyt<\/li>\n<\/ul>\n\t\t<\/div>\n\t\t\t\t\t<\/div>\n\n\t\n<\/div>\n<div class=\"is-divider divider clearfix\" style=\"margin-top:10px;margin-bottom:10px;max-width:100%;height:1px;\"><\/div>\n<div class=\"row row-collapse\"  id=\"row-1123938611\">\n\n\t<div id=\"col-67802954\" class=\"col medium-1 small-2 large-1\"  >\n\t\t\t\t<div class=\"col-inner\"  >\n\t\t\t\n\t\t\t\n<h2>02<\/h2>\n\t\t<\/div>\n\t\t\t\t\t<\/div>\n\n\t\n\n\t<div id=\"col-298894786\" class=\"col medium-11 small-10 large-11\"  >\n\t\t\t\t<div class=\"col-inner\"  >\n\t\t\t\n\t\t\t\n<h3>Prosessimme<\/h3>\n<p>CNCRUSHilla laatu on t\u00e4rkein prioriteettimme.<\/p>\n<ul>\n<li><strong>100% laadunvalvonta:<\/strong> Laadunvalvontatiimimme on hyv\u00e4ksynyt jokaisen osan tuotantoon, ja prosessin jatkuva seuranta perustuu yksityiskohtaiseen valvontasuunnitelmaan.<\/li>\n<li><strong>Raportointi:<\/strong> Pyynn\u00f6st\u00e4 tarjoamme <strong>PPAP<\/strong> ja <strong>8D raportit<\/strong> varmistaaksesi vaatimustenmukaisuuden.<\/li>\n<\/ul>\n\t\t<\/div>\n\t\t\t\t\t<\/div>\n\n\t\n<\/div>\n<div class=\"is-divider divider clearfix\" style=\"margin-top:10px;margin-bottom:10px;max-width:100%;height:1px;\"><\/div>\n<div class=\"row row-collapse align-middle\"  id=\"row-774057595\">\n\n\t<div id=\"col-1975381730\" class=\"col medium-1 small-2 large-1\"  >\n\t\t\t\t<div class=\"col-inner\"  >\n\t\t\t\n\t\t\t\n<h2>03<\/h2>\n\t\t<\/div>\n\t\t\t\t\t<\/div>\n\n\t\n\n\t<div id=\"col-1608870761\" class=\"col medium-11 small-10 large-11\"  >\n\t\t\t\t<div class=\"col-inner\"  >\n\t\t\t\n\t\t\t\n<h3>Laadunvarmistus<\/h3>\n<p>CNCRUSHilla laatu on t\u00e4rkein prioriteettimme.<\/p>\n<ul>\n<li><strong>100% laadunvalvonta:<\/strong> Laadunvalvontatiimimme on hyv\u00e4ksynyt jokaisen osan tuotantoon, ja prosessin jatkuva seuranta perustuu yksityiskohtaiseen valvontasuunnitelmaan.<\/li>\n<li><strong>Raportointi:<\/strong> Pyynn\u00f6st\u00e4 tarjoamme <strong>Ensimm\u00e4isen artikkelin tarkastuksen (FAI) raportit ja<\/strong> <strong>8D raportit<\/strong> varmistaaksesi vaatimustenmukaisuuden.<\/li>\n<\/ul>\n\t\t<\/div>\n\t\t\t\t\t<\/div>\n\n\t\n<\/div>\n\t\t<\/div>\n\t\t\t\t\t<\/div>\n\n\t\n<\/div>\n\t\t<\/div>\n\n\t\t\n<style>\n#section_1994438347 {\n  padding-top: 60px;\n  padding-bottom: 60px;\n}\n<\/style>\n\t<\/section>\n\t\n<div class=\"row row-collapse row-full-width\"  id=\"row-1647897206\">\n\n\t<div id=\"col-1087178080\" class=\"col small-12 large-12\"  >\n\t\t\t\t<div class=\"col-inner text-center dark\"  >\n\t\t\t\n\t\t\t\n\n  <div class=\"banner has-hover\" id=\"banner-1745565798\">\n          <div class=\"banner-inner fill\">\n        <div class=\"banner-bg fill\" >\n            <img loading=\"lazy\" decoding=\"async\" width=\"1020\" height=\"421\" src=\"https:\/\/cncrush.com\/wp-content\/uploads\/2024\/09\/milled-stainless-steel-background-1024x423.webp\" class=\"bg attachment-large size-large\" alt=\"\" title=\"\">                        <div class=\"overlay\"><\/div>            \n                    <\/div>\n\t\t\n        <div class=\"banner-layers container\">\n            <div class=\"fill banner-link\"><\/div>            \n   <div id=\"text-box-1181929409\" class=\"text-box banner-layer x50 md-x50 lg-x50 y50 md-y50 lg-y50 res-text\">\n                                <div class=\"text-box-content text dark\">\n              \n              <div class=\"text-inner text-center\">\n                  \n\t<div id=\"text-3917003209\" class=\"text\">\n\t\t\n<h3>Kiinnostunut? Pyyd\u00e4 ilmainen tarjous jo t\u00e4n\u00e4\u00e4n!<\/h3>\n\t\t\n<style>\n#text-3917003209 {\n  font-size: 0.75rem;\n  text-align: center;\n}\n<\/style>\n\t<\/div>\n\t\n<a href=\"https:\/\/cncrush.com\/fi\/laheta-tiedustelu\/\" class=\"button alert\"  >\n\t\t<span>L\u00e4het\u00e4 kyselysi<\/span>\n\t<\/a>\n\n              <\/div>\n           <\/div>\n                            \n<style>\n#text-box-1181929409 {\n  width: 100%;\n}\n#text-box-1181929409 .text-box-content {\n  font-size: 100%;\n}\n@media (min-width:550px) {\n  #text-box-1181929409 {\n    width: 94%;\n  }\n}\n<\/style>\n    <\/div>\n \n        <\/div>\n      <\/div>\n\n            \n<style>\n#banner-1745565798 {\n  padding-top: 99.99%;\n}\n#banner-1745565798 .overlay {\n  background-color: rgba(0, 0, 0, 0.17);\n}\n#banner-1745565798 .banner-bg img {\n  object-position: 47% 60%;\n}\n@media (min-width:550px) {\n  #banner-1745565798 {\n    padding-top: 105px;\n  }\n}\n<\/style>\n  <\/div>\n\n\n\t\t<\/div>\n\t\t\t\t\t<\/div>\n\n\t\n<\/div>","protected":false},"excerpt":{"rendered":"","protected":false},"author":1,"featured_media":0,"parent":0,"menu_order":0,"comment_status":"closed","ping_status":"closed","template":"page-blank.php","meta":{"footnotes":""},"class_list":["post-31","page","type-page","status-publish","hentry"],"_links":{"self":[{"href":"https:\/\/cncrush.com\/fi\/wp-json\/wp\/v2\/pages\/31","targetHints":{"allow":["GET"]}}],"collection":[{"href":"https:\/\/cncrush.com\/fi\/wp-json\/wp\/v2\/pages"}],"about":[{"href":"https:\/\/cncrush.com\/fi\/wp-json\/wp\/v2\/types\/page"}],"author":[{"embeddable":true,"href":"https:\/\/cncrush.com\/fi\/wp-json\/wp\/v2\/users\/1"}],"replies":[{"embeddable":true,"href":"https:\/\/cncrush.com\/fi\/wp-json\/wp\/v2\/comments?post=31"}],"version-history":[{"count":0,"href":"https:\/\/cncrush.com\/fi\/wp-json\/wp\/v2\/pages\/31\/revisions"}],"wp:attachment":[{"href":"https:\/\/cncrush.com\/fi\/wp-json\/wp\/v2\/media?parent=31"}],"curies":[{"name":"wp","href":"https:\/\/api.w.org\/{rel}","templated":true}]}}