{"id":33,"date":"2024-09-29T03:50:17","date_gmt":"2024-09-29T03:50:17","guid":{"rendered":"https:\/\/cncrush.com\/?page_id=33"},"modified":"2024-12-20T14:14:01","modified_gmt":"2024-12-20T14:14:01","slug":"kuluttajatuotteet","status":"publish","type":"page","link":"https:\/\/cncrush.com\/fi\/kuluttajatuotteet\/","title":{"rendered":"Kuluttajatuotteet"},"content":{"rendered":"<section class=\"section dark\" id=\"section_168573848\">\n\t\t<div class=\"section-bg fill\" >\n\t\t\t<img loading=\"lazy\" decoding=\"async\" width=\"2100\" height=\"700\" src=\"https:\/\/cncrush.com\/wp-content\/uploads\/2024\/10\/consumer-products.webp\" class=\"bg attachment- size-\" alt=\"\" title=\"\">\t\t\t\t\t\t<div class=\"section-bg-overlay absolute fill\"><\/div><button class=\"scroll-for-more z-5 icon absolute bottom h-center\" aria-label=\"Vierit\u00e4 n\u00e4hd\u00e4ksesi lis\u00e4\u00e4\"><i class=\"icon-angle-down\" style=\"font-size:42px;\" ><\/i><\/button>\n\t\t\t\n\n\t\t<\/div>\n\n\t\t\n\n\t\t<div class=\"section-content relative\">\n\t\t\t\n<div class=\"row align-center\"  id=\"row-899580073\">\n\n\t<div id=\"col-30762271\" class=\"col medium-10 small-12 large-10\"  >\n\t\t\t\t<div class=\"col-inner text-center\"  >\n\t\t\t\n\t\t\t\n\t<div id=\"text-3179747234\" class=\"text\">\n\t\t\n<h1>Kuluttajatuotteiden valmistus<\/h1>\n\t\t\n<style>\n#text-3179747234 {\n  font-size: 1.35rem;\n}\n@media (min-width:550px) {\n  #text-3179747234 {\n    font-size: 2rem;\n  }\n}\n<\/style>\n\t<\/div>\n\t\n<div class=\"row\"  id=\"row-1886131142\">\n\n\t<div id=\"col-1632188676\" class=\"col medium-9 small-12 large-9\"  >\n\t\t\t\t<div class=\"col-inner\"  >\n\t\t\t\n\t\t\t\n<p>Me CNCRUSHilla toteutamme tuoteideasi ja autamme sinua optimoimaan sek\u00e4 suunnittelu- ett\u00e4 valmistuskustannukset. Varmistamme, ett\u00e4 tuotteesi on pakattu toiveidesi mukaisesti, mik\u00e4 takaa sek\u00e4 laadun ett\u00e4 arvon.<\/p>\n\t\t<\/div>\n\t\t\t\t\t<\/div>\n\n\t\n<\/div>\n\t\t<\/div>\n\t\t\t\t\t<\/div>\n\n\t\n<\/div>\n\t\t<\/div>\n\n\t\t\n<style>\n#section_168573848 {\n  padding-top: 30px;\n  padding-bottom: 30px;\n  min-height: 100px;\n}\n#section_168573848 .section-bg-overlay {\n  background-color: rgba(0, 0, 0, 0.384);\n}\n#section_168573848 .section-bg img {\n  object-position: 53% 58%;\n}\n@media (min-width:550px) {\n  #section_168573848 {\n    min-height: 600px;\n  }\n}\n<\/style>\n\t<\/section>\n\t\n\n\t<section class=\"section\" id=\"section_1015091220\">\n\t\t<div class=\"section-bg fill\" >\n\t\t\t\t\t\t\t\t\t\n\t\t\t\n\n\t\t<\/div>\n\n\t\t\n\n\t\t<div class=\"section-content relative\">\n\t\t\t\n<div class=\"row row-large steps-simple-headline\"  id=\"row-2117257026\">\n\n\t<div id=\"col-872609149\" class=\"col medium-8 small-12 large-12\"  >\n\t\t\t\t<div class=\"col-inner\"  >\n\t\t\t\n\t\t\t\n<div class=\"row row-collapse\"  id=\"row-95999287\">\n\n\t<div id=\"col-129335731\" class=\"col medium-1 small-2 large-1\"  >\n\t\t\t\t<div class=\"col-inner\"  >\n\t\t\t\n\t\t\t\n<h2>01<\/h2>\n\t\t<\/div>\n\t\t\t\t\t<\/div>\n\n\t\n\n\t<div id=\"col-1098818320\" class=\"col medium-11 small-10 large-11\"  >\n\t\t\t\t<div class=\"col-inner\"  >\n\t\t\t\n\t\t\t\n<h3>Esimerkkej\u00e4 valmistamistamme tuotteista<\/h3>\n<ul>\n<li>Kotelot rakennuksen ohjausj\u00e4rjestelm\u00e4n painikkeille<\/li>\n<li>Tablettikotelot<\/li>\n<li>Polkupy\u00f6r\u00e4n osat<\/li>\n<li>Vesipiippujen komponentit<\/li>\n<li>Kodinkoneiden ja elektroniikkalaitteiden pidikkeet ja nupit<\/li>\n<\/ul>\n\t\t<\/div>\n\t\t\t\t\t<\/div>\n\n\t\n<\/div>\n<div class=\"is-divider divider clearfix\" style=\"margin-top:10px;margin-bottom:10px;max-width:100%;height:1px;\"><\/div>\n<div class=\"row row-collapse\"  id=\"row-1238502644\">\n\n\t<div id=\"col-193366973\" class=\"col medium-1 small-2 large-1\"  >\n\t\t\t\t<div class=\"col-inner\"  >\n\t\t\t\n\t\t\t\n<h2>02<\/h2>\n\t\t<\/div>\n\t\t\t\t\t<\/div>\n\n\t\n\n\t<div id=\"col-595743548\" class=\"col medium-11 small-10 large-11\"  >\n\t\t\t\t<div class=\"col-inner\"  >\n\t\t\t\n\t\t\t\n<h3>Kattava tuki<\/h3>\n<p>Onko sinulla idea, mutta et ole varma seuraavista vaiheista? CNCRUSHilla muutamme konseptisi todeksi. Tiimimme auttaa sinua seuraavissa asioissa:<\/p>\n<ul>\n<li><strong>Tuotteesi suunnittelu<\/strong> varmistaaksesi, ett\u00e4 se vastaa n\u00e4kemyst\u00e4si<\/li>\n<li>Varmistetaan <strong>optimaalinen suorituskyky<\/strong> oikeilla ominaisuuksilla<\/li>\n<li><strong>Parhaiden materiaalien valinta<\/strong> kest\u00e4vyyden ja toimivuuden vuoksi<\/li>\n<li>Luoda eniten <strong>tehokas tuotantoprosessi<\/strong><\/li>\n<li><strong>T\u00e4ydellisen pakkauksen valinta<\/strong> vastaamaan br\u00e4ndi\u00e4si<\/li>\n<\/ul>\n\t\t<\/div>\n\t\t\t\t\t<\/div>\n\n\t\n<\/div>\n<div class=\"is-divider divider clearfix\" style=\"margin-top:10px;margin-bottom:10px;max-width:100%;height:1px;\"><\/div>\n<div class=\"row row-collapse align-middle\"  id=\"row-1284691603\">\n\n\t<div id=\"col-767245273\" class=\"col medium-1 small-2 large-1\"  >\n\t\t\t\t<div class=\"col-inner\"  >\n\t\t\t\n\t\t\t\n<h2>03<\/h2>\n\t\t<\/div>\n\t\t\t\t\t<\/div>\n\n\t\n\n\t<div id=\"col-275165586\" class=\"col medium-11 small-10 large-11\"  >\n\t\t\t\t<div class=\"col-inner\"  >\n\t\t\t\n\t\t\t\n<h3>R\u00e4\u00e4t\u00e4l\u00f6ity valmistusprosessi<\/h3>\n<p>CNCRUSHilla tarjoamme kokonaisvaltaisia \u200b\u200btuotantoratkaisuja, jotka on r\u00e4\u00e4t\u00e4l\u00f6ity vastaamaan tuotteesi erityistarpeita:<\/p>\n<ul>\n<li><strong>Suunnittelu ja tarkkuus:<\/strong> Yksityiskohtainen rakenne ja parametrien optimointi<\/li>\n<li><strong>Kehitys ja testaus:<\/strong> Oikean tekniikan ja lis\u00e4hoitojen tunnistaminen<\/li>\n<li><strong>Visuaaliset ja pakkausratkaisut:<\/strong> Varmista, ett\u00e4 lopputuote n\u00e4ytt\u00e4\u00e4 hyv\u00e4lt\u00e4 ja on asianmukaisesti suojattu<\/li>\n<li><strong>Laadunvalvonta:<\/strong> Kattavat tarkastukset huippulaadun varmistamiseksi<\/li>\n<li><strong>Joustavuus:<\/strong> Mukaudu helposti tuotteen muutoksiin ja suunnittelun parannuksiin<\/li>\n<li><strong>Suora viestint\u00e4:<\/strong> Tiivis yhteisty\u00f6 projektip\u00e4\u00e4llik\u00f6n kanssa ja jatkuva tuotantolinjan valvonta<\/li>\n<li><strong>Kest\u00e4vyys ja testaus:<\/strong> Oikeiden materiaalien valinta tuotteen pitk\u00e4ik\u00e4isyyden takaamiseksi<\/li>\n<\/ul>\n\t\t<\/div>\n\t\t\t\t\t<\/div>\n\n\t\n<\/div>\n<div class=\"is-divider divider clearfix\" style=\"margin-top:10px;margin-bottom:10px;max-width:100%;height:1px;\"><\/div>\n\t\t<\/div>\n\t\t\t\t\t<\/div>\n\n\t\n<\/div>\n\t\t<\/div>\n\n\t\t\n<style>\n#section_1015091220 {\n  padding-top: 60px;\n  padding-bottom: 60px;\n}\n<\/style>\n\t<\/section>\n\t\n<div class=\"row row-collapse row-full-width\"  id=\"row-1800668251\">\n\n\t<div id=\"col-1237148260\" class=\"col small-12 large-12\"  >\n\t\t\t\t<div class=\"col-inner text-center dark\"  >\n\t\t\t\n\t\t\t\n\n  <div class=\"banner has-hover\" id=\"banner-156576072\">\n          <div class=\"banner-inner fill\">\n        <div class=\"banner-bg fill\" >\n            <img loading=\"lazy\" decoding=\"async\" width=\"1020\" height=\"421\" src=\"https:\/\/cncrush.com\/wp-content\/uploads\/2024\/09\/milled-stainless-steel-background-1024x423.webp\" class=\"bg attachment-large size-large\" alt=\"\" title=\"\">                        <div class=\"overlay\"><\/div>            \n                    <\/div>\n\t\t\n        <div class=\"banner-layers container\">\n            <div class=\"fill banner-link\"><\/div>            \n   <div id=\"text-box-767561284\" class=\"text-box banner-layer x50 md-x50 lg-x50 y50 md-y50 lg-y50 res-text\">\n                                <div class=\"text-box-content text dark\">\n              \n              <div class=\"text-inner text-center\">\n                  \n\t<div id=\"text-983148920\" class=\"text\">\n\t\t\n<h3>Kiinnostunut? Pyyd\u00e4 ilmainen tarjous jo t\u00e4n\u00e4\u00e4n!<\/h3>\n\t\t\n<style>\n#text-983148920 {\n  font-size: 0.75rem;\n  text-align: center;\n}\n<\/style>\n\t<\/div>\n\t\n<a href=\"https:\/\/cncrush.com\/fi\/laheta-tiedustelu\/\" class=\"button alert\"  >\n\t\t<span>L\u00e4het\u00e4 kyselysi<\/span>\n\t<\/a>\n\n              <\/div>\n           <\/div>\n                            \n<style>\n#text-box-767561284 {\n  width: 100%;\n}\n#text-box-767561284 .text-box-content {\n  font-size: 100%;\n}\n@media (min-width:550px) {\n  #text-box-767561284 {\n    width: 94%;\n  }\n}\n<\/style>\n    <\/div>\n \n        <\/div>\n      <\/div>\n\n            \n<style>\n#banner-156576072 {\n  padding-top: 99.99%;\n}\n#banner-156576072 .overlay {\n  background-color: rgba(0, 0, 0, 0.17);\n}\n#banner-156576072 .banner-bg img {\n  object-position: 47% 60%;\n}\n@media (min-width:550px) {\n  #banner-156576072 {\n    padding-top: 119px;\n  }\n}\n<\/style>\n  <\/div>\n\n\n\t\t<\/div>\n\t\t\t\t\t<\/div>\n\n\t\n<\/div>","protected":false},"excerpt":{"rendered":"","protected":false},"author":1,"featured_media":0,"parent":0,"menu_order":0,"comment_status":"closed","ping_status":"closed","template":"page-blank.php","meta":{"footnotes":""},"class_list":["post-33","page","type-page","status-publish","hentry"],"_links":{"self":[{"href":"https:\/\/cncrush.com\/fi\/wp-json\/wp\/v2\/pages\/33","targetHints":{"allow":["GET"]}}],"collection":[{"href":"https:\/\/cncrush.com\/fi\/wp-json\/wp\/v2\/pages"}],"about":[{"href":"https:\/\/cncrush.com\/fi\/wp-json\/wp\/v2\/types\/page"}],"author":[{"embeddable":true,"href":"https:\/\/cncrush.com\/fi\/wp-json\/wp\/v2\/users\/1"}],"replies":[{"embeddable":true,"href":"https:\/\/cncrush.com\/fi\/wp-json\/wp\/v2\/comments?post=33"}],"version-history":[{"count":0,"href":"https:\/\/cncrush.com\/fi\/wp-json\/wp\/v2\/pages\/33\/revisions"}],"wp:attachment":[{"href":"https:\/\/cncrush.com\/fi\/wp-json\/wp\/v2\/media?parent=33"}],"curies":[{"name":"wp","href":"https:\/\/api.w.org\/{rel}","templated":true}]}}