{"id":37,"date":"2024-09-29T03:50:30","date_gmt":"2024-09-29T03:50:30","guid":{"rendered":"https:\/\/cncrush.com\/?page_id=37"},"modified":"2024-12-20T13:53:35","modified_gmt":"2024-12-20T13:53:35","slug":"laaketeollisuus","status":"publish","type":"page","link":"https:\/\/cncrush.com\/fi\/laaketeollisuus\/","title":{"rendered":"L\u00e4\u00e4keteollisuus"},"content":{"rendered":"<section class=\"section dark\" id=\"section_528602557\">\n\t\t<div class=\"section-bg fill\" >\n\t\t\t<img loading=\"lazy\" decoding=\"async\" width=\"2100\" height=\"700\" src=\"https:\/\/cncrush.com\/wp-content\/uploads\/2024\/10\/medical-industry.webp\" class=\"bg attachment- size-\" alt=\"\" title=\"\">\t\t\t\t\t\t<div class=\"section-bg-overlay absolute fill\"><\/div><button class=\"scroll-for-more z-5 icon absolute bottom h-center\" aria-label=\"Vierit\u00e4 n\u00e4hd\u00e4ksesi lis\u00e4\u00e4\"><i class=\"icon-angle-down\" style=\"font-size:42px;\" ><\/i><\/button>\n\t\t\t\n\n\t\t<\/div>\n\n\t\t\n\n\t\t<div class=\"section-content relative\">\n\t\t\t\n<div class=\"row align-center\"  id=\"row-687585198\">\n\n\t<div id=\"col-50662524\" class=\"col medium-10 small-12 large-10\"  >\n\t\t\t\t<div class=\"col-inner text-center\"  >\n\t\t\t\n\t\t\t\n\t<div id=\"text-2034683115\" class=\"text\">\n\t\t\n<h1>CNC-tarkkuusosat l\u00e4\u00e4keteollisuudelle<\/h1>\n\t\t\n<style>\n#text-2034683115 {\n  font-size: 1.35rem;\n}\n@media (min-width:550px) {\n  #text-2034683115 {\n    font-size: 2rem;\n  }\n}\n<\/style>\n\t<\/div>\n\t\n<div class=\"row\"  id=\"row-1764096595\">\n\n\t<div id=\"col-1970801370\" class=\"col medium-9 small-12 large-9\"  >\n\t\t\t\t<div class=\"col-inner\"  >\n\t\t\t\n\t\t\t\n<p>Valmistamme CNCRUSHissa tarkkuuskomponentteja erikoisl\u00e4\u00e4ketieteellisiin laitteisiin, mik\u00e4 takaa korkean laadun ja luotettavuuden l\u00e4\u00e4ketieteen alalle.<\/p>\n\t\t<\/div>\n\t\t\t\t\t<\/div>\n\n\t\n<\/div>\n\t\t<\/div>\n\t\t\t\t\t<\/div>\n\n\t\n<\/div>\n\t\t<\/div>\n\n\t\t\n<style>\n#section_528602557 {\n  padding-top: 30px;\n  padding-bottom: 30px;\n  min-height: 100px;\n}\n#section_528602557 .section-bg-overlay {\n  background-color: rgba(0, 0, 0, 0.384);\n}\n#section_528602557 .section-bg img {\n  object-position: 53% 58%;\n}\n@media (min-width:550px) {\n  #section_528602557 {\n    min-height: 600px;\n  }\n}\n<\/style>\n\t<\/section>\n\t\n\n\t<section class=\"section\" id=\"section_891207720\">\n\t\t<div class=\"section-bg fill\" >\n\t\t\t\t\t\t\t\t\t\n\t\t\t\n\n\t\t<\/div>\n\n\t\t\n\n\t\t<div class=\"section-content relative\">\n\t\t\t\n<div class=\"row row-large steps-simple-headline\"  id=\"row-521570326\">\n\n\t<div id=\"col-2031880713\" class=\"col medium-8 small-12 large-12\"  >\n\t\t\t\t<div class=\"col-inner\"  >\n\t\t\t\n\t\t\t\n<div class=\"row row-collapse\"  id=\"row-1321938334\">\n\n\t<div id=\"col-348289848\" class=\"col medium-1 small-2 large-1\"  >\n\t\t\t\t<div class=\"col-inner\"  >\n\t\t\t\n\t\t\t\n<h2>01<\/h2>\n\t\t<\/div>\n\t\t\t\t\t<\/div>\n\n\t\n\n\t<div id=\"col-256305765\" class=\"col medium-11 small-10 large-11\"  >\n\t\t\t\t<div class=\"col-inner\"  >\n\t\t\t\n\t\t\t\n<h3>Valmistamamme osat<\/h3>\n<p>Olemme erikoistuneet tuottamaan kriittisi\u00e4 osia l\u00e4\u00e4kinn\u00e4llisiin laitteisiin, mukaan lukien:<\/p>\n<ul>\n<li><strong>Alumiinikotelot<\/strong><\/li>\n<li><strong>Mekaaniset osat<\/strong> alumiinista ja ruostumattomasta ter\u00e4ksest\u00e4 valmistetuille l\u00e4\u00e4ketieteellisille laitteille, joita k\u00e4ytet\u00e4\u00e4n s\u00e4dehoidossa, endoskopiassa, laparoskopiassa ja hammasskannereissa<\/li>\n<li><strong>Elektrodit<\/strong><\/li>\n<\/ul>\n\t\t<\/div>\n\t\t\t\t\t<\/div>\n\n\t\n<\/div>\n<div class=\"is-divider divider clearfix\" style=\"margin-top:10px;margin-bottom:10px;max-width:100%;height:1px;\"><\/div>\n<div class=\"row row-collapse\"  id=\"row-1393859605\">\n\n\t<div id=\"col-859567030\" class=\"col medium-1 small-2 large-1\"  >\n\t\t\t\t<div class=\"col-inner\"  >\n\t\t\t\n\t\t\t\n<h2>02<\/h2>\n\t\t<\/div>\n\t\t\t\t\t<\/div>\n\n\t\n\n\t<div id=\"col-1915018070\" class=\"col medium-11 small-10 large-11\"  >\n\t\t\t\t<div class=\"col-inner\"  >\n\t\t\t\n\t\t\t\n<h3>Valmistusprosessimme<\/h3>\n<ul>\n<li><strong>Tarkkuus:<\/strong> Valmistamme pieni\u00e4, eritt\u00e4in tarkkoja osia, joiden toleranssit ovat jopa 0,02 mm.<\/li>\n<li><strong>Puhtaus:<\/strong> Jokainen osa tarkastetaan huolellisesti sen varmistamiseksi, ett\u00e4 siin\u00e4 ei ole purseita, lastuja tai \u00f6ljyj\u00e4\u00e4mi\u00e4.<\/li>\n<li><strong>Luotettavuus:<\/strong> Valitsemme huolellisesti valmistusprosessit, jotka varmistavat osien korkean toistettavuuden, toimivuuden ja vaatimustenmukaisuuden.<\/li>\n<li><strong>Asiakkaiden osallistuminen:<\/strong> Teemme tiivist\u00e4 yhteisty\u00f6t\u00e4 asiakkaiden kanssa analysoidaksemme suunnitteluvaatimuksia ja mukauttaaksemme prosessejamme vastaamaan heid\u00e4n tarpeitaan.<\/li>\n<\/ul>\n\t\t<\/div>\n\t\t\t\t\t<\/div>\n\n\t\n<\/div>\n<div class=\"is-divider divider clearfix\" style=\"margin-top:10px;margin-bottom:10px;max-width:100%;height:1px;\"><\/div>\n<div class=\"row row-collapse align-middle\"  id=\"row-755567918\">\n\n\t<div id=\"col-1065648896\" class=\"col medium-1 small-2 large-1\"  >\n\t\t\t\t<div class=\"col-inner\"  >\n\t\t\t\n\t\t\t\n<h2>03<\/h2>\n\t\t<\/div>\n\t\t\t\t\t<\/div>\n\n\t\n\n\t<div id=\"col-995869462\" class=\"col medium-11 small-10 large-11\"  >\n\t\t\t\t<div class=\"col-inner\"  >\n\t\t\t\n\t\t\t\n<h3>Laadunvarmistus<\/h3>\n<p>Tarkkuus on kriittist\u00e4 l\u00e4\u00e4ketieteen alalla, ja t\u00e4yt\u00e4mme korkeimmatkin vaatimukset k\u00e4ytt\u00e4m\u00e4ll\u00e4 kehittyneit\u00e4 mittalaitteita, kuten <strong>Hexagon Global S<\/strong>, joka tarjoaa 0,005 mm tarkkuuden. Monimutkaisille, pienikokoisille osille teemme my\u00f6s visuaalisia tarkastuksia k\u00e4ytt\u00e4m\u00e4ll\u00e4 suurennettuja n\u00e4kymi\u00e4 laadun varmistamiseksi.<\/p>\n\t\t<\/div>\n\t\t\t\t\t<\/div>\n\n\t\n<\/div>\n<div class=\"is-divider divider clearfix\" style=\"margin-top:10px;margin-bottom:10px;max-width:100%;height:1px;\"><\/div>\n\t\t<\/div>\n\t\t\t\t\t<\/div>\n\n\t\n<\/div>\n\t\t<\/div>\n\n\t\t\n<style>\n#section_891207720 {\n  padding-top: 60px;\n  padding-bottom: 60px;\n}\n<\/style>\n\t<\/section>\n\t\n<div class=\"row row-collapse row-full-width\"  id=\"row-1167777886\">\n\n\t<div id=\"col-314128473\" class=\"col small-12 large-12\"  >\n\t\t\t\t<div class=\"col-inner text-center dark\"  >\n\t\t\t\n\t\t\t\n\n  <div class=\"banner has-hover\" id=\"banner-672675253\">\n          <div class=\"banner-inner fill\">\n        <div class=\"banner-bg fill\" >\n            <img loading=\"lazy\" decoding=\"async\" width=\"1020\" height=\"421\" src=\"https:\/\/cncrush.com\/wp-content\/uploads\/2024\/09\/milled-stainless-steel-background-1024x423.webp\" class=\"bg attachment-large size-large\" alt=\"\" title=\"\">                        <div class=\"overlay\"><\/div>            \n                    <\/div>\n\t\t\n        <div class=\"banner-layers container\">\n            <div class=\"fill banner-link\"><\/div>            \n   <div id=\"text-box-662084634\" class=\"text-box banner-layer x50 md-x50 lg-x50 y50 md-y50 lg-y50 res-text\">\n                                <div class=\"text-box-content text dark\">\n              \n              <div class=\"text-inner text-center\">\n                  \n\t<div id=\"text-420037128\" class=\"text\">\n\t\t\n<h3>Kiinnostunut? Pyyd\u00e4 ilmainen tarjous jo t\u00e4n\u00e4\u00e4n!<\/h3>\n\t\t\n<style>\n#text-420037128 {\n  font-size: 0.75rem;\n  text-align: center;\n}\n<\/style>\n\t<\/div>\n\t\n<a href=\"https:\/\/cncrush.com\/fi\/laheta-tiedustelu\/\" class=\"button alert\"  >\n\t\t<span>L\u00e4het\u00e4 kyselysi<\/span>\n\t<\/a>\n\n              <\/div>\n           <\/div>\n                            \n<style>\n#text-box-662084634 {\n  width: 100%;\n}\n#text-box-662084634 .text-box-content {\n  font-size: 100%;\n}\n@media (min-width:550px) {\n  #text-box-662084634 {\n    width: 94%;\n  }\n}\n<\/style>\n    <\/div>\n \n        <\/div>\n      <\/div>\n\n            \n<style>\n#banner-672675253 {\n  padding-top: 99.99%;\n}\n#banner-672675253 .overlay {\n  background-color: rgba(0, 0, 0, 0.17);\n}\n#banner-672675253 .banner-bg img {\n  object-position: 47% 60%;\n}\n@media (min-width:550px) {\n  #banner-672675253 {\n    padding-top: 97px;\n  }\n}\n<\/style>\n  <\/div>\n\n\n\t\t<\/div>\n\t\t\t\t\t<\/div>\n\n\t\n<\/div>","protected":false},"excerpt":{"rendered":"","protected":false},"author":1,"featured_media":0,"parent":0,"menu_order":0,"comment_status":"closed","ping_status":"closed","template":"page-blank.php","meta":{"footnotes":""},"class_list":["post-37","page","type-page","status-publish","hentry"],"_links":{"self":[{"href":"https:\/\/cncrush.com\/fi\/wp-json\/wp\/v2\/pages\/37","targetHints":{"allow":["GET"]}}],"collection":[{"href":"https:\/\/cncrush.com\/fi\/wp-json\/wp\/v2\/pages"}],"about":[{"href":"https:\/\/cncrush.com\/fi\/wp-json\/wp\/v2\/types\/page"}],"author":[{"embeddable":true,"href":"https:\/\/cncrush.com\/fi\/wp-json\/wp\/v2\/users\/1"}],"replies":[{"embeddable":true,"href":"https:\/\/cncrush.com\/fi\/wp-json\/wp\/v2\/comments?post=37"}],"version-history":[{"count":0,"href":"https:\/\/cncrush.com\/fi\/wp-json\/wp\/v2\/pages\/37\/revisions"}],"wp:attachment":[{"href":"https:\/\/cncrush.com\/fi\/wp-json\/wp\/v2\/media?parent=37"}],"curies":[{"name":"wp","href":"https:\/\/api.w.org\/{rel}","templated":true}]}}