{"id":43,"date":"2024-09-29T03:52:14","date_gmt":"2024-09-29T03:52:14","guid":{"rendered":"https:\/\/cncrush.com\/?page_id=43"},"modified":"2024-10-03T15:34:47","modified_gmt":"2024-10-03T15:34:47","slug":"evastekaytanto","status":"publish","type":"page","link":"https:\/\/cncrush.com\/fi\/evastekaytanto\/","title":{"rendered":"Ev\u00e4stek\u00e4yt\u00e4nt\u00f6"},"content":{"rendered":"<p>klo <strong><a href=\"https:\/\/cncrush.com\/fi\/\">CNCRUSH<\/a><\/strong>, olemme sitoutuneet suojelemaan yksityisyytt\u00e4si ja varmistamaan l\u00e4pin\u00e4kyvyyden siin\u00e4, miten k\u00e4sittelemme henkil\u00f6tietojasi. T\u00e4m\u00e4 ev\u00e4stek\u00e4yt\u00e4nt\u00f6 selitt\u00e4\u00e4, kuinka k\u00e4yt\u00e4mme ev\u00e4steit\u00e4 ja vastaavia tekniikoita verkkosivustollamme, <a href=\"https:\/\/cncrush.com\/fi\/\" target=\"_new\" rel=\"noopener\">https:\/\/cncrush.com\/<\/a> (\"verkkosivusto\"). Jatkamalla verkkosivustomme k\u00e4ytt\u00f6\u00e4 hyv\u00e4ksyt ev\u00e4steiden k\u00e4yt\u00f6n t\u00e4ss\u00e4 k\u00e4yt\u00e4nn\u00f6ss\u00e4 kuvatulla tavalla.<\/p>\n<h4><strong>Mit\u00e4 ev\u00e4steet ovat?<\/strong><\/h4>\n<p>Ev\u00e4steet ovat pieni\u00e4 tekstitiedostoja, jotka tallennetaan laitteellesi (tietokoneeseen, \u00e4lypuhelimeen tai tablettiin), kun vierailet verkkosivustolla. Ne sis\u00e4lt\u00e4v\u00e4t tietoja, jotka auttavat verkkosivustoa tunnistamaan laitteesi ja voivat parantaa k\u00e4ytt\u00f6kokemustasi muistamalla asetukset, mahdollistamalla nopeamman latauksen ja parantamalla yleist\u00e4 toimivuutta.<\/p>\n<h4><strong>K\u00e4ytt\u00e4m\u00e4mme ev\u00e4stetyypit<\/strong><\/h4>\n<ol>\n<li><strong>Ehdottoman v\u00e4ltt\u00e4m\u00e4tt\u00f6m\u00e4t ev\u00e4steet:<\/strong> N\u00e4m\u00e4 ev\u00e4steet ovat v\u00e4ltt\u00e4m\u00e4tt\u00f6mi\u00e4 verkkosivuston asianmukaiselle toiminnalle. Ne mahdollistavat perusominaisuudet, kuten sivulla navigoinnin ja verkkosivuston suojatut alueet. Ilman n\u00e4it\u00e4 ev\u00e4steit\u00e4 tiettyj\u00e4 pyyt\u00e4mi\u00e4si palveluita ei voida tarjota. Esimerkkej\u00e4 ehdottoman v\u00e4ltt\u00e4m\u00e4tt\u00f6mist\u00e4 ev\u00e4steist\u00e4 ovat:\n<ul>\n<li>Istunnon hallinta<\/li>\n<li>Turvallisuustodennus<\/li>\n<li>Lomakkeiden l\u00e4hetykset<\/li>\n<\/ul>\n<\/li>\n<li><strong>Tehokkuus- ja analytiikkaev\u00e4steet:<\/strong> N\u00e4m\u00e4 ev\u00e4steet ker\u00e4\u00e4v\u00e4t tietoja siit\u00e4, kuinka vierailijat k\u00e4ytt\u00e4v\u00e4t verkkosivustoamme, kuten sivut, joilla he vierailevat useimmin, ja mahdollisista virheilmoituksista, joita he saavat. Tiedot ovat koottuja ja anonyymej\u00e4, ja ne auttavat meit\u00e4 parantamaan verkkosivustomme suorituskyky\u00e4. K\u00e4yt\u00e4mme kolmannen osapuolen analytiikkaty\u00f6kaluja, kuten Google Analyticsia, seurataksemme verkkosivuston liikennett\u00e4 ja k\u00e4ytt\u00f6tapoja. T\u00e4m\u00e4 auttaa meit\u00e4 tekem\u00e4\u00e4n dataan perustuvia p\u00e4\u00e4t\u00f6ksi\u00e4 k\u00e4ytt\u00f6kokemuksen optimoimiseksi.<\/li>\n<li><strong>Toiminnalliset ev\u00e4steet:<\/strong> N\u00e4iden ev\u00e4steiden avulla verkkosivusto muistaa tekem\u00e4si valinnat, kuten kieliasetuksesi tai alueesi. Ne parantavat k\u00e4ytt\u00f6kokemustasi tarjoamalla yksil\u00f6llisi\u00e4 ominaisuuksia.<\/li>\n<li><strong>Kohdistus- ja mainosev\u00e4steet:<\/strong> Saatamme k\u00e4ytt\u00e4\u00e4 n\u00e4it\u00e4 ev\u00e4steit\u00e4 n\u00e4ytt\u00e4\u00e4ksemme sinulle osuvampia mainoksia. Ne seuraavat online-toimintaasi ja antavat meille mahdollisuuden n\u00e4ytt\u00e4\u00e4 mainoksia kiinnostuksen kohteidesi perusteella. N\u00e4m\u00e4 ev\u00e4steet auttavat meit\u00e4 my\u00f6s mittaamaan markkinointikampanjoidemme tehokkuutta. Ty\u00f6skentelemme kolmansien osapuolien mainostajien kanssa, jotka voivat asettaa ev\u00e4steit\u00e4 laitteellesi, kun vierailet verkkosivustollamme. Huomaa, ett\u00e4 n\u00e4ill\u00e4 kolmansilla osapuolilla on omat tietosuoja- ja ev\u00e4stek\u00e4yt\u00e4nt\u00f6ns\u00e4.<\/li>\n<\/ol>\n<h4><strong>Kuinka k\u00e4yt\u00e4mme ev\u00e4steit\u00e4<\/strong><\/h4>\n<p>K\u00e4yt\u00e4mme ev\u00e4steit\u00e4:<\/p>\n<ul>\n<li>Paranna verkkosivustomme toimivuutta ja suorituskyky\u00e4.<\/li>\n<li>Tarjoa sinulle henkil\u00f6kohtaisen kokemuksen.<\/li>\n<li>Analysoi liikennett\u00e4 ja paranna verkkosivuston k\u00e4ytett\u00e4vyytt\u00e4.<\/li>\n<li>Tue markkinointi- ja mainontatoimiamme.<\/li>\n<\/ul>\n<p>Ev\u00e4steet auttavat meit\u00e4 my\u00f6s parantamaan palveluidemme laatua tunnistamalla mahdolliset tekniset ongelmat tai kehitt\u00e4miskohteet.<\/p>\n<h4><strong>Ev\u00e4steiden hallinta<\/strong><\/h4>\n<p>Sinulla on oikeus hallita ja hallita ev\u00e4steit\u00e4 useilla tavoilla:<\/p>\n<ol>\n<li><strong>Selaimen asetukset:<\/strong> Useimmat verkkoselaimet antavat sinun hallita ev\u00e4steasetuksiasi niiden asetusten kautta. Voit est\u00e4\u00e4 tai poistaa ev\u00e4steet. Huomaa kuitenkin, ett\u00e4 jos poistat tietyt ev\u00e4steet k\u00e4yt\u00f6st\u00e4, verkkosivustomme osat eiv\u00e4t v\u00e4ltt\u00e4m\u00e4tt\u00e4 toimi kunnolla.<\/li>\n<li><strong>Opt-out linkit:<\/strong> Voit poistaa tehokkuus- ja kohdistusev\u00e4steet k\u00e4yt\u00f6st\u00e4 suoraan vastaavien kolmannen osapuolen palveluiden kautta:\n<ul>\n<li><a target=\"_new\" rel=\"noopener\">Google Analytics Opt-Out<\/a><\/li>\n<li>Mainosasetukset Googlelle<\/li>\n<li>Online-valintasi EU-k\u00e4ytt\u00e4jille<\/li>\n<\/ul>\n<\/li>\n<li><strong>\u00c4l\u00e4 seuraa (DNT) -asetukset:<\/strong> Jotkut verkkoselaimet tarjoavat \"\u00c4l\u00e4 seuraa\" -ominaisuuden, jonka avulla voit ilmoittaa, ett\u00e4 haluat suojata yksityisyytt\u00e4si ja pyyt\u00e4\u00e4, ett\u00e4 verkkosivustot eiv\u00e4t seuraa online-toimintojasi. DNT-signaaleille ei kuitenkaan ole yhten\u00e4ist\u00e4 standardia, eik\u00e4 verkkosivustomme v\u00e4ltt\u00e4m\u00e4tt\u00e4 reagoi n\u00e4ihin signaaleihin.<\/li>\n<\/ol>\n<h4><strong>Kolmannen osapuolen ev\u00e4steet<\/strong><\/h4>\n<p>Saatamme k\u00e4ytt\u00e4\u00e4 kolmannen osapuolen palveluita, jotka asettavat ev\u00e4steit\u00e4 laitteellesi selauskokemuksesi parantamiseksi tai personoidun sis\u00e4ll\u00f6n n\u00e4ytt\u00e4miseksi. N\u00e4it\u00e4 kolmannen osapuolen ev\u00e4steit\u00e4 s\u00e4\u00e4telev\u00e4t vastaavien kolmansien osapuolten tietosuojak\u00e4yt\u00e4nn\u00f6t, ja suosittelemme tutustumaan heid\u00e4n k\u00e4yt\u00e4nt\u00f6ihins\u00e4 saadaksesi lis\u00e4tietoja.<\/p>\n<h4><strong>Muutokset t\u00e4h\u00e4n ev\u00e4stek\u00e4yt\u00e4nt\u00f6\u00f6n<\/strong><\/h4>\n<p>Saatamme p\u00e4ivitt\u00e4\u00e4 t\u00e4t\u00e4 ev\u00e4stek\u00e4yt\u00e4nt\u00f6\u00e4 ajoittain vastaamaan muutoksia tekniikassa, lakis\u00e4\u00e4teisiss\u00e4 vaatimuksissa tai verkkosivustomme toiminnassa. Kaikki p\u00e4ivitykset julkaistaan \u200b\u200bt\u00e4ll\u00e4 sivulla, ja \"Voimaantulop\u00e4iv\u00e4\" tarkistetaan vastaavasti. Kehotamme sinua tarkistamaan t\u00e4m\u00e4n k\u00e4yt\u00e4nn\u00f6n s\u00e4\u00e4nn\u00f6llisesti pysy\u00e4ksesi ajan tasalla ev\u00e4steiden k\u00e4yt\u00f6st\u00e4mme.<\/p>\n<h4><strong>Ota yhteytt\u00e4<\/strong><\/h4>\n<p>Jos sinulla on kysytt\u00e4v\u00e4\u00e4 ev\u00e4steiden k\u00e4yt\u00f6st\u00e4mme tai t\u00e4st\u00e4 ev\u00e4stek\u00e4yt\u00e4nn\u00f6st\u00e4, ota meihin yhteytt\u00e4 osoitteessa:<\/p>\n<p><strong>S\u00e4hk\u00f6posti:<\/strong> <a rel=\"noopener\"><span \n                data-original-string='ygglX2mFI93BYf3lFO7\/lA==250k1aW1++wJaDXXuXg8vOQtgOpkXTjxNw8rGrxvQ2Vy8I='\n                class='apbct-email-encoder'\n                title='T\u00e4m\u00e4 yhteystieto on koodattu Anti-Spam by CleanTalk -palvelun toimesta. Klikkaa dekoodataksesi. Dekoodauksen loppuunsaattamiseksi varmista, ett\u00e4 JavaScript on k\u00e4yt\u00f6ss\u00e4 selaimessasi.'>sis\u00e4\u00e4n<span class=\"apbct-blur\">**<\/span>@<span class=\"apbct-blur\">*****<\/span>sh.com<\/span><\/a><\/p>","protected":false},"excerpt":{"rendered":"<p>Olemme CNCRUSHilla sitoutuneet suojelemaan yksityisyytt\u00e4si ja varmistamaan avoimuuden henkil\u00f6tietojesi k\u00e4sittelyss\u00e4. T\u00e4m\u00e4 ev\u00e4stek\u00e4yt\u00e4nt\u00f6 selitt\u00e4\u00e4, kuinka k\u00e4yt\u00e4mme ev\u00e4steit\u00e4 ja vastaavia tekniikoita verkkosivustollamme https:\/\/cncrush.com\/ (\"verkkosivusto\"). Jatkamalla verkkosivustomme k\u00e4ytt\u00f6\u00e4 hyv\u00e4ksyt ev\u00e4steiden k\u00e4yt\u00f6n t\u00e4m\u00e4n k\u00e4yt\u00e4nn\u00f6n mukaisesti. Mit\u00e4 [\u2026]","protected":false},"author":1,"featured_media":0,"parent":0,"menu_order":0,"comment_status":"closed","ping_status":"closed","template":"page-blank-title-center.php","meta":{"footnotes":""},"class_list":["post-43","page","type-page","status-publish","hentry"],"_links":{"self":[{"href":"https:\/\/cncrush.com\/fi\/wp-json\/wp\/v2\/pages\/43","targetHints":{"allow":["GET"]}}],"collection":[{"href":"https:\/\/cncrush.com\/fi\/wp-json\/wp\/v2\/pages"}],"about":[{"href":"https:\/\/cncrush.com\/fi\/wp-json\/wp\/v2\/types\/page"}],"author":[{"embeddable":true,"href":"https:\/\/cncrush.com\/fi\/wp-json\/wp\/v2\/users\/1"}],"replies":[{"embeddable":true,"href":"https:\/\/cncrush.com\/fi\/wp-json\/wp\/v2\/comments?post=43"}],"version-history":[{"count":0,"href":"https:\/\/cncrush.com\/fi\/wp-json\/wp\/v2\/pages\/43\/revisions"}],"wp:attachment":[{"href":"https:\/\/cncrush.com\/fi\/wp-json\/wp\/v2\/media?parent=43"}],"curies":[{"name":"wp","href":"https:\/\/api.w.org\/{rel}","templated":true}]}}