{"id":23,"date":"2024-09-29T03:49:11","date_gmt":"2024-09-29T03:49:11","guid":{"rendered":"https:\/\/cncrush.com\/?page_id=23"},"modified":"2024-12-20T07:45:35","modified_gmt":"2024-12-20T07:45:35","slug":"services-supplementaires","status":"publish","type":"page","link":"https:\/\/cncrush.com\/fr\/services-supplementaires\/","title":{"rendered":"Prestations suppl\u00e9mentaires"},"content":{"rendered":"<div class=\"container section-title-container\" ><h3 class=\"section-title section-title-normal\"><b><\/b><span class=\"section-title-main\" style=\"font-size:133%;\">Services suppl\u00e9mentaires<\/span><b><\/b><\/h3><\/div>\n\n\t<section class=\"section\" id=\"section_1684272967\">\n\t\t<div class=\"section-bg fill\" >\n\t\t\t\t\t\t\t\t\t\n\t\t\t\n\n\t\t<\/div>\n\n\t\t\n\n\t\t<div class=\"section-content relative\">\n\t\t\t\n<div class=\"row row-collapse\"  id=\"row-1200685394\">\n\n\t<div id=\"col-1562423297\" class=\"col medium-5 small-12 large-5\"  >\n\t\t\t\t<div class=\"col-inner\"  >\n\t\t\t\n\t\t\t\n<div class=\"row\"  id=\"row-840532667\">\n\n\t<div id=\"col-454782719\" class=\"col medium-9 small-12 large-9\"  >\n\t\t\t\t<div class=\"col-inner\"  >\n\t\t\t\n\t\t\t\n\t<div id=\"text-3747988621\" class=\"text\">\n\t\t\n<h3>Assistance technique<\/h3>\n<p>Nous offrons un support technique complet pour optimiser vos processus de fabrication. Notre expertise comprend l'\u00e9valuation de la fabricabilit\u00e9 des pi\u00e8ces, la recommandation d'am\u00e9liorations des mat\u00e9riaux et des processus et la fourniture d'ajustements de conception pour am\u00e9liorer l'efficacit\u00e9 et r\u00e9duire les co\u00fbts.\u00a0<\/p>\n\t\t\n<style>\n#text-3747988621 {\n  text-align: left;\n}\n<\/style>\n\t<\/div>\n\t\n\t<div class=\"img has-hover x md-x lg-x y md-y lg-y\" id=\"image_889571\">\n\t\t\t\t\t\t\t\t<div class=\"img-inner dark\" >\n\t\t\t<img loading=\"lazy\" decoding=\"async\" width=\"1020\" height=\"536\" src=\"https:\/\/cncrush.com\/wp-content\/uploads\/2024\/12\/technical-support-1024x538.png\" class=\"attachment-large size-large\" alt=\"\" srcset=\"https:\/\/cncrush.com\/wp-content\/uploads\/2024\/12\/technical-support-1024x538.png 1024w, https:\/\/cncrush.com\/wp-content\/uploads\/2024\/12\/technical-support-300x158.png 300w, https:\/\/cncrush.com\/wp-content\/uploads\/2024\/12\/technical-support-768x403.png 768w, https:\/\/cncrush.com\/wp-content\/uploads\/2024\/12\/technical-support-18x9.png 18w, https:\/\/cncrush.com\/wp-content\/uploads\/2024\/12\/technical-support.png 1200w\" sizes=\"auto, (max-width: 1020px) 100vw, 1020px\" title=\"\">\t\t\t\t\t\t\n\t\t\t\t\t<\/div>\n\t\t\t\t\t\t\t\t\n<style>\n#image_889571 {\n  width: 100%;\n}\n<\/style>\n\t<\/div>\n\t\n\t\t<\/div>\n\t\t\t\t\t<\/div>\n\n\t\n\n\t<div id=\"col-1594254341\" class=\"col medium-9 small-12 large-9\"  >\n\t\t\t\t<div class=\"col-inner\"  >\n\t\t\t\n\t\t\t\n<h3>Assembl\u00e9e<\/h3>\n<p>Nous proposons \u00e0 nos Clients une production compl\u00e8te de sous-ensembles, suivie de services d'assemblage avec la participation d'un personnel exp\u00e9riment\u00e9.<\/p>\n\t\t<\/div>\n\t\t\t\t\t<\/div>\n\n\t\n\n\t<div id=\"col-805544426\" class=\"col medium-7 small-12 large-7\"  >\n\t\t\t\t<div class=\"col-inner\"  >\n\t\t\t\n\t\t\t\n\t<div class=\"img has-hover x md-x lg-x y md-y lg-y\" id=\"image_840568715\">\n\t\t\t\t\t\t\t\t<div class=\"img-inner dark\" >\n\t\t\t<img loading=\"lazy\" decoding=\"async\" width=\"1020\" height=\"765\" src=\"https:\/\/cncrush.com\/wp-content\/uploads\/2024\/12\/Assembly-1024x768.jpg\" class=\"attachment-large size-large\" alt=\"\" srcset=\"https:\/\/cncrush.com\/wp-content\/uploads\/2024\/12\/Assembly-1024x768.jpg 1024w, https:\/\/cncrush.com\/wp-content\/uploads\/2024\/12\/Assembly-300x225.jpg 300w, https:\/\/cncrush.com\/wp-content\/uploads\/2024\/12\/Assembly-768x576.jpg 768w, https:\/\/cncrush.com\/wp-content\/uploads\/2024\/12\/Assembly-16x12.jpg 16w, https:\/\/cncrush.com\/wp-content\/uploads\/2024\/12\/Assembly.jpg 1440w\" sizes=\"auto, (max-width: 1020px) 100vw, 1020px\" title=\"\">\t\t\t\t\t\t\n\t\t\t\t\t<\/div>\n\t\t\t\t\t\t\t\t\n<style>\n#image_840568715 {\n  width: 100%;\n}\n<\/style>\n\t<\/div>\n\t\n\t\t<\/div>\n\t\t\t\t\t<\/div>\n\n\t\n<\/div>\n\t\t<\/div>\n\t\t\t\t\t<\/div>\n\n\t\n\n\t<div id=\"col-886059737\" class=\"col medium-6 small-12 large-6\"  >\n\t\t\t\t<div class=\"col-inner\"  >\n\t\t\t\n\t\t\t\n<div class=\"row\"  id=\"row-838278803\">\n\n\t<div id=\"col-946050430\" class=\"col medium-7 small-12 large-7\"  >\n\t\t\t\t<div class=\"col-inner\"  >\n\t\t\t\n\t\t\t\n<h3>Lavage<\/h3>\n<p>Nous poss\u00e9dons plusieurs laveuses \u00e0 ultrasons, gr\u00e2ce auxquelles nous pouvons garantir que les pi\u00e8ces que nous fabriquons sont propres et exemptes de bavures, copeaux ou r\u00e9sidus d'huile.<\/p>\n\t<div class=\"img has-hover x md-x lg-x y md-y lg-y\" id=\"image_861161016\">\n\t\t\t\t\t\t\t\t<div class=\"img-inner dark\" >\n\t\t\t<img loading=\"lazy\" decoding=\"async\" width=\"538\" height=\"306\" src=\"https:\/\/cncrush.com\/wp-content\/uploads\/2024\/12\/ultrasonics.png\" class=\"attachment-large size-large\" alt=\"\" srcset=\"https:\/\/cncrush.com\/wp-content\/uploads\/2024\/12\/ultrasonics.png 538w, https:\/\/cncrush.com\/wp-content\/uploads\/2024\/12\/ultrasonics-300x171.png 300w, https:\/\/cncrush.com\/wp-content\/uploads\/2024\/12\/ultrasonics-18x10.png 18w\" sizes=\"auto, (max-width: 538px) 100vw, 538px\" title=\"\">\t\t\t\t\t\t\n\t\t\t\t\t<\/div>\n\t\t\t\t\t\t\t\t\n<style>\n#image_861161016 {\n  width: 100%;\n}\n<\/style>\n\t<\/div>\n\t\n\t\t<\/div>\n\t\t\t\t\t<\/div>\n\n\t\n\n\t<div id=\"col-1875872502\" class=\"col medium-8 small-12 large-8\"  >\n\t\t\t\t<div class=\"col-inner\"  >\n\t\t\t\n\t\t\t\n<h3>Options d'exp\u00e9dition<\/h3>\n<p>Nous proposons diff\u00e9rentes options d'exp\u00e9dition telles que DHL, FedEx, UPS, le fret maritime, le fret ferroviaire, etc.<\/p>\n\t<div class=\"img has-hover x md-x lg-x y md-y lg-y\" id=\"image_1249611415\">\n\t\t\t\t\t\t\t\t<div class=\"img-inner dark\" >\n\t\t\t<img loading=\"lazy\" decoding=\"async\" width=\"833\" height=\"468\" src=\"https:\/\/cncrush.com\/wp-content\/uploads\/2024\/12\/fedex-ups-dhl-usps.jpg\" class=\"attachment-large size-large\" alt=\"\" srcset=\"https:\/\/cncrush.com\/wp-content\/uploads\/2024\/12\/fedex-ups-dhl-usps.jpg 833w, https:\/\/cncrush.com\/wp-content\/uploads\/2024\/12\/fedex-ups-dhl-usps-300x169.jpg 300w, https:\/\/cncrush.com\/wp-content\/uploads\/2024\/12\/fedex-ups-dhl-usps-768x431.jpg 768w, https:\/\/cncrush.com\/wp-content\/uploads\/2024\/12\/fedex-ups-dhl-usps-18x10.jpg 18w\" sizes=\"auto, (max-width: 833px) 100vw, 833px\" title=\"\">\t\t\t\t\t\t\n\t\t\t\t\t<\/div>\n\t\t\t\t\t\t\t\t\n<style>\n#image_1249611415 {\n  width: 100%;\n}\n<\/style>\n\t<\/div>\n\t\n\t\t<\/div>\n\t\t\t\t\t<\/div>\n\n\t\n<\/div>\n\t\t<\/div>\n\t\t\t\t\t<\/div>\n\n\t\n<\/div>\n\t\t<\/div>\n\n\t\t\n<style>\n#section_1684272967 {\n  padding-top: 0px;\n  padding-bottom: 0px;\n}\n@media (min-width:550px) {\n  #section_1684272967 {\n    padding-top: 10px;\n    padding-bottom: 10px;\n  }\n}\n<\/style>\n\t<\/section>","protected":false},"excerpt":{"rendered":"","protected":false},"author":1,"featured_media":0,"parent":0,"menu_order":0,"comment_status":"closed","ping_status":"closed","template":"page-blank.php","meta":{"footnotes":""},"class_list":["post-23","page","type-page","status-publish","hentry"],"_links":{"self":[{"href":"https:\/\/cncrush.com\/fr\/wp-json\/wp\/v2\/pages\/23","targetHints":{"allow":["GET"]}}],"collection":[{"href":"https:\/\/cncrush.com\/fr\/wp-json\/wp\/v2\/pages"}],"about":[{"href":"https:\/\/cncrush.com\/fr\/wp-json\/wp\/v2\/types\/page"}],"author":[{"embeddable":true,"href":"https:\/\/cncrush.com\/fr\/wp-json\/wp\/v2\/users\/1"}],"replies":[{"embeddable":true,"href":"https:\/\/cncrush.com\/fr\/wp-json\/wp\/v2\/comments?post=23"}],"version-history":[{"count":0,"href":"https:\/\/cncrush.com\/fr\/wp-json\/wp\/v2\/pages\/23\/revisions"}],"wp:attachment":[{"href":"https:\/\/cncrush.com\/fr\/wp-json\/wp\/v2\/media?parent=23"}],"curies":[{"name":"wp","href":"https:\/\/api.w.org\/{rel}","templated":true}]}}