{"id":25,"date":"2024-09-29T03:49:21","date_gmt":"2024-09-29T03:49:21","guid":{"rendered":"https:\/\/cncrush.com\/?page_id=25"},"modified":"2025-06-04T05:03:07","modified_gmt":"2025-06-04T05:03:07","slug":"anodisation-de-pieces","status":"publish","type":"page","link":"https:\/\/cncrush.com\/fr\/anodisation-de-pieces\/","title":{"rendered":"Anodisation de pi\u00e8ces"},"content":{"rendered":"<section class=\"section\" id=\"section_816212487\">\n\t\t<div class=\"section-bg fill\" >\n\t\t\t\t\t\t\t\t\t\n\t\t\t\n\n\t\t<\/div>\n\n\t\t\n\n\t\t<div class=\"section-content relative\">\n\t\t\t\n<div class=\"row align-equal row-box-shadow-2-hover\"  id=\"row-978757308\">\n\n\t<div id=\"col-1480160834\" class=\"col medium-6 small-12 large-4\"  data-animate=\"bounceInUp\">\n\t\t\t\t<div class=\"col-inner\"  >\n\t\t\t\n\t\t\t\n\t<div class=\"box has-hover   has-hover box-text-bottom\" >\n\n\t\t<div class=\"box-image\" >\n\t\t\t\t\t\t<div class=\"\" >\n\t\t\t\t<img loading=\"lazy\" decoding=\"async\" width=\"2560\" height=\"2081\" src=\"https:\/\/cncrush.com\/wp-content\/uploads\/2024\/12\/234c1419f76b724ab7490d7d935cb0f-scaled.jpg\" class=\"attachment- size-\" alt=\"\" srcset=\"https:\/\/cncrush.com\/wp-content\/uploads\/2024\/12\/234c1419f76b724ab7490d7d935cb0f-scaled.jpg 2560w, https:\/\/cncrush.com\/wp-content\/uploads\/2024\/12\/234c1419f76b724ab7490d7d935cb0f-300x244.jpg 300w, https:\/\/cncrush.com\/wp-content\/uploads\/2024\/12\/234c1419f76b724ab7490d7d935cb0f-1024x832.jpg 1024w, https:\/\/cncrush.com\/wp-content\/uploads\/2024\/12\/234c1419f76b724ab7490d7d935cb0f-768x624.jpg 768w, https:\/\/cncrush.com\/wp-content\/uploads\/2024\/12\/234c1419f76b724ab7490d7d935cb0f-1536x1248.jpg 1536w, https:\/\/cncrush.com\/wp-content\/uploads\/2024\/12\/234c1419f76b724ab7490d7d935cb0f-2048x1665.jpg 2048w, https:\/\/cncrush.com\/wp-content\/uploads\/2024\/12\/234c1419f76b724ab7490d7d935cb0f-15x12.jpg 15w\" sizes=\"auto, (max-width: 2560px) 100vw, 2560px\" title=\"\">\t\t\t\t\t\t\t\t\t\t\t<\/div>\n\t\t\t\t\t<\/div>\n\n\t\t<div class=\"box-text text-center\" >\n\t\t\t<div class=\"box-text-inner\">\n\t\t\t\t\n<h4>Anodisation ordinaire<\/h4>\n<p>L'anodisation ordinaire am\u00e9liore la r\u00e9sistance \u00e0 la corrosion et offre des finitions d\u00e9coratives. L'\u00e9paisseur est de 5 \u00e0 20 \u03bcm. <\/p>\n\t\t\t<\/div>\n\t\t<\/div>\n\t<\/div>\n\t\n\t\t<\/div>\n\t\t\t\t\t<\/div>\n\n\t\n\n\t<div id=\"col-406255670\" class=\"col medium-6 small-12 large-4\"  data-animate=\"bounceInUp\">\n\t\t\t\t<div class=\"col-inner\"  >\n\t\t\t\n\t\t\t\n\n\t<a class=\"plain\" href=\"#\" >\t<div class=\"icon-box featured-box icon-box-center text-center\"  >\n\t\t\t\t<div class=\"icon-box-text last-reset\">\n\t\t\t\t\t\t\t\t\t\n\t<div class=\"box has-hover   has-hover box-text-bottom\" >\n\n\t\t<div class=\"box-image\" >\n\t\t\t\t\t\t<div class=\"\" >\n\t\t\t\t<img loading=\"lazy\" decoding=\"async\" width=\"2109\" height=\"2560\" src=\"https:\/\/cncrush.com\/wp-content\/uploads\/2024\/12\/437ffd92eead4650cf71d439fb915d7-scaled.jpg\" class=\"attachment- size-\" alt=\"Anodisation de l&#039;aluminium\" srcset=\"https:\/\/cncrush.com\/wp-content\/uploads\/2024\/12\/437ffd92eead4650cf71d439fb915d7-scaled.jpg 2109w, https:\/\/cncrush.com\/wp-content\/uploads\/2024\/12\/437ffd92eead4650cf71d439fb915d7-247x300.jpg 247w, https:\/\/cncrush.com\/wp-content\/uploads\/2024\/12\/437ffd92eead4650cf71d439fb915d7-843x1024.jpg 843w, https:\/\/cncrush.com\/wp-content\/uploads\/2024\/12\/437ffd92eead4650cf71d439fb915d7-768x932.jpg 768w, https:\/\/cncrush.com\/wp-content\/uploads\/2024\/12\/437ffd92eead4650cf71d439fb915d7-1265x1536.jpg 1265w, https:\/\/cncrush.com\/wp-content\/uploads\/2024\/12\/437ffd92eead4650cf71d439fb915d7-1687x2048.jpg 1687w, https:\/\/cncrush.com\/wp-content\/uploads\/2024\/12\/437ffd92eead4650cf71d439fb915d7-10x12.jpg 10w\" sizes=\"auto, (max-width: 2109px) 100vw, 2109px\" title=\"\">\t\t\t\t\t\t\t\t\t\t\t<\/div>\n\t\t\t\t\t<\/div>\n\n\t\t<div class=\"box-text text-center\" >\n\t\t\t<div class=\"box-text-inner\">\n\t\t\t\t\n<h4>Anodisation dure<\/h4>\n<p>L'anodisation dure cr\u00e9e une surface durable et r\u00e9sistante \u00e0 l'usure pour les pi\u00e8ces en aluminium. L'\u00e9paisseur est de 25 \u00e0 70 \u03bcm.<\/p>\n\t\t\t<\/div>\n\t\t<\/div>\n\t<\/div>\n\t\n\t\t<\/div>\n\t<\/div>\n\t<\/a>\n\t\n\t\t<\/div>\n\t\t\t\t\t<\/div>\n\n\t\n\n\t<div id=\"col-953779334\" class=\"col medium-6 small-12 large-4\"  data-animate=\"bounceInUp\">\n\t\t\t\t<div class=\"col-inner\"  >\n\t\t\t\n\t\t\t\n\n\t<a class=\"plain\" href=\"#\" >\t<div class=\"icon-box featured-box icon-box-center text-center\"  >\n\t\t\t\t<div class=\"icon-box-text last-reset\">\n\t\t\t\t\t\t\t\t\t\n\t<div class=\"box has-hover   has-hover box-text-bottom\" >\n\n\t\t<div class=\"box-image\" >\n\t\t\t\t\t\t<div class=\"\" >\n\t\t\t\t<img loading=\"lazy\" decoding=\"async\" width=\"2560\" height=\"1780\" src=\"https:\/\/cncrush.com\/wp-content\/uploads\/2024\/12\/4482ae9563252855b301506e337d83d-scaled.jpg\" class=\"attachment- size-\" alt=\"Pi\u00e8ces usin\u00e9es CNC\" srcset=\"https:\/\/cncrush.com\/wp-content\/uploads\/2024\/12\/4482ae9563252855b301506e337d83d-scaled.jpg 2560w, https:\/\/cncrush.com\/wp-content\/uploads\/2024\/12\/4482ae9563252855b301506e337d83d-300x209.jpg 300w, https:\/\/cncrush.com\/wp-content\/uploads\/2024\/12\/4482ae9563252855b301506e337d83d-1024x712.jpg 1024w, https:\/\/cncrush.com\/wp-content\/uploads\/2024\/12\/4482ae9563252855b301506e337d83d-768x534.jpg 768w, https:\/\/cncrush.com\/wp-content\/uploads\/2024\/12\/4482ae9563252855b301506e337d83d-1536x1068.jpg 1536w, https:\/\/cncrush.com\/wp-content\/uploads\/2024\/12\/4482ae9563252855b301506e337d83d-2048x1424.jpg 2048w, https:\/\/cncrush.com\/wp-content\/uploads\/2024\/12\/4482ae9563252855b301506e337d83d-18x12.jpg 18w\" sizes=\"auto, (max-width: 2560px) 100vw, 2560px\" title=\"\">\t\t\t\t\t\t\t\t\t\t\t<\/div>\n\t\t\t\t\t<\/div>\n\n\t\t<div class=\"box-text text-center\" >\n\t\t\t<div class=\"box-text-inner\">\n\t\t\t\t\n<h4>Anodisation color\u00e9e<\/h4>\n<p>L'anodisation color\u00e9e ajoute des finitions \u00e9clatantes et durables tout en prot\u00e9geant les surfaces en aluminium.<\/p>\n\t\t\t<\/div>\n\t\t<\/div>\n\t<\/div>\n\t\n\t\t<\/div>\n\t<\/div>\n\t<\/a>\n\t\n\t\t<\/div>\n\t\t\t\t\t<\/div>\n\n\t\n\n\t<div id=\"col-1528427391\" class=\"col medium-4 small-12 large-4\"  >\n\t\t\t\t<div class=\"col-inner\"  >\n\t\t\t\n\t\t\t\n\t<div class=\"box has-hover   has-hover box-text-bottom\" >\n\n\t\t<div class=\"box-image\" >\n\t\t\t\t\t\t<div class=\"\" >\n\t\t\t\t<img loading=\"lazy\" decoding=\"async\" width=\"2560\" height=\"2251\" src=\"https:\/\/cncrush.com\/wp-content\/uploads\/2024\/12\/edd09d5920df704c041b5b2d202f671-scaled.jpg\" class=\"attachment- size-\" alt=\"\" srcset=\"https:\/\/cncrush.com\/wp-content\/uploads\/2024\/12\/edd09d5920df704c041b5b2d202f671-scaled.jpg 2560w, https:\/\/cncrush.com\/wp-content\/uploads\/2024\/12\/edd09d5920df704c041b5b2d202f671-300x264.jpg 300w, https:\/\/cncrush.com\/wp-content\/uploads\/2024\/12\/edd09d5920df704c041b5b2d202f671-1024x900.jpg 1024w, https:\/\/cncrush.com\/wp-content\/uploads\/2024\/12\/edd09d5920df704c041b5b2d202f671-768x675.jpg 768w, https:\/\/cncrush.com\/wp-content\/uploads\/2024\/12\/edd09d5920df704c041b5b2d202f671-1536x1350.jpg 1536w, https:\/\/cncrush.com\/wp-content\/uploads\/2024\/12\/edd09d5920df704c041b5b2d202f671-2048x1800.jpg 2048w, https:\/\/cncrush.com\/wp-content\/uploads\/2024\/12\/edd09d5920df704c041b5b2d202f671-14x12.jpg 14w\" sizes=\"auto, (max-width: 2560px) 100vw, 2560px\" title=\"\">\t\t\t\t\t\t\t\t\t\t\t<\/div>\n\t\t\t\t\t<\/div>\n\n\t\t<div class=\"box-text text-center\" >\n\t\t\t<div class=\"box-text-inner\">\n\t\t\t\t\n<h4>Placage de zinc<\/h4>\n<p>Le zingage offre une r\u00e9sistance \u00e0 la corrosion et une finition lisse et brillante aux pi\u00e8ces m\u00e9talliques.<\/p>\n\t\t\t<\/div>\n\t\t<\/div>\n\t<\/div>\n\t\n\t\t<\/div>\n\t\t\t\t\t<\/div>\n\n\t\n\n\t<div id=\"col-212354639\" class=\"col medium-4 small-12 large-4\"  >\n\t\t\t\t<div class=\"col-inner\"  >\n\t\t\t\n\t\t\t\n\t<div class=\"box has-hover   has-hover box-text-bottom\" >\n\n\t\t<div class=\"box-image\" >\n\t\t\t\t\t\t<div class=\"\" >\n\t\t\t\t<img loading=\"lazy\" decoding=\"async\" width=\"1024\" height=\"590\" src=\"https:\/\/cncrush.com\/wp-content\/uploads\/2024\/12\/Nickel-Plating.jpg\" class=\"attachment- size-\" alt=\"\" srcset=\"https:\/\/cncrush.com\/wp-content\/uploads\/2024\/12\/Nickel-Plating.jpg 1024w, https:\/\/cncrush.com\/wp-content\/uploads\/2024\/12\/Nickel-Plating-300x173.jpg 300w, https:\/\/cncrush.com\/wp-content\/uploads\/2024\/12\/Nickel-Plating-768x443.jpg 768w, https:\/\/cncrush.com\/wp-content\/uploads\/2024\/12\/Nickel-Plating-18x10.jpg 18w\" sizes=\"auto, (max-width: 1024px) 100vw, 1024px\" title=\"\">\t\t\t\t\t\t\t\t\t\t\t<\/div>\n\t\t\t\t\t<\/div>\n\n\t\t<div class=\"box-text text-center\" >\n\t\t\t<div class=\"box-text-inner\">\n\t\t\t\t\n<h4>Nickelage<\/h4>\n<p>Le placage au nickel offre une r\u00e9sistance \u00e0 la corrosion et une finition lisse.<\/p>\n\t\t\t<\/div>\n\t\t<\/div>\n\t<\/div>\n\t\n\t\t<\/div>\n\t\t\t\t\t<\/div>\n\n\t\n\n\t<div id=\"col-1948962979\" class=\"col medium-4 small-12 large-4\"  >\n\t\t\t\t<div class=\"col-inner\"  >\n\t\t\t\n\t\t\t\n\t<div class=\"box has-hover   has-hover box-text-bottom\" >\n\n\t\t<div class=\"box-image\" >\n\t\t\t\t\t\t<div class=\"\" >\n\t\t\t\t<img loading=\"lazy\" decoding=\"async\" width=\"560\" height=\"400\" src=\"https:\/\/cncrush.com\/wp-content\/uploads\/2024\/12\/Chrome-Plating.jpg\" class=\"attachment- size-\" alt=\"\" srcset=\"https:\/\/cncrush.com\/wp-content\/uploads\/2024\/12\/Chrome-Plating.jpg 560w, https:\/\/cncrush.com\/wp-content\/uploads\/2024\/12\/Chrome-Plating-300x214.jpg 300w, https:\/\/cncrush.com\/wp-content\/uploads\/2024\/12\/Chrome-Plating-18x12.jpg 18w\" sizes=\"auto, (max-width: 560px) 100vw, 560px\" title=\"\">\t\t\t\t\t\t\t\t\t\t\t<\/div>\n\t\t\t\t\t<\/div>\n\n\t\t<div class=\"box-text text-center\" >\n\t\t\t<div class=\"box-text-inner\">\n\t\t\t\t\n<h4>Chromage<\/h4>\n<p>Le chromage fournit une couche brillante, durable et r\u00e9sistante \u00e0 l'usure.<\/p>\n\t\t\t<\/div>\n\t\t<\/div>\n\t<\/div>\n\t\n\t\t<\/div>\n\t\t\t\t\t<\/div>\n\n\t\n\n\t<div id=\"col-837153750\" class=\"col medium-4 small-12 large-4\"  >\n\t\t\t\t<div class=\"col-inner\"  >\n\t\t\t\n\t\t\t\n\t<div class=\"box has-hover   has-hover box-text-bottom\" >\n\n\t\t<div class=\"box-image\" >\n\t\t\t\t\t\t<div class=\"\" >\n\t\t\t\t<img loading=\"lazy\" decoding=\"async\" width=\"1770\" height=\"1152\" src=\"https:\/\/cncrush.com\/wp-content\/uploads\/2024\/12\/powder-coating-scaled-e1734677075851.jpg\" class=\"attachment- size-\" alt=\"\" srcset=\"https:\/\/cncrush.com\/wp-content\/uploads\/2024\/12\/powder-coating-scaled-e1734677075851.jpg 1770w, https:\/\/cncrush.com\/wp-content\/uploads\/2024\/12\/powder-coating-scaled-e1734677075851-300x195.jpg 300w, https:\/\/cncrush.com\/wp-content\/uploads\/2024\/12\/powder-coating-scaled-e1734677075851-1024x666.jpg 1024w, https:\/\/cncrush.com\/wp-content\/uploads\/2024\/12\/powder-coating-scaled-e1734677075851-768x500.jpg 768w, https:\/\/cncrush.com\/wp-content\/uploads\/2024\/12\/powder-coating-scaled-e1734677075851-1536x1000.jpg 1536w, https:\/\/cncrush.com\/wp-content\/uploads\/2024\/12\/powder-coating-scaled-e1734677075851-18x12.jpg 18w\" sizes=\"auto, (max-width: 1770px) 100vw, 1770px\" title=\"\">\t\t\t\t\t\t\t\t\t\t\t<\/div>\n\t\t\t\t\t<\/div>\n\n\t\t<div class=\"box-text text-center\" >\n\t\t\t<div class=\"box-text-inner\">\n\t\t\t\t\n<h4>Rev\u00eatement en poudre<\/h4>\n<p>Le rev\u00eatement en poudre offre durabilit\u00e9, douceur et r\u00e9sistance \u00e0 la corrosion.<\/p>\n\t\t\t<\/div>\n\t\t<\/div>\n\t<\/div>\n\t\n\t\t<\/div>\n\t\t\t\t\t<\/div>\n\n\t\n\n\t<div id=\"col-1315774997\" class=\"col medium-4 small-12 large-4\"  >\n\t\t\t\t<div class=\"col-inner\"  >\n\t\t\t\n\t\t\t\n\t<div class=\"box has-hover   has-hover box-text-bottom\" >\n\n\t\t<div class=\"box-image\" >\n\t\t\t\t\t\t<div class=\"\" >\n\t\t\t\t<img loading=\"lazy\" decoding=\"async\" width=\"1693\" height=\"1260\" src=\"https:\/\/cncrush.com\/wp-content\/uploads\/2024\/12\/Brushing.jpg\" class=\"attachment- size-\" alt=\"\" srcset=\"https:\/\/cncrush.com\/wp-content\/uploads\/2024\/12\/Brushing.jpg 1693w, https:\/\/cncrush.com\/wp-content\/uploads\/2024\/12\/Brushing-300x223.jpg 300w, https:\/\/cncrush.com\/wp-content\/uploads\/2024\/12\/Brushing-1024x762.jpg 1024w, https:\/\/cncrush.com\/wp-content\/uploads\/2024\/12\/Brushing-768x572.jpg 768w, https:\/\/cncrush.com\/wp-content\/uploads\/2024\/12\/Brushing-1536x1143.jpg 1536w, https:\/\/cncrush.com\/wp-content\/uploads\/2024\/12\/Brushing-16x12.jpg 16w\" sizes=\"auto, (max-width: 1693px) 100vw, 1693px\" title=\"\">\t\t\t\t\t\t\t\t\t\t\t<\/div>\n\t\t\t\t\t<\/div>\n\n\t\t<div class=\"box-text text-center\" >\n\t\t\t<div class=\"box-text-inner\">\n\t\t\t\t\n<h4>Brossage<\/h4>\n<p>Le brossage cr\u00e9e une finition textur\u00e9e et mate pour un look \u00e9l\u00e9gant.<\/p>\n\t\t\t<\/div>\n\t\t<\/div>\n\t<\/div>\n\t\n\t\t<\/div>\n\t\t\t\t\t<\/div>\n\n\t\n\n\t<div id=\"col-947437041\" class=\"col medium-4 small-12 large-4\"  >\n\t\t\t\t<div class=\"col-inner\"  >\n\t\t\t\n\t\t\t\n\t<div class=\"box has-hover   has-hover box-text-bottom\" >\n\n\t\t<div class=\"box-image\" >\n\t\t\t\t\t\t<div class=\"\" >\n\t\t\t\t<img loading=\"lazy\" decoding=\"async\" width=\"1600\" height=\"1068\" src=\"https:\/\/cncrush.com\/wp-content\/uploads\/2024\/12\/Polished.jpg\" class=\"attachment- size-\" alt=\"\" srcset=\"https:\/\/cncrush.com\/wp-content\/uploads\/2024\/12\/Polished.jpg 1600w, https:\/\/cncrush.com\/wp-content\/uploads\/2024\/12\/Polished-300x200.jpg 300w, https:\/\/cncrush.com\/wp-content\/uploads\/2024\/12\/Polished-1024x684.jpg 1024w, https:\/\/cncrush.com\/wp-content\/uploads\/2024\/12\/Polished-768x513.jpg 768w, https:\/\/cncrush.com\/wp-content\/uploads\/2024\/12\/Polished-1536x1025.jpg 1536w, https:\/\/cncrush.com\/wp-content\/uploads\/2024\/12\/Polished-18x12.jpg 18w\" sizes=\"auto, (max-width: 1600px) 100vw, 1600px\" title=\"\">\t\t\t\t\t\t\t\t\t\t\t<\/div>\n\t\t\t\t\t<\/div>\n\n\t\t<div class=\"box-text text-center\" >\n\t\t\t<div class=\"box-text-inner\">\n\t\t\t\t\n<h4>Polissage<\/h4>\n<p>Le polissage permet d'obtenir une surface brillante, lisse et r\u00e9fl\u00e9chissante.<\/p>\n\t\t\t<\/div>\n\t\t<\/div>\n\t<\/div>\n\t\n\t\t<\/div>\n\t\t\t\t\t<\/div>\n\n\t\n\n\t<div id=\"col-1735133455\" class=\"col medium-4 small-12 large-4\"  >\n\t\t\t\t<div class=\"col-inner\"  >\n\t\t\t\n\t\t\t\n\t<div class=\"box has-hover   has-hover box-text-bottom\" >\n\n\t\t<div class=\"box-image\" >\n\t\t\t\t\t\t<div class=\"\" >\n\t\t\t\t<img loading=\"lazy\" decoding=\"async\" width=\"660\" height=\"440\" src=\"https:\/\/cncrush.com\/wp-content\/uploads\/2024\/12\/Hardening.jpeg\" class=\"attachment- size-\" alt=\"\" srcset=\"https:\/\/cncrush.com\/wp-content\/uploads\/2024\/12\/Hardening.jpeg 660w, https:\/\/cncrush.com\/wp-content\/uploads\/2024\/12\/Hardening-300x200.jpeg 300w, https:\/\/cncrush.com\/wp-content\/uploads\/2024\/12\/Hardening-18x12.jpeg 18w\" sizes=\"auto, (max-width: 660px) 100vw, 660px\" title=\"\">\t\t\t\t\t\t\t\t\t\t\t<\/div>\n\t\t\t\t\t<\/div>\n\n\t\t<div class=\"box-text text-center\" >\n\t\t\t<div class=\"box-text-inner\">\n\t\t\t\t\n<h4>Durcissement<\/h4>\n<p>Le durcissement augmente la r\u00e9sistance, la r\u00e9sistance \u00e0 l'usure et la durabilit\u00e9.<\/p>\n\t\t\t<\/div>\n\t\t<\/div>\n\t<\/div>\n\t\n\t\t<\/div>\n\t\t\t\t\t<\/div>\n\n\t\n\n\t<div id=\"col-661516373\" class=\"col medium-4 small-12 large-4\"  >\n\t\t\t\t<div class=\"col-inner\"  >\n\t\t\t\n\t\t\t\n\t<div class=\"box has-hover   has-hover box-text-bottom\" >\n\n\t\t<div class=\"box-image\" >\n\t\t\t\t\t\t<div class=\"\" >\n\t\t\t\t<img loading=\"lazy\" decoding=\"async\" width=\"565\" height=\"334\" src=\"https:\/\/cncrush.com\/wp-content\/uploads\/2024\/12\/HVOF.jpg\" class=\"attachment- size-\" alt=\"\" srcset=\"https:\/\/cncrush.com\/wp-content\/uploads\/2024\/12\/HVOF.jpg 565w, https:\/\/cncrush.com\/wp-content\/uploads\/2024\/12\/HVOF-300x177.jpg 300w, https:\/\/cncrush.com\/wp-content\/uploads\/2024\/12\/HVOF-18x12.jpg 18w\" sizes=\"auto, (max-width: 565px) 100vw, 565px\" title=\"\">\t\t\t\t\t\t\t\t\t\t\t<\/div>\n\t\t\t\t\t<\/div>\n\n\t\t<div class=\"box-text text-center\" >\n\t\t\t<div class=\"box-text-inner\">\n\t\t\t\t\n<h4>Rev\u00eatement HVOF<\/h4>\n<p>HVOF est un rev\u00eatement haute densit\u00e9 pour une durabilit\u00e9 et une usure extr\u00eames<\/p>\n\t\t\t<\/div>\n\t\t<\/div>\n\t<\/div>\n\t\n\t\t<\/div>\n\t\t\t\t\t<\/div>\n\n\t\n\n\t<div id=\"col-430279906\" class=\"col medium-4 small-12 large-4\"  >\n\t\t\t\t<div class=\"col-inner\"  >\n\t\t\t\n\t\t\t\n\t<div class=\"box has-hover   has-hover box-text-bottom\" >\n\n\t\t<div class=\"box-image\" >\n\t\t\t\t\t\t<div class=\"\" >\n\t\t\t\t<img loading=\"lazy\" decoding=\"async\" width=\"1227\" height=\"792\" src=\"https:\/\/cncrush.com\/wp-content\/uploads\/2025\/06\/PVD.jpg\" class=\"attachment- size-\" alt=\"\" srcset=\"https:\/\/cncrush.com\/wp-content\/uploads\/2025\/06\/PVD.jpg 1227w, https:\/\/cncrush.com\/wp-content\/uploads\/2025\/06\/PVD-300x194.jpg 300w, https:\/\/cncrush.com\/wp-content\/uploads\/2025\/06\/PVD-1024x661.jpg 1024w, https:\/\/cncrush.com\/wp-content\/uploads\/2025\/06\/PVD-768x496.jpg 768w, https:\/\/cncrush.com\/wp-content\/uploads\/2025\/06\/PVD-18x12.jpg 18w\" sizes=\"auto, (max-width: 1227px) 100vw, 1227px\" title=\"\">\t\t\t\t\t\t\t\t\t\t\t<\/div>\n\t\t\t\t\t<\/div>\n\n\t\t<div class=\"box-text text-center\" >\n\t\t\t<div class=\"box-text-inner\">\n\t\t\t\t\n<h4>Rev\u00eatement PVD-DLC<\/h4>\n<p>Le PVD-DLC est un rev\u00eatement fin et r\u00e9sistant avec une duret\u00e9 \u00e9lev\u00e9e et un faible frottement.<\/p>\n\t\t\t<\/div>\n\t\t<\/div>\n\t<\/div>\n\t\n\t\t<\/div>\n\t\t\t\t\t<\/div>\n\n\t\n\n<style>\n#row-978757308 > .col > .col-inner {\n  padding: 40px 40px 40px 40px;\n  background-color: rgb(255,255,255);\n  border-radius: 20px;\n}\n<\/style>\n<\/div>\n\t\t<\/div>\n\n\t\t\n<style>\n#section_816212487 {\n  padding-top: 60px;\n  padding-bottom: 60px;\n  background-color: rgb(250, 250, 250);\n}\n<\/style>\n\t<\/section>\n\t\n<div class=\"row align-middle\"  id=\"row-647140523\">\n\n\t<div id=\"col-1858158293\" class=\"col medium-6 small-12 large-6\"  >\n\t\t\t\t<div class=\"col-inner\"  >\n\t\t\t\n\t\t\t\n\t<div id=\"text-541605035\" class=\"text\">\n\t\t\n<p><strong>Pourquoi choisir CNCRUSH pour le traitement de surface\u00a0?<\/strong><\/p>\n<p>Nous nous engageons \u00e0 fournir des r\u00e9sultats exceptionnels en offrant\u00a0:<\/p>\n<ul>\n<li>\n<p><strong>Contr\u00f4le de tol\u00e9rance strict\u00a0:<\/strong> Nous garantissons le respect pr\u00e9cis de tol\u00e9rances strictes, en maintenant les sp\u00e9cifications exactes requises pour vos pi\u00e8ces.<\/p>\n<\/li>\n<li>\n<p><strong>Esth\u00e9tique sup\u00e9rieure\u00a0:<\/strong> Notre processus de traitement de surface garantit une couleur constante et une \u00e9paisseur uniforme sur toutes les couches, garantissant une finition impeccable.<\/p>\n<\/li>\n<li>\n<p><strong>Manipulation et logistique s\u00fbres\u00a0:<\/strong> Gr\u00e2ce \u00e0 une logistique interne soign\u00e9e, nous prot\u00e9geons vos pi\u00e8ces de toute meurtrissure, \u00e9gratignure ou dommage pendant le processus de production.<\/p>\n<\/li>\n<li>\n<p><strong>D\u00e9lai d'ex\u00e9cution rapide et livraison \u00e0 temps\u00a0:<\/strong> Nous sommes fiers de fournir des d\u00e9lais de livraison courts et de respecter syst\u00e9matiquement les d\u00e9lais de livraison, garantissant ainsi que votre projet reste dans les d\u00e9lais.<\/p>\n<\/li>\n<\/ul>\n\t\t\n<style>\n#text-541605035 {\n  font-size: 1rem;\n  color: rgb(0,0,0);\n}\n#text-541605035 > * {\n  color: rgb(0,0,0);\n}\n<\/style>\n\t<\/div>\n\t\n\t\t<\/div>\n\t\t\t\t\t<\/div>\n\n\t\n\n\t<div id=\"col-1842592583\" class=\"col medium-6 small-12 large-6\"  >\n\t\t\t\t<div class=\"col-inner\"  >\n\t\t\t\n\t\t\t\n\t<div class=\"img has-hover x md-x lg-x y md-y lg-y\" id=\"image_1014226359\">\n\t\t\t\t\t\t\t\t<div class=\"img-inner dark\" >\n\t\t\t<img loading=\"lazy\" decoding=\"async\" width=\"800\" height=\"600\" src=\"https:\/\/cncrush.com\/wp-content\/uploads\/2024\/11\/4.png\" class=\"attachment-large size-large\" alt=\"Aluminium anodis\u00e9\" srcset=\"https:\/\/cncrush.com\/wp-content\/uploads\/2024\/11\/4.png 800w, https:\/\/cncrush.com\/wp-content\/uploads\/2024\/11\/4-300x225.png 300w, https:\/\/cncrush.com\/wp-content\/uploads\/2024\/11\/4-768x576.png 768w, https:\/\/cncrush.com\/wp-content\/uploads\/2024\/11\/4-16x12.png 16w\" sizes=\"auto, (max-width: 800px) 100vw, 800px\" title=\"\">\t\t\t\t\t\t\n\t\t\t\t\t<\/div>\n\t\t\t\t\t\t\t\t\n<style>\n#image_1014226359 {\n  width: 100%;\n}\n<\/style>\n\t<\/div>\n\t\n\t\t<\/div>\n\t\t\t\t\t<\/div>\n\n\t\n<\/div>\n<div class=\"row row-collapse row-full-width\"  id=\"row-1928936481\">\n\n\t<div id=\"col-1968258306\" class=\"col small-12 large-12\"  >\n\t\t\t\t<div class=\"col-inner text-center dark\"  >\n\t\t\t\n\t\t\t\n\n  <div class=\"banner has-hover\" id=\"banner-1354978759\">\n          <div class=\"banner-inner fill\">\n        <div class=\"banner-bg fill\" >\n            <img loading=\"lazy\" decoding=\"async\" width=\"1020\" height=\"421\" src=\"https:\/\/cncrush.com\/wp-content\/uploads\/2024\/09\/milled-stainless-steel-background-1024x423.webp\" class=\"bg attachment-large size-large\" alt=\"\" title=\"\">                        <div class=\"overlay\"><\/div>            \n                    <\/div>\n\t\t\n        <div class=\"banner-layers container\">\n            <div class=\"fill banner-link\"><\/div>            \n   <div id=\"text-box-2075738278\" class=\"text-box banner-layer x50 md-x50 lg-x50 y50 md-y50 lg-y50 res-text\">\n                                <div class=\"text-box-content text dark\">\n              \n              <div class=\"text-inner text-center\">\n                  \n\t<div id=\"text-1871141610\" class=\"text\">\n\t\t\n<h2>Int\u00e9ress\u00e9? Obtenez un devis gratuit de services CNC d\u00e8s aujourd'hui\u00a0!<\/h2>\n\t\t\n<style>\n#text-1871141610 {\n  font-size: 1rem;\n}\n<\/style>\n\t<\/div>\n\t\n<a href=\"https:\/\/cncrush.com\/fr\/envoyer-une-demande\/\" class=\"button alert\"  >\n\t\t<span>Envoyez votre demande<\/span>\n\t<\/a>\n\n              <\/div>\n           <\/div>\n                            \n<style>\n#text-box-2075738278 {\n  width: 100%;\n}\n#text-box-2075738278 .text-box-content {\n  font-size: 100%;\n}\n@media (min-width:550px) {\n  #text-box-2075738278 {\n    width: 98%;\n  }\n}\n<\/style>\n    <\/div>\n \n        <\/div>\n      <\/div>\n\n            \n<style>\n#banner-1354978759 {\n  padding-top: 99.99%;\n}\n#banner-1354978759 .overlay {\n  background-color: rgba(0, 0, 0, 0.17);\n}\n#banner-1354978759 .banner-bg img {\n  object-position: 47% 60%;\n}\n@media (min-width:550px) {\n  #banner-1354978759 {\n    padding-top: 128px;\n  }\n}\n<\/style>\n  <\/div>\n\n\n\t\t<\/div>\n\t\t\t\t\t<\/div>\n\n\t\n<\/div>","protected":false},"excerpt":{"rendered":"","protected":false},"author":1,"featured_media":0,"parent":0,"menu_order":0,"comment_status":"closed","ping_status":"closed","template":"page-blank.php","meta":{"footnotes":""},"class_list":["post-25","page","type-page","status-publish","hentry"],"_links":{"self":[{"href":"https:\/\/cncrush.com\/fr\/wp-json\/wp\/v2\/pages\/25","targetHints":{"allow":["GET"]}}],"collection":[{"href":"https:\/\/cncrush.com\/fr\/wp-json\/wp\/v2\/pages"}],"about":[{"href":"https:\/\/cncrush.com\/fr\/wp-json\/wp\/v2\/types\/page"}],"author":[{"embeddable":true,"href":"https:\/\/cncrush.com\/fr\/wp-json\/wp\/v2\/users\/1"}],"replies":[{"embeddable":true,"href":"https:\/\/cncrush.com\/fr\/wp-json\/wp\/v2\/comments?post=25"}],"version-history":[{"count":0,"href":"https:\/\/cncrush.com\/fr\/wp-json\/wp\/v2\/pages\/25\/revisions"}],"wp:attachment":[{"href":"https:\/\/cncrush.com\/fr\/wp-json\/wp\/v2\/media?parent=25"}],"curies":[{"name":"wp","href":"https:\/\/api.w.org\/{rel}","templated":true}]}}