{"id":29,"date":"2024-09-29T03:50:01","date_gmt":"2024-09-29T03:50:01","guid":{"rendered":"https:\/\/cncrush.com\/?page_id=29"},"modified":"2024-12-20T14:06:29","modified_gmt":"2024-12-20T14:06:29","slug":"genie-electrique","status":"publish","type":"page","link":"https:\/\/cncrush.com\/fr\/genie-electrique\/","title":{"rendered":"G\u00e9nie \u00e9lectrique"},"content":{"rendered":"<section class=\"section dark\" id=\"section_2128799004\">\n\t\t<div class=\"section-bg fill\" >\n\t\t\t<img loading=\"lazy\" decoding=\"async\" width=\"2100\" height=\"700\" src=\"https:\/\/cncrush.com\/wp-content\/uploads\/2024\/10\/electrical-engineering.webp\" class=\"bg attachment- size-\" alt=\"\" title=\"\">\t\t\t\t\t\t<div class=\"section-bg-overlay absolute fill\"><\/div><button class=\"scroll-for-more z-5 icon absolute bottom h-center\" aria-label=\"Fais d\u00e9filer pour en savoir plus\"><i class=\"icon-angle-down\" style=\"font-size:42px;\" ><\/i><\/button>\n\t\t\t\n\n\t\t<\/div>\n\n\t\t\n\n\t\t<div class=\"section-content relative\">\n\t\t\t\n<div class=\"row align-center\"  id=\"row-239567941\">\n\n\t<div id=\"col-1685098542\" class=\"col medium-10 small-12 large-10\"  >\n\t\t\t\t<div class=\"col-inner text-center\"  >\n\t\t\t\n\t\t\t\n\t<div id=\"text-1744340633\" class=\"text\">\n\t\t\n<h1>Solutions CNC pour le g\u00e9nie \u00e9lectrique<\/h1>\n\t\t\n<style>\n#text-1744340633 {\n  font-size: 1.35rem;\n}\n@media (min-width:550px) {\n  #text-1744340633 {\n    font-size: 2rem;\n  }\n}\n<\/style>\n\t<\/div>\n\t\n<div class=\"row\"  id=\"row-1132973424\">\n\n\t<div id=\"col-78599068\" class=\"col medium-9 small-12 large-9\"  >\n\t\t\t\t<div class=\"col-inner\"  >\n\t\t\t\n\t\t\t\n<p>Chez CNCRUSH, nous sommes sp\u00e9cialis\u00e9s dans la production de pi\u00e8ces tourn\u00e9es-frais\u00e9es de haute pr\u00e9cision n\u00e9cessaires \u00e0 la construction de vos produits \u00e9lectriques avanc\u00e9s. Nous proposons une production flexible sur demande ou sous contrat, garantissant des livraisons dans les d\u00e9lais bas\u00e9es sur les principes du juste \u00e0 temps (JIT).<\/p>\n\t\t<\/div>\n\t\t\t\t\t<\/div>\n\n\t\n<\/div>\n\t\t<\/div>\n\t\t\t\t\t<\/div>\n\n\t\n<\/div>\n\t\t<\/div>\n\n\t\t\n<style>\n#section_2128799004 {\n  padding-top: 30px;\n  padding-bottom: 30px;\n  min-height: 100px;\n}\n#section_2128799004 .section-bg-overlay {\n  background-color: rgba(0, 0, 0, 0.384);\n}\n#section_2128799004 .section-bg img {\n  object-position: 53% 58%;\n}\n@media (min-width:550px) {\n  #section_2128799004 {\n    min-height: 600px;\n  }\n}\n<\/style>\n\t<\/section>\n\t\n\n\t<section class=\"section\" id=\"section_815783279\">\n\t\t<div class=\"section-bg fill\" >\n\t\t\t\t\t\t\t\t\t\n\t\t\t\n\n\t\t<\/div>\n\n\t\t\n\n\t\t<div class=\"section-content relative\">\n\t\t\t\n<div class=\"row row-large steps-simple-headline\"  id=\"row-1298379446\">\n\n\t<div id=\"col-861869018\" class=\"col medium-8 small-12 large-12\"  >\n\t\t\t\t<div class=\"col-inner\"  >\n\t\t\t\n\t\t\t\n<div class=\"row row-collapse\"  id=\"row-1502100107\">\n\n\t<div id=\"col-746247825\" class=\"col medium-1 small-2 large-1\"  >\n\t\t\t\t<div class=\"col-inner\"  >\n\t\t\t\n\t\t\t\n<h2>01<\/h2>\n\t\t<\/div>\n\t\t\t\t\t<\/div>\n\n\t\n\n\t<div id=\"col-491866271\" class=\"col medium-11 small-10 large-11\"  >\n\t\t\t\t<div class=\"col-inner\"  >\n\t\t\t\n\t\t\t\n<h3>Pi\u00e8ces que nous fabriquons<\/h3>\n<ul>\n<li><strong>Bo\u00eetiers en aluminium<\/strong> pour circuits \u00e9lectroniques et modules \u00e9lectro-optiques<\/li>\n<li><strong>Composants pour sources laser<\/strong> en aluminium et cuivre<\/li>\n<li><strong>Pi\u00e8ces pour l'industrie des semi-conducteurs<\/strong><\/li>\n<\/ul>\n\t\t<\/div>\n\t\t\t\t\t<\/div>\n\n\t\n<\/div>\n<div class=\"is-divider divider clearfix\" style=\"margin-top:10px;margin-bottom:10px;max-width:100%;height:1px;\"><\/div>\n<div class=\"row row-collapse\"  id=\"row-102583717\">\n\n\t<div id=\"col-2064131260\" class=\"col medium-1 small-2 large-1\"  >\n\t\t\t\t<div class=\"col-inner\"  >\n\t\t\t\n\t\t\t\n<h2>02<\/h2>\n\t\t<\/div>\n\t\t\t\t\t<\/div>\n\n\t\n\n\t<div id=\"col-1954618849\" class=\"col medium-11 small-10 large-11\"  >\n\t\t\t\t<div class=\"col-inner\"  >\n\t\t\t\n\t\t\t\n<h3>Notre processus<\/h3>\n<ul>\n<li><strong>Pr\u00e9cision:<\/strong> Nous tournons et fraisons des pi\u00e8ces avec une pr\u00e9cision exceptionnelle, respectant des tol\u00e9rances aussi strictes que 0,01 mm ou moins.<\/li>\n<li><strong>Esth\u00e9tique &amp; Qualit\u00e9 :<\/strong> 100% de nos pi\u00e8ces sont soumises \u00e0 une inspection rigoureuse de la qualit\u00e9 de la surface, de la nettet\u00e9 des bords, des intersections des trous et de l'absence de bavures.<\/li>\n<li><strong>Propret\u00e9:<\/strong> Tous les composants sont lav\u00e9s industriellement et prot\u00e9g\u00e9s contre la corrosion et les dommages pendant le transport.<\/li>\n<li><strong>Anodisation\u00a0:<\/strong> Nous r\u00e9alisons une anodisation \u00e0 la fois d\u00e9corative et technique pour am\u00e9liorer la fonctionnalit\u00e9 et l'apparence de vos pi\u00e8ces.<\/li>\n<\/ul>\n\t\t<\/div>\n\t\t\t\t\t<\/div>\n\n\t\n<\/div>\n<div class=\"is-divider divider clearfix\" style=\"margin-top:10px;margin-bottom:10px;max-width:100%;height:1px;\"><\/div>\n<div class=\"row row-collapse align-middle\"  id=\"row-1460513439\">\n\n\t<div id=\"col-1533605735\" class=\"col medium-1 small-2 large-1\"  >\n\t\t\t\t<div class=\"col-inner\"  >\n\t\t\t\n\t\t\t\n<h2>03<\/h2>\n\t\t<\/div>\n\t\t\t\t\t<\/div>\n\n\t\n\n\t<div id=\"col-1537118149\" class=\"col medium-11 small-10 large-11\"  >\n\t\t\t\t<div class=\"col-inner\"  >\n\t\t\t\n\t\t\t\n<h3>Assurance qualit\u00e9<\/h3>\n<p>Nous garantissons la pr\u00e9cision de nos pi\u00e8ces \u00e0 tol\u00e9rances serr\u00e9es en utilisant le <strong>Machine \u00e0 mesurer tridimensionnelle Hexagon X-METRO<\/strong>, qui garantit une pr\u00e9cision de mesure jusqu'\u00e0 0,002 mm.<\/p>\n<p>En collaboration avec nos clients, nous pr\u00e9d\u00e9finissons des strat\u00e9gies de contr\u00f4le et de mesure pour r\u00e9pondre \u00e0 des sp\u00e9cifications exactes. Chaque pi\u00e8ce est v\u00e9rifi\u00e9e r\u00e9guli\u00e8rement sur la base de notre plan de contr\u00f4le, et un contr\u00f4le statistique des dimensions critiques est effectu\u00e9 chaque fois que possible.<\/p>\n\t\t<\/div>\n\t\t\t\t\t<\/div>\n\n\t\n<\/div>\n<div class=\"is-divider divider clearfix\" style=\"margin-top:10px;margin-bottom:10px;max-width:100%;height:1px;\"><\/div>\n\t\t<\/div>\n\t\t\t\t\t<\/div>\n\n\t\n<\/div>\n\t\t<\/div>\n\n\t\t\n<style>\n#section_815783279 {\n  padding-top: 60px;\n  padding-bottom: 60px;\n}\n<\/style>\n\t<\/section>\n\t\n<div class=\"row row-collapse row-full-width\"  id=\"row-1814015496\">\n\n\t<div id=\"col-1209637598\" class=\"col small-12 large-12\"  >\n\t\t\t\t<div class=\"col-inner text-center dark\"  >\n\t\t\t\n\t\t\t\n\n  <div class=\"banner has-hover\" id=\"banner-1156841159\">\n          <div class=\"banner-inner fill\">\n        <div class=\"banner-bg fill\" >\n            <img loading=\"lazy\" decoding=\"async\" width=\"1020\" height=\"421\" src=\"https:\/\/cncrush.com\/wp-content\/uploads\/2024\/09\/milled-stainless-steel-background-1024x423.webp\" class=\"bg attachment-large size-large\" alt=\"\" title=\"\">                        <div class=\"overlay\"><\/div>            \n                    <\/div>\n\t\t\n        <div class=\"banner-layers container\">\n            <div class=\"fill banner-link\"><\/div>            \n   <div id=\"text-box-760128960\" class=\"text-box banner-layer x50 md-x50 lg-x50 y50 md-y50 lg-y50 res-text\">\n                                <div class=\"text-box-content text dark\">\n              \n              <div class=\"text-inner text-center\">\n                  \n\t<div id=\"text-789365036\" class=\"text\">\n\t\t\n<h3>Cela semble int\u00e9ressant ? Obtenez un devis gratuit d\u00e8s aujourd'hui\u00a0!<\/h3>\n\t\t\n<style>\n#text-789365036 {\n  font-size: 0.75rem;\n  text-align: center;\n}\n<\/style>\n\t<\/div>\n\t\n<a href=\"https:\/\/cncrush.com\/fr\/envoyer-une-demande\/\" class=\"button alert\"  >\n\t\t<span>Envoyez votre demande<\/span>\n\t<\/a>\n\n              <\/div>\n           <\/div>\n                            \n<style>\n#text-box-760128960 {\n  width: 100%;\n}\n#text-box-760128960 .text-box-content {\n  font-size: 100%;\n}\n@media (min-width:550px) {\n  #text-box-760128960 {\n    width: 94%;\n  }\n}\n<\/style>\n    <\/div>\n \n        <\/div>\n      <\/div>\n\n            \n<style>\n#banner-1156841159 {\n  padding-top: 99.99%;\n}\n#banner-1156841159 .overlay {\n  background-color: rgba(0, 0, 0, 0.17);\n}\n#banner-1156841159 .banner-bg img {\n  object-position: 47% 60%;\n}\n@media (min-width:550px) {\n  #banner-1156841159 {\n    padding-top: 118px;\n  }\n}\n<\/style>\n  <\/div>\n\n\n\t\t<\/div>\n\t\t\t\t\t<\/div>\n\n\t\n<\/div>","protected":false},"excerpt":{"rendered":"","protected":false},"author":1,"featured_media":0,"parent":0,"menu_order":0,"comment_status":"closed","ping_status":"closed","template":"page-blank.php","meta":{"footnotes":""},"class_list":["post-29","page","type-page","status-publish","hentry"],"_links":{"self":[{"href":"https:\/\/cncrush.com\/fr\/wp-json\/wp\/v2\/pages\/29","targetHints":{"allow":["GET"]}}],"collection":[{"href":"https:\/\/cncrush.com\/fr\/wp-json\/wp\/v2\/pages"}],"about":[{"href":"https:\/\/cncrush.com\/fr\/wp-json\/wp\/v2\/types\/page"}],"author":[{"embeddable":true,"href":"https:\/\/cncrush.com\/fr\/wp-json\/wp\/v2\/users\/1"}],"replies":[{"embeddable":true,"href":"https:\/\/cncrush.com\/fr\/wp-json\/wp\/v2\/comments?post=29"}],"version-history":[{"count":0,"href":"https:\/\/cncrush.com\/fr\/wp-json\/wp\/v2\/pages\/29\/revisions"}],"wp:attachment":[{"href":"https:\/\/cncrush.com\/fr\/wp-json\/wp\/v2\/media?parent=29"}],"curies":[{"name":"wp","href":"https:\/\/api.w.org\/{rel}","templated":true}]}}