{"id":3,"date":"2024-09-29T03:41:52","date_gmt":"2024-09-29T03:41:52","guid":{"rendered":"http:\/\/cncrush.com\/?page_id=3"},"modified":"2024-10-03T15:38:15","modified_gmt":"2024-10-03T15:38:15","slug":"politique-de-confidentialite","status":"publish","type":"page","link":"https:\/\/cncrush.com\/fr\/politique-de-confidentialite\/","title":{"rendered":"politique de confidentialit\u00e9"},"content":{"rendered":"<p>\u00c0 <strong><a href=\"https:\/\/cncrush.com\/fr\/\">CNCRUSH<\/a><\/strong>, votre vie priv\u00e9e est de la plus haute importance pour nous. Cette politique de confidentialit\u00e9 d\u00e9crit la mani\u00e8re dont nous collectons, utilisons, divulguons et prot\u00e9geons vos informations personnelles lorsque vous visitez notre site Web, <a href=\"https:\/\/cncrush.com\/fr\/\" target=\"_new\" rel=\"noopener\">https:\/\/cncrush.com\/<\/a> (\u00ab le site Web \u00bb), ou lorsque vous interagissez avec nous de quelque mani\u00e8re que ce soit. En utilisant notre site Web ou en utilisant nos services, vous consentez aux pratiques d\u00e9crites dans cette politique.<\/p>\r\n<h4 class=\"wp-block-heading\"><strong>1. Informations que nous collectons<\/strong><\/h4>\r\n<p>Nous collectons plusieurs types d\u2019informations aupr\u00e8s des utilisateurs de notre site Web, notamment\u00a0:<\/p>\r\n<ul>\r\n<li>\r\n<p><strong>Informations d'identification personnelle (PII)\u00a0:<\/strong> Cela peut inclure votre nom, votre adresse e-mail, votre num\u00e9ro de t\u00e9l\u00e9phone, le nom de votre entreprise et toute autre information personnelle que vous fournissez lorsque vous\u00a0:<\/p>\r\n<ul>\r\n<li>Demander un devis<\/li>\r\n<li>Contactez-nous par e-mail ou par formulaire<\/li>\r\n<li>Abonnez-vous aux newsletters ou aux communications marketing<\/li>\r\n<li>Interagissez avec nous sur les r\u00e9seaux sociaux ou via nos canaux de service client<\/li>\r\n<\/ul>\r\n<\/li>\r\n<li>\r\n<p><strong>Informations non personnelles\u00a0:<\/strong> Nous pouvons \u00e9galement collecter des donn\u00e9es non personnelles qui ne r\u00e9v\u00e8lent pas votre identit\u00e9 sp\u00e9cifique, telles que le type de navigateur, les informations sur l'appareil, l'emplacement g\u00e9ographique et la mani\u00e8re dont vous utilisez notre site Web (par exemple, les pages consult\u00e9es, le temps pass\u00e9 sur le site).<\/p>\r\n<\/li>\r\n<li>\r\n<p><strong>Cookies et technologies de suivi\u00a0:<\/strong> Nous utilisons des cookies et d'autres technologies de suivi pour am\u00e9liorer votre exp\u00e9rience sur notre site Web et collecter des donn\u00e9es sur votre comportement de navigation. Pour plus d'informations sur la fa\u00e7on dont nous utilisons les cookies, veuillez vous r\u00e9f\u00e9rer \u00e0 notre <a target=\"_new\" rel=\"noopener\">Politique de cookies<\/a>.<\/p>\r\n<\/li>\r\n<\/ul>\r\n<h4><strong>2. Comment nous utilisons vos informations<\/strong><\/h4>\r\n<p>Nous utilisons les informations que nous collectons pour\u00a0:<\/p>\r\n<ul>\r\n<li>Fournir et am\u00e9liorer nos services d\u2019usinage CNC<\/li>\r\n<li>R\u00e9pondre \u00e0 vos demandes, demandes ou r\u00e9aliser des devis<\/li>\r\n<li>Personnalisez votre exp\u00e9rience sur notre site Web<\/li>\r\n<li>Communiquer avec vous \u00e0 propos des mises \u00e0 jour, des promotions ou d'autres informations pertinentes<\/li>\r\n<li>Analyser et am\u00e9liorer les performances de notre site Web<\/li>\r\n<li>Respecter les obligations l\u00e9gales et prot\u00e9ger nos droits<\/li>\r\n<\/ul>\r\n<p>Vos informations nous aident \u00e0 mieux comprendre vos besoins et \u00e0 am\u00e9liorer nos services. Nous collectons uniquement les informations n\u00e9cessaires \u00e0 ces fins et nous respectons votre vie priv\u00e9e en garantissant que vos donn\u00e9es sont trait\u00e9es en toute s\u00e9curit\u00e9.<\/p>\r\n<h4><strong>3. Base juridique du traitement<\/strong><\/h4>\r\n<p>Nous traitons les donn\u00e9es personnelles sur la base des fondements juridiques suivants\u00a0:<\/p>\r\n<ul>\r\n<li><strong>Obligation contractuelle\u00a0:<\/strong> Lorsque vous demandez nos services (par exemple, demander un devis ou effectuer un achat), nous traitons vos donn\u00e9es personnelles pour remplir notre contrat avec vous.<\/li>\r\n<li><strong>Int\u00e9r\u00eats l\u00e9gitimes\u00a0:<\/strong> Nous pouvons traiter vos donn\u00e9es personnelles \u00e0 des fins commerciales l\u00e9gitimes, telles que l'am\u00e9lioration de nos services, nos communications marketing ou l'am\u00e9lioration de votre exp\u00e9rience.<\/li>\r\n<li><strong>Consentement:<\/strong> Lorsque la loi l'exige, nous obtiendrons votre consentement avant de collecter ou de traiter vos donn\u00e9es, par exemple pour l'envoi d'e-mails marketing.<\/li>\r\n<li><strong>Respect des obligations l\u00e9gales\u00a0:<\/strong> Nous pouvons \u00e9galement traiter vos donn\u00e9es personnelles pour nous conformer aux lois et r\u00e9glementations applicables.<\/li>\r\n<\/ul>\r\n<h4><strong>4. Partage et divulgation de vos informations<\/strong><\/h4>\r\n<p>Nous ne vendons, n\u2019\u00e9changeons ni ne louons vos donn\u00e9es personnelles \u00e0 des tiers. Cependant, nous pouvons partager vos informations dans les circonstances suivantes\u00a0:<\/p>\r\n<ul>\r\n<li>\r\n<p><strong>Fournisseurs de services\u00a0:<\/strong> Nous pouvons partager vos donn\u00e9es avec des fournisseurs tiers de confiance qui fournissent des services en notre nom, tels que l'h\u00e9bergement de sites Web, l'analyse de donn\u00e9es, l'envoi d'e-mails ou le traitement des paiements. Ces tiers sont li\u00e9s par des accords de confidentialit\u00e9 et n'utilisent vos donn\u00e9es que pour les services sp\u00e9cifiques que nous demandons.<\/p>\r\n<\/li>\r\n<li>\r\n<p><strong>Conformit\u00e9 juridique\u00a0:<\/strong> Nous pouvons divulguer vos informations si la loi l'exige, par exemple en r\u00e9ponse \u00e0 une ordonnance d'un tribunal ou \u00e0 une demande du gouvernement, ou pour prot\u00e9ger nos droits l\u00e9gaux, pr\u00e9venir la fraude ou assurer la s\u00e9curit\u00e9 de nos utilisateurs.<\/p>\r\n<\/li>\r\n<li>\r\n<p><strong>Transferts d'entreprises\u00a0:<\/strong> En cas de fusion, d'acquisition ou de vente d'actifs, vos donn\u00e9es personnelles pourront \u00eatre transf\u00e9r\u00e9es dans le cadre de la transaction commerciale.<\/p>\r\n<\/li>\r\n<\/ul>\r\n<h4><strong>5. S\u00e9curit\u00e9 des donn\u00e9es<\/strong><\/h4>\r\n<p>Nous prenons la s\u00e9curit\u00e9 de vos informations personnelles au s\u00e9rieux et employons diverses mesures pour les prot\u00e9ger contre tout acc\u00e8s, divulgation, alt\u00e9ration ou destruction non autoris\u00e9s. Ces mesures comprennent :<\/p>\r\n<ul>\r\n<li>H\u00e9bergement de serveur s\u00e9curis\u00e9 et pare-feu<\/li>\r\n<li>Cryptage des donn\u00e9es sensibles lors de la transmission (par exemple, SSL)<\/li>\r\n<li>Acc\u00e8s restreint aux donn\u00e9es personnelles au personnel autoris\u00e9 uniquement<\/li>\r\n<\/ul>\r\n<p>Cependant, aucune m\u00e9thode de transmission ou de stockage n'est s\u00e9curis\u00e9e 100%, et m\u00eame si nous nous effor\u00e7ons de prot\u00e9ger vos informations personnelles, nous ne pouvons garantir leur s\u00e9curit\u00e9 absolue.<\/p>\r\n<h4><strong>6. Vos droits en mati\u00e8re de donn\u00e9es<\/strong><\/h4>\r\n<p>Vous disposez des droits suivants concernant vos donn\u00e9es personnelles :<\/p>\r\n<ul>\r\n<li><strong>Acc\u00e9der:<\/strong> Vous avez le droit de demander une copie des donn\u00e9es personnelles que nous d\u00e9tenons \u00e0 votre sujet.<\/li>\r\n<li><strong>Correction:<\/strong> Vous pouvez demander que nous corrigions toute inexactitude dans vos informations personnelles.<\/li>\r\n<li><strong>Effacement:<\/strong> Vous pouvez demander que nous supprimions vos donn\u00e9es personnelles sous certaines conditions.<\/li>\r\n<li><strong>Restriction du traitement\u00a0:<\/strong> Vous pouvez demander que nous limitions le traitement de vos donn\u00e9es dans des circonstances sp\u00e9cifiques.<\/li>\r\n<li><strong>Portabilit\u00e9 des donn\u00e9es\u00a0:<\/strong> Vous avez le droit de recevoir vos donn\u00e9es personnelles dans un format structur\u00e9, couramment utilis\u00e9 et lisible par machine.<\/li>\r\n<li><strong>Objection:<\/strong> Vous pouvez \u00e0 tout moment vous opposer au traitement de vos donn\u00e9es \u00e0 des fins de marketing.<\/li>\r\n<\/ul>\r\n<p>Pour exercer l'un de ces droits, veuillez nous contacter \u00e0 <a rel=\"noopener\"><span \n                data-original-string='+aU5q2EbmHqj6eXm8\/rgbA==250ZcR+8fbhqtwkgZuERdUgf7cUy6IUGIR9UxpIDffc9LA='\n                class='apbct-email-encoder'\n                title='Ce contact a \u00e9t\u00e9 cod\u00e9 par Anti-Spam de CleanTalk. Cliquez pour d\u00e9coder. Pour terminer le d\u00e9codage, assurez-vous que JavaScript est activ\u00e9 dans votre navigateur.'>dans<span class=\"apbct-blur\">**<\/span>@<span class=\"apbct-blur\">*****<\/span>sh.com<\/span><\/a>. Nous r\u00e9pondrons \u00e0 votre demande dans les d\u00e9lais requis par la loi applicable.<\/p>\r\n<h4><strong>7. Transferts de donn\u00e9es internationaux<\/strong><\/h4>\r\n<p>En tant que soci\u00e9t\u00e9 bas\u00e9e en Chine, vos donn\u00e9es personnelles peuvent \u00eatre transf\u00e9r\u00e9es et trait\u00e9es dans des pays en dehors de votre pays de r\u00e9sidence. Si vous r\u00e9sidez dans l'Espace \u00e9conomique europ\u00e9en (EEE), cela peut inclure des transferts vers des pays qui n'ont pas les m\u00eames lois sur la protection des donn\u00e9es que votre pays. Cependant, nous prendrons toutes les mesures raisonnables pour garantir que vos donn\u00e9es soient trait\u00e9es de mani\u00e8re s\u00e9curis\u00e9e et conform\u00e9ment \u00e0 la pr\u00e9sente politique de confidentialit\u00e9.<\/p>\r\n<h4><strong>8. Conservation des donn\u00e9es<\/strong><\/h4>\r\n<p>Nous conservons vos informations personnelles uniquement aussi longtemps que n\u00e9cessaire pour atteindre les objectifs pour lesquels elles ont \u00e9t\u00e9 collect\u00e9es, ou comme l'exige la loi. Lorsque nous n\u2019aurons plus besoin de vos donn\u00e9es, nous les supprimerons ou les anonymiserons en toute s\u00e9curit\u00e9.<\/p>\r\n<h4><strong>9. Liens tiers<\/strong><\/h4>\r\n<p>Notre site Web peut contenir des liens vers des sites Web de tiers. Nous ne sommes pas responsables des pratiques de confidentialit\u00e9 ou du contenu de ces sites externes. Nous vous encourageons \u00e0 consulter les politiques de confidentialit\u00e9 de tout site Web tiers que vous visitez.<\/p>\r\n<h4><strong>10. Modifications de cette politique de confidentialit\u00e9<\/strong><\/h4>\r\n<p>Nous pouvons mettre \u00e0 jour cette politique de confidentialit\u00e9 de temps \u00e0 autre pour refl\u00e9ter des changements dans nos pratiques ou pour des raisons juridiques et r\u00e9glementaires. Toute modification sera publi\u00e9e sur cette page avec une \u00ab\u00a0Date d\u2019entr\u00e9e en vigueur\u00a0\u00bb mise \u00e0 jour. Nous vous encourageons \u00e0 consulter cette politique p\u00e9riodiquement pour rester inform\u00e9 de la mani\u00e8re dont nous prot\u00e9geons vos donn\u00e9es.<\/p>\r\n<h4><strong>Contactez-nous<\/strong><\/h4>\r\n<p>Si vous avez des questions ou des pr\u00e9occupations concernant cette politique de confidentialit\u00e9 ou la mani\u00e8re dont nous traitons vos informations personnelles, veuillez nous contacter \u00e0 l'adresse suivante\u00a0:<\/p>\r\n<p><strong>E-mail:<\/strong> <a rel=\"noopener\"><span \n                data-original-string='mnmccLUAH0H3pqkzKoMetw==250dMFOuo2FNIGf\/tGDsVxmnM7nXeh1pWI4LJMv1dBzM14='\n                class='apbct-email-encoder'\n                title='Ce contact a \u00e9t\u00e9 cod\u00e9 par Anti-Spam de CleanTalk. Cliquez pour d\u00e9coder. Pour terminer le d\u00e9codage, assurez-vous que JavaScript est activ\u00e9 dans votre navigateur.'>dans<span class=\"apbct-blur\">**<\/span>@<span class=\"apbct-blur\">*****<\/span>sh.com<\/span><\/a><\/p>","protected":false},"excerpt":{"rendered":"<p>At CNCRUSH, your privacy is of the utmost importance to us. This Privacy Policy outlines how we collect, use, disclose, and protect your personal information when you visit our website, https:\/\/cncrush.com\/ (&#8220;the Website&#8221;), or when you interact with us in any way. By using our Website or engaging with our services, you consent to the [&#8230;]\n","protected":false},"author":1,"featured_media":0,"parent":0,"menu_order":0,"comment_status":"closed","ping_status":"closed","template":"page-blank-title-center.php","meta":{"footnotes":""},"class_list":["post-3","page","type-page","status-publish","hentry"],"_links":{"self":[{"href":"https:\/\/cncrush.com\/fr\/wp-json\/wp\/v2\/pages\/3","targetHints":{"allow":["GET"]}}],"collection":[{"href":"https:\/\/cncrush.com\/fr\/wp-json\/wp\/v2\/pages"}],"about":[{"href":"https:\/\/cncrush.com\/fr\/wp-json\/wp\/v2\/types\/page"}],"author":[{"embeddable":true,"href":"https:\/\/cncrush.com\/fr\/wp-json\/wp\/v2\/users\/1"}],"replies":[{"embeddable":true,"href":"https:\/\/cncrush.com\/fr\/wp-json\/wp\/v2\/comments?post=3"}],"version-history":[{"count":0,"href":"https:\/\/cncrush.com\/fr\/wp-json\/wp\/v2\/pages\/3\/revisions"}],"wp:attachment":[{"href":"https:\/\/cncrush.com\/fr\/wp-json\/wp\/v2\/media?parent=3"}],"curies":[{"name":"wp","href":"https:\/\/api.w.org\/{rel}","templated":true}]}}