{"id":31,"date":"2024-09-29T03:50:09","date_gmt":"2024-09-29T03:50:09","guid":{"rendered":"https:\/\/cncrush.com\/?page_id=31"},"modified":"2024-12-20T14:11:01","modified_gmt":"2024-12-20T14:11:01","slug":"construction-de-machines-et-automatisation","status":"publish","type":"page","link":"https:\/\/cncrush.com\/fr\/construction-de-machines-et-automatisation\/","title":{"rendered":"Construction de machines et automatisation"},"content":{"rendered":"<section class=\"section dark\" id=\"section_2014834109\">\n\t\t<div class=\"section-bg fill\" >\n\t\t\t<img loading=\"lazy\" decoding=\"async\" width=\"2100\" height=\"700\" src=\"https:\/\/cncrush.com\/wp-content\/uploads\/2024\/10\/machine-building-automation.webp\" class=\"bg attachment- size-\" alt=\"\" title=\"\">\t\t\t\t\t\t<div class=\"section-bg-overlay absolute fill\"><\/div><button class=\"scroll-for-more z-5 icon absolute bottom h-center\" aria-label=\"Fais d\u00e9filer pour en savoir plus\"><i class=\"icon-angle-down\" style=\"font-size:42px;\" ><\/i><\/button>\n\t\t\t\n\n\t\t<\/div>\n\n\t\t\n\n\t\t<div class=\"section-content relative\">\n\t\t\t\n<div class=\"row align-center\"  id=\"row-1263812062\">\n\n\t<div id=\"col-790721885\" class=\"col medium-10 small-12 large-10\"  >\n\t\t\t\t<div class=\"col-inner text-center\"  >\n\t\t\t\n\t\t\t\n\t<div id=\"text-2040480880\" class=\"text\">\n\t\t\n<h1>Services CNC de construction de machines et d'automatisation<\/h1>\n\t\t\n<style>\n#text-2040480880 {\n  font-size: 1.35rem;\n}\n@media (min-width:550px) {\n  #text-2040480880 {\n    font-size: 2rem;\n  }\n}\n<\/style>\n\t<\/div>\n\t\n<div class=\"row\"  id=\"row-753678392\">\n\n\t<div id=\"col-1340911604\" class=\"col medium-9 small-12 large-9\"  >\n\t\t\t\t<div class=\"col-inner\"  >\n\t\t\t\n\t\t\t\n<p>Chez CNCRUSH, nous produisons chaque pi\u00e8ce pour vos machines ou appareils avec fiabilit\u00e9, rentabilit\u00e9 et la plus haute qualit\u00e9. Certifi\u00e9s ISO 9001:2015 et ISO 14001, nous garantissons une livraison \u00e0 temps et des normes exceptionnelles pour tous les composants.<\/p>\n\t\t<\/div>\n\t\t\t\t\t<\/div>\n\n\t\n<\/div>\n\t\t<\/div>\n\t\t\t\t\t<\/div>\n\n\t\n<\/div>\n\t\t<\/div>\n\n\t\t\n<style>\n#section_2014834109 {\n  padding-top: 30px;\n  padding-bottom: 30px;\n  min-height: 100px;\n}\n#section_2014834109 .section-bg-overlay {\n  background-color: rgba(0, 0, 0, 0.384);\n}\n#section_2014834109 .section-bg img {\n  object-position: 53% 58%;\n}\n@media (min-width:550px) {\n  #section_2014834109 {\n    min-height: 600px;\n  }\n}\n<\/style>\n\t<\/section>\n\t\n\n\t<section class=\"section\" id=\"section_1654525591\">\n\t\t<div class=\"section-bg fill\" >\n\t\t\t\t\t\t\t\t\t\n\t\t\t\n\n\t\t<\/div>\n\n\t\t\n\n\t\t<div class=\"section-content relative\">\n\t\t\t\n<div class=\"row row-large steps-simple-headline\"  id=\"row-1390710081\">\n\n\t<div id=\"col-468460092\" class=\"col medium-8 small-12 large-12\"  >\n\t\t\t\t<div class=\"col-inner\"  >\n\t\t\t\n\t\t\t\n<div class=\"row row-collapse\"  id=\"row-1679524306\">\n\n\t<div id=\"col-2064430167\" class=\"col medium-1 small-2 large-1\"  >\n\t\t\t\t<div class=\"col-inner\"  >\n\t\t\t\n\t\t\t\n<h2>01<\/h2>\n\t\t<\/div>\n\t\t\t\t\t<\/div>\n\n\t\n\n\t<div id=\"col-4628708\" class=\"col medium-11 small-10 large-11\"  >\n\t\t\t\t<div class=\"col-inner\"  >\n\t\t\t\n\t\t\t\n<h3>Pi\u00e8ces que nous fabriquons<\/h3>\n<p>Notre expertise couvre une vari\u00e9t\u00e9 de mat\u00e9riaux, notamment l'aluminium, l'acier, le cuivre et les plastiques, pour des pi\u00e8ces telles que :<\/p>\n<ul>\n<li>Corps, carters, blocs<\/li>\n<li>El\u00e9ments de fixation, de r\u00e9glage et de liaison<\/li>\n<li>Lattes et profils<\/li>\n<li>Manchons, bagues, \u00e9crous, axes et arbres<\/li>\n<li>Titulaires<\/li>\n<li>Assiettes<\/li>\n<\/ul>\n\t\t<\/div>\n\t\t\t\t\t<\/div>\n\n\t\n<\/div>\n<div class=\"is-divider divider clearfix\" style=\"margin-top:10px;margin-bottom:10px;max-width:100%;height:1px;\"><\/div>\n<div class=\"row row-collapse\"  id=\"row-526186801\">\n\n\t<div id=\"col-1471602638\" class=\"col medium-1 small-2 large-1\"  >\n\t\t\t\t<div class=\"col-inner\"  >\n\t\t\t\n\t\t\t\n<h2>02<\/h2>\n\t\t<\/div>\n\t\t\t\t\t<\/div>\n\n\t\n\n\t<div id=\"col-357664184\" class=\"col medium-11 small-10 large-11\"  >\n\t\t\t\t<div class=\"col-inner\"  >\n\t\t\t\n\t\t\t\n<h3>Notre processus<\/h3>\n<p>Chez CNCRUSH, la qualit\u00e9 est notre priorit\u00e9 absolue.<\/p>\n<ul>\n<li><strong>Contr\u00f4le qualit\u00e9 100%\u00a0:<\/strong> Chaque pi\u00e8ce est approuv\u00e9e pour la production par notre \u00e9quipe de contr\u00f4le qualit\u00e9, avec une surveillance continue du processus bas\u00e9e sur un plan de contr\u00f4le d\u00e9taill\u00e9.<\/li>\n<li><strong>Rapports\u00a0:<\/strong> Sur demande, nous fournissons <strong>PPAP<\/strong> et <strong>Rapports 8D<\/strong> pour assurer le respect de votre cahier des charges.<\/li>\n<\/ul>\n\t\t<\/div>\n\t\t\t\t\t<\/div>\n\n\t\n<\/div>\n<div class=\"is-divider divider clearfix\" style=\"margin-top:10px;margin-bottom:10px;max-width:100%;height:1px;\"><\/div>\n<div class=\"row row-collapse align-middle\"  id=\"row-1112174390\">\n\n\t<div id=\"col-242914451\" class=\"col medium-1 small-2 large-1\"  >\n\t\t\t\t<div class=\"col-inner\"  >\n\t\t\t\n\t\t\t\n<h2>03<\/h2>\n\t\t<\/div>\n\t\t\t\t\t<\/div>\n\n\t\n\n\t<div id=\"col-56302091\" class=\"col medium-11 small-10 large-11\"  >\n\t\t\t\t<div class=\"col-inner\"  >\n\t\t\t\n\t\t\t\n<h3>Assurance qualit\u00e9<\/h3>\n<p>Chez CNCRUSH, la qualit\u00e9 est notre priorit\u00e9 absolue.<\/p>\n<ul>\n<li><strong>Contr\u00f4le qualit\u00e9 100%\u00a0:<\/strong> Chaque pi\u00e8ce est approuv\u00e9e pour la production par notre \u00e9quipe de contr\u00f4le qualit\u00e9, avec une surveillance continue du processus bas\u00e9e sur un plan de contr\u00f4le d\u00e9taill\u00e9.<\/li>\n<li><strong>Rapports\u00a0:<\/strong> Sur demande, nous fournissons <strong>Rapports d'inspection du premier article (FAI) et<\/strong> <strong>Rapports 8D<\/strong> pour assurer le respect de votre cahier des charges.<\/li>\n<\/ul>\n\t\t<\/div>\n\t\t\t\t\t<\/div>\n\n\t\n<\/div>\n\t\t<\/div>\n\t\t\t\t\t<\/div>\n\n\t\n<\/div>\n\t\t<\/div>\n\n\t\t\n<style>\n#section_1654525591 {\n  padding-top: 60px;\n  padding-bottom: 60px;\n}\n<\/style>\n\t<\/section>\n\t\n<div class=\"row row-collapse row-full-width\"  id=\"row-381510928\">\n\n\t<div id=\"col-1379887777\" class=\"col small-12 large-12\"  >\n\t\t\t\t<div class=\"col-inner text-center dark\"  >\n\t\t\t\n\t\t\t\n\n  <div class=\"banner has-hover\" id=\"banner-1753477852\">\n          <div class=\"banner-inner fill\">\n        <div class=\"banner-bg fill\" >\n            <img loading=\"lazy\" decoding=\"async\" width=\"1020\" height=\"421\" src=\"https:\/\/cncrush.com\/wp-content\/uploads\/2024\/09\/milled-stainless-steel-background-1024x423.webp\" class=\"bg attachment-large size-large\" alt=\"\" title=\"\">                        <div class=\"overlay\"><\/div>            \n                    <\/div>\n\t\t\n        <div class=\"banner-layers container\">\n            <div class=\"fill banner-link\"><\/div>            \n   <div id=\"text-box-1908937505\" class=\"text-box banner-layer x50 md-x50 lg-x50 y50 md-y50 lg-y50 res-text\">\n                                <div class=\"text-box-content text dark\">\n              \n              <div class=\"text-inner text-center\">\n                  \n\t<div id=\"text-149614508\" class=\"text\">\n\t\t\n<h3>Int\u00e9ress\u00e9? Obtenez un devis gratuit d\u00e8s aujourd'hui\u00a0!<\/h3>\n\t\t\n<style>\n#text-149614508 {\n  font-size: 0.75rem;\n  text-align: center;\n}\n<\/style>\n\t<\/div>\n\t\n<a href=\"https:\/\/cncrush.com\/fr\/envoyer-une-demande\/\" class=\"button alert\"  >\n\t\t<span>Envoyez votre demande<\/span>\n\t<\/a>\n\n              <\/div>\n           <\/div>\n                            \n<style>\n#text-box-1908937505 {\n  width: 100%;\n}\n#text-box-1908937505 .text-box-content {\n  font-size: 100%;\n}\n@media (min-width:550px) {\n  #text-box-1908937505 {\n    width: 94%;\n  }\n}\n<\/style>\n    <\/div>\n \n        <\/div>\n      <\/div>\n\n            \n<style>\n#banner-1753477852 {\n  padding-top: 99.99%;\n}\n#banner-1753477852 .overlay {\n  background-color: rgba(0, 0, 0, 0.17);\n}\n#banner-1753477852 .banner-bg img {\n  object-position: 47% 60%;\n}\n@media (min-width:550px) {\n  #banner-1753477852 {\n    padding-top: 105px;\n  }\n}\n<\/style>\n  <\/div>\n\n\n\t\t<\/div>\n\t\t\t\t\t<\/div>\n\n\t\n<\/div>","protected":false},"excerpt":{"rendered":"","protected":false},"author":1,"featured_media":0,"parent":0,"menu_order":0,"comment_status":"closed","ping_status":"closed","template":"page-blank.php","meta":{"footnotes":""},"class_list":["post-31","page","type-page","status-publish","hentry"],"_links":{"self":[{"href":"https:\/\/cncrush.com\/fr\/wp-json\/wp\/v2\/pages\/31","targetHints":{"allow":["GET"]}}],"collection":[{"href":"https:\/\/cncrush.com\/fr\/wp-json\/wp\/v2\/pages"}],"about":[{"href":"https:\/\/cncrush.com\/fr\/wp-json\/wp\/v2\/types\/page"}],"author":[{"embeddable":true,"href":"https:\/\/cncrush.com\/fr\/wp-json\/wp\/v2\/users\/1"}],"replies":[{"embeddable":true,"href":"https:\/\/cncrush.com\/fr\/wp-json\/wp\/v2\/comments?post=31"}],"version-history":[{"count":0,"href":"https:\/\/cncrush.com\/fr\/wp-json\/wp\/v2\/pages\/31\/revisions"}],"wp:attachment":[{"href":"https:\/\/cncrush.com\/fr\/wp-json\/wp\/v2\/media?parent=31"}],"curies":[{"name":"wp","href":"https:\/\/api.w.org\/{rel}","templated":true}]}}