{"id":33,"date":"2024-09-29T03:50:17","date_gmt":"2024-09-29T03:50:17","guid":{"rendered":"https:\/\/cncrush.com\/?page_id=33"},"modified":"2024-12-20T14:14:01","modified_gmt":"2024-12-20T14:14:01","slug":"produits-de-consommation","status":"publish","type":"page","link":"https:\/\/cncrush.com\/fr\/produits-de-consommation\/","title":{"rendered":"Produits de consommation"},"content":{"rendered":"<section class=\"section dark\" id=\"section_471783213\">\n\t\t<div class=\"section-bg fill\" >\n\t\t\t<img loading=\"lazy\" decoding=\"async\" width=\"2100\" height=\"700\" src=\"https:\/\/cncrush.com\/wp-content\/uploads\/2024\/10\/consumer-products.webp\" class=\"bg attachment- size-\" alt=\"\" title=\"\">\t\t\t\t\t\t<div class=\"section-bg-overlay absolute fill\"><\/div><button class=\"scroll-for-more z-5 icon absolute bottom h-center\" aria-label=\"Fais d\u00e9filer pour en savoir plus\"><i class=\"icon-angle-down\" style=\"font-size:42px;\" ><\/i><\/button>\n\t\t\t\n\n\t\t<\/div>\n\n\t\t\n\n\t\t<div class=\"section-content relative\">\n\t\t\t\n<div class=\"row align-center\"  id=\"row-325981808\">\n\n\t<div id=\"col-1090251874\" class=\"col medium-10 small-12 large-10\"  >\n\t\t\t\t<div class=\"col-inner text-center\"  >\n\t\t\t\n\t\t\t\n\t<div id=\"text-2450294131\" class=\"text\">\n\t\t\n<h1>Fabrication de produits de consommation<\/h1>\n\t\t\n<style>\n#text-2450294131 {\n  font-size: 1.35rem;\n}\n@media (min-width:550px) {\n  #text-2450294131 {\n    font-size: 2rem;\n  }\n}\n<\/style>\n\t<\/div>\n\t\n<div class=\"row\"  id=\"row-41793365\">\n\n\t<div id=\"col-1383865311\" class=\"col medium-9 small-12 large-9\"  >\n\t\t\t\t<div class=\"col-inner\"  >\n\t\t\t\n\t\t\t\n<p>Chez CNCRUSH, nous donnerons vie \u00e0 vos id\u00e9es de produits, vous aidant ainsi \u00e0 optimiser \u00e0 la fois les co\u00fbts de conception et de fabrication. Nous veillons \u00e0 ce que votre produit soit emball\u00e9 selon vos sp\u00e9cifications, offrant \u00e0 la fois qualit\u00e9 et valeur.<\/p>\n\t\t<\/div>\n\t\t\t\t\t<\/div>\n\n\t\n<\/div>\n\t\t<\/div>\n\t\t\t\t\t<\/div>\n\n\t\n<\/div>\n\t\t<\/div>\n\n\t\t\n<style>\n#section_471783213 {\n  padding-top: 30px;\n  padding-bottom: 30px;\n  min-height: 100px;\n}\n#section_471783213 .section-bg-overlay {\n  background-color: rgba(0, 0, 0, 0.384);\n}\n#section_471783213 .section-bg img {\n  object-position: 53% 58%;\n}\n@media (min-width:550px) {\n  #section_471783213 {\n    min-height: 600px;\n  }\n}\n<\/style>\n\t<\/section>\n\t\n\n\t<section class=\"section\" id=\"section_90630347\">\n\t\t<div class=\"section-bg fill\" >\n\t\t\t\t\t\t\t\t\t\n\t\t\t\n\n\t\t<\/div>\n\n\t\t\n\n\t\t<div class=\"section-content relative\">\n\t\t\t\n<div class=\"row row-large steps-simple-headline\"  id=\"row-1608004698\">\n\n\t<div id=\"col-1236569338\" class=\"col medium-8 small-12 large-12\"  >\n\t\t\t\t<div class=\"col-inner\"  >\n\t\t\t\n\t\t\t\n<div class=\"row row-collapse\"  id=\"row-707312452\">\n\n\t<div id=\"col-1767027253\" class=\"col medium-1 small-2 large-1\"  >\n\t\t\t\t<div class=\"col-inner\"  >\n\t\t\t\n\t\t\t\n<h2>01<\/h2>\n\t\t<\/div>\n\t\t\t\t\t<\/div>\n\n\t\n\n\t<div id=\"col-1585608874\" class=\"col medium-11 small-10 large-11\"  >\n\t\t\t\t<div class=\"col-inner\"  >\n\t\t\t\n\t\t\t\n<h3>Exemples de produits que nous fabriquons<\/h3>\n<ul>\n<li>Bo\u00eetiers pour boutons-poussoirs de syst\u00e8mes de gestion de b\u00e2timents<\/li>\n<li>\u00c9tuis pour tablettes<\/li>\n<li>Pi\u00e8ces de v\u00e9lo<\/li>\n<li>Composants pour chichas<\/li>\n<li>Supports et boutons pour appareils \u00e9lectrom\u00e9nagers et \u00e9quipements \u00e9lectroniques<\/li>\n<\/ul>\n\t\t<\/div>\n\t\t\t\t\t<\/div>\n\n\t\n<\/div>\n<div class=\"is-divider divider clearfix\" style=\"margin-top:10px;margin-bottom:10px;max-width:100%;height:1px;\"><\/div>\n<div class=\"row row-collapse\"  id=\"row-1656891388\">\n\n\t<div id=\"col-1477207636\" class=\"col medium-1 small-2 large-1\"  >\n\t\t\t\t<div class=\"col-inner\"  >\n\t\t\t\n\t\t\t\n<h2>02<\/h2>\n\t\t<\/div>\n\t\t\t\t\t<\/div>\n\n\t\n\n\t<div id=\"col-1201107354\" class=\"col medium-11 small-10 large-11\"  >\n\t\t\t\t<div class=\"col-inner\"  >\n\t\t\t\n\t\t\t\n<h3>Support complet<\/h3>\n<p>Vous avez une id\u00e9e mais vous n'\u00eates pas s\u00fbr des prochaines \u00e9tapes ? Chez CNCRUSH, nous transformons vos concepts en r\u00e9alit\u00e9. Notre \u00e9quipe vous accompagne dans :<\/p>\n<ul>\n<li><strong>Concevoir votre produit<\/strong> pour s'assurer qu'il correspond \u00e0 votre vision<\/li>\n<li>Assurer <strong>performances optimales<\/strong> avec les bonnes sp\u00e9cifications<\/li>\n<li><strong>S\u00e9lection des meilleurs mat\u00e9riaux<\/strong> pour la durabilit\u00e9 et la fonctionnalit\u00e9<\/li>\n<li>Cr\u00e9er le plus <strong>processus de production efficace<\/strong><\/li>\n<li><strong>Choisir l'emballage parfait<\/strong> pour correspondre \u00e0 votre marque<\/li>\n<\/ul>\n\t\t<\/div>\n\t\t\t\t\t<\/div>\n\n\t\n<\/div>\n<div class=\"is-divider divider clearfix\" style=\"margin-top:10px;margin-bottom:10px;max-width:100%;height:1px;\"><\/div>\n<div class=\"row row-collapse align-middle\"  id=\"row-2061951542\">\n\n\t<div id=\"col-682958431\" class=\"col medium-1 small-2 large-1\"  >\n\t\t\t\t<div class=\"col-inner\"  >\n\t\t\t\n\t\t\t\n<h2>03<\/h2>\n\t\t<\/div>\n\t\t\t\t\t<\/div>\n\n\t\n\n\t<div id=\"col-2025577802\" class=\"col medium-11 small-10 large-11\"  >\n\t\t\t\t<div class=\"col-inner\"  >\n\t\t\t\n\t\t\t\n<h3>Processus de fabrication sur mesure<\/h3>\n<p>Chez CNCRUSH, nous proposons des solutions de production de bout en bout, adapt\u00e9es pour r\u00e9pondre aux besoins sp\u00e9cifiques de votre produit :<\/p>\n<ul>\n<li><strong>Conception et pr\u00e9cision\u00a0:<\/strong> Construction d\u00e9taill\u00e9e et optimisation des param\u00e8tres<\/li>\n<li><strong>D\u00e9veloppement et tests\u00a0:<\/strong> Identifier la bonne technologie et les traitements suppl\u00e9mentaires<\/li>\n<li><strong>Solutions visuelles et d'emballage\u00a0:<\/strong> S'assurer que le produit final est beau et correctement prot\u00e9g\u00e9<\/li>\n<li><strong>Contr\u00f4le de qualit\u00e9:<\/strong> Des inspections compl\u00e8tes pour garantir une qualit\u00e9 sup\u00e9rieure<\/li>\n<li><strong>Flexibilit\u00e9:<\/strong> Adaptez-vous facilement aux modifications du produit et aux am\u00e9liorations de la conception<\/li>\n<li><strong>Communication directe\u00a0:<\/strong> Collaboration \u00e9troite avec votre chef de projet et suivi continu de la ligne de production<\/li>\n<li><strong>Durabilit\u00e9 et tests\u00a0:<\/strong> Choisir les bons mat\u00e9riaux pour la long\u00e9vit\u00e9 du produit<\/li>\n<\/ul>\n\t\t<\/div>\n\t\t\t\t\t<\/div>\n\n\t\n<\/div>\n<div class=\"is-divider divider clearfix\" style=\"margin-top:10px;margin-bottom:10px;max-width:100%;height:1px;\"><\/div>\n\t\t<\/div>\n\t\t\t\t\t<\/div>\n\n\t\n<\/div>\n\t\t<\/div>\n\n\t\t\n<style>\n#section_90630347 {\n  padding-top: 60px;\n  padding-bottom: 60px;\n}\n<\/style>\n\t<\/section>\n\t\n<div class=\"row row-collapse row-full-width\"  id=\"row-2047570790\">\n\n\t<div id=\"col-385317804\" class=\"col small-12 large-12\"  >\n\t\t\t\t<div class=\"col-inner text-center dark\"  >\n\t\t\t\n\t\t\t\n\n  <div class=\"banner has-hover\" id=\"banner-211186958\">\n          <div class=\"banner-inner fill\">\n        <div class=\"banner-bg fill\" >\n            <img loading=\"lazy\" decoding=\"async\" width=\"1020\" height=\"421\" src=\"https:\/\/cncrush.com\/wp-content\/uploads\/2024\/09\/milled-stainless-steel-background-1024x423.webp\" class=\"bg attachment-large size-large\" alt=\"\" title=\"\">                        <div class=\"overlay\"><\/div>            \n                    <\/div>\n\t\t\n        <div class=\"banner-layers container\">\n            <div class=\"fill banner-link\"><\/div>            \n   <div id=\"text-box-449631376\" class=\"text-box banner-layer x50 md-x50 lg-x50 y50 md-y50 lg-y50 res-text\">\n                                <div class=\"text-box-content text dark\">\n              \n              <div class=\"text-inner text-center\">\n                  \n\t<div id=\"text-2929966085\" class=\"text\">\n\t\t\n<h3>Int\u00e9ress\u00e9? Obtenez un devis gratuit d\u00e8s aujourd'hui\u00a0!<\/h3>\n\t\t\n<style>\n#text-2929966085 {\n  font-size: 0.75rem;\n  text-align: center;\n}\n<\/style>\n\t<\/div>\n\t\n<a href=\"https:\/\/cncrush.com\/fr\/envoyer-une-demande\/\" class=\"button alert\"  >\n\t\t<span>Envoyez votre demande<\/span>\n\t<\/a>\n\n              <\/div>\n           <\/div>\n                            \n<style>\n#text-box-449631376 {\n  width: 100%;\n}\n#text-box-449631376 .text-box-content {\n  font-size: 100%;\n}\n@media (min-width:550px) {\n  #text-box-449631376 {\n    width: 94%;\n  }\n}\n<\/style>\n    <\/div>\n \n        <\/div>\n      <\/div>\n\n            \n<style>\n#banner-211186958 {\n  padding-top: 99.99%;\n}\n#banner-211186958 .overlay {\n  background-color: rgba(0, 0, 0, 0.17);\n}\n#banner-211186958 .banner-bg img {\n  object-position: 47% 60%;\n}\n@media (min-width:550px) {\n  #banner-211186958 {\n    padding-top: 119px;\n  }\n}\n<\/style>\n  <\/div>\n\n\n\t\t<\/div>\n\t\t\t\t\t<\/div>\n\n\t\n<\/div>","protected":false},"excerpt":{"rendered":"","protected":false},"author":1,"featured_media":0,"parent":0,"menu_order":0,"comment_status":"closed","ping_status":"closed","template":"page-blank.php","meta":{"footnotes":""},"class_list":["post-33","page","type-page","status-publish","hentry"],"_links":{"self":[{"href":"https:\/\/cncrush.com\/fr\/wp-json\/wp\/v2\/pages\/33","targetHints":{"allow":["GET"]}}],"collection":[{"href":"https:\/\/cncrush.com\/fr\/wp-json\/wp\/v2\/pages"}],"about":[{"href":"https:\/\/cncrush.com\/fr\/wp-json\/wp\/v2\/types\/page"}],"author":[{"embeddable":true,"href":"https:\/\/cncrush.com\/fr\/wp-json\/wp\/v2\/users\/1"}],"replies":[{"embeddable":true,"href":"https:\/\/cncrush.com\/fr\/wp-json\/wp\/v2\/comments?post=33"}],"version-history":[{"count":0,"href":"https:\/\/cncrush.com\/fr\/wp-json\/wp\/v2\/pages\/33\/revisions"}],"wp:attachment":[{"href":"https:\/\/cncrush.com\/fr\/wp-json\/wp\/v2\/media?parent=33"}],"curies":[{"name":"wp","href":"https:\/\/api.w.org\/{rel}","templated":true}]}}