{"id":37,"date":"2024-09-29T03:50:30","date_gmt":"2024-09-29T03:50:30","guid":{"rendered":"https:\/\/cncrush.com\/?page_id=37"},"modified":"2024-12-20T13:53:35","modified_gmt":"2024-12-20T13:53:35","slug":"industrie-medicale","status":"publish","type":"page","link":"https:\/\/cncrush.com\/fr\/industrie-medicale\/","title":{"rendered":"Industrie m\u00e9dicale"},"content":{"rendered":"<section class=\"section dark\" id=\"section_167182286\">\n\t\t<div class=\"section-bg fill\" >\n\t\t\t<img loading=\"lazy\" decoding=\"async\" width=\"2100\" height=\"700\" src=\"https:\/\/cncrush.com\/wp-content\/uploads\/2024\/10\/medical-industry.webp\" class=\"bg attachment- size-\" alt=\"\" title=\"\">\t\t\t\t\t\t<div class=\"section-bg-overlay absolute fill\"><\/div><button class=\"scroll-for-more z-5 icon absolute bottom h-center\" aria-label=\"Fais d\u00e9filer pour en savoir plus\"><i class=\"icon-angle-down\" style=\"font-size:42px;\" ><\/i><\/button>\n\t\t\t\n\n\t\t<\/div>\n\n\t\t\n\n\t\t<div class=\"section-content relative\">\n\t\t\t\n<div class=\"row align-center\"  id=\"row-425599614\">\n\n\t<div id=\"col-1776236473\" class=\"col medium-10 small-12 large-10\"  >\n\t\t\t\t<div class=\"col-inner text-center\"  >\n\t\t\t\n\t\t\t\n\t<div id=\"text-4229141757\" class=\"text\">\n\t\t\n<h1>Pi\u00e8ces de pr\u00e9cision CNC pour l'industrie m\u00e9dicale<\/h1>\n\t\t\n<style>\n#text-4229141757 {\n  font-size: 1.35rem;\n}\n@media (min-width:550px) {\n  #text-4229141757 {\n    font-size: 2rem;\n  }\n}\n<\/style>\n\t<\/div>\n\t\n<div class=\"row\"  id=\"row-1112213945\">\n\n\t<div id=\"col-862132929\" class=\"col medium-9 small-12 large-9\"  >\n\t\t\t\t<div class=\"col-inner\"  >\n\t\t\t\n\t\t\t\n<p>Chez CNCRUSH, nous fabriquons des composants de pr\u00e9cision pour les \u00e9quipements m\u00e9dicaux sp\u00e9cialis\u00e9s, garantissant la plus haute qualit\u00e9 et fiabilit\u00e9 pour le secteur m\u00e9dical.<\/p>\n\t\t<\/div>\n\t\t\t\t\t<\/div>\n\n\t\n<\/div>\n\t\t<\/div>\n\t\t\t\t\t<\/div>\n\n\t\n<\/div>\n\t\t<\/div>\n\n\t\t\n<style>\n#section_167182286 {\n  padding-top: 30px;\n  padding-bottom: 30px;\n  min-height: 100px;\n}\n#section_167182286 .section-bg-overlay {\n  background-color: rgba(0, 0, 0, 0.384);\n}\n#section_167182286 .section-bg img {\n  object-position: 53% 58%;\n}\n@media (min-width:550px) {\n  #section_167182286 {\n    min-height: 600px;\n  }\n}\n<\/style>\n\t<\/section>\n\t\n\n\t<section class=\"section\" id=\"section_586880580\">\n\t\t<div class=\"section-bg fill\" >\n\t\t\t\t\t\t\t\t\t\n\t\t\t\n\n\t\t<\/div>\n\n\t\t\n\n\t\t<div class=\"section-content relative\">\n\t\t\t\n<div class=\"row row-large steps-simple-headline\"  id=\"row-515012872\">\n\n\t<div id=\"col-940245365\" class=\"col medium-8 small-12 large-12\"  >\n\t\t\t\t<div class=\"col-inner\"  >\n\t\t\t\n\t\t\t\n<div class=\"row row-collapse\"  id=\"row-1593739153\">\n\n\t<div id=\"col-645808075\" class=\"col medium-1 small-2 large-1\"  >\n\t\t\t\t<div class=\"col-inner\"  >\n\t\t\t\n\t\t\t\n<h2>01<\/h2>\n\t\t<\/div>\n\t\t\t\t\t<\/div>\n\n\t\n\n\t<div id=\"col-1149979666\" class=\"col medium-11 small-10 large-11\"  >\n\t\t\t\t<div class=\"col-inner\"  >\n\t\t\t\n\t\t\t\n<h3>Pi\u00e8ces que nous fabriquons<\/h3>\n<p>Nous sommes sp\u00e9cialis\u00e9s dans la production de pi\u00e8ces critiques pour les dispositifs m\u00e9dicaux, notamment\u00a0:<\/p>\n<ul>\n<li><strong>Bo\u00eetiers en aluminium<\/strong><\/li>\n<li><strong>Pi\u00e8ces m\u00e9caniques<\/strong> pour \u00e9quipements m\u00e9dicaux en aluminium et en acier inoxydable, utilis\u00e9s en radioth\u00e9rapie, endoscopie, laparoscopie et scanners dentaires<\/li>\n<li><strong>\u00c9lectrodes<\/strong><\/li>\n<\/ul>\n\t\t<\/div>\n\t\t\t\t\t<\/div>\n\n\t\n<\/div>\n<div class=\"is-divider divider clearfix\" style=\"margin-top:10px;margin-bottom:10px;max-width:100%;height:1px;\"><\/div>\n<div class=\"row row-collapse\"  id=\"row-946250446\">\n\n\t<div id=\"col-668825999\" class=\"col medium-1 small-2 large-1\"  >\n\t\t\t\t<div class=\"col-inner\"  >\n\t\t\t\n\t\t\t\n<h2>02<\/h2>\n\t\t<\/div>\n\t\t\t\t\t<\/div>\n\n\t\n\n\t<div id=\"col-472911420\" class=\"col medium-11 small-10 large-11\"  >\n\t\t\t\t<div class=\"col-inner\"  >\n\t\t\t\n\t\t\t\n<h3>Notre processus de fabrication<\/h3>\n<ul>\n<li><strong>Pr\u00e9cision:<\/strong> Nous fabriquons de petites pi\u00e8ces de haute pr\u00e9cision avec des tol\u00e9rances aussi serr\u00e9es que 0,02 mm.<\/li>\n<li><strong>Propret\u00e9:<\/strong> Chaque pi\u00e8ce est m\u00e9ticuleusement v\u00e9rifi\u00e9e pour s'assurer qu'elle est exempte de bavures, de copeaux ou de r\u00e9sidus d'huile.<\/li>\n<li><strong>Fiabilit\u00e9:<\/strong> Nous s\u00e9lectionnons soigneusement les processus de fabrication qui garantissent une r\u00e9p\u00e9tabilit\u00e9, une fonctionnalit\u00e9 et une conformit\u00e9 \u00e9lev\u00e9es des pi\u00e8ces.<\/li>\n<li><strong>Implication du client\u00a0:<\/strong> Nous travaillons en \u00e9troite collaboration avec nos clients pour analyser les exigences de conception et ajuster nos processus pour r\u00e9pondre \u00e0 leurs besoins sp\u00e9cifiques.<\/li>\n<\/ul>\n\t\t<\/div>\n\t\t\t\t\t<\/div>\n\n\t\n<\/div>\n<div class=\"is-divider divider clearfix\" style=\"margin-top:10px;margin-bottom:10px;max-width:100%;height:1px;\"><\/div>\n<div class=\"row row-collapse align-middle\"  id=\"row-2011491336\">\n\n\t<div id=\"col-564935538\" class=\"col medium-1 small-2 large-1\"  >\n\t\t\t\t<div class=\"col-inner\"  >\n\t\t\t\n\t\t\t\n<h2>03<\/h2>\n\t\t<\/div>\n\t\t\t\t\t<\/div>\n\n\t\n\n\t<div id=\"col-341307759\" class=\"col medium-11 small-10 large-11\"  >\n\t\t\t\t<div class=\"col-inner\"  >\n\t\t\t\n\t\t\t\n<h3>Assurance qualit\u00e9<\/h3>\n<p>La pr\u00e9cision est essentielle dans le domaine m\u00e9dical, et nous r\u00e9pondons aux normes les plus \u00e9lev\u00e9es en utilisant des \u00e9quipements de mesure avanc\u00e9s comme le <strong>Hexagone Global S<\/strong>, offrant une pr\u00e9cision de 0,005 mm. Pour les pi\u00e8ces complexes de petite taille, nous effectuons \u00e9galement des inspections visuelles \u00e0 l\u2019aide de vues agrandies pour garantir la qualit\u00e9.<\/p>\n\t\t<\/div>\n\t\t\t\t\t<\/div>\n\n\t\n<\/div>\n<div class=\"is-divider divider clearfix\" style=\"margin-top:10px;margin-bottom:10px;max-width:100%;height:1px;\"><\/div>\n\t\t<\/div>\n\t\t\t\t\t<\/div>\n\n\t\n<\/div>\n\t\t<\/div>\n\n\t\t\n<style>\n#section_586880580 {\n  padding-top: 60px;\n  padding-bottom: 60px;\n}\n<\/style>\n\t<\/section>\n\t\n<div class=\"row row-collapse row-full-width\"  id=\"row-72258055\">\n\n\t<div id=\"col-1107220606\" class=\"col small-12 large-12\"  >\n\t\t\t\t<div class=\"col-inner text-center dark\"  >\n\t\t\t\n\t\t\t\n\n  <div class=\"banner has-hover\" id=\"banner-2010388775\">\n          <div class=\"banner-inner fill\">\n        <div class=\"banner-bg fill\" >\n            <img loading=\"lazy\" decoding=\"async\" width=\"1020\" height=\"421\" src=\"https:\/\/cncrush.com\/wp-content\/uploads\/2024\/09\/milled-stainless-steel-background-1024x423.webp\" class=\"bg attachment-large size-large\" alt=\"\" title=\"\">                        <div class=\"overlay\"><\/div>            \n                    <\/div>\n\t\t\n        <div class=\"banner-layers container\">\n            <div class=\"fill banner-link\"><\/div>            \n   <div id=\"text-box-2132549992\" class=\"text-box banner-layer x50 md-x50 lg-x50 y50 md-y50 lg-y50 res-text\">\n                                <div class=\"text-box-content text dark\">\n              \n              <div class=\"text-inner text-center\">\n                  \n\t<div id=\"text-3678531455\" class=\"text\">\n\t\t\n<h3>Int\u00e9ress\u00e9? Obtenez un devis gratuit d\u00e8s aujourd'hui\u00a0!<\/h3>\n\t\t\n<style>\n#text-3678531455 {\n  font-size: 0.75rem;\n  text-align: center;\n}\n<\/style>\n\t<\/div>\n\t\n<a href=\"https:\/\/cncrush.com\/fr\/envoyer-une-demande\/\" class=\"button alert\"  >\n\t\t<span>Envoyez votre demande<\/span>\n\t<\/a>\n\n              <\/div>\n           <\/div>\n                            \n<style>\n#text-box-2132549992 {\n  width: 100%;\n}\n#text-box-2132549992 .text-box-content {\n  font-size: 100%;\n}\n@media (min-width:550px) {\n  #text-box-2132549992 {\n    width: 94%;\n  }\n}\n<\/style>\n    <\/div>\n \n        <\/div>\n      <\/div>\n\n            \n<style>\n#banner-2010388775 {\n  padding-top: 99.99%;\n}\n#banner-2010388775 .overlay {\n  background-color: rgba(0, 0, 0, 0.17);\n}\n#banner-2010388775 .banner-bg img {\n  object-position: 47% 60%;\n}\n@media (min-width:550px) {\n  #banner-2010388775 {\n    padding-top: 97px;\n  }\n}\n<\/style>\n  <\/div>\n\n\n\t\t<\/div>\n\t\t\t\t\t<\/div>\n\n\t\n<\/div>","protected":false},"excerpt":{"rendered":"","protected":false},"author":1,"featured_media":0,"parent":0,"menu_order":0,"comment_status":"closed","ping_status":"closed","template":"page-blank.php","meta":{"footnotes":""},"class_list":["post-37","page","type-page","status-publish","hentry"],"_links":{"self":[{"href":"https:\/\/cncrush.com\/fr\/wp-json\/wp\/v2\/pages\/37","targetHints":{"allow":["GET"]}}],"collection":[{"href":"https:\/\/cncrush.com\/fr\/wp-json\/wp\/v2\/pages"}],"about":[{"href":"https:\/\/cncrush.com\/fr\/wp-json\/wp\/v2\/types\/page"}],"author":[{"embeddable":true,"href":"https:\/\/cncrush.com\/fr\/wp-json\/wp\/v2\/users\/1"}],"replies":[{"embeddable":true,"href":"https:\/\/cncrush.com\/fr\/wp-json\/wp\/v2\/comments?post=37"}],"version-history":[{"count":0,"href":"https:\/\/cncrush.com\/fr\/wp-json\/wp\/v2\/pages\/37\/revisions"}],"wp:attachment":[{"href":"https:\/\/cncrush.com\/fr\/wp-json\/wp\/v2\/media?parent=37"}],"curies":[{"name":"wp","href":"https:\/\/api.w.org\/{rel}","templated":true}]}}