{"id":43,"date":"2024-09-29T03:52:14","date_gmt":"2024-09-29T03:52:14","guid":{"rendered":"https:\/\/cncrush.com\/?page_id=43"},"modified":"2024-10-03T15:34:47","modified_gmt":"2024-10-03T15:34:47","slug":"politique-de-cookies","status":"publish","type":"page","link":"https:\/\/cncrush.com\/fr\/politique-de-cookies\/","title":{"rendered":"Politique de cookies"},"content":{"rendered":"<p>\u00c0 <strong><a href=\"https:\/\/cncrush.com\/fr\/\">CNCRUSH<\/a><\/strong>, nous nous engageons \u00e0 prot\u00e9ger votre vie priv\u00e9e et \u00e0 garantir la transparence dans la mani\u00e8re dont nous traitons vos donn\u00e9es personnelles. Cette politique de cookies explique comment nous utilisons les cookies et technologies similaires sur notre site Web, <a href=\"https:\/\/cncrush.com\/fr\/\" target=\"_new\" rel=\"noopener\">https:\/\/cncrush.com\/<\/a> (\u00ab le site Web \u00bb). En continuant \u00e0 utiliser notre site Web, vous acceptez l'utilisation de cookies comme indiqu\u00e9 dans cette politique.<\/p>\n<h4><strong>Que sont les cookies ?<\/strong><\/h4>\n<p>Les cookies sont de petits fichiers texte stock\u00e9s sur votre appareil (ordinateur, smartphone ou tablette) lorsque vous visitez un site Internet. Ils contiennent des informations qui aident le site Web \u00e0 reconna\u00eetre votre appareil et peuvent am\u00e9liorer votre exp\u00e9rience en m\u00e9morisant vos pr\u00e9f\u00e9rences, en permettant un chargement plus rapide et en am\u00e9liorant la fonctionnalit\u00e9 globale.<\/p>\n<h4><strong>Types de cookies que nous utilisons<\/strong><\/h4>\n<ol>\n<li><strong>Cookies strictement n\u00e9cessaires\u00a0:<\/strong> Ces cookies sont indispensables au bon fonctionnement du Site Internet. Ils activent des fonctionnalit\u00e9s de base telles que la navigation dans les pages et les zones s\u00e9curis\u00e9es du site Web. Sans ces cookies, certains services que vous demandez ne peuvent pas \u00eatre fournis. Exemples de cookies strictement n\u00e9cessaires\u00a0:\n<ul>\n<li>Gestion des s\u00e9ances<\/li>\n<li>Authentification de s\u00e9curit\u00e9<\/li>\n<li>Soumissions de formulaires<\/li>\n<\/ul>\n<\/li>\n<li><strong>Cookies de performances et d'analyse\u00a0:<\/strong> Ces cookies collectent des informations sur la mani\u00e8re dont les visiteurs utilisent notre site Web, telles que les pages qu'ils visitent le plus souvent et les messages d'erreur qu'ils re\u00e7oivent. Les informations sont agr\u00e9g\u00e9es et anonymes et nous aident \u00e0 am\u00e9liorer les performances de notre site Web. Nous utilisons des outils d'analyse tiers, tels que Google Analytics, pour surveiller le trafic et les mod\u00e8les d'utilisation du site Web. Cela nous aide \u00e0 prendre des d\u00e9cisions bas\u00e9es sur les donn\u00e9es pour optimiser l'exp\u00e9rience utilisateur.<\/li>\n<li><strong>Cookies de fonctionnalit\u00e9\u00a0:<\/strong> Ces cookies permettent au site Web de m\u00e9moriser les choix que vous faites, tels que vos pr\u00e9f\u00e9rences linguistiques ou votre r\u00e9gion. Ils am\u00e9liorent votre exp\u00e9rience utilisateur en fournissant des fonctionnalit\u00e9s personnalis\u00e9es.<\/li>\n<li><strong>Cookies de ciblage et de publicit\u00e9 :<\/strong> Nous pouvons utiliser ces cookies pour vous proposer des publicit\u00e9s plus pertinentes. Ils suivent votre activit\u00e9 en ligne et nous permettent d'afficher des publicit\u00e9s en fonction de vos int\u00e9r\u00eats. Ces cookies nous aident \u00e9galement \u00e0 mesurer l'efficacit\u00e9 de nos campagnes marketing. Nous travaillons avec des annonceurs tiers qui peuvent placer des cookies sur votre appareil lorsque vous visitez notre site Web. Veuillez noter que ces tiers ont leurs propres politiques de confidentialit\u00e9 et de cookies.<\/li>\n<\/ol>\n<h4><strong>Comment nous utilisons les cookies<\/strong><\/h4>\n<p>Nous utilisons des cookies pour\u00a0:<\/p>\n<ul>\n<li>Am\u00e9liorer la fonctionnalit\u00e9 et les performances de notre site Web.<\/li>\n<li>Vous offrir une exp\u00e9rience personnalis\u00e9e.<\/li>\n<li>Analyser le trafic et am\u00e9liorer la convivialit\u00e9 du site Web.<\/li>\n<li>Soutenez nos efforts de marketing et de publicit\u00e9.<\/li>\n<\/ul>\n<p>Les cookies nous aident \u00e9galement \u00e0 am\u00e9liorer la qualit\u00e9 de nos services en identifiant tout probl\u00e8me technique ou tout domaine \u00e0 am\u00e9liorer.<\/p>\n<h4><strong>Gestion des cookies<\/strong><\/h4>\n<p>Vous disposez du droit de contr\u00f4ler et de g\u00e9rer les cookies de plusieurs mani\u00e8res :<\/p>\n<ol>\n<li><strong>Param\u00e8tres du navigateur\u00a0:<\/strong> La plupart des navigateurs Web vous permettent de g\u00e9rer vos pr\u00e9f\u00e9rences en mati\u00e8re de cookies via leurs param\u00e8tres. Vous pouvez choisir de bloquer ou de supprimer les cookies. Veuillez toutefois noter que si vous d\u00e9sactivez certains cookies, certaines parties de notre site Web risquent de ne pas fonctionner correctement.<\/li>\n<li><strong>Liens de d\u00e9sinscription\u00a0:<\/strong> Pour les cookies de performance et de ciblage, vous pouvez vous d\u00e9sinscrire directement via les services tiers respectifs\u00a0:\n<ul>\n<li><a target=\"_new\" rel=\"noopener\">D\u00e9sinscription de Google Analytics<\/a><\/li>\n<li>Pr\u00e9f\u00e9rences publicitaires pour Google<\/li>\n<li>Vos choix en ligne pour les utilisateurs de l'UE<\/li>\n<\/ul>\n<\/li>\n<li><strong>Param\u00e8tres Ne pas suivre (DNT)\u00a0:<\/strong> Certains navigateurs Web offrent une fonctionnalit\u00e9 \u00ab Do Not Track \u00bb, qui vous permet de signaler votre pr\u00e9f\u00e9rence en mati\u00e8re de confidentialit\u00e9 et de demander que les sites Web ne suivent pas vos activit\u00e9s en ligne. Cependant, il n'existe pas de norme uniforme pour les signaux DNT et notre site Web peut ne pas r\u00e9pondre \u00e0 ces signaux.<\/li>\n<\/ol>\n<h4><strong>Cookies tiers<\/strong><\/h4>\n<p>Nous pouvons utiliser des services tiers qui installent des cookies sur votre appareil pour am\u00e9liorer votre exp\u00e9rience de navigation ou pour afficher du contenu personnalis\u00e9. Ces cookies tiers sont r\u00e9gis par les politiques de confidentialit\u00e9 des tiers respectifs, et nous vous recommandons de consulter leurs politiques pour plus d'informations.<\/p>\n<h4><strong>Modifications de cette politique de cookies<\/strong><\/h4>\n<p>Nous pouvons mettre \u00e0 jour cette politique en mati\u00e8re de cookies de temps \u00e0 autre pour refl\u00e9ter les changements technologiques, les exigences l\u00e9gales ou les fonctionnalit\u00e9s de notre site Web. Toutes les mises \u00e0 jour seront publi\u00e9es sur cette page et la \u00ab\u00a0Date d'entr\u00e9e en vigueur\u00a0\u00bb sera r\u00e9vis\u00e9e en cons\u00e9quence. Nous vous encourageons \u00e0 consulter cette politique p\u00e9riodiquement pour rester inform\u00e9 de notre utilisation des cookies.<\/p>\n<h4><strong>Contactez-nous<\/strong><\/h4>\n<p>Si vous avez des questions sur notre utilisation des cookies ou sur cette politique en mati\u00e8re de cookies, veuillez nous contacter \u00e0 l'adresse suivante\u00a0:<\/p>\n<p><strong>E-mail:<\/strong> <a rel=\"noopener\"><span \n                data-original-string='H5KCYy+ZYElmz60VghFRJw==250OvjvgW1Rwid2eD6pdbA9v8EWTrxGgIjWENjpKC9s\/xE='\n                class='apbct-email-encoder'\n                title='Ce contact a \u00e9t\u00e9 cod\u00e9 par Anti-Spam de CleanTalk. Cliquez pour d\u00e9coder. Pour terminer le d\u00e9codage, assurez-vous que JavaScript est activ\u00e9 dans votre navigateur.'>dans<span class=\"apbct-blur\">**<\/span>@<span class=\"apbct-blur\">*****<\/span>sh.com<\/span><\/a><\/p>","protected":false},"excerpt":{"rendered":"<p>At CNCRUSH, we are committed to protecting your privacy and ensuring transparency in how we handle your personal data. This Cookies Policy explains how we use cookies and similar technologies on our website, https:\/\/cncrush.com\/ (&#8220;the Website&#8221;). By continuing to use our Website, you agree to the use of cookies as outlined in this policy. What [&#8230;]\n","protected":false},"author":1,"featured_media":0,"parent":0,"menu_order":0,"comment_status":"closed","ping_status":"closed","template":"page-blank-title-center.php","meta":{"footnotes":""},"class_list":["post-43","page","type-page","status-publish","hentry"],"_links":{"self":[{"href":"https:\/\/cncrush.com\/fr\/wp-json\/wp\/v2\/pages\/43","targetHints":{"allow":["GET"]}}],"collection":[{"href":"https:\/\/cncrush.com\/fr\/wp-json\/wp\/v2\/pages"}],"about":[{"href":"https:\/\/cncrush.com\/fr\/wp-json\/wp\/v2\/types\/page"}],"author":[{"embeddable":true,"href":"https:\/\/cncrush.com\/fr\/wp-json\/wp\/v2\/users\/1"}],"replies":[{"embeddable":true,"href":"https:\/\/cncrush.com\/fr\/wp-json\/wp\/v2\/comments?post=43"}],"version-history":[{"count":0,"href":"https:\/\/cncrush.com\/fr\/wp-json\/wp\/v2\/pages\/43\/revisions"}],"wp:attachment":[{"href":"https:\/\/cncrush.com\/fr\/wp-json\/wp\/v2\/media?parent=43"}],"curies":[{"name":"wp","href":"https:\/\/api.w.org\/{rel}","templated":true}]}}