{"id":12,"date":"2024-09-29T03:47:11","date_gmt":"2024-09-29T03:47:11","guid":{"rendered":"https:\/\/cncrush.com\/?page_id=12"},"modified":"2024-12-20T13:30:54","modified_gmt":"2024-12-20T13:30:54","slug":"rolunk","status":"publish","type":"page","link":"https:\/\/cncrush.com\/hu\/rolunk\/","title":{"rendered":"R\u00f3lunk"},"content":{"rendered":"<section class=\"section\" id=\"section_1314375819\">\n\t\t<div class=\"section-bg fill\" >\n\t\t\t\t\t\t\t\t\t\n\t\t\t\n\n\t\t<\/div>\n\n\t\t\n\n\t\t<div class=\"section-content relative\">\n\t\t\t\n<div class=\"row align-center\"  id=\"row-1601821195\">\n\n\t<div id=\"col-741667979\" class=\"col medium-11 small-12 large-10\"  >\n\t\t\t\t<div class=\"col-inner\"  >\n\t\t\t\n\t\t\t\n<div class=\"row row-large align-middle\"  id=\"row-946192297\">\n\n\t<div id=\"col-1133176607\" class=\"col medium-4 small-12 large-6\"  >\n\t\t\t\t<div class=\"col-inner\"  >\n\t\t\t\n\t\t\t\n\n  <div class=\"banner has-hover\" id=\"banner-1643633425\">\n          <div class=\"banner-inner fill\">\n        <div class=\"banner-bg fill\" >\n            <img loading=\"lazy\" decoding=\"async\" width=\"1020\" height=\"876\" src=\"https:\/\/cncrush.com\/wp-content\/uploads\/2024\/12\/Machines-1-1024x879.jpg\" class=\"bg attachment-large size-large\" alt=\"\" title=\"\">                                    \n                    <\/div>\n\t\t\n        <div class=\"banner-layers container\">\n            <div class=\"fill banner-link\"><\/div>            \n   <div id=\"text-box-1957451356\" class=\"text-box banner-layer x50 md-x50 lg-x50 y50 md-y50 lg-y50 res-text\">\n                                <div class=\"text-box-content text dark\">\n              \n              <div class=\"text-inner text-center\">\n                  \n              <\/div>\n           <\/div>\n                            \n<style>\n#text-box-1957451356 {\n  width: 60%;\n}\n#text-box-1957451356 .text-box-content {\n  font-size: 100%;\n}\n@media (min-width:550px) {\n  #text-box-1957451356 {\n    width: 60%;\n  }\n}\n<\/style>\n    <\/div>\n \n        <\/div>\n      <\/div>\n\n            \n<style>\n#banner-1643633425 {\n  padding-top: 300px;\n}\n@media (min-width:550px) {\n  #banner-1643633425 {\n    padding-top: 79.66%;\n  }\n}\n<\/style>\n  <\/div>\n\n\n\t\t<\/div>\n\t\t\t\t\t<\/div>\n\n\t\n\n\t<div id=\"col-159722242\" class=\"col medium-8 small-12 large-6\"  >\n\t\t\t\t<div class=\"col-inner\"  >\n\t\t\t\n\t\t\t\n<h3>Szer\u00e9ny kezdeteink <\/h3>\n<p>2012-ben Mike, az alap\u00edt\u00f3nk mind\u00f6ssze k\u00e9t CNC g\u00e9ppel kezdett, \u00e9s a prec\u00edzi\u00f3s \u00e9s min\u0151s\u00e9gi v\u00edzi\u00f3val. Akkoriban kiz\u00e1r\u00f3lag a hazai piacot szolg\u00e1ltuk ki, egyedi alkatr\u00e9szeket gy\u00e1rtottunk sz\u00e1mos ipar\u00e1g sz\u00e1m\u00e1ra. A kis m\u0171helyekt\u0151l a nagy gy\u00e1rakig Mike elhivatotts\u00e1ga \u00e9s gyakorlatias megk\u00f6zel\u00edt\u00e9se a megb\u00edzhat\u00f3s\u00e1g \u00e9s a kiv\u00e1l\u00f3s\u00e1g h\u00edrnev\u00e9t \u00e9p\u00edtette ki, megalapozva ezzel azt, ami jelenleg vagyunk.<\/p>\n\t\t<\/div>\n\t\t\t\t\t<\/div>\n\n\t\n<\/div>\n<div class=\"row row-large align-middle\"  id=\"row-517451493\">\n\n\t<div id=\"col-835487077\" class=\"col medium-8 small-12 large-6\"  >\n\t\t\t\t<div class=\"col-inner\"  >\n\t\t\t\n\t\t\t\n<h3>B\u0151v\u00fcl\u0151 horizontok<\/h3>\n<p>Ahogy n\u0151tt az ig\u00e9ny, \u00fagy n\u0151tt az amb\u00edci\u00f3nk is. 2015-re kiterjesztett\u00fck tev\u00e9kenys\u00e9g\u00fcnket eur\u00f3pai, egyes\u00fclt \u00e1llamokbeli \u00e9s ausztr\u00e1l \u00fcgyfeleink kiszolg\u00e1l\u00e1s\u00e1ra. \u00datk\u00f6zben finom\u00edtottuk szak\u00e9rtelm\u00fcnket, \u00e9s olyan kulcsfontoss\u00e1g\u00fa ipar\u00e1gakra kezdt\u00fcnk \u00f6sszpontos\u00edtani, mint az aut\u00f3alkatr\u00e9szek, orvosi eszk\u00f6z\u00f6k, elektronikai alkatr\u00e9szek \u00e9s automatiz\u00e1l\u00e1si berendez\u00e9sek. Ezek a speci\u00e1lis \u00e1gazatok n\u00f6veked\u00e9s\u00fcnk \u00e9s innov\u00e1ci\u00f3nk sarokk\u00f6veiv\u00e9 v\u00e1ltak.<\/p>\n\t\t<\/div>\n\t\t\t\t\t<\/div>\n\n\t\n\n\t<div id=\"col-452269003\" class=\"col medium-4 small-12 large-6 medium-col-first\"  >\n\t\t\t\t<div class=\"col-inner\"  >\n\t\t\t\n\t\t\t\n\n  <div class=\"banner has-hover\" id=\"banner-885577545\">\n          <div class=\"banner-inner fill\">\n        <div class=\"banner-bg fill\" >\n            <img loading=\"lazy\" decoding=\"async\" width=\"507\" height=\"494\" src=\"https:\/\/cncrush.com\/wp-content\/uploads\/2024\/12\/About-us-2.png\" class=\"bg attachment-large size-large\" alt=\"\" title=\"\">                                    \n                    <\/div>\n\t\t\n        <div class=\"banner-layers container\">\n            <div class=\"fill banner-link\"><\/div>            \n   <div id=\"text-box-145805544\" class=\"text-box banner-layer x50 md-x50 lg-x50 y50 md-y50 lg-y50 res-text\">\n                                <div class=\"text-box-content text dark\">\n              \n              <div class=\"text-inner text-center\">\n                  \n              <\/div>\n           <\/div>\n                            \n<style>\n#text-box-145805544 {\n  width: 60%;\n}\n#text-box-145805544 .text-box-content {\n  font-size: 100%;\n}\n@media (min-width:550px) {\n  #text-box-145805544 {\n    width: 60%;\n  }\n}\n<\/style>\n    <\/div>\n \n        <\/div>\n      <\/div>\n\n            \n<style>\n#banner-885577545 {\n  padding-top: 300px;\n}\n@media (min-width:550px) {\n  #banner-885577545 {\n    padding-top: 61.03%;\n  }\n}\n<\/style>\n  <\/div>\n\n\n\t\t<\/div>\n\t\t\t\t\t<\/div>\n\n\t\n<\/div>\n<div class=\"row row-large align-middle\"  id=\"row-1171303865\">\n\n\t<div id=\"col-1196962422\" class=\"col medium-4 small-12 large-6\"  >\n\t\t\t\t<div class=\"col-inner\"  >\n\t\t\t\n\t\t\t\n\n  <div class=\"banner has-hover\" id=\"banner-1387049969\">\n          <div class=\"banner-inner fill\">\n        <div class=\"banner-bg fill\" >\n            <img loading=\"lazy\" decoding=\"async\" width=\"1020\" height=\"680\" src=\"https:\/\/cncrush.com\/wp-content\/uploads\/2024\/12\/Machines-2-1024x683.jpg\" class=\"bg attachment-large size-large\" alt=\"cnc milling\" title=\"\">                                    \n                    <\/div>\n\t\t\n        <div class=\"banner-layers container\">\n            <div class=\"fill banner-link\"><\/div>            \n   <div id=\"text-box-1743951515\" class=\"text-box banner-layer x50 md-x50 lg-x50 y50 md-y50 lg-y50 res-text\">\n                                <div class=\"text-box-content text dark\">\n              \n              <div class=\"text-inner text-center\">\n                  \n              <\/div>\n           <\/div>\n                            \n<style>\n#text-box-1743951515 {\n  width: 60%;\n}\n#text-box-1743951515 .text-box-content {\n  font-size: 100%;\n}\n@media (min-width:550px) {\n  #text-box-1743951515 {\n    width: 60%;\n  }\n}\n<\/style>\n    <\/div>\n \n        <\/div>\n      <\/div>\n\n            \n<style>\n#banner-1387049969 {\n  padding-top: 300px;\n}\n@media (min-width:550px) {\n  #banner-1387049969 {\n    padding-top: 70.63%;\n  }\n}\n<\/style>\n  <\/div>\n\n\n\t\t<\/div>\n\t\t\t\t\t<\/div>\n\n\t\n\n\t<div id=\"col-125785296\" class=\"col medium-8 small-12 large-6\"  >\n\t\t\t\t<div class=\"col-inner\"  >\n\t\t\t\n\t\t\t\n<h3>Egy vir\u00e1gz\u00f3 csapat glob\u00e1lis j\u00f6v\u0151k\u00e9ppel<\/h3>\n<p>Csapatunk a v\u00e1llalkoz\u00e1sunkkal egy\u00fctt n\u00f6vekedett. A 2018-as 8 k\u00e9pzett szakembert\u0151l a 2024-es t\u00f6bb mint 20 tehets\u00e9ges egy\u00e9nig hossz\u00fa utat tett\u00fcnk meg. Csapatunk minden tagja elk\u00f6telezett a precizit\u00e1s, a min\u0151s\u00e9g \u00e9s az \u00fcgyfelek el\u00e9gedetts\u00e9ge ir\u00e1nt. Ma b\u00fcszk\u00e9n ny\u00fajtunk vil\u00e1gsz\u00ednvonal\u00fa CNC megmunk\u00e1l\u00e1si szolg\u00e1ltat\u00e1sokat a glob\u00e1lis piacoknak, t\u00f6bb mint egy \u00e9vtizedes tapasztalatunkkal \u00e9s a folyamatos fejleszt\u00e9s ir\u00e1nti szenved\u00e9llyel.<\/p>\n\t\t<\/div>\n\t\t\t\t\t<\/div>\n\n\t\n<\/div>\n<div class=\"row align-center\"  id=\"row-554955854\">\n\n\t<div id=\"col-1298247564\" class=\"col medium-9 small-10 large-12\"  >\n\t\t\t\t<div class=\"col-inner text-center\"  >\n\t\t\t\n\t\t\t\n\t<div id=\"text-192713579\" class=\"text\">\n\t\t\n<p>A CNCRUSH-n\u00e1l elk\u00f6telezettek vagyunk az ir\u00e1nt <strong>min\u0151s\u00e9g, precizit\u00e1s \u00e9s innov\u00e1ci\u00f3<\/strong>. Ak\u00e1r kis protot\u00edpus-sorozatokra, ak\u00e1r nagy gy\u00e1rt\u00e1si t\u00e9telekre van sz\u00fcks\u00e9ge, mi vagyunk az \u00d6n megb\u00edzhat\u00f3 partnere a CNC megmunk\u00e1l\u00e1sban, biztos\u00edtva a kiv\u00e1l\u00f3s\u00e1got a gy\u00e1rt\u00e1s minden szakasz\u00e1ban.<\/p>\n<p>Megh\u00edvjuk \u00d6nt, hogy m\u0171k\u00f6dj\u00f6n egy\u00fctt a CNCRUSH-szal, ahol <strong>a pontoss\u00e1g tal\u00e1lkozik a megb\u00edzhat\u00f3s\u00e1ggal<\/strong>. \u00c9p\u00edts\u00fcnk egy\u00fctt valami k\u00fcl\u00f6nlegeset.<br \/>\n\t\t\n<style>\n#text-192713579 {\n  text-align: left;\n}\n<\/style>\n\t<\/div>\n\t\n<a href=\"https:\/\/cncrush.com\/hu\/kuldjon-megkeresest\/\" class=\"button secondary\"  style=\"border-radius:4px;\">\n\t\t<span>K\u00e9rd\u00e9s k\u00fcld\u00e9se<\/span>\n\t<\/a>\n\n\t\t<\/div>\n\t\t\t\t\n<style>\n#col-1298247564 > .col-inner {\n  margin: 20px 0px 20px 0px;\n}\n<\/style>\n\t<\/div>\n\n\t\n<\/div>\n\t\t<\/div>\n\t\t\t\t\t<\/div>\n\n\t\n<\/div>\n\t\t<\/div>\n\n\t\t\n<style>\n#section_1314375819 {\n  padding-top: 80px;\n  padding-bottom: 80px;\n  background-color: rgb(244, 244, 244);\n}\n<\/style>\n\t<\/section>","protected":false},"excerpt":{"rendered":"","protected":false},"author":1,"featured_media":103,"parent":0,"menu_order":0,"comment_status":"closed","ping_status":"closed","template":"page-blank.php","meta":{"footnotes":""},"class_list":["post-12","page","type-page","status-publish","has-post-thumbnail","hentry"],"_links":{"self":[{"href":"https:\/\/cncrush.com\/hu\/wp-json\/wp\/v2\/pages\/12","targetHints":{"allow":["GET"]}}],"collection":[{"href":"https:\/\/cncrush.com\/hu\/wp-json\/wp\/v2\/pages"}],"about":[{"href":"https:\/\/cncrush.com\/hu\/wp-json\/wp\/v2\/types\/page"}],"author":[{"embeddable":true,"href":"https:\/\/cncrush.com\/hu\/wp-json\/wp\/v2\/users\/1"}],"replies":[{"embeddable":true,"href":"https:\/\/cncrush.com\/hu\/wp-json\/wp\/v2\/comments?post=12"}],"version-history":[{"count":0,"href":"https:\/\/cncrush.com\/hu\/wp-json\/wp\/v2\/pages\/12\/revisions"}],"wp:featuredmedia":[{"embeddable":true,"href":"https:\/\/cncrush.com\/hu\/wp-json\/wp\/v2\/media\/103"}],"wp:attachment":[{"href":"https:\/\/cncrush.com\/hu\/wp-json\/wp\/v2\/media?parent=12"}],"curies":[{"name":"wp","href":"https:\/\/api.w.org\/{rel}","templated":true}]}}