{"id":21,"date":"2024-09-29T03:49:06","date_gmt":"2024-09-29T03:49:06","guid":{"rendered":"https:\/\/cncrush.com\/?page_id=21"},"modified":"2024-12-20T12:05:30","modified_gmt":"2024-12-20T12:05:30","slug":"cnc-esztergalt-alkatreszek","status":"publish","type":"page","link":"https:\/\/cncrush.com\/hu\/cnc-esztergalt-alkatreszek\/","title":{"rendered":"CNC eszterg\u00e1lt alkatr\u00e9szek"},"content":{"rendered":"<section class=\"section dark\" id=\"section_1423244684\">\n\t\t<div class=\"section-bg fill\" >\n\t\t\t<img loading=\"lazy\" decoding=\"async\" width=\"800\" height=\"400\" src=\"https:\/\/cncrush.com\/wp-content\/uploads\/2024\/11\/1-2.webp\" class=\"bg attachment- size-\" alt=\"CNC mar\u00e1s\" title=\"\">\t\t\t\t\t\t<div class=\"section-bg-overlay absolute fill\"><\/div><button class=\"scroll-for-more z-5 icon absolute bottom h-center\" aria-label=\"Tov\u00e1bbiak\u00e9rt g\u00f6rgessen\"><i class=\"icon-angle-down\" style=\"font-size:42px;\" ><\/i><\/button>\n\t\t\t\n\n\t\t<\/div>\n\n\t\t\n\n\t\t<div class=\"section-content relative\">\n\t\t\t\n<div class=\"row align-center\"  id=\"row-1683937892\">\n\n\t<div id=\"col-1325871782\" class=\"col medium-10 small-12 large-10\"  >\n\t\t\t\t<div class=\"col-inner text-center\"  >\n\t\t\t\n\t\t\t\n\t<div id=\"text-3941391141\" class=\"text\">\n\t\t\n<h1>CNC eszterg\u00e1lt alkatr\u00e9szek<\/h1>\n\t\t\n<style>\n#text-3941391141 {\n  font-size: 1.35rem;\n}\n@media (min-width:550px) {\n  #text-3941391141 {\n    font-size: 2rem;\n  }\n}\n<\/style>\n\t<\/div>\n\t\n<div class=\"row\"  id=\"row-645464736\">\n\n\t<div id=\"col-1745100957\" class=\"col medium-10 small-12 large-10\"  >\n\t\t\t\t<div class=\"col-inner\"  >\n\t\t\t\n\t\t\t\n<p>CNC eszterg\u00e1l\u00e1si folyamatunk ak\u00e1r 1 nap alatt elk\u00e9sz\u00edti az egyedi protot\u00edpusokat \u00e9s v\u00e9gfelhaszn\u00e1l\u00e1s\u00fa gy\u00e1rt\u00e1si alkatr\u00e9szeket. \u00c9les szersz\u00e1mmal rendelkez\u0151 CNC esztergag\u00e9pet haszn\u00e1lunk, \u00edgy olyan funkci\u00f3k is megmunk\u00e1lhat\u00f3k, mint az axi\u00e1lis \u00e9s radi\u00e1lis furatok, lapok, hornyok \u00e9s hornyok.<\/p>\n\t\t<\/div>\n\t\t\t\t\t<\/div>\n\n\t\n<\/div>\n\t\t<\/div>\n\t\t\t\t\t<\/div>\n\n\t\n<\/div>\n\t\t<\/div>\n\n\t\t\n<style>\n#section_1423244684 {\n  padding-top: 30px;\n  padding-bottom: 30px;\n  min-height: 100px;\n}\n#section_1423244684 .section-bg-overlay {\n  background-color: rgba(0, 0, 0, 0.384);\n}\n#section_1423244684 .section-bg img {\n  object-position: 53% 58%;\n}\n@media (min-width:550px) {\n  #section_1423244684 {\n    min-height: 200px;\n  }\n}\n<\/style>\n\t<\/section>\n\t\n\n\t<section class=\"section\" id=\"section_676405476\">\n\t\t<div class=\"section-bg fill\" >\n\t\t\t\t\t\t\t\t\t\n\t\t\t\n\n\t\t<\/div>\n\n\t\t\n\n\t\t<div class=\"section-content relative\">\n\t\t\t\n<div class=\"row align-equal row-box-shadow-2-hover\"  id=\"row-367763275\">\n\n\t<div id=\"col-52836653\" class=\"col medium-6 small-12 large-4\"  data-animate=\"bounceInUp\">\n\t\t\t\t<div class=\"col-inner\"  >\n\t\t\t\n\t\t\t\n\n\t<a class=\"plain\" href=\"#\" >\t<div class=\"icon-box featured-box icon-box-center text-center\"  >\n\t\t\t\t<div class=\"icon-box-text last-reset\">\n\t\t\t\t\t\t\t\t\t\n<h3>Aut\u00f3ipari sz\u00edjt\u00e1rcsa<\/h3>\n\t<div class=\"img has-hover x md-x lg-x y md-y lg-y\" id=\"image_1575548072\">\n\t\t\t\t\t\t\t\t<div class=\"img-inner dark\" >\n\t\t\t<img loading=\"lazy\" decoding=\"async\" width=\"1020\" height=\"829\" src=\"https:\/\/cncrush.com\/wp-content\/uploads\/2024\/12\/234c1419f76b724ab7490d7d935cb0f-1024x832.jpg\" class=\"attachment-large size-large\" alt=\"\" srcset=\"https:\/\/cncrush.com\/wp-content\/uploads\/2024\/12\/234c1419f76b724ab7490d7d935cb0f-1024x832.jpg 1024w, https:\/\/cncrush.com\/wp-content\/uploads\/2024\/12\/234c1419f76b724ab7490d7d935cb0f-300x244.jpg 300w, https:\/\/cncrush.com\/wp-content\/uploads\/2024\/12\/234c1419f76b724ab7490d7d935cb0f-768x624.jpg 768w, https:\/\/cncrush.com\/wp-content\/uploads\/2024\/12\/234c1419f76b724ab7490d7d935cb0f-1536x1248.jpg 1536w, https:\/\/cncrush.com\/wp-content\/uploads\/2024\/12\/234c1419f76b724ab7490d7d935cb0f-2048x1665.jpg 2048w, https:\/\/cncrush.com\/wp-content\/uploads\/2024\/12\/234c1419f76b724ab7490d7d935cb0f-15x12.jpg 15w\" sizes=\"auto, (max-width: 1020px) 100vw, 1020px\" title=\"\">\t\t\t\t\t\t\n\t\t\t\t\t<\/div>\n\t\t\t\t\t\t\t\t\n<style>\n#image_1575548072 {\n  width: 100%;\n}\n<\/style>\n\t<\/div>\n\t\n\t\t<\/div>\n\t<\/div>\n\t<\/a>\n\t\n\t\t<\/div>\n\t\t\t\t\t<\/div>\n\n\t\n\n\t<div id=\"col-1350063365\" class=\"col medium-6 small-12 large-4\"  data-animate=\"bounceInUp\">\n\t\t\t\t<div class=\"col-inner\"  >\n\t\t\t\n\t\t\t\n\n\t<a class=\"plain\" href=\"#\" >\t<div class=\"icon-box featured-box icon-box-center text-center\"  >\n\t\t\t\t<div class=\"icon-box-text last-reset\">\n\t\t\t\t\t\t\t\t\t\n<h3>Tengelyek \u00e9s tengelyek<\/h3>\n\t<div class=\"img has-hover x md-x lg-x y md-y lg-y\" id=\"image_773524632\">\n\t\t\t\t\t\t\t\t<div class=\"img-inner dark\" >\n\t\t\t<img loading=\"lazy\" decoding=\"async\" width=\"1020\" height=\"588\" src=\"https:\/\/cncrush.com\/wp-content\/uploads\/2024\/12\/Nickel-Plating.jpg\" class=\"attachment-large size-large\" alt=\"\" srcset=\"https:\/\/cncrush.com\/wp-content\/uploads\/2024\/12\/Nickel-Plating.jpg 1024w, https:\/\/cncrush.com\/wp-content\/uploads\/2024\/12\/Nickel-Plating-300x173.jpg 300w, https:\/\/cncrush.com\/wp-content\/uploads\/2024\/12\/Nickel-Plating-768x443.jpg 768w, https:\/\/cncrush.com\/wp-content\/uploads\/2024\/12\/Nickel-Plating-18x10.jpg 18w\" sizes=\"auto, (max-width: 1020px) 100vw, 1020px\" title=\"\">\t\t\t\t\t\t\n\t\t\t\t\t<\/div>\n\t\t\t\t\t\t\t\t\n<style>\n#image_773524632 {\n  width: 100%;\n}\n<\/style>\n\t<\/div>\n\t\n\t\t<\/div>\n\t<\/div>\n\t<\/a>\n\t\n\t\t<\/div>\n\t\t\t\t\t<\/div>\n\n\t\n\n\t<div id=\"col-1591203885\" class=\"col medium-6 small-12 large-4\"  data-animate=\"bounceInUp\">\n\t\t\t\t<div class=\"col-inner\"  >\n\t\t\t\n\t\t\t\n\n\t<a class=\"plain\" href=\"#\" >\t<div class=\"icon-box featured-box icon-box-center text-center\"  >\n\t\t\t\t<div class=\"icon-box-text last-reset\">\n\t\t\t\t\t\t\t\t\t\n<h3>Csavarok \u00e9s r\u00f6gz\u00edt\u0151k<\/h3>\n\t<div class=\"img has-hover x md-x lg-x y md-y lg-y\" id=\"image_2012445\">\n\t\t\t\t\t\t\t\t<div class=\"img-inner dark\" >\n\t\t\t<img loading=\"lazy\" decoding=\"async\" width=\"1020\" height=\"741\" src=\"https:\/\/cncrush.com\/wp-content\/uploads\/2024\/12\/1-1024x744.jpg\" class=\"attachment-large size-large\" alt=\"\" srcset=\"https:\/\/cncrush.com\/wp-content\/uploads\/2024\/12\/1-1024x744.jpg 1024w, https:\/\/cncrush.com\/wp-content\/uploads\/2024\/12\/1-300x218.jpg 300w, https:\/\/cncrush.com\/wp-content\/uploads\/2024\/12\/1-768x558.jpg 768w, https:\/\/cncrush.com\/wp-content\/uploads\/2024\/12\/1-1536x1116.jpg 1536w, https:\/\/cncrush.com\/wp-content\/uploads\/2024\/12\/1-2048x1488.jpg 2048w, https:\/\/cncrush.com\/wp-content\/uploads\/2024\/12\/1-18x12.jpg 18w\" sizes=\"auto, (max-width: 1020px) 100vw, 1020px\" title=\"\">\t\t\t\t\t\t\n\t\t\t\t\t<\/div>\n\t\t\t\t\t\t\t\t\n<style>\n#image_2012445 {\n  width: 100%;\n}\n<\/style>\n\t<\/div>\n\t\n\t\t<\/div>\n\t<\/div>\n\t<\/a>\n\t\n\t\t<\/div>\n\t\t\t\t\t<\/div>\n\n\t\n\n\t<div id=\"col-2008330734\" class=\"col medium-6 small-12 large-4\"  data-animate=\"bounceInUp\">\n\t\t\t\t<div class=\"col-inner\"  >\n\t\t\t\n\t\t\t\n\n\t<a class=\"plain\" href=\"#\" >\t<div class=\"icon-box featured-box icon-box-center text-center\"  >\n\t\t\t\t<div class=\"icon-box-text last-reset\">\n\t\t\t\t\t\t\t\t\t\n<h3>Perselyek<\/h3>\n\t<div class=\"img has-hover x md-x lg-x y md-y lg-y\" id=\"image_1907332436\">\n\t\t\t\t\t\t\t\t<div class=\"img-inner dark\" >\n\t\t\t<img loading=\"lazy\" decoding=\"async\" width=\"1020\" height=\"709\" src=\"https:\/\/cncrush.com\/wp-content\/uploads\/2024\/12\/4482ae9563252855b301506e337d83d-1024x712.jpg\" class=\"attachment-large size-large\" alt=\"CNC megmunk\u00e1lt alkatr\u00e9szek\" srcset=\"https:\/\/cncrush.com\/wp-content\/uploads\/2024\/12\/4482ae9563252855b301506e337d83d-1024x712.jpg 1024w, https:\/\/cncrush.com\/wp-content\/uploads\/2024\/12\/4482ae9563252855b301506e337d83d-300x209.jpg 300w, https:\/\/cncrush.com\/wp-content\/uploads\/2024\/12\/4482ae9563252855b301506e337d83d-768x534.jpg 768w, https:\/\/cncrush.com\/wp-content\/uploads\/2024\/12\/4482ae9563252855b301506e337d83d-1536x1068.jpg 1536w, https:\/\/cncrush.com\/wp-content\/uploads\/2024\/12\/4482ae9563252855b301506e337d83d-2048x1424.jpg 2048w, https:\/\/cncrush.com\/wp-content\/uploads\/2024\/12\/4482ae9563252855b301506e337d83d-18x12.jpg 18w\" sizes=\"auto, (max-width: 1020px) 100vw, 1020px\" title=\"\">\t\t\t\t\t\t\n\t\t\t\t\t<\/div>\n\t\t\t\t\t\t\t\t\n<style>\n#image_1907332436 {\n  width: 100%;\n}\n<\/style>\n\t<\/div>\n\t\n\t\t<\/div>\n\t<\/div>\n\t<\/a>\n\t\n\t\t<\/div>\n\t\t\t\t\t<\/div>\n\n\t\n\n\t<div id=\"col-131555563\" class=\"col medium-6 small-12 large-4\"  data-animate=\"bounceInUp\">\n\t\t\t\t<div class=\"col-inner\"  >\n\t\t\t\n\t\t\t\n\n\t<a class=\"plain\" href=\"#\" >\t<div class=\"icon-box featured-box icon-box-center text-center\"  >\n\t\t\t\t<div class=\"icon-box-text last-reset\">\n\t\t\t\t\t\t\t\t\t\n<h3>Csavarok \u00e9s any\u00e1k<\/h3>\n\t<div class=\"img has-hover x md-x lg-x y md-y lg-y\" id=\"image_1294266224\">\n\t\t\t\t\t\t\t\t<div class=\"img-inner dark\" >\n\t\t\t<img loading=\"lazy\" decoding=\"async\" width=\"1020\" height=\"780\" src=\"https:\/\/cncrush.com\/wp-content\/uploads\/2024\/12\/CNC-Turning-Bolts-e1734696175378.png\" class=\"attachment-large size-large\" alt=\"\" srcset=\"https:\/\/cncrush.com\/wp-content\/uploads\/2024\/12\/CNC-Turning-Bolts-e1734696175378.png 1024w, https:\/\/cncrush.com\/wp-content\/uploads\/2024\/12\/CNC-Turning-Bolts-e1734696175378-300x229.png 300w, https:\/\/cncrush.com\/wp-content\/uploads\/2024\/12\/CNC-Turning-Bolts-e1734696175378-768x587.png 768w, https:\/\/cncrush.com\/wp-content\/uploads\/2024\/12\/CNC-Turning-Bolts-e1734696175378-16x12.png 16w\" sizes=\"auto, (max-width: 1020px) 100vw, 1020px\" title=\"\">\t\t\t\t\t\t\n\t\t\t\t\t<\/div>\n\t\t\t\t\t\t\t\t\n<style>\n#image_1294266224 {\n  width: 100%;\n}\n<\/style>\n\t<\/div>\n\t\n\t\t<\/div>\n\t<\/div>\n\t<\/a>\n\t\n\t\t<\/div>\n\t\t\t\t\t<\/div>\n\n\t\n\n\t<div id=\"col-1640361737\" class=\"col medium-6 small-12 large-4\"  data-animate=\"bounceInUp\">\n\t\t\t\t<div class=\"col-inner\"  >\n\t\t\t\n\t\t\t\n\n\t<a class=\"plain\" href=\"#\" >\t<div class=\"icon-box featured-box icon-box-center text-center\"  >\n\t\t\t\t<div class=\"icon-box-text last-reset\">\n\t\t\t\t\t\t\t\t\t\n<h3>Ujjak<\/h3>\n\t<div class=\"img has-hover x md-x lg-x y md-y lg-y\" id=\"image_1985114230\">\n\t\t\t\t\t\t\t\t<div class=\"img-inner dark\" >\n\t\t\t<img loading=\"lazy\" decoding=\"async\" width=\"1020\" height=\"710\" src=\"https:\/\/cncrush.com\/wp-content\/uploads\/2024\/12\/RS-Borning-Bar-Reduction-Sleeves-1600x1600-1-e1734696235319-1024x713.webp\" class=\"attachment-large size-large\" alt=\"\" srcset=\"https:\/\/cncrush.com\/wp-content\/uploads\/2024\/12\/RS-Borning-Bar-Reduction-Sleeves-1600x1600-1-e1734696235319-1024x713.webp 1024w, https:\/\/cncrush.com\/wp-content\/uploads\/2024\/12\/RS-Borning-Bar-Reduction-Sleeves-1600x1600-1-e1734696235319-300x209.webp 300w, https:\/\/cncrush.com\/wp-content\/uploads\/2024\/12\/RS-Borning-Bar-Reduction-Sleeves-1600x1600-1-e1734696235319-768x535.webp 768w, https:\/\/cncrush.com\/wp-content\/uploads\/2024\/12\/RS-Borning-Bar-Reduction-Sleeves-1600x1600-1-e1734696235319-18x12.webp 18w, https:\/\/cncrush.com\/wp-content\/uploads\/2024\/12\/RS-Borning-Bar-Reduction-Sleeves-1600x1600-1-e1734696235319.webp 1200w\" sizes=\"auto, (max-width: 1020px) 100vw, 1020px\" title=\"\">\t\t\t\t\t\t\n\t\t\t\t\t<\/div>\n\t\t\t\t\t\t\t\t\n<style>\n#image_1985114230 {\n  width: 100%;\n}\n<\/style>\n\t<\/div>\n\t\n\t\t<\/div>\n\t<\/div>\n\t<\/a>\n\t\n\t\t<\/div>\n\t\t\t\t\t<\/div>\n\n\t\n\n<style>\n#row-367763275 > .col > .col-inner {\n  padding: 40px 40px 40px 40px;\n  background-color: rgb(255,255,255);\n  border-radius: 20px;\n}\n<\/style>\n<\/div>\n\t\t<\/div>\n\n\t\t\n<style>\n#section_676405476 {\n  padding-top: 60px;\n  padding-bottom: 60px;\n  background-color: rgb(250, 250, 250);\n}\n<\/style>\n\t<\/section>\n\t\n<div class=\"row align-middle\"  id=\"row-960894659\">\n\n\t<div id=\"col-1104812213\" class=\"col medium-6 small-12 large-6\"  >\n\t\t\t\t<div class=\"col-inner\"  >\n\t\t\t\n\t\t\t\n\t<div id=\"text-3219110249\" class=\"text\">\n\t\t\n<h3><strong>Nulla elutas\u00edt\u00e1si ar\u00e1ny robusztus statisztikai folyamatvez\u00e9rl\u00e9ssel<\/strong><\/h3>\n<p>A CNCRUSH-n\u00e1l robusztus statisztikai folyamatszab\u00e1lyoz\u00e1st alkalmazunk annak \u00e9rdek\u00e9ben, hogy a CNC eszterg\u00e1lt alkatr\u00e9szek gy\u00e1rt\u00e1sa sor\u00e1n nulla selejtsz\u00e1mot biztos\u00edtsunk. A precizit\u00e1s \u00e9s a min\u0151s\u00e9g ir\u00e1nti elk\u00f6telezetts\u00e9g\u00fcnk gy\u00e1rt\u00e1si folyamatunk k\u00f6z\u00e9ppontj\u00e1ban \u00e1ll.<\/p>\n<h3><strong>A szersz\u00e1mg\u00e9pek apr\u00f3l\u00e9kos kiv\u00e1laszt\u00e1sa \u00e9s term\u00e9kellen\u0151rz\u00e9se<\/strong><\/h3>\n<p>Professzion\u00e1lis megk\u00f6zel\u00edt\u00e9st alkalmazunk az optim\u00e1lis szersz\u00e1mg\u00e9pek, forg\u00e1csol\u00f3szersz\u00e1mok \u00e9s megmunk\u00e1l\u00e1si param\u00e9terek gondos kiv\u00e1laszt\u00e1s\u00e1val. \u00c1tfog\u00f3 term\u00e9kellen\u0151rz\u00e9si terv\u00fcnk teljes m\u00e9rt\u00e9kben integr\u00e1lva van a fejlett m\u00e9r\u0151rendszerekkel, biztos\u00edtva a k\u00f6vetkezetes pontoss\u00e1got \u00e9s a cs\u00facsmin\u0151s\u00e9get minden gy\u00e1rt\u00e1si folyamat sor\u00e1n.<\/p>\n\t\t\n<style>\n#text-3219110249 {\n  font-size: 1rem;\n  color: rgb(0,0,0);\n}\n#text-3219110249 > * {\n  color: rgb(0,0,0);\n}\n<\/style>\n\t<\/div>\n\t\n\t\t<\/div>\n\t\t\t\t\t<\/div>\n\n\t\n\n\t<div id=\"col-496300639\" class=\"col medium-6 small-12 large-6\"  >\n\t\t\t\t<div class=\"col-inner\"  >\n\t\t\t\n\t\t\t\n\t<div class=\"img has-hover x md-x lg-x y md-y lg-y\" id=\"image_1033536910\">\n\t\t\t\t\t\t\t\t<div class=\"img-inner dark\" >\n\t\t\t<img loading=\"lazy\" decoding=\"async\" width=\"1020\" height=\"574\" src=\"https:\/\/cncrush.com\/wp-content\/uploads\/2024\/11\/4-8-1024x576.jpg\" class=\"attachment-large size-large\" alt=\"F\u00e9m alkatr\u00e9szek gy\u00e1rt\u00e1sa\" srcset=\"https:\/\/cncrush.com\/wp-content\/uploads\/2024\/11\/4-8-1024x576.jpg 1024w, https:\/\/cncrush.com\/wp-content\/uploads\/2024\/11\/4-8-300x169.jpg 300w, https:\/\/cncrush.com\/wp-content\/uploads\/2024\/11\/4-8-768x432.jpg 768w, https:\/\/cncrush.com\/wp-content\/uploads\/2024\/11\/4-8-18x10.jpg 18w, https:\/\/cncrush.com\/wp-content\/uploads\/2024\/11\/4-8.jpg 1200w\" sizes=\"auto, (max-width: 1020px) 100vw, 1020px\" title=\"\">\t\t\t\t\t\t\n\t\t\t\t\t<\/div>\n\t\t\t\t\t\t\t\t\n<style>\n#image_1033536910 {\n  width: 100%;\n}\n<\/style>\n\t<\/div>\n\t\n\t\t<\/div>\n\t\t\t\t\t<\/div>\n\n\t\n<\/div>\n\n\t<section class=\"section\" id=\"section_959610890\">\n\t\t<div class=\"section-bg fill\" >\n\t\t\t\t\t\t\t\t\t\n\t\t\t\n\n\t\t<\/div>\n\n\t\t\n\n\t\t<div class=\"section-content relative\">\n\t\t\t\n<div class=\"container section-title-container\" ><h3 class=\"section-title section-title-center\"><b><\/b><span class=\"section-title-main\" style=\"color:rgb(0, 0, 0);\">Gyakran Ism\u00e9telt K\u00e9rd\u00e9sek (GYIK)<\/span><b><\/b><\/h3><\/div>\n<div class=\"row row-collapse\"  id=\"row-18040401\">\n\n\t<div id=\"col-481361395\" class=\"col small-12 large-12\"  >\n\t\t\t\t<div class=\"col-inner\"  >\n\t\t\t\n\t\t\t\n<h3 class=\"accordion_title\">CNC eszterg\u00e1lt alkatr\u00e9szekkel kapcsolatos szolg\u00e1ltat\u00e1sok<\/h3><div class=\"accordion\">\n\t<div id=\"accordion-3831543044\" class=\"accordion-item\">\n\t\t<a id=\"accordion-3831543044-label\" class=\"accordion-title plain\" href=\"#accordion-item-what-accuracy\/tolerance-can-you-guarantee-for-turned-parts?\" aria-expanded=\"false\" aria-controls=\"accordion-3831543044-content\" >\n\t\t\t<button class=\"toggle\" aria-label=\"V\u00e1lt\u00e1s\"><i class=\"icon-angle-down\"><\/i><\/button>\n\t\t\t<span>Milyen pontoss\u00e1got\/t\u0171r\u00e9st tud garant\u00e1lni az eszterg\u00e1lt alkatr\u00e9szekre?<\/span>\n\t\t<\/a>\n\t\t<div id=\"accordion-3831543044-content\" class=\"accordion-inner\" aria-labelledby=\"accordion-3831543044-label\" >\n\t\t\t\n<p>Esztergaszolg\u00e1latn\u00e1l 0,005 mm-es pontoss\u00e1got garant\u00e1lunk. Ezt a precizit\u00e1st a leg\u00fajabb CNC g\u00e9pekbe (pl. DMG, Okuma, Tsugami) \u00e9s a kiv\u00e1l\u00f3 min\u0151s\u00e9g\u0171 forg\u00e1csol\u00f3szersz\u00e1mokba val\u00f3 folyamatos beruh\u00e1z\u00e1ssal \u00e9rik el.<\/p>\n\t\t<\/div>\n\t<\/div>\n\t\n\t<div id=\"accordion-1727506812\" class=\"accordion-item\">\n\t\t<a id=\"accordion-1727506812-label\" class=\"accordion-title plain\" href=\"#accordion-item-can-you-combine-turning-and-milling-for-parts?\" aria-expanded=\"false\" aria-controls=\"accordion-1727506812-content\" >\n\t\t\t<button class=\"toggle\" aria-label=\"V\u00e1lt\u00e1s\"><i class=\"icon-angle-down\"><\/i><\/button>\n\t\t\t<span>Lehet kombin\u00e1lni az eszterg\u00e1l\u00e1st \u00e9s a mar\u00e1st az alkatr\u00e9szekhez?<\/span>\n\t\t<\/a>\n\t\t<div id=\"accordion-1727506812-content\" class=\"accordion-inner\" aria-labelledby=\"accordion-1727506812-label\" >\n\t\t\t\n<p>Igen, t\u00f6bb mint 80 CNC g\u00e9p\u00fcnk van, bele\u00e9rtve:<\/p>\n<p>10 automata eszterga mar\u00f3 funkci\u00f3val<br \/>\n8 CNC sv\u00e1jci t\u00edpus\u00fa automata esztergag\u00e9p mar\u00f3 funkci\u00f3val<br \/>\n4 db CNC eszterga mar\u00f3 funkci\u00f3val<br \/>\nEz lehet\u0151v\u00e9 teszi, hogy egy m\u0171veletben hat\u00e9konyan eszterg\u00e1ljunk \u00e9s marjunk.<\/p>\n\t\t<\/div>\n\t<\/div>\n\t\n\t<div id=\"accordion-623925911\" class=\"accordion-item\">\n\t\t<a id=\"accordion-623925911-label\" class=\"accordion-title plain\" href=\"#accordion-item-what-kind-of-cnc-machines-do-you-use?\" aria-expanded=\"false\" aria-controls=\"accordion-623925911-content\" >\n\t\t\t<button class=\"toggle\" aria-label=\"V\u00e1lt\u00e1s\"><i class=\"icon-angle-down\"><\/i><\/button>\n\t\t\t<span>Milyen CNC g\u00e9peket haszn\u00e1l?<\/span>\n\t\t<\/a>\n\t\t<div id=\"accordion-623925911-content\" class=\"accordion-inner\" aria-labelledby=\"accordion-623925911-label\" >\n\t\t\t\n<p>Kiv\u00e1l\u00f3 min\u0151s\u00e9g\u0171 g\u00e9peket haszn\u00e1lunk olyan m\u00e1rk\u00e1kt\u00f3l, mint az Okuma, DMG, Doosan \u00e9s Tsugami. Sv\u00e1jci t\u00edpus\u00fa, mar\u00e1si funkci\u00f3val rendelkez\u0151 automata esztergag\u00e9peink nagy pontoss\u00e1got biztos\u00edtanak, \u00edgy ide\u00e1lisak \u00f6sszetett alkatr\u00e9szek gy\u00e1rt\u00e1s\u00e1ra. Weboldalunkr\u00f3l let\u00f6ltheti a g\u00e9pek teljes list\u00e1j\u00e1t.<\/p>\n\t\t<\/div>\n\t<\/div>\n\t\n\t<div id=\"accordion-1196166299\" class=\"accordion-item\">\n\t\t<a id=\"accordion-1196166299-label\" class=\"accordion-title plain\" href=\"#accordion-item-how-do-you-prepare-materials-before-turning?\" aria-expanded=\"false\" aria-controls=\"accordion-1196166299-content\" >\n\t\t\t<button class=\"toggle\" aria-label=\"V\u00e1lt\u00e1s\"><i class=\"icon-angle-down\"><\/i><\/button>\n\t\t\t<span>Hogyan k\u00e9sz\u00edti el\u0151 az anyagokat eszterg\u00e1l\u00e1s el\u0151tt?<\/span>\n\t\t<\/a>\n\t\t<div id=\"accordion-1196166299-content\" class=\"accordion-inner\" aria-labelledby=\"accordion-1196166299-label\" >\n\t\t\t\n<p>\u00dczem\u00fcnk 3 db teljesen automata szalagf\u0171r\u00e9sszel van felszerelve, melyek 5 mm-t\u0151l fi 300 mm-ig k\u00e9pesek anyag v\u00e1g\u00e1s\u00e1ra. Csomagolt r\u00fadv\u00e1g\u00e1st is k\u00edn\u00e1lunk a nagy megrendel\u00e9sek hat\u00e9kony kezel\u00e9se \u00e9rdek\u00e9ben.<\/p>\n\t\t<\/div>\n\t<\/div>\n\t\n\t<div id=\"accordion-3669161093\" class=\"accordion-item\">\n\t\t<a id=\"accordion-3669161093-label\" class=\"accordion-title plain\" href=\"#accordion-item-what-factors-influence-the-cost-of-cnc-turned-parts?\" aria-expanded=\"false\" aria-controls=\"accordion-3669161093-content\" >\n\t\t\t<button class=\"toggle\" aria-label=\"V\u00e1lt\u00e1s\"><i class=\"icon-angle-down\"><\/i><\/button>\n\t\t\t<span>Milyen t\u00e9nyez\u0151k befoly\u00e1solj\u00e1k a CNC eszterg\u00e1lt alkatr\u00e9szek k\u00f6lts\u00e9g\u00e9t?<\/span>\n\t\t<\/a>\n\t\t<div id=\"accordion-3669161093-content\" class=\"accordion-inner\" aria-labelledby=\"accordion-3669161093-label\" >\n\t\t\t\n<p>Sz\u00e1mos t\u00e9nyez\u0151 befoly\u00e1solja az \u00e1rat, t\u00f6bbek k\u00f6z\u00f6tt:<\/p>\n<p>Az alkatr\u00e9sz \u00f6sszetetts\u00e9ge<br \/>\nSzersz\u00e1moz\u00e1si k\u00f6lts\u00e9gek<br \/>\nT\u00e9telm\u00e9ret<br \/>\nT\u0171r\u00e9sek \u00e9s fel\u00fcletmin\u0151s\u00e9g<br \/>\nAz olyan kieg\u00e9sz\u00edt\u0151 szolg\u00e1ltat\u00e1sok, mint az elox\u00e1l\u00e1s, edz\u00e9s vagy l\u00e9zeres jel\u00f6l\u00e9s, n\u00f6velhetik a teljes k\u00f6lts\u00e9get.<\/p>\n\t\t<\/div>\n\t<\/div>\n\t\n\t<div id=\"accordion-1150827398\" class=\"accordion-item\">\n\t\t<a id=\"accordion-1150827398-label\" class=\"accordion-title plain\" href=\"#accordion-item-what-affects-productivity-in-cnc-turning-services?\" aria-expanded=\"false\" aria-controls=\"accordion-1150827398-content\" >\n\t\t\t<button class=\"toggle\" aria-label=\"V\u00e1lt\u00e1s\"><i class=\"icon-angle-down\"><\/i><\/button>\n\t\t\t<span>Mi befoly\u00e1solja a CNC esztergaszolg\u00e1ltat\u00e1sok termel\u00e9kenys\u00e9g\u00e9t?<\/span>\n\t\t<\/a>\n\t\t<div id=\"accordion-1150827398-content\" class=\"accordion-inner\" aria-labelledby=\"accordion-1150827398-label\" >\n\t\t\t\n<p>A termel\u00e9kenys\u00e9g a g\u00e9p hat\u00e9konys\u00e1g\u00e1t\u00f3l, a v\u00e1g\u00f3szersz\u00e1mok min\u0151s\u00e9g\u00e9t\u0151l \u00e9s a v\u00e1g\u00e1si m\u0171veletek gyors programoz\u00e1s\u00e1t\u00f3l f\u00fcgg. A CNCRUSh-n\u00e1l automatikus be-\/kirakod\u00e1si rendszereket \u00e9s fejlett CNC szoftvereket haszn\u00e1lunk a hat\u00e9konys\u00e1g maximaliz\u00e1l\u00e1sa \u00e9rdek\u00e9ben. A j\u00f3l szervezett munkater\u00fcletek \u00e9s a tapasztalt szem\u00e9lyzet szint\u00e9n kritikus szerepet j\u00e1tszanak a termel\u00e9s optimaliz\u00e1l\u00e1s\u00e1ban.<\/p>\n\t\t<\/div>\n\t<\/div>\n\t\n<\/div>\n\t\t<\/div>\n\t\t\t\t\t<\/div>\n\n\t\n<\/div>\n\t\t<\/div>\n\n\t\t\n<style>\n#section_959610890 {\n  padding-top: 10px;\n  padding-bottom: 10px;\n}\n<\/style>\n\t<\/section>\n\t\n<div class=\"row row-collapse row-full-width\"  id=\"row-1216087376\">\n\n\t<div id=\"col-1008013944\" class=\"col small-12 large-12\"  >\n\t\t\t\t<div class=\"col-inner text-center dark\"  >\n\t\t\t\n\t\t\t\n\n  <div class=\"banner has-hover\" id=\"banner-1172741729\">\n          <div class=\"banner-inner fill\">\n        <div class=\"banner-bg fill\" >\n            <img loading=\"lazy\" decoding=\"async\" width=\"1020\" height=\"421\" src=\"https:\/\/cncrush.com\/wp-content\/uploads\/2024\/09\/milled-stainless-steel-background-1024x423.webp\" class=\"bg attachment-large size-large\" alt=\"\" title=\"\">                        <div class=\"overlay\"><\/div>            \n                    <\/div>\n\t\t\n        <div class=\"banner-layers container\">\n            <div class=\"fill banner-link\"><\/div>            \n   <div id=\"text-box-907789707\" class=\"text-box banner-layer x50 md-x50 lg-x50 y50 md-y50 lg-y50 res-text\">\n                                <div class=\"text-box-content text dark\">\n              \n              <div class=\"text-inner text-center\">\n                  \n\t<div id=\"text-2147679172\" class=\"text\">\n\t\t\n<h3 class=\"uppercase\">\u00c9rdekelt? K\u00e9rjen ingyenes \u00e1raj\u00e1nlatot CNC eszterg\u00e1lt alkatr\u00e9szekre m\u00e9g ma!<\/h3>\n<\/p>\n\t\t\n<style>\n#text-2147679172 {\n  font-size: 0.75rem;\n}\n<\/style>\n\t<\/div>\n\t\n<a href=\"https:\/\/cncrush.com\/hu\/kuldjon-megkeresest\/\" class=\"button alert\"  >\n\t\t<span>K\u00fcldje el \u00e9rdekl\u0151d\u00e9s\u00e9t<\/span>\n\t<\/a>\n\n              <\/div>\n           <\/div>\n                            \n<style>\n#text-box-907789707 {\n  width: 100%;\n}\n#text-box-907789707 .text-box-content {\n  font-size: 100%;\n}\n@media (min-width:550px) {\n  #text-box-907789707 {\n    width: 98%;\n  }\n}\n<\/style>\n    <\/div>\n \n        <\/div>\n      <\/div>\n\n            \n<style>\n#banner-1172741729 {\n  padding-top: 99.99%;\n}\n#banner-1172741729 .overlay {\n  background-color: rgba(0, 0, 0, 0.17);\n}\n#banner-1172741729 .banner-bg img {\n  object-position: 47% 60%;\n}\n@media (min-width:550px) {\n  #banner-1172741729 {\n    padding-top: 136px;\n  }\n}\n<\/style>\n  <\/div>\n\n\n\t\t<\/div>\n\t\t\t\t\t<\/div>\n\n\t\n<\/div>","protected":false},"excerpt":{"rendered":"","protected":false},"author":1,"featured_media":0,"parent":0,"menu_order":0,"comment_status":"closed","ping_status":"closed","template":"page-blank.php","meta":{"footnotes":""},"class_list":["post-21","page","type-page","status-publish","hentry"],"_links":{"self":[{"href":"https:\/\/cncrush.com\/hu\/wp-json\/wp\/v2\/pages\/21","targetHints":{"allow":["GET"]}}],"collection":[{"href":"https:\/\/cncrush.com\/hu\/wp-json\/wp\/v2\/pages"}],"about":[{"href":"https:\/\/cncrush.com\/hu\/wp-json\/wp\/v2\/types\/page"}],"author":[{"embeddable":true,"href":"https:\/\/cncrush.com\/hu\/wp-json\/wp\/v2\/users\/1"}],"replies":[{"embeddable":true,"href":"https:\/\/cncrush.com\/hu\/wp-json\/wp\/v2\/comments?post=21"}],"version-history":[{"count":0,"href":"https:\/\/cncrush.com\/hu\/wp-json\/wp\/v2\/pages\/21\/revisions"}],"wp:attachment":[{"href":"https:\/\/cncrush.com\/hu\/wp-json\/wp\/v2\/media?parent=21"}],"curies":[{"name":"wp","href":"https:\/\/api.w.org\/{rel}","templated":true}]}}