{"id":3,"date":"2024-09-29T03:41:52","date_gmt":"2024-09-29T03:41:52","guid":{"rendered":"http:\/\/cncrush.com\/?page_id=3"},"modified":"2024-10-03T15:38:15","modified_gmt":"2024-10-03T15:38:15","slug":"adatvedelmi-szabalyzat","status":"publish","type":"page","link":"https:\/\/cncrush.com\/hu\/adatvedelmi-szabalyzat\/","title":{"rendered":"Adatv\u00e9delmi szab\u00e1lyzat"},"content":{"rendered":"<p>at <strong><a href=\"https:\/\/cncrush.com\/hu\/\">CNCRUSH<\/a><\/strong>, az \u00d6n adatainak v\u00e9delme a legfontosabb sz\u00e1munkra. Ez az adatv\u00e9delmi szab\u00e1lyzat felv\u00e1zolja, hogyan gy\u0171jtj\u00fck, haszn\u00e1ljuk, hozzuk nyilv\u00e1noss\u00e1gra \u00e9s v\u00e9dj\u00fck szem\u00e9lyes adatait, amikor megl\u00e1togatja weboldalunkat, <a href=\"https:\/\/cncrush.com\/hu\/\" target=\"_new\" rel=\"noopener\">https:\/\/cncrush.com\/<\/a> (\u201ea Webhely\u201d), vagy amikor b\u00e1rmilyen m\u00f3don kapcsolatba l\u00e9p vel\u00fcnk. Weboldalunk haszn\u00e1lat\u00e1val vagy szolg\u00e1ltat\u00e1saink ig\u00e9nybev\u00e9tel\u00e9vel \u00d6n hozz\u00e1j\u00e1rul a jelen szab\u00e1lyzatban le\u00edrt gyakorlatokhoz.<\/p>\r\n<h4 class=\"wp-block-heading\"><strong>1. Az \u00e1ltalunk gy\u0171jt\u00f6tt inform\u00e1ci\u00f3k<\/strong><\/h4>\r\n<p>Sz\u00e1mos t\u00edpus\u00fa inform\u00e1ci\u00f3t gy\u0171jt\u00fcnk a Weboldalunk felhaszn\u00e1l\u00f3it\u00f3l \u00e9s felhaszn\u00e1l\u00f3ir\u00f3l, bele\u00e9rtve:<\/p>\r\n<ul>\r\n<li>\r\n<p><strong>Szem\u00e9lyes azonos\u00edt\u00f3 adatok (PII):<\/strong> Ez mag\u00e1ban foglalhatja az \u00d6n nev\u00e9t, e-mail c\u00edm\u00e9t, telefonsz\u00e1m\u00e1t, c\u00e9gnev\u00e9t \u00e9s b\u00e1rmely m\u00e1s szem\u00e9lyes adatot, amelyet akkor ad meg, amikor:<\/p>\r\n<ul>\r\n<li>K\u00e9rjen \u00e1raj\u00e1nlatot<\/li>\r\n<li>Vegye fel vel\u00fcnk a kapcsolatot e-mailben vagy \u0171rlap beny\u00fajt\u00e1s\u00e1val<\/li>\r\n<li>Iratkozzon fel h\u00edrlevelekre vagy marketingkommunik\u00e1ci\u00f3ra<\/li>\r\n<li>L\u00e9pjen kapcsolatba vel\u00fcnk a k\u00f6z\u00f6ss\u00e9gi m\u00e9di\u00e1n vagy \u00fcgyf\u00e9lszolg\u00e1lati csatorn\u00e1inkon kereszt\u00fcl<\/li>\r\n<\/ul>\r\n<\/li>\r\n<li>\r\n<p><strong>Nem szem\u00e9lyes adatok:<\/strong> Gy\u0171jthet\u00fcnk olyan nem szem\u00e9lyes adatokat is, amelyek nem fedik fel az \u00d6n konkr\u00e9t szem\u00e9lyazonoss\u00e1g\u00e1t, p\u00e9ld\u00e1ul a b\u00f6ng\u00e9sz\u0151 t\u00edpus\u00e1t, az eszk\u00f6z adatait, a f\u00f6ldrajzi elhelyezked\u00e9st \u00e9s a Webhely\u00fcnk haszn\u00e1lat\u00e1nak m\u00f3dj\u00e1t (pl. megtekintett oldalak, az oldalon elt\u00f6lt\u00f6tt id\u0151).<\/p>\r\n<\/li>\r\n<li>\r\n<p><strong>Cookie-k \u00e9s nyomk\u00f6vet\u00e9si technol\u00f3gi\u00e1k:<\/strong> Cookie-kat \u00e9s egy\u00e9b nyomk\u00f6vet\u00e9si technol\u00f3gi\u00e1kat haszn\u00e1lunk, hogy jav\u00edtsuk a webhely\u00fcnk\u00f6n tapasztalt \u00e9lm\u00e9nyt, \u00e9s adatokat gy\u0171jts\u00fcnk az \u00d6n b\u00f6ng\u00e9sz\u00e9si viselked\u00e9s\u00e9r\u0151l. A cookie-k haszn\u00e1lat\u00e1val kapcsolatos tov\u00e1bbi inform\u00e1ci\u00f3k\u00e9rt tekintse meg a mi oldalunkat <a target=\"_new\" rel=\"noopener\">Cookie-kra vonatkoz\u00f3 szab\u00e1lyzat<\/a>.<\/p>\r\n<\/li>\r\n<\/ul>\r\n<h4><strong>2. Hogyan haszn\u00e1ljuk fel az \u00d6n adatait<\/strong><\/h4>\r\n<p>Az \u00e1ltalunk gy\u0171jt\u00f6tt inform\u00e1ci\u00f3kat a k\u00f6vetkez\u0151kre haszn\u00e1ljuk fel:<\/p>\r\n<ul>\r\n<li>CNC megmunk\u00e1l\u00e1si szolg\u00e1ltat\u00e1saink biztos\u00edt\u00e1sa \u00e9s fejleszt\u00e9se<\/li>\r\n<li>V\u00e1laszoljon k\u00e9rd\u00e9seire, k\u00e9r\u00e9seire, vagy adjon \u00e1raj\u00e1nlatot<\/li>\r\n<li>Tegye szem\u00e9lyre \u00e9lm\u00e9ny\u00e9t weboldalunkon<\/li>\r\n<li>Kommunik\u00e1lhat \u00d6nnel a friss\u00edt\u00e9sekr\u0151l, prom\u00f3ci\u00f3kr\u00f3l vagy egy\u00e9b relev\u00e1ns inform\u00e1ci\u00f3kr\u00f3l<\/li>\r\n<li>Weboldalunk teljes\u00edtm\u00e9ny\u00e9nek elemz\u00e9se \u00e9s jav\u00edt\u00e1sa<\/li>\r\n<li>Tartsuk be a t\u00f6rv\u00e9nyi k\u00f6telezetts\u00e9geket \u00e9s v\u00e9dj\u00fck jogainkat<\/li>\r\n<\/ul>\r\n<p>Az \u00d6n adatai seg\u00edtenek nek\u00fcnk jobban meg\u00e9rteni ig\u00e9nyeit \u00e9s jav\u00edtani szolg\u00e1ltat\u00e1sainkat. Csak az e c\u00e9lokhoz sz\u00fcks\u00e9ges inform\u00e1ci\u00f3kat gy\u0171jtj\u00fck, \u00e9s adatai biztons\u00e1gos kezel\u00e9s\u00e9nek biztos\u00edt\u00e1s\u00e1val tiszteletben tartjuk az \u00d6n szem\u00e9lyes adatait.<\/p>\r\n<h4><strong>3. A feldolgoz\u00e1s jogalapja<\/strong><\/h4>\r\n<p>Szem\u00e9lyes adatokat az al\u00e1bbi jogalapok alapj\u00e1n kezel\u00fcnk:<\/p>\r\n<ul>\r\n<li><strong>Szerz\u0151d\u00e9ses k\u00f6telezetts\u00e9g:<\/strong> Amikor szolg\u00e1ltat\u00e1sainkat k\u00e9ri (p\u00e9ld\u00e1ul \u00e1raj\u00e1nlatk\u00e9r\u00e9s vagy v\u00e1s\u00e1rl\u00e1s), az \u00d6n szem\u00e9lyes adatait az \u00d6nnel k\u00f6t\u00f6tt szerz\u0151d\u00e9s\u00fcnk teljes\u00edt\u00e9se \u00e9rdek\u00e9ben kezelj\u00fck.<\/li>\r\n<li><strong>Jogos \u00e9rdekek:<\/strong> Szem\u00e9lyes adatait t\u00f6rv\u00e9nyes \u00fczleti c\u00e9lokra dolgozhatjuk fel, p\u00e9ld\u00e1ul szolg\u00e1ltat\u00e1saink jav\u00edt\u00e1sa, marketingkommunik\u00e1ci\u00f3 vagy az \u00d6n \u00e9lm\u00e9ny\u00e9nek jav\u00edt\u00e1sa \u00e9rdek\u00e9ben.<\/li>\r\n<li><strong>Hozz\u00e1j\u00e1rul:<\/strong> Amennyiben a t\u00f6rv\u00e9ny el\u0151\u00edrja, az \u00d6n adatainak gy\u0171jt\u00e9se vagy feldolgoz\u00e1sa, p\u00e9ld\u00e1ul marketing e-mailek k\u00fcld\u00e9se el\u0151tt beszerezz\u00fck az \u00d6n hozz\u00e1j\u00e1rul\u00e1s\u00e1t.<\/li>\r\n<li><strong>Jogi k\u00f6telezetts\u00e9gek betart\u00e1sa:<\/strong> Szem\u00e9lyes adatait a vonatkoz\u00f3 t\u00f6rv\u00e9nyek \u00e9s rendelkez\u00e9sek betart\u00e1sa \u00e9rdek\u00e9ben is feldolgozhatjuk.<\/li>\r\n<\/ul>\r\n<h4><strong>4. Az \u00d6n adatainak megoszt\u00e1sa \u00e9s k\u00f6zz\u00e9t\u00e9tele<\/strong><\/h4>\r\n<p>Szem\u00e9lyes adatait harmadik f\u00e9lnek nem adjuk el, nem adjuk el vagy adjuk b\u00e9rbe. Az al\u00e1bbi esetekben azonban megoszthatjuk adatait:<\/p>\r\n<ul>\r\n<li>\r\n<p><strong>Szolg\u00e1ltat\u00f3k:<\/strong> Megoszthatjuk adatait megb\u00edzhat\u00f3 harmadik f\u00e9l szolg\u00e1ltat\u00f3kkal, akik a nev\u00fcnkben szolg\u00e1ltat\u00e1sokat ny\u00fajtanak, p\u00e9ld\u00e1ul webhelyek t\u00e1rol\u00e1s\u00e1t, adatelemz\u00e9st, e-mailek k\u00e9zbes\u00edt\u00e9s\u00e9t vagy fizet\u00e9si feldolgoz\u00e1st. Ezeket a harmadik feleket titoktart\u00e1si meg\u00e1llapod\u00e1sok k\u00f6tik, \u00e9s csak az \u00e1ltalunk ig\u00e9nyelt szolg\u00e1ltat\u00e1sokhoz haszn\u00e1lj\u00e1k fel az \u00d6n adatait.<\/p>\r\n<\/li>\r\n<li>\r\n<p><strong>Jogi megfelel\u0151s\u00e9g:<\/strong> Felfedhetj\u00fck az \u00d6n adatait, ha azt t\u00f6rv\u00e9ny \u00edrja el\u0151, p\u00e9ld\u00e1ul b\u00edr\u00f3s\u00e1gi v\u00e9gz\u00e9sre vagy korm\u00e1nyzati k\u00e9r\u00e9sre, vagy t\u00f6rv\u00e9nyes jogaink v\u00e9delme, csal\u00e1s megel\u0151z\u00e9se vagy felhaszn\u00e1l\u00f3ink \u200b\u200bbiztons\u00e1g\u00e1nak biztos\u00edt\u00e1sa \u00e9rdek\u00e9ben.<\/p>\r\n<\/li>\r\n<li>\r\n<p><strong>\u00dczleti transzferek:<\/strong> Egyes\u00fcl\u00e9s, felv\u00e1s\u00e1rl\u00e1s vagy vagyon\u00e9rt\u00e9kes\u00edt\u00e9s eset\u00e9n az \u00d6n szem\u00e9lyes adatai az \u00fczleti tranzakci\u00f3 r\u00e9szek\u00e9nt tov\u00e1bb\u00edthat\u00f3k.<\/p>\r\n<\/li>\r\n<\/ul>\r\n<h4><strong>5. Adatbiztons\u00e1g<\/strong><\/h4>\r\n<p>Komolyan vessz\u00fck szem\u00e9lyes adatainak biztons\u00e1g\u00e1t, \u00e9s k\u00fcl\u00f6nf\u00e9le int\u00e9zked\u00e9seket alkalmazunk, hogy megv\u00e9dj\u00fck azokat a jogosulatlan hozz\u00e1f\u00e9r\u00e9st\u0151l, nyilv\u00e1noss\u00e1gra hozatalt\u00f3l, megv\u00e1ltoztat\u00e1st\u00f3l vagy megsemmis\u00edt\u00e9st\u0151l. Ezek az int\u00e9zked\u00e9sek a k\u00f6vetkez\u0151k:<\/p>\r\n<ul>\r\n<li>Biztons\u00e1gos szerver hosting \u00e9s t\u0171zfalak<\/li>\r\n<li>\u00c9rz\u00e9keny adatok titkos\u00edt\u00e1sa \u00e1tvitel k\u00f6zben (pl. SSL)<\/li>\r\n<li>A szem\u00e9lyes adatokhoz csak az arra jogosult szem\u00e9lyek f\u00e9rhetnek hozz\u00e1<\/li>\r\n<\/ul>\r\n<p>Mindazon\u00e1ltal egyetlen \u00e1tviteli vagy t\u00e1rol\u00e1si m\u00f3dszer sem biztons\u00e1gos 100%, \u00e9s b\u00e1r t\u00f6reksz\u00fcnk az \u00d6n szem\u00e9lyes adatainak v\u00e9delm\u00e9re, nem tudjuk garant\u00e1lni azok teljes biztons\u00e1g\u00e1t.<\/p>\r\n<h4><strong>6. Az \u00d6n adatjogai<\/strong><\/h4>\r\n<p>Szem\u00e9lyes adataival kapcsolatban az al\u00e1bbi jogokkal rendelkezik:<\/p>\r\n<ul>\r\n<li><strong>Hozz\u00e1f\u00e9r\u00e9s:<\/strong> \u00d6nnek joga van m\u00e1solatot k\u00e9rni az \u00d6nr\u0151l t\u00e1rolt szem\u00e9lyes adatokr\u00f3l.<\/li>\r\n<li><strong>Jav\u00edt\u00e1s:<\/strong> K\u00e9rheti, hogy jav\u00edtsuk ki a szem\u00e9lyes adataiban tal\u00e1lhat\u00f3 pontatlans\u00e1gokat.<\/li>\r\n<li><strong>T\u00f6rl\u00e9s:<\/strong> Bizonyos felt\u00e9telek mellett k\u00e9rheti szem\u00e9lyes adatainak t\u00f6rl\u00e9s\u00e9t.<\/li>\r\n<li><strong>A feldolgoz\u00e1s korl\u00e1toz\u00e1sa:<\/strong> K\u00e9rheti, hogy bizonyos k\u00f6r\u00fclm\u00e9nyek k\u00f6z\u00f6tt korl\u00e1tozzuk adatai kezel\u00e9s\u00e9t.<\/li>\r\n<li><strong>Adathordozhat\u00f3s\u00e1g:<\/strong> \u00d6nnek joga van ahhoz, hogy szem\u00e9lyes adatait tagolt, \u00e1ltal\u00e1nosan haszn\u00e1lt \u00e9s g\u00e9ppel olvashat\u00f3 form\u00e1tumban megkapja.<\/li>\r\n<li><strong>Kifog\u00e1s:<\/strong> Adatainak marketingc\u00e9l\u00fa kezel\u00e9se ellen b\u00e1rmikor tiltakozhat.<\/li>\r\n<\/ul>\r\n<p>E jogok b\u00e1rmelyik\u00e9nek gyakorl\u00e1s\u00e1hoz vegye fel vel\u00fcnk a kapcsolatot a c\u00edmen <a rel=\"noopener\"><span \n                data-original-string='PaZ8DmI8i6yCb\/C6rbzluQ==250pbZ1KhEh12morloz17xE5AMUONRS25B7wYXUFuP8c8E='\n                class='apbct-email-encoder'\n                title='Ezt a kapcsolatot az Anti-Spam by CleanTalk k\u00f3dolta. Kattintson a dek\u00f3dol\u00e1shoz. A dek\u00f3dol\u00e1s befejez\u00e9s\u00e9hez ellen\u0151rizze, hogy a JavaScript enged\u00e9lyezve van-e a b\u00f6ng\u00e9sz\u0151j\u00e9ben.'>be<span class=\"apbct-blur\">**<\/span>@<span class=\"apbct-blur\">*****<\/span>sh.com<\/span><\/a>. K\u00e9relm\u00e9re a vonatkoz\u00f3 jogszab\u00e1lyok \u00e1ltal el\u0151\u00edrt hat\u00e1rid\u0151n bel\u00fcl v\u00e1laszolunk.<\/p>\r\n<h4><strong>7. Nemzetk\u00f6zi adat\u00e1tvitel<\/strong><\/h4>\r\n<p>K\u00ednai sz\u00e9khely\u0171 v\u00e1llalatk\u00e9nt az \u00d6n szem\u00e9lyes adatait a lak\u00f3helye szerinti orsz\u00e1gon k\u00edv\u00fcli orsz\u00e1gokba tov\u00e1bb\u00edthatjuk, \u00e9s ott is feldolgozhatjuk. Ha az Eur\u00f3pai Gazdas\u00e1gi T\u00e9rs\u00e9gben (EGT) tart\u00f3zkodik, ez mag\u00e1ban foglalhatja az olyan orsz\u00e1gokba t\u00f6rt\u00e9n\u0151 adattov\u00e1bb\u00edt\u00e1st is, amelyekben nem \u00e9rv\u00e9nyesek az \u00d6n orsz\u00e1g\u00e1val azonos adatv\u00e9delmi t\u00f6rv\u00e9nyek. Mindazon\u00e1ltal minden \u00e9sszer\u0171 l\u00e9p\u00e9st megtesz\u00fcnk annak biztos\u00edt\u00e1s\u00e1ra, hogy adatait biztons\u00e1gosan \u00e9s a jelen Adatv\u00e9delmi szab\u00e1lyzattal \u00f6sszhangban kezelj\u00fck.<\/p>\r\n<h4><strong>8. Adatmeg\u0151rz\u00e9s<\/strong><\/h4>\r\n<p>Szem\u00e9lyes adatait csak addig \u0151rizz\u00fck meg, ameddig az sz\u00fcks\u00e9ges az adatgy\u0171jt\u00e9s c\u00e9ljainak teljes\u00edt\u00e9s\u00e9hez, vagy am\u00edg a t\u00f6rv\u00e9ny el\u0151\u00edrja. Ha m\u00e1r nincs sz\u00fcks\u00e9g\u00fcnk adataira, biztons\u00e1gosan t\u00f6r\u00f6lj\u00fck vagy anonimiz\u00e1ljuk azokat.<\/p>\r\n<h4><strong>9. Harmadik f\u00e9lt\u0151l sz\u00e1rmaz\u00f3 hivatkoz\u00e1sok<\/strong><\/h4>\r\n<p>Weboldalunk tartalmazhat harmadik felek webhelyeire mutat\u00f3 hivatkoz\u00e1sokat. Nem v\u00e1llalunk felel\u0151ss\u00e9get ezen k\u00fcls\u0151 oldalak adatv\u00e9delmi gyakorlat\u00e1\u00e9rt vagy tartalm\u00e1\u00e9rt. Javasoljuk, hogy tekintse \u00e1t a harmadik felek \u00e1ltal felkeresett webhelyek adatv\u00e9delmi szab\u00e1lyzat\u00e1t.<\/p>\r\n<h4><strong>10. Jelen adatv\u00e9delmi szab\u00e1lyzat v\u00e1ltoz\u00e1sai<\/strong><\/h4>\r\n<p>Ezt az Adatv\u00e9delmi szab\u00e1lyzatot id\u0151r\u0151l id\u0151re friss\u00edthetj\u00fck, hogy t\u00fckr\u00f6zze gyakorlatunkban bek\u00f6vetkezett v\u00e1ltoz\u00e1sokat, illetve jogi \u00e9s szab\u00e1lyoz\u00e1si okokb\u00f3l. B\u00e1rmilyen v\u00e1ltoztat\u00e1st ezen az oldalon tesz\u00fcnk k\u00f6zz\u00e9 friss\u00edtett \u201eHat\u00e1lybal\u00e9p\u00e9s d\u00e1tum\u00e1val\u201d. Javasoljuk, hogy rendszeresen tekintse \u00e1t ezt a szab\u00e1lyzatot, hogy t\u00e1j\u00e9koz\u00f3djon arr\u00f3l, hogyan v\u00e9dj\u00fck adatait.<\/p>\r\n<h4><strong>L\u00e9pjen kapcsolatba vel\u00fcnk<\/strong><\/h4>\r\n<p>Ha b\u00e1rmilyen k\u00e9rd\u00e9se vagy agg\u00e1lya van jelen Adatv\u00e9delmi szab\u00e1lyzattal vagy szem\u00e9lyes adatainak kezel\u00e9s\u00e9vel kapcsolatban, k\u00e9rj\u00fck, l\u00e9pjen vel\u00fcnk kapcsolatba a k\u00f6vetkez\u0151 c\u00edmen:<\/p>\r\n<p><strong>Email:<\/strong> <a rel=\"noopener\"><span \n                data-original-string='6JicdZhsRsu+q9DY51PnNw==250MlGQa9otCLFseK3TjQjtABZHYWGwaynTRwqibwqYG0o='\n                class='apbct-email-encoder'\n                title='Ezt a kapcsolatot az Anti-Spam by CleanTalk k\u00f3dolta. Kattintson a dek\u00f3dol\u00e1shoz. A dek\u00f3dol\u00e1s befejez\u00e9s\u00e9hez ellen\u0151rizze, hogy a JavaScript enged\u00e9lyezve van-e a b\u00f6ng\u00e9sz\u0151j\u00e9ben.'>be<span class=\"apbct-blur\">**<\/span>@<span class=\"apbct-blur\">*****<\/span>sh.com<\/span><\/a><\/p>","protected":false},"excerpt":{"rendered":"<p>A CNCRUSH-n\u00e1l az \u00d6n adatainak v\u00e9delme a legfontosabb sz\u00e1munkra. Ez az adatv\u00e9delmi szab\u00e1lyzat felv\u00e1zolja, hogyan gy\u0171jtj\u00fck, haszn\u00e1ljuk, hozzuk nyilv\u00e1noss\u00e1gra \u00e9s v\u00e9dj\u00fck szem\u00e9lyes adatait, amikor megl\u00e1togatja webhely\u00fcnket, a https:\/\/cncrush.com\/ (\u201ewebhely\u201d), vagy amikor b\u00e1rmilyen m\u00f3don kapcsolatba l\u00e9p vel\u00fcnk. Weboldalunk haszn\u00e1lat\u00e1val vagy szolg\u00e1ltat\u00e1saink ig\u00e9nybev\u00e9tel\u00e9vel \u00d6n hozz\u00e1j\u00e1rul ahhoz, hogy [\u2026]","protected":false},"author":1,"featured_media":0,"parent":0,"menu_order":0,"comment_status":"closed","ping_status":"closed","template":"page-blank-title-center.php","meta":{"footnotes":""},"class_list":["post-3","page","type-page","status-publish","hentry"],"_links":{"self":[{"href":"https:\/\/cncrush.com\/hu\/wp-json\/wp\/v2\/pages\/3","targetHints":{"allow":["GET"]}}],"collection":[{"href":"https:\/\/cncrush.com\/hu\/wp-json\/wp\/v2\/pages"}],"about":[{"href":"https:\/\/cncrush.com\/hu\/wp-json\/wp\/v2\/types\/page"}],"author":[{"embeddable":true,"href":"https:\/\/cncrush.com\/hu\/wp-json\/wp\/v2\/users\/1"}],"replies":[{"embeddable":true,"href":"https:\/\/cncrush.com\/hu\/wp-json\/wp\/v2\/comments?post=3"}],"version-history":[{"count":0,"href":"https:\/\/cncrush.com\/hu\/wp-json\/wp\/v2\/pages\/3\/revisions"}],"wp:attachment":[{"href":"https:\/\/cncrush.com\/hu\/wp-json\/wp\/v2\/media?parent=3"}],"curies":[{"name":"wp","href":"https:\/\/api.w.org\/{rel}","templated":true}]}}