{"id":31,"date":"2024-09-29T03:50:09","date_gmt":"2024-09-29T03:50:09","guid":{"rendered":"https:\/\/cncrush.com\/?page_id=31"},"modified":"2024-12-20T14:11:01","modified_gmt":"2024-12-20T14:11:01","slug":"gepgyartas-es-automatizalas","status":"publish","type":"page","link":"https:\/\/cncrush.com\/hu\/gepgyartas-es-automatizalas\/","title":{"rendered":"G\u00e9pgy\u00e1rt\u00e1s \u00e9s automatiz\u00e1l\u00e1s"},"content":{"rendered":"<section class=\"section dark\" id=\"section_1086854606\">\n\t\t<div class=\"section-bg fill\" >\n\t\t\t<img loading=\"lazy\" decoding=\"async\" width=\"2100\" height=\"700\" src=\"https:\/\/cncrush.com\/wp-content\/uploads\/2024\/10\/machine-building-automation.webp\" class=\"bg attachment- size-\" alt=\"\" title=\"\">\t\t\t\t\t\t<div class=\"section-bg-overlay absolute fill\"><\/div><button class=\"scroll-for-more z-5 icon absolute bottom h-center\" aria-label=\"Tov\u00e1bbiak\u00e9rt g\u00f6rgessen\"><i class=\"icon-angle-down\" style=\"font-size:42px;\" ><\/i><\/button>\n\t\t\t\n\n\t\t<\/div>\n\n\t\t\n\n\t\t<div class=\"section-content relative\">\n\t\t\t\n<div class=\"row align-center\"  id=\"row-1053969404\">\n\n\t<div id=\"col-293241094\" class=\"col medium-10 small-12 large-10\"  >\n\t\t\t\t<div class=\"col-inner text-center\"  >\n\t\t\t\n\t\t\t\n\t<div id=\"text-382998800\" class=\"text\">\n\t\t\n<h1>G\u00e9pgy\u00e1rt\u00e1si \u00e9s automatiz\u00e1l\u00e1si CNC szolg\u00e1ltat\u00e1sok<\/h1>\n\t\t\n<style>\n#text-382998800 {\n  font-size: 1.35rem;\n}\n@media (min-width:550px) {\n  #text-382998800 {\n    font-size: 2rem;\n  }\n}\n<\/style>\n\t<\/div>\n\t\n<div class=\"row\"  id=\"row-2089129992\">\n\n\t<div id=\"col-1952232322\" class=\"col medium-9 small-12 large-9\"  >\n\t\t\t\t<div class=\"col-inner\"  >\n\t\t\t\n\t\t\t\n<p>A CNCRUSH-n\u00e1l minden alkatr\u00e9szt megb\u00edzhat\u00f3an, k\u00f6lts\u00e9ghat\u00e9konyan \u00e9s a legjobb min\u0151s\u00e9gben gy\u00e1rtunk g\u00e9peihez vagy k\u00e9sz\u00fcl\u00e9keihez. ISO 9001:2015 \u00e9s ISO 14001 tan\u00fas\u00edtv\u00e1nnyal biztos\u00edtjuk a pontos sz\u00e1ll\u00edt\u00e1st \u00e9s a kiv\u00e9teles szabv\u00e1nyokat minden alkatr\u00e9szn\u00e9l.<\/p>\n\t\t<\/div>\n\t\t\t\t\t<\/div>\n\n\t\n<\/div>\n\t\t<\/div>\n\t\t\t\t\t<\/div>\n\n\t\n<\/div>\n\t\t<\/div>\n\n\t\t\n<style>\n#section_1086854606 {\n  padding-top: 30px;\n  padding-bottom: 30px;\n  min-height: 100px;\n}\n#section_1086854606 .section-bg-overlay {\n  background-color: rgba(0, 0, 0, 0.384);\n}\n#section_1086854606 .section-bg img {\n  object-position: 53% 58%;\n}\n@media (min-width:550px) {\n  #section_1086854606 {\n    min-height: 600px;\n  }\n}\n<\/style>\n\t<\/section>\n\t\n\n\t<section class=\"section\" id=\"section_1818765662\">\n\t\t<div class=\"section-bg fill\" >\n\t\t\t\t\t\t\t\t\t\n\t\t\t\n\n\t\t<\/div>\n\n\t\t\n\n\t\t<div class=\"section-content relative\">\n\t\t\t\n<div class=\"row row-large steps-simple-headline\"  id=\"row-695723251\">\n\n\t<div id=\"col-376183974\" class=\"col medium-8 small-12 large-12\"  >\n\t\t\t\t<div class=\"col-inner\"  >\n\t\t\t\n\t\t\t\n<div class=\"row row-collapse\"  id=\"row-2121581258\">\n\n\t<div id=\"col-295869474\" class=\"col medium-1 small-2 large-1\"  >\n\t\t\t\t<div class=\"col-inner\"  >\n\t\t\t\n\t\t\t\n<h2>01<\/h2>\n\t\t<\/div>\n\t\t\t\t\t<\/div>\n\n\t\n\n\t<div id=\"col-1614007275\" class=\"col medium-11 small-10 large-11\"  >\n\t\t\t\t<div class=\"col-inner\"  >\n\t\t\t\n\t\t\t\n<h3>Az \u00e1ltalunk gy\u00e1rtott alkatr\u00e9szek<\/h3>\n<p>Szak\u00e9rtelm\u00fcnk sokf\u00e9le anyagra, k\u00f6zt\u00fck alum\u00edniumra, ac\u00e9lra, rezet \u00e9s m\u0171anyagokra terjed ki, olyan alkatr\u00e9szekhez, mint:<\/p>\n<ul>\n<li>Testek, burkolatok, blokkok<\/li>\n<li>R\u00f6gz\u00edt\u0151, be\u00e1ll\u00edt\u00f3 \u00e9s \u00f6sszek\u00f6t\u0151 elemek<\/li>\n<li>L\u00e9cek \u00e9s profilok<\/li>\n<li>Karmanty\u00fak, gy\u0171r\u0171k, any\u00e1k, tengelyek \u00e9s tengelyek<\/li>\n<li>Tart\u00f3k<\/li>\n<li>Lemezek<\/li>\n<\/ul>\n\t\t<\/div>\n\t\t\t\t\t<\/div>\n\n\t\n<\/div>\n<div class=\"is-divider divider clearfix\" style=\"margin-top:10px;margin-bottom:10px;max-width:100%;height:1px;\"><\/div>\n<div class=\"row row-collapse\"  id=\"row-1819047222\">\n\n\t<div id=\"col-404200562\" class=\"col medium-1 small-2 large-1\"  >\n\t\t\t\t<div class=\"col-inner\"  >\n\t\t\t\n\t\t\t\n<h2>02<\/h2>\n\t\t<\/div>\n\t\t\t\t\t<\/div>\n\n\t\n\n\t<div id=\"col-1309776994\" class=\"col medium-11 small-10 large-11\"  >\n\t\t\t\t<div class=\"col-inner\"  >\n\t\t\t\n\t\t\t\n<h3>Elj\u00e1r\u00e1sunk<\/h3>\n<p>A CNCRUSH-n\u00e1l a min\u0151s\u00e9g a legf\u0151bb priorit\u00e1sunk.<\/p>\n<ul>\n<li><strong>100% min\u0151s\u00e9gellen\u0151rz\u00e9s:<\/strong> Min\u0151s\u00e9gellen\u0151rz\u0151 csapatunk minden alkatr\u00e9szt j\u00f3v\u00e1hagyott a gy\u00e1rt\u00e1shoz, folyamatos folyamatfel\u00fcgyelettel, r\u00e9szletes ellen\u0151rz\u00e9si terv alapj\u00e1n.<\/li>\n<li><strong>Jelent\u00e9s:<\/strong> K\u00e9r\u00e9sre biztos\u00edtunk <strong>PPAP<\/strong> \u00e9s <strong>8D jelent\u00e9sek<\/strong> hogy biztos\u00edtsa az el\u0151\u00edr\u00e1soknak val\u00f3 megfelel\u00e9st.<\/li>\n<\/ul>\n\t\t<\/div>\n\t\t\t\t\t<\/div>\n\n\t\n<\/div>\n<div class=\"is-divider divider clearfix\" style=\"margin-top:10px;margin-bottom:10px;max-width:100%;height:1px;\"><\/div>\n<div class=\"row row-collapse align-middle\"  id=\"row-333166898\">\n\n\t<div id=\"col-702536428\" class=\"col medium-1 small-2 large-1\"  >\n\t\t\t\t<div class=\"col-inner\"  >\n\t\t\t\n\t\t\t\n<h2>03<\/h2>\n\t\t<\/div>\n\t\t\t\t\t<\/div>\n\n\t\n\n\t<div id=\"col-26906320\" class=\"col medium-11 small-10 large-11\"  >\n\t\t\t\t<div class=\"col-inner\"  >\n\t\t\t\n\t\t\t\n<h3>Min\u0151s\u00e9gbiztos\u00edt\u00e1s<\/h3>\n<p>A CNCRUSH-n\u00e1l a min\u0151s\u00e9g a legf\u0151bb priorit\u00e1sunk.<\/p>\n<ul>\n<li><strong>100% min\u0151s\u00e9gellen\u0151rz\u00e9s:<\/strong> Min\u0151s\u00e9gellen\u0151rz\u0151 csapatunk minden alkatr\u00e9szt j\u00f3v\u00e1hagyott a gy\u00e1rt\u00e1shoz, folyamatos folyamatfel\u00fcgyelettel, r\u00e9szletes ellen\u0151rz\u00e9si terv alapj\u00e1n.<\/li>\n<li><strong>Jelent\u00e9s:<\/strong> K\u00e9r\u00e9sre biztos\u00edtunk <strong>Els\u0151 cikk ellen\u0151rz\u00e9si (FAI) jelent\u00e9sek \u00e9s<\/strong> <strong>8D jelent\u00e9sek<\/strong> hogy biztos\u00edtsa az el\u0151\u00edr\u00e1soknak val\u00f3 megfelel\u00e9st.<\/li>\n<\/ul>\n\t\t<\/div>\n\t\t\t\t\t<\/div>\n\n\t\n<\/div>\n\t\t<\/div>\n\t\t\t\t\t<\/div>\n\n\t\n<\/div>\n\t\t<\/div>\n\n\t\t\n<style>\n#section_1818765662 {\n  padding-top: 60px;\n  padding-bottom: 60px;\n}\n<\/style>\n\t<\/section>\n\t\n<div class=\"row row-collapse row-full-width\"  id=\"row-1585537049\">\n\n\t<div id=\"col-505699724\" class=\"col small-12 large-12\"  >\n\t\t\t\t<div class=\"col-inner text-center dark\"  >\n\t\t\t\n\t\t\t\n\n  <div class=\"banner has-hover\" id=\"banner-652259670\">\n          <div class=\"banner-inner fill\">\n        <div class=\"banner-bg fill\" >\n            <img loading=\"lazy\" decoding=\"async\" width=\"1020\" height=\"421\" src=\"https:\/\/cncrush.com\/wp-content\/uploads\/2024\/09\/milled-stainless-steel-background-1024x423.webp\" class=\"bg attachment-large size-large\" alt=\"\" title=\"\">                        <div class=\"overlay\"><\/div>            \n                    <\/div>\n\t\t\n        <div class=\"banner-layers container\">\n            <div class=\"fill banner-link\"><\/div>            \n   <div id=\"text-box-336523267\" class=\"text-box banner-layer x50 md-x50 lg-x50 y50 md-y50 lg-y50 res-text\">\n                                <div class=\"text-box-content text dark\">\n              \n              <div class=\"text-inner text-center\">\n                  \n\t<div id=\"text-3339055159\" class=\"text\">\n\t\t\n<h3>\u00c9rdekelt? K\u00e9rjen ingyenes \u00e1raj\u00e1nlatot m\u00e9g ma!<\/h3>\n\t\t\n<style>\n#text-3339055159 {\n  font-size: 0.75rem;\n  text-align: center;\n}\n<\/style>\n\t<\/div>\n\t\n<a href=\"https:\/\/cncrush.com\/hu\/kuldjon-megkeresest\/\" class=\"button alert\"  >\n\t\t<span>K\u00fcldje el \u00e9rdekl\u0151d\u00e9s\u00e9t<\/span>\n\t<\/a>\n\n              <\/div>\n           <\/div>\n                            \n<style>\n#text-box-336523267 {\n  width: 100%;\n}\n#text-box-336523267 .text-box-content {\n  font-size: 100%;\n}\n@media (min-width:550px) {\n  #text-box-336523267 {\n    width: 94%;\n  }\n}\n<\/style>\n    <\/div>\n \n        <\/div>\n      <\/div>\n\n            \n<style>\n#banner-652259670 {\n  padding-top: 99.99%;\n}\n#banner-652259670 .overlay {\n  background-color: rgba(0, 0, 0, 0.17);\n}\n#banner-652259670 .banner-bg img {\n  object-position: 47% 60%;\n}\n@media (min-width:550px) {\n  #banner-652259670 {\n    padding-top: 105px;\n  }\n}\n<\/style>\n  <\/div>\n\n\n\t\t<\/div>\n\t\t\t\t\t<\/div>\n\n\t\n<\/div>","protected":false},"excerpt":{"rendered":"","protected":false},"author":1,"featured_media":0,"parent":0,"menu_order":0,"comment_status":"closed","ping_status":"closed","template":"page-blank.php","meta":{"footnotes":""},"class_list":["post-31","page","type-page","status-publish","hentry"],"_links":{"self":[{"href":"https:\/\/cncrush.com\/hu\/wp-json\/wp\/v2\/pages\/31","targetHints":{"allow":["GET"]}}],"collection":[{"href":"https:\/\/cncrush.com\/hu\/wp-json\/wp\/v2\/pages"}],"about":[{"href":"https:\/\/cncrush.com\/hu\/wp-json\/wp\/v2\/types\/page"}],"author":[{"embeddable":true,"href":"https:\/\/cncrush.com\/hu\/wp-json\/wp\/v2\/users\/1"}],"replies":[{"embeddable":true,"href":"https:\/\/cncrush.com\/hu\/wp-json\/wp\/v2\/comments?post=31"}],"version-history":[{"count":0,"href":"https:\/\/cncrush.com\/hu\/wp-json\/wp\/v2\/pages\/31\/revisions"}],"wp:attachment":[{"href":"https:\/\/cncrush.com\/hu\/wp-json\/wp\/v2\/media?parent=31"}],"curies":[{"name":"wp","href":"https:\/\/api.w.org\/{rel}","templated":true}]}}