{"id":33,"date":"2024-09-29T03:50:17","date_gmt":"2024-09-29T03:50:17","guid":{"rendered":"https:\/\/cncrush.com\/?page_id=33"},"modified":"2024-12-20T14:14:01","modified_gmt":"2024-12-20T14:14:01","slug":"fogyasztoi-termekek","status":"publish","type":"page","link":"https:\/\/cncrush.com\/hu\/fogyasztoi-termekek\/","title":{"rendered":"Fogyaszt\u00f3i term\u00e9kek"},"content":{"rendered":"<section class=\"section dark\" id=\"section_139377725\">\n\t\t<div class=\"section-bg fill\" >\n\t\t\t<img loading=\"lazy\" decoding=\"async\" width=\"2100\" height=\"700\" src=\"https:\/\/cncrush.com\/wp-content\/uploads\/2024\/10\/consumer-products.webp\" class=\"bg attachment- size-\" alt=\"\" title=\"\">\t\t\t\t\t\t<div class=\"section-bg-overlay absolute fill\"><\/div><button class=\"scroll-for-more z-5 icon absolute bottom h-center\" aria-label=\"Tov\u00e1bbiak\u00e9rt g\u00f6rgessen\"><i class=\"icon-angle-down\" style=\"font-size:42px;\" ><\/i><\/button>\n\t\t\t\n\n\t\t<\/div>\n\n\t\t\n\n\t\t<div class=\"section-content relative\">\n\t\t\t\n<div class=\"row align-center\"  id=\"row-442839505\">\n\n\t<div id=\"col-1577357255\" class=\"col medium-10 small-12 large-10\"  >\n\t\t\t\t<div class=\"col-inner text-center\"  >\n\t\t\t\n\t\t\t\n\t<div id=\"text-3681198725\" class=\"text\">\n\t\t\n<h1>Fogyaszt\u00e1si cikkek gy\u00e1rt\u00e1sa<\/h1>\n\t\t\n<style>\n#text-3681198725 {\n  font-size: 1.35rem;\n}\n@media (min-width:550px) {\n  #text-3681198725 {\n    font-size: 2rem;\n  }\n}\n<\/style>\n\t<\/div>\n\t\n<div class=\"row\"  id=\"row-2134146991\">\n\n\t<div id=\"col-442312320\" class=\"col medium-9 small-12 large-9\"  >\n\t\t\t\t<div class=\"col-inner\"  >\n\t\t\t\n\t\t\t\n<p>A CNCRUSH-n\u00e1l \u00e9letre keltj\u00fck term\u00e9k\u00f6tleteit, seg\u00edtve a tervez\u00e9si \u00e9s a gy\u00e1rt\u00e1si k\u00f6lts\u00e9gek optimaliz\u00e1l\u00e1s\u00e1t. Gondoskodunk arr\u00f3l, hogy term\u00e9ke az \u00d6n specifik\u00e1ci\u00f3i szerint legyen becsomagolva, min\u0151s\u00e9get \u00e9s \u00e9rt\u00e9ket egyar\u00e1nt biztos\u00edtva.<\/p>\n\t\t<\/div>\n\t\t\t\t\t<\/div>\n\n\t\n<\/div>\n\t\t<\/div>\n\t\t\t\t\t<\/div>\n\n\t\n<\/div>\n\t\t<\/div>\n\n\t\t\n<style>\n#section_139377725 {\n  padding-top: 30px;\n  padding-bottom: 30px;\n  min-height: 100px;\n}\n#section_139377725 .section-bg-overlay {\n  background-color: rgba(0, 0, 0, 0.384);\n}\n#section_139377725 .section-bg img {\n  object-position: 53% 58%;\n}\n@media (min-width:550px) {\n  #section_139377725 {\n    min-height: 600px;\n  }\n}\n<\/style>\n\t<\/section>\n\t\n\n\t<section class=\"section\" id=\"section_1239914267\">\n\t\t<div class=\"section-bg fill\" >\n\t\t\t\t\t\t\t\t\t\n\t\t\t\n\n\t\t<\/div>\n\n\t\t\n\n\t\t<div class=\"section-content relative\">\n\t\t\t\n<div class=\"row row-large steps-simple-headline\"  id=\"row-2013472265\">\n\n\t<div id=\"col-1455733454\" class=\"col medium-8 small-12 large-12\"  >\n\t\t\t\t<div class=\"col-inner\"  >\n\t\t\t\n\t\t\t\n<div class=\"row row-collapse\"  id=\"row-656830663\">\n\n\t<div id=\"col-1547826595\" class=\"col medium-1 small-2 large-1\"  >\n\t\t\t\t<div class=\"col-inner\"  >\n\t\t\t\n\t\t\t\n<h2>01<\/h2>\n\t\t<\/div>\n\t\t\t\t\t<\/div>\n\n\t\n\n\t<div id=\"col-1184459290\" class=\"col medium-11 small-10 large-11\"  >\n\t\t\t\t<div class=\"col-inner\"  >\n\t\t\t\n\t\t\t\n<h3>P\u00e9ld\u00e1k az \u00e1ltalunk gy\u00e1rtott term\u00e9kekre<\/h3>\n<ul>\n<li>\u00c9p\u00fcletvez\u00e9rl\u0151 rendszer nyom\u00f3gombjainak h\u00e1zai<\/li>\n<li>Tablettatokok<\/li>\n<li>Ker\u00e9kp\u00e1r alkatr\u00e9szek<\/li>\n<li>Alkatr\u00e9szek v\u00edzipip\u00e1hoz<\/li>\n<li>Tart\u00f3k \u00e9s gombok h\u00e1ztart\u00e1si g\u00e9pekhez \u00e9s elektronikus berendez\u00e9sekhez<\/li>\n<\/ul>\n\t\t<\/div>\n\t\t\t\t\t<\/div>\n\n\t\n<\/div>\n<div class=\"is-divider divider clearfix\" style=\"margin-top:10px;margin-bottom:10px;max-width:100%;height:1px;\"><\/div>\n<div class=\"row row-collapse\"  id=\"row-514964054\">\n\n\t<div id=\"col-896380730\" class=\"col medium-1 small-2 large-1\"  >\n\t\t\t\t<div class=\"col-inner\"  >\n\t\t\t\n\t\t\t\n<h2>02<\/h2>\n\t\t<\/div>\n\t\t\t\t\t<\/div>\n\n\t\n\n\t<div id=\"col-1466444904\" class=\"col medium-11 small-10 large-11\"  >\n\t\t\t\t<div class=\"col-inner\"  >\n\t\t\t\n\t\t\t\n<h3>\u00c1tfog\u00f3 t\u00e1mogat\u00e1s<\/h3>\n<p>Van egy \u00f6tleted, de nem vagy biztos a k\u00f6vetkez\u0151 l\u00e9p\u00e9sekben? A CNCRUSH-n\u00e1l mi megval\u00f3s\u00edtjuk elk\u00e9pzel\u00e9seit. Csapatunk a k\u00f6vetkez\u0151kben ny\u00fajt seg\u00edts\u00e9get:<\/p>\n<ul>\n<li><strong>A term\u00e9k tervez\u00e9se<\/strong> hogy megfeleljen az elk\u00e9pzel\u00e9s\u00e9nek<\/li>\n<li>Biztos\u00edtva <strong>optim\u00e1lis teljes\u00edtm\u00e9ny<\/strong> megfelel\u0151 specifik\u00e1ci\u00f3kkal<\/li>\n<li><strong>A legjobb anyagok kiv\u00e1laszt\u00e1sa<\/strong> a tart\u00f3ss\u00e1g \u00e9s a funkcionalit\u00e1s \u00e9rdek\u00e9ben<\/li>\n<li>A legt\u00f6bbet l\u00e9trehozni <strong>hat\u00e9kony gy\u00e1rt\u00e1si folyamat<\/strong><\/li>\n<li><strong>A t\u00f6k\u00e9letes csomagol\u00e1s kiv\u00e1laszt\u00e1sa<\/strong> hogy megfeleljen a m\u00e1rk\u00e1j\u00e1nak<\/li>\n<\/ul>\n\t\t<\/div>\n\t\t\t\t\t<\/div>\n\n\t\n<\/div>\n<div class=\"is-divider divider clearfix\" style=\"margin-top:10px;margin-bottom:10px;max-width:100%;height:1px;\"><\/div>\n<div class=\"row row-collapse align-middle\"  id=\"row-1002012593\">\n\n\t<div id=\"col-1657716984\" class=\"col medium-1 small-2 large-1\"  >\n\t\t\t\t<div class=\"col-inner\"  >\n\t\t\t\n\t\t\t\n<h2>03<\/h2>\n\t\t<\/div>\n\t\t\t\t\t<\/div>\n\n\t\n\n\t<div id=\"col-1973723860\" class=\"col medium-11 small-10 large-11\"  >\n\t\t\t\t<div class=\"col-inner\"  >\n\t\t\t\n\t\t\t\n<h3>Testre szabott gy\u00e1rt\u00e1si folyamat<\/h3>\n<p>A CNCRUSH-n\u00e1l teljes k\u00f6r\u0171 gy\u00e1rt\u00e1si megold\u00e1sokat k\u00edn\u00e1lunk, amelyek az \u00d6n term\u00e9k\u00e9nek speci\u00e1lis ig\u00e9nyeihez igazodnak:<\/p>\n<ul>\n<li><strong>Tervez\u00e9s \u00e9s pontoss\u00e1g:<\/strong> R\u00e9szletes fel\u00e9p\u00edt\u00e9s \u00e9s param\u00e9ter optimaliz\u00e1l\u00e1s<\/li>\n<li><strong>Fejleszt\u00e9s \u00e9s tesztel\u00e9s:<\/strong> A megfelel\u0151 technol\u00f3gia \u00e9s tov\u00e1bbi kezel\u00e9sek azonos\u00edt\u00e1sa<\/li>\n<li><strong>Vizu\u00e1lis \u00e9s csomagol\u00e1si megold\u00e1sok:<\/strong> Biztos\u00edtani kell, hogy a v\u00e9gterm\u00e9k j\u00f3l n\u00e9zzen ki \u00e9s megfelel\u0151en v\u00e9dett legyen<\/li>\n<li><strong>Min\u0151s\u00e9gellen\u0151rz\u00e9s:<\/strong> \u00c1tfog\u00f3 ellen\u0151rz\u00e9sek a kiv\u00e1l\u00f3 min\u0151s\u00e9g \u00e9rdek\u00e9ben<\/li>\n<li><strong>Rugalmass\u00e1g:<\/strong> K\u00f6nnyen alkalmazkodik a term\u00e9km\u00f3dos\u00edt\u00e1sokhoz \u00e9s a tervez\u00e9si fejleszt\u00e9sekhez<\/li>\n<li><strong>K\u00f6zvetlen kommunik\u00e1ci\u00f3:<\/strong> Szoros egy\u00fcttm\u0171k\u00f6d\u00e9s projektmenedzser\u00e9vel \u00e9s folyamatos gy\u00e1rt\u00f3sor-fel\u00fcgyelet<\/li>\n<li><strong>Tart\u00f3ss\u00e1g \u00e9s tesztel\u00e9s:<\/strong> A megfelel\u0151 anyagok kiv\u00e1laszt\u00e1sa a term\u00e9k hossz\u00fa \u00e9lettartama \u00e9rdek\u00e9ben<\/li>\n<\/ul>\n\t\t<\/div>\n\t\t\t\t\t<\/div>\n\n\t\n<\/div>\n<div class=\"is-divider divider clearfix\" style=\"margin-top:10px;margin-bottom:10px;max-width:100%;height:1px;\"><\/div>\n\t\t<\/div>\n\t\t\t\t\t<\/div>\n\n\t\n<\/div>\n\t\t<\/div>\n\n\t\t\n<style>\n#section_1239914267 {\n  padding-top: 60px;\n  padding-bottom: 60px;\n}\n<\/style>\n\t<\/section>\n\t\n<div class=\"row row-collapse row-full-width\"  id=\"row-1495716528\">\n\n\t<div id=\"col-294206492\" class=\"col small-12 large-12\"  >\n\t\t\t\t<div class=\"col-inner text-center dark\"  >\n\t\t\t\n\t\t\t\n\n  <div class=\"banner has-hover\" id=\"banner-981797593\">\n          <div class=\"banner-inner fill\">\n        <div class=\"banner-bg fill\" >\n            <img loading=\"lazy\" decoding=\"async\" width=\"1020\" height=\"421\" src=\"https:\/\/cncrush.com\/wp-content\/uploads\/2024\/09\/milled-stainless-steel-background-1024x423.webp\" class=\"bg attachment-large size-large\" alt=\"\" title=\"\">                        <div class=\"overlay\"><\/div>            \n                    <\/div>\n\t\t\n        <div class=\"banner-layers container\">\n            <div class=\"fill banner-link\"><\/div>            \n   <div id=\"text-box-1144194141\" class=\"text-box banner-layer x50 md-x50 lg-x50 y50 md-y50 lg-y50 res-text\">\n                                <div class=\"text-box-content text dark\">\n              \n              <div class=\"text-inner text-center\">\n                  \n\t<div id=\"text-1768312993\" class=\"text\">\n\t\t\n<h3>\u00c9rdekelt? K\u00e9rjen ingyenes \u00e1raj\u00e1nlatot m\u00e9g ma!<\/h3>\n\t\t\n<style>\n#text-1768312993 {\n  font-size: 0.75rem;\n  text-align: center;\n}\n<\/style>\n\t<\/div>\n\t\n<a href=\"https:\/\/cncrush.com\/hu\/kuldjon-megkeresest\/\" class=\"button alert\"  >\n\t\t<span>K\u00fcldje el \u00e9rdekl\u0151d\u00e9s\u00e9t<\/span>\n\t<\/a>\n\n              <\/div>\n           <\/div>\n                            \n<style>\n#text-box-1144194141 {\n  width: 100%;\n}\n#text-box-1144194141 .text-box-content {\n  font-size: 100%;\n}\n@media (min-width:550px) {\n  #text-box-1144194141 {\n    width: 94%;\n  }\n}\n<\/style>\n    <\/div>\n \n        <\/div>\n      <\/div>\n\n            \n<style>\n#banner-981797593 {\n  padding-top: 99.99%;\n}\n#banner-981797593 .overlay {\n  background-color: rgba(0, 0, 0, 0.17);\n}\n#banner-981797593 .banner-bg img {\n  object-position: 47% 60%;\n}\n@media (min-width:550px) {\n  #banner-981797593 {\n    padding-top: 119px;\n  }\n}\n<\/style>\n  <\/div>\n\n\n\t\t<\/div>\n\t\t\t\t\t<\/div>\n\n\t\n<\/div>","protected":false},"excerpt":{"rendered":"","protected":false},"author":1,"featured_media":0,"parent":0,"menu_order":0,"comment_status":"closed","ping_status":"closed","template":"page-blank.php","meta":{"footnotes":""},"class_list":["post-33","page","type-page","status-publish","hentry"],"_links":{"self":[{"href":"https:\/\/cncrush.com\/hu\/wp-json\/wp\/v2\/pages\/33","targetHints":{"allow":["GET"]}}],"collection":[{"href":"https:\/\/cncrush.com\/hu\/wp-json\/wp\/v2\/pages"}],"about":[{"href":"https:\/\/cncrush.com\/hu\/wp-json\/wp\/v2\/types\/page"}],"author":[{"embeddable":true,"href":"https:\/\/cncrush.com\/hu\/wp-json\/wp\/v2\/users\/1"}],"replies":[{"embeddable":true,"href":"https:\/\/cncrush.com\/hu\/wp-json\/wp\/v2\/comments?post=33"}],"version-history":[{"count":0,"href":"https:\/\/cncrush.com\/hu\/wp-json\/wp\/v2\/pages\/33\/revisions"}],"wp:attachment":[{"href":"https:\/\/cncrush.com\/hu\/wp-json\/wp\/v2\/media?parent=33"}],"curies":[{"name":"wp","href":"https:\/\/api.w.org\/{rel}","templated":true}]}}