{"id":37,"date":"2024-09-29T03:50:30","date_gmt":"2024-09-29T03:50:30","guid":{"rendered":"https:\/\/cncrush.com\/?page_id=37"},"modified":"2024-12-20T13:53:35","modified_gmt":"2024-12-20T13:53:35","slug":"orvosi-ipar","status":"publish","type":"page","link":"https:\/\/cncrush.com\/hu\/orvosi-ipar\/","title":{"rendered":"Orvosi Ipar"},"content":{"rendered":"<section class=\"section dark\" id=\"section_1008887800\">\n\t\t<div class=\"section-bg fill\" >\n\t\t\t<img loading=\"lazy\" decoding=\"async\" width=\"2100\" height=\"700\" src=\"https:\/\/cncrush.com\/wp-content\/uploads\/2024\/10\/medical-industry.webp\" class=\"bg attachment- size-\" alt=\"\" title=\"\">\t\t\t\t\t\t<div class=\"section-bg-overlay absolute fill\"><\/div><button class=\"scroll-for-more z-5 icon absolute bottom h-center\" aria-label=\"Tov\u00e1bbiak\u00e9rt g\u00f6rgessen\"><i class=\"icon-angle-down\" style=\"font-size:42px;\" ><\/i><\/button>\n\t\t\t\n\n\t\t<\/div>\n\n\t\t\n\n\t\t<div class=\"section-content relative\">\n\t\t\t\n<div class=\"row align-center\"  id=\"row-15359512\">\n\n\t<div id=\"col-585039926\" class=\"col medium-10 small-12 large-10\"  >\n\t\t\t\t<div class=\"col-inner text-center\"  >\n\t\t\t\n\t\t\t\n\t<div id=\"text-891090299\" class=\"text\">\n\t\t\n<h1>CNC prec\u00edzi\u00f3s alkatr\u00e9szek az orvosi ipar sz\u00e1m\u00e1ra<\/h1>\n\t\t\n<style>\n#text-891090299 {\n  font-size: 1.35rem;\n}\n@media (min-width:550px) {\n  #text-891090299 {\n    font-size: 2rem;\n  }\n}\n<\/style>\n\t<\/div>\n\t\n<div class=\"row\"  id=\"row-95145812\">\n\n\t<div id=\"col-306436922\" class=\"col medium-9 small-12 large-9\"  >\n\t\t\t\t<div class=\"col-inner\"  >\n\t\t\t\n\t\t\t\n<p>A CNCRUSH-n\u00e1l prec\u00edzi\u00f3s alkatr\u00e9szeket gy\u00e1rtunk speci\u00e1lis orvosi berendez\u00e9sekhez, biztos\u00edtva a legmagasabb min\u0151s\u00e9get \u00e9s megb\u00edzhat\u00f3s\u00e1got az orvosi szektor sz\u00e1m\u00e1ra.<\/p>\n\t\t<\/div>\n\t\t\t\t\t<\/div>\n\n\t\n<\/div>\n\t\t<\/div>\n\t\t\t\t\t<\/div>\n\n\t\n<\/div>\n\t\t<\/div>\n\n\t\t\n<style>\n#section_1008887800 {\n  padding-top: 30px;\n  padding-bottom: 30px;\n  min-height: 100px;\n}\n#section_1008887800 .section-bg-overlay {\n  background-color: rgba(0, 0, 0, 0.384);\n}\n#section_1008887800 .section-bg img {\n  object-position: 53% 58%;\n}\n@media (min-width:550px) {\n  #section_1008887800 {\n    min-height: 600px;\n  }\n}\n<\/style>\n\t<\/section>\n\t\n\n\t<section class=\"section\" id=\"section_402794803\">\n\t\t<div class=\"section-bg fill\" >\n\t\t\t\t\t\t\t\t\t\n\t\t\t\n\n\t\t<\/div>\n\n\t\t\n\n\t\t<div class=\"section-content relative\">\n\t\t\t\n<div class=\"row row-large steps-simple-headline\"  id=\"row-615300793\">\n\n\t<div id=\"col-513987292\" class=\"col medium-8 small-12 large-12\"  >\n\t\t\t\t<div class=\"col-inner\"  >\n\t\t\t\n\t\t\t\n<div class=\"row row-collapse\"  id=\"row-1936590193\">\n\n\t<div id=\"col-485779504\" class=\"col medium-1 small-2 large-1\"  >\n\t\t\t\t<div class=\"col-inner\"  >\n\t\t\t\n\t\t\t\n<h2>01<\/h2>\n\t\t<\/div>\n\t\t\t\t\t<\/div>\n\n\t\n\n\t<div id=\"col-218125638\" class=\"col medium-11 small-10 large-11\"  >\n\t\t\t\t<div class=\"col-inner\"  >\n\t\t\t\n\t\t\t\n<h3>Az \u00e1ltalunk gy\u00e1rtott alkatr\u00e9szek<\/h3>\n<p>Orvosi eszk\u00f6z\u00f6k kritikus alkatr\u00e9szeinek gy\u00e1rt\u00e1s\u00e1ra specializ\u00e1l\u00f3dtunk, bele\u00e9rtve:<\/p>\n<ul>\n<li><strong>Alum\u00ednium burkolatok<\/strong><\/li>\n<li><strong>Mechanikai alkatr\u00e9szek<\/strong> alum\u00edniumb\u00f3l \u00e9s rozsdamentes ac\u00e9lb\u00f3l k\u00e9sz\u00fclt, sug\u00e1rter\u00e1pi\u00e1ban, endoszk\u00f3pi\u00e1ban, laparoszk\u00f3pi\u00e1ban \u00e9s fog\u00e1szati \u200b\u200bszkennerekben haszn\u00e1lt orvosi berendez\u00e9sekhez<\/li>\n<li><strong>Elektr\u00f3d\u00e1k<\/strong><\/li>\n<\/ul>\n\t\t<\/div>\n\t\t\t\t\t<\/div>\n\n\t\n<\/div>\n<div class=\"is-divider divider clearfix\" style=\"margin-top:10px;margin-bottom:10px;max-width:100%;height:1px;\"><\/div>\n<div class=\"row row-collapse\"  id=\"row-1753649767\">\n\n\t<div id=\"col-272854427\" class=\"col medium-1 small-2 large-1\"  >\n\t\t\t\t<div class=\"col-inner\"  >\n\t\t\t\n\t\t\t\n<h2>02<\/h2>\n\t\t<\/div>\n\t\t\t\t\t<\/div>\n\n\t\n\n\t<div id=\"col-327712725\" class=\"col medium-11 small-10 large-11\"  >\n\t\t\t\t<div class=\"col-inner\"  >\n\t\t\t\n\t\t\t\n<h3>Gy\u00e1rt\u00e1si folyamatunk<\/h3>\n<ul>\n<li><strong>Pontoss\u00e1g:<\/strong> Kism\u00e9ret\u0171, nagy pontoss\u00e1g\u00fa alkatr\u00e9szeket gy\u00e1rtunk 0,02 mm-es t\u0171r\u00e9ssel.<\/li>\n<li><strong>Tisztas\u00e1g:<\/strong> Minden alkatr\u00e9szt gondosan ellen\u0151riznek, hogy megbizonyosodjanak arr\u00f3l, hogy nincsenek rajta sorja, forg\u00e1cs vagy olajmaradv\u00e1nyok.<\/li>\n<li><strong>Megb\u00edzhat\u00f3s\u00e1g:<\/strong> Gondosan v\u00e1lasztjuk ki azokat a gy\u00e1rt\u00e1si folyamatokat, amelyek biztos\u00edtj\u00e1k az alkatr\u00e9szek magas ism\u00e9telhet\u0151s\u00e9g\u00e9t, funkcionalit\u00e1s\u00e1t \u00e9s megfelel\u0151s\u00e9g\u00e9t.<\/li>\n<li><strong>\u00dcgyf\u00e9l bevon\u00e1sa:<\/strong> Szorosan egy\u00fcttm\u0171k\u00f6d\u00fcnk az \u00fcgyfelekkel a tervez\u00e9si k\u00f6vetelm\u00e9nyek elemz\u00e9s\u00e9ben, \u00e9s folyamatainkat az egyedi ig\u00e9nyeikhez igaz\u00edtjuk.<\/li>\n<\/ul>\n\t\t<\/div>\n\t\t\t\t\t<\/div>\n\n\t\n<\/div>\n<div class=\"is-divider divider clearfix\" style=\"margin-top:10px;margin-bottom:10px;max-width:100%;height:1px;\"><\/div>\n<div class=\"row row-collapse align-middle\"  id=\"row-1903661412\">\n\n\t<div id=\"col-1348325428\" class=\"col medium-1 small-2 large-1\"  >\n\t\t\t\t<div class=\"col-inner\"  >\n\t\t\t\n\t\t\t\n<h2>03<\/h2>\n\t\t<\/div>\n\t\t\t\t\t<\/div>\n\n\t\n\n\t<div id=\"col-821117194\" class=\"col medium-11 small-10 large-11\"  >\n\t\t\t\t<div class=\"col-inner\"  >\n\t\t\t\n\t\t\t\n<h3>Min\u0151s\u00e9gbiztos\u00edt\u00e1s<\/h3>\n<p>A pontoss\u00e1g kritikus fontoss\u00e1g\u00fa az orvostudom\u00e1nyban, \u00e9s a legszigor\u00fabb szabv\u00e1nyoknak is megfelel\u00fcnk olyan fejlett m\u00e9r\u0151berendez\u00e9sek haszn\u00e1lat\u00e1val, mint a <strong>Hexagon Global S<\/strong>, 0,005 mm-es pontoss\u00e1got biztos\u00edtva. \u00d6sszetett, kis m\u00e9ret\u0171 alkatr\u00e9szekn\u00e9l szemrev\u00e9telez\u00e9st is v\u00e9gz\u00fcnk nagy\u00edtott n\u00e9zetekkel a min\u0151s\u00e9g biztos\u00edt\u00e1sa \u00e9rdek\u00e9ben.<\/p>\n\t\t<\/div>\n\t\t\t\t\t<\/div>\n\n\t\n<\/div>\n<div class=\"is-divider divider clearfix\" style=\"margin-top:10px;margin-bottom:10px;max-width:100%;height:1px;\"><\/div>\n\t\t<\/div>\n\t\t\t\t\t<\/div>\n\n\t\n<\/div>\n\t\t<\/div>\n\n\t\t\n<style>\n#section_402794803 {\n  padding-top: 60px;\n  padding-bottom: 60px;\n}\n<\/style>\n\t<\/section>\n\t\n<div class=\"row row-collapse row-full-width\"  id=\"row-280003616\">\n\n\t<div id=\"col-132531982\" class=\"col small-12 large-12\"  >\n\t\t\t\t<div class=\"col-inner text-center dark\"  >\n\t\t\t\n\t\t\t\n\n  <div class=\"banner has-hover\" id=\"banner-54334636\">\n          <div class=\"banner-inner fill\">\n        <div class=\"banner-bg fill\" >\n            <img loading=\"lazy\" decoding=\"async\" width=\"1020\" height=\"421\" src=\"https:\/\/cncrush.com\/wp-content\/uploads\/2024\/09\/milled-stainless-steel-background-1024x423.webp\" class=\"bg attachment-large size-large\" alt=\"\" title=\"\">                        <div class=\"overlay\"><\/div>            \n                    <\/div>\n\t\t\n        <div class=\"banner-layers container\">\n            <div class=\"fill banner-link\"><\/div>            \n   <div id=\"text-box-1108526480\" class=\"text-box banner-layer x50 md-x50 lg-x50 y50 md-y50 lg-y50 res-text\">\n                                <div class=\"text-box-content text dark\">\n              \n              <div class=\"text-inner text-center\">\n                  \n\t<div id=\"text-2212240463\" class=\"text\">\n\t\t\n<h3>\u00c9rdekelt? K\u00e9rjen ingyenes \u00e1raj\u00e1nlatot m\u00e9g ma!<\/h3>\n\t\t\n<style>\n#text-2212240463 {\n  font-size: 0.75rem;\n  text-align: center;\n}\n<\/style>\n\t<\/div>\n\t\n<a href=\"https:\/\/cncrush.com\/hu\/kuldjon-megkeresest\/\" class=\"button alert\"  >\n\t\t<span>K\u00fcldje el \u00e9rdekl\u0151d\u00e9s\u00e9t<\/span>\n\t<\/a>\n\n              <\/div>\n           <\/div>\n                            \n<style>\n#text-box-1108526480 {\n  width: 100%;\n}\n#text-box-1108526480 .text-box-content {\n  font-size: 100%;\n}\n@media (min-width:550px) {\n  #text-box-1108526480 {\n    width: 94%;\n  }\n}\n<\/style>\n    <\/div>\n \n        <\/div>\n      <\/div>\n\n            \n<style>\n#banner-54334636 {\n  padding-top: 99.99%;\n}\n#banner-54334636 .overlay {\n  background-color: rgba(0, 0, 0, 0.17);\n}\n#banner-54334636 .banner-bg img {\n  object-position: 47% 60%;\n}\n@media (min-width:550px) {\n  #banner-54334636 {\n    padding-top: 97px;\n  }\n}\n<\/style>\n  <\/div>\n\n\n\t\t<\/div>\n\t\t\t\t\t<\/div>\n\n\t\n<\/div>","protected":false},"excerpt":{"rendered":"","protected":false},"author":1,"featured_media":0,"parent":0,"menu_order":0,"comment_status":"closed","ping_status":"closed","template":"page-blank.php","meta":{"footnotes":""},"class_list":["post-37","page","type-page","status-publish","hentry"],"_links":{"self":[{"href":"https:\/\/cncrush.com\/hu\/wp-json\/wp\/v2\/pages\/37","targetHints":{"allow":["GET"]}}],"collection":[{"href":"https:\/\/cncrush.com\/hu\/wp-json\/wp\/v2\/pages"}],"about":[{"href":"https:\/\/cncrush.com\/hu\/wp-json\/wp\/v2\/types\/page"}],"author":[{"embeddable":true,"href":"https:\/\/cncrush.com\/hu\/wp-json\/wp\/v2\/users\/1"}],"replies":[{"embeddable":true,"href":"https:\/\/cncrush.com\/hu\/wp-json\/wp\/v2\/comments?post=37"}],"version-history":[{"count":0,"href":"https:\/\/cncrush.com\/hu\/wp-json\/wp\/v2\/pages\/37\/revisions"}],"wp:attachment":[{"href":"https:\/\/cncrush.com\/hu\/wp-json\/wp\/v2\/media?parent=37"}],"curies":[{"name":"wp","href":"https:\/\/api.w.org\/{rel}","templated":true}]}}