{"id":43,"date":"2024-09-29T03:52:14","date_gmt":"2024-09-29T03:52:14","guid":{"rendered":"https:\/\/cncrush.com\/?page_id=43"},"modified":"2024-10-03T15:34:47","modified_gmt":"2024-10-03T15:34:47","slug":"cookie-kra-vonatkozo-szabalyzat","status":"publish","type":"page","link":"https:\/\/cncrush.com\/hu\/cookie-kra-vonatkozo-szabalyzat\/","title":{"rendered":"Cookie-kra vonatkoz\u00f3 szab\u00e1lyzat"},"content":{"rendered":"<p>at <strong><a href=\"https:\/\/cncrush.com\/hu\/\">CNCRUSH<\/a><\/strong>, elk\u00f6telezettek vagyunk az \u00d6n adatainak v\u00e9delme \u00e9s az \u00e1tl\u00e1that\u00f3s\u00e1g biztos\u00edt\u00e1sa mellett a szem\u00e9lyes adatainak kezel\u00e9s\u00e9ben. Ez a Cookie-szab\u00e1lyzat elmagyar\u00e1zza, hogyan haszn\u00e1lunk cookie-kat \u00e9s hasonl\u00f3 technol\u00f3gi\u00e1kat weboldalunkon, <a href=\"https:\/\/cncrush.com\/hu\/\" target=\"_new\" rel=\"noopener\">https:\/\/cncrush.com\/<\/a> (\u201ea Webhely\u201d). Weboldalunk haszn\u00e1lat\u00e1nak folytat\u00e1s\u00e1val \u00d6n elfogadja a cookie-k haszn\u00e1lat\u00e1t a jelen szab\u00e1lyzatban le\u00edrtak szerint.<\/p>\n<h4><strong>Mik azok a s\u00fctik?<\/strong><\/h4>\n<p>A cookie-k kis sz\u00f6veges f\u00e1jlok, amelyek az \u00d6n eszk\u00f6z\u00e9n (sz\u00e1m\u00edt\u00f3g\u00e9pen, okostelefonon vagy t\u00e1blag\u00e9pen) t\u00e1rol\u00f3dnak, amikor megl\u00e1togat egy webhelyet. Olyan inform\u00e1ci\u00f3kat tartalmaznak, amelyek seg\u00edtenek a webhelynek felismerni az \u00d6n eszk\u00f6z\u00e9t, \u00e9s jav\u00edthatj\u00e1k az \u00e9lm\u00e9nyt az\u00e1ltal, hogy megjegyzik a be\u00e1ll\u00edt\u00e1sokat, lehet\u0151v\u00e9 teszik a gyorsabb bet\u00f6lt\u00e9st \u00e9s jav\u00edtj\u00e1k az \u00e1ltal\u00e1nos funkcionalit\u00e1st.<\/p>\n<h4><strong>Az \u00e1ltalunk haszn\u00e1lt s\u00fctik t\u00edpusai<\/strong><\/h4>\n<ol>\n<li><strong>Felt\u00e9tlen\u00fcl sz\u00fcks\u00e9ges s\u00fctik:<\/strong> Ezek a s\u00fctik elengedhetetlenek a Weboldal megfelel\u0151 m\u0171k\u00f6d\u00e9s\u00e9hez. Lehet\u0151v\u00e9 teszik az olyan alapvet\u0151 funkci\u00f3kat, mint az oldalnavig\u00e1ci\u00f3 \u00e9s a Webhely biztons\u00e1gos ter\u00fcletei. E cookie-k n\u00e9lk\u00fcl bizonyos k\u00e9rt szolg\u00e1ltat\u00e1sok nem biztos\u00edthat\u00f3k. P\u00e9ld\u00e1k a felt\u00e9tlen\u00fcl sz\u00fcks\u00e9ges cookie-kra:\n<ul>\n<li>Munkamenet menedzsment<\/li>\n<li>Biztons\u00e1gi hiteles\u00edt\u00e9s<\/li>\n<li>\u0170rlap bek\u00fcld\u00e9sek<\/li>\n<\/ul>\n<\/li>\n<li><strong>Teljes\u00edtm\u00e9ny- \u00e9s elemz\u00e9si cookie-k:<\/strong> Ezek a s\u00fctik inform\u00e1ci\u00f3kat gy\u0171jtenek arr\u00f3l, hogy a l\u00e1togat\u00f3k hogyan haszn\u00e1lj\u00e1k Webhely\u00fcnket, p\u00e9ld\u00e1ul az \u00e1ltaluk leggyakrabban felkeresett oldalakr\u00f3l \u00e9s a kapott hiba\u00fczenetekr\u0151l. Az inform\u00e1ci\u00f3k \u00f6sszes\u00edtettek \u00e9s n\u00e9vtelenek, \u00e9s seg\u00edtenek nek\u00fcnk Webhely\u00fcnk teljes\u00edtm\u00e9ny\u00e9nek jav\u00edt\u00e1s\u00e1ban. Harmadik f\u00e9lt\u0151l sz\u00e1rmaz\u00f3 elemz\u0151eszk\u00f6z\u00f6ket haszn\u00e1lunk, p\u00e9ld\u00e1ul a Google Analytics-t a webhely forgalm\u00e1nak \u00e9s haszn\u00e1lati szok\u00e1sainak nyomon k\u00f6vet\u00e9s\u00e9re. Ez seg\u00edt nek\u00fcnk adatvez\u00e9relt d\u00f6nt\u00e9seket hozni a felhaszn\u00e1l\u00f3i \u00e9lm\u00e9ny optimaliz\u00e1l\u00e1sa \u00e9rdek\u00e9ben.<\/li>\n<li><strong>Funkcionalit\u00e1si s\u00fctik:<\/strong> Ezek a cookie-k lehet\u0151v\u00e9 teszik, hogy a Webhely megjegyezze az \u00d6n \u00e1ltal hozott d\u00f6nt\u00e9seket, p\u00e9ld\u00e1ul a nyelvi be\u00e1ll\u00edt\u00e1sokat vagy a r\u00e9gi\u00f3t. Szem\u00e9lyre szabott funkci\u00f3kkal jav\u00edtj\u00e1k a felhaszn\u00e1l\u00f3i \u00e9lm\u00e9nyt.<\/li>\n<li><strong>C\u00e9lz\u00e1si \u00e9s hirdet\u00e9si cookie-k:<\/strong> Ezeket a s\u00fctiket arra haszn\u00e1lhatjuk, hogy relev\u00e1nsabb hirdet\u00e9seket jelen\u00edts\u00fcnk meg \u00d6nnek. Nyomon k\u00f6vetik online tev\u00e9kenys\u00e9g\u00e9t, \u00e9s lehet\u0151v\u00e9 teszik sz\u00e1munkra, hogy \u00e9rdekl\u0151d\u00e9si k\u00f6re alapj\u00e1n hirdet\u00e9seket jelen\u00edts\u00fcnk meg. Ezek a cookie-k seg\u00edtenek m\u00e9rni marketingkamp\u00e1nyaink hat\u00e9konys\u00e1g\u00e1t is. Harmadik f\u00e9l hirdet\u0151kkel dolgozunk, akik cookie-kat helyezhetnek el az \u00d6n eszk\u00f6z\u00e9n, amikor megl\u00e1togatja webhely\u00fcnket. K\u00e9rj\u00fck, vegye figyelembe, hogy ezek a harmadik felek saj\u00e1t adatv\u00e9delmi \u00e9s cookie-kra vonatkoz\u00f3 szab\u00e1lyzattal rendelkeznek.<\/li>\n<\/ol>\n<h4><strong>Hogyan haszn\u00e1ljuk a s\u00fctiket<\/strong><\/h4>\n<p>Cookie-kat haszn\u00e1lunk, hogy:<\/p>\n<ul>\n<li>N\u00f6velje Weboldalunk funkcionalit\u00e1s\u00e1t \u00e9s teljes\u00edtm\u00e9ny\u00e9t.<\/li>\n<li>Biztos\u00edtson szem\u00e9lyre szabott \u00e9lm\u00e9nyt.<\/li>\n<li>Elemezze a forgalmat \u00e9s jav\u00edtsa a Weboldal haszn\u00e1lhat\u00f3s\u00e1g\u00e1t.<\/li>\n<li>T\u00e1mogassa marketing- \u00e9s hirdet\u00e9si er\u0151fesz\u00edt\u00e9seinket.<\/li>\n<\/ul>\n<p>A s\u00fctik szolg\u00e1ltat\u00e1saink min\u0151s\u00e9g\u00e9nek jav\u00edt\u00e1s\u00e1ban is seg\u00edtenek benn\u00fcnket az\u00e1ltal, hogy azonos\u00edtanak minden technikai probl\u00e9m\u00e1t vagy fejlesztend\u0151 ter\u00fcletet.<\/p>\n<h4><strong>Cookie-k kezel\u00e9se<\/strong><\/h4>\n<p>Sz\u00e1mos m\u00f3don jogosult a cookie-k ellen\u0151rz\u00e9s\u00e9re \u00e9s kezel\u00e9s\u00e9re:<\/p>\n<ol>\n<li><strong>B\u00f6ng\u00e9sz\u0151 be\u00e1ll\u00edt\u00e1sai:<\/strong> A legt\u00f6bb webb\u00f6ng\u00e9sz\u0151 lehet\u0151v\u00e9 teszi, hogy a be\u00e1ll\u00edt\u00e1sokon kereszt\u00fcl kezelje a cookie-be\u00e1ll\u00edt\u00e1sait. V\u00e1laszthat a cookie-k letilt\u00e1sa vagy t\u00f6rl\u00e9se mellett. Felh\u00edvjuk azonban figyelm\u00e9t, hogy ha letilt bizonyos s\u00fctiket, el\u0151fordulhat, hogy Weboldalunk egyes r\u00e9szei nem fognak megfelel\u0151en m\u0171k\u00f6dni.<\/li>\n<li><strong>Leiratkoz\u00e1si linkek:<\/strong> A teljes\u00edtm\u00e9ny- \u00e9s c\u00e9lz\u00e1si cookie-k eset\u00e9ben k\u00f6zvetlen\u00fcl a megfelel\u0151 harmadik f\u00e9lt\u0151l sz\u00e1rmaz\u00f3 szolg\u00e1ltat\u00e1sokon kereszt\u00fcl iratkozhat le:\n<ul>\n<li><a target=\"_new\" rel=\"noopener\">Google Analytics Opt-Out<\/a><\/li>\n<li>Hirdet\u00e9si be\u00e1ll\u00edt\u00e1sok a Google sz\u00e1m\u00e1ra<\/li>\n<li>Online v\u00e1laszt\u00e1sok az EU-beli felhaszn\u00e1l\u00f3k sz\u00e1m\u00e1ra<\/li>\n<\/ul>\n<\/li>\n<li><strong>Nem k\u00f6vethet\u0151 (DNT) be\u00e1ll\u00edt\u00e1sok:<\/strong> Egyes webb\u00f6ng\u00e9sz\u0151k \u201eDo Not Track\u201d funkci\u00f3t k\u00edn\u00e1lnak, amely lehet\u0151v\u00e9 teszi, hogy jelezze a szem\u00e9lyes adatok v\u00e9delm\u00e9t, \u00e9s k\u00e9rje, hogy a webhelyek ne k\u00f6vess\u00e9k nyomon online tev\u00e9kenys\u00e9geit. A DNT-jelekre azonban nincs egys\u00e9ges szabv\u00e1ny, \u00e9s el\u0151fordulhat, hogy Webhely\u00fcnk nem reag\u00e1l ezekre a jelz\u00e9sekre.<\/li>\n<\/ol>\n<h4><strong>Harmadik f\u00e9lt\u0151l sz\u00e1rmaz\u00f3 cookie-k<\/strong><\/h4>\n<p>Haszn\u00e1lhatunk harmadik f\u00e9lt\u0151l sz\u00e1rmaz\u00f3 szolg\u00e1ltat\u00e1sokat, amelyek cookie-kat helyeznek el az \u00d6n eszk\u00f6z\u00e9n a b\u00f6ng\u00e9sz\u00e9si \u00e9lm\u00e9ny fokoz\u00e1sa vagy a szem\u00e9lyre szabott tartalom megjelen\u00edt\u00e9se \u00e9rdek\u00e9ben. Ezekre a harmadik f\u00e9lt\u0151l sz\u00e1rmaz\u00f3 cookie-kra a megfelel\u0151 harmadik felek adatv\u00e9delmi szab\u00e1lyzatai vonatkoznak, \u00e9s javasoljuk, hogy tekintse \u00e1t ir\u00e1nyelveiket tov\u00e1bbi inform\u00e1ci\u00f3k\u00e9rt.<\/p>\n<h4><strong>A cookie-kra vonatkoz\u00f3 szab\u00e1lyzat v\u00e1ltoz\u00e1sai<\/strong><\/h4>\n<p>Id\u0151r\u0151l id\u0151re friss\u00edthetj\u00fck ezt a Cookie-szab\u00e1lyzatot, hogy t\u00fckr\u00f6zze a technol\u00f3giai v\u00e1ltoz\u00e1sokat, a jogi k\u00f6vetelm\u00e9nyeket vagy a Webhely\u00fcnk m\u0171k\u00f6d\u00e9s\u00e9t. Minden friss\u00edt\u00e9s ezen az oldalon lesz k\u00f6zz\u00e9t\u00e9ve, \u00e9s a \u201eHat\u00e1lybal\u00e9p\u00e9s d\u00e1tuma\u201d ennek megfelel\u0151en m\u00f3dosul. Javasoljuk, hogy rendszeresen tekintse \u00e1t ezt a szab\u00e1lyzatot, hogy t\u00e1j\u00e9koz\u00f3djon a cookie-k haszn\u00e1lat\u00e1r\u00f3l.<\/p>\n<h4><strong>L\u00e9pjen kapcsolatba vel\u00fcnk<\/strong><\/h4>\n<p>Ha b\u00e1rmilyen k\u00e9rd\u00e9se van a cookie-k haszn\u00e1lat\u00e1val vagy a jelen Cookie-szab\u00e1lyzattal kapcsolatban, k\u00e9rj\u00fck, vegye fel vel\u00fcnk a kapcsolatot a k\u00f6vetkez\u0151 c\u00edmen:<\/p>\n<p><strong>Email:<\/strong> <a rel=\"noopener\"><span \n                data-original-string='eSBbO73fRdOYhaU0nUju1Q==250Sp0eyDzkzLh2ac6+shp5\/aKEUGSiFf3pmUm6DdUy7Vw='\n                class='apbct-email-encoder'\n                title='Ezt a kapcsolatot az Anti-Spam by CleanTalk k\u00f3dolta. Kattintson a dek\u00f3dol\u00e1shoz. A dek\u00f3dol\u00e1s befejez\u00e9s\u00e9hez ellen\u0151rizze, hogy a JavaScript enged\u00e9lyezve van-e a b\u00f6ng\u00e9sz\u0151j\u00e9ben.'>be<span class=\"apbct-blur\">**<\/span>@<span class=\"apbct-blur\">*****<\/span>sh.com<\/span><\/a><\/p>","protected":false},"excerpt":{"rendered":"<p>A CNCRUSH-n\u00e1l elk\u00f6telezettek vagyunk az \u00d6n szem\u00e9lyes adatainak v\u00e9delme \u00e9s az \u00e1tl\u00e1that\u00f3s\u00e1g biztos\u00edt\u00e1sa mellett a szem\u00e9lyes adatainak kezel\u00e9s\u00e9ben. Ez a Cookie-szab\u00e1lyzat elmagyar\u00e1zza, hogyan haszn\u00e1ljuk a cookie-kat \u00e9s a hasonl\u00f3 technol\u00f3gi\u00e1kat webhely\u00fcnk\u00f6n, a https:\/\/cncrush.com\/ (\u201ewebhely\u201d). Weboldalunk haszn\u00e1lat\u00e1nak folytat\u00e1s\u00e1val \u00d6n elfogadja a cookie-k haszn\u00e1lat\u00e1t a jelen szab\u00e1lyzatban le\u00edrtak szerint. Milyen [\u2026]","protected":false},"author":1,"featured_media":0,"parent":0,"menu_order":0,"comment_status":"closed","ping_status":"closed","template":"page-blank-title-center.php","meta":{"footnotes":""},"class_list":["post-43","page","type-page","status-publish","hentry"],"_links":{"self":[{"href":"https:\/\/cncrush.com\/hu\/wp-json\/wp\/v2\/pages\/43","targetHints":{"allow":["GET"]}}],"collection":[{"href":"https:\/\/cncrush.com\/hu\/wp-json\/wp\/v2\/pages"}],"about":[{"href":"https:\/\/cncrush.com\/hu\/wp-json\/wp\/v2\/types\/page"}],"author":[{"embeddable":true,"href":"https:\/\/cncrush.com\/hu\/wp-json\/wp\/v2\/users\/1"}],"replies":[{"embeddable":true,"href":"https:\/\/cncrush.com\/hu\/wp-json\/wp\/v2\/comments?post=43"}],"version-history":[{"count":0,"href":"https:\/\/cncrush.com\/hu\/wp-json\/wp\/v2\/pages\/43\/revisions"}],"wp:attachment":[{"href":"https:\/\/cncrush.com\/hu\/wp-json\/wp\/v2\/media?parent=43"}],"curies":[{"name":"wp","href":"https:\/\/api.w.org\/{rel}","templated":true}]}}