{"id":37,"date":"2024-09-29T03:50:30","date_gmt":"2024-09-29T03:50:30","guid":{"rendered":"https:\/\/cncrush.com\/?page_id=37"},"modified":"2024-12-20T13:53:35","modified_gmt":"2024-12-20T13:53:35","slug":"settore-medico","status":"publish","type":"page","link":"https:\/\/cncrush.com\/it\/settore-medico\/","title":{"rendered":"Industria medica"},"content":{"rendered":"<section class=\"section dark\" id=\"section_439293453\">\n\t\t<div class=\"section-bg fill\" >\n\t\t\t<img loading=\"lazy\" decoding=\"async\" width=\"2100\" height=\"700\" src=\"https:\/\/cncrush.com\/wp-content\/uploads\/2024\/10\/medical-industry.webp\" class=\"bg attachment- size-\" alt=\"\" title=\"\">\t\t\t\t\t\t<div class=\"section-bg-overlay absolute fill\"><\/div><button class=\"scroll-for-more z-5 icon absolute bottom h-center\" aria-label=\"Scorri per ulteriori informazioni\"><i class=\"icon-angle-down\" style=\"font-size:42px;\" ><\/i><\/button>\n\t\t\t\n\n\t\t<\/div>\n\n\t\t\n\n\t\t<div class=\"section-content relative\">\n\t\t\t\n<div class=\"row align-center\"  id=\"row-540052141\">\n\n\t<div id=\"col-719145835\" class=\"col medium-10 small-12 large-10\"  >\n\t\t\t\t<div class=\"col-inner text-center\"  >\n\t\t\t\n\t\t\t\n\t<div id=\"text-1465745474\" class=\"text\">\n\t\t\n<h1>Parti di precisione CNC per l'industria medica<\/h1>\n\t\t\n<style>\n#text-1465745474 {\n  font-size: 1.35rem;\n}\n@media (min-width:550px) {\n  #text-1465745474 {\n    font-size: 2rem;\n  }\n}\n<\/style>\n\t<\/div>\n\t\n<div class=\"row\"  id=\"row-1314381392\">\n\n\t<div id=\"col-1735061427\" class=\"col medium-9 small-12 large-9\"  >\n\t\t\t\t<div class=\"col-inner\"  >\n\t\t\t\n\t\t\t\n<p>In CNCRUSH produciamo componenti di precisione per apparecchiature mediche specializzate, garantendo la massima qualit\u00e0 e affidabilit\u00e0 per il settore medico.<\/p>\n\t\t<\/div>\n\t\t\t\t\t<\/div>\n\n\t\n<\/div>\n\t\t<\/div>\n\t\t\t\t\t<\/div>\n\n\t\n<\/div>\n\t\t<\/div>\n\n\t\t\n<style>\n#section_439293453 {\n  padding-top: 30px;\n  padding-bottom: 30px;\n  min-height: 100px;\n}\n#section_439293453 .section-bg-overlay {\n  background-color: rgba(0, 0, 0, 0.384);\n}\n#section_439293453 .section-bg img {\n  object-position: 53% 58%;\n}\n@media (min-width:550px) {\n  #section_439293453 {\n    min-height: 600px;\n  }\n}\n<\/style>\n\t<\/section>\n\t\n\n\t<section class=\"section\" id=\"section_1466607667\">\n\t\t<div class=\"section-bg fill\" >\n\t\t\t\t\t\t\t\t\t\n\t\t\t\n\n\t\t<\/div>\n\n\t\t\n\n\t\t<div class=\"section-content relative\">\n\t\t\t\n<div class=\"row row-large steps-simple-headline\"  id=\"row-183775242\">\n\n\t<div id=\"col-1230627076\" class=\"col medium-8 small-12 large-12\"  >\n\t\t\t\t<div class=\"col-inner\"  >\n\t\t\t\n\t\t\t\n<div class=\"row row-collapse\"  id=\"row-2001095177\">\n\n\t<div id=\"col-1810380190\" class=\"col medium-1 small-2 large-1\"  >\n\t\t\t\t<div class=\"col-inner\"  >\n\t\t\t\n\t\t\t\n<h2>01<\/h2>\n\t\t<\/div>\n\t\t\t\t\t<\/div>\n\n\t\n\n\t<div id=\"col-1277822188\" class=\"col medium-11 small-10 large-11\"  >\n\t\t\t\t<div class=\"col-inner\"  >\n\t\t\t\n\t\t\t\n<h3>Parti che produciamo<\/h3>\n<p>Siamo specializzati nella produzione di parti critiche per dispositivi medici, tra cui:<\/p>\n<ul>\n<li><strong>Involucri in alluminio<\/strong><\/li>\n<li><strong>Parti meccaniche<\/strong> per apparecchiature mediche in alluminio e acciaio inossidabile, utilizzate in radioterapia, endoscopia, laparoscopia e scanner dentali<\/li>\n<li><strong>Elettrodi<\/strong><\/li>\n<\/ul>\n\t\t<\/div>\n\t\t\t\t\t<\/div>\n\n\t\n<\/div>\n<div class=\"is-divider divider clearfix\" style=\"margin-top:10px;margin-bottom:10px;max-width:100%;height:1px;\"><\/div>\n<div class=\"row row-collapse\"  id=\"row-1772947258\">\n\n\t<div id=\"col-123100693\" class=\"col medium-1 small-2 large-1\"  >\n\t\t\t\t<div class=\"col-inner\"  >\n\t\t\t\n\t\t\t\n<h2>02<\/h2>\n\t\t<\/div>\n\t\t\t\t\t<\/div>\n\n\t\n\n\t<div id=\"col-868110332\" class=\"col medium-11 small-10 large-11\"  >\n\t\t\t\t<div class=\"col-inner\"  >\n\t\t\t\n\t\t\t\n<h3>Il nostro processo di produzione<\/h3>\n<ul>\n<li><strong>Precisione:<\/strong> Produciamo pezzi piccoli e di alta precisione con tolleranze strette fino a 0,02 mm.<\/li>\n<li><strong>Pulizia:<\/strong> Ogni parte viene controllata meticolosamente per garantire che sia priva di bave, trucioli o residui di olio.<\/li>\n<li><strong>Affidabilit\u00e0:<\/strong> Selezioniamo attentamente i processi di produzione che garantiscono elevata ripetibilit\u00e0, funzionalit\u00e0 e conformit\u00e0 delle parti.<\/li>\n<li><strong>Coinvolgimento del cliente:<\/strong> Lavoriamo a stretto contatto con i clienti per analizzare i requisiti di progettazione e adattare i nostri processi per soddisfare le loro esigenze specifiche.<\/li>\n<\/ul>\n\t\t<\/div>\n\t\t\t\t\t<\/div>\n\n\t\n<\/div>\n<div class=\"is-divider divider clearfix\" style=\"margin-top:10px;margin-bottom:10px;max-width:100%;height:1px;\"><\/div>\n<div class=\"row row-collapse align-middle\"  id=\"row-456591223\">\n\n\t<div id=\"col-960849129\" class=\"col medium-1 small-2 large-1\"  >\n\t\t\t\t<div class=\"col-inner\"  >\n\t\t\t\n\t\t\t\n<h2>03<\/h2>\n\t\t<\/div>\n\t\t\t\t\t<\/div>\n\n\t\n\n\t<div id=\"col-1958873832\" class=\"col medium-11 small-10 large-11\"  >\n\t\t\t\t<div class=\"col-inner\"  >\n\t\t\t\n\t\t\t\n<h3>Garanzia di qualit\u00e0<\/h3>\n<p>La precisione \u00e8 fondamentale in campo medico e noi rispettiamo gli standard pi\u00f9 elevati utilizzando apparecchiature di misurazione avanzate come la <strong>Esagono Global S<\/strong>, fornendo una precisione di 0,005 mm. Per pezzi complessi e di piccole dimensioni, eseguiamo anche ispezioni visive utilizzando viste ingrandite per garantirne la qualit\u00e0.<\/p>\n\t\t<\/div>\n\t\t\t\t\t<\/div>\n\n\t\n<\/div>\n<div class=\"is-divider divider clearfix\" style=\"margin-top:10px;margin-bottom:10px;max-width:100%;height:1px;\"><\/div>\n\t\t<\/div>\n\t\t\t\t\t<\/div>\n\n\t\n<\/div>\n\t\t<\/div>\n\n\t\t\n<style>\n#section_1466607667 {\n  padding-top: 60px;\n  padding-bottom: 60px;\n}\n<\/style>\n\t<\/section>\n\t\n<div class=\"row row-collapse row-full-width\"  id=\"row-324504597\">\n\n\t<div id=\"col-373247166\" class=\"col small-12 large-12\"  >\n\t\t\t\t<div class=\"col-inner text-center dark\"  >\n\t\t\t\n\t\t\t\n\n  <div class=\"banner has-hover\" id=\"banner-1890858275\">\n          <div class=\"banner-inner fill\">\n        <div class=\"banner-bg fill\" >\n            <img loading=\"lazy\" decoding=\"async\" width=\"1020\" height=\"421\" src=\"https:\/\/cncrush.com\/wp-content\/uploads\/2024\/09\/milled-stainless-steel-background-1024x423.webp\" class=\"bg attachment-large size-large\" alt=\"\" title=\"\">                        <div class=\"overlay\"><\/div>            \n                    <\/div>\n\t\t\n        <div class=\"banner-layers container\">\n            <div class=\"fill banner-link\"><\/div>            \n   <div id=\"text-box-723784850\" class=\"text-box banner-layer x50 md-x50 lg-x50 y50 md-y50 lg-y50 res-text\">\n                                <div class=\"text-box-content text dark\">\n              \n              <div class=\"text-inner text-center\">\n                  \n\t<div id=\"text-1464655931\" class=\"text\">\n\t\t\n<h3>Interessato? Ottieni un preventivo gratuito oggi!<\/h3>\n\t\t\n<style>\n#text-1464655931 {\n  font-size: 0.75rem;\n  text-align: center;\n}\n<\/style>\n\t<\/div>\n\t\n<a href=\"https:\/\/cncrush.com\/it\/inviare-richiesta\/\" class=\"button alert\"  >\n\t\t<span>Invia la tua richiesta<\/span>\n\t<\/a>\n\n              <\/div>\n           <\/div>\n                            \n<style>\n#text-box-723784850 {\n  width: 100%;\n}\n#text-box-723784850 .text-box-content {\n  font-size: 100%;\n}\n@media (min-width:550px) {\n  #text-box-723784850 {\n    width: 94%;\n  }\n}\n<\/style>\n    <\/div>\n \n        <\/div>\n      <\/div>\n\n            \n<style>\n#banner-1890858275 {\n  padding-top: 99.99%;\n}\n#banner-1890858275 .overlay {\n  background-color: rgba(0, 0, 0, 0.17);\n}\n#banner-1890858275 .banner-bg img {\n  object-position: 47% 60%;\n}\n@media (min-width:550px) {\n  #banner-1890858275 {\n    padding-top: 97px;\n  }\n}\n<\/style>\n  <\/div>\n\n\n\t\t<\/div>\n\t\t\t\t\t<\/div>\n\n\t\n<\/div>","protected":false},"excerpt":{"rendered":"","protected":false},"author":1,"featured_media":0,"parent":0,"menu_order":0,"comment_status":"closed","ping_status":"closed","template":"page-blank.php","meta":{"footnotes":""},"class_list":["post-37","page","type-page","status-publish","hentry"],"_links":{"self":[{"href":"https:\/\/cncrush.com\/it\/wp-json\/wp\/v2\/pages\/37","targetHints":{"allow":["GET"]}}],"collection":[{"href":"https:\/\/cncrush.com\/it\/wp-json\/wp\/v2\/pages"}],"about":[{"href":"https:\/\/cncrush.com\/it\/wp-json\/wp\/v2\/types\/page"}],"author":[{"embeddable":true,"href":"https:\/\/cncrush.com\/it\/wp-json\/wp\/v2\/users\/1"}],"replies":[{"embeddable":true,"href":"https:\/\/cncrush.com\/it\/wp-json\/wp\/v2\/comments?post=37"}],"version-history":[{"count":0,"href":"https:\/\/cncrush.com\/it\/wp-json\/wp\/v2\/pages\/37\/revisions"}],"wp:attachment":[{"href":"https:\/\/cncrush.com\/it\/wp-json\/wp\/v2\/media?parent=37"}],"curies":[{"name":"wp","href":"https:\/\/api.w.org\/{rel}","templated":true}]}}