{"id":21,"date":"2024-09-29T03:49:06","date_gmt":"2024-09-29T03:49:06","guid":{"rendered":"https:\/\/cncrush.com\/?page_id=21"},"modified":"2024-12-20T12:05:30","modified_gmt":"2024-12-20T12:05:30","slug":"cnc-gedraaide-onderdelen","status":"publish","type":"page","link":"https:\/\/cncrush.com\/nl\/cnc-gedraaide-onderdelen\/","title":{"rendered":"CNC-gedraaide onderdelen"},"content":{"rendered":"<section class=\"section dark\" id=\"section_1458685397\">\n\t\t<div class=\"section-bg fill\" >\n\t\t\t<img loading=\"lazy\" decoding=\"async\" width=\"800\" height=\"400\" src=\"https:\/\/cncrush.com\/wp-content\/uploads\/2024\/11\/1-2.webp\" class=\"bg attachment- size-\" alt=\"CNC-frezen\" title=\"\">\t\t\t\t\t\t<div class=\"section-bg-overlay absolute fill\"><\/div><button class=\"scroll-for-more z-5 icon absolute bottom h-center\" aria-label=\"Scroll voor meer\"><i class=\"icon-angle-down\" style=\"font-size:42px;\" ><\/i><\/button>\n\t\t\t\n\n\t\t<\/div>\n\n\t\t\n\n\t\t<div class=\"section-content relative\">\n\t\t\t\n<div class=\"row align-center\"  id=\"row-1857859699\">\n\n\t<div id=\"col-1504306212\" class=\"col medium-10 small-12 large-10\"  >\n\t\t\t\t<div class=\"col-inner text-center\"  >\n\t\t\t\n\t\t\t\n\t<div id=\"text-2326054895\" class=\"text\">\n\t\t\n<h1>CNC-gedraaide onderdelen<\/h1>\n\t\t\n<style>\n#text-2326054895 {\n  font-size: 1.35rem;\n}\n@media (min-width:550px) {\n  #text-2326054895 {\n    font-size: 2rem;\n  }\n}\n<\/style>\n\t<\/div>\n\t\n<div class=\"row\"  id=\"row-1601217353\">\n\n\t<div id=\"col-1146543939\" class=\"col medium-10 small-12 large-10\"  >\n\t\t\t\t<div class=\"col-inner\"  >\n\t\t\t\n\t\t\t\n<p>Ons CNC-draaiproces produceert op maat gemaakte prototypes en productieonderdelen voor eindgebruik in slechts 1 dag. We gebruiken een CNC-draaibank met live gereedschap, zodat functies zoals axiale en radiale gaten, platte vlakken, groeven en sleuven kunnen worden bewerkt.<\/p>\n\t\t<\/div>\n\t\t\t\t\t<\/div>\n\n\t\n<\/div>\n\t\t<\/div>\n\t\t\t\t\t<\/div>\n\n\t\n<\/div>\n\t\t<\/div>\n\n\t\t\n<style>\n#section_1458685397 {\n  padding-top: 30px;\n  padding-bottom: 30px;\n  min-height: 100px;\n}\n#section_1458685397 .section-bg-overlay {\n  background-color: rgba(0, 0, 0, 0.384);\n}\n#section_1458685397 .section-bg img {\n  object-position: 53% 58%;\n}\n@media (min-width:550px) {\n  #section_1458685397 {\n    min-height: 200px;\n  }\n}\n<\/style>\n\t<\/section>\n\t\n\n\t<section class=\"section\" id=\"section_1819228769\">\n\t\t<div class=\"section-bg fill\" >\n\t\t\t\t\t\t\t\t\t\n\t\t\t\n\n\t\t<\/div>\n\n\t\t\n\n\t\t<div class=\"section-content relative\">\n\t\t\t\n<div class=\"row align-equal row-box-shadow-2-hover\"  id=\"row-1126084847\">\n\n\t<div id=\"col-2061311104\" class=\"col medium-6 small-12 large-4\"  data-animate=\"bounceInUp\">\n\t\t\t\t<div class=\"col-inner\"  >\n\t\t\t\n\t\t\t\n\n\t<a class=\"plain\" href=\"#\" >\t<div class=\"icon-box featured-box icon-box-center text-center\"  >\n\t\t\t\t<div class=\"icon-box-text last-reset\">\n\t\t\t\t\t\t\t\t\t\n<h3>Auto-poelie<\/h3>\n\t<div class=\"img has-hover x md-x lg-x y md-y lg-y\" id=\"image_1993863758\">\n\t\t\t\t\t\t\t\t<div class=\"img-inner dark\" >\n\t\t\t<img loading=\"lazy\" decoding=\"async\" width=\"1020\" height=\"829\" src=\"https:\/\/cncrush.com\/wp-content\/uploads\/2024\/12\/234c1419f76b724ab7490d7d935cb0f-1024x832.jpg\" class=\"attachment-large size-large\" alt=\"\" srcset=\"https:\/\/cncrush.com\/wp-content\/uploads\/2024\/12\/234c1419f76b724ab7490d7d935cb0f-1024x832.jpg 1024w, https:\/\/cncrush.com\/wp-content\/uploads\/2024\/12\/234c1419f76b724ab7490d7d935cb0f-300x244.jpg 300w, https:\/\/cncrush.com\/wp-content\/uploads\/2024\/12\/234c1419f76b724ab7490d7d935cb0f-768x624.jpg 768w, https:\/\/cncrush.com\/wp-content\/uploads\/2024\/12\/234c1419f76b724ab7490d7d935cb0f-1536x1248.jpg 1536w, https:\/\/cncrush.com\/wp-content\/uploads\/2024\/12\/234c1419f76b724ab7490d7d935cb0f-2048x1665.jpg 2048w, https:\/\/cncrush.com\/wp-content\/uploads\/2024\/12\/234c1419f76b724ab7490d7d935cb0f-15x12.jpg 15w\" sizes=\"auto, (max-width: 1020px) 100vw, 1020px\" title=\"\">\t\t\t\t\t\t\n\t\t\t\t\t<\/div>\n\t\t\t\t\t\t\t\t\n<style>\n#image_1993863758 {\n  width: 100%;\n}\n<\/style>\n\t<\/div>\n\t\n\t\t<\/div>\n\t<\/div>\n\t<\/a>\n\t\n\t\t<\/div>\n\t\t\t\t\t<\/div>\n\n\t\n\n\t<div id=\"col-316418416\" class=\"col medium-6 small-12 large-4\"  data-animate=\"bounceInUp\">\n\t\t\t\t<div class=\"col-inner\"  >\n\t\t\t\n\t\t\t\n\n\t<a class=\"plain\" href=\"#\" >\t<div class=\"icon-box featured-box icon-box-center text-center\"  >\n\t\t\t\t<div class=\"icon-box-text last-reset\">\n\t\t\t\t\t\t\t\t\t\n<h3>Assen en assen<\/h3>\n\t<div class=\"img has-hover x md-x lg-x y md-y lg-y\" id=\"image_1146288261\">\n\t\t\t\t\t\t\t\t<div class=\"img-inner dark\" >\n\t\t\t<img loading=\"lazy\" decoding=\"async\" width=\"1020\" height=\"588\" src=\"https:\/\/cncrush.com\/wp-content\/uploads\/2024\/12\/Nickel-Plating.jpg\" class=\"attachment-large size-large\" alt=\"\" srcset=\"https:\/\/cncrush.com\/wp-content\/uploads\/2024\/12\/Nickel-Plating.jpg 1024w, https:\/\/cncrush.com\/wp-content\/uploads\/2024\/12\/Nickel-Plating-300x173.jpg 300w, https:\/\/cncrush.com\/wp-content\/uploads\/2024\/12\/Nickel-Plating-768x443.jpg 768w, https:\/\/cncrush.com\/wp-content\/uploads\/2024\/12\/Nickel-Plating-18x10.jpg 18w\" sizes=\"auto, (max-width: 1020px) 100vw, 1020px\" title=\"\">\t\t\t\t\t\t\n\t\t\t\t\t<\/div>\n\t\t\t\t\t\t\t\t\n<style>\n#image_1146288261 {\n  width: 100%;\n}\n<\/style>\n\t<\/div>\n\t\n\t\t<\/div>\n\t<\/div>\n\t<\/a>\n\t\n\t\t<\/div>\n\t\t\t\t\t<\/div>\n\n\t\n\n\t<div id=\"col-804590038\" class=\"col medium-6 small-12 large-4\"  data-animate=\"bounceInUp\">\n\t\t\t\t<div class=\"col-inner\"  >\n\t\t\t\n\t\t\t\n\n\t<a class=\"plain\" href=\"#\" >\t<div class=\"icon-box featured-box icon-box-center text-center\"  >\n\t\t\t\t<div class=\"icon-box-text last-reset\">\n\t\t\t\t\t\t\t\t\t\n<h3>Schroeven en bevestigingsmiddelen<\/h3>\n\t<div class=\"img has-hover x md-x lg-x y md-y lg-y\" id=\"image_1764816089\">\n\t\t\t\t\t\t\t\t<div class=\"img-inner dark\" >\n\t\t\t<img loading=\"lazy\" decoding=\"async\" width=\"1020\" height=\"741\" src=\"https:\/\/cncrush.com\/wp-content\/uploads\/2024\/12\/1-1024x744.jpg\" class=\"attachment-large size-large\" alt=\"\" srcset=\"https:\/\/cncrush.com\/wp-content\/uploads\/2024\/12\/1-1024x744.jpg 1024w, https:\/\/cncrush.com\/wp-content\/uploads\/2024\/12\/1-300x218.jpg 300w, https:\/\/cncrush.com\/wp-content\/uploads\/2024\/12\/1-768x558.jpg 768w, https:\/\/cncrush.com\/wp-content\/uploads\/2024\/12\/1-1536x1116.jpg 1536w, https:\/\/cncrush.com\/wp-content\/uploads\/2024\/12\/1-2048x1488.jpg 2048w, https:\/\/cncrush.com\/wp-content\/uploads\/2024\/12\/1-18x12.jpg 18w\" sizes=\"auto, (max-width: 1020px) 100vw, 1020px\" title=\"\">\t\t\t\t\t\t\n\t\t\t\t\t<\/div>\n\t\t\t\t\t\t\t\t\n<style>\n#image_1764816089 {\n  width: 100%;\n}\n<\/style>\n\t<\/div>\n\t\n\t\t<\/div>\n\t<\/div>\n\t<\/a>\n\t\n\t\t<\/div>\n\t\t\t\t\t<\/div>\n\n\t\n\n\t<div id=\"col-113373395\" class=\"col medium-6 small-12 large-4\"  data-animate=\"bounceInUp\">\n\t\t\t\t<div class=\"col-inner\"  >\n\t\t\t\n\t\t\t\n\n\t<a class=\"plain\" href=\"#\" >\t<div class=\"icon-box featured-box icon-box-center text-center\"  >\n\t\t\t\t<div class=\"icon-box-text last-reset\">\n\t\t\t\t\t\t\t\t\t\n<h3>Bussen<\/h3>\n\t<div class=\"img has-hover x md-x lg-x y md-y lg-y\" id=\"image_1128171069\">\n\t\t\t\t\t\t\t\t<div class=\"img-inner dark\" >\n\t\t\t<img loading=\"lazy\" decoding=\"async\" width=\"1020\" height=\"709\" src=\"https:\/\/cncrush.com\/wp-content\/uploads\/2024\/12\/4482ae9563252855b301506e337d83d-1024x712.jpg\" class=\"attachment-large size-large\" alt=\"CNC-gefreesde onderdelen\" srcset=\"https:\/\/cncrush.com\/wp-content\/uploads\/2024\/12\/4482ae9563252855b301506e337d83d-1024x712.jpg 1024w, https:\/\/cncrush.com\/wp-content\/uploads\/2024\/12\/4482ae9563252855b301506e337d83d-300x209.jpg 300w, https:\/\/cncrush.com\/wp-content\/uploads\/2024\/12\/4482ae9563252855b301506e337d83d-768x534.jpg 768w, https:\/\/cncrush.com\/wp-content\/uploads\/2024\/12\/4482ae9563252855b301506e337d83d-1536x1068.jpg 1536w, https:\/\/cncrush.com\/wp-content\/uploads\/2024\/12\/4482ae9563252855b301506e337d83d-2048x1424.jpg 2048w, https:\/\/cncrush.com\/wp-content\/uploads\/2024\/12\/4482ae9563252855b301506e337d83d-18x12.jpg 18w\" sizes=\"auto, (max-width: 1020px) 100vw, 1020px\" title=\"\">\t\t\t\t\t\t\n\t\t\t\t\t<\/div>\n\t\t\t\t\t\t\t\t\n<style>\n#image_1128171069 {\n  width: 100%;\n}\n<\/style>\n\t<\/div>\n\t\n\t\t<\/div>\n\t<\/div>\n\t<\/a>\n\t\n\t\t<\/div>\n\t\t\t\t\t<\/div>\n\n\t\n\n\t<div id=\"col-1473887616\" class=\"col medium-6 small-12 large-4\"  data-animate=\"bounceInUp\">\n\t\t\t\t<div class=\"col-inner\"  >\n\t\t\t\n\t\t\t\n\n\t<a class=\"plain\" href=\"#\" >\t<div class=\"icon-box featured-box icon-box-center text-center\"  >\n\t\t\t\t<div class=\"icon-box-text last-reset\">\n\t\t\t\t\t\t\t\t\t\n<h3>Bouten en Moeren<\/h3>\n\t<div class=\"img has-hover x md-x lg-x y md-y lg-y\" id=\"image_355518845\">\n\t\t\t\t\t\t\t\t<div class=\"img-inner dark\" >\n\t\t\t<img loading=\"lazy\" decoding=\"async\" width=\"1020\" height=\"780\" src=\"https:\/\/cncrush.com\/wp-content\/uploads\/2024\/12\/CNC-Turning-Bolts-e1734696175378.png\" class=\"attachment-large size-large\" alt=\"\" srcset=\"https:\/\/cncrush.com\/wp-content\/uploads\/2024\/12\/CNC-Turning-Bolts-e1734696175378.png 1024w, https:\/\/cncrush.com\/wp-content\/uploads\/2024\/12\/CNC-Turning-Bolts-e1734696175378-300x229.png 300w, https:\/\/cncrush.com\/wp-content\/uploads\/2024\/12\/CNC-Turning-Bolts-e1734696175378-768x587.png 768w, https:\/\/cncrush.com\/wp-content\/uploads\/2024\/12\/CNC-Turning-Bolts-e1734696175378-16x12.png 16w\" sizes=\"auto, (max-width: 1020px) 100vw, 1020px\" title=\"\">\t\t\t\t\t\t\n\t\t\t\t\t<\/div>\n\t\t\t\t\t\t\t\t\n<style>\n#image_355518845 {\n  width: 100%;\n}\n<\/style>\n\t<\/div>\n\t\n\t\t<\/div>\n\t<\/div>\n\t<\/a>\n\t\n\t\t<\/div>\n\t\t\t\t\t<\/div>\n\n\t\n\n\t<div id=\"col-1261471246\" class=\"col medium-6 small-12 large-4\"  data-animate=\"bounceInUp\">\n\t\t\t\t<div class=\"col-inner\"  >\n\t\t\t\n\t\t\t\n\n\t<a class=\"plain\" href=\"#\" >\t<div class=\"icon-box featured-box icon-box-center text-center\"  >\n\t\t\t\t<div class=\"icon-box-text last-reset\">\n\t\t\t\t\t\t\t\t\t\n<h3>Mouwen<\/h3>\n\t<div class=\"img has-hover x md-x lg-x y md-y lg-y\" id=\"image_859256183\">\n\t\t\t\t\t\t\t\t<div class=\"img-inner dark\" >\n\t\t\t<img loading=\"lazy\" decoding=\"async\" width=\"1020\" height=\"710\" src=\"https:\/\/cncrush.com\/wp-content\/uploads\/2024\/12\/RS-Borning-Bar-Reduction-Sleeves-1600x1600-1-e1734696235319-1024x713.webp\" class=\"attachment-large size-large\" alt=\"\" srcset=\"https:\/\/cncrush.com\/wp-content\/uploads\/2024\/12\/RS-Borning-Bar-Reduction-Sleeves-1600x1600-1-e1734696235319-1024x713.webp 1024w, https:\/\/cncrush.com\/wp-content\/uploads\/2024\/12\/RS-Borning-Bar-Reduction-Sleeves-1600x1600-1-e1734696235319-300x209.webp 300w, https:\/\/cncrush.com\/wp-content\/uploads\/2024\/12\/RS-Borning-Bar-Reduction-Sleeves-1600x1600-1-e1734696235319-768x535.webp 768w, https:\/\/cncrush.com\/wp-content\/uploads\/2024\/12\/RS-Borning-Bar-Reduction-Sleeves-1600x1600-1-e1734696235319-18x12.webp 18w, https:\/\/cncrush.com\/wp-content\/uploads\/2024\/12\/RS-Borning-Bar-Reduction-Sleeves-1600x1600-1-e1734696235319.webp 1200w\" sizes=\"auto, (max-width: 1020px) 100vw, 1020px\" title=\"\">\t\t\t\t\t\t\n\t\t\t\t\t<\/div>\n\t\t\t\t\t\t\t\t\n<style>\n#image_859256183 {\n  width: 100%;\n}\n<\/style>\n\t<\/div>\n\t\n\t\t<\/div>\n\t<\/div>\n\t<\/a>\n\t\n\t\t<\/div>\n\t\t\t\t\t<\/div>\n\n\t\n\n<style>\n#row-1126084847 > .col > .col-inner {\n  padding: 40px 40px 40px 40px;\n  background-color: rgb(255,255,255);\n  border-radius: 20px;\n}\n<\/style>\n<\/div>\n\t\t<\/div>\n\n\t\t\n<style>\n#section_1819228769 {\n  padding-top: 60px;\n  padding-bottom: 60px;\n  background-color: rgb(250, 250, 250);\n}\n<\/style>\n\t<\/section>\n\t\n<div class=\"row align-middle\"  id=\"row-179006011\">\n\n\t<div id=\"col-337374522\" class=\"col medium-6 small-12 large-6\"  >\n\t\t\t\t<div class=\"col-inner\"  >\n\t\t\t\n\t\t\t\n\t<div id=\"text-3646007091\" class=\"text\">\n\t\t\n<h3><strong>Geen afwijzingspercentage met robuuste statistische procescontrole<\/strong><\/h3>\n<p>Bij CNCRUSH maken we gebruik van robuuste statistische procescontrole om ervoor te zorgen dat er geen uitval plaatsvindt bij de productie van CNC-gedraaide onderdelen. Onze toewijding aan precisie en kwaliteit vormt de kern van ons productieproces.<\/p>\n<h3><strong>Zorgvuldige selectie van machinegereedschappen en productcontrole<\/strong><\/h3>\n<p>Wij hanteren een professionele aanpak door zorgvuldig de optimale werktuigmachines, snijgereedschappen en bewerkingsparameters te selecteren. Ons uitgebreide productcontroleplan is volledig ge\u00efntegreerd met geavanceerde meetsystemen, waardoor consistente nauwkeurigheid en topkwaliteit bij elke productierun worden gegarandeerd.<\/p>\n\t\t\n<style>\n#text-3646007091 {\n  font-size: 1rem;\n  color: rgb(0,0,0);\n}\n#text-3646007091 > * {\n  color: rgb(0,0,0);\n}\n<\/style>\n\t<\/div>\n\t\n\t\t<\/div>\n\t\t\t\t\t<\/div>\n\n\t\n\n\t<div id=\"col-695650472\" class=\"col medium-6 small-12 large-6\"  >\n\t\t\t\t<div class=\"col-inner\"  >\n\t\t\t\n\t\t\t\n\t<div class=\"img has-hover x md-x lg-x y md-y lg-y\" id=\"image_715146670\">\n\t\t\t\t\t\t\t\t<div class=\"img-inner dark\" >\n\t\t\t<img loading=\"lazy\" decoding=\"async\" width=\"1020\" height=\"574\" src=\"https:\/\/cncrush.com\/wp-content\/uploads\/2024\/11\/4-8-1024x576.jpg\" class=\"attachment-large size-large\" alt=\"Productie van metalen onderdelen\" srcset=\"https:\/\/cncrush.com\/wp-content\/uploads\/2024\/11\/4-8-1024x576.jpg 1024w, https:\/\/cncrush.com\/wp-content\/uploads\/2024\/11\/4-8-300x169.jpg 300w, https:\/\/cncrush.com\/wp-content\/uploads\/2024\/11\/4-8-768x432.jpg 768w, https:\/\/cncrush.com\/wp-content\/uploads\/2024\/11\/4-8-18x10.jpg 18w, https:\/\/cncrush.com\/wp-content\/uploads\/2024\/11\/4-8.jpg 1200w\" sizes=\"auto, (max-width: 1020px) 100vw, 1020px\" title=\"\">\t\t\t\t\t\t\n\t\t\t\t\t<\/div>\n\t\t\t\t\t\t\t\t\n<style>\n#image_715146670 {\n  width: 100%;\n}\n<\/style>\n\t<\/div>\n\t\n\t\t<\/div>\n\t\t\t\t\t<\/div>\n\n\t\n<\/div>\n\n\t<section class=\"section\" id=\"section_1894273746\">\n\t\t<div class=\"section-bg fill\" >\n\t\t\t\t\t\t\t\t\t\n\t\t\t\n\n\t\t<\/div>\n\n\t\t\n\n\t\t<div class=\"section-content relative\">\n\t\t\t\n<div class=\"container section-title-container\" ><h3 class=\"section-title section-title-center\"><b><\/b><span class=\"section-title-main\" style=\"color:rgb(0, 0, 0);\">Veelgestelde vragen (FAQ)<\/span><b><\/b><\/h3><\/div>\n<div class=\"row row-collapse\"  id=\"row-605234750\">\n\n\t<div id=\"col-2089752408\" class=\"col small-12 large-12\"  >\n\t\t\t\t<div class=\"col-inner\"  >\n\t\t\t\n\t\t\t\n<h3 class=\"accordion_title\">Diensten voor CNC-gedraaide onderdelen<\/h3><div class=\"accordion\">\n\t<div id=\"accordion-3495626069\" class=\"accordion-item\">\n\t\t<a id=\"accordion-3495626069-label\" class=\"accordion-title plain\" href=\"#accordion-item-what-accuracy\/tolerance-can-you-guarantee-for-turned-parts?\" aria-expanded=\"false\" aria-controls=\"accordion-3495626069-content\" >\n\t\t\t<button class=\"toggle\" aria-label=\"Schakelaar\"><i class=\"icon-angle-down\"><\/i><\/button>\n\t\t\t<span>Welke nauwkeurigheid\/tolerantie kunt u garanderen voor gedraaide onderdelen?<\/span>\n\t\t<\/a>\n\t\t<div id=\"accordion-3495626069-content\" class=\"accordion-inner\" aria-labelledby=\"accordion-3495626069-label\" >\n\t\t\t\n<p>Wij garanderen een nauwkeurigheid van 0,005 mm voor draaidiensten. Deze precisie wordt bereikt door voortdurende investeringen in de nieuwste CNC-machines (bijvoorbeeld DMG, Okuma, Tsugami) en hoogwaardige snijgereedschappen.<\/p>\n\t\t<\/div>\n\t<\/div>\n\t\n\t<div id=\"accordion-2479063554\" class=\"accordion-item\">\n\t\t<a id=\"accordion-2479063554-label\" class=\"accordion-title plain\" href=\"#accordion-item-can-you-combine-turning-and-milling-for-parts?\" aria-expanded=\"false\" aria-controls=\"accordion-2479063554-content\" >\n\t\t\t<button class=\"toggle\" aria-label=\"Schakelaar\"><i class=\"icon-angle-down\"><\/i><\/button>\n\t\t\t<span>Kun je draaien en frezen combineren voor onderdelen?<\/span>\n\t\t<\/a>\n\t\t<div id=\"accordion-2479063554-content\" class=\"accordion-inner\" aria-labelledby=\"accordion-2479063554-label\" >\n\t\t\t\n<p>Ja, we hebben meer dan 80 CNC-machines, waaronder:<\/p>\n<p>10 automatische draaibanken met freesfunctie<br \/>\n8 CNC-automatische draaibanken van het Zwitserse type met freesfunctie<br \/>\n4 CNC-draaibanken met freesfunctie<br \/>\nHierdoor kunnen wij effici\u00ebnt draaien en frezen in \u00e9\u00e9n bewerking.<\/p>\n\t\t<\/div>\n\t<\/div>\n\t\n\t<div id=\"accordion-3801004288\" class=\"accordion-item\">\n\t\t<a id=\"accordion-3801004288-label\" class=\"accordion-title plain\" href=\"#accordion-item-what-kind-of-cnc-machines-do-you-use?\" aria-expanded=\"false\" aria-controls=\"accordion-3801004288-content\" >\n\t\t\t<button class=\"toggle\" aria-label=\"Schakelaar\"><i class=\"icon-angle-down\"><\/i><\/button>\n\t\t\t<span>Wat voor soort CNC-machines gebruikt u?<\/span>\n\t\t<\/a>\n\t\t<div id=\"accordion-3801004288-content\" class=\"accordion-inner\" aria-labelledby=\"accordion-3801004288-label\" >\n\t\t\t\n<p>Wij maken gebruik van topkwaliteit machines van merken als Okuma, DMG, Doosan en Tsugami. Onze automatische draaibanken van het Zwitserse type met freesfuncties bieden een hoge nauwkeurigheid, waardoor ze ideaal zijn voor het produceren van complexe onderdelen. Op onze website kunt u een volledige lijst met machines downloaden.<\/p>\n\t\t<\/div>\n\t<\/div>\n\t\n\t<div id=\"accordion-3452494395\" class=\"accordion-item\">\n\t\t<a id=\"accordion-3452494395-label\" class=\"accordion-title plain\" href=\"#accordion-item-how-do-you-prepare-materials-before-turning?\" aria-expanded=\"false\" aria-controls=\"accordion-3452494395-content\" >\n\t\t\t<button class=\"toggle\" aria-label=\"Schakelaar\"><i class=\"icon-angle-down\"><\/i><\/button>\n\t\t\t<span>Hoe bereid je materialen voor voordat je ze draait?<\/span>\n\t\t<\/a>\n\t\t<div id=\"accordion-3452494395-content\" class=\"accordion-inner\" aria-labelledby=\"accordion-3452494395-label\" >\n\t\t\t\n<p>Onze fabriek is uitgerust met 3 volautomatische lintzagen, die materiaal kunnen zagen van fi 5 mm tot fi 300 mm. Om grote bestellingen effici\u00ebnt te kunnen verwerken, bieden wij ook het snijden van staven in pakketten aan.<\/p>\n\t\t<\/div>\n\t<\/div>\n\t\n\t<div id=\"accordion-2075397812\" class=\"accordion-item\">\n\t\t<a id=\"accordion-2075397812-label\" class=\"accordion-title plain\" href=\"#accordion-item-what-factors-influence-the-cost-of-cnc-turned-parts?\" aria-expanded=\"false\" aria-controls=\"accordion-2075397812-content\" >\n\t\t\t<button class=\"toggle\" aria-label=\"Schakelaar\"><i class=\"icon-angle-down\"><\/i><\/button>\n\t\t\t<span>Welke factoren be\u00efnvloeden de kosten van CNC-gedraaide onderdelen?<\/span>\n\t\t<\/a>\n\t\t<div id=\"accordion-2075397812-content\" class=\"accordion-inner\" aria-labelledby=\"accordion-2075397812-label\" >\n\t\t\t\n<p>Verschillende factoren zijn van invloed op de prijs, waaronder:<\/p>\n<p>Complexiteit van het onderdeel<br \/>\nGereedschapskosten<br \/>\nBatchgrootte<br \/>\nToleranties en oppervlaktekwaliteit<br \/>\nAanvullende diensten zoals anodiseren, harden of lasermarkeren kunnen de totale kosten verhogen.<\/p>\n\t\t<\/div>\n\t<\/div>\n\t\n\t<div id=\"accordion-3776155926\" class=\"accordion-item\">\n\t\t<a id=\"accordion-3776155926-label\" class=\"accordion-title plain\" href=\"#accordion-item-what-affects-productivity-in-cnc-turning-services?\" aria-expanded=\"false\" aria-controls=\"accordion-3776155926-content\" >\n\t\t\t<button class=\"toggle\" aria-label=\"Schakelaar\"><i class=\"icon-angle-down\"><\/i><\/button>\n\t\t\t<span>Wat be\u00efnvloedt de productiviteit bij CNC-draaidiensten?<\/span>\n\t\t<\/a>\n\t\t<div id=\"accordion-3776155926-content\" class=\"accordion-inner\" aria-labelledby=\"accordion-3776155926-label\" >\n\t\t\t\n<p>De productiviteit hangt af van de machine-effici\u00ebntie, de kwaliteit van de snijgereedschappen en de snelle programmering van snijbewerkingen. Bij CNCRUSh gebruiken we automatische laad-\/lossystemen en geavanceerde CNC-software om de effici\u00ebntie te maximaliseren. Goed georganiseerde werkruimtes en ervaren personeel spelen ook een cruciale rol bij het optimaliseren van de productie.<\/p>\n\t\t<\/div>\n\t<\/div>\n\t\n<\/div>\n\t\t<\/div>\n\t\t\t\t\t<\/div>\n\n\t\n<\/div>\n\t\t<\/div>\n\n\t\t\n<style>\n#section_1894273746 {\n  padding-top: 10px;\n  padding-bottom: 10px;\n}\n<\/style>\n\t<\/section>\n\t\n<div class=\"row row-collapse row-full-width\"  id=\"row-1477439740\">\n\n\t<div id=\"col-789757962\" class=\"col small-12 large-12\"  >\n\t\t\t\t<div class=\"col-inner text-center dark\"  >\n\t\t\t\n\t\t\t\n\n  <div class=\"banner has-hover\" id=\"banner-1004804720\">\n          <div class=\"banner-inner fill\">\n        <div class=\"banner-bg fill\" >\n            <img loading=\"lazy\" decoding=\"async\" width=\"1020\" height=\"421\" src=\"https:\/\/cncrush.com\/wp-content\/uploads\/2024\/09\/milled-stainless-steel-background-1024x423.webp\" class=\"bg attachment-large size-large\" alt=\"\" title=\"\">                        <div class=\"overlay\"><\/div>            \n                    <\/div>\n\t\t\n        <div class=\"banner-layers container\">\n            <div class=\"fill banner-link\"><\/div>            \n   <div id=\"text-box-83659057\" class=\"text-box banner-layer x50 md-x50 lg-x50 y50 md-y50 lg-y50 res-text\">\n                                <div class=\"text-box-content text dark\">\n              \n              <div class=\"text-inner text-center\">\n                  \n\t<div id=\"text-375581087\" class=\"text\">\n\t\t\n<h3 class=\"uppercase\">Ge\u00efnteresseerd? Ontvang vandaag nog een gratis offerte voor CNC-gedraaide onderdelen!<\/h3>\n<\/p>\n\t\t\n<style>\n#text-375581087 {\n  font-size: 0.75rem;\n}\n<\/style>\n\t<\/div>\n\t\n<a href=\"https:\/\/cncrush.com\/nl\/stuur-een-aanvraag\/\" class=\"button alert\"  >\n\t\t<span>Stuur uw aanvraag<\/span>\n\t<\/a>\n\n              <\/div>\n           <\/div>\n                            \n<style>\n#text-box-83659057 {\n  width: 100%;\n}\n#text-box-83659057 .text-box-content {\n  font-size: 100%;\n}\n@media (min-width:550px) {\n  #text-box-83659057 {\n    width: 98%;\n  }\n}\n<\/style>\n    <\/div>\n \n        <\/div>\n      <\/div>\n\n            \n<style>\n#banner-1004804720 {\n  padding-top: 99.99%;\n}\n#banner-1004804720 .overlay {\n  background-color: rgba(0, 0, 0, 0.17);\n}\n#banner-1004804720 .banner-bg img {\n  object-position: 47% 60%;\n}\n@media (min-width:550px) {\n  #banner-1004804720 {\n    padding-top: 136px;\n  }\n}\n<\/style>\n  <\/div>\n\n\n\t\t<\/div>\n\t\t\t\t\t<\/div>\n\n\t\n<\/div>","protected":false},"excerpt":{"rendered":"","protected":false},"author":1,"featured_media":0,"parent":0,"menu_order":0,"comment_status":"closed","ping_status":"closed","template":"page-blank.php","meta":{"footnotes":""},"class_list":["post-21","page","type-page","status-publish","hentry"],"_links":{"self":[{"href":"https:\/\/cncrush.com\/nl\/wp-json\/wp\/v2\/pages\/21","targetHints":{"allow":["GET"]}}],"collection":[{"href":"https:\/\/cncrush.com\/nl\/wp-json\/wp\/v2\/pages"}],"about":[{"href":"https:\/\/cncrush.com\/nl\/wp-json\/wp\/v2\/types\/page"}],"author":[{"embeddable":true,"href":"https:\/\/cncrush.com\/nl\/wp-json\/wp\/v2\/users\/1"}],"replies":[{"embeddable":true,"href":"https:\/\/cncrush.com\/nl\/wp-json\/wp\/v2\/comments?post=21"}],"version-history":[{"count":0,"href":"https:\/\/cncrush.com\/nl\/wp-json\/wp\/v2\/pages\/21\/revisions"}],"wp:attachment":[{"href":"https:\/\/cncrush.com\/nl\/wp-json\/wp\/v2\/media?parent=21"}],"curies":[{"name":"wp","href":"https:\/\/api.w.org\/{rel}","templated":true}]}}