{"id":12,"date":"2024-09-29T03:47:11","date_gmt":"2024-09-29T03:47:11","guid":{"rendered":"https:\/\/cncrush.com\/?page_id=12"},"modified":"2024-12-20T13:30:54","modified_gmt":"2024-12-20T13:30:54","slug":"o-nas","status":"publish","type":"page","link":"https:\/\/cncrush.com\/pl\/o-nas\/","title":{"rendered":"O nas"},"content":{"rendered":"<section class=\"section\" id=\"section_544714755\">\n\t\t<div class=\"section-bg fill\" >\n\t\t\t\t\t\t\t\t\t\n\t\t\t\n\n\t\t<\/div>\n\n\t\t\n\n\t\t<div class=\"section-content relative\">\n\t\t\t\n<div class=\"row align-center\"  id=\"row-1685509679\">\n\n\t<div id=\"col-720041897\" class=\"col medium-11 small-12 large-10\"  >\n\t\t\t\t<div class=\"col-inner\"  >\n\t\t\t\n\t\t\t\n<div class=\"row row-large align-middle\"  id=\"row-1950147164\">\n\n\t<div id=\"col-1682507268\" class=\"col medium-4 small-12 large-6\"  >\n\t\t\t\t<div class=\"col-inner\"  >\n\t\t\t\n\t\t\t\n\n  <div class=\"banner has-hover\" id=\"banner-241804935\">\n          <div class=\"banner-inner fill\">\n        <div class=\"banner-bg fill\" >\n            <img loading=\"lazy\" decoding=\"async\" width=\"1020\" height=\"876\" src=\"https:\/\/cncrush.com\/wp-content\/uploads\/2024\/12\/Machines-1-1024x879.jpg\" class=\"bg attachment-large size-large\" alt=\"\" title=\"\">                                    \n                    <\/div>\n\t\t\n        <div class=\"banner-layers container\">\n            <div class=\"fill banner-link\"><\/div>            \n   <div id=\"text-box-741075022\" class=\"text-box banner-layer x50 md-x50 lg-x50 y50 md-y50 lg-y50 res-text\">\n                                <div class=\"text-box-content text dark\">\n              \n              <div class=\"text-inner text-center\">\n                  \n              <\/div>\n           <\/div>\n                            \n<style>\n#text-box-741075022 {\n  width: 60%;\n}\n#text-box-741075022 .text-box-content {\n  font-size: 100%;\n}\n@media (min-width:550px) {\n  #text-box-741075022 {\n    width: 60%;\n  }\n}\n<\/style>\n    <\/div>\n \n        <\/div>\n      <\/div>\n\n            \n<style>\n#banner-241804935 {\n  padding-top: 300px;\n}\n@media (min-width:550px) {\n  #banner-241804935 {\n    padding-top: 79.66%;\n  }\n}\n<\/style>\n  <\/div>\n\n\n\t\t<\/div>\n\t\t\t\t\t<\/div>\n\n\t\n\n\t<div id=\"col-569018906\" class=\"col medium-8 small-12 large-6\"  >\n\t\t\t\t<div class=\"col-inner\"  >\n\t\t\t\n\t\t\t\n<h3>Nasze skromne pocz\u0105tki <\/h3>\n<p>W 2012 roku Mike, nasz za\u0142o\u017cyciel, zaczyna\u0142 od zaledwie dw\u00f3ch maszyn CNC i wizji zapewnienia precyzji i jako\u015bci. W tamtym czasie zajmowali\u015bmy si\u0119 wy\u0142\u0105cznie rynkiem krajowym, wytwarzaj\u0105c cz\u0119\u015bci na zam\u00f3wienie dla wielu ga\u0142\u0119zi przemys\u0142u. Od ma\u0142ych warsztat\u00f3w po du\u017ce fabryki \u2013 zaanga\u017cowanie i praktyczne podej\u015bcie Mike\u2019a zbudowa\u0142y reputacj\u0119 firmy niezawodnej i doskona\u0142o\u015bci, k\u0142ad\u0105c podwaliny pod to, czym jeste\u015bmy dzisiaj.<\/p>\n\t\t<\/div>\n\t\t\t\t\t<\/div>\n\n\t\n<\/div>\n<div class=\"row row-large align-middle\"  id=\"row-1821207966\">\n\n\t<div id=\"col-1460165256\" class=\"col medium-8 small-12 large-6\"  >\n\t\t\t\t<div class=\"col-inner\"  >\n\t\t\t\n\t\t\t\n<h3>Poszerzanie horyzont\u00f3w<\/h3>\n<p>Wraz ze wzrostem popytu ros\u0142y nasze ambicje. Do 2015 roku rozszerzyli\u015bmy nasz\u0105 dzia\u0142alno\u015b\u0107 o obs\u0142ug\u0119 klient\u00f3w w Europie, Stanach Zjednoczonych i Australii. Po drodze udoskonalili\u015bmy nasz\u0105 wiedz\u0119 i zacz\u0119li\u015bmy koncentrowa\u0107 si\u0119 na kluczowych bran\u017cach, takich jak komponenty samochodowe, urz\u0105dzenia medyczne, cz\u0119\u015bci elektroniczne i sprz\u0119t automatyki. Te wyspecjalizowane sektory sta\u0142y si\u0119 kamieniem w\u0119gielnym naszego wzrostu i innowacji.<\/p>\n\t\t<\/div>\n\t\t\t\t\t<\/div>\n\n\t\n\n\t<div id=\"col-342548100\" class=\"col medium-4 small-12 large-6 medium-col-first\"  >\n\t\t\t\t<div class=\"col-inner\"  >\n\t\t\t\n\t\t\t\n\n  <div class=\"banner has-hover\" id=\"banner-806190927\">\n          <div class=\"banner-inner fill\">\n        <div class=\"banner-bg fill\" >\n            <img loading=\"lazy\" decoding=\"async\" width=\"507\" height=\"494\" src=\"https:\/\/cncrush.com\/wp-content\/uploads\/2024\/12\/About-us-2.png\" class=\"bg attachment-large size-large\" alt=\"\" title=\"\">                                    \n                    <\/div>\n\t\t\n        <div class=\"banner-layers container\">\n            <div class=\"fill banner-link\"><\/div>            \n   <div id=\"text-box-1526292178\" class=\"text-box banner-layer x50 md-x50 lg-x50 y50 md-y50 lg-y50 res-text\">\n                                <div class=\"text-box-content text dark\">\n              \n              <div class=\"text-inner text-center\">\n                  \n              <\/div>\n           <\/div>\n                            \n<style>\n#text-box-1526292178 {\n  width: 60%;\n}\n#text-box-1526292178 .text-box-content {\n  font-size: 100%;\n}\n@media (min-width:550px) {\n  #text-box-1526292178 {\n    width: 60%;\n  }\n}\n<\/style>\n    <\/div>\n \n        <\/div>\n      <\/div>\n\n            \n<style>\n#banner-806190927 {\n  padding-top: 300px;\n}\n@media (min-width:550px) {\n  #banner-806190927 {\n    padding-top: 61.03%;\n  }\n}\n<\/style>\n  <\/div>\n\n\n\t\t<\/div>\n\t\t\t\t\t<\/div>\n\n\t\n<\/div>\n<div class=\"row row-large align-middle\"  id=\"row-983044994\">\n\n\t<div id=\"col-783152922\" class=\"col medium-4 small-12 large-6\"  >\n\t\t\t\t<div class=\"col-inner\"  >\n\t\t\t\n\t\t\t\n\n  <div class=\"banner has-hover\" id=\"banner-595766499\">\n          <div class=\"banner-inner fill\">\n        <div class=\"banner-bg fill\" >\n            <img loading=\"lazy\" decoding=\"async\" width=\"1020\" height=\"680\" src=\"https:\/\/cncrush.com\/wp-content\/uploads\/2024\/12\/Machines-2-1024x683.jpg\" class=\"bg attachment-large size-large\" alt=\"cnc milling\" title=\"\">                                    \n                    <\/div>\n\t\t\n        <div class=\"banner-layers container\">\n            <div class=\"fill banner-link\"><\/div>            \n   <div id=\"text-box-127785110\" class=\"text-box banner-layer x50 md-x50 lg-x50 y50 md-y50 lg-y50 res-text\">\n                                <div class=\"text-box-content text dark\">\n              \n              <div class=\"text-inner text-center\">\n                  \n              <\/div>\n           <\/div>\n                            \n<style>\n#text-box-127785110 {\n  width: 60%;\n}\n#text-box-127785110 .text-box-content {\n  font-size: 100%;\n}\n@media (min-width:550px) {\n  #text-box-127785110 {\n    width: 60%;\n  }\n}\n<\/style>\n    <\/div>\n \n        <\/div>\n      <\/div>\n\n            \n<style>\n#banner-595766499 {\n  padding-top: 300px;\n}\n@media (min-width:550px) {\n  #banner-595766499 {\n    padding-top: 70.63%;\n  }\n}\n<\/style>\n  <\/div>\n\n\n\t\t<\/div>\n\t\t\t\t\t<\/div>\n\n\t\n\n\t<div id=\"col-1625066776\" class=\"col medium-8 small-12 large-6\"  >\n\t\t\t\t<div class=\"col-inner\"  >\n\t\t\t\n\t\t\t\n<h3>Dobrze prosperuj\u0105cy zesp\u00f3\u0142 z globaln\u0105 wizj\u0105<\/h3>\n<p>Nasz zesp\u00f3\u0142 rozwija\u0142 si\u0119 wraz z nasz\u0105 dzia\u0142alno\u015bci\u0105. Od 8 wykwalifikowanych specjalist\u00f3w w 2018 r. do ponad 20 utalentowanych os\u00f3b w 2024 r. przebyli\u015bmy d\u0142ug\u0105 drog\u0119. Ka\u017cdy cz\u0142onek naszego zespo\u0142u \u0142\u0105czy zaanga\u017cowanie w precyzj\u0119, jako\u015b\u0107 i zadowolenie klienta. Dzi\u015b z dum\u0105 dostarczamy \u015bwiatowej klasy us\u0142ugi obr\u00f3bki CNC na rynki \u015bwiatowe, poparte ponad dziesi\u0119cioletnim do\u015bwiadczeniem i pasj\u0105 ci\u0105g\u0142ego doskonalenia.<\/p>\n\t\t<\/div>\n\t\t\t\t\t<\/div>\n\n\t\n<\/div>\n<div class=\"row align-center\"  id=\"row-2027722773\">\n\n\t<div id=\"col-947005834\" class=\"col medium-9 small-10 large-12\"  >\n\t\t\t\t<div class=\"col-inner text-center\"  >\n\t\t\t\n\t\t\t\n\t<div id=\"text-635160383\" class=\"text\">\n\t\t\n<p>W CNCRUSH jeste\u015bmy zobowi\u0105zani do <strong>jako\u015b\u0107, precyzja i innowacyjno\u015b\u0107<\/strong>. Niezale\u017cnie od tego, czy potrzebujesz ma\u0142ych serii prototypowych, czy du\u017cych partii produkcyjnych, jeste\u015bmy zaufanym partnerem w zakresie obr\u00f3bki CNC, zapewniaj\u0105cym doskona\u0142o\u015b\u0107 na ka\u017cdym etapie produkcji.<\/p>\n<p>Zapraszamy do wsp\u00f3\u0142pracy z firm\u0105 CNCRUSH, gdzie <strong>precyzja spotyka si\u0119 z niezawodno\u015bci\u0105<\/strong>. Zbudujmy razem co\u015b niezwyk\u0142ego.<br \/>\n\t\t\n<style>\n#text-635160383 {\n  text-align: left;\n}\n<\/style>\n\t<\/div>\n\t\n<a href=\"https:\/\/cncrush.com\/pl\/wyslij-zapytanie\/\" class=\"button secondary\"  style=\"border-radius:4px;\">\n\t\t<span>Wy\u015blij zapytanie<\/span>\n\t<\/a>\n\n\t\t<\/div>\n\t\t\t\t\n<style>\n#col-947005834 > .col-inner {\n  margin: 20px 0px 20px 0px;\n}\n<\/style>\n\t<\/div>\n\n\t\n<\/div>\n\t\t<\/div>\n\t\t\t\t\t<\/div>\n\n\t\n<\/div>\n\t\t<\/div>\n\n\t\t\n<style>\n#section_544714755 {\n  padding-top: 80px;\n  padding-bottom: 80px;\n  background-color: rgb(244, 244, 244);\n}\n<\/style>\n\t<\/section>","protected":false},"excerpt":{"rendered":"","protected":false},"author":1,"featured_media":103,"parent":0,"menu_order":0,"comment_status":"closed","ping_status":"closed","template":"page-blank.php","meta":{"footnotes":""},"class_list":["post-12","page","type-page","status-publish","has-post-thumbnail","hentry"],"_links":{"self":[{"href":"https:\/\/cncrush.com\/pl\/wp-json\/wp\/v2\/pages\/12","targetHints":{"allow":["GET"]}}],"collection":[{"href":"https:\/\/cncrush.com\/pl\/wp-json\/wp\/v2\/pages"}],"about":[{"href":"https:\/\/cncrush.com\/pl\/wp-json\/wp\/v2\/types\/page"}],"author":[{"embeddable":true,"href":"https:\/\/cncrush.com\/pl\/wp-json\/wp\/v2\/users\/1"}],"replies":[{"embeddable":true,"href":"https:\/\/cncrush.com\/pl\/wp-json\/wp\/v2\/comments?post=12"}],"version-history":[{"count":0,"href":"https:\/\/cncrush.com\/pl\/wp-json\/wp\/v2\/pages\/12\/revisions"}],"wp:featuredmedia":[{"embeddable":true,"href":"https:\/\/cncrush.com\/pl\/wp-json\/wp\/v2\/media\/103"}],"wp:attachment":[{"href":"https:\/\/cncrush.com\/pl\/wp-json\/wp\/v2\/media?parent=12"}],"curies":[{"name":"wp","href":"https:\/\/api.w.org\/{rel}","templated":true}]}}