{"id":14,"date":"2024-09-29T03:47:21","date_gmt":"2024-09-29T03:47:21","guid":{"rendered":"https:\/\/cncrush.com\/?page_id=14"},"modified":"2025-08-20T08:08:29","modified_gmt":"2025-08-20T08:08:29","slug":"skontaktuj-sie-z-nami","status":"publish","type":"page","link":"https:\/\/cncrush.com\/pl\/skontaktuj-sie-z-nami\/","title":{"rendered":"Skontaktuj si\u0119 z nami"},"content":{"rendered":"<section class=\"section\" id=\"section_1138782803\">\n\t\t<div class=\"section-bg fill\" >\n\t\t\t\t\t\t\t\t\t\n\t\t\t\n\n\t\t<\/div>\n\n\t\t\n\n\t\t<div class=\"section-content relative\">\n\t\t\t\n\n  <div class=\"banner has-hover\" id=\"banner-2114852888\">\n          <div class=\"banner-inner fill\">\n        <div class=\"banner-bg fill\" >\n            <img loading=\"lazy\" decoding=\"async\" width=\"1020\" height=\"507\" src=\"https:\/\/cncrush.com\/wp-content\/uploads\/2024\/09\/cnc-turned-parts-banner-1024x509.webp\" class=\"bg attachment-large size-large\" alt=\"\" title=\"\">                        <div class=\"overlay\"><\/div>            \n                    <\/div>\n\t\t\n        <div class=\"banner-layers container\">\n            <div class=\"fill banner-link\"><\/div>            \n   <div id=\"text-box-907610735\" class=\"text-box banner-layer x50 md-x50 lg-x50 y50 md-y50 lg-y50 res-text\">\n                                <div class=\"text-box-content text dark\">\n              \n              <div class=\"text-inner text-center\">\n                  \n<h2>SKONTAKTUJ SI\u0118 Z NAMI<\/h2>\n              <\/div>\n           <\/div>\n                            \n<style>\n#text-box-907610735 {\n  width: 70%;\n}\n#text-box-907610735 .text-box-content {\n  font-size: 100%;\n}\n@media (min-width:550px) {\n  #text-box-907610735 {\n    width: 60%;\n  }\n}\n<\/style>\n    <\/div>\n \n        <\/div>\n      <\/div>\n\n            \n<style>\n#banner-2114852888 {\n  padding-top: 99.99%;\n}\n#banner-2114852888 .overlay {\n  background-color: rgba(0,0,0,.5);\n}\n#banner-2114852888 .banner-bg img {\n  object-position: 47% 55%;\n}\n@media (min-width:550px) {\n  #banner-2114852888 {\n    padding-top: 300px;\n  }\n}\n<\/style>\n  <\/div>\n\n\n\t\t<\/div>\n\n\t\t\n<style>\n#section_1138782803 {\n  padding-top: 30px;\n  padding-bottom: 30px;\n}\n<\/style>\n\t<\/section>\n\t\n\n\t<section class=\"section\" id=\"section_514590162\">\n\t\t<div class=\"section-bg fill\" >\n\t\t\t\t\t\t\t\t\t\n\t\t\t\n\n\t\t<\/div>\n\n\t\t\n\n\t\t<div class=\"section-content relative\">\n\t\t\t\n<div class=\"row\"  id=\"row-2083765457\">\n\n\t<div id=\"col-2107238203\" class=\"col small-12 large-12\"  >\n\t\t\t\t<div class=\"col-inner\"  >\n\t\t\t\n\t\t\t\n\n\t\t<div class=\"icon-box featured-box icon-box-left text-left\"  >\n\t\t\t\t\t<div class=\"icon-box-img\" style=\"width: 60px\">\n\t\t\t\t<div class=\"icon\">\n\t\t\t\t\t<div class=\"icon-inner\" >\n\t\t\t\t\t\t<svg width=\"85\" height=\"73\" viewbox=\"0 0 85 73\" fill=\"none\" xmlns=\"http:\/\/www.w3.org\/2000\/svg\"><path d=\"M21.2843 56.6334L23.2811 56.7478C23.3285 55.9197 22.8599 55.1483 22.1033 54.8087L21.2843 56.6334ZM15 70.9815L14.3344 69.0956C13.3473 69.4439 12.7958 70.4944 13.0696 71.5047C13.3434 72.5149 14.3498 73.1432 15.3777 72.9455L15 70.9815ZM31.772 59.9539L32.1634 57.9926C31.2201 57.8043 30.2763 58.3143 29.9169 59.2065L31.772 59.9539ZM81 31.5C81 38.85 76.9139 45.6781 69.9603 50.743C63.0085 55.8067 53.3063 59 42.5 59V63C54.0613 63 64.6091 59.5895 72.3154 53.9763C80.0198 48.3643 85 40.4424 85 31.5H81ZM42.5 4C53.3063 4 63.0085 7.19329 69.9603 12.257C76.9139 17.3219 81 24.15 81 31.5H85C85 22.5576 80.0198 14.6357 72.3154 9.02374C64.6091 3.41051 54.0613 0 42.5 0V4ZM4 31.5C4 24.15 8.08608 17.3219 15.0397 12.257C21.9915 7.19329 31.6937 4 42.5 4V0C30.9387 0 20.3909 3.41051 12.6846 9.02374C4.98016 14.6357 0 22.5576 0 31.5H4ZM22.1033 54.8087C10.9715 49.8126 4 41.0721 4 31.5H0C0 43.1804 8.45529 53.0678 20.4654 58.458L22.1033 54.8087ZM15.6656 72.8675C18.648 71.8149 20.4333 69.1472 21.5043 66.3099C22.5892 63.4358 23.0945 60.0048 23.2811 56.7478L19.2876 56.519C19.1121 59.5827 18.6442 62.5602 17.762 64.8972C16.866 67.2711 15.6901 68.617 14.3344 69.0956L15.6656 72.8675ZM29.9169 59.2065C28.8664 61.814 27.3458 63.7714 25.0255 65.3161C22.6536 66.8951 19.3456 68.1092 14.6223 69.0175L15.3777 72.9455C20.3597 71.9875 24.2489 70.6384 27.2422 68.6457C30.2872 66.6185 32.3 63.9953 33.6271 60.7013L29.9169 59.2065ZM42.5 59C38.9165 59 35.4504 58.6486 32.1634 57.9926L31.3805 61.9152C34.9272 62.6231 38.6556 63 42.5 63V59Z\" fill=\"#0095DA\"><\/path><path d=\"M20 23H62\" stroke=\"#FF591B\" stroke-width=\"4\" stroke-linecap=\"round\" stroke-linejoin=\"round\"><\/path><path d=\"M20 32H53\" stroke=\"#FF591B\" stroke-width=\"4\" stroke-linecap=\"round\" stroke-linejoin=\"round\"><\/path><path d=\"M20 42H41\" stroke=\"#FF591B\" stroke-width=\"4\" stroke-linecap=\"round\" stroke-linejoin=\"round\"><\/path><\/svg>\t\t\t\t\t<\/div>\n\t\t\t\t<\/div>\n\t\t\t<\/div>\n\t\t\t\t<div class=\"icon-box-text last-reset\">\n\t\t\t\t\t\t\t\t\t\n<h3>Skontaktuj si\u0119 z naszym zespo\u0142em<\/h3>\n<p>Nasze us\u0142ugi sprzeda\u017cowe i in\u017cynieryjne s\u0105 dost\u0119pne dla Twojej wygody, kiedykolwiek nas potrzebujesz. Niezale\u017cnie od tego, czy jest godzina 23:00 w sobotni wiecz\u00f3r, czy 7:00 w poniedzia\u0142ek rano, dla nas nie ma to znaczenia. Jeste\u015bmy zawsze dost\u0119pni, aby pom\u00f3c Ci w realizacji zam\u00f3wienia lub odpowiedzie\u0107 na wszelkie pytania dotycz\u0105ce naszych us\u0142ug produkcyjnych.<\/p>\n\t\t<\/div>\n\t<\/div>\n\t\n\t\n\t\t<\/div>\n\t\t\t\t\t<\/div>\n\n\t\n<\/div>\n\t\t<\/div>\n\n\t\t\n<style>\n#section_514590162 {\n  padding-top: 30px;\n  padding-bottom: 30px;\n}\n<\/style>\n\t<\/section>\n\t\n\n\t<section class=\"section\" id=\"section_242769412\">\n\t\t<div class=\"section-bg fill\" >\n\t\t\t\t\t\t\t\t\t\n\t\t\t\n\n\t\t<\/div>\n\n\t\t\n\n\t\t<div class=\"section-content relative\">\n\t\t\t\n<div class=\"row\"  id=\"row-1953960293\">\n\n\t<div id=\"col-2050015264\" class=\"col medium-6 small-12 large-6\"  >\n\t\t\t\t<div class=\"col-inner\"  >\n\t\t\t\n\t\t\t\n<h2>SKONTAKTUJ SI\u0118<br \/>\n<\/h2>\n\n\t\t<div class=\"icon-box featured-box icon-box-left text-left\"  >\n\t\t\t\t\t<div class=\"icon-box-img\" style=\"width: 30px\">\n\t\t\t\t<div class=\"icon\">\n\t\t\t\t\t<div class=\"icon-inner\" >\n\t\t\t\t\t\t<img loading=\"lazy\" decoding=\"async\" width=\"300\" height=\"279\" src=\"https:\/\/cncrush.com\/wp-content\/uploads\/2024\/12\/address-icon-vector-47628390-e1735023659207-300x279.jpg\" class=\"attachment-medium size-medium\" alt=\"\" srcset=\"https:\/\/cncrush.com\/wp-content\/uploads\/2024\/12\/address-icon-vector-47628390-e1735023659207-300x279.jpg 300w, https:\/\/cncrush.com\/wp-content\/uploads\/2024\/12\/address-icon-vector-47628390-e1735023659207-768x714.jpg 768w, https:\/\/cncrush.com\/wp-content\/uploads\/2024\/12\/address-icon-vector-47628390-e1735023659207-13x12.jpg 13w, https:\/\/cncrush.com\/wp-content\/uploads\/2024\/12\/address-icon-vector-47628390-e1735023659207.jpg 1000w\" sizes=\"auto, (max-width: 300px) 100vw, 300px\" title=\"\">\t\t\t\t\t<\/div>\n\t\t\t\t<\/div>\n\t\t\t<\/div>\n\t\t\t\t<div class=\"icon-box-text last-reset\">\n\t\t\t\t\t\t\t\t\t\n<h3>Adres:<\/h3>\n<p>Shajing Street, dzielnica Bao\u2019an, Shenzhen, Chiny<\/p>\n\t\t<\/div>\n\t<\/div>\n\t\n\t\n\t<div id=\"gap-1719306348\" class=\"gap-element clearfix\" style=\"display:block; height:auto;\">\n\t\t\n<style>\n#gap-1719306348 {\n  padding-top: 30px;\n}\n<\/style>\n\t<\/div>\n\t\n\n\t\t<div class=\"icon-box featured-box icon-box-left text-left\"  >\n\t\t\t\t\t<div class=\"icon-box-img\" style=\"width: 30px\">\n\t\t\t\t<div class=\"icon\">\n\t\t\t\t\t<div class=\"icon-inner\" >\n\t\t\t\t\t\t<img loading=\"lazy\" decoding=\"async\" width=\"300\" height=\"300\" src=\"https:\/\/cncrush.com\/wp-content\/uploads\/2024\/12\/istockphoto-1494579261-612x612-1-300x300.jpg\" class=\"attachment-medium size-medium\" alt=\"\" srcset=\"https:\/\/cncrush.com\/wp-content\/uploads\/2024\/12\/istockphoto-1494579261-612x612-1-300x300.jpg 300w, https:\/\/cncrush.com\/wp-content\/uploads\/2024\/12\/istockphoto-1494579261-612x612-1-150x150.jpg 150w, https:\/\/cncrush.com\/wp-content\/uploads\/2024\/12\/istockphoto-1494579261-612x612-1-12x12.jpg 12w, https:\/\/cncrush.com\/wp-content\/uploads\/2024\/12\/istockphoto-1494579261-612x612-1.jpg 612w\" sizes=\"auto, (max-width: 300px) 100vw, 300px\" title=\"\">\t\t\t\t\t<\/div>\n\t\t\t\t<\/div>\n\t\t\t<\/div>\n\t\t\t\t<div class=\"icon-box-text last-reset\">\n\t\t\t\t\t\t\t\t\t\n<h3>Telefon\/WhatsApp\/WeChat:<\/h3>\n<p>+86-13327463963<\/p>\n\t\t<\/div>\n\t<\/div>\n\t\n\t\n\t<div id=\"gap-716354436\" class=\"gap-element clearfix\" style=\"display:block; height:auto;\">\n\t\t\n<style>\n#gap-716354436 {\n  padding-top: 30px;\n}\n<\/style>\n\t<\/div>\n\t\n\n\t\t<div class=\"icon-box featured-box icon-box-left text-left\"  >\n\t\t\t\t\t<div class=\"icon-box-img\" style=\"width: 30px\">\n\t\t\t\t<div class=\"icon\">\n\t\t\t\t\t<div class=\"icon-inner\" >\n\t\t\t\t\t\t<img loading=\"lazy\" decoding=\"async\" width=\"300\" height=\"202\" src=\"https:\/\/cncrush.com\/wp-content\/uploads\/2024\/12\/email-300x202.jpg\" class=\"attachment-medium size-medium\" alt=\"\" srcset=\"https:\/\/cncrush.com\/wp-content\/uploads\/2024\/12\/email-300x202.jpg 300w, https:\/\/cncrush.com\/wp-content\/uploads\/2024\/12\/email-18x12.jpg 18w, https:\/\/cncrush.com\/wp-content\/uploads\/2024\/12\/email.jpg 738w\" sizes=\"auto, (max-width: 300px) 100vw, 300px\" title=\"\">\t\t\t\t\t<\/div>\n\t\t\t\t<\/div>\n\t\t\t<\/div>\n\t\t\t\t<div class=\"icon-box-text last-reset\">\n\t\t\t\t\t\t\t\t\t\n<h3>E-mail:\u00a0<\/h3>\n<p><span \n                data-original-string='GxBZxIMNa8EMQr\/Gl2xgrA==250ULsWzNHCIa7VtVqg8VrRU5+zGnfbbBg9+I5E9gjEV5c='\n                class='apbct-email-encoder'\n                title='Ten kontakt zosta\u0142 zakodowany przez Anti-Spam przez CleanTalk. Kliknij, aby dekodowa\u0107. Aby uko\u0144czy\u0107 dekodowanie, upewnij si\u0119, \u017ce JavaScript jest w\u0142\u0105czony w Twojej przegl\u0105darce.'>W<span class=\"apbct-blur\">**<\/span>@<span class=\"apbct-blur\">*****<\/span>sh.com<\/span><\/p>\n\t\t<\/div>\n\t<\/div>\n\t\n\t\n\t\t<\/div>\n\t\t\t\t\t<\/div>\n\n\t\n\n\t<div id=\"col-540788327\" class=\"col medium-6 small-12 large-6\"  >\n\t\t\t\t<div class=\"col-inner\"  >\n\t\t\t\n\t\t\t\n<h2>SKONTAKTUJ SI\u0118<br \/>\n<\/h2>\n\n<div class=\"wpcf7 no-js\" id=\"wpcf7-f7-o1\" lang=\"en-US\" dir=\"ltr\" data-wpcf7-id=\"7\">\n<div class=\"screen-reader-response\"><p role=\"status\" aria-live=\"polite\" aria-atomic=\"true\"><\/p> <ul><\/ul><\/div>\n<form action=\"\/pl\/wp-json\/wp\/v2\/pages\/14#wpcf7-f7-o1\" method=\"post\" class=\"wpcf7-form init\" aria-label=\"Formularz kontaktowy\" novalidate=\"novalidate\" data-status=\"init\" data-trp-original-action=\"\/pl\/wp-json\/wp\/v2\/pages\/14#wpcf7-f7-o1\">\n<fieldset class=\"hidden-fields-container\"><input type=\"hidden\" name=\"_wpcf7\" value=\"7\" \/><input type=\"hidden\" name=\"_wpcf7_version\" value=\"6.1.4\" \/><input type=\"hidden\" name=\"_wpcf7_locale\" value=\"en_US\" \/><input type=\"hidden\" name=\"_wpcf7_unit_tag\" value=\"wpcf7-f7-o1\" \/><input type=\"hidden\" name=\"_wpcf7_container_post\" value=\"0\" \/><input type=\"hidden\" name=\"_wpcf7_posted_data_hash\" value=\"\" \/>\n<\/fieldset>\n<p><label> Twoje imi\u0119<br \/>\n<span class=\"wpcf7-form-control-wrap\" data-name=\"your-name\"><input size=\"40\" maxlength=\"400\" class=\"wpcf7-form-control wpcf7-text wpcf7-validates-as-required\" autocomplete=\"name\" aria-required=\"true\" aria-invalid=\"false\" value=\"\" type=\"text\" name=\"your-name\" \/><\/span> <\/label>\n<\/p>\n<p><label> Tw\u00f3j e-mail<br \/>\n<span class=\"wpcf7-form-control-wrap\" data-name=\"your-email\"><input size=\"40\" maxlength=\"400\" class=\"wpcf7-form-control wpcf7-email wpcf7-validates-as-required wpcf7-text wpcf7-validates-as-email\" autocomplete=\"email\" aria-required=\"true\" aria-invalid=\"false\" value=\"\" type=\"email\" name=\"your-email\" \/><\/span> <\/label>\n<\/p>\n<p><label> Temat<br \/>\n<span class=\"wpcf7-form-control-wrap\" data-name=\"your-subject\"><input size=\"40\" maxlength=\"400\" class=\"wpcf7-form-control wpcf7-text wpcf7-validates-as-required\" aria-required=\"true\" aria-invalid=\"false\" value=\"\" type=\"text\" name=\"your-subject\" \/><\/span> <\/label>\n<\/p>\n<p><label> Twoja wiadomo\u015b\u0107 (opcjonalnie)<br \/>\n<span class=\"wpcf7-form-control-wrap\" data-name=\"your-message\"><textarea cols=\"40\" rows=\"10\" maxlength=\"2000\" class=\"wpcf7-form-control wpcf7-textarea\" aria-invalid=\"false\" name=\"your-message\"><\/textarea><\/span> <\/label>\n<\/p>\n<p><input class=\"wpcf7-form-control wpcf7-submit has-spinner\" type=\"submit\" value=\"Sk\u0142ada\u0107\" \/>\n<\/p><input type=\"hidden\" id=\"ct_checkjs_cf7_1385974ed5904a438616ff7bdb3f7439\" name=\"ct_checkjs_cf7\" value=\"0\" \/><script >setTimeout(function(){var ct_input_name = \"ct_checkjs_cf7_1385974ed5904a438616ff7bdb3f7439\";if (document.getElementById(ct_input_name) !== null) {var ct_input_value = document.getElementById(ct_input_name).value;document.getElementById(ct_input_name).value = document.getElementById(ct_input_name).value.replace(ct_input_value, '5c15888e76ee50aac137bfa17757d1c09d3f898467e0bf5205518cbf9cc5c7e2');}}, 1000);<\/script><input\n                    class=\"apbct_special_field apbct_email_id__wp_contact_form_7\"\n                    name=\"apbct__email_id__wp_contact_form_7\"\n                    aria-label=\"apbct__label_id__wp_contact_form_7\"\n                    type=\"text\" size=\"30\" maxlength=\"200\" autocomplete=\"off\"\n                    value=\"\"\n                \/><div class=\"wpcf7-response-output\" aria-hidden=\"true\"><\/div>\n<input type=\"hidden\" name=\"trp-form-language\" value=\"pl\"\/><\/form>\n<\/div>\n\n\t\t<\/div>\n\t\t\t\t\t<\/div>\n\n\t\n<\/div>\n\t\t<\/div>\n\n\t\t\n<style>\n#section_242769412 {\n  padding-top: 30px;\n  padding-bottom: 30px;\n}\n<\/style>\n\t<\/section>","protected":false},"excerpt":{"rendered":"","protected":false},"author":1,"featured_media":103,"parent":0,"menu_order":0,"comment_status":"closed","ping_status":"closed","template":"page-blank.php","meta":{"footnotes":""},"class_list":["post-14","page","type-page","status-publish","has-post-thumbnail","hentry"],"_links":{"self":[{"href":"https:\/\/cncrush.com\/pl\/wp-json\/wp\/v2\/pages\/14","targetHints":{"allow":["GET"]}}],"collection":[{"href":"https:\/\/cncrush.com\/pl\/wp-json\/wp\/v2\/pages"}],"about":[{"href":"https:\/\/cncrush.com\/pl\/wp-json\/wp\/v2\/types\/page"}],"author":[{"embeddable":true,"href":"https:\/\/cncrush.com\/pl\/wp-json\/wp\/v2\/users\/1"}],"replies":[{"embeddable":true,"href":"https:\/\/cncrush.com\/pl\/wp-json\/wp\/v2\/comments?post=14"}],"version-history":[{"count":0,"href":"https:\/\/cncrush.com\/pl\/wp-json\/wp\/v2\/pages\/14\/revisions"}],"wp:featuredmedia":[{"embeddable":true,"href":"https:\/\/cncrush.com\/pl\/wp-json\/wp\/v2\/media\/103"}],"wp:attachment":[{"href":"https:\/\/cncrush.com\/pl\/wp-json\/wp\/v2\/media?parent=14"}],"curies":[{"name":"wp","href":"https:\/\/api.w.org\/{rel}","templated":true}]}}