{"id":21,"date":"2024-09-29T03:49:06","date_gmt":"2024-09-29T03:49:06","guid":{"rendered":"https:\/\/cncrush.com\/?page_id=21"},"modified":"2024-12-20T12:05:30","modified_gmt":"2024-12-20T12:05:30","slug":"czesci-toczone-cnc","status":"publish","type":"page","link":"https:\/\/cncrush.com\/pl\/czesci-toczone-cnc\/","title":{"rendered":"Cz\u0119\u015bci toczone CNC"},"content":{"rendered":"<section class=\"section dark\" id=\"section_1430468275\">\n\t\t<div class=\"section-bg fill\" >\n\t\t\t<img loading=\"lazy\" decoding=\"async\" width=\"800\" height=\"400\" src=\"https:\/\/cncrush.com\/wp-content\/uploads\/2024\/11\/1-2.webp\" class=\"bg attachment- size-\" alt=\"Frezowanie CNC\" title=\"\">\t\t\t\t\t\t<div class=\"section-bg-overlay absolute fill\"><\/div><button class=\"scroll-for-more z-5 icon absolute bottom h-center\" aria-label=\"Przewi\u0144, aby uzyska\u0107 wi\u0119cej\"><i class=\"icon-angle-down\" style=\"font-size:42px;\" ><\/i><\/button>\n\t\t\t\n\n\t\t<\/div>\n\n\t\t\n\n\t\t<div class=\"section-content relative\">\n\t\t\t\n<div class=\"row align-center\"  id=\"row-976755449\">\n\n\t<div id=\"col-1963623296\" class=\"col medium-10 small-12 large-10\"  >\n\t\t\t\t<div class=\"col-inner text-center\"  >\n\t\t\t\n\t\t\t\n\t<div id=\"text-4233232086\" class=\"text\">\n\t\t\n<h1>Cz\u0119\u015bci toczone CNC<\/h1>\n\t\t\n<style>\n#text-4233232086 {\n  font-size: 1.35rem;\n}\n@media (min-width:550px) {\n  #text-4233232086 {\n    font-size: 2rem;\n  }\n}\n<\/style>\n\t<\/div>\n\t\n<div class=\"row\"  id=\"row-79189267\">\n\n\t<div id=\"col-2038272120\" class=\"col medium-10 small-12 large-10\"  >\n\t\t\t\t<div class=\"col-inner\"  >\n\t\t\t\n\t\t\t\n<p>Nasz proces toczenia CNC pozwala na produkcj\u0119 niestandardowych prototyp\u00f3w i cz\u0119\u015bci do ko\u0144cowego zastosowania w ci\u0105gu zaledwie 1 dnia. U\u017cywamy tokarki CNC z oprzyrz\u0105dowaniem nap\u0119dzanym, dzi\u0119ki czemu mo\u017cna obrabia\u0107 takie elementy, jak otwory osiowe i promieniowe, p\u0142asko\u015bci, rowki i szczeliny.<\/p>\n\t\t<\/div>\n\t\t\t\t\t<\/div>\n\n\t\n<\/div>\n\t\t<\/div>\n\t\t\t\t\t<\/div>\n\n\t\n<\/div>\n\t\t<\/div>\n\n\t\t\n<style>\n#section_1430468275 {\n  padding-top: 30px;\n  padding-bottom: 30px;\n  min-height: 100px;\n}\n#section_1430468275 .section-bg-overlay {\n  background-color: rgba(0, 0, 0, 0.384);\n}\n#section_1430468275 .section-bg img {\n  object-position: 53% 58%;\n}\n@media (min-width:550px) {\n  #section_1430468275 {\n    min-height: 200px;\n  }\n}\n<\/style>\n\t<\/section>\n\t\n\n\t<section class=\"section\" id=\"section_6922358\">\n\t\t<div class=\"section-bg fill\" >\n\t\t\t\t\t\t\t\t\t\n\t\t\t\n\n\t\t<\/div>\n\n\t\t\n\n\t\t<div class=\"section-content relative\">\n\t\t\t\n<div class=\"row align-equal row-box-shadow-2-hover\"  id=\"row-1917112367\">\n\n\t<div id=\"col-1332370634\" class=\"col medium-6 small-12 large-4\"  data-animate=\"bounceInUp\">\n\t\t\t\t<div class=\"col-inner\"  >\n\t\t\t\n\t\t\t\n\n\t<a class=\"plain\" href=\"#\" >\t<div class=\"icon-box featured-box icon-box-center text-center\"  >\n\t\t\t\t<div class=\"icon-box-text last-reset\">\n\t\t\t\t\t\t\t\t\t\n<h3>Ko\u0142o pasowe samochodowe<\/h3>\n\t<div class=\"img has-hover x md-x lg-x y md-y lg-y\" id=\"image_2136794835\">\n\t\t\t\t\t\t\t\t<div class=\"img-inner dark\" >\n\t\t\t<img loading=\"lazy\" decoding=\"async\" width=\"1020\" height=\"829\" src=\"https:\/\/cncrush.com\/wp-content\/uploads\/2024\/12\/234c1419f76b724ab7490d7d935cb0f-1024x832.jpg\" class=\"attachment-large size-large\" alt=\"\" srcset=\"https:\/\/cncrush.com\/wp-content\/uploads\/2024\/12\/234c1419f76b724ab7490d7d935cb0f-1024x832.jpg 1024w, https:\/\/cncrush.com\/wp-content\/uploads\/2024\/12\/234c1419f76b724ab7490d7d935cb0f-300x244.jpg 300w, https:\/\/cncrush.com\/wp-content\/uploads\/2024\/12\/234c1419f76b724ab7490d7d935cb0f-768x624.jpg 768w, https:\/\/cncrush.com\/wp-content\/uploads\/2024\/12\/234c1419f76b724ab7490d7d935cb0f-1536x1248.jpg 1536w, https:\/\/cncrush.com\/wp-content\/uploads\/2024\/12\/234c1419f76b724ab7490d7d935cb0f-2048x1665.jpg 2048w, https:\/\/cncrush.com\/wp-content\/uploads\/2024\/12\/234c1419f76b724ab7490d7d935cb0f-15x12.jpg 15w\" sizes=\"auto, (max-width: 1020px) 100vw, 1020px\" title=\"\">\t\t\t\t\t\t\n\t\t\t\t\t<\/div>\n\t\t\t\t\t\t\t\t\n<style>\n#image_2136794835 {\n  width: 100%;\n}\n<\/style>\n\t<\/div>\n\t\n\t\t<\/div>\n\t<\/div>\n\t<\/a>\n\t\n\t\t<\/div>\n\t\t\t\t\t<\/div>\n\n\t\n\n\t<div id=\"col-1143867599\" class=\"col medium-6 small-12 large-4\"  data-animate=\"bounceInUp\">\n\t\t\t\t<div class=\"col-inner\"  >\n\t\t\t\n\t\t\t\n\n\t<a class=\"plain\" href=\"#\" >\t<div class=\"icon-box featured-box icon-box-center text-center\"  >\n\t\t\t\t<div class=\"icon-box-text last-reset\">\n\t\t\t\t\t\t\t\t\t\n<h3>Osie i wa\u0142y<\/h3>\n\t<div class=\"img has-hover x md-x lg-x y md-y lg-y\" id=\"image_1338642285\">\n\t\t\t\t\t\t\t\t<div class=\"img-inner dark\" >\n\t\t\t<img loading=\"lazy\" decoding=\"async\" width=\"1020\" height=\"588\" src=\"https:\/\/cncrush.com\/wp-content\/uploads\/2024\/12\/Nickel-Plating.jpg\" class=\"attachment-large size-large\" alt=\"\" srcset=\"https:\/\/cncrush.com\/wp-content\/uploads\/2024\/12\/Nickel-Plating.jpg 1024w, https:\/\/cncrush.com\/wp-content\/uploads\/2024\/12\/Nickel-Plating-300x173.jpg 300w, https:\/\/cncrush.com\/wp-content\/uploads\/2024\/12\/Nickel-Plating-768x443.jpg 768w, https:\/\/cncrush.com\/wp-content\/uploads\/2024\/12\/Nickel-Plating-18x10.jpg 18w\" sizes=\"auto, (max-width: 1020px) 100vw, 1020px\" title=\"\">\t\t\t\t\t\t\n\t\t\t\t\t<\/div>\n\t\t\t\t\t\t\t\t\n<style>\n#image_1338642285 {\n  width: 100%;\n}\n<\/style>\n\t<\/div>\n\t\n\t\t<\/div>\n\t<\/div>\n\t<\/a>\n\t\n\t\t<\/div>\n\t\t\t\t\t<\/div>\n\n\t\n\n\t<div id=\"col-723990379\" class=\"col medium-6 small-12 large-4\"  data-animate=\"bounceInUp\">\n\t\t\t\t<div class=\"col-inner\"  >\n\t\t\t\n\t\t\t\n\n\t<a class=\"plain\" href=\"#\" >\t<div class=\"icon-box featured-box icon-box-center text-center\"  >\n\t\t\t\t<div class=\"icon-box-text last-reset\">\n\t\t\t\t\t\t\t\t\t\n<h3>\u015aruby i elementy z\u0142\u0105czne<\/h3>\n\t<div class=\"img has-hover x md-x lg-x y md-y lg-y\" id=\"image_2121279316\">\n\t\t\t\t\t\t\t\t<div class=\"img-inner dark\" >\n\t\t\t<img loading=\"lazy\" decoding=\"async\" width=\"1020\" height=\"741\" src=\"https:\/\/cncrush.com\/wp-content\/uploads\/2024\/12\/1-1024x744.jpg\" class=\"attachment-large size-large\" alt=\"\" srcset=\"https:\/\/cncrush.com\/wp-content\/uploads\/2024\/12\/1-1024x744.jpg 1024w, https:\/\/cncrush.com\/wp-content\/uploads\/2024\/12\/1-300x218.jpg 300w, https:\/\/cncrush.com\/wp-content\/uploads\/2024\/12\/1-768x558.jpg 768w, https:\/\/cncrush.com\/wp-content\/uploads\/2024\/12\/1-1536x1116.jpg 1536w, https:\/\/cncrush.com\/wp-content\/uploads\/2024\/12\/1-2048x1488.jpg 2048w, https:\/\/cncrush.com\/wp-content\/uploads\/2024\/12\/1-18x12.jpg 18w\" sizes=\"auto, (max-width: 1020px) 100vw, 1020px\" title=\"\">\t\t\t\t\t\t\n\t\t\t\t\t<\/div>\n\t\t\t\t\t\t\t\t\n<style>\n#image_2121279316 {\n  width: 100%;\n}\n<\/style>\n\t<\/div>\n\t\n\t\t<\/div>\n\t<\/div>\n\t<\/a>\n\t\n\t\t<\/div>\n\t\t\t\t\t<\/div>\n\n\t\n\n\t<div id=\"col-504216666\" class=\"col medium-6 small-12 large-4\"  data-animate=\"bounceInUp\">\n\t\t\t\t<div class=\"col-inner\"  >\n\t\t\t\n\t\t\t\n\n\t<a class=\"plain\" href=\"#\" >\t<div class=\"icon-box featured-box icon-box-center text-center\"  >\n\t\t\t\t<div class=\"icon-box-text last-reset\">\n\t\t\t\t\t\t\t\t\t\n<h3>Tuleje<\/h3>\n\t<div class=\"img has-hover x md-x lg-x y md-y lg-y\" id=\"image_1628602230\">\n\t\t\t\t\t\t\t\t<div class=\"img-inner dark\" >\n\t\t\t<img loading=\"lazy\" decoding=\"async\" width=\"1020\" height=\"709\" src=\"https:\/\/cncrush.com\/wp-content\/uploads\/2024\/12\/4482ae9563252855b301506e337d83d-1024x712.jpg\" class=\"attachment-large size-large\" alt=\"Cz\u0119\u015bci obrabiane CNC\" srcset=\"https:\/\/cncrush.com\/wp-content\/uploads\/2024\/12\/4482ae9563252855b301506e337d83d-1024x712.jpg 1024w, https:\/\/cncrush.com\/wp-content\/uploads\/2024\/12\/4482ae9563252855b301506e337d83d-300x209.jpg 300w, https:\/\/cncrush.com\/wp-content\/uploads\/2024\/12\/4482ae9563252855b301506e337d83d-768x534.jpg 768w, https:\/\/cncrush.com\/wp-content\/uploads\/2024\/12\/4482ae9563252855b301506e337d83d-1536x1068.jpg 1536w, https:\/\/cncrush.com\/wp-content\/uploads\/2024\/12\/4482ae9563252855b301506e337d83d-2048x1424.jpg 2048w, https:\/\/cncrush.com\/wp-content\/uploads\/2024\/12\/4482ae9563252855b301506e337d83d-18x12.jpg 18w\" sizes=\"auto, (max-width: 1020px) 100vw, 1020px\" title=\"\">\t\t\t\t\t\t\n\t\t\t\t\t<\/div>\n\t\t\t\t\t\t\t\t\n<style>\n#image_1628602230 {\n  width: 100%;\n}\n<\/style>\n\t<\/div>\n\t\n\t\t<\/div>\n\t<\/div>\n\t<\/a>\n\t\n\t\t<\/div>\n\t\t\t\t\t<\/div>\n\n\t\n\n\t<div id=\"col-1204967472\" class=\"col medium-6 small-12 large-4\"  data-animate=\"bounceInUp\">\n\t\t\t\t<div class=\"col-inner\"  >\n\t\t\t\n\t\t\t\n\n\t<a class=\"plain\" href=\"#\" >\t<div class=\"icon-box featured-box icon-box-center text-center\"  >\n\t\t\t\t<div class=\"icon-box-text last-reset\">\n\t\t\t\t\t\t\t\t\t\n<h3>\u015aruby i nakr\u0119tki<\/h3>\n\t<div class=\"img has-hover x md-x lg-x y md-y lg-y\" id=\"image_441527337\">\n\t\t\t\t\t\t\t\t<div class=\"img-inner dark\" >\n\t\t\t<img loading=\"lazy\" decoding=\"async\" width=\"1020\" height=\"780\" src=\"https:\/\/cncrush.com\/wp-content\/uploads\/2024\/12\/CNC-Turning-Bolts-e1734696175378.png\" class=\"attachment-large size-large\" alt=\"\" srcset=\"https:\/\/cncrush.com\/wp-content\/uploads\/2024\/12\/CNC-Turning-Bolts-e1734696175378.png 1024w, https:\/\/cncrush.com\/wp-content\/uploads\/2024\/12\/CNC-Turning-Bolts-e1734696175378-300x229.png 300w, https:\/\/cncrush.com\/wp-content\/uploads\/2024\/12\/CNC-Turning-Bolts-e1734696175378-768x587.png 768w, https:\/\/cncrush.com\/wp-content\/uploads\/2024\/12\/CNC-Turning-Bolts-e1734696175378-16x12.png 16w\" sizes=\"auto, (max-width: 1020px) 100vw, 1020px\" title=\"\">\t\t\t\t\t\t\n\t\t\t\t\t<\/div>\n\t\t\t\t\t\t\t\t\n<style>\n#image_441527337 {\n  width: 100%;\n}\n<\/style>\n\t<\/div>\n\t\n\t\t<\/div>\n\t<\/div>\n\t<\/a>\n\t\n\t\t<\/div>\n\t\t\t\t\t<\/div>\n\n\t\n\n\t<div id=\"col-80037291\" class=\"col medium-6 small-12 large-4\"  data-animate=\"bounceInUp\">\n\t\t\t\t<div class=\"col-inner\"  >\n\t\t\t\n\t\t\t\n\n\t<a class=\"plain\" href=\"#\" >\t<div class=\"icon-box featured-box icon-box-center text-center\"  >\n\t\t\t\t<div class=\"icon-box-text last-reset\">\n\t\t\t\t\t\t\t\t\t\n<h3>R\u0119kawy<\/h3>\n\t<div class=\"img has-hover x md-x lg-x y md-y lg-y\" id=\"image_114939619\">\n\t\t\t\t\t\t\t\t<div class=\"img-inner dark\" >\n\t\t\t<img loading=\"lazy\" decoding=\"async\" width=\"1020\" height=\"710\" src=\"https:\/\/cncrush.com\/wp-content\/uploads\/2024\/12\/RS-Borning-Bar-Reduction-Sleeves-1600x1600-1-e1734696235319-1024x713.webp\" class=\"attachment-large size-large\" alt=\"\" srcset=\"https:\/\/cncrush.com\/wp-content\/uploads\/2024\/12\/RS-Borning-Bar-Reduction-Sleeves-1600x1600-1-e1734696235319-1024x713.webp 1024w, https:\/\/cncrush.com\/wp-content\/uploads\/2024\/12\/RS-Borning-Bar-Reduction-Sleeves-1600x1600-1-e1734696235319-300x209.webp 300w, https:\/\/cncrush.com\/wp-content\/uploads\/2024\/12\/RS-Borning-Bar-Reduction-Sleeves-1600x1600-1-e1734696235319-768x535.webp 768w, https:\/\/cncrush.com\/wp-content\/uploads\/2024\/12\/RS-Borning-Bar-Reduction-Sleeves-1600x1600-1-e1734696235319-18x12.webp 18w, https:\/\/cncrush.com\/wp-content\/uploads\/2024\/12\/RS-Borning-Bar-Reduction-Sleeves-1600x1600-1-e1734696235319.webp 1200w\" sizes=\"auto, (max-width: 1020px) 100vw, 1020px\" title=\"\">\t\t\t\t\t\t\n\t\t\t\t\t<\/div>\n\t\t\t\t\t\t\t\t\n<style>\n#image_114939619 {\n  width: 100%;\n}\n<\/style>\n\t<\/div>\n\t\n\t\t<\/div>\n\t<\/div>\n\t<\/a>\n\t\n\t\t<\/div>\n\t\t\t\t\t<\/div>\n\n\t\n\n<style>\n#row-1917112367 > .col > .col-inner {\n  padding: 40px 40px 40px 40px;\n  background-color: rgb(255,255,255);\n  border-radius: 20px;\n}\n<\/style>\n<\/div>\n\t\t<\/div>\n\n\t\t\n<style>\n#section_6922358 {\n  padding-top: 60px;\n  padding-bottom: 60px;\n  background-color: rgb(250, 250, 250);\n}\n<\/style>\n\t<\/section>\n\t\n<div class=\"row align-middle\"  id=\"row-138801615\">\n\n\t<div id=\"col-267193352\" class=\"col medium-6 small-12 large-6\"  >\n\t\t\t\t<div class=\"col-inner\"  >\n\t\t\t\n\t\t\t\n\t<div id=\"text-3577744907\" class=\"text\">\n\t\t\n<h3><strong>Zerowy wsp\u00f3\u0142czynnik odrzuce\u0144 i solidna statystyczna kontrola procesu<\/strong><\/h3>\n<p>W CNCRUSH wykorzystujemy solidn\u0105 statystyczn\u0105 kontrol\u0119 procesu, aby zapewni\u0107 zero odrzut\u00f3w w produkcji cz\u0119\u015bci toczonych CNC. Nasze zaanga\u017cowanie w precyzj\u0119 i jako\u015b\u0107 le\u017cy u podstaw naszego procesu produkcyjnego.<\/p>\n<h3><strong>Skrupulatny dob\u00f3r obrabiarek i kontrola produktu<\/strong><\/h3>\n<p>Podchodzimy profesjonalnie, starannie dobieraj\u0105c optymalne obrabiarki, narz\u0119dzia skrawaj\u0105ce i parametry obr\u00f3bki. Nasz kompleksowy plan kontroli produktu jest w pe\u0142ni zintegrowany z zaawansowanymi systemami pomiarowymi, zapewniaj\u0105c sta\u0142\u0105 dok\u0142adno\u015b\u0107 i najwy\u017csz\u0105 jako\u015b\u0107 w ka\u017cdym cyklu produkcyjnym.<\/p>\n\t\t\n<style>\n#text-3577744907 {\n  font-size: 1rem;\n  color: rgb(0,0,0);\n}\n#text-3577744907 > * {\n  color: rgb(0,0,0);\n}\n<\/style>\n\t<\/div>\n\t\n\t\t<\/div>\n\t\t\t\t\t<\/div>\n\n\t\n\n\t<div id=\"col-323658642\" class=\"col medium-6 small-12 large-6\"  >\n\t\t\t\t<div class=\"col-inner\"  >\n\t\t\t\n\t\t\t\n\t<div class=\"img has-hover x md-x lg-x y md-y lg-y\" id=\"image_1733801740\">\n\t\t\t\t\t\t\t\t<div class=\"img-inner dark\" >\n\t\t\t<img loading=\"lazy\" decoding=\"async\" width=\"1020\" height=\"574\" src=\"https:\/\/cncrush.com\/wp-content\/uploads\/2024\/11\/4-8-1024x576.jpg\" class=\"attachment-large size-large\" alt=\"Produkcja cz\u0119\u015bci metalowych\" srcset=\"https:\/\/cncrush.com\/wp-content\/uploads\/2024\/11\/4-8-1024x576.jpg 1024w, https:\/\/cncrush.com\/wp-content\/uploads\/2024\/11\/4-8-300x169.jpg 300w, https:\/\/cncrush.com\/wp-content\/uploads\/2024\/11\/4-8-768x432.jpg 768w, https:\/\/cncrush.com\/wp-content\/uploads\/2024\/11\/4-8-18x10.jpg 18w, https:\/\/cncrush.com\/wp-content\/uploads\/2024\/11\/4-8.jpg 1200w\" sizes=\"auto, (max-width: 1020px) 100vw, 1020px\" title=\"\">\t\t\t\t\t\t\n\t\t\t\t\t<\/div>\n\t\t\t\t\t\t\t\t\n<style>\n#image_1733801740 {\n  width: 100%;\n}\n<\/style>\n\t<\/div>\n\t\n\t\t<\/div>\n\t\t\t\t\t<\/div>\n\n\t\n<\/div>\n\n\t<section class=\"section\" id=\"section_1816824394\">\n\t\t<div class=\"section-bg fill\" >\n\t\t\t\t\t\t\t\t\t\n\t\t\t\n\n\t\t<\/div>\n\n\t\t\n\n\t\t<div class=\"section-content relative\">\n\t\t\t\n<div class=\"container section-title-container\" ><h3 class=\"section-title section-title-center\"><b><\/b><span class=\"section-title-main\" style=\"color:rgb(0, 0, 0);\">Cz\u0119sto zadawane pytania (FAQ)<\/span><b><\/b><\/h3><\/div>\n<div class=\"row row-collapse\"  id=\"row-76076694\">\n\n\t<div id=\"col-1230969278\" class=\"col small-12 large-12\"  >\n\t\t\t\t<div class=\"col-inner\"  >\n\t\t\t\n\t\t\t\n<h3 class=\"accordion_title\">Us\u0142ugi w zakresie cz\u0119\u015bci toczonych CNC<\/h3><div class=\"accordion\">\n\t<div id=\"accordion-1672362341\" class=\"accordion-item\">\n\t\t<a id=\"accordion-1672362341-label\" class=\"accordion-title plain\" href=\"#accordion-item-what-accuracy\/tolerance-can-you-guarantee-for-turned-parts?\" aria-expanded=\"false\" aria-controls=\"accordion-1672362341-content\" >\n\t\t\t<button class=\"toggle\" aria-label=\"D\u017awignia kolankowa\"><i class=\"icon-angle-down\"><\/i><\/button>\n\t\t\t<span>Jak\u0105 dok\u0142adno\u015b\u0107\/tolerancj\u0119 mo\u017cecie zagwarantowa\u0107 dla cz\u0119\u015bci toczonych?<\/span>\n\t\t<\/a>\n\t\t<div id=\"accordion-1672362341-content\" class=\"accordion-inner\" aria-labelledby=\"accordion-1672362341-label\" >\n\t\t\t\n<p>Przy us\u0142ugach tokarskich gwarantujemy dok\u0142adno\u015b\u0107 0,005mm. Precyzj\u0119 t\u0119 osi\u0105gamy poprzez ci\u0105g\u0142e inwestycje w najnowocze\u015bniejsze maszyny CNC (m.in. DMG, Okuma, Tsugami) oraz wysokiej jako\u015bci narz\u0119dzia skrawaj\u0105ce.<\/p>\n\t\t<\/div>\n\t<\/div>\n\t\n\t<div id=\"accordion-2983134766\" class=\"accordion-item\">\n\t\t<a id=\"accordion-2983134766-label\" class=\"accordion-title plain\" href=\"#accordion-item-can-you-combine-turning-and-milling-for-parts?\" aria-expanded=\"false\" aria-controls=\"accordion-2983134766-content\" >\n\t\t\t<button class=\"toggle\" aria-label=\"D\u017awignia kolankowa\"><i class=\"icon-angle-down\"><\/i><\/button>\n\t\t\t<span>Czy mo\u017cna po\u0142\u0105czy\u0107 toczenie i frezowanie cz\u0119\u015bci?<\/span>\n\t\t<\/a>\n\t\t<div id=\"accordion-2983134766-content\" class=\"accordion-inner\" aria-labelledby=\"accordion-2983134766-label\" >\n\t\t\t\n<p>Tak, posiadamy ponad 80 maszyn CNC, w tym:<\/p>\n<p>10 automat\u00f3w tokarskich z funkcj\u0105 frezowania<br \/>\n8 automat\u00f3w tokarskich CNC typu Swiss z funkcj\u0105 frezowania<br \/>\n4 tokarki CNC z funkcj\u0105 frezowania<br \/>\nDzi\u0119ki temu mo\u017cemy efektywnie toczy\u0107 i frezowa\u0107 w jednej operacji.<\/p>\n\t\t<\/div>\n\t<\/div>\n\t\n\t<div id=\"accordion-2693685311\" class=\"accordion-item\">\n\t\t<a id=\"accordion-2693685311-label\" class=\"accordion-title plain\" href=\"#accordion-item-what-kind-of-cnc-machines-do-you-use?\" aria-expanded=\"false\" aria-controls=\"accordion-2693685311-content\" >\n\t\t\t<button class=\"toggle\" aria-label=\"D\u017awignia kolankowa\"><i class=\"icon-angle-down\"><\/i><\/button>\n\t\t\t<span>Z jakich maszyn CNC korzystacie?<\/span>\n\t\t<\/a>\n\t\t<div id=\"accordion-2693685311-content\" class=\"accordion-inner\" aria-labelledby=\"accordion-2693685311-label\" >\n\t\t\t\n<p>Korzystamy z maszyn najwy\u017cszej jako\u015bci takich marek jak Okuma, DMG, Doosan, Tsugami. Nasze automaty tokarskie typu szwajcarskiego z funkcj\u0105 frezowania charakteryzuj\u0105 si\u0119 du\u017c\u0105 dok\u0142adno\u015bci\u0105, dzi\u0119ki czemu idealnie nadaj\u0105 si\u0119 do produkcji skomplikowanych cz\u0119\u015bci. Pe\u0142n\u0105 list\u0119 maszyn mo\u017cesz pobra\u0107 na naszej stronie internetowej.<\/p>\n\t\t<\/div>\n\t<\/div>\n\t\n\t<div id=\"accordion-1632934267\" class=\"accordion-item\">\n\t\t<a id=\"accordion-1632934267-label\" class=\"accordion-title plain\" href=\"#accordion-item-how-do-you-prepare-materials-before-turning?\" aria-expanded=\"false\" aria-controls=\"accordion-1632934267-content\" >\n\t\t\t<button class=\"toggle\" aria-label=\"D\u017awignia kolankowa\"><i class=\"icon-angle-down\"><\/i><\/button>\n\t\t\t<span>Jak przygotowa\u0107 materia\u0142y przed toczeniem?<\/span>\n\t\t<\/a>\n\t\t<div id=\"accordion-1632934267-content\" class=\"accordion-inner\" aria-labelledby=\"accordion-1632934267-label\" >\n\t\t\t\n<p>Nasz zak\u0142ad wyposa\u017cony jest w 3 w pe\u0142ni automatyczne przecinarki ta\u015bmowe, zdolne do ci\u0119cia materia\u0142u od fi 5 mm do fi 300 mm. Oferujemy r\u00f3wnie\u017c ci\u0119cie pr\u0119t\u00f3w w pakietach, aby sprawnie realizowa\u0107 du\u017ce zam\u00f3wienia.<\/p>\n\t\t<\/div>\n\t<\/div>\n\t\n\t<div id=\"accordion-383115847\" class=\"accordion-item\">\n\t\t<a id=\"accordion-383115847-label\" class=\"accordion-title plain\" href=\"#accordion-item-what-factors-influence-the-cost-of-cnc-turned-parts?\" aria-expanded=\"false\" aria-controls=\"accordion-383115847-content\" >\n\t\t\t<button class=\"toggle\" aria-label=\"D\u017awignia kolankowa\"><i class=\"icon-angle-down\"><\/i><\/button>\n\t\t\t<span>Jakie czynniki wp\u0142ywaj\u0105 na koszt cz\u0119\u015bci toczonych CNC?<\/span>\n\t\t<\/a>\n\t\t<div id=\"accordion-383115847-content\" class=\"accordion-inner\" aria-labelledby=\"accordion-383115847-label\" >\n\t\t\t\n<p>Na cen\u0119 wp\u0142ywa kilka czynnik\u00f3w, m.in.:<\/p>\n<p>Z\u0142o\u017cono\u015b\u0107 cz\u0119\u015bci<br \/>\nKoszty oprzyrz\u0105dowania<br \/>\nRozmiar partii<br \/>\nTolerancje i jako\u015b\u0107 powierzchni<br \/>\nDodatkowe us\u0142ugi, takie jak anodowanie, hartowanie lub znakowanie laserowe, mog\u0105 zwi\u0119kszy\u0107 ca\u0142kowity koszt.<\/p>\n\t\t<\/div>\n\t<\/div>\n\t\n\t<div id=\"accordion-4096521081\" class=\"accordion-item\">\n\t\t<a id=\"accordion-4096521081-label\" class=\"accordion-title plain\" href=\"#accordion-item-what-affects-productivity-in-cnc-turning-services?\" aria-expanded=\"false\" aria-controls=\"accordion-4096521081-content\" >\n\t\t\t<button class=\"toggle\" aria-label=\"D\u017awignia kolankowa\"><i class=\"icon-angle-down\"><\/i><\/button>\n\t\t\t<span>Co wp\u0142ywa na produktywno\u015b\u0107 w us\u0142ugach toczenia CNC?<\/span>\n\t\t<\/a>\n\t\t<div id=\"accordion-4096521081-content\" class=\"accordion-inner\" aria-labelledby=\"accordion-4096521081-label\" >\n\t\t\t\n<p>Produktywno\u015b\u0107 zale\u017cy od wydajno\u015bci maszyny, jako\u015bci narz\u0119dzi skrawaj\u0105cych i szybkiego programowania operacji skrawania. W CNCRUSh u\u017cywamy automatycznych system\u00f3w za\u0142adunku\/roz\u0142adunku i zaawansowanego oprogramowania CNC, aby zmaksymalizowa\u0107 wydajno\u015b\u0107. Dobrze zorganizowane miejsca pracy i do\u015bwiadczony personel r\u00f3wnie\u017c odgrywaj\u0105 kluczow\u0105 rol\u0119 w optymalizacji produkcji.<\/p>\n\t\t<\/div>\n\t<\/div>\n\t\n<\/div>\n\t\t<\/div>\n\t\t\t\t\t<\/div>\n\n\t\n<\/div>\n\t\t<\/div>\n\n\t\t\n<style>\n#section_1816824394 {\n  padding-top: 10px;\n  padding-bottom: 10px;\n}\n<\/style>\n\t<\/section>\n\t\n<div class=\"row row-collapse row-full-width\"  id=\"row-234446552\">\n\n\t<div id=\"col-1575769524\" class=\"col small-12 large-12\"  >\n\t\t\t\t<div class=\"col-inner text-center dark\"  >\n\t\t\t\n\t\t\t\n\n  <div class=\"banner has-hover\" id=\"banner-1771723552\">\n          <div class=\"banner-inner fill\">\n        <div class=\"banner-bg fill\" >\n            <img loading=\"lazy\" decoding=\"async\" width=\"1020\" height=\"421\" src=\"https:\/\/cncrush.com\/wp-content\/uploads\/2024\/09\/milled-stainless-steel-background-1024x423.webp\" class=\"bg attachment-large size-large\" alt=\"\" title=\"\">                        <div class=\"overlay\"><\/div>            \n                    <\/div>\n\t\t\n        <div class=\"banner-layers container\">\n            <div class=\"fill banner-link\"><\/div>            \n   <div id=\"text-box-1124552620\" class=\"text-box banner-layer x50 md-x50 lg-x50 y50 md-y50 lg-y50 res-text\">\n                                <div class=\"text-box-content text dark\">\n              \n              <div class=\"text-inner text-center\">\n                  \n\t<div id=\"text-195265476\" class=\"text\">\n\t\t\n<h3 class=\"uppercase\">Zainteresowany? Uzyskaj bezp\u0142atn\u0105 wycen\u0119 cz\u0119\u015bci toczonych CNC ju\u017c dzi\u015b!<\/h3>\n<\/p>\n\t\t\n<style>\n#text-195265476 {\n  font-size: 0.75rem;\n}\n<\/style>\n\t<\/div>\n\t\n<a href=\"https:\/\/cncrush.com\/pl\/wyslij-zapytanie\/\" class=\"button alert\"  >\n\t\t<span>Wy\u015blij zapytanie<\/span>\n\t<\/a>\n\n              <\/div>\n           <\/div>\n                            \n<style>\n#text-box-1124552620 {\n  width: 100%;\n}\n#text-box-1124552620 .text-box-content {\n  font-size: 100%;\n}\n@media (min-width:550px) {\n  #text-box-1124552620 {\n    width: 98%;\n  }\n}\n<\/style>\n    <\/div>\n \n        <\/div>\n      <\/div>\n\n            \n<style>\n#banner-1771723552 {\n  padding-top: 99.99%;\n}\n#banner-1771723552 .overlay {\n  background-color: rgba(0, 0, 0, 0.17);\n}\n#banner-1771723552 .banner-bg img {\n  object-position: 47% 60%;\n}\n@media (min-width:550px) {\n  #banner-1771723552 {\n    padding-top: 136px;\n  }\n}\n<\/style>\n  <\/div>\n\n\n\t\t<\/div>\n\t\t\t\t\t<\/div>\n\n\t\n<\/div>","protected":false},"excerpt":{"rendered":"","protected":false},"author":1,"featured_media":0,"parent":0,"menu_order":0,"comment_status":"closed","ping_status":"closed","template":"page-blank.php","meta":{"footnotes":""},"class_list":["post-21","page","type-page","status-publish","hentry"],"_links":{"self":[{"href":"https:\/\/cncrush.com\/pl\/wp-json\/wp\/v2\/pages\/21","targetHints":{"allow":["GET"]}}],"collection":[{"href":"https:\/\/cncrush.com\/pl\/wp-json\/wp\/v2\/pages"}],"about":[{"href":"https:\/\/cncrush.com\/pl\/wp-json\/wp\/v2\/types\/page"}],"author":[{"embeddable":true,"href":"https:\/\/cncrush.com\/pl\/wp-json\/wp\/v2\/users\/1"}],"replies":[{"embeddable":true,"href":"https:\/\/cncrush.com\/pl\/wp-json\/wp\/v2\/comments?post=21"}],"version-history":[{"count":0,"href":"https:\/\/cncrush.com\/pl\/wp-json\/wp\/v2\/pages\/21\/revisions"}],"wp:attachment":[{"href":"https:\/\/cncrush.com\/pl\/wp-json\/wp\/v2\/media?parent=21"}],"curies":[{"name":"wp","href":"https:\/\/api.w.org\/{rel}","templated":true}]}}